{"id":18814,"date":"2024-06-28T12:35:31","date_gmt":"2024-06-28T10:35:31","guid":{"rendered":"https:\/\/www.facecorner.lv\/?post_type=product&#038;p=18814"},"modified":"2024-12-03T00:21:51","modified_gmt":"2024-12-02T21:21:51","slug":"root-re-boot-awakening-shampoo-red-ginseng-beer-yeast-300ml","status":"publish","type":"product","link":"https:\/\/www.facecorner.lv\/en\/shop\/root-re-boot-awakening-shampoo-red-ginseng-beer-yeast-300ml\/","title":{"rendered":"Root Re-Boot Awakening Shampoo Red Ginseng &#038; Beer Yeast 300ml"},"content":{"rendered":"<p>Lador Root Re-Boot Awakening Shampoo Red Ginseng &amp; Beer Yeast effectively cleanses the scalp, improves microcirculation, stimulates hair growth, gives shine and elasticity.<\/p>\n<p>It refreshes while washing, removes excess sebum and keratinized skin particles without drying out, great for dry scalp. Relieves symptoms of hair loss, creates an environment for the growth of healthy hair.<\/p>\n<p>Gives a pleasant fragrance thanks to the perfume composition: top notes - lime, grapefruit, bergamot, orange; heart notes - lotus, green notes; base notes - sandalwood, musk and woody notes.<\/p>\n<p><strong>Main active ingredients:<\/strong><\/p>\n<ul>\n<li>Red ginseng root extract contains saponins - substances that awaken dormant hair follicles and improve microcirculation, thus accelerating hair growth.<\/li>\n<li>Brewer's yeast extract is rich in alpha-lipoic acid and vitamins. Prevents hair loss, stimulates hair growth, moisturizes the scalp and fights irritation.<\/li>\n<li>Biotin - vitamin B7. Contains useful microelements that promote hair growth and stimulate the awakening of hair follicles. Intensively nourishes and restores hair at the roots, moisturizes the scalp and helps to heal damaged hair structure.<\/li>\n<li>Niacinamide (vitamin B3) nourishes hair follicles, soothes irritated scalp and promotes active growth. Improves microcirculation, awakens dormant bulbs, makes hair more dense and elastic.<\/li>\n<li>Panthenol (vitamin B5) stimulates intensive growth and awakening of hair follicles, prevents hair loss, moisturizes and maintains an optimal level of hydration.<\/li>\n<li>Menthol improves blood circulation and nourishment of hair follicles, thus stimulating hair growth, and normalizes the activity of sebaceous glands.<\/li>\n<li>Salicylic BHA-acid cleanses the scalp, removes sebum and dead particles, refreshes, relieves irritation and itching.<\/li>\n<\/ul>\n<p><strong>Suitable for normal to dry hair.<\/strong><\/p>\n<p><strong>How to use:<\/strong> Apply to damp scalp, massage and lather, rinse with water.<\/p>\n<p><strong>Ingredientes:\u00a0<\/strong>Water, Ammonium Laureth Sulfate, Ammonium Lauryl Sulfate, Sodium Lauryl Methylaminopropionate, Cocamidopropyl Betaine, Alcohol, Cetyl Alcohol, Menthol, Cocamide MEA, Phenoxyethanol, Sodium Benzoate, Guar Hydroxypropyltrimonium Chloride, Lauryl Alcohol, Salicylic Acid, Citric Acid, Panthenol, Ammonium Sulfate, Sodium Chloride, Malt Extract, Trihydroxystearin, Niacinamide, Polyquaternium-7,<br \/>\nDisodium EDTA, Myristyl Alcohol, Disodium Cocoyl Glutamate, Stearyl Alcohol, Cl 17200, Panax Ginseng Root Extract, Propanediol, Butylene Glycol, 1,2-Hexanediol, Cuscuta Japonica Seed Extract, Anacardium Occidentale (Cashew) Extract, Saccharomyces Cerevisiae Extract, Pisum Sativum (Pea) Peptide, Biotin, Fragrance<\/p>","protected":false},"excerpt":{"rendered":"<p>Lador Root Re-Boot Awakening Shampoo Red Ginseng &amp; Beer Yeast effectively cleanses the scalp, improves microcirculation, stimulates hair growth, gives shine and elasticity. Refreshes while washing, removes excess sebum and keratinized skin particles, does not dry out. Contains red ginseng and brewer's yeast extracts, biotin, menthol, BHA-acid, panthenol and niacinamide.<\/p>","protected":false},"featured_media":18816,"comment_status":"closed","ping_status":"closed","template":"","meta":{"site-sidebar-layout":"default","site-content-layout":"","ast-site-content-layout":"","site-content-style":"default","site-sidebar-style":"default","ast-global-header-display":"","ast-banner-title-visibility":"","ast-main-header-display":"","ast-hfb-above-header-display":"","ast-hfb-below-header-display":"","ast-hfb-mobile-header-display":"","site-post-title":"","ast-breadcrumbs-content":"","ast-featured-img":"","footer-sml-layout":"","theme-transparent-header-meta":"","adv-header-id-meta":"","stick-header-meta":"","header-above-stick-meta":"","header-main-stick-meta":"","header-below-stick-meta":"","astra-migrate-meta-layouts":"default","ast-page-background-enabled":"default","ast-page-background-meta":{"desktop":{"background-color":"var(--ast-global-color-4)","background-image":"","background-repeat":"repeat","background-position":"center center","background-size":"auto","background-attachment":"scroll","background-type":"","background-media":"","overlay-type":"","overlay-color":"","overlay-opacity":"","overlay-gradient":""},"tablet":{"background-color":"","background-image":"","background-repeat":"repeat","background-position":"center center","background-size":"auto","background-attachment":"scroll","background-type":"","background-media":"","overlay-type":"","overlay-color":"","overlay-opacity":"","overlay-gradient":""},"mobile":{"background-color":"","background-image":"","background-repeat":"repeat","background-position":"center center","background-size":"auto","background-attachment":"scroll","background-type":"","background-media":"","overlay-type":"","overlay-color":"","overlay-opacity":"","overlay-gradient":""}},"ast-content-background-meta":{"desktop":{"background-color":"var(--ast-global-color-5)","background-image":"","background-repeat":"repeat","background-position":"center center","background-size":"auto","background-attachment":"scroll","background-type":"","background-media":"","overlay-type":"","overlay-color":"","overlay-opacity":"","overlay-gradient":""},"tablet":{"background-color":"var(--ast-global-color-5)","background-image":"","background-repeat":"repeat","background-position":"center center","background-size":"auto","background-attachment":"scroll","background-type":"","background-media":"","overlay-type":"","overlay-color":"","overlay-opacity":"","overlay-gradient":""},"mobile":{"background-color":"var(--ast-global-color-5)","background-image":"","background-repeat":"repeat","background-position":"center center","background-size":"auto","background-attachment":"scroll","background-type":"","background-media":"","overlay-type":"","overlay-color":"","overlay-opacity":"","overlay-gradient":""}}},"product_brand":[],"product_cat":[330,357],"product_tag":[],"berocket_brand":[594],"class_list":{"0":"post-18814","1":"product","2":"type-product","3":"status-publish","4":"has-post-thumbnail","6":"product_cat-matiem","7":"product_cat-sampuni","8":"berocket_brand-lador","9":"desktop-align-left","10":"tablet-align-left","11":"mobile-align-left","13":"first","14":"outofstock","15":"taxable","16":"shipping-taxable","17":"purchasable","18":"product-type-simple","19":"add-to-wishlist-before_image"},"yoast_head":"<!-- This site is optimized with the Yoast SEO plugin v27.3 - https:\/\/yoast.com\/product\/yoast-seo-wordpress\/ -->\n<title>Root Re-Boot Awakening Shampoo Red Ginseng &amp; Beer Yeast 300ml - FACECORNER<\/title>\n<meta name=\"description\" content=\"Lador Root Re-Boot Awakening Shampoo Red Ginseng &amp; Beer Yeast efekt\u012bvi att\u012bra galvas \u0101du, uzlabo mikrocirkul\u0101ciju, stimul\u0113 matu aug\u0161anu.\" \/>\n<meta name=\"robots\" content=\"index, follow, max-snippet:-1, max-image-preview:large, max-video-preview:-1\" \/>\n<link rel=\"canonical\" href=\"https:\/\/www.facecorner.lv\/en\/shop\/root-re-boot-awakening-shampoo-red-ginseng-beer-yeast-300ml\/\" \/>\n<meta property=\"og:locale\" content=\"en_US\" \/>\n<meta property=\"og:type\" content=\"article\" \/>\n<meta property=\"og:title\" content=\"Root Re-Boot Awakening Shampoo Red Ginseng &amp; Beer Yeast 300ml - FACECORNER\" \/>\n<meta property=\"og:description\" content=\"Lador Root Re-Boot Awakening Shampoo Red Ginseng &amp; Beer Yeast efekt\u012bvi att\u012bra galvas \u0101du, uzlabo mikrocirkul\u0101ciju, stimul\u0113 matu aug\u0161anu.\" \/>\n<meta property=\"og:url\" content=\"https:\/\/www.facecorner.lv\/en\/shop\/root-re-boot-awakening-shampoo-red-ginseng-beer-yeast-300ml\/\" \/>\n<meta property=\"og:site_name\" content=\"FACECORNER\" \/>\n<meta property=\"article:publisher\" content=\"https:\/\/www.facebook.com\/profile.php?id=100063824551839\" \/>\n<meta property=\"article:modified_time\" content=\"2024-12-02T21:21:51+00:00\" \/>\n<meta property=\"og:image\" content=\"https:\/\/www.facecorner.lv\/wp-content\/uploads\/2024\/06\/Lador-Root-Re_Boot-Awakening-Shampoo-Red-Ginseng-_-Beer-Yeast.jpg\" \/>\n\t<meta property=\"og:image:width\" content=\"1000\" \/>\n\t<meta property=\"og:image:height\" content=\"1000\" \/>\n\t<meta property=\"og:image:type\" content=\"image\/jpeg\" \/>\n<meta name=\"twitter:card\" content=\"summary_large_image\" \/>\n<meta name=\"twitter:label1\" content=\"Price\" \/>\n\t<meta name=\"twitter:data1\" content=\"&euro;19.99\" \/>\n\t<meta name=\"twitter:label2\" content=\"Availability\" \/>\n\t<meta name=\"twitter:data2\" content=\"Out of stock\" \/>\n<script type=\"application\/ld+json\" class=\"yoast-schema-graph\">{\"@context\":\"https:\\\/\\\/schema.org\",\"@graph\":[{\"@type\":\"WebPage\",\"@id\":\"https:\\\/\\\/www.facecorner.lv\\\/shop\\\/root-re-boot-awakening-shampoo-red-ginseng-beer-yeast-300ml\\\/\",\"url\":\"https:\\\/\\\/www.facecorner.lv\\\/shop\\\/root-re-boot-awakening-shampoo-red-ginseng-beer-yeast-300ml\\\/\",\"name\":\"Root Re-Boot Awakening Shampoo Red Ginseng & Beer Yeast 300ml - FACECORNER\",\"isPartOf\":{\"@id\":\"https:\\\/\\\/www.facecorner.lv\\\/#website\"},\"primaryImageOfPage\":{\"@id\":\"https:\\\/\\\/www.facecorner.lv\\\/shop\\\/root-re-boot-awakening-shampoo-red-ginseng-beer-yeast-300ml\\\/#primaryimage\"},\"image\":{\"@id\":\"https:\\\/\\\/www.facecorner.lv\\\/shop\\\/root-re-boot-awakening-shampoo-red-ginseng-beer-yeast-300ml\\\/#primaryimage\"},\"thumbnailUrl\":\"https:\\\/\\\/www.facecorner.lv\\\/wp-content\\\/uploads\\\/2024\\\/06\\\/Lador-Root-Re_Boot-Awakening-Shampoo-Red-Ginseng-_-Beer-Yeast.jpg\",\"datePublished\":\"2024-06-28T10:35:31+00:00\",\"dateModified\":\"2024-12-02T21:21:51+00:00\",\"description\":\"Lador Root Re-Boot Awakening Shampoo Red Ginseng & Beer Yeast efekt\u012bvi att\u012bra galvas \u0101du, uzlabo mikrocirkul\u0101ciju, stimul\u0113 matu aug\u0161anu.\",\"breadcrumb\":{\"@id\":\"https:\\\/\\\/www.facecorner.lv\\\/shop\\\/root-re-boot-awakening-shampoo-red-ginseng-beer-yeast-300ml\\\/#breadcrumb\"},\"inLanguage\":\"en-US\",\"potentialAction\":[{\"@type\":\"ReadAction\",\"target\":[\"https:\\\/\\\/www.facecorner.lv\\\/shop\\\/root-re-boot-awakening-shampoo-red-ginseng-beer-yeast-300ml\\\/\"]}]},{\"@type\":\"ImageObject\",\"inLanguage\":\"en-US\",\"@id\":\"https:\\\/\\\/www.facecorner.lv\\\/shop\\\/root-re-boot-awakening-shampoo-red-ginseng-beer-yeast-300ml\\\/#primaryimage\",\"url\":\"https:\\\/\\\/www.facecorner.lv\\\/wp-content\\\/uploads\\\/2024\\\/06\\\/Lador-Root-Re_Boot-Awakening-Shampoo-Red-Ginseng-_-Beer-Yeast.jpg\",\"contentUrl\":\"https:\\\/\\\/www.facecorner.lv\\\/wp-content\\\/uploads\\\/2024\\\/06\\\/Lador-Root-Re_Boot-Awakening-Shampoo-Red-Ginseng-_-Beer-Yeast.jpg\",\"width\":1000,\"height\":1000,\"caption\":\"Root Re-Boot Awakening Shampoo Red Ginseng & Beer Yeast\"},{\"@type\":\"BreadcrumbList\",\"@id\":\"https:\\\/\\\/www.facecorner.lv\\\/shop\\\/root-re-boot-awakening-shampoo-red-ginseng-beer-yeast-300ml\\\/#breadcrumb\",\"itemListElement\":[{\"@type\":\"ListItem\",\"position\":1,\"name\":\"Home\",\"item\":\"https:\\\/\\\/www.facecorner.lv\\\/\"},{\"@type\":\"ListItem\",\"position\":2,\"name\":\"Veikals\",\"item\":\"https:\\\/\\\/www.facecorner.lv\\\/shop\\\/\"},{\"@type\":\"ListItem\",\"position\":3,\"name\":\"Root Re-Boot Awakening Shampoo Red Ginseng &#038; Beer Yeast 300ml\"}]},{\"@type\":\"WebSite\",\"@id\":\"https:\\\/\\\/www.facecorner.lv\\\/#website\",\"url\":\"https:\\\/\\\/www.facecorner.lv\\\/\",\"name\":\"Facecorner\",\"description\":\"\",\"publisher\":{\"@id\":\"https:\\\/\\\/www.facecorner.lv\\\/#organization\"},\"potentialAction\":[{\"@type\":\"SearchAction\",\"target\":{\"@type\":\"EntryPoint\",\"urlTemplate\":\"https:\\\/\\\/www.facecorner.lv\\\/?s={search_term_string}\"},\"query-input\":{\"@type\":\"PropertyValueSpecification\",\"valueRequired\":true,\"valueName\":\"search_term_string\"}}],\"inLanguage\":\"en-US\"},{\"@type\":\"Organization\",\"@id\":\"https:\\\/\\\/www.facecorner.lv\\\/#organization\",\"name\":\"Facecorner\",\"url\":\"https:\\\/\\\/www.facecorner.lv\\\/\",\"logo\":{\"@type\":\"ImageObject\",\"inLanguage\":\"en-US\",\"@id\":\"https:\\\/\\\/www.facecorner.lv\\\/#\\\/schema\\\/logo\\\/image\\\/\",\"url\":\"https:\\\/\\\/www.facecorner.lv\\\/wp-content\\\/uploads\\\/2024\\\/04\\\/fc-logo.jpg\",\"contentUrl\":\"https:\\\/\\\/www.facecorner.lv\\\/wp-content\\\/uploads\\\/2024\\\/04\\\/fc-logo.jpg\",\"width\":174,\"height\":28,\"caption\":\"Facecorner\"},\"image\":{\"@id\":\"https:\\\/\\\/www.facecorner.lv\\\/#\\\/schema\\\/logo\\\/image\\\/\"},\"sameAs\":[\"https:\\\/\\\/www.facebook.com\\\/profile.php?id=100063824551839\",\"https:\\\/\\\/www.instagram.com\\\/facecorner_shop\\\/\"]}]}<\/script>\n<meta property=\"product:price:amount\" content=\"19.99\" \/>\n<meta property=\"product:price:currency\" content=\"EUR\" \/>\n<meta property=\"og:availability\" content=\"out of stock\" \/>\n<meta property=\"product:availability\" content=\"out of stock\" \/>\n<meta property=\"product:condition\" content=\"new\" \/>\n<!-- \/ Yoast SEO plugin. -->","yoast_head_json":{"title":"Root Re-Boot Awakening Shampoo Red Ginseng & Beer Yeast 300ml - FACECORNER","description":"Lador Root Re-Boot Awakening Shampoo Red Ginseng & Beer Yeast efekt\u012bvi att\u012bra galvas \u0101du, uzlabo mikrocirkul\u0101ciju, stimul\u0113 matu aug\u0161anu.","robots":{"index":"index","follow":"follow","max-snippet":"max-snippet:-1","max-image-preview":"max-image-preview:large","max-video-preview":"max-video-preview:-1"},"canonical":"https:\/\/www.facecorner.lv\/en\/shop\/root-re-boot-awakening-shampoo-red-ginseng-beer-yeast-300ml\/","og_locale":"en_US","og_type":"article","og_title":"Root Re-Boot Awakening Shampoo Red Ginseng & Beer Yeast 300ml - FACECORNER","og_description":"Lador Root Re-Boot Awakening Shampoo Red Ginseng & Beer Yeast efekt\u012bvi att\u012bra galvas \u0101du, uzlabo mikrocirkul\u0101ciju, stimul\u0113 matu aug\u0161anu.","og_url":"https:\/\/www.facecorner.lv\/en\/shop\/root-re-boot-awakening-shampoo-red-ginseng-beer-yeast-300ml\/","og_site_name":"FACECORNER","article_publisher":"https:\/\/www.facebook.com\/profile.php?id=100063824551839","article_modified_time":"2024-12-02T21:21:51+00:00","og_image":[{"width":1000,"height":1000,"url":"https:\/\/www.facecorner.lv\/wp-content\/uploads\/2024\/06\/Lador-Root-Re_Boot-Awakening-Shampoo-Red-Ginseng-_-Beer-Yeast.jpg","type":"image\/jpeg"}],"twitter_card":"summary_large_image","twitter_misc":{"Price":"&euro;19.99","Availability":"Out of stock"},"schema":{"@context":"https:\/\/schema.org","@graph":[{"@type":"WebPage","@id":"https:\/\/www.facecorner.lv\/shop\/root-re-boot-awakening-shampoo-red-ginseng-beer-yeast-300ml\/","url":"https:\/\/www.facecorner.lv\/shop\/root-re-boot-awakening-shampoo-red-ginseng-beer-yeast-300ml\/","name":"Root Re-Boot Awakening Shampoo Red Ginseng & Beer Yeast 300ml - FACECORNER","isPartOf":{"@id":"https:\/\/www.facecorner.lv\/#website"},"primaryImageOfPage":{"@id":"https:\/\/www.facecorner.lv\/shop\/root-re-boot-awakening-shampoo-red-ginseng-beer-yeast-300ml\/#primaryimage"},"image":{"@id":"https:\/\/www.facecorner.lv\/shop\/root-re-boot-awakening-shampoo-red-ginseng-beer-yeast-300ml\/#primaryimage"},"thumbnailUrl":"https:\/\/www.facecorner.lv\/wp-content\/uploads\/2024\/06\/Lador-Root-Re_Boot-Awakening-Shampoo-Red-Ginseng-_-Beer-Yeast.jpg","datePublished":"2024-06-28T10:35:31+00:00","dateModified":"2024-12-02T21:21:51+00:00","description":"Lador Root Re-Boot Awakening Shampoo Red Ginseng & Beer Yeast efekt\u012bvi att\u012bra galvas \u0101du, uzlabo mikrocirkul\u0101ciju, stimul\u0113 matu aug\u0161anu.","breadcrumb":{"@id":"https:\/\/www.facecorner.lv\/shop\/root-re-boot-awakening-shampoo-red-ginseng-beer-yeast-300ml\/#breadcrumb"},"inLanguage":"en-US","potentialAction":[{"@type":"ReadAction","target":["https:\/\/www.facecorner.lv\/shop\/root-re-boot-awakening-shampoo-red-ginseng-beer-yeast-300ml\/"]}]},{"@type":"ImageObject","inLanguage":"en-US","@id":"https:\/\/www.facecorner.lv\/shop\/root-re-boot-awakening-shampoo-red-ginseng-beer-yeast-300ml\/#primaryimage","url":"https:\/\/www.facecorner.lv\/wp-content\/uploads\/2024\/06\/Lador-Root-Re_Boot-Awakening-Shampoo-Red-Ginseng-_-Beer-Yeast.jpg","contentUrl":"https:\/\/www.facecorner.lv\/wp-content\/uploads\/2024\/06\/Lador-Root-Re_Boot-Awakening-Shampoo-Red-Ginseng-_-Beer-Yeast.jpg","width":1000,"height":1000,"caption":"Root Re-Boot Awakening Shampoo Red Ginseng & Beer Yeast"},{"@type":"BreadcrumbList","@id":"https:\/\/www.facecorner.lv\/shop\/root-re-boot-awakening-shampoo-red-ginseng-beer-yeast-300ml\/#breadcrumb","itemListElement":[{"@type":"ListItem","position":1,"name":"Home","item":"https:\/\/www.facecorner.lv\/"},{"@type":"ListItem","position":2,"name":"Veikals","item":"https:\/\/www.facecorner.lv\/shop\/"},{"@type":"ListItem","position":3,"name":"Root Re-Boot Awakening Shampoo Red Ginseng &#038; Beer Yeast 300ml"}]},{"@type":"WebSite","@id":"https:\/\/www.facecorner.lv\/#website","url":"https:\/\/www.facecorner.lv\/","name":"Facecorner","description":"","publisher":{"@id":"https:\/\/www.facecorner.lv\/#organization"},"potentialAction":[{"@type":"SearchAction","target":{"@type":"EntryPoint","urlTemplate":"https:\/\/www.facecorner.lv\/?s={search_term_string}"},"query-input":{"@type":"PropertyValueSpecification","valueRequired":true,"valueName":"search_term_string"}}],"inLanguage":"en-US"},{"@type":"Organization","@id":"https:\/\/www.facecorner.lv\/#organization","name":"Facecorner","url":"https:\/\/www.facecorner.lv\/","logo":{"@type":"ImageObject","inLanguage":"en-US","@id":"https:\/\/www.facecorner.lv\/#\/schema\/logo\/image\/","url":"https:\/\/www.facecorner.lv\/wp-content\/uploads\/2024\/04\/fc-logo.jpg","contentUrl":"https:\/\/www.facecorner.lv\/wp-content\/uploads\/2024\/04\/fc-logo.jpg","width":174,"height":28,"caption":"Facecorner"},"image":{"@id":"https:\/\/www.facecorner.lv\/#\/schema\/logo\/image\/"},"sameAs":["https:\/\/www.facebook.com\/profile.php?id=100063824551839","https:\/\/www.instagram.com\/facecorner_shop\/"]}]},"product_price_amount":"19.99","product_price_currency":"EUR","og_availability":"out of stock","product_availability":"out of stock","product_condition":"new"},"_links":{"self":[{"href":"https:\/\/www.facecorner.lv\/en\/wp-json\/wp\/v2\/product\/18814","targetHints":{"allow":["GET"]}}],"collection":[{"href":"https:\/\/www.facecorner.lv\/en\/wp-json\/wp\/v2\/product"}],"about":[{"href":"https:\/\/www.facecorner.lv\/en\/wp-json\/wp\/v2\/types\/product"}],"replies":[{"embeddable":true,"href":"https:\/\/www.facecorner.lv\/en\/wp-json\/wp\/v2\/comments?post=18814"}],"wp:featuredmedia":[{"embeddable":true,"href":"https:\/\/www.facecorner.lv\/en\/wp-json\/wp\/v2\/media\/18816"}],"wp:attachment":[{"href":"https:\/\/www.facecorner.lv\/en\/wp-json\/wp\/v2\/media?parent=18814"}],"wp:term":[{"taxonomy":"product_brand","embeddable":true,"href":"https:\/\/www.facecorner.lv\/en\/wp-json\/wp\/v2\/product_brand?post=18814"},{"taxonomy":"product_cat","embeddable":true,"href":"https:\/\/www.facecorner.lv\/en\/wp-json\/wp\/v2\/product_cat?post=18814"},{"taxonomy":"product_tag","embeddable":true,"href":"https:\/\/www.facecorner.lv\/en\/wp-json\/wp\/v2\/product_tag?post=18814"},{"taxonomy":"berocket_brand","embeddable":true,"href":"https:\/\/www.facecorner.lv\/en\/wp-json\/wp\/v2\/berocket_brand?post=18814"}],"curies":[{"name":"wp","href":"https:\/\/api.w.org\/{rel}","templated":true}]}}