{"id":18808,"date":"2024-06-28T11:03:38","date_gmt":"2024-06-28T09:03:38","guid":{"rendered":"https:\/\/www.facecorner.lv\/?post_type=product&#038;p=18808"},"modified":"2025-07-11T15:52:33","modified_gmt":"2025-07-11T12:52:33","slug":"lador-root-re-boot-vitalizing-shampoo-propolis-citron-300ml","status":"publish","type":"product","link":"https:\/\/www.facecorner.lv\/en\/shop\/lador-root-re-boot-vitalizing-shampoo-propolis-citron-300ml\/","title":{"rendered":"Lador Root Re-Boot Vitalizing Shampoo Propolis &#038; Citron 300ml"},"content":{"rendered":"<p>Lador Root Re-Boot Vitalizing Shampoo Propolis &amp; Citron gently rinses away impurities, excess sebum and keratinized particles while refreshing and pleasantly cooling during washing. Great for dry scalp.<\/p>\n<p>It moisturizes and nourishes, prevents dandruff caused by dryness. It promotes growth, reduces symptoms of hair loss, strengthens hair, makes it strong and shiny. Forms a moisture barrier on the surface of the hair, preventing dryness and breakage.<\/p>\n<p>Gives a pleasant citrusy aroma: top notes - grapefruit, lemon, orange, lime, black currant leaf; heart notes - green and aquatic notes; base notes - musk, amber.<\/p>\n<p><strong>Main active ingredients:<\/strong><\/p>\n<ul>\n<li>Extracts of propolis, honey and royal jelly intensively nourish the scalp, have anti-inflammatory and antibacterial action, replenish the lack of moisture and prevent its evaporation.<\/li>\n<li>Yuzu extract stimulates cell renewal, softens the skin, slows down the aging process and provides antioxidant protection.<\/li>\n<li>Panthenol (vitamin B5) stimulates intensive growth and awakening of hair follicles, prevents hair loss, moisturizes and maintains an optimal level of hydration.<\/li>\n<li>Salicylic BHA-acid cleanses the scalp, removes sebum and dead particles, refreshes, relieves irritation and itching.<\/li>\n<li>Malt extract contains beneficial minerals and B vitamins. Prevents hair loss, stimulates hair follicles.<\/li>\n<li>Ascorbic acid - a form of vitamin C, which has a powerful antioxidant effect and stimulates the growth of healthy hair, gently removes impurities.<\/li>\n<li>Niacinamide (vitamin B3) nourishes hair follicles, soothes irritated scalp and promotes active growth. Improves microcirculation, awakens dormant bulbs, makes hair more dense and elastic.<\/li>\n<\/ul>\n<p><strong>Suitable for normal and dry scalp.<\/strong><\/p>\n<p><strong>How to use:<\/strong> apply the shampoo to a wet scalp, spread with massaging movements and rinse with water.<\/p>\n<p><strong>Ingredientes:\u00a0<\/strong>Water, Ammonium Laureth Sulfate, Ammonium Lauryl Sulfate, Sodium Lauryl Methylaminopropionate, Cocamidopropyl Betaine, Alcohol, Cetyl Alcohol, Menthol, Cocamide MEA, Phenoxyethanol, Sodium Benzoate, Guar Hydroxypropyltrimonium Chloride, Lauryl Alcohol, Salicylic Acid, Citric Acid, Panthenol, Ammonium Sulfate, Sodium Chloride, Malt Extract, Trihydroxystearin, Niacinamide, Polyquaternium-7,<br \/>\nDisodium EDTA, Cl 19140, Myristyl Alcohol, Disodium Cocoyl Glutamate, Stearyl Alcohol, Ascorbic Acid, Glycerin, Butylene Glycol, 1,2-Hexanediol, Royal Jelly Extract, Terminalia Ferdinandiana Fruit Extract, Propolis Extract, Honey Extract, Citrus Junos Fruit Extract, Fragrance, Limonene, Linalool, Benzyl Benzoate<\/p>","protected":false},"excerpt":{"rendered":"<p>Lador Root Re-Boot Vitalizing Shampoo Propolis &amp; Citron gently washes away impurities, excess sebum and keratinized skin particles while refreshing and pleasantly cooling during washing. Moisturizes and nourishes the scalp, prevents the appearance of dandruff caused by dryness. Strengthens hair, makes it strong and shiny. Contains propolis, honey, royal jelly and yuzu extracts, as well as panthenol, BHA-acid, malt extract and vitamin C. It has a citrus fragrance.<\/p>","protected":false},"featured_media":18809,"comment_status":"open","ping_status":"closed","template":"","meta":{"site-sidebar-layout":"default","site-content-layout":"","ast-site-content-layout":"","site-content-style":"default","site-sidebar-style":"default","ast-global-header-display":"","ast-banner-title-visibility":"","ast-main-header-display":"","ast-hfb-above-header-display":"","ast-hfb-below-header-display":"","ast-hfb-mobile-header-display":"","site-post-title":"","ast-breadcrumbs-content":"","ast-featured-img":"","footer-sml-layout":"","theme-transparent-header-meta":"","adv-header-id-meta":"","stick-header-meta":"","header-above-stick-meta":"","header-main-stick-meta":"","header-below-stick-meta":"","astra-migrate-meta-layouts":"default","ast-page-background-enabled":"default","ast-page-background-meta":{"desktop":{"background-color":"var(--ast-global-color-4)","background-image":"","background-repeat":"repeat","background-position":"center center","background-size":"auto","background-attachment":"scroll","background-type":"","background-media":"","overlay-type":"","overlay-color":"","overlay-opacity":"","overlay-gradient":""},"tablet":{"background-color":"","background-image":"","background-repeat":"repeat","background-position":"center center","background-size":"auto","background-attachment":"scroll","background-type":"","background-media":"","overlay-type":"","overlay-color":"","overlay-opacity":"","overlay-gradient":""},"mobile":{"background-color":"","background-image":"","background-repeat":"repeat","background-position":"center center","background-size":"auto","background-attachment":"scroll","background-type":"","background-media":"","overlay-type":"","overlay-color":"","overlay-opacity":"","overlay-gradient":""}},"ast-content-background-meta":{"desktop":{"background-color":"var(--ast-global-color-5)","background-image":"","background-repeat":"repeat","background-position":"center center","background-size":"auto","background-attachment":"scroll","background-type":"","background-media":"","overlay-type":"","overlay-color":"","overlay-opacity":"","overlay-gradient":""},"tablet":{"background-color":"var(--ast-global-color-5)","background-image":"","background-repeat":"repeat","background-position":"center center","background-size":"auto","background-attachment":"scroll","background-type":"","background-media":"","overlay-type":"","overlay-color":"","overlay-opacity":"","overlay-gradient":""},"mobile":{"background-color":"var(--ast-global-color-5)","background-image":"","background-repeat":"repeat","background-position":"center center","background-size":"auto","background-attachment":"scroll","background-type":"","background-media":"","overlay-type":"","overlay-color":"","overlay-opacity":"","overlay-gradient":""}}},"product_brand":[],"product_cat":[330,357],"product_tag":[],"berocket_brand":[594],"class_list":{"0":"post-18808","1":"product","2":"type-product","3":"status-publish","4":"has-post-thumbnail","6":"product_cat-matiem","7":"product_cat-sampuni","8":"berocket_brand-lador","9":"desktop-align-left","10":"tablet-align-left","11":"mobile-align-left","13":"first","14":"outofstock","15":"taxable","16":"shipping-taxable","17":"purchasable","18":"product-type-simple","19":"add-to-wishlist-before_image"},"yoast_head":"<!-- This site is optimized with the Yoast SEO plugin v27.4 - https:\/\/yoast.com\/product\/yoast-seo-wordpress\/ -->\n<title>Lador Root Re-Boot Vitalizing Shampoo Propolis &amp; Citron 300ml - FACECORNER<\/title>\n<meta name=\"description\" content=\"Lador Root Re-Boot Vitalizing Shampoo Propolis &amp; Citron maigi nomazg\u0101 net\u012brumus, lieko sebumu un keratiniz\u0113tas \u0101das da\u013ci\u0146as.\" \/>\n<meta name=\"robots\" content=\"index, follow, max-snippet:-1, max-image-preview:large, max-video-preview:-1\" \/>\n<link rel=\"canonical\" href=\"https:\/\/www.facecorner.lv\/en\/shop\/lador-root-re-boot-vitalizing-shampoo-propolis-citron-300ml\/\" \/>\n<meta property=\"og:locale\" content=\"en_US\" \/>\n<meta property=\"og:type\" content=\"article\" \/>\n<meta property=\"og:title\" content=\"Lador Root Re-Boot Vitalizing Shampoo Propolis &amp; Citron 300ml - FACECORNER\" \/>\n<meta property=\"og:description\" content=\"Lador Root Re-Boot Vitalizing Shampoo Propolis &amp; Citron maigi nomazg\u0101 net\u012brumus, lieko sebumu un keratiniz\u0113tas \u0101das da\u013ci\u0146as.\" \/>\n<meta property=\"og:url\" content=\"https:\/\/www.facecorner.lv\/en\/shop\/lador-root-re-boot-vitalizing-shampoo-propolis-citron-300ml\/\" \/>\n<meta property=\"og:site_name\" content=\"FACECORNER\" \/>\n<meta property=\"article:publisher\" content=\"https:\/\/www.facebook.com\/profile.php?id=100063824551839\" \/>\n<meta property=\"article:modified_time\" content=\"2025-07-11T12:52:33+00:00\" \/>\n<meta property=\"og:image\" content=\"https:\/\/www.facecorner.lv\/wp-content\/uploads\/2024\/06\/shampun-dlya-sukhoj-kozhi-lador-root-re-boot-vitalizing-shampoo-propolis-800x800-1.jpg\" \/>\n\t<meta property=\"og:image:width\" content=\"800\" \/>\n\t<meta property=\"og:image:height\" content=\"800\" \/>\n\t<meta property=\"og:image:type\" content=\"image\/jpeg\" \/>\n<meta name=\"twitter:card\" content=\"summary_large_image\" \/>\n<meta name=\"twitter:label1\" content=\"Price\" \/>\n\t<meta name=\"twitter:data1\" content=\"&euro;19.99\" \/>\n\t<meta name=\"twitter:label2\" content=\"Availability\" \/>\n\t<meta name=\"twitter:data2\" content=\"Out of stock\" \/>\n<script type=\"application\/ld+json\" class=\"yoast-schema-graph\">{\"@context\":\"https:\\\/\\\/schema.org\",\"@graph\":[{\"@type\":\"WebPage\",\"@id\":\"https:\\\/\\\/www.facecorner.lv\\\/shop\\\/lador-root-re-boot-vitalizing-shampoo-propolis-citron-300ml\\\/\",\"url\":\"https:\\\/\\\/www.facecorner.lv\\\/shop\\\/lador-root-re-boot-vitalizing-shampoo-propolis-citron-300ml\\\/\",\"name\":\"Lador Root Re-Boot Vitalizing Shampoo Propolis & Citron 300ml - FACECORNER\",\"isPartOf\":{\"@id\":\"https:\\\/\\\/www.facecorner.lv\\\/#website\"},\"primaryImageOfPage\":{\"@id\":\"https:\\\/\\\/www.facecorner.lv\\\/shop\\\/lador-root-re-boot-vitalizing-shampoo-propolis-citron-300ml\\\/#primaryimage\"},\"image\":{\"@id\":\"https:\\\/\\\/www.facecorner.lv\\\/shop\\\/lador-root-re-boot-vitalizing-shampoo-propolis-citron-300ml\\\/#primaryimage\"},\"thumbnailUrl\":\"https:\\\/\\\/www.facecorner.lv\\\/wp-content\\\/uploads\\\/2024\\\/06\\\/shampun-dlya-sukhoj-kozhi-lador-root-re-boot-vitalizing-shampoo-propolis-800x800-1.jpg\",\"datePublished\":\"2024-06-28T09:03:38+00:00\",\"dateModified\":\"2025-07-11T12:52:33+00:00\",\"description\":\"Lador Root Re-Boot Vitalizing Shampoo Propolis & Citron maigi nomazg\u0101 net\u012brumus, lieko sebumu un keratiniz\u0113tas \u0101das da\u013ci\u0146as.\",\"breadcrumb\":{\"@id\":\"https:\\\/\\\/www.facecorner.lv\\\/shop\\\/lador-root-re-boot-vitalizing-shampoo-propolis-citron-300ml\\\/#breadcrumb\"},\"inLanguage\":\"en-US\",\"potentialAction\":[{\"@type\":\"ReadAction\",\"target\":[\"https:\\\/\\\/www.facecorner.lv\\\/shop\\\/lador-root-re-boot-vitalizing-shampoo-propolis-citron-300ml\\\/\"]}]},{\"@type\":\"ImageObject\",\"inLanguage\":\"en-US\",\"@id\":\"https:\\\/\\\/www.facecorner.lv\\\/shop\\\/lador-root-re-boot-vitalizing-shampoo-propolis-citron-300ml\\\/#primaryimage\",\"url\":\"https:\\\/\\\/www.facecorner.lv\\\/wp-content\\\/uploads\\\/2024\\\/06\\\/shampun-dlya-sukhoj-kozhi-lador-root-re-boot-vitalizing-shampoo-propolis-800x800-1.jpg\",\"contentUrl\":\"https:\\\/\\\/www.facecorner.lv\\\/wp-content\\\/uploads\\\/2024\\\/06\\\/shampun-dlya-sukhoj-kozhi-lador-root-re-boot-vitalizing-shampoo-propolis-800x800-1.jpg\",\"width\":800,\"height\":800,\"caption\":\"Lador Root Re-Boot Vitalizing Shampoo Propolis & Citron\"},{\"@type\":\"BreadcrumbList\",\"@id\":\"https:\\\/\\\/www.facecorner.lv\\\/shop\\\/lador-root-re-boot-vitalizing-shampoo-propolis-citron-300ml\\\/#breadcrumb\",\"itemListElement\":[{\"@type\":\"ListItem\",\"position\":1,\"name\":\"Home\",\"item\":\"https:\\\/\\\/www.facecorner.lv\\\/\"},{\"@type\":\"ListItem\",\"position\":2,\"name\":\"Veikals\",\"item\":\"https:\\\/\\\/www.facecorner.lv\\\/shop\\\/\"},{\"@type\":\"ListItem\",\"position\":3,\"name\":\"Lador Root Re-Boot Vitalizing Shampoo Propolis &#038; Citron 300ml\"}]},{\"@type\":\"WebSite\",\"@id\":\"https:\\\/\\\/www.facecorner.lv\\\/#website\",\"url\":\"https:\\\/\\\/www.facecorner.lv\\\/\",\"name\":\"Facecorner\",\"description\":\"\",\"publisher\":{\"@id\":\"https:\\\/\\\/www.facecorner.lv\\\/#organization\"},\"potentialAction\":[{\"@type\":\"SearchAction\",\"target\":{\"@type\":\"EntryPoint\",\"urlTemplate\":\"https:\\\/\\\/www.facecorner.lv\\\/?s={search_term_string}\"},\"query-input\":{\"@type\":\"PropertyValueSpecification\",\"valueRequired\":true,\"valueName\":\"search_term_string\"}}],\"inLanguage\":\"en-US\"},{\"@type\":\"Organization\",\"@id\":\"https:\\\/\\\/www.facecorner.lv\\\/#organization\",\"name\":\"Facecorner\",\"url\":\"https:\\\/\\\/www.facecorner.lv\\\/\",\"logo\":{\"@type\":\"ImageObject\",\"inLanguage\":\"en-US\",\"@id\":\"https:\\\/\\\/www.facecorner.lv\\\/#\\\/schema\\\/logo\\\/image\\\/\",\"url\":\"https:\\\/\\\/www.facecorner.lv\\\/wp-content\\\/uploads\\\/2024\\\/04\\\/fc-logo.jpg\",\"contentUrl\":\"https:\\\/\\\/www.facecorner.lv\\\/wp-content\\\/uploads\\\/2024\\\/04\\\/fc-logo.jpg\",\"width\":174,\"height\":28,\"caption\":\"Facecorner\"},\"image\":{\"@id\":\"https:\\\/\\\/www.facecorner.lv\\\/#\\\/schema\\\/logo\\\/image\\\/\"},\"sameAs\":[\"https:\\\/\\\/www.facebook.com\\\/profile.php?id=100063824551839\",\"https:\\\/\\\/www.instagram.com\\\/facecorner_shop\\\/\"]}]}<\/script>\n<meta property=\"product:price:amount\" content=\"19.99\" \/>\n<meta property=\"product:price:currency\" content=\"EUR\" \/>\n<meta property=\"og:availability\" content=\"out of stock\" \/>\n<meta property=\"product:availability\" content=\"out of stock\" \/>\n<meta property=\"product:condition\" content=\"new\" \/>\n<!-- \/ Yoast SEO plugin. -->","yoast_head_json":{"title":"Lador Root Re-Boot Vitalizing Shampoo Propolis & Citron 300ml - FACECORNER","description":"Lador Root Re-Boot Vitalizing Shampoo Propolis & Citron maigi nomazg\u0101 net\u012brumus, lieko sebumu un keratiniz\u0113tas \u0101das da\u013ci\u0146as.","robots":{"index":"index","follow":"follow","max-snippet":"max-snippet:-1","max-image-preview":"max-image-preview:large","max-video-preview":"max-video-preview:-1"},"canonical":"https:\/\/www.facecorner.lv\/en\/shop\/lador-root-re-boot-vitalizing-shampoo-propolis-citron-300ml\/","og_locale":"en_US","og_type":"article","og_title":"Lador Root Re-Boot Vitalizing Shampoo Propolis & Citron 300ml - FACECORNER","og_description":"Lador Root Re-Boot Vitalizing Shampoo Propolis & Citron maigi nomazg\u0101 net\u012brumus, lieko sebumu un keratiniz\u0113tas \u0101das da\u013ci\u0146as.","og_url":"https:\/\/www.facecorner.lv\/en\/shop\/lador-root-re-boot-vitalizing-shampoo-propolis-citron-300ml\/","og_site_name":"FACECORNER","article_publisher":"https:\/\/www.facebook.com\/profile.php?id=100063824551839","article_modified_time":"2025-07-11T12:52:33+00:00","og_image":[{"width":800,"height":800,"url":"https:\/\/www.facecorner.lv\/wp-content\/uploads\/2024\/06\/shampun-dlya-sukhoj-kozhi-lador-root-re-boot-vitalizing-shampoo-propolis-800x800-1.jpg","type":"image\/jpeg"}],"twitter_card":"summary_large_image","twitter_misc":{"Price":"&euro;19.99","Availability":"Out of stock"},"schema":{"@context":"https:\/\/schema.org","@graph":[{"@type":"WebPage","@id":"https:\/\/www.facecorner.lv\/shop\/lador-root-re-boot-vitalizing-shampoo-propolis-citron-300ml\/","url":"https:\/\/www.facecorner.lv\/shop\/lador-root-re-boot-vitalizing-shampoo-propolis-citron-300ml\/","name":"Lador Root Re-Boot Vitalizing Shampoo Propolis & Citron 300ml - FACECORNER","isPartOf":{"@id":"https:\/\/www.facecorner.lv\/#website"},"primaryImageOfPage":{"@id":"https:\/\/www.facecorner.lv\/shop\/lador-root-re-boot-vitalizing-shampoo-propolis-citron-300ml\/#primaryimage"},"image":{"@id":"https:\/\/www.facecorner.lv\/shop\/lador-root-re-boot-vitalizing-shampoo-propolis-citron-300ml\/#primaryimage"},"thumbnailUrl":"https:\/\/www.facecorner.lv\/wp-content\/uploads\/2024\/06\/shampun-dlya-sukhoj-kozhi-lador-root-re-boot-vitalizing-shampoo-propolis-800x800-1.jpg","datePublished":"2024-06-28T09:03:38+00:00","dateModified":"2025-07-11T12:52:33+00:00","description":"Lador Root Re-Boot Vitalizing Shampoo Propolis & Citron maigi nomazg\u0101 net\u012brumus, lieko sebumu un keratiniz\u0113tas \u0101das da\u013ci\u0146as.","breadcrumb":{"@id":"https:\/\/www.facecorner.lv\/shop\/lador-root-re-boot-vitalizing-shampoo-propolis-citron-300ml\/#breadcrumb"},"inLanguage":"en-US","potentialAction":[{"@type":"ReadAction","target":["https:\/\/www.facecorner.lv\/shop\/lador-root-re-boot-vitalizing-shampoo-propolis-citron-300ml\/"]}]},{"@type":"ImageObject","inLanguage":"en-US","@id":"https:\/\/www.facecorner.lv\/shop\/lador-root-re-boot-vitalizing-shampoo-propolis-citron-300ml\/#primaryimage","url":"https:\/\/www.facecorner.lv\/wp-content\/uploads\/2024\/06\/shampun-dlya-sukhoj-kozhi-lador-root-re-boot-vitalizing-shampoo-propolis-800x800-1.jpg","contentUrl":"https:\/\/www.facecorner.lv\/wp-content\/uploads\/2024\/06\/shampun-dlya-sukhoj-kozhi-lador-root-re-boot-vitalizing-shampoo-propolis-800x800-1.jpg","width":800,"height":800,"caption":"Lador Root Re-Boot Vitalizing Shampoo Propolis & Citron"},{"@type":"BreadcrumbList","@id":"https:\/\/www.facecorner.lv\/shop\/lador-root-re-boot-vitalizing-shampoo-propolis-citron-300ml\/#breadcrumb","itemListElement":[{"@type":"ListItem","position":1,"name":"Home","item":"https:\/\/www.facecorner.lv\/"},{"@type":"ListItem","position":2,"name":"Veikals","item":"https:\/\/www.facecorner.lv\/shop\/"},{"@type":"ListItem","position":3,"name":"Lador Root Re-Boot Vitalizing Shampoo Propolis &#038; Citron 300ml"}]},{"@type":"WebSite","@id":"https:\/\/www.facecorner.lv\/#website","url":"https:\/\/www.facecorner.lv\/","name":"Facecorner","description":"","publisher":{"@id":"https:\/\/www.facecorner.lv\/#organization"},"potentialAction":[{"@type":"SearchAction","target":{"@type":"EntryPoint","urlTemplate":"https:\/\/www.facecorner.lv\/?s={search_term_string}"},"query-input":{"@type":"PropertyValueSpecification","valueRequired":true,"valueName":"search_term_string"}}],"inLanguage":"en-US"},{"@type":"Organization","@id":"https:\/\/www.facecorner.lv\/#organization","name":"Facecorner","url":"https:\/\/www.facecorner.lv\/","logo":{"@type":"ImageObject","inLanguage":"en-US","@id":"https:\/\/www.facecorner.lv\/#\/schema\/logo\/image\/","url":"https:\/\/www.facecorner.lv\/wp-content\/uploads\/2024\/04\/fc-logo.jpg","contentUrl":"https:\/\/www.facecorner.lv\/wp-content\/uploads\/2024\/04\/fc-logo.jpg","width":174,"height":28,"caption":"Facecorner"},"image":{"@id":"https:\/\/www.facecorner.lv\/#\/schema\/logo\/image\/"},"sameAs":["https:\/\/www.facebook.com\/profile.php?id=100063824551839","https:\/\/www.instagram.com\/facecorner_shop\/"]}]},"product_price_amount":"19.99","product_price_currency":"EUR","og_availability":"out of stock","product_availability":"out of stock","product_condition":"new"},"_links":{"self":[{"href":"https:\/\/www.facecorner.lv\/en\/wp-json\/wp\/v2\/product\/18808","targetHints":{"allow":["GET"]}}],"collection":[{"href":"https:\/\/www.facecorner.lv\/en\/wp-json\/wp\/v2\/product"}],"about":[{"href":"https:\/\/www.facecorner.lv\/en\/wp-json\/wp\/v2\/types\/product"}],"replies":[{"embeddable":true,"href":"https:\/\/www.facecorner.lv\/en\/wp-json\/wp\/v2\/comments?post=18808"}],"wp:featuredmedia":[{"embeddable":true,"href":"https:\/\/www.facecorner.lv\/en\/wp-json\/wp\/v2\/media\/18809"}],"wp:attachment":[{"href":"https:\/\/www.facecorner.lv\/en\/wp-json\/wp\/v2\/media?parent=18808"}],"wp:term":[{"taxonomy":"product_brand","embeddable":true,"href":"https:\/\/www.facecorner.lv\/en\/wp-json\/wp\/v2\/product_brand?post=18808"},{"taxonomy":"product_cat","embeddable":true,"href":"https:\/\/www.facecorner.lv\/en\/wp-json\/wp\/v2\/product_cat?post=18808"},{"taxonomy":"product_tag","embeddable":true,"href":"https:\/\/www.facecorner.lv\/en\/wp-json\/wp\/v2\/product_tag?post=18808"},{"taxonomy":"berocket_brand","embeddable":true,"href":"https:\/\/www.facecorner.lv\/en\/wp-json\/wp\/v2\/berocket_brand?post=18808"}],"curies":[{"name":"wp","href":"https:\/\/api.w.org\/{rel}","templated":true}]}}