{"id":17283,"date":"2024-06-10T21:46:19","date_gmt":"2024-06-10T19:46:19","guid":{"rendered":"https:\/\/www.facecorner.lv\/?post_type=product&#038;p=17283"},"modified":"2024-12-02T23:22:09","modified_gmt":"2024-12-02T20:22:09","slug":"some-by-mi-yuja-niacin-brightening-100ml","status":"publish","type":"product","link":"https:\/\/www.facecorner.lv\/en\/shop\/some-by-mi-yuja-niacin-brightening-100ml\/","title":{"rendered":"Some By Mi Yuja Niacin Brightening 100ml"},"content":{"rendered":"<p>Some By Mi Yuja Niacin Brightening All-In-One Cleanser removes makeup residue, excessive oiliness, dead skin particles and other impurities, smooths skin texture and leaves skin feeling moisturized. Regular use helps to reduce the appearance of age spots and uneven skin tone, and enhances the effect of other skin brightening products. The mildly acidic formula does not compromise healthy pH, great for dull skin with post-acne. It contains 12% yuzu extract, niacinamide, succinic acid, PHA acid, vitamin C, panthenol, vitamin complex and 5 types of hyaluronic acid.<\/p>\n<p>Regular use of the gel helps to reduce the appearance of hyperpigmentation and uneven tone, enhances the effect of other brightening products in the care. Reduces freckles, acne marks, signs of photo-aging and other age spots, gives a healthy glow. Great for dull skin with post-acne.<\/p>\n<p>Low-acid formula does not disturb healthy pH, does not cause a feeling of dryness and tightness after cleansing. Excellent toner, gives an invigorating aroma of yuzu during washing.<\/p>\n<p>Contains 12% yuzu extract, a component rich in vitamin C at a concentration 3 times higher than that of lemon. Yuzu fights the process of glycation, i.e. \u201cgluing\u201d of collagen fibers, and also has an antioxidant effect, thus prolonging the youthfulness of the skin.<\/p>\n<p>Niacinamide or vitamin B3 in the composition strengthens the natural protective barrier, stimulates collagen production, prevents the formation of pigmentation and evens out the tone.<\/p>\n<p><strong>How to use:<\/strong> Lather the gel in the palms of your hands, apply to damp face, spread and rinse off with water.<\/p>\n<p><strong>Ingredientes:<\/strong>: <span style=\"color: var(--g5-color-text-main); font-family: var(--g5-body-font); font-size: var(--g5-body-font-size); font-style: var(--g5-body-font-style); letter-spacing: var(--g5-body-letter-spacing); text-transform: var(--g5-body-text-transform);\">Water, Sodium C14-16 Olefin Sulfonate, Citrus Junos Fruit Extract (11%), Cocamidopropyl Betaine, Acrylates Copolymer, 1,2-Hexanediol, Gluconolactone, Tetradecene, Sodium Chloride, Glycerin, Hexadecene, Saccharide Isomerate, Caprylyl Glycol, Xanthan Gum, Sodium Citrate, Citric Acid, Niacinamide, Propanediol, Sodium Hyaluronate, 3-0-Ethyl Ascorbic Acid, Succinic Acid, Hydrolyzed Hyaluronic Acid, Sodium Hyaluronate Crosspolymer, Eriobotrya Japonica Leaf Extract, Hydrogenated Lecithin, Hydrolyzed Glycosaminoglycans, Polyglyceryl-10 Stearate, Panthenol, Mentha Viridis (Spearmint) Extract, Sodium Acetylated Hyaluronate, Benzyl Glycol, Sodium Ascorbyl Phosphate, Ethylhexylglycerin, Biotin, Pyridoxine, Folic Acid, Hyaluronic Acid, Raspberry Ketone, Tocopherol, Cyanocobalamin, Linoleic Acid, Thiamine HCL, Inositol, Riboflavin, Beta-Carotene, Disodium EDTA, Fragrance, Limonene, Linalool.<\/span><\/p>","protected":false},"excerpt":{"rendered":"<p>Some By Mi Yuja Niacin Brightening All-In-One Cleanser removes makeup residue, excessively oily skin, dead skin particles and other impurities, smooths skin texture and leaves skin feeling moisturized.<\/p>","protected":false},"featured_media":17284,"comment_status":"closed","ping_status":"closed","template":"","meta":{"site-sidebar-layout":"default","site-content-layout":"","ast-site-content-layout":"","site-content-style":"default","site-sidebar-style":"default","ast-global-header-display":"","ast-banner-title-visibility":"","ast-main-header-display":"","ast-hfb-above-header-display":"","ast-hfb-below-header-display":"","ast-hfb-mobile-header-display":"","site-post-title":"","ast-breadcrumbs-content":"","ast-featured-img":"","footer-sml-layout":"","theme-transparent-header-meta":"","adv-header-id-meta":"","stick-header-meta":"","header-above-stick-meta":"","header-main-stick-meta":"","header-below-stick-meta":"","astra-migrate-meta-layouts":"default","ast-page-background-enabled":"default","ast-page-background-meta":{"desktop":{"background-color":"var(--ast-global-color-4)","background-image":"","background-repeat":"repeat","background-position":"center center","background-size":"auto","background-attachment":"scroll","background-type":"","background-media":"","overlay-type":"","overlay-color":"","overlay-opacity":"","overlay-gradient":""},"tablet":{"background-color":"","background-image":"","background-repeat":"repeat","background-position":"center center","background-size":"auto","background-attachment":"scroll","background-type":"","background-media":"","overlay-type":"","overlay-color":"","overlay-opacity":"","overlay-gradient":""},"mobile":{"background-color":"","background-image":"","background-repeat":"repeat","background-position":"center center","background-size":"auto","background-attachment":"scroll","background-type":"","background-media":"","overlay-type":"","overlay-color":"","overlay-opacity":"","overlay-gradient":""}},"ast-content-background-meta":{"desktop":{"background-color":"var(--ast-global-color-5)","background-image":"","background-repeat":"repeat","background-position":"center center","background-size":"auto","background-attachment":"scroll","background-type":"","background-media":"","overlay-type":"","overlay-color":"","overlay-opacity":"","overlay-gradient":""},"tablet":{"background-color":"var(--ast-global-color-5)","background-image":"","background-repeat":"repeat","background-position":"center center","background-size":"auto","background-attachment":"scroll","background-type":"","background-media":"","overlay-type":"","overlay-color":"","overlay-opacity":"","overlay-gradient":""},"mobile":{"background-color":"var(--ast-global-color-5)","background-image":"","background-repeat":"repeat","background-position":"center center","background-size":"auto","background-attachment":"scroll","background-type":"","background-media":"","overlay-type":"","overlay-color":"","overlay-opacity":"","overlay-gradient":""}}},"product_brand":[],"product_cat":[310,311,312,313],"product_tag":[],"berocket_brand":[581],"class_list":{"0":"post-17283","1":"product","2":"type-product","3":"status-publish","4":"has-post-thumbnail","6":"product_cat-attirisana","7":"product_cat-jutigai-adai-attirisana","8":"product_cat-kombinetai-adai-attirisana","9":"product_cat-problematiskai-adai-attirisana","10":"berocket_brand-some-by-mi","11":"desktop-align-left","12":"tablet-align-left","13":"mobile-align-left","15":"first","16":"outofstock","17":"taxable","18":"shipping-taxable","19":"purchasable","20":"product-type-simple","21":"add-to-wishlist-before_image"},"yoast_head":"<!-- This site is optimized with the Yoast SEO plugin v27.4 - https:\/\/yoast.com\/product\/yoast-seo-wordpress\/ -->\n<title>Some By Mi Yuja Niacin Brightening 100ml - FACECORNER<\/title>\n<meta name=\"description\" content=\"Some By Mi Yuja Niacin Brightening no\u0146em kosm\u0113tikas atlikumus, p\u0101rm\u0113r\u012bgu taukain\u012bbu, atmiru\u0161\u0101s \u0101das da\u013ci\u0146as un citus net\u012brumus, izl\u012bdzina \u0101das tekst\u016bru.\" \/>\n<meta name=\"robots\" content=\"index, follow, max-snippet:-1, max-image-preview:large, max-video-preview:-1\" \/>\n<link rel=\"canonical\" href=\"https:\/\/www.facecorner.lv\/en\/shop\/some-by-mi-yuja-niacin-brightening-100ml\/\" \/>\n<meta property=\"og:locale\" content=\"en_US\" \/>\n<meta property=\"og:type\" content=\"article\" \/>\n<meta property=\"og:title\" content=\"Some By Mi Yuja Niacin Brightening 100ml - FACECORNER\" \/>\n<meta property=\"og:description\" content=\"Some By Mi Yuja Niacin Brightening no\u0146em kosm\u0113tikas atlikumus, p\u0101rm\u0113r\u012bgu taukain\u012bbu, atmiru\u0161\u0101s \u0101das da\u013ci\u0146as un citus net\u012brumus, izl\u012bdzina \u0101das tekst\u016bru.\" \/>\n<meta property=\"og:url\" content=\"https:\/\/www.facecorner.lv\/en\/shop\/some-by-mi-yuja-niacin-brightening-100ml\/\" \/>\n<meta property=\"og:site_name\" content=\"FACECORNER\" \/>\n<meta property=\"article:publisher\" content=\"https:\/\/www.facebook.com\/profile.php?id=100063824551839\" \/>\n<meta property=\"article:modified_time\" content=\"2024-12-02T20:22:09+00:00\" \/>\n<meta property=\"og:image\" content=\"https:\/\/www.facecorner.lv\/wp-content\/uploads\/2024\/06\/s-l1200.jpg\" \/>\n\t<meta property=\"og:image:width\" content=\"1200\" \/>\n\t<meta property=\"og:image:height\" content=\"1200\" \/>\n\t<meta property=\"og:image:type\" content=\"image\/jpeg\" \/>\n<meta name=\"twitter:card\" content=\"summary_large_image\" \/>\n<meta name=\"twitter:label1\" content=\"Price\" \/>\n\t<meta name=\"twitter:data1\" content=\"&euro;21.00\" \/>\n\t<meta name=\"twitter:label2\" content=\"Availability\" \/>\n\t<meta name=\"twitter:data2\" content=\"Out of stock\" \/>\n<script type=\"application\/ld+json\" class=\"yoast-schema-graph\">{\"@context\":\"https:\\\/\\\/schema.org\",\"@graph\":[{\"@type\":\"WebPage\",\"@id\":\"https:\\\/\\\/www.facecorner.lv\\\/shop\\\/some-by-mi-yuja-niacin-brightening-100ml\\\/\",\"url\":\"https:\\\/\\\/www.facecorner.lv\\\/shop\\\/some-by-mi-yuja-niacin-brightening-100ml\\\/\",\"name\":\"Some By Mi Yuja Niacin Brightening 100ml - FACECORNER\",\"isPartOf\":{\"@id\":\"https:\\\/\\\/www.facecorner.lv\\\/#website\"},\"primaryImageOfPage\":{\"@id\":\"https:\\\/\\\/www.facecorner.lv\\\/shop\\\/some-by-mi-yuja-niacin-brightening-100ml\\\/#primaryimage\"},\"image\":{\"@id\":\"https:\\\/\\\/www.facecorner.lv\\\/shop\\\/some-by-mi-yuja-niacin-brightening-100ml\\\/#primaryimage\"},\"thumbnailUrl\":\"https:\\\/\\\/www.facecorner.lv\\\/wp-content\\\/uploads\\\/2024\\\/06\\\/s-l1200.jpg\",\"datePublished\":\"2024-06-10T19:46:19+00:00\",\"dateModified\":\"2024-12-02T20:22:09+00:00\",\"description\":\"Some By Mi Yuja Niacin Brightening no\u0146em kosm\u0113tikas atlikumus, p\u0101rm\u0113r\u012bgu taukain\u012bbu, atmiru\u0161\u0101s \u0101das da\u013ci\u0146as un citus net\u012brumus, izl\u012bdzina \u0101das tekst\u016bru.\",\"breadcrumb\":{\"@id\":\"https:\\\/\\\/www.facecorner.lv\\\/shop\\\/some-by-mi-yuja-niacin-brightening-100ml\\\/#breadcrumb\"},\"inLanguage\":\"en-US\",\"potentialAction\":[{\"@type\":\"ReadAction\",\"target\":[\"https:\\\/\\\/www.facecorner.lv\\\/shop\\\/some-by-mi-yuja-niacin-brightening-100ml\\\/\"]}]},{\"@type\":\"ImageObject\",\"inLanguage\":\"en-US\",\"@id\":\"https:\\\/\\\/www.facecorner.lv\\\/shop\\\/some-by-mi-yuja-niacin-brightening-100ml\\\/#primaryimage\",\"url\":\"https:\\\/\\\/www.facecorner.lv\\\/wp-content\\\/uploads\\\/2024\\\/06\\\/s-l1200.jpg\",\"contentUrl\":\"https:\\\/\\\/www.facecorner.lv\\\/wp-content\\\/uploads\\\/2024\\\/06\\\/s-l1200.jpg\",\"width\":1200,\"height\":1200,\"caption\":\"Some By Mi Yuja Niacin Brightening\"},{\"@type\":\"BreadcrumbList\",\"@id\":\"https:\\\/\\\/www.facecorner.lv\\\/shop\\\/some-by-mi-yuja-niacin-brightening-100ml\\\/#breadcrumb\",\"itemListElement\":[{\"@type\":\"ListItem\",\"position\":1,\"name\":\"Home\",\"item\":\"https:\\\/\\\/www.facecorner.lv\\\/\"},{\"@type\":\"ListItem\",\"position\":2,\"name\":\"Veikals\",\"item\":\"https:\\\/\\\/www.facecorner.lv\\\/shop\\\/\"},{\"@type\":\"ListItem\",\"position\":3,\"name\":\"Some By Mi Yuja Niacin Brightening 100ml\"}]},{\"@type\":\"WebSite\",\"@id\":\"https:\\\/\\\/www.facecorner.lv\\\/#website\",\"url\":\"https:\\\/\\\/www.facecorner.lv\\\/\",\"name\":\"Facecorner\",\"description\":\"\",\"publisher\":{\"@id\":\"https:\\\/\\\/www.facecorner.lv\\\/#organization\"},\"potentialAction\":[{\"@type\":\"SearchAction\",\"target\":{\"@type\":\"EntryPoint\",\"urlTemplate\":\"https:\\\/\\\/www.facecorner.lv\\\/?s={search_term_string}\"},\"query-input\":{\"@type\":\"PropertyValueSpecification\",\"valueRequired\":true,\"valueName\":\"search_term_string\"}}],\"inLanguage\":\"en-US\"},{\"@type\":\"Organization\",\"@id\":\"https:\\\/\\\/www.facecorner.lv\\\/#organization\",\"name\":\"Facecorner\",\"url\":\"https:\\\/\\\/www.facecorner.lv\\\/\",\"logo\":{\"@type\":\"ImageObject\",\"inLanguage\":\"en-US\",\"@id\":\"https:\\\/\\\/www.facecorner.lv\\\/#\\\/schema\\\/logo\\\/image\\\/\",\"url\":\"https:\\\/\\\/www.facecorner.lv\\\/wp-content\\\/uploads\\\/2024\\\/04\\\/fc-logo.jpg\",\"contentUrl\":\"https:\\\/\\\/www.facecorner.lv\\\/wp-content\\\/uploads\\\/2024\\\/04\\\/fc-logo.jpg\",\"width\":174,\"height\":28,\"caption\":\"Facecorner\"},\"image\":{\"@id\":\"https:\\\/\\\/www.facecorner.lv\\\/#\\\/schema\\\/logo\\\/image\\\/\"},\"sameAs\":[\"https:\\\/\\\/www.facebook.com\\\/profile.php?id=100063824551839\",\"https:\\\/\\\/www.instagram.com\\\/facecorner_shop\\\/\"]}]}<\/script>\n<meta property=\"product:price:amount\" content=\"21.00\" \/>\n<meta property=\"product:price:currency\" content=\"EUR\" \/>\n<meta property=\"og:availability\" content=\"out of stock\" \/>\n<meta property=\"product:availability\" content=\"out of stock\" \/>\n<meta property=\"product:condition\" content=\"new\" \/>\n<!-- \/ Yoast SEO plugin. -->","yoast_head_json":{"title":"Some By Mi Yuja Niacin Brightening 100ml - FACECORNER","description":"Some By Mi Yuja Niacin Brightening no\u0146em kosm\u0113tikas atlikumus, p\u0101rm\u0113r\u012bgu taukain\u012bbu, atmiru\u0161\u0101s \u0101das da\u013ci\u0146as un citus net\u012brumus, izl\u012bdzina \u0101das tekst\u016bru.","robots":{"index":"index","follow":"follow","max-snippet":"max-snippet:-1","max-image-preview":"max-image-preview:large","max-video-preview":"max-video-preview:-1"},"canonical":"https:\/\/www.facecorner.lv\/en\/shop\/some-by-mi-yuja-niacin-brightening-100ml\/","og_locale":"en_US","og_type":"article","og_title":"Some By Mi Yuja Niacin Brightening 100ml - FACECORNER","og_description":"Some By Mi Yuja Niacin Brightening no\u0146em kosm\u0113tikas atlikumus, p\u0101rm\u0113r\u012bgu taukain\u012bbu, atmiru\u0161\u0101s \u0101das da\u013ci\u0146as un citus net\u012brumus, izl\u012bdzina \u0101das tekst\u016bru.","og_url":"https:\/\/www.facecorner.lv\/en\/shop\/some-by-mi-yuja-niacin-brightening-100ml\/","og_site_name":"FACECORNER","article_publisher":"https:\/\/www.facebook.com\/profile.php?id=100063824551839","article_modified_time":"2024-12-02T20:22:09+00:00","og_image":[{"width":1200,"height":1200,"url":"https:\/\/www.facecorner.lv\/wp-content\/uploads\/2024\/06\/s-l1200.jpg","type":"image\/jpeg"}],"twitter_card":"summary_large_image","twitter_misc":{"Price":"&euro;21.00","Availability":"Out of stock"},"schema":{"@context":"https:\/\/schema.org","@graph":[{"@type":"WebPage","@id":"https:\/\/www.facecorner.lv\/shop\/some-by-mi-yuja-niacin-brightening-100ml\/","url":"https:\/\/www.facecorner.lv\/shop\/some-by-mi-yuja-niacin-brightening-100ml\/","name":"Some By Mi Yuja Niacin Brightening 100ml - FACECORNER","isPartOf":{"@id":"https:\/\/www.facecorner.lv\/#website"},"primaryImageOfPage":{"@id":"https:\/\/www.facecorner.lv\/shop\/some-by-mi-yuja-niacin-brightening-100ml\/#primaryimage"},"image":{"@id":"https:\/\/www.facecorner.lv\/shop\/some-by-mi-yuja-niacin-brightening-100ml\/#primaryimage"},"thumbnailUrl":"https:\/\/www.facecorner.lv\/wp-content\/uploads\/2024\/06\/s-l1200.jpg","datePublished":"2024-06-10T19:46:19+00:00","dateModified":"2024-12-02T20:22:09+00:00","description":"Some By Mi Yuja Niacin Brightening no\u0146em kosm\u0113tikas atlikumus, p\u0101rm\u0113r\u012bgu taukain\u012bbu, atmiru\u0161\u0101s \u0101das da\u013ci\u0146as un citus net\u012brumus, izl\u012bdzina \u0101das tekst\u016bru.","breadcrumb":{"@id":"https:\/\/www.facecorner.lv\/shop\/some-by-mi-yuja-niacin-brightening-100ml\/#breadcrumb"},"inLanguage":"en-US","potentialAction":[{"@type":"ReadAction","target":["https:\/\/www.facecorner.lv\/shop\/some-by-mi-yuja-niacin-brightening-100ml\/"]}]},{"@type":"ImageObject","inLanguage":"en-US","@id":"https:\/\/www.facecorner.lv\/shop\/some-by-mi-yuja-niacin-brightening-100ml\/#primaryimage","url":"https:\/\/www.facecorner.lv\/wp-content\/uploads\/2024\/06\/s-l1200.jpg","contentUrl":"https:\/\/www.facecorner.lv\/wp-content\/uploads\/2024\/06\/s-l1200.jpg","width":1200,"height":1200,"caption":"Some By Mi Yuja Niacin Brightening"},{"@type":"BreadcrumbList","@id":"https:\/\/www.facecorner.lv\/shop\/some-by-mi-yuja-niacin-brightening-100ml\/#breadcrumb","itemListElement":[{"@type":"ListItem","position":1,"name":"Home","item":"https:\/\/www.facecorner.lv\/"},{"@type":"ListItem","position":2,"name":"Veikals","item":"https:\/\/www.facecorner.lv\/shop\/"},{"@type":"ListItem","position":3,"name":"Some By Mi Yuja Niacin Brightening 100ml"}]},{"@type":"WebSite","@id":"https:\/\/www.facecorner.lv\/#website","url":"https:\/\/www.facecorner.lv\/","name":"Facecorner","description":"","publisher":{"@id":"https:\/\/www.facecorner.lv\/#organization"},"potentialAction":[{"@type":"SearchAction","target":{"@type":"EntryPoint","urlTemplate":"https:\/\/www.facecorner.lv\/?s={search_term_string}"},"query-input":{"@type":"PropertyValueSpecification","valueRequired":true,"valueName":"search_term_string"}}],"inLanguage":"en-US"},{"@type":"Organization","@id":"https:\/\/www.facecorner.lv\/#organization","name":"Facecorner","url":"https:\/\/www.facecorner.lv\/","logo":{"@type":"ImageObject","inLanguage":"en-US","@id":"https:\/\/www.facecorner.lv\/#\/schema\/logo\/image\/","url":"https:\/\/www.facecorner.lv\/wp-content\/uploads\/2024\/04\/fc-logo.jpg","contentUrl":"https:\/\/www.facecorner.lv\/wp-content\/uploads\/2024\/04\/fc-logo.jpg","width":174,"height":28,"caption":"Facecorner"},"image":{"@id":"https:\/\/www.facecorner.lv\/#\/schema\/logo\/image\/"},"sameAs":["https:\/\/www.facebook.com\/profile.php?id=100063824551839","https:\/\/www.instagram.com\/facecorner_shop\/"]}]},"product_price_amount":"21.00","product_price_currency":"EUR","og_availability":"out of stock","product_availability":"out of stock","product_condition":"new"},"_links":{"self":[{"href":"https:\/\/www.facecorner.lv\/en\/wp-json\/wp\/v2\/product\/17283","targetHints":{"allow":["GET"]}}],"collection":[{"href":"https:\/\/www.facecorner.lv\/en\/wp-json\/wp\/v2\/product"}],"about":[{"href":"https:\/\/www.facecorner.lv\/en\/wp-json\/wp\/v2\/types\/product"}],"replies":[{"embeddable":true,"href":"https:\/\/www.facecorner.lv\/en\/wp-json\/wp\/v2\/comments?post=17283"}],"wp:featuredmedia":[{"embeddable":true,"href":"https:\/\/www.facecorner.lv\/en\/wp-json\/wp\/v2\/media\/17284"}],"wp:attachment":[{"href":"https:\/\/www.facecorner.lv\/en\/wp-json\/wp\/v2\/media?parent=17283"}],"wp:term":[{"taxonomy":"product_brand","embeddable":true,"href":"https:\/\/www.facecorner.lv\/en\/wp-json\/wp\/v2\/product_brand?post=17283"},{"taxonomy":"product_cat","embeddable":true,"href":"https:\/\/www.facecorner.lv\/en\/wp-json\/wp\/v2\/product_cat?post=17283"},{"taxonomy":"product_tag","embeddable":true,"href":"https:\/\/www.facecorner.lv\/en\/wp-json\/wp\/v2\/product_tag?post=17283"},{"taxonomy":"berocket_brand","embeddable":true,"href":"https:\/\/www.facecorner.lv\/en\/wp-json\/wp\/v2\/berocket_brand?post=17283"}],"curies":[{"name":"wp","href":"https:\/\/api.w.org\/{rel}","templated":true}]}}