{"id":15741,"date":"2024-05-21T20:51:59","date_gmt":"2024-05-21T18:51:59","guid":{"rendered":"https:\/\/www.facecorner.lv\/?post_type=product&#038;p=15741"},"modified":"2024-12-02T23:24:22","modified_gmt":"2024-12-02T20:24:22","slug":"medi-peel-red-lacto-first-collagen-essence-140ml","status":"publish","type":"product","link":"https:\/\/www.facecorner.lv\/en\/shop\/medi-peel-red-lacto-first-collagen-essence-140ml\/","title":{"rendered":"Medi-Peel Red Lacto First Collagen Essence  140ml"},"content":{"rendered":"<p>Medi-Peel Red Lacto First Collagen Essence effectively eliminates tightness and dehydration, saturates skin with moisture, evens skin tone and removes dullness and redness. It makes the skin smoother and firmer, smooths relief and gives a soft, even glow.<\/p>\n<p>Medi-Peel Red Lacto Esencei piem\u012bt viegla izgaismojo\u0161a iedarb\u012bba, t\u0101 uzlabo sejas toni, padara to vienm\u0113r\u012bg\u0101ku. Stiprina kolag\u0113na \u0161\u0137iedras, uzlabo \u0101das tekst\u016bru un bl\u012bvumu. Uztur optim\u0101lu mitrin\u0101\u0161anas l\u012bmeni, blo\u0137\u0113 mitrumu dzi\u013cajos epidermas sl\u0101\u0146os, stiprina aizsargbarjeru.<\/p>\n<p>Oxygen essence is a light foam that is instantly absorbed, saturating the skin with moisture and eliminating dryness.<\/p>\n<p><strong>Main active ingredients:<\/strong><\/p>\n<ul>\n<li>Lactobacillus enzymes support the skin's natural microflora, improve collagen structure, increasing skin elasticity. They improve complexion, regulate melanin production, lighten hyperpigmentation.<\/li>\n<li>Bifidobacteria enzymes restore and strengthen the skin's protective barrier, strengthen immunity and regulate metabolism.<\/li>\n<li>Lactococcus lysate accelerates cell division, strengthens epidermal fibers, improves skin texture. Improves barrier function, boosts immunity, makes the skin less reactive.<\/li>\n<li>Collagen restores epidermis structure from within, strengthens cell walls, improves protein metabolism. It supports the skin matrix, helps to smooth fine lines and wrinkles.<\/li>\n<li>Peptide complex is responsible for constant regeneration and cell renewal, has a profound anti-age effect, reduces the appearance of wrinkles and prevents the formation of new ones, stimulates the processes of renewal and regeneration, slows down cell aging.<\/li>\n<li>Complex of amino acids normalizes the production of collagen and elastin, smooths the skin, smooths the relief. Improves skin color, gives it a healthy glow and elasticity.<\/li>\n<li>Hyaluronic acid penetrates into the deep layers of the epidermis, actively moisturizes cells, helps retain moisture in the skin. It forms a protective layer that prevents moisture from evaporating.<\/li>\n<\/ul>\n<p><strong>How to use:<\/strong> squeeze out a small amount of essence and gently apply to cleansed skin. Use the product after washing at the toning stage. If necessary, use toner after the essence.<\/p>\n<p><strong>Ingredientes:<\/strong> Purified water, glycerin, niacinamide, 1,2-hexanediol, betaine, panthenol, lactobacillus fermented product (2,682 ppm), butylene glycol, polyglyceryl-10 laurate, bifida fermented filtrate, lactoco Fermented couscous (1,632 ppm), grape extract, persimmon leaf extract, ethylhexyl glycerin, xanthan gum, hojang root extract, safflower extract, coffee bean extract, adenosine, green tea extract, chestnut bark extract, chocolat fruit extract, hide Rolled Collagen (300 ppm), Citric Acid, Dipotassium Glycyrrhizate, Sodium Citrate, Corn Mint Oil, Bachu Leaf Extract, Damask Rose Flower Water, Arrowroot Root Extract, Sugar Elm Root Extract, Evening Primrose Extract, Giant pine leaf extract, glycine, serine, glutamic acid, sodium hyaluronate, aspartic acid, leucine, hydrolyzed hyaluronic acid, alanine, lysine, arginine, tyrosine, phenylalanine, proline, valine,Threonine, isoleucine, dipeptidediaminobutyroylbenzylamide diacetate, histidine, methionine, cysteine, palmitoyl tripeptide-5, sodium acetylated hyaluronate<\/p>","protected":false},"excerpt":{"rendered":"<p>Medi-Peel Red Lacto First Collagen Essence effectively eliminates tightness and dehydration, saturates skin with moisture, evens skin tone and removes dullness and redness. It makes the skin smoother and firmer, smooths relief and gives a soft, even glow.<\/p>","protected":false},"featured_media":15742,"comment_status":"closed","ping_status":"closed","template":"","meta":{"site-sidebar-layout":"default","site-content-layout":"","ast-site-content-layout":"","site-content-style":"default","site-sidebar-style":"default","ast-global-header-display":"","ast-banner-title-visibility":"","ast-main-header-display":"","ast-hfb-above-header-display":"","ast-hfb-below-header-display":"","ast-hfb-mobile-header-display":"","site-post-title":"","ast-breadcrumbs-content":"","ast-featured-img":"","footer-sml-layout":"","theme-transparent-header-meta":"","adv-header-id-meta":"","stick-header-meta":"","header-above-stick-meta":"","header-main-stick-meta":"","header-below-stick-meta":"","astra-migrate-meta-layouts":"default","ast-page-background-enabled":"default","ast-page-background-meta":{"desktop":{"background-color":"var(--ast-global-color-4)","background-image":"","background-repeat":"repeat","background-position":"center center","background-size":"auto","background-attachment":"scroll","background-type":"","background-media":"","overlay-type":"","overlay-color":"","overlay-opacity":"","overlay-gradient":""},"tablet":{"background-color":"","background-image":"","background-repeat":"repeat","background-position":"center center","background-size":"auto","background-attachment":"scroll","background-type":"","background-media":"","overlay-type":"","overlay-color":"","overlay-opacity":"","overlay-gradient":""},"mobile":{"background-color":"","background-image":"","background-repeat":"repeat","background-position":"center center","background-size":"auto","background-attachment":"scroll","background-type":"","background-media":"","overlay-type":"","overlay-color":"","overlay-opacity":"","overlay-gradient":""}},"ast-content-background-meta":{"desktop":{"background-color":"var(--ast-global-color-5)","background-image":"","background-repeat":"repeat","background-position":"center center","background-size":"auto","background-attachment":"scroll","background-type":"","background-media":"","overlay-type":"","overlay-color":"","overlay-opacity":"","overlay-gradient":""},"tablet":{"background-color":"var(--ast-global-color-5)","background-image":"","background-repeat":"repeat","background-position":"center center","background-size":"auto","background-attachment":"scroll","background-type":"","background-media":"","overlay-type":"","overlay-color":"","overlay-opacity":"","overlay-gradient":""},"mobile":{"background-color":"var(--ast-global-color-5)","background-image":"","background-repeat":"repeat","background-position":"center center","background-size":"auto","background-attachment":"scroll","background-type":"","background-media":"","overlay-type":"","overlay-color":"","overlay-opacity":"","overlay-gradient":""}}},"product_brand":[],"product_cat":[370,371,380,379,363],"product_tag":[],"berocket_brand":[583],"class_list":{"0":"post-15741","1":"product","2":"type-product","3":"status-publish","4":"has-post-thumbnail","6":"product_cat-adas-mirdzumam","7":"product_cat-anti-age","8":"product_cat-kombinetai-adai","9":"product_cat-sausai-adai-anti-age","10":"product_cat-serumi","11":"berocket_brand-medi-peel","12":"desktop-align-left","13":"tablet-align-left","14":"mobile-align-left","16":"first","17":"outofstock","18":"taxable","19":"shipping-taxable","20":"purchasable","21":"product-type-simple","22":"add-to-wishlist-before_image"},"yoast_head":"<!-- This site is optimized with the Yoast SEO plugin v27.4 - https:\/\/yoast.com\/product\/yoast-seo-wordpress\/ -->\n<title>Medi-Peel Red Lacto First Collagen Essence 140ml - FACECORNER<\/title>\n<meta name=\"description\" content=\"Medi-Peel Red Lacto Esencei piem\u012bt viegla izgaismojo\u0161a iedarb\u012bba, t\u0101 uzlabo sejas toni, padara to vienm\u0113r\u012bg\u0101ku. Stiprina kolag\u0113na \u0161\u0137iedras.\" \/>\n<meta name=\"robots\" content=\"index, follow, max-snippet:-1, max-image-preview:large, max-video-preview:-1\" \/>\n<link rel=\"canonical\" href=\"https:\/\/www.facecorner.lv\/en\/shop\/medi-peel-red-lacto-first-collagen-essence-140ml\/\" \/>\n<meta property=\"og:locale\" content=\"en_US\" \/>\n<meta property=\"og:type\" content=\"article\" \/>\n<meta property=\"og:title\" content=\"Medi-Peel Red Lacto First Collagen Essence 140ml - FACECORNER\" \/>\n<meta property=\"og:description\" content=\"Medi-Peel Red Lacto Esencei piem\u012bt viegla izgaismojo\u0161a iedarb\u012bba, t\u0101 uzlabo sejas toni, padara to vienm\u0113r\u012bg\u0101ku. Stiprina kolag\u0113na \u0161\u0137iedras.\" \/>\n<meta property=\"og:url\" content=\"https:\/\/www.facecorner.lv\/en\/shop\/medi-peel-red-lacto-first-collagen-essence-140ml\/\" \/>\n<meta property=\"og:site_name\" content=\"FACECORNER\" \/>\n<meta property=\"article:publisher\" content=\"https:\/\/www.facebook.com\/profile.php?id=100063824551839\" \/>\n<meta property=\"article:modified_time\" content=\"2024-12-02T20:24:22+00:00\" \/>\n<meta property=\"og:image\" content=\"https:\/\/www.facecorner.lv\/wp-content\/uploads\/2024\/05\/115367.750x0.jpg\" \/>\n\t<meta property=\"og:image:width\" content=\"750\" \/>\n\t<meta property=\"og:image:height\" content=\"750\" \/>\n\t<meta property=\"og:image:type\" content=\"image\/jpeg\" \/>\n<meta name=\"twitter:card\" content=\"summary_large_image\" \/>\n<meta name=\"twitter:label1\" content=\"Price\" \/>\n\t<meta name=\"twitter:data1\" content=\"&euro;34.00\" \/>\n\t<meta name=\"twitter:label2\" content=\"Availability\" \/>\n\t<meta name=\"twitter:data2\" content=\"Out of stock\" \/>\n<script type=\"application\/ld+json\" class=\"yoast-schema-graph\">{\"@context\":\"https:\\\/\\\/schema.org\",\"@graph\":[{\"@type\":\"WebPage\",\"@id\":\"https:\\\/\\\/www.facecorner.lv\\\/shop\\\/medi-peel-red-lacto-first-collagen-essence-140ml\\\/\",\"url\":\"https:\\\/\\\/www.facecorner.lv\\\/shop\\\/medi-peel-red-lacto-first-collagen-essence-140ml\\\/\",\"name\":\"Medi-Peel Red Lacto First Collagen Essence 140ml - FACECORNER\",\"isPartOf\":{\"@id\":\"https:\\\/\\\/www.facecorner.lv\\\/#website\"},\"primaryImageOfPage\":{\"@id\":\"https:\\\/\\\/www.facecorner.lv\\\/shop\\\/medi-peel-red-lacto-first-collagen-essence-140ml\\\/#primaryimage\"},\"image\":{\"@id\":\"https:\\\/\\\/www.facecorner.lv\\\/shop\\\/medi-peel-red-lacto-first-collagen-essence-140ml\\\/#primaryimage\"},\"thumbnailUrl\":\"https:\\\/\\\/www.facecorner.lv\\\/wp-content\\\/uploads\\\/2024\\\/05\\\/115367.750x0.jpg\",\"datePublished\":\"2024-05-21T18:51:59+00:00\",\"dateModified\":\"2024-12-02T20:24:22+00:00\",\"description\":\"Medi-Peel Red Lacto Esencei piem\u012bt viegla izgaismojo\u0161a iedarb\u012bba, t\u0101 uzlabo sejas toni, padara to vienm\u0113r\u012bg\u0101ku. Stiprina kolag\u0113na \u0161\u0137iedras.\",\"breadcrumb\":{\"@id\":\"https:\\\/\\\/www.facecorner.lv\\\/shop\\\/medi-peel-red-lacto-first-collagen-essence-140ml\\\/#breadcrumb\"},\"inLanguage\":\"en-US\",\"potentialAction\":[{\"@type\":\"ReadAction\",\"target\":[\"https:\\\/\\\/www.facecorner.lv\\\/shop\\\/medi-peel-red-lacto-first-collagen-essence-140ml\\\/\"]}]},{\"@type\":\"ImageObject\",\"inLanguage\":\"en-US\",\"@id\":\"https:\\\/\\\/www.facecorner.lv\\\/shop\\\/medi-peel-red-lacto-first-collagen-essence-140ml\\\/#primaryimage\",\"url\":\"https:\\\/\\\/www.facecorner.lv\\\/wp-content\\\/uploads\\\/2024\\\/05\\\/115367.750x0.jpg\",\"contentUrl\":\"https:\\\/\\\/www.facecorner.lv\\\/wp-content\\\/uploads\\\/2024\\\/05\\\/115367.750x0.jpg\",\"width\":750,\"height\":750,\"caption\":\"Medi-Peel Red Lacto First Collagen Essence\"},{\"@type\":\"BreadcrumbList\",\"@id\":\"https:\\\/\\\/www.facecorner.lv\\\/shop\\\/medi-peel-red-lacto-first-collagen-essence-140ml\\\/#breadcrumb\",\"itemListElement\":[{\"@type\":\"ListItem\",\"position\":1,\"name\":\"Home\",\"item\":\"https:\\\/\\\/www.facecorner.lv\\\/\"},{\"@type\":\"ListItem\",\"position\":2,\"name\":\"Veikals\",\"item\":\"https:\\\/\\\/www.facecorner.lv\\\/shop\\\/\"},{\"@type\":\"ListItem\",\"position\":3,\"name\":\"Medi-Peel Red Lacto First Collagen Essence 140ml\"}]},{\"@type\":\"WebSite\",\"@id\":\"https:\\\/\\\/www.facecorner.lv\\\/#website\",\"url\":\"https:\\\/\\\/www.facecorner.lv\\\/\",\"name\":\"Facecorner\",\"description\":\"\",\"publisher\":{\"@id\":\"https:\\\/\\\/www.facecorner.lv\\\/#organization\"},\"potentialAction\":[{\"@type\":\"SearchAction\",\"target\":{\"@type\":\"EntryPoint\",\"urlTemplate\":\"https:\\\/\\\/www.facecorner.lv\\\/?s={search_term_string}\"},\"query-input\":{\"@type\":\"PropertyValueSpecification\",\"valueRequired\":true,\"valueName\":\"search_term_string\"}}],\"inLanguage\":\"en-US\"},{\"@type\":\"Organization\",\"@id\":\"https:\\\/\\\/www.facecorner.lv\\\/#organization\",\"name\":\"Facecorner\",\"url\":\"https:\\\/\\\/www.facecorner.lv\\\/\",\"logo\":{\"@type\":\"ImageObject\",\"inLanguage\":\"en-US\",\"@id\":\"https:\\\/\\\/www.facecorner.lv\\\/#\\\/schema\\\/logo\\\/image\\\/\",\"url\":\"https:\\\/\\\/www.facecorner.lv\\\/wp-content\\\/uploads\\\/2024\\\/04\\\/fc-logo.jpg\",\"contentUrl\":\"https:\\\/\\\/www.facecorner.lv\\\/wp-content\\\/uploads\\\/2024\\\/04\\\/fc-logo.jpg\",\"width\":174,\"height\":28,\"caption\":\"Facecorner\"},\"image\":{\"@id\":\"https:\\\/\\\/www.facecorner.lv\\\/#\\\/schema\\\/logo\\\/image\\\/\"},\"sameAs\":[\"https:\\\/\\\/www.facebook.com\\\/profile.php?id=100063824551839\",\"https:\\\/\\\/www.instagram.com\\\/facecorner_shop\\\/\"]}]}<\/script>\n<meta property=\"product:price:amount\" content=\"34.00\" \/>\n<meta property=\"product:price:currency\" content=\"EUR\" \/>\n<meta property=\"og:availability\" content=\"out of stock\" \/>\n<meta property=\"product:availability\" content=\"out of stock\" \/>\n<meta property=\"product:condition\" content=\"new\" \/>\n<!-- \/ Yoast SEO plugin. -->","yoast_head_json":{"title":"Medi-Peel Red Lacto First Collagen Essence 140ml - FACECORNER","description":"Medi-Peel Red Lacto Esencei piem\u012bt viegla izgaismojo\u0161a iedarb\u012bba, t\u0101 uzlabo sejas toni, padara to vienm\u0113r\u012bg\u0101ku. Stiprina kolag\u0113na \u0161\u0137iedras.","robots":{"index":"index","follow":"follow","max-snippet":"max-snippet:-1","max-image-preview":"max-image-preview:large","max-video-preview":"max-video-preview:-1"},"canonical":"https:\/\/www.facecorner.lv\/en\/shop\/medi-peel-red-lacto-first-collagen-essence-140ml\/","og_locale":"en_US","og_type":"article","og_title":"Medi-Peel Red Lacto First Collagen Essence 140ml - FACECORNER","og_description":"Medi-Peel Red Lacto Esencei piem\u012bt viegla izgaismojo\u0161a iedarb\u012bba, t\u0101 uzlabo sejas toni, padara to vienm\u0113r\u012bg\u0101ku. Stiprina kolag\u0113na \u0161\u0137iedras.","og_url":"https:\/\/www.facecorner.lv\/en\/shop\/medi-peel-red-lacto-first-collagen-essence-140ml\/","og_site_name":"FACECORNER","article_publisher":"https:\/\/www.facebook.com\/profile.php?id=100063824551839","article_modified_time":"2024-12-02T20:24:22+00:00","og_image":[{"width":750,"height":750,"url":"https:\/\/www.facecorner.lv\/wp-content\/uploads\/2024\/05\/115367.750x0.jpg","type":"image\/jpeg"}],"twitter_card":"summary_large_image","twitter_misc":{"Price":"&euro;34.00","Availability":"Out of stock"},"schema":{"@context":"https:\/\/schema.org","@graph":[{"@type":"WebPage","@id":"https:\/\/www.facecorner.lv\/shop\/medi-peel-red-lacto-first-collagen-essence-140ml\/","url":"https:\/\/www.facecorner.lv\/shop\/medi-peel-red-lacto-first-collagen-essence-140ml\/","name":"Medi-Peel Red Lacto First Collagen Essence 140ml - FACECORNER","isPartOf":{"@id":"https:\/\/www.facecorner.lv\/#website"},"primaryImageOfPage":{"@id":"https:\/\/www.facecorner.lv\/shop\/medi-peel-red-lacto-first-collagen-essence-140ml\/#primaryimage"},"image":{"@id":"https:\/\/www.facecorner.lv\/shop\/medi-peel-red-lacto-first-collagen-essence-140ml\/#primaryimage"},"thumbnailUrl":"https:\/\/www.facecorner.lv\/wp-content\/uploads\/2024\/05\/115367.750x0.jpg","datePublished":"2024-05-21T18:51:59+00:00","dateModified":"2024-12-02T20:24:22+00:00","description":"Medi-Peel Red Lacto Esencei piem\u012bt viegla izgaismojo\u0161a iedarb\u012bba, t\u0101 uzlabo sejas toni, padara to vienm\u0113r\u012bg\u0101ku. Stiprina kolag\u0113na \u0161\u0137iedras.","breadcrumb":{"@id":"https:\/\/www.facecorner.lv\/shop\/medi-peel-red-lacto-first-collagen-essence-140ml\/#breadcrumb"},"inLanguage":"en-US","potentialAction":[{"@type":"ReadAction","target":["https:\/\/www.facecorner.lv\/shop\/medi-peel-red-lacto-first-collagen-essence-140ml\/"]}]},{"@type":"ImageObject","inLanguage":"en-US","@id":"https:\/\/www.facecorner.lv\/shop\/medi-peel-red-lacto-first-collagen-essence-140ml\/#primaryimage","url":"https:\/\/www.facecorner.lv\/wp-content\/uploads\/2024\/05\/115367.750x0.jpg","contentUrl":"https:\/\/www.facecorner.lv\/wp-content\/uploads\/2024\/05\/115367.750x0.jpg","width":750,"height":750,"caption":"Medi-Peel Red Lacto First Collagen Essence"},{"@type":"BreadcrumbList","@id":"https:\/\/www.facecorner.lv\/shop\/medi-peel-red-lacto-first-collagen-essence-140ml\/#breadcrumb","itemListElement":[{"@type":"ListItem","position":1,"name":"Home","item":"https:\/\/www.facecorner.lv\/"},{"@type":"ListItem","position":2,"name":"Veikals","item":"https:\/\/www.facecorner.lv\/shop\/"},{"@type":"ListItem","position":3,"name":"Medi-Peel Red Lacto First Collagen Essence 140ml"}]},{"@type":"WebSite","@id":"https:\/\/www.facecorner.lv\/#website","url":"https:\/\/www.facecorner.lv\/","name":"Facecorner","description":"","publisher":{"@id":"https:\/\/www.facecorner.lv\/#organization"},"potentialAction":[{"@type":"SearchAction","target":{"@type":"EntryPoint","urlTemplate":"https:\/\/www.facecorner.lv\/?s={search_term_string}"},"query-input":{"@type":"PropertyValueSpecification","valueRequired":true,"valueName":"search_term_string"}}],"inLanguage":"en-US"},{"@type":"Organization","@id":"https:\/\/www.facecorner.lv\/#organization","name":"Facecorner","url":"https:\/\/www.facecorner.lv\/","logo":{"@type":"ImageObject","inLanguage":"en-US","@id":"https:\/\/www.facecorner.lv\/#\/schema\/logo\/image\/","url":"https:\/\/www.facecorner.lv\/wp-content\/uploads\/2024\/04\/fc-logo.jpg","contentUrl":"https:\/\/www.facecorner.lv\/wp-content\/uploads\/2024\/04\/fc-logo.jpg","width":174,"height":28,"caption":"Facecorner"},"image":{"@id":"https:\/\/www.facecorner.lv\/#\/schema\/logo\/image\/"},"sameAs":["https:\/\/www.facebook.com\/profile.php?id=100063824551839","https:\/\/www.instagram.com\/facecorner_shop\/"]}]},"product_price_amount":"34.00","product_price_currency":"EUR","og_availability":"out of stock","product_availability":"out of stock","product_condition":"new"},"_links":{"self":[{"href":"https:\/\/www.facecorner.lv\/en\/wp-json\/wp\/v2\/product\/15741","targetHints":{"allow":["GET"]}}],"collection":[{"href":"https:\/\/www.facecorner.lv\/en\/wp-json\/wp\/v2\/product"}],"about":[{"href":"https:\/\/www.facecorner.lv\/en\/wp-json\/wp\/v2\/types\/product"}],"replies":[{"embeddable":true,"href":"https:\/\/www.facecorner.lv\/en\/wp-json\/wp\/v2\/comments?post=15741"}],"wp:featuredmedia":[{"embeddable":true,"href":"https:\/\/www.facecorner.lv\/en\/wp-json\/wp\/v2\/media\/15742"}],"wp:attachment":[{"href":"https:\/\/www.facecorner.lv\/en\/wp-json\/wp\/v2\/media?parent=15741"}],"wp:term":[{"taxonomy":"product_brand","embeddable":true,"href":"https:\/\/www.facecorner.lv\/en\/wp-json\/wp\/v2\/product_brand?post=15741"},{"taxonomy":"product_cat","embeddable":true,"href":"https:\/\/www.facecorner.lv\/en\/wp-json\/wp\/v2\/product_cat?post=15741"},{"taxonomy":"product_tag","embeddable":true,"href":"https:\/\/www.facecorner.lv\/en\/wp-json\/wp\/v2\/product_tag?post=15741"},{"taxonomy":"berocket_brand","embeddable":true,"href":"https:\/\/www.facecorner.lv\/en\/wp-json\/wp\/v2\/berocket_brand?post=15741"}],"curies":[{"name":"wp","href":"https:\/\/api.w.org\/{rel}","templated":true}]}}