{"id":15443,"date":"2024-05-08T15:50:57","date_gmt":"2024-05-08T13:50:57","guid":{"rendered":"https:\/\/www.facecorner.lv\/?post_type=product&#038;p=15443"},"modified":"2025-06-14T14:29:33","modified_gmt":"2025-06-14T11:29:33","slug":"round-lab-birch-juice-moisturizing-tone-up-sunscreen-spf50-pa-50ml","status":"publish","type":"product","link":"https:\/\/www.facecorner.lv\/en\/shop\/round-lab-birch-juice-moisturizing-tone-up-sunscreen-spf50-pa-50ml\/","title":{"rendered":"Round Lab Birch Juice Moisturizing Tone-Up Sunscreen SPF50+ PA++++ 50ml"},"content":{"rendered":"<p>Round Lab Birch Juice Moisturising Tone-Up Sunscreen SPF50+ PA++++ piel\u0101gojas \u0101das tonim un aizsarg\u0101 pret UV stariem, lai nov\u0113rstu \u0101das noveco\u0161anos, pigment\u0101ciju un saules apdegumus.<\/p>\n<p>L\u012bdzeklis ar pienainu losjona tekst\u016bru veido pl\u0101nu un gludu p\u0101rkl\u0101jumu, kas izl\u012bdzina toni, viegli mask\u0113 aps\u0101rtumu un samazina papla\u0161in\u0101tu poru izskatu.<\/p>\n<p><strong>Kr\u0113ms mitrina, nov\u0113r\u0161 sausumu un lob\u012b\u0161anos, pie\u0161\u0137ir dabisku mirdzumu, pies\u0101tina \u0101du ar antioksidantiem un pal\u012bdz c\u012bn\u012bties ar UV staru rad\u012bto oksidat\u012bvo stresu.<\/strong><\/p>\n<p>T\u0101 sast\u0101v\u0101 ir hipoaler\u0123isks fizik\u0101lais filtrs &#8211; tit\u0101na dioks\u012bds, k\u0101 ar\u012b jaun\u0101s paaudzes fotostabils \u0137\u012bmiskais UV filtrs, kas nav j\u0101atjauno pils\u0113tas apst\u0101k\u013cos l\u012bdz pat 8 stund\u0101m:<br \/>\n<strong>Uvinul A Plus (dietilaminohidroksibenzoilheksilbenzo\u0101ts) aizsarg\u0101 pret UVA starojumu.<\/strong><br \/>\n<strong>Uvinul T 150 (Ethylhexyl Triazone) protects against UVB rays.<\/strong><br \/>\n<strong>Iskotrizinols\/Uvasorb HEB (Diethylhexyl Butamido Triazone) &#8211;<\/strong> superfotostabils pla\u0161a spektra filtrs, aizsarg\u0101 pret UVA un UVB stariem, p\u0113c 25 stund\u0101m zaud\u0113 aptuveni 10 % savu \u012bpa\u0161\u012bbu.<\/p>\n<p><strong>Main active ingredients:<\/strong><\/p>\n<ul>\n<li>B\u0113rzu sulas satur vitam\u012bnus, fruktozi, saharozi un organisk\u0101s sk\u0101bes. T\u0101 pies\u0101tina ar noder\u012bg\u0101m miner\u0101lviel\u0101m, toniz\u0113, mazina vecuma izmai\u0146u smagumu, normaliz\u0113 tauku dziedzeru darb\u012bbu.<\/li>\n<li>Glicer\u012bna glikoz\u012bds ir glicer\u012bna un glikozes atvasin\u0101jums, uzlabo akvapor\u012bnu &#8211; olbaltumvielu, kas veido kan\u0101lus, kas \u013cauj \u0101dai uzs\u016bkt mitrumu &#8211; darb\u012bbu. Glicer\u012bna glikoz\u012bds nov\u0113r\u0161 sausumu un saglab\u0101 mitrumu \u0161\u016bn\u0101s.<\/li>\n<li>Askorb\u012bnsk\u0101bei, C vitam\u012bna paveidam, piem\u012bt sp\u0113c\u012bga antioksidanta iedarb\u012bba, kas saglab\u0101 \u0101das elast\u012bbu un jaun\u012bbu, k\u0101 ar\u012b pal\u012bdz uzlabot un izl\u012bdzin\u0101t \u0101das toni.<\/li>\n<\/ul>\n<p><strong>How to use:<\/strong> p\u0113c visiem dienas kop\u0161anas posmiem uzkl\u0101jiet aptuveni 1,2 ml l\u012bdzek\u013ca uz sejas un kakla, k\u0101 ar\u012b 20-30 min\u016btes pirms do\u0161an\u0101s \u0101r\u0101 uzkl\u0101jiet saules aizsargkr\u0113mu uz cit\u0101m atkl\u0101t\u0101m \u0101das viet\u0101m. Atrodoties tie\u0161os saules staros (piem\u0113ram, pludmal\u0113), atjaunojiet aizsargsl\u0101ni ik p\u0113c 2-3 stund\u0101m.<\/p>\n<p><strong>Ingredientes:\u00a0<\/strong>Water, Dibutyl Adipate, Propanediol, Titanium Dioxide, Caprylic\/capric Triglyceride, C12-15 Alkyl Benzoate, Diethylamino Hydroxybenzoyl Hexyl Benzoate, Caprylyl Methicone, Ethylhexyl Triazone, Niacinamide, Glycerin, Diethylhexyl Butamido Triazone, 1,2-hexanediol, Pentylene Glycol, Butylene Glycol, Betula Platyphylla Japonica Juice, Sodium Hyaluronate, Hyaluronic Acid, Glyceryl Glucoside, Panthenol, Dipotassium Glycyrrhizate, Allantoin, Portulaca Oleracea Extract, Artemisia Annua Extract, Pinus Sylvestris Leaf Oil, Anthemis Nobilis Flower Oil, Ethylhexylglycerin, Dimethicone\/vinyl Dimethicone Crosspolymer, Vp\/eicosene Copolymer, Trisiloxane, Coco-caprylate\/caprate, Sodium Polyacryloyldimethyl Taurate, Ammonium Polyacryloyldimethyl Taurate, Hydroxypropyl Methylcellulose Stearoxy Ether, Dicaprylyl Carbonate, Alumina, Ascorbic Acid, Adenosine, Polyhydroxystearic Acid, Stearic Acid, Dimethiconol, Sodium Polyacrylate, Triethoxycaprylylsilane, Pvm\/ma Copolymer, Polyether-1, Iron Oxides(ci 77492), Iron Oxides(ci 77491), T-butyl Alcohol, Xanthan Gum<\/p>","protected":false},"excerpt":{"rendered":"<p>Round Lab Birch Juice Moisturising Tone-Up Sunscreen SPF50+ PA++++ piel\u0101gojas \u0101das tonim un aizsarg\u0101 pret UV stariem, lai nov\u0113rstu \u0101das noveco\u0161anos, pigment\u0101ciju un saules apdegumus. L\u012bdzeklis ar pienainu losjona tekst\u016bru veido pl\u0101nu un gludu p\u0101rkl\u0101jumu, kas izl\u012bdzina toni, viegli mask\u0113 aps\u0101rtumu un samazina papla\u0161in\u0101tu poru izskatu. Kr\u0113ms mitrina, nov\u0113r\u0161 sausumu un lob\u012b\u0161anos, pie\u0161\u0137ir dabisku mirdzumu, [&hellip;]<\/p>\n","protected":false},"featured_media":15444,"comment_status":"open","ping_status":"closed","template":"","meta":{"site-sidebar-layout":"default","site-content-layout":"","ast-site-content-layout":"default","site-content-style":"default","site-sidebar-style":"default","ast-global-header-display":"","ast-banner-title-visibility":"","ast-main-header-display":"","ast-hfb-above-header-display":"","ast-hfb-below-header-display":"","ast-hfb-mobile-header-display":"","site-post-title":"","ast-breadcrumbs-content":"","ast-featured-img":"","footer-sml-layout":"","theme-transparent-header-meta":"default","adv-header-id-meta":"","stick-header-meta":"","header-above-stick-meta":"","header-main-stick-meta":"","header-below-stick-meta":"","astra-migrate-meta-layouts":"set","ast-page-background-enabled":"default","ast-page-background-meta":{"desktop":{"background-color":"var(--ast-global-color-4)","background-image":"","background-repeat":"repeat","background-position":"center center","background-size":"auto","background-attachment":"scroll","background-type":"","background-media":"","overlay-type":"","overlay-color":"","overlay-opacity":"","overlay-gradient":""},"tablet":{"background-color":"","background-image":"","background-repeat":"repeat","background-position":"center center","background-size":"auto","background-attachment":"scroll","background-type":"","background-media":"","overlay-type":"","overlay-color":"","overlay-opacity":"","overlay-gradient":""},"mobile":{"background-color":"","background-image":"","background-repeat":"repeat","background-position":"center center","background-size":"auto","background-attachment":"scroll","background-type":"","background-media":"","overlay-type":"","overlay-color":"","overlay-opacity":"","overlay-gradient":""}},"ast-content-background-meta":{"desktop":{"background-color":"var(--ast-global-color-5)","background-image":"","background-repeat":"repeat","background-position":"center center","background-size":"auto","background-attachment":"scroll","background-type":"","background-media":"","overlay-type":"","overlay-color":"","overlay-opacity":"","overlay-gradient":""},"tablet":{"background-color":"var(--ast-global-color-5)","background-image":"","background-repeat":"repeat","background-position":"center center","background-size":"auto","background-attachment":"scroll","background-type":"","background-media":"","overlay-type":"","overlay-color":"","overlay-opacity":"","overlay-gradient":""},"mobile":{"background-color":"var(--ast-global-color-5)","background-image":"","background-repeat":"repeat","background-position":"center center","background-size":"auto","background-attachment":"scroll","background-type":"","background-media":"","overlay-type":"","overlay-color":"","overlay-opacity":"","overlay-gradient":""}}},"product_brand":[],"product_cat":[319,307,362,512],"product_tag":[],"berocket_brand":[589],"class_list":{"0":"post-15443","1":"product","2":"type-product","3":"status-publish","4":"has-post-thumbnail","6":"product_cat-dekorativa-kosmetika","7":"product_cat-sejai","8":"product_cat-sejas-krems","9":"product_cat-spf","10":"berocket_brand-round-lab","11":"desktop-align-left","12":"tablet-align-left","13":"mobile-align-left","15":"first","16":"instock","17":"taxable","18":"shipping-taxable","19":"purchasable","20":"product-type-simple","21":"add-to-wishlist-before_image"},"yoast_head":"<!-- This site is optimized with the Yoast SEO plugin v27.3 - https:\/\/yoast.com\/product\/yoast-seo-wordpress\/ -->\n<title>Round Lab Birch Juice Moisturizing Tone-Up Sunscreen SPF50+ PA++++ 50ml - FACECORNER<\/title>\n<meta name=\"robots\" content=\"index, follow, max-snippet:-1, max-image-preview:large, max-video-preview:-1\" \/>\n<link rel=\"canonical\" href=\"https:\/\/www.facecorner.lv\/en\/shop\/round-lab-birch-juice-moisturizing-tone-up-sunscreen-spf50-pa-50ml\/\" \/>\n<meta property=\"og:locale\" content=\"en_US\" \/>\n<meta property=\"og:type\" content=\"article\" \/>\n<meta property=\"og:title\" content=\"Round Lab Birch Juice Moisturizing Tone-Up Sunscreen SPF50+ PA++++ 50ml - FACECORNER\" \/>\n<meta property=\"og:description\" content=\"Round Lab Birch Juice Moisturising Tone-Up Sunscreen SPF50+ PA++++ piel\u0101gojas \u0101das tonim un aizsarg\u0101 pret UV stariem, lai nov\u0113rstu \u0101das noveco\u0161anos, pigment\u0101ciju un saules apdegumus. L\u012bdzeklis ar pienainu losjona tekst\u016bru veido pl\u0101nu un gludu p\u0101rkl\u0101jumu, kas izl\u012bdzina toni, viegli mask\u0113 aps\u0101rtumu un samazina papla\u0161in\u0101tu poru izskatu. Kr\u0113ms mitrina, nov\u0113r\u0161 sausumu un lob\u012b\u0161anos, pie\u0161\u0137ir dabisku mirdzumu, [&hellip;]\" \/>\n<meta property=\"og:url\" content=\"https:\/\/www.facecorner.lv\/en\/shop\/round-lab-birch-juice-moisturizing-tone-up-sunscreen-spf50-pa-50ml\/\" \/>\n<meta property=\"og:site_name\" content=\"FACECORNER\" \/>\n<meta property=\"article:publisher\" content=\"https:\/\/www.facebook.com\/profile.php?id=100063824551839\" \/>\n<meta property=\"article:modified_time\" content=\"2025-06-14T11:29:33+00:00\" \/>\n<meta property=\"og:image\" content=\"https:\/\/www.facecorner.lv\/wp-content\/uploads\/2024\/05\/images-1.jpeg\" \/>\n\t<meta property=\"og:image:width\" content=\"225\" \/>\n\t<meta property=\"og:image:height\" content=\"225\" \/>\n\t<meta property=\"og:image:type\" content=\"image\/jpeg\" \/>\n<meta name=\"twitter:card\" content=\"summary_large_image\" \/>\n<meta name=\"twitter:label1\" content=\"Price\" \/>\n\t<meta name=\"twitter:data1\" content=\"&euro;24.90\" \/>\n\t<meta name=\"twitter:label2\" content=\"Availability\" \/>\n\t<meta name=\"twitter:data2\" content=\"In stock\" \/>\n<script type=\"application\/ld+json\" class=\"yoast-schema-graph\">{\"@context\":\"https:\\\/\\\/schema.org\",\"@graph\":[{\"@type\":\"WebPage\",\"@id\":\"https:\\\/\\\/www.facecorner.lv\\\/shop\\\/round-lab-birch-juice-moisturizing-tone-up-sunscreen-spf50-pa-50ml\\\/\",\"url\":\"https:\\\/\\\/www.facecorner.lv\\\/shop\\\/round-lab-birch-juice-moisturizing-tone-up-sunscreen-spf50-pa-50ml\\\/\",\"name\":\"Round Lab Birch Juice Moisturizing Tone-Up Sunscreen SPF50+ PA++++ 50ml - FACECORNER\",\"isPartOf\":{\"@id\":\"https:\\\/\\\/www.facecorner.lv\\\/#website\"},\"primaryImageOfPage\":{\"@id\":\"https:\\\/\\\/www.facecorner.lv\\\/shop\\\/round-lab-birch-juice-moisturizing-tone-up-sunscreen-spf50-pa-50ml\\\/#primaryimage\"},\"image\":{\"@id\":\"https:\\\/\\\/www.facecorner.lv\\\/shop\\\/round-lab-birch-juice-moisturizing-tone-up-sunscreen-spf50-pa-50ml\\\/#primaryimage\"},\"thumbnailUrl\":\"https:\\\/\\\/www.facecorner.lv\\\/wp-content\\\/uploads\\\/2024\\\/05\\\/images-1.jpeg\",\"datePublished\":\"2024-05-08T13:50:57+00:00\",\"dateModified\":\"2025-06-14T11:29:33+00:00\",\"breadcrumb\":{\"@id\":\"https:\\\/\\\/www.facecorner.lv\\\/shop\\\/round-lab-birch-juice-moisturizing-tone-up-sunscreen-spf50-pa-50ml\\\/#breadcrumb\"},\"inLanguage\":\"en-US\",\"potentialAction\":[{\"@type\":\"ReadAction\",\"target\":[\"https:\\\/\\\/www.facecorner.lv\\\/shop\\\/round-lab-birch-juice-moisturizing-tone-up-sunscreen-spf50-pa-50ml\\\/\"]}]},{\"@type\":\"ImageObject\",\"inLanguage\":\"en-US\",\"@id\":\"https:\\\/\\\/www.facecorner.lv\\\/shop\\\/round-lab-birch-juice-moisturizing-tone-up-sunscreen-spf50-pa-50ml\\\/#primaryimage\",\"url\":\"https:\\\/\\\/www.facecorner.lv\\\/wp-content\\\/uploads\\\/2024\\\/05\\\/images-1.jpeg\",\"contentUrl\":\"https:\\\/\\\/www.facecorner.lv\\\/wp-content\\\/uploads\\\/2024\\\/05\\\/images-1.jpeg\",\"width\":225,\"height\":225},{\"@type\":\"BreadcrumbList\",\"@id\":\"https:\\\/\\\/www.facecorner.lv\\\/shop\\\/round-lab-birch-juice-moisturizing-tone-up-sunscreen-spf50-pa-50ml\\\/#breadcrumb\",\"itemListElement\":[{\"@type\":\"ListItem\",\"position\":1,\"name\":\"Home\",\"item\":\"https:\\\/\\\/www.facecorner.lv\\\/\"},{\"@type\":\"ListItem\",\"position\":2,\"name\":\"Veikals\",\"item\":\"https:\\\/\\\/www.facecorner.lv\\\/shop\\\/\"},{\"@type\":\"ListItem\",\"position\":3,\"name\":\"Round Lab Birch Juice Moisturizing Tone-Up Sunscreen SPF50+ PA++++ 50ml\"}]},{\"@type\":\"WebSite\",\"@id\":\"https:\\\/\\\/www.facecorner.lv\\\/#website\",\"url\":\"https:\\\/\\\/www.facecorner.lv\\\/\",\"name\":\"Facecorner\",\"description\":\"\",\"publisher\":{\"@id\":\"https:\\\/\\\/www.facecorner.lv\\\/#organization\"},\"potentialAction\":[{\"@type\":\"SearchAction\",\"target\":{\"@type\":\"EntryPoint\",\"urlTemplate\":\"https:\\\/\\\/www.facecorner.lv\\\/?s={search_term_string}\"},\"query-input\":{\"@type\":\"PropertyValueSpecification\",\"valueRequired\":true,\"valueName\":\"search_term_string\"}}],\"inLanguage\":\"en-US\"},{\"@type\":\"Organization\",\"@id\":\"https:\\\/\\\/www.facecorner.lv\\\/#organization\",\"name\":\"Facecorner\",\"url\":\"https:\\\/\\\/www.facecorner.lv\\\/\",\"logo\":{\"@type\":\"ImageObject\",\"inLanguage\":\"en-US\",\"@id\":\"https:\\\/\\\/www.facecorner.lv\\\/#\\\/schema\\\/logo\\\/image\\\/\",\"url\":\"https:\\\/\\\/www.facecorner.lv\\\/wp-content\\\/uploads\\\/2024\\\/04\\\/fc-logo.jpg\",\"contentUrl\":\"https:\\\/\\\/www.facecorner.lv\\\/wp-content\\\/uploads\\\/2024\\\/04\\\/fc-logo.jpg\",\"width\":174,\"height\":28,\"caption\":\"Facecorner\"},\"image\":{\"@id\":\"https:\\\/\\\/www.facecorner.lv\\\/#\\\/schema\\\/logo\\\/image\\\/\"},\"sameAs\":[\"https:\\\/\\\/www.facebook.com\\\/profile.php?id=100063824551839\",\"https:\\\/\\\/www.instagram.com\\\/facecorner_shop\\\/\"]}]}<\/script>\n<meta property=\"product:price:amount\" content=\"24.90\" \/>\n<meta property=\"product:price:currency\" content=\"EUR\" \/>\n<meta property=\"og:availability\" content=\"instock\" \/>\n<meta property=\"product:availability\" content=\"instock\" \/>\n<meta property=\"product:condition\" content=\"new\" \/>\n<!-- \/ Yoast SEO plugin. -->","yoast_head_json":{"title":"Round Lab Birch Juice Moisturizing Tone-Up Sunscreen SPF50+ PA++++ 50ml - FACECORNER","robots":{"index":"index","follow":"follow","max-snippet":"max-snippet:-1","max-image-preview":"max-image-preview:large","max-video-preview":"max-video-preview:-1"},"canonical":"https:\/\/www.facecorner.lv\/en\/shop\/round-lab-birch-juice-moisturizing-tone-up-sunscreen-spf50-pa-50ml\/","og_locale":"en_US","og_type":"article","og_title":"Round Lab Birch Juice Moisturizing Tone-Up Sunscreen SPF50+ PA++++ 50ml - FACECORNER","og_description":"Round Lab Birch Juice Moisturising Tone-Up Sunscreen SPF50+ PA++++ piel\u0101gojas \u0101das tonim un aizsarg\u0101 pret UV stariem, lai nov\u0113rstu \u0101das noveco\u0161anos, pigment\u0101ciju un saules apdegumus. L\u012bdzeklis ar pienainu losjona tekst\u016bru veido pl\u0101nu un gludu p\u0101rkl\u0101jumu, kas izl\u012bdzina toni, viegli mask\u0113 aps\u0101rtumu un samazina papla\u0161in\u0101tu poru izskatu. Kr\u0113ms mitrina, nov\u0113r\u0161 sausumu un lob\u012b\u0161anos, pie\u0161\u0137ir dabisku mirdzumu, [&hellip;]","og_url":"https:\/\/www.facecorner.lv\/en\/shop\/round-lab-birch-juice-moisturizing-tone-up-sunscreen-spf50-pa-50ml\/","og_site_name":"FACECORNER","article_publisher":"https:\/\/www.facebook.com\/profile.php?id=100063824551839","article_modified_time":"2025-06-14T11:29:33+00:00","og_image":[{"width":225,"height":225,"url":"https:\/\/www.facecorner.lv\/wp-content\/uploads\/2024\/05\/images-1.jpeg","type":"image\/jpeg"}],"twitter_card":"summary_large_image","twitter_misc":{"Price":"&euro;24.90","Availability":"In stock"},"schema":{"@context":"https:\/\/schema.org","@graph":[{"@type":"WebPage","@id":"https:\/\/www.facecorner.lv\/shop\/round-lab-birch-juice-moisturizing-tone-up-sunscreen-spf50-pa-50ml\/","url":"https:\/\/www.facecorner.lv\/shop\/round-lab-birch-juice-moisturizing-tone-up-sunscreen-spf50-pa-50ml\/","name":"Round Lab Birch Juice Moisturizing Tone-Up Sunscreen SPF50+ PA++++ 50ml - FACECORNER","isPartOf":{"@id":"https:\/\/www.facecorner.lv\/#website"},"primaryImageOfPage":{"@id":"https:\/\/www.facecorner.lv\/shop\/round-lab-birch-juice-moisturizing-tone-up-sunscreen-spf50-pa-50ml\/#primaryimage"},"image":{"@id":"https:\/\/www.facecorner.lv\/shop\/round-lab-birch-juice-moisturizing-tone-up-sunscreen-spf50-pa-50ml\/#primaryimage"},"thumbnailUrl":"https:\/\/www.facecorner.lv\/wp-content\/uploads\/2024\/05\/images-1.jpeg","datePublished":"2024-05-08T13:50:57+00:00","dateModified":"2025-06-14T11:29:33+00:00","breadcrumb":{"@id":"https:\/\/www.facecorner.lv\/shop\/round-lab-birch-juice-moisturizing-tone-up-sunscreen-spf50-pa-50ml\/#breadcrumb"},"inLanguage":"en-US","potentialAction":[{"@type":"ReadAction","target":["https:\/\/www.facecorner.lv\/shop\/round-lab-birch-juice-moisturizing-tone-up-sunscreen-spf50-pa-50ml\/"]}]},{"@type":"ImageObject","inLanguage":"en-US","@id":"https:\/\/www.facecorner.lv\/shop\/round-lab-birch-juice-moisturizing-tone-up-sunscreen-spf50-pa-50ml\/#primaryimage","url":"https:\/\/www.facecorner.lv\/wp-content\/uploads\/2024\/05\/images-1.jpeg","contentUrl":"https:\/\/www.facecorner.lv\/wp-content\/uploads\/2024\/05\/images-1.jpeg","width":225,"height":225},{"@type":"BreadcrumbList","@id":"https:\/\/www.facecorner.lv\/shop\/round-lab-birch-juice-moisturizing-tone-up-sunscreen-spf50-pa-50ml\/#breadcrumb","itemListElement":[{"@type":"ListItem","position":1,"name":"Home","item":"https:\/\/www.facecorner.lv\/"},{"@type":"ListItem","position":2,"name":"Veikals","item":"https:\/\/www.facecorner.lv\/shop\/"},{"@type":"ListItem","position":3,"name":"Round Lab Birch Juice Moisturizing Tone-Up Sunscreen SPF50+ PA++++ 50ml"}]},{"@type":"WebSite","@id":"https:\/\/www.facecorner.lv\/#website","url":"https:\/\/www.facecorner.lv\/","name":"Facecorner","description":"","publisher":{"@id":"https:\/\/www.facecorner.lv\/#organization"},"potentialAction":[{"@type":"SearchAction","target":{"@type":"EntryPoint","urlTemplate":"https:\/\/www.facecorner.lv\/?s={search_term_string}"},"query-input":{"@type":"PropertyValueSpecification","valueRequired":true,"valueName":"search_term_string"}}],"inLanguage":"en-US"},{"@type":"Organization","@id":"https:\/\/www.facecorner.lv\/#organization","name":"Facecorner","url":"https:\/\/www.facecorner.lv\/","logo":{"@type":"ImageObject","inLanguage":"en-US","@id":"https:\/\/www.facecorner.lv\/#\/schema\/logo\/image\/","url":"https:\/\/www.facecorner.lv\/wp-content\/uploads\/2024\/04\/fc-logo.jpg","contentUrl":"https:\/\/www.facecorner.lv\/wp-content\/uploads\/2024\/04\/fc-logo.jpg","width":174,"height":28,"caption":"Facecorner"},"image":{"@id":"https:\/\/www.facecorner.lv\/#\/schema\/logo\/image\/"},"sameAs":["https:\/\/www.facebook.com\/profile.php?id=100063824551839","https:\/\/www.instagram.com\/facecorner_shop\/"]}]},"product_price_amount":"24.90","product_price_currency":"EUR","og_availability":"instock","product_availability":"instock","product_condition":"new"},"_links":{"self":[{"href":"https:\/\/www.facecorner.lv\/en\/wp-json\/wp\/v2\/product\/15443","targetHints":{"allow":["GET"]}}],"collection":[{"href":"https:\/\/www.facecorner.lv\/en\/wp-json\/wp\/v2\/product"}],"about":[{"href":"https:\/\/www.facecorner.lv\/en\/wp-json\/wp\/v2\/types\/product"}],"replies":[{"embeddable":true,"href":"https:\/\/www.facecorner.lv\/en\/wp-json\/wp\/v2\/comments?post=15443"}],"wp:featuredmedia":[{"embeddable":true,"href":"https:\/\/www.facecorner.lv\/en\/wp-json\/wp\/v2\/media\/15444"}],"wp:attachment":[{"href":"https:\/\/www.facecorner.lv\/en\/wp-json\/wp\/v2\/media?parent=15443"}],"wp:term":[{"taxonomy":"product_brand","embeddable":true,"href":"https:\/\/www.facecorner.lv\/en\/wp-json\/wp\/v2\/product_brand?post=15443"},{"taxonomy":"product_cat","embeddable":true,"href":"https:\/\/www.facecorner.lv\/en\/wp-json\/wp\/v2\/product_cat?post=15443"},{"taxonomy":"product_tag","embeddable":true,"href":"https:\/\/www.facecorner.lv\/en\/wp-json\/wp\/v2\/product_tag?post=15443"},{"taxonomy":"berocket_brand","embeddable":true,"href":"https:\/\/www.facecorner.lv\/en\/wp-json\/wp\/v2\/berocket_brand?post=15443"}],"curies":[{"name":"wp","href":"https:\/\/api.w.org\/{rel}","templated":true}]}}