{"id":15437,"date":"2024-05-08T09:55:06","date_gmt":"2024-05-08T07:55:06","guid":{"rendered":"https:\/\/www.facecorner.lv\/?post_type=product&#038;p=15437"},"modified":"2025-11-11T16:53:31","modified_gmt":"2025-11-11T13:53:31","slug":"biodance-hydro-cera-nol-real-deep","status":"publish","type":"product","link":"https:\/\/www.facecorner.lv\/en\/shop\/biodance-hydro-cera-nol-real-deep\/","title":{"rendered":"BIODANCE Hydro Cera-Nol"},"content":{"rendered":"<p>BIODANCE Hydro Cera-Nol Real Deep produkts satur sp\u0113c\u012bgas nomierino\u0161as sast\u0101vda\u013cas vien\u0101 maskas iepakojuma loksn\u0113.<\/p>\n<p>A product that contains the recipe of Cera-nol, which has perfect moisturizing and quick soothing effects.<br \/>\nA mask pack with BIODANCE's hydrogel technology for deep moisturizing and soothing.<\/p>\n<p>Cera-Nol Real Deep tr\u012bsk\u0101r\u0161\u0101 nomierino\u0161\u0101 recepte ir stingri noteikta jut\u012bgai \u0101dai, \u013caujot akt\u012bvaj\u0101m sast\u0101vda\u013c\u0101m piln\u012bb\u0101 ies\u016bkties \u0101d\u0101.<br \/>\nShows a 121% reduction in skin redness immediately after use, demonstrating a skin soothing effect.<br \/>\nShows a 951% increase in skin moisture immediately after use, a 166% increase in skin moisture even after 150 hours, and an immediate 683.72% increase in deep skin moisturization up to 15 layers of the stratum corneum.<\/p>\n<p>When the skin is dehydrated and weakened, the evaporation of surface moisture increases rapidly as the skin temperature rises.<br \/>\nUzreiz p\u0113c lieto\u0161anas uzr\u0101da \u0101das temperat\u016bras pazemin\u0101\u0161anos par -5,16 gr\u0101diem un stabiliz\u0113 neregul\u0101ru \u0101das temperat\u016bru ar tr\u012bsk\u0101r\u0161u nomierino\u0161u BIODANCE Hydro Cera-Nol Real Deep, kas nekav\u0113joties izveido sabruku\u0161as barjeras.<br \/>\nThe opaque sheet gradually becomes thinner and more transparent, delivering the effective ingredients deep into the skin.<br \/>\nAfter 8 hours of attachment, Cera-nol mask shows a 119.7% increase in skin soothing and redness improvement compared to the control group, and the skin is safe even after 8 hours of attachment.<\/p>\n<p><strong>How to use:<\/strong>After cleansing, tidy up the skin texture with a toner, then take out the mask and apply it closely to fit the shape of the face.<br \/>\nRemove the mask when it becomes transparent.<\/p>\n<p>&nbsp;<\/p>","protected":false},"excerpt":{"rendered":"<p>BIODANCE Hydro Cera-Nol Real Deep produkts satur sp\u0113c\u012bgas nomierino\u0161as sast\u0101vda\u013cas vien\u0101 maskas iepakojuma loksn\u0113. Produkts, kura sast\u0101v\u0101 ir Cera-nol recepte, kam piem\u012bt lieliska mitrino\u0161a un \u0101tra nomierino\u0161a iedarb\u012bba.<\/p>","protected":false},"featured_media":15438,"comment_status":"open","ping_status":"closed","template":"","meta":{"site-sidebar-layout":"default","site-content-layout":"","ast-site-content-layout":"default","site-content-style":"default","site-sidebar-style":"default","ast-global-header-display":"","ast-banner-title-visibility":"","ast-main-header-display":"","ast-hfb-above-header-display":"","ast-hfb-below-header-display":"","ast-hfb-mobile-header-display":"","site-post-title":"","ast-breadcrumbs-content":"","ast-featured-img":"","footer-sml-layout":"","theme-transparent-header-meta":"default","adv-header-id-meta":"","stick-header-meta":"","header-above-stick-meta":"","header-main-stick-meta":"","header-below-stick-meta":"","astra-migrate-meta-layouts":"set","ast-page-background-enabled":"default","ast-page-background-meta":{"desktop":{"background-color":"var(--ast-global-color-4)","background-image":"","background-repeat":"repeat","background-position":"center center","background-size":"auto","background-attachment":"scroll","background-type":"","background-media":"","overlay-type":"","overlay-color":"","overlay-opacity":"","overlay-gradient":""},"tablet":{"background-color":"","background-image":"","background-repeat":"repeat","background-position":"center center","background-size":"auto","background-attachment":"scroll","background-type":"","background-media":"","overlay-type":"","overlay-color":"","overlay-opacity":"","overlay-gradient":""},"mobile":{"background-color":"","background-image":"","background-repeat":"repeat","background-position":"center center","background-size":"auto","background-attachment":"scroll","background-type":"","background-media":"","overlay-type":"","overlay-color":"","overlay-opacity":"","overlay-gradient":""}},"ast-content-background-meta":{"desktop":{"background-color":"var(--ast-global-color-5)","background-image":"","background-repeat":"repeat","background-position":"center center","background-size":"auto","background-attachment":"scroll","background-type":"","background-media":"","overlay-type":"","overlay-color":"","overlay-opacity":"","overlay-gradient":""},"tablet":{"background-color":"var(--ast-global-color-5)","background-image":"","background-repeat":"repeat","background-position":"center center","background-size":"auto","background-attachment":"scroll","background-type":"","background-media":"","overlay-type":"","overlay-color":"","overlay-opacity":"","overlay-gradient":""},"mobile":{"background-color":"var(--ast-global-color-5)","background-image":"","background-repeat":"repeat","background-position":"center center","background-size":"auto","background-attachment":"scroll","background-type":"","background-media":"","overlay-type":"","overlay-color":"","overlay-opacity":"","overlay-gradient":""}}},"product_brand":[],"product_cat":[325,315],"product_tag":[],"berocket_brand":[578],"class_list":{"0":"post-15437","1":"product","2":"type-product","3":"status-publish","4":"has-post-thumbnail","6":"product_cat-hidrogela","7":"product_cat-maskas","8":"berocket_brand-biodance","9":"desktop-align-left","10":"tablet-align-left","11":"mobile-align-left","13":"first","14":"outofstock","15":"sale","16":"taxable","17":"shipping-taxable","18":"purchasable","19":"product-type-simple","20":"add-to-wishlist-before_image"},"yoast_head":"<!-- This site is optimized with the Yoast SEO plugin v27.3 - https:\/\/yoast.com\/product\/yoast-seo-wordpress\/ -->\n<title>BIODANCE Hydro Cera-Nol - FACECORNER<\/title>\n<meta name=\"description\" content=\"BIODANCE Hydro Cera-Nol Real Deep produkts satur sp\u0113c\u012bgas nomierino\u0161as sast\u0101vda\u013cas vien\u0101 maskas iepakojuma loksn\u0113, kura sast\u0101v\u0101 ir Cera-nol recepte.\" \/>\n<meta name=\"robots\" content=\"index, follow, max-snippet:-1, max-image-preview:large, max-video-preview:-1\" \/>\n<link rel=\"canonical\" href=\"https:\/\/www.facecorner.lv\/en\/shop\/biodance-hydro-cera-nol-real-deep\/\" \/>\n<meta property=\"og:locale\" content=\"en_US\" \/>\n<meta property=\"og:type\" content=\"article\" \/>\n<meta property=\"og:title\" content=\"BIODANCE Hydro Cera-Nol - FACECORNER\" \/>\n<meta property=\"og:description\" content=\"BIODANCE Hydro Cera-Nol Real Deep produkts satur sp\u0113c\u012bgas nomierino\u0161as sast\u0101vda\u013cas vien\u0101 maskas iepakojuma loksn\u0113, kura sast\u0101v\u0101 ir Cera-nol recepte.\" \/>\n<meta property=\"og:url\" content=\"https:\/\/www.facecorner.lv\/en\/shop\/biodance-hydro-cera-nol-real-deep\/\" \/>\n<meta property=\"og:site_name\" content=\"FACECORNER\" \/>\n<meta property=\"article:publisher\" content=\"https:\/\/www.facebook.com\/profile.php?id=100063824551839\" \/>\n<meta property=\"article:modified_time\" content=\"2025-11-11T13:53:31+00:00\" \/>\n<meta property=\"og:image\" content=\"https:\/\/www.facecorner.lv\/wp-content\/uploads\/2024\/05\/0000_0_c9ccf588-28b0-47b8-b0a9-6666e37b31b3_800x.jpg.webp\" \/>\n\t<meta property=\"og:image:width\" content=\"800\" \/>\n\t<meta property=\"og:image:height\" content=\"800\" \/>\n\t<meta property=\"og:image:type\" content=\"image\/webp\" \/>\n<meta name=\"twitter:card\" content=\"summary_large_image\" \/>\n<meta name=\"twitter:label1\" content=\"Price\" \/>\n\t<meta name=\"twitter:data1\" content=\"&euro;6.60\" \/>\n\t<meta name=\"twitter:label2\" content=\"Availability\" \/>\n\t<meta name=\"twitter:data2\" content=\"Out of stock\" \/>\n<script type=\"application\/ld+json\" class=\"yoast-schema-graph\">{\"@context\":\"https:\\\/\\\/schema.org\",\"@graph\":[{\"@type\":\"WebPage\",\"@id\":\"https:\\\/\\\/www.facecorner.lv\\\/shop\\\/biodance-hydro-cera-nol-real-deep\\\/\",\"url\":\"https:\\\/\\\/www.facecorner.lv\\\/shop\\\/biodance-hydro-cera-nol-real-deep\\\/\",\"name\":\"BIODANCE Hydro Cera-Nol - FACECORNER\",\"isPartOf\":{\"@id\":\"https:\\\/\\\/www.facecorner.lv\\\/#website\"},\"primaryImageOfPage\":{\"@id\":\"https:\\\/\\\/www.facecorner.lv\\\/shop\\\/biodance-hydro-cera-nol-real-deep\\\/#primaryimage\"},\"image\":{\"@id\":\"https:\\\/\\\/www.facecorner.lv\\\/shop\\\/biodance-hydro-cera-nol-real-deep\\\/#primaryimage\"},\"thumbnailUrl\":\"https:\\\/\\\/www.facecorner.lv\\\/wp-content\\\/uploads\\\/2024\\\/05\\\/0000_0_c9ccf588-28b0-47b8-b0a9-6666e37b31b3_800x.jpg.webp\",\"datePublished\":\"2024-05-08T07:55:06+00:00\",\"dateModified\":\"2025-11-11T13:53:31+00:00\",\"description\":\"BIODANCE Hydro Cera-Nol Real Deep produkts satur sp\u0113c\u012bgas nomierino\u0161as sast\u0101vda\u013cas vien\u0101 maskas iepakojuma loksn\u0113, kura sast\u0101v\u0101 ir Cera-nol recepte.\",\"breadcrumb\":{\"@id\":\"https:\\\/\\\/www.facecorner.lv\\\/shop\\\/biodance-hydro-cera-nol-real-deep\\\/#breadcrumb\"},\"inLanguage\":\"en-US\",\"potentialAction\":[{\"@type\":\"ReadAction\",\"target\":[\"https:\\\/\\\/www.facecorner.lv\\\/shop\\\/biodance-hydro-cera-nol-real-deep\\\/\"]}]},{\"@type\":\"ImageObject\",\"inLanguage\":\"en-US\",\"@id\":\"https:\\\/\\\/www.facecorner.lv\\\/shop\\\/biodance-hydro-cera-nol-real-deep\\\/#primaryimage\",\"url\":\"https:\\\/\\\/www.facecorner.lv\\\/wp-content\\\/uploads\\\/2024\\\/05\\\/0000_0_c9ccf588-28b0-47b8-b0a9-6666e37b31b3_800x.jpg.webp\",\"contentUrl\":\"https:\\\/\\\/www.facecorner.lv\\\/wp-content\\\/uploads\\\/2024\\\/05\\\/0000_0_c9ccf588-28b0-47b8-b0a9-6666e37b31b3_800x.jpg.webp\",\"width\":800,\"height\":800,\"caption\":\"BIODANCE Hydro Cera-Nol Real Deep\"},{\"@type\":\"BreadcrumbList\",\"@id\":\"https:\\\/\\\/www.facecorner.lv\\\/shop\\\/biodance-hydro-cera-nol-real-deep\\\/#breadcrumb\",\"itemListElement\":[{\"@type\":\"ListItem\",\"position\":1,\"name\":\"Home\",\"item\":\"https:\\\/\\\/www.facecorner.lv\\\/\"},{\"@type\":\"ListItem\",\"position\":2,\"name\":\"Veikals\",\"item\":\"https:\\\/\\\/www.facecorner.lv\\\/shop\\\/\"},{\"@type\":\"ListItem\",\"position\":3,\"name\":\"BIODANCE Hydro Cera-Nol\"}]},{\"@type\":\"WebSite\",\"@id\":\"https:\\\/\\\/www.facecorner.lv\\\/#website\",\"url\":\"https:\\\/\\\/www.facecorner.lv\\\/\",\"name\":\"Facecorner\",\"description\":\"\",\"publisher\":{\"@id\":\"https:\\\/\\\/www.facecorner.lv\\\/#organization\"},\"potentialAction\":[{\"@type\":\"SearchAction\",\"target\":{\"@type\":\"EntryPoint\",\"urlTemplate\":\"https:\\\/\\\/www.facecorner.lv\\\/?s={search_term_string}\"},\"query-input\":{\"@type\":\"PropertyValueSpecification\",\"valueRequired\":true,\"valueName\":\"search_term_string\"}}],\"inLanguage\":\"en-US\"},{\"@type\":\"Organization\",\"@id\":\"https:\\\/\\\/www.facecorner.lv\\\/#organization\",\"name\":\"Facecorner\",\"url\":\"https:\\\/\\\/www.facecorner.lv\\\/\",\"logo\":{\"@type\":\"ImageObject\",\"inLanguage\":\"en-US\",\"@id\":\"https:\\\/\\\/www.facecorner.lv\\\/#\\\/schema\\\/logo\\\/image\\\/\",\"url\":\"https:\\\/\\\/www.facecorner.lv\\\/wp-content\\\/uploads\\\/2024\\\/04\\\/fc-logo.jpg\",\"contentUrl\":\"https:\\\/\\\/www.facecorner.lv\\\/wp-content\\\/uploads\\\/2024\\\/04\\\/fc-logo.jpg\",\"width\":174,\"height\":28,\"caption\":\"Facecorner\"},\"image\":{\"@id\":\"https:\\\/\\\/www.facecorner.lv\\\/#\\\/schema\\\/logo\\\/image\\\/\"},\"sameAs\":[\"https:\\\/\\\/www.facebook.com\\\/profile.php?id=100063824551839\",\"https:\\\/\\\/www.instagram.com\\\/facecorner_shop\\\/\"]}]}<\/script>\n<meta property=\"product:price:amount\" content=\"6.60\" \/>\n<meta property=\"product:price:currency\" content=\"EUR\" \/>\n<meta property=\"og:availability\" content=\"out of stock\" \/>\n<meta property=\"product:availability\" content=\"out of stock\" \/>\n<meta property=\"product:condition\" content=\"new\" \/>\n<!-- \/ Yoast SEO plugin. -->","yoast_head_json":{"title":"BIODANCE Hydro Cera-Nol - FACECORNER","description":"BIODANCE Hydro Cera-Nol Real Deep produkts satur sp\u0113c\u012bgas nomierino\u0161as sast\u0101vda\u013cas vien\u0101 maskas iepakojuma loksn\u0113, kura sast\u0101v\u0101 ir Cera-nol recepte.","robots":{"index":"index","follow":"follow","max-snippet":"max-snippet:-1","max-image-preview":"max-image-preview:large","max-video-preview":"max-video-preview:-1"},"canonical":"https:\/\/www.facecorner.lv\/en\/shop\/biodance-hydro-cera-nol-real-deep\/","og_locale":"en_US","og_type":"article","og_title":"BIODANCE Hydro Cera-Nol - FACECORNER","og_description":"BIODANCE Hydro Cera-Nol Real Deep produkts satur sp\u0113c\u012bgas nomierino\u0161as sast\u0101vda\u013cas vien\u0101 maskas iepakojuma loksn\u0113, kura sast\u0101v\u0101 ir Cera-nol recepte.","og_url":"https:\/\/www.facecorner.lv\/en\/shop\/biodance-hydro-cera-nol-real-deep\/","og_site_name":"FACECORNER","article_publisher":"https:\/\/www.facebook.com\/profile.php?id=100063824551839","article_modified_time":"2025-11-11T13:53:31+00:00","og_image":[{"width":800,"height":800,"url":"https:\/\/www.facecorner.lv\/wp-content\/uploads\/2024\/05\/0000_0_c9ccf588-28b0-47b8-b0a9-6666e37b31b3_800x.jpg.webp","type":"image\/webp"}],"twitter_card":"summary_large_image","twitter_misc":{"Price":"&euro;6.60","Availability":"Out of stock"},"schema":{"@context":"https:\/\/schema.org","@graph":[{"@type":"WebPage","@id":"https:\/\/www.facecorner.lv\/shop\/biodance-hydro-cera-nol-real-deep\/","url":"https:\/\/www.facecorner.lv\/shop\/biodance-hydro-cera-nol-real-deep\/","name":"BIODANCE Hydro Cera-Nol - FACECORNER","isPartOf":{"@id":"https:\/\/www.facecorner.lv\/#website"},"primaryImageOfPage":{"@id":"https:\/\/www.facecorner.lv\/shop\/biodance-hydro-cera-nol-real-deep\/#primaryimage"},"image":{"@id":"https:\/\/www.facecorner.lv\/shop\/biodance-hydro-cera-nol-real-deep\/#primaryimage"},"thumbnailUrl":"https:\/\/www.facecorner.lv\/wp-content\/uploads\/2024\/05\/0000_0_c9ccf588-28b0-47b8-b0a9-6666e37b31b3_800x.jpg.webp","datePublished":"2024-05-08T07:55:06+00:00","dateModified":"2025-11-11T13:53:31+00:00","description":"BIODANCE Hydro Cera-Nol Real Deep produkts satur sp\u0113c\u012bgas nomierino\u0161as sast\u0101vda\u013cas vien\u0101 maskas iepakojuma loksn\u0113, kura sast\u0101v\u0101 ir Cera-nol recepte.","breadcrumb":{"@id":"https:\/\/www.facecorner.lv\/shop\/biodance-hydro-cera-nol-real-deep\/#breadcrumb"},"inLanguage":"en-US","potentialAction":[{"@type":"ReadAction","target":["https:\/\/www.facecorner.lv\/shop\/biodance-hydro-cera-nol-real-deep\/"]}]},{"@type":"ImageObject","inLanguage":"en-US","@id":"https:\/\/www.facecorner.lv\/shop\/biodance-hydro-cera-nol-real-deep\/#primaryimage","url":"https:\/\/www.facecorner.lv\/wp-content\/uploads\/2024\/05\/0000_0_c9ccf588-28b0-47b8-b0a9-6666e37b31b3_800x.jpg.webp","contentUrl":"https:\/\/www.facecorner.lv\/wp-content\/uploads\/2024\/05\/0000_0_c9ccf588-28b0-47b8-b0a9-6666e37b31b3_800x.jpg.webp","width":800,"height":800,"caption":"BIODANCE Hydro Cera-Nol Real Deep"},{"@type":"BreadcrumbList","@id":"https:\/\/www.facecorner.lv\/shop\/biodance-hydro-cera-nol-real-deep\/#breadcrumb","itemListElement":[{"@type":"ListItem","position":1,"name":"Home","item":"https:\/\/www.facecorner.lv\/"},{"@type":"ListItem","position":2,"name":"Veikals","item":"https:\/\/www.facecorner.lv\/shop\/"},{"@type":"ListItem","position":3,"name":"BIODANCE Hydro Cera-Nol"}]},{"@type":"WebSite","@id":"https:\/\/www.facecorner.lv\/#website","url":"https:\/\/www.facecorner.lv\/","name":"Facecorner","description":"","publisher":{"@id":"https:\/\/www.facecorner.lv\/#organization"},"potentialAction":[{"@type":"SearchAction","target":{"@type":"EntryPoint","urlTemplate":"https:\/\/www.facecorner.lv\/?s={search_term_string}"},"query-input":{"@type":"PropertyValueSpecification","valueRequired":true,"valueName":"search_term_string"}}],"inLanguage":"en-US"},{"@type":"Organization","@id":"https:\/\/www.facecorner.lv\/#organization","name":"Facecorner","url":"https:\/\/www.facecorner.lv\/","logo":{"@type":"ImageObject","inLanguage":"en-US","@id":"https:\/\/www.facecorner.lv\/#\/schema\/logo\/image\/","url":"https:\/\/www.facecorner.lv\/wp-content\/uploads\/2024\/04\/fc-logo.jpg","contentUrl":"https:\/\/www.facecorner.lv\/wp-content\/uploads\/2024\/04\/fc-logo.jpg","width":174,"height":28,"caption":"Facecorner"},"image":{"@id":"https:\/\/www.facecorner.lv\/#\/schema\/logo\/image\/"},"sameAs":["https:\/\/www.facebook.com\/profile.php?id=100063824551839","https:\/\/www.instagram.com\/facecorner_shop\/"]}]},"product_price_amount":"6.60","product_price_currency":"EUR","og_availability":"out of stock","product_availability":"out of stock","product_condition":"new"},"_links":{"self":[{"href":"https:\/\/www.facecorner.lv\/en\/wp-json\/wp\/v2\/product\/15437","targetHints":{"allow":["GET"]}}],"collection":[{"href":"https:\/\/www.facecorner.lv\/en\/wp-json\/wp\/v2\/product"}],"about":[{"href":"https:\/\/www.facecorner.lv\/en\/wp-json\/wp\/v2\/types\/product"}],"replies":[{"embeddable":true,"href":"https:\/\/www.facecorner.lv\/en\/wp-json\/wp\/v2\/comments?post=15437"}],"wp:featuredmedia":[{"embeddable":true,"href":"https:\/\/www.facecorner.lv\/en\/wp-json\/wp\/v2\/media\/15438"}],"wp:attachment":[{"href":"https:\/\/www.facecorner.lv\/en\/wp-json\/wp\/v2\/media?parent=15437"}],"wp:term":[{"taxonomy":"product_brand","embeddable":true,"href":"https:\/\/www.facecorner.lv\/en\/wp-json\/wp\/v2\/product_brand?post=15437"},{"taxonomy":"product_cat","embeddable":true,"href":"https:\/\/www.facecorner.lv\/en\/wp-json\/wp\/v2\/product_cat?post=15437"},{"taxonomy":"product_tag","embeddable":true,"href":"https:\/\/www.facecorner.lv\/en\/wp-json\/wp\/v2\/product_tag?post=15437"},{"taxonomy":"berocket_brand","embeddable":true,"href":"https:\/\/www.facecorner.lv\/en\/wp-json\/wp\/v2\/berocket_brand?post=15437"}],"curies":[{"name":"wp","href":"https:\/\/api.w.org\/{rel}","templated":true}]}}