{"id":15377,"date":"2024-05-06T18:07:40","date_gmt":"2024-05-06T16:07:40","guid":{"rendered":"https:\/\/www.facecorner.lv\/?post_type=product&#038;p=15377"},"modified":"2025-12-16T02:12:22","modified_gmt":"2025-12-15T23:12:22","slug":"medi-peel-5-gf-eye-tox-cream-40ml","status":"publish","type":"product","link":"https:\/\/www.facecorner.lv\/en\/shop\/medi-peel-5-gf-eye-tox-cream-40ml\/","title":{"rendered":"Medi-Peel 5 GF Eye Tox Cream 40ml"},"content":{"rendered":"<p>Rejuvenating eye lifting cream with peptide complex Medi-Peel 5 GF Eye Tox Cream cares for mature skin and slows down the aging process.<\/p>\n<p>The complex of 5 types of peptides \"5PEPTIDE BALANCE\" rejuvenates, reduces existing wrinkles and prevents the appearance of new ones, tightens, moisturizes and slows down the aging process. Peptides help to strengthen the contours of the face, increase the overall tone of the skin, accelerate the natural process of production of collagen and elastin fibers in the epidermis.<\/p>\n<p>The cream effectively affects mature skin, strengthens and tightens, increases skin elasticity, and activates the synthesis of collagen and elastin, preventing skin sagging. It has a rejuvenating effect, reduces the depth and severity of age wrinkles and smooths expression wrinkles. Strengthens turgor, moisturizes and slows down the aging process.<\/p>\n<p>Replenishes the lack of moisture and maintains an optimal level of hydration and soothes irritated skin.<\/p>\n<p>The product can be used locally, applying to areas with pronounced wrinkles - nasolabial folds, interbrow area and neck.<\/p>\n<p><strong>Main active ingredients:<\/strong><\/p>\n<ul>\n<li>Adenosine is a powerful anti-aging component. It tightens the skin, enhances collagen production, helps to reduce the number of wrinkles, inhibits the aging process.<\/li>\n<li>Complex of 5 types of peptides helps to moisturize the skin and retain moisture, improves complexion, giving a healthy glow and smoothing the tone, reduces the depth and number of both age and expression lines, increases elasticity, reduces swelling, lightens pigmentation<\/li>\n<li>Hydrolyzed collagen helps to even out skin microrelief, smooth out small wrinkles and reduce the depth of large expression lines, increase firmness and elasticity, easily tighten the oval of the face, tone the skin. It is a powerful moisturizer and protects the moisture in the deep layers from premature evaporation.<\/li>\n<li>Hyaluronic acid provides long-term and high-intensity moisturizing of the skin, protects against dehydration and the formation of premature wrinkles, stimulates cell renewal, heals wounds and cracks.<\/li>\n<li>Green tea extract perfectly moisturizes and tones the skin, has antioxidant action, has antibacterial properties, makes the skin firm and elastic, smooths wrinkles, improves complexion.<\/li>\n<li>Rosemary extract promotes skin cell renewal, tones, improves blood circulation, smooths skin texture, has a good tightening and peeling effect, ideal for mature skin and the fight against age-related changes.<\/li>\n<\/ul>\n<p><strong>How to use:<\/strong> Apply the required amount of cream locally to the eye area, nasolabial folds, interbrow area and neck. Gently spread the cream on the skin by lightly beating it in with your little fingers.<\/p>\n<p><strong>Ingredientes:\u00a0<\/strong>Purified water, Butylene Glycol, Caprylic\/Capric Triglyceride, Cetearyl Alcohol, Glycerin, Stearic Acid, Polyglyceryl-3methylglucose Distearate, Cyclopentasiloxane, Urea, C12-15 alkyl Benzoate, Glyceryl Stearate, Hydroxyacetophenone, Carbomer, Triethanolamine, Dimethicone, Betaine, Propanediol, Macadamia Seed Oil, Meadowform Seed Oil, Ethylhexyl Glycerin, Panthenol, FivP, Adenosine, Disodium EDTA, Green Tea Extract, Lavender Extract, Rosemary Leaf Extract, Sodium Hyaluronate, Acetylhexapeptide-8 (100 ppm), Aloe Vera Ieaf Juice, Palmitoyl Tetrapeptide-7, Palmitoyl Tripeptide-1, Hydrolyzed Collagen, Golden Extract, 1,2-Hexanediol,Aloe Vera Leaf Extract,Bioflavonoid,Broccoli Extract,SH-Oligopeptide-1(0.0001ppm), SH-Oligopeptide-2 (0.0001 ppm) ,SH-Polypeptide-1 (0.0001 ppm), SH-Polypeptide-16 (0.0001 ppm), SH-Polypeptide-3 (0.0001 ppm)<\/p>","protected":false},"excerpt":{"rendered":"<p>Atjaunojo\u0161s acu liftinga kr\u0113ms ar pept\u012bdu kompleksu Medi-Peel 5 GF Eye Tox Cream kopj nobriedu\u0161u \u0101du un pal\u0113nina noveco\u0161an\u0101s procesu. 5 veidu pept\u012bdu komplekss &#8220;5PEPTIDE BALANCE&#8221; atjauno, samazina eso\u0161\u0101s grumbas un nov\u0113r\u0161 jaunu grumbu ra\u0161anos, savelk, mitrina un pal\u0113nina noveco\u0161an\u0101s procesu. Peptidi pal\u012bdz nostiprin\u0101t sejas kont\u016bras, paaugstina kop\u0113jo \u0101das tonusu, pa\u0101trina dabisko kolag\u0113na un elast\u012bna [&hellip;]<\/p>\n","protected":false},"featured_media":15378,"comment_status":"open","ping_status":"closed","template":"","meta":{"site-sidebar-layout":"default","site-content-layout":"","ast-site-content-layout":"","site-content-style":"default","site-sidebar-style":"default","ast-global-header-display":"","ast-banner-title-visibility":"","ast-main-header-display":"","ast-hfb-above-header-display":"","ast-hfb-below-header-display":"","ast-hfb-mobile-header-display":"","site-post-title":"","ast-breadcrumbs-content":"","ast-featured-img":"","footer-sml-layout":"","theme-transparent-header-meta":"","adv-header-id-meta":"","stick-header-meta":"","header-above-stick-meta":"","header-main-stick-meta":"","header-below-stick-meta":"","astra-migrate-meta-layouts":"default","ast-page-background-enabled":"default","ast-page-background-meta":{"desktop":{"background-color":"var(--ast-global-color-4)","background-image":"","background-repeat":"repeat","background-position":"center center","background-size":"auto","background-attachment":"scroll","background-type":"","background-media":"","overlay-type":"","overlay-color":"","overlay-opacity":"","overlay-gradient":""},"tablet":{"background-color":"","background-image":"","background-repeat":"repeat","background-position":"center center","background-size":"auto","background-attachment":"scroll","background-type":"","background-media":"","overlay-type":"","overlay-color":"","overlay-opacity":"","overlay-gradient":""},"mobile":{"background-color":"","background-image":"","background-repeat":"repeat","background-position":"center center","background-size":"auto","background-attachment":"scroll","background-type":"","background-media":"","overlay-type":"","overlay-color":"","overlay-opacity":"","overlay-gradient":""}},"ast-content-background-meta":{"desktop":{"background-color":"var(--ast-global-color-5)","background-image":"","background-repeat":"repeat","background-position":"center center","background-size":"auto","background-attachment":"scroll","background-type":"","background-media":"","overlay-type":"","overlay-color":"","overlay-opacity":"","overlay-gradient":""},"tablet":{"background-color":"var(--ast-global-color-5)","background-image":"","background-repeat":"repeat","background-position":"center center","background-size":"auto","background-attachment":"scroll","background-type":"","background-media":"","overlay-type":"","overlay-color":"","overlay-opacity":"","overlay-gradient":""},"mobile":{"background-color":"var(--ast-global-color-5)","background-image":"","background-repeat":"repeat","background-position":"center center","background-size":"auto","background-attachment":"scroll","background-type":"","background-media":"","overlay-type":"","overlay-color":"","overlay-opacity":"","overlay-gradient":""}}},"product_brand":[],"product_cat":[308],"product_tag":[],"berocket_brand":[583],"class_list":{"0":"post-15377","1":"product","2":"type-product","3":"status-publish","4":"has-post-thumbnail","6":"product_cat-acu-krems","7":"berocket_brand-medi-peel","8":"desktop-align-left","9":"tablet-align-left","10":"mobile-align-left","12":"first","13":"outofstock","14":"taxable","15":"shipping-taxable","16":"purchasable","17":"product-type-simple","18":"add-to-wishlist-before_image"},"yoast_head":"<!-- This site is optimized with the Yoast SEO plugin v27.3 - https:\/\/yoast.com\/product\/yoast-seo-wordpress\/ -->\n<title>Medi-Peel 5 GF Eye Tox Cream 40ml - FACECORNER<\/title>\n<meta name=\"robots\" content=\"index, follow, max-snippet:-1, max-image-preview:large, max-video-preview:-1\" \/>\n<link rel=\"canonical\" href=\"https:\/\/www.facecorner.lv\/en\/shop\/medi-peel-5-gf-eye-tox-cream-40ml\/\" \/>\n<meta property=\"og:locale\" content=\"en_US\" \/>\n<meta property=\"og:type\" content=\"article\" \/>\n<meta property=\"og:title\" content=\"Medi-Peel 5 GF Eye Tox Cream 40ml - FACECORNER\" \/>\n<meta property=\"og:description\" content=\"Atjaunojo\u0161s acu liftinga kr\u0113ms ar pept\u012bdu kompleksu Medi-Peel 5 GF Eye Tox Cream kopj nobriedu\u0161u \u0101du un pal\u0113nina noveco\u0161an\u0101s procesu. 5 veidu pept\u012bdu komplekss &#8220;5PEPTIDE BALANCE&#8221; atjauno, samazina eso\u0161\u0101s grumbas un nov\u0113r\u0161 jaunu grumbu ra\u0161anos, savelk, mitrina un pal\u0113nina noveco\u0161an\u0101s procesu. Peptidi pal\u012bdz nostiprin\u0101t sejas kont\u016bras, paaugstina kop\u0113jo \u0101das tonusu, pa\u0101trina dabisko kolag\u0113na un elast\u012bna [&hellip;]\" \/>\n<meta property=\"og:url\" content=\"https:\/\/www.facecorner.lv\/en\/shop\/medi-peel-5-gf-eye-tox-cream-40ml\/\" \/>\n<meta property=\"og:site_name\" content=\"FACECORNER\" \/>\n<meta property=\"article:publisher\" content=\"https:\/\/www.facebook.com\/profile.php?id=100063824551839\" \/>\n<meta property=\"article:modified_time\" content=\"2025-12-15T23:12:22+00:00\" \/>\n<meta property=\"og:image\" content=\"https:\/\/www.facecorner.lv\/wp-content\/uploads\/2024\/05\/51qCCBMpdfL.jpg\" \/>\n\t<meta property=\"og:image:width\" content=\"1500\" \/>\n\t<meta property=\"og:image:height\" content=\"1500\" \/>\n\t<meta property=\"og:image:type\" content=\"image\/jpeg\" \/>\n<meta name=\"twitter:card\" content=\"summary_large_image\" \/>\n<meta name=\"twitter:label1\" content=\"Price\" \/>\n\t<meta name=\"twitter:data1\" content=\"&euro;20.99\" \/>\n\t<meta name=\"twitter:label2\" content=\"Availability\" \/>\n\t<meta name=\"twitter:data2\" content=\"Out of stock\" \/>\n<script type=\"application\/ld+json\" class=\"yoast-schema-graph\">{\"@context\":\"https:\\\/\\\/schema.org\",\"@graph\":[{\"@type\":\"WebPage\",\"@id\":\"https:\\\/\\\/www.facecorner.lv\\\/shop\\\/medi-peel-5-gf-eye-tox-cream-40ml\\\/\",\"url\":\"https:\\\/\\\/www.facecorner.lv\\\/shop\\\/medi-peel-5-gf-eye-tox-cream-40ml\\\/\",\"name\":\"Medi-Peel 5 GF Eye Tox Cream 40ml - FACECORNER\",\"isPartOf\":{\"@id\":\"https:\\\/\\\/www.facecorner.lv\\\/#website\"},\"primaryImageOfPage\":{\"@id\":\"https:\\\/\\\/www.facecorner.lv\\\/shop\\\/medi-peel-5-gf-eye-tox-cream-40ml\\\/#primaryimage\"},\"image\":{\"@id\":\"https:\\\/\\\/www.facecorner.lv\\\/shop\\\/medi-peel-5-gf-eye-tox-cream-40ml\\\/#primaryimage\"},\"thumbnailUrl\":\"https:\\\/\\\/www.facecorner.lv\\\/wp-content\\\/uploads\\\/2024\\\/05\\\/51qCCBMpdfL.jpg\",\"datePublished\":\"2024-05-06T16:07:40+00:00\",\"dateModified\":\"2025-12-15T23:12:22+00:00\",\"breadcrumb\":{\"@id\":\"https:\\\/\\\/www.facecorner.lv\\\/shop\\\/medi-peel-5-gf-eye-tox-cream-40ml\\\/#breadcrumb\"},\"inLanguage\":\"en-US\",\"potentialAction\":[{\"@type\":\"ReadAction\",\"target\":[\"https:\\\/\\\/www.facecorner.lv\\\/shop\\\/medi-peel-5-gf-eye-tox-cream-40ml\\\/\"]}]},{\"@type\":\"ImageObject\",\"inLanguage\":\"en-US\",\"@id\":\"https:\\\/\\\/www.facecorner.lv\\\/shop\\\/medi-peel-5-gf-eye-tox-cream-40ml\\\/#primaryimage\",\"url\":\"https:\\\/\\\/www.facecorner.lv\\\/wp-content\\\/uploads\\\/2024\\\/05\\\/51qCCBMpdfL.jpg\",\"contentUrl\":\"https:\\\/\\\/www.facecorner.lv\\\/wp-content\\\/uploads\\\/2024\\\/05\\\/51qCCBMpdfL.jpg\",\"width\":1500,\"height\":1500,\"caption\":\"Version 1.0.0\"},{\"@type\":\"BreadcrumbList\",\"@id\":\"https:\\\/\\\/www.facecorner.lv\\\/shop\\\/medi-peel-5-gf-eye-tox-cream-40ml\\\/#breadcrumb\",\"itemListElement\":[{\"@type\":\"ListItem\",\"position\":1,\"name\":\"Home\",\"item\":\"https:\\\/\\\/www.facecorner.lv\\\/\"},{\"@type\":\"ListItem\",\"position\":2,\"name\":\"Veikals\",\"item\":\"https:\\\/\\\/www.facecorner.lv\\\/shop\\\/\"},{\"@type\":\"ListItem\",\"position\":3,\"name\":\"Medi-Peel 5 GF Eye Tox Cream 40ml\"}]},{\"@type\":\"WebSite\",\"@id\":\"https:\\\/\\\/www.facecorner.lv\\\/#website\",\"url\":\"https:\\\/\\\/www.facecorner.lv\\\/\",\"name\":\"Facecorner\",\"description\":\"\",\"publisher\":{\"@id\":\"https:\\\/\\\/www.facecorner.lv\\\/#organization\"},\"potentialAction\":[{\"@type\":\"SearchAction\",\"target\":{\"@type\":\"EntryPoint\",\"urlTemplate\":\"https:\\\/\\\/www.facecorner.lv\\\/?s={search_term_string}\"},\"query-input\":{\"@type\":\"PropertyValueSpecification\",\"valueRequired\":true,\"valueName\":\"search_term_string\"}}],\"inLanguage\":\"en-US\"},{\"@type\":\"Organization\",\"@id\":\"https:\\\/\\\/www.facecorner.lv\\\/#organization\",\"name\":\"Facecorner\",\"url\":\"https:\\\/\\\/www.facecorner.lv\\\/\",\"logo\":{\"@type\":\"ImageObject\",\"inLanguage\":\"en-US\",\"@id\":\"https:\\\/\\\/www.facecorner.lv\\\/#\\\/schema\\\/logo\\\/image\\\/\",\"url\":\"https:\\\/\\\/www.facecorner.lv\\\/wp-content\\\/uploads\\\/2024\\\/04\\\/fc-logo.jpg\",\"contentUrl\":\"https:\\\/\\\/www.facecorner.lv\\\/wp-content\\\/uploads\\\/2024\\\/04\\\/fc-logo.jpg\",\"width\":174,\"height\":28,\"caption\":\"Facecorner\"},\"image\":{\"@id\":\"https:\\\/\\\/www.facecorner.lv\\\/#\\\/schema\\\/logo\\\/image\\\/\"},\"sameAs\":[\"https:\\\/\\\/www.facebook.com\\\/profile.php?id=100063824551839\",\"https:\\\/\\\/www.instagram.com\\\/facecorner_shop\\\/\"]}]}<\/script>\n<meta property=\"product:price:amount\" content=\"20.99\" \/>\n<meta property=\"product:price:currency\" content=\"EUR\" \/>\n<meta property=\"og:availability\" content=\"out of stock\" \/>\n<meta property=\"product:availability\" content=\"out of stock\" \/>\n<meta property=\"product:condition\" content=\"new\" \/>\n<!-- \/ Yoast SEO plugin. -->","yoast_head_json":{"title":"Medi-Peel 5 GF Eye Tox Cream 40ml - FACECORNER","robots":{"index":"index","follow":"follow","max-snippet":"max-snippet:-1","max-image-preview":"max-image-preview:large","max-video-preview":"max-video-preview:-1"},"canonical":"https:\/\/www.facecorner.lv\/en\/shop\/medi-peel-5-gf-eye-tox-cream-40ml\/","og_locale":"en_US","og_type":"article","og_title":"Medi-Peel 5 GF Eye Tox Cream 40ml - FACECORNER","og_description":"Atjaunojo\u0161s acu liftinga kr\u0113ms ar pept\u012bdu kompleksu Medi-Peel 5 GF Eye Tox Cream kopj nobriedu\u0161u \u0101du un pal\u0113nina noveco\u0161an\u0101s procesu. 5 veidu pept\u012bdu komplekss &#8220;5PEPTIDE BALANCE&#8221; atjauno, samazina eso\u0161\u0101s grumbas un nov\u0113r\u0161 jaunu grumbu ra\u0161anos, savelk, mitrina un pal\u0113nina noveco\u0161an\u0101s procesu. Peptidi pal\u012bdz nostiprin\u0101t sejas kont\u016bras, paaugstina kop\u0113jo \u0101das tonusu, pa\u0101trina dabisko kolag\u0113na un elast\u012bna [&hellip;]","og_url":"https:\/\/www.facecorner.lv\/en\/shop\/medi-peel-5-gf-eye-tox-cream-40ml\/","og_site_name":"FACECORNER","article_publisher":"https:\/\/www.facebook.com\/profile.php?id=100063824551839","article_modified_time":"2025-12-15T23:12:22+00:00","og_image":[{"width":1500,"height":1500,"url":"https:\/\/www.facecorner.lv\/wp-content\/uploads\/2024\/05\/51qCCBMpdfL.jpg","type":"image\/jpeg"}],"twitter_card":"summary_large_image","twitter_misc":{"Price":"&euro;20.99","Availability":"Out of stock"},"schema":{"@context":"https:\/\/schema.org","@graph":[{"@type":"WebPage","@id":"https:\/\/www.facecorner.lv\/shop\/medi-peel-5-gf-eye-tox-cream-40ml\/","url":"https:\/\/www.facecorner.lv\/shop\/medi-peel-5-gf-eye-tox-cream-40ml\/","name":"Medi-Peel 5 GF Eye Tox Cream 40ml - FACECORNER","isPartOf":{"@id":"https:\/\/www.facecorner.lv\/#website"},"primaryImageOfPage":{"@id":"https:\/\/www.facecorner.lv\/shop\/medi-peel-5-gf-eye-tox-cream-40ml\/#primaryimage"},"image":{"@id":"https:\/\/www.facecorner.lv\/shop\/medi-peel-5-gf-eye-tox-cream-40ml\/#primaryimage"},"thumbnailUrl":"https:\/\/www.facecorner.lv\/wp-content\/uploads\/2024\/05\/51qCCBMpdfL.jpg","datePublished":"2024-05-06T16:07:40+00:00","dateModified":"2025-12-15T23:12:22+00:00","breadcrumb":{"@id":"https:\/\/www.facecorner.lv\/shop\/medi-peel-5-gf-eye-tox-cream-40ml\/#breadcrumb"},"inLanguage":"en-US","potentialAction":[{"@type":"ReadAction","target":["https:\/\/www.facecorner.lv\/shop\/medi-peel-5-gf-eye-tox-cream-40ml\/"]}]},{"@type":"ImageObject","inLanguage":"en-US","@id":"https:\/\/www.facecorner.lv\/shop\/medi-peel-5-gf-eye-tox-cream-40ml\/#primaryimage","url":"https:\/\/www.facecorner.lv\/wp-content\/uploads\/2024\/05\/51qCCBMpdfL.jpg","contentUrl":"https:\/\/www.facecorner.lv\/wp-content\/uploads\/2024\/05\/51qCCBMpdfL.jpg","width":1500,"height":1500,"caption":"Version 1.0.0"},{"@type":"BreadcrumbList","@id":"https:\/\/www.facecorner.lv\/shop\/medi-peel-5-gf-eye-tox-cream-40ml\/#breadcrumb","itemListElement":[{"@type":"ListItem","position":1,"name":"Home","item":"https:\/\/www.facecorner.lv\/"},{"@type":"ListItem","position":2,"name":"Veikals","item":"https:\/\/www.facecorner.lv\/shop\/"},{"@type":"ListItem","position":3,"name":"Medi-Peel 5 GF Eye Tox Cream 40ml"}]},{"@type":"WebSite","@id":"https:\/\/www.facecorner.lv\/#website","url":"https:\/\/www.facecorner.lv\/","name":"Facecorner","description":"","publisher":{"@id":"https:\/\/www.facecorner.lv\/#organization"},"potentialAction":[{"@type":"SearchAction","target":{"@type":"EntryPoint","urlTemplate":"https:\/\/www.facecorner.lv\/?s={search_term_string}"},"query-input":{"@type":"PropertyValueSpecification","valueRequired":true,"valueName":"search_term_string"}}],"inLanguage":"en-US"},{"@type":"Organization","@id":"https:\/\/www.facecorner.lv\/#organization","name":"Facecorner","url":"https:\/\/www.facecorner.lv\/","logo":{"@type":"ImageObject","inLanguage":"en-US","@id":"https:\/\/www.facecorner.lv\/#\/schema\/logo\/image\/","url":"https:\/\/www.facecorner.lv\/wp-content\/uploads\/2024\/04\/fc-logo.jpg","contentUrl":"https:\/\/www.facecorner.lv\/wp-content\/uploads\/2024\/04\/fc-logo.jpg","width":174,"height":28,"caption":"Facecorner"},"image":{"@id":"https:\/\/www.facecorner.lv\/#\/schema\/logo\/image\/"},"sameAs":["https:\/\/www.facebook.com\/profile.php?id=100063824551839","https:\/\/www.instagram.com\/facecorner_shop\/"]}]},"product_price_amount":"20.99","product_price_currency":"EUR","og_availability":"out of stock","product_availability":"out of stock","product_condition":"new"},"_links":{"self":[{"href":"https:\/\/www.facecorner.lv\/en\/wp-json\/wp\/v2\/product\/15377","targetHints":{"allow":["GET"]}}],"collection":[{"href":"https:\/\/www.facecorner.lv\/en\/wp-json\/wp\/v2\/product"}],"about":[{"href":"https:\/\/www.facecorner.lv\/en\/wp-json\/wp\/v2\/types\/product"}],"replies":[{"embeddable":true,"href":"https:\/\/www.facecorner.lv\/en\/wp-json\/wp\/v2\/comments?post=15377"}],"wp:featuredmedia":[{"embeddable":true,"href":"https:\/\/www.facecorner.lv\/en\/wp-json\/wp\/v2\/media\/15378"}],"wp:attachment":[{"href":"https:\/\/www.facecorner.lv\/en\/wp-json\/wp\/v2\/media?parent=15377"}],"wp:term":[{"taxonomy":"product_brand","embeddable":true,"href":"https:\/\/www.facecorner.lv\/en\/wp-json\/wp\/v2\/product_brand?post=15377"},{"taxonomy":"product_cat","embeddable":true,"href":"https:\/\/www.facecorner.lv\/en\/wp-json\/wp\/v2\/product_cat?post=15377"},{"taxonomy":"product_tag","embeddable":true,"href":"https:\/\/www.facecorner.lv\/en\/wp-json\/wp\/v2\/product_tag?post=15377"},{"taxonomy":"berocket_brand","embeddable":true,"href":"https:\/\/www.facecorner.lv\/en\/wp-json\/wp\/v2\/berocket_brand?post=15377"}],"curies":[{"name":"wp","href":"https:\/\/api.w.org\/{rel}","templated":true}]}}