{"id":15352,"date":"2024-05-04T07:10:03","date_gmt":"2024-05-04T05:10:03","guid":{"rendered":"https:\/\/www.facecorner.lv\/?post_type=product&#038;p=15352"},"modified":"2024-12-14T13:49:31","modified_gmt":"2024-12-14T10:49:31","slug":"medi-peel-algo-tox-vita-cleanser-150ml","status":"publish","type":"product","link":"https:\/\/www.facecorner.lv\/en\/shop\/medi-peel-algo-tox-vita-cleanser-150ml\/","title":{"rendered":"Medi-Peel Algo-Tox Vita Cleanser 150ml"},"content":{"rendered":"<p>Medi-Peel Algo-Tox Vita Cleanser Gel is an oxygenated deep pore cleanser that has an additional brightening effect and smooths the skin.<\/p>\n<p>It has a subtle citrus scent. Neutral pH level ~6.5 does not disturb the healthy acid-alkaline balance of the epidermis.<\/p>\n<p><strong>The product forms a lush foam that thoroughly removes impurities, prevents pore clogging and inflammation. With regular use, it gently lightens pigment spots and acne marks, fights dullness, gives a healthy glow and smoothness after washing.<\/strong><\/p>\n<p>V-Label\u00ae certified internationally, confirming that the formula contains no ingredients of animal origin.<\/p>\n<p><strong>Contains a complex of 13 vitamins that penetrate deeper through liposomal delivery technology:<\/strong><\/p>\n<ul>\n<li>Panthenol (vitamin B5) relieves redness and itching, strengthens the hydrolipidic barrier, prevents moisture evaporation, and promotes repair.<\/li>\n<li>Sodium ascorbyl phosphate, beta-carotene (vitamins C and A) lighten pigmentation, block inflammation, neutralize oxidative stress and stimulate the production of collagen, thus increasing elasticity and density.<\/li>\n<li>Pyridoxine, cyanocobalamin (vitamins B6 and B12) moisturize, soothe, suppress inflammation, strengthen capillaries, help in the treatment of acne.<\/li>\n<li>Menadione (vitamin K) strengthens the walls of blood vessels and prevents couperosis, stimulates the renewal process and prolongs the youthfulness of the skin.<\/li>\n<li>Thiamine, riboflavin (vitamins B1 and B2) have an antioxidant effect, excellent conditioning, regulate metabolic processes in the walls of blood vessels.<\/li>\n<li>Tocopherol, linoleic acid (vitamins E and F) prevent moisture evaporation, thus maintaining an optimal level of hydration. They accelerate the healing process and increase local immunity.<\/li>\n<\/ul>\n<p><strong>How to use:<\/strong> Apply the gel in a thick layer on a dry face, spread, avoiding the eye and lip area. Wait for bubbles to form, then massage the skin for 30-60 seconds and rinse with water.<\/p>\n<p><strong>Ingredientes:<\/strong> Water, Ammonium Laureth Sulfate, Cocamidopropyl Betaine, Methyl Perfluorobutyl Ether, Methyl Perfluoroisobutyl Ether, Acrylates Copolymer, Ammonium Lauryl Sulfate, Hippophae Rhamnoides Water, Lactobacillus\/Soybean Ferment Extract, Portulaca Oleracea Extract, Origanum Vulgare Leaf Extract, Cinnamomum Cass Bark Extract, Salix Alba (Willow) Bark Extract, Scutellaria Baicalensis Root Extract, Chamaecyparis Obtusa Leaf Extract, Sodium Chloride, Lauryl Hydroxysultaine Potassium Hydroxide, Panthenol, Sodium Ascorbyl Phosphate, Niacinamide, Biotin, Pyridoxine, Folic Acid, Cyanocobalamin, Tocopherol, Thiamine HCl, Beta-Carotene, Linoleic Acid, Riboflavin, Menadione, Hippophae Rhamnoides Extract, Centella Asiatica Extract, Madecassic Acid, Asiaticoside, Asiatic Acid, Madecassoside, Citrus Limon (Lemon) Peel Extract, Citrus Limon (Lemon) Fruit Extract, Dipotassium Glycyrrhizate, Sodium Cocoyl Apple Amino acid, Triticum Vulgare (Wheat) Sprout Extract, Glycerin, Hydrogenated Lecithin, Polyglyceryl-10 Stearate, Potassium Alginate, Acetyl Hexapeptide-8, Copper Tripeptide-1, Hexapeptide-9, Acetyl Octapeptide-3, Palmitoyl Hexapeptide-12, Disodium Cocoamphodiacetate, Dipropylene Glycol, Hydroxyacetophenone, Citrus Aurantium Dulcis (Orange) Peel Oil, Hippophae Rhamnoides Oil, Cymbopogon Schoenanthus Oil, Butylene Glycol, 1,2-Hexanediol, Disodium EDTA, Hexylene Glycol, Citric Acid, Tetrasodium Glutamate Diacetate, Caprylyl Glycol, Yellow 5 (CI 19140), Red 40 (CI 16035), Limonene, Citral, Geraniol<\/p>","protected":false},"excerpt":{"rendered":"<p>Medi-Peel Algo-Tox Vita Cleanser Gel ir ar sk\u0101bekli pies\u0101tin\u0101ts dzi\u013co poru att\u012bro\u0161s l\u012bdzeklis, kam piem\u012bt papildu balino\u0161s efekts un kas izl\u012bdzina \u0101du. Tam ir maigs citrusaug\u013cu arom\u0101ts. Neitr\u0101lais pH l\u012bmenis ~6,5 neizjauc epidermas vesel\u012bgo sk\u0101bju un s\u0101rmu l\u012bdzsvaru. L\u012bdzeklis veido sul\u012bgas putas, kas r\u016bp\u012bgi no\u0146em net\u012brumus, nov\u0113r\u0161 poru aizs\u0113r\u0113\u0161anu un iekaisumu. Regul\u0101ri lietojot, tas maigi [&hellip;]<\/p>\n","protected":false},"featured_media":15353,"comment_status":"open","ping_status":"closed","template":"","meta":{"site-sidebar-layout":"default","site-content-layout":"","ast-site-content-layout":"","site-content-style":"default","site-sidebar-style":"default","ast-global-header-display":"","ast-banner-title-visibility":"","ast-main-header-display":"","ast-hfb-above-header-display":"","ast-hfb-below-header-display":"","ast-hfb-mobile-header-display":"","site-post-title":"","ast-breadcrumbs-content":"","ast-featured-img":"","footer-sml-layout":"","theme-transparent-header-meta":"","adv-header-id-meta":"","stick-header-meta":"","header-above-stick-meta":"","header-main-stick-meta":"","header-below-stick-meta":"","astra-migrate-meta-layouts":"default","ast-page-background-enabled":"default","ast-page-background-meta":{"desktop":{"background-color":"var(--ast-global-color-4)","background-image":"","background-repeat":"repeat","background-position":"center center","background-size":"auto","background-attachment":"scroll","background-type":"","background-media":"","overlay-type":"","overlay-color":"","overlay-opacity":"","overlay-gradient":""},"tablet":{"background-color":"","background-image":"","background-repeat":"repeat","background-position":"center center","background-size":"auto","background-attachment":"scroll","background-type":"","background-media":"","overlay-type":"","overlay-color":"","overlay-opacity":"","overlay-gradient":""},"mobile":{"background-color":"","background-image":"","background-repeat":"repeat","background-position":"center center","background-size":"auto","background-attachment":"scroll","background-type":"","background-media":"","overlay-type":"","overlay-color":"","overlay-opacity":"","overlay-gradient":""}},"ast-content-background-meta":{"desktop":{"background-color":"var(--ast-global-color-5)","background-image":"","background-repeat":"repeat","background-position":"center center","background-size":"auto","background-attachment":"scroll","background-type":"","background-media":"","overlay-type":"","overlay-color":"","overlay-opacity":"","overlay-gradient":""},"tablet":{"background-color":"var(--ast-global-color-5)","background-image":"","background-repeat":"repeat","background-position":"center center","background-size":"auto","background-attachment":"scroll","background-type":"","background-media":"","overlay-type":"","overlay-color":"","overlay-opacity":"","overlay-gradient":""},"mobile":{"background-color":"var(--ast-global-color-5)","background-image":"","background-repeat":"repeat","background-position":"center center","background-size":"auto","background-attachment":"scroll","background-type":"","background-media":"","overlay-type":"","overlay-color":"","overlay-opacity":"","overlay-gradient":""}}},"product_brand":[],"product_cat":[310,311,312,313,317,314],"product_tag":[],"berocket_brand":[583],"class_list":{"0":"post-15352","1":"product","2":"type-product","3":"status-publish","4":"has-post-thumbnail","6":"product_cat-attirisana","7":"product_cat-jutigai-adai-attirisana","8":"product_cat-kombinetai-adai-attirisana","9":"product_cat-problematiskai-adai-attirisana","10":"product_cat-sausai-adai-attirisana","11":"product_cat-taukainai-adai-attirisana","12":"berocket_brand-medi-peel","13":"desktop-align-left","14":"tablet-align-left","15":"mobile-align-left","17":"first","18":"outofstock","19":"taxable","20":"shipping-taxable","21":"purchasable","22":"product-type-simple","23":"add-to-wishlist-before_image"},"yoast_head":"<!-- This site is optimized with the Yoast SEO plugin v27.4 - https:\/\/yoast.com\/product\/yoast-seo-wordpress\/ -->\n<title>Medi-Peel Algo-Tox Vita Cleanser 150ml - FACECORNER<\/title>\n<meta name=\"robots\" content=\"index, follow, max-snippet:-1, max-image-preview:large, max-video-preview:-1\" \/>\n<link rel=\"canonical\" href=\"https:\/\/www.facecorner.lv\/en\/shop\/medi-peel-algo-tox-vita-cleanser-150ml\/\" \/>\n<meta property=\"og:locale\" content=\"en_US\" \/>\n<meta property=\"og:type\" content=\"article\" \/>\n<meta property=\"og:title\" content=\"Medi-Peel Algo-Tox Vita Cleanser 150ml - FACECORNER\" \/>\n<meta property=\"og:description\" content=\"Medi-Peel Algo-Tox Vita Cleanser Gel ir ar sk\u0101bekli pies\u0101tin\u0101ts dzi\u013co poru att\u012bro\u0161s l\u012bdzeklis, kam piem\u012bt papildu balino\u0161s efekts un kas izl\u012bdzina \u0101du. Tam ir maigs citrusaug\u013cu arom\u0101ts. Neitr\u0101lais pH l\u012bmenis ~6,5 neizjauc epidermas vesel\u012bgo sk\u0101bju un s\u0101rmu l\u012bdzsvaru. L\u012bdzeklis veido sul\u012bgas putas, kas r\u016bp\u012bgi no\u0146em net\u012brumus, nov\u0113r\u0161 poru aizs\u0113r\u0113\u0161anu un iekaisumu. Regul\u0101ri lietojot, tas maigi [&hellip;]\" \/>\n<meta property=\"og:url\" content=\"https:\/\/www.facecorner.lv\/en\/shop\/medi-peel-algo-tox-vita-cleanser-150ml\/\" \/>\n<meta property=\"og:site_name\" content=\"FACECORNER\" \/>\n<meta property=\"article:publisher\" content=\"https:\/\/www.facebook.com\/profile.php?id=100063824551839\" \/>\n<meta property=\"article:modified_time\" content=\"2024-12-14T10:49:31+00:00\" \/>\n<meta property=\"og:image\" content=\"https:\/\/www.facecorner.lv\/wp-content\/uploads\/2024\/05\/gq7gdksdgxpqj18cfbmurunqco4fzah4.jpg\" \/>\n\t<meta property=\"og:image:width\" content=\"1000\" \/>\n\t<meta property=\"og:image:height\" content=\"1000\" \/>\n\t<meta property=\"og:image:type\" content=\"image\/jpeg\" \/>\n<meta name=\"twitter:card\" content=\"summary_large_image\" \/>\n<meta name=\"twitter:label1\" content=\"Price\" \/>\n\t<meta name=\"twitter:data1\" content=\"&euro;23.50\" \/>\n\t<meta name=\"twitter:label2\" content=\"Availability\" \/>\n\t<meta name=\"twitter:data2\" content=\"Out of stock\" \/>\n<script type=\"application\/ld+json\" class=\"yoast-schema-graph\">{\"@context\":\"https:\\\/\\\/schema.org\",\"@graph\":[{\"@type\":\"WebPage\",\"@id\":\"https:\\\/\\\/www.facecorner.lv\\\/shop\\\/medi-peel-algo-tox-vita-cleanser-150ml\\\/\",\"url\":\"https:\\\/\\\/www.facecorner.lv\\\/shop\\\/medi-peel-algo-tox-vita-cleanser-150ml\\\/\",\"name\":\"Medi-Peel Algo-Tox Vita Cleanser 150ml - FACECORNER\",\"isPartOf\":{\"@id\":\"https:\\\/\\\/www.facecorner.lv\\\/#website\"},\"primaryImageOfPage\":{\"@id\":\"https:\\\/\\\/www.facecorner.lv\\\/shop\\\/medi-peel-algo-tox-vita-cleanser-150ml\\\/#primaryimage\"},\"image\":{\"@id\":\"https:\\\/\\\/www.facecorner.lv\\\/shop\\\/medi-peel-algo-tox-vita-cleanser-150ml\\\/#primaryimage\"},\"thumbnailUrl\":\"https:\\\/\\\/www.facecorner.lv\\\/wp-content\\\/uploads\\\/2024\\\/05\\\/gq7gdksdgxpqj18cfbmurunqco4fzah4.jpg\",\"datePublished\":\"2024-05-04T05:10:03+00:00\",\"dateModified\":\"2024-12-14T10:49:31+00:00\",\"breadcrumb\":{\"@id\":\"https:\\\/\\\/www.facecorner.lv\\\/shop\\\/medi-peel-algo-tox-vita-cleanser-150ml\\\/#breadcrumb\"},\"inLanguage\":\"en-US\",\"potentialAction\":[{\"@type\":\"ReadAction\",\"target\":[\"https:\\\/\\\/www.facecorner.lv\\\/shop\\\/medi-peel-algo-tox-vita-cleanser-150ml\\\/\"]}]},{\"@type\":\"ImageObject\",\"inLanguage\":\"en-US\",\"@id\":\"https:\\\/\\\/www.facecorner.lv\\\/shop\\\/medi-peel-algo-tox-vita-cleanser-150ml\\\/#primaryimage\",\"url\":\"https:\\\/\\\/www.facecorner.lv\\\/wp-content\\\/uploads\\\/2024\\\/05\\\/gq7gdksdgxpqj18cfbmurunqco4fzah4.jpg\",\"contentUrl\":\"https:\\\/\\\/www.facecorner.lv\\\/wp-content\\\/uploads\\\/2024\\\/05\\\/gq7gdksdgxpqj18cfbmurunqco4fzah4.jpg\",\"width\":1000,\"height\":1000},{\"@type\":\"BreadcrumbList\",\"@id\":\"https:\\\/\\\/www.facecorner.lv\\\/shop\\\/medi-peel-algo-tox-vita-cleanser-150ml\\\/#breadcrumb\",\"itemListElement\":[{\"@type\":\"ListItem\",\"position\":1,\"name\":\"Home\",\"item\":\"https:\\\/\\\/www.facecorner.lv\\\/\"},{\"@type\":\"ListItem\",\"position\":2,\"name\":\"Veikals\",\"item\":\"https:\\\/\\\/www.facecorner.lv\\\/shop\\\/\"},{\"@type\":\"ListItem\",\"position\":3,\"name\":\"Medi-Peel Algo-Tox Vita Cleanser 150ml\"}]},{\"@type\":\"WebSite\",\"@id\":\"https:\\\/\\\/www.facecorner.lv\\\/#website\",\"url\":\"https:\\\/\\\/www.facecorner.lv\\\/\",\"name\":\"Facecorner\",\"description\":\"\",\"publisher\":{\"@id\":\"https:\\\/\\\/www.facecorner.lv\\\/#organization\"},\"potentialAction\":[{\"@type\":\"SearchAction\",\"target\":{\"@type\":\"EntryPoint\",\"urlTemplate\":\"https:\\\/\\\/www.facecorner.lv\\\/?s={search_term_string}\"},\"query-input\":{\"@type\":\"PropertyValueSpecification\",\"valueRequired\":true,\"valueName\":\"search_term_string\"}}],\"inLanguage\":\"en-US\"},{\"@type\":\"Organization\",\"@id\":\"https:\\\/\\\/www.facecorner.lv\\\/#organization\",\"name\":\"Facecorner\",\"url\":\"https:\\\/\\\/www.facecorner.lv\\\/\",\"logo\":{\"@type\":\"ImageObject\",\"inLanguage\":\"en-US\",\"@id\":\"https:\\\/\\\/www.facecorner.lv\\\/#\\\/schema\\\/logo\\\/image\\\/\",\"url\":\"https:\\\/\\\/www.facecorner.lv\\\/wp-content\\\/uploads\\\/2024\\\/04\\\/fc-logo.jpg\",\"contentUrl\":\"https:\\\/\\\/www.facecorner.lv\\\/wp-content\\\/uploads\\\/2024\\\/04\\\/fc-logo.jpg\",\"width\":174,\"height\":28,\"caption\":\"Facecorner\"},\"image\":{\"@id\":\"https:\\\/\\\/www.facecorner.lv\\\/#\\\/schema\\\/logo\\\/image\\\/\"},\"sameAs\":[\"https:\\\/\\\/www.facebook.com\\\/profile.php?id=100063824551839\",\"https:\\\/\\\/www.instagram.com\\\/facecorner_shop\\\/\"]}]}<\/script>\n<meta property=\"product:price:amount\" content=\"23.50\" \/>\n<meta property=\"product:price:currency\" content=\"EUR\" \/>\n<meta property=\"og:availability\" content=\"out of stock\" \/>\n<meta property=\"product:availability\" content=\"out of stock\" \/>\n<meta property=\"product:condition\" content=\"new\" \/>\n<!-- \/ Yoast SEO plugin. -->","yoast_head_json":{"title":"Medi-Peel Algo-Tox Vita Cleanser 150ml - FACECORNER","robots":{"index":"index","follow":"follow","max-snippet":"max-snippet:-1","max-image-preview":"max-image-preview:large","max-video-preview":"max-video-preview:-1"},"canonical":"https:\/\/www.facecorner.lv\/en\/shop\/medi-peel-algo-tox-vita-cleanser-150ml\/","og_locale":"en_US","og_type":"article","og_title":"Medi-Peel Algo-Tox Vita Cleanser 150ml - FACECORNER","og_description":"Medi-Peel Algo-Tox Vita Cleanser Gel ir ar sk\u0101bekli pies\u0101tin\u0101ts dzi\u013co poru att\u012bro\u0161s l\u012bdzeklis, kam piem\u012bt papildu balino\u0161s efekts un kas izl\u012bdzina \u0101du. Tam ir maigs citrusaug\u013cu arom\u0101ts. Neitr\u0101lais pH l\u012bmenis ~6,5 neizjauc epidermas vesel\u012bgo sk\u0101bju un s\u0101rmu l\u012bdzsvaru. L\u012bdzeklis veido sul\u012bgas putas, kas r\u016bp\u012bgi no\u0146em net\u012brumus, nov\u0113r\u0161 poru aizs\u0113r\u0113\u0161anu un iekaisumu. Regul\u0101ri lietojot, tas maigi [&hellip;]","og_url":"https:\/\/www.facecorner.lv\/en\/shop\/medi-peel-algo-tox-vita-cleanser-150ml\/","og_site_name":"FACECORNER","article_publisher":"https:\/\/www.facebook.com\/profile.php?id=100063824551839","article_modified_time":"2024-12-14T10:49:31+00:00","og_image":[{"width":1000,"height":1000,"url":"https:\/\/www.facecorner.lv\/wp-content\/uploads\/2024\/05\/gq7gdksdgxpqj18cfbmurunqco4fzah4.jpg","type":"image\/jpeg"}],"twitter_card":"summary_large_image","twitter_misc":{"Price":"&euro;23.50","Availability":"Out of stock"},"schema":{"@context":"https:\/\/schema.org","@graph":[{"@type":"WebPage","@id":"https:\/\/www.facecorner.lv\/shop\/medi-peel-algo-tox-vita-cleanser-150ml\/","url":"https:\/\/www.facecorner.lv\/shop\/medi-peel-algo-tox-vita-cleanser-150ml\/","name":"Medi-Peel Algo-Tox Vita Cleanser 150ml - FACECORNER","isPartOf":{"@id":"https:\/\/www.facecorner.lv\/#website"},"primaryImageOfPage":{"@id":"https:\/\/www.facecorner.lv\/shop\/medi-peel-algo-tox-vita-cleanser-150ml\/#primaryimage"},"image":{"@id":"https:\/\/www.facecorner.lv\/shop\/medi-peel-algo-tox-vita-cleanser-150ml\/#primaryimage"},"thumbnailUrl":"https:\/\/www.facecorner.lv\/wp-content\/uploads\/2024\/05\/gq7gdksdgxpqj18cfbmurunqco4fzah4.jpg","datePublished":"2024-05-04T05:10:03+00:00","dateModified":"2024-12-14T10:49:31+00:00","breadcrumb":{"@id":"https:\/\/www.facecorner.lv\/shop\/medi-peel-algo-tox-vita-cleanser-150ml\/#breadcrumb"},"inLanguage":"en-US","potentialAction":[{"@type":"ReadAction","target":["https:\/\/www.facecorner.lv\/shop\/medi-peel-algo-tox-vita-cleanser-150ml\/"]}]},{"@type":"ImageObject","inLanguage":"en-US","@id":"https:\/\/www.facecorner.lv\/shop\/medi-peel-algo-tox-vita-cleanser-150ml\/#primaryimage","url":"https:\/\/www.facecorner.lv\/wp-content\/uploads\/2024\/05\/gq7gdksdgxpqj18cfbmurunqco4fzah4.jpg","contentUrl":"https:\/\/www.facecorner.lv\/wp-content\/uploads\/2024\/05\/gq7gdksdgxpqj18cfbmurunqco4fzah4.jpg","width":1000,"height":1000},{"@type":"BreadcrumbList","@id":"https:\/\/www.facecorner.lv\/shop\/medi-peel-algo-tox-vita-cleanser-150ml\/#breadcrumb","itemListElement":[{"@type":"ListItem","position":1,"name":"Home","item":"https:\/\/www.facecorner.lv\/"},{"@type":"ListItem","position":2,"name":"Veikals","item":"https:\/\/www.facecorner.lv\/shop\/"},{"@type":"ListItem","position":3,"name":"Medi-Peel Algo-Tox Vita Cleanser 150ml"}]},{"@type":"WebSite","@id":"https:\/\/www.facecorner.lv\/#website","url":"https:\/\/www.facecorner.lv\/","name":"Facecorner","description":"","publisher":{"@id":"https:\/\/www.facecorner.lv\/#organization"},"potentialAction":[{"@type":"SearchAction","target":{"@type":"EntryPoint","urlTemplate":"https:\/\/www.facecorner.lv\/?s={search_term_string}"},"query-input":{"@type":"PropertyValueSpecification","valueRequired":true,"valueName":"search_term_string"}}],"inLanguage":"en-US"},{"@type":"Organization","@id":"https:\/\/www.facecorner.lv\/#organization","name":"Facecorner","url":"https:\/\/www.facecorner.lv\/","logo":{"@type":"ImageObject","inLanguage":"en-US","@id":"https:\/\/www.facecorner.lv\/#\/schema\/logo\/image\/","url":"https:\/\/www.facecorner.lv\/wp-content\/uploads\/2024\/04\/fc-logo.jpg","contentUrl":"https:\/\/www.facecorner.lv\/wp-content\/uploads\/2024\/04\/fc-logo.jpg","width":174,"height":28,"caption":"Facecorner"},"image":{"@id":"https:\/\/www.facecorner.lv\/#\/schema\/logo\/image\/"},"sameAs":["https:\/\/www.facebook.com\/profile.php?id=100063824551839","https:\/\/www.instagram.com\/facecorner_shop\/"]}]},"product_price_amount":"23.50","product_price_currency":"EUR","og_availability":"out of stock","product_availability":"out of stock","product_condition":"new"},"_links":{"self":[{"href":"https:\/\/www.facecorner.lv\/en\/wp-json\/wp\/v2\/product\/15352","targetHints":{"allow":["GET"]}}],"collection":[{"href":"https:\/\/www.facecorner.lv\/en\/wp-json\/wp\/v2\/product"}],"about":[{"href":"https:\/\/www.facecorner.lv\/en\/wp-json\/wp\/v2\/types\/product"}],"replies":[{"embeddable":true,"href":"https:\/\/www.facecorner.lv\/en\/wp-json\/wp\/v2\/comments?post=15352"}],"wp:featuredmedia":[{"embeddable":true,"href":"https:\/\/www.facecorner.lv\/en\/wp-json\/wp\/v2\/media\/15353"}],"wp:attachment":[{"href":"https:\/\/www.facecorner.lv\/en\/wp-json\/wp\/v2\/media?parent=15352"}],"wp:term":[{"taxonomy":"product_brand","embeddable":true,"href":"https:\/\/www.facecorner.lv\/en\/wp-json\/wp\/v2\/product_brand?post=15352"},{"taxonomy":"product_cat","embeddable":true,"href":"https:\/\/www.facecorner.lv\/en\/wp-json\/wp\/v2\/product_cat?post=15352"},{"taxonomy":"product_tag","embeddable":true,"href":"https:\/\/www.facecorner.lv\/en\/wp-json\/wp\/v2\/product_tag?post=15352"},{"taxonomy":"berocket_brand","embeddable":true,"href":"https:\/\/www.facecorner.lv\/en\/wp-json\/wp\/v2\/berocket_brand?post=15352"}],"curies":[{"name":"wp","href":"https:\/\/api.w.org\/{rel}","templated":true}]}}