{"id":15221,"date":"2024-04-24T07:44:41","date_gmt":"2024-04-24T05:44:41","guid":{"rendered":"https:\/\/www.facecorner.lv\/?post_type=product&#038;p=15221"},"modified":"2024-12-02T23:25:13","modified_gmt":"2024-12-02T20:25:13","slug":"some-by-mi-charcoal-bha-pore-clay-bubble-mask-120ml","status":"publish","type":"product","link":"https:\/\/www.facecorner.lv\/en\/shop\/some-by-mi-charcoal-bha-pore-clay-bubble-mask-120ml\/","title":{"rendered":"Some By Mi Charcoal BHA Pore Clay Bubble Mask 120ml"},"content":{"rendered":"<p>The Some By Mi Charcoal BHA Pore Clay Bubble Mask is a dynamic skincare solution featuring 0.5% BHA, 3% charcoal extract, and 5% kaolin to deliver a purifying and pore-refining experience.<\/p>\n<p>Infused with the patented ingredient Truecica to soothe the skin and carbonated water for revitalization, this mask aims to improve both skin tone and texture. Specifically designed for those combating excessive sebum and stubborn clogged pores, this bubbling mask utilizes a powerful triple-action formula.<\/p>\n<p>With a base of two types of clay, it effectively draws out sebum, while BHA and Activated Charcoal work to tighten pores and eliminate dead skin cells.<\/p>\n<p><strong>Main active ingredients:<\/strong><\/p>\n<ul>\n<li>Clay helps tighten enlarged pores and absorbs excess sebum. Effectively cleanses and mattifies the skin.<\/li>\n<li>Activated charcoal has antibacterial effects, deeply cleanses the skin and draws out impurities, toxins and excess sebum.<\/li>\n<li>Salicilsk\u0101be eksfoli\u0113 keratiniz\u0113t\u0101s \u0101das \u0161\u016bnas, stimul\u0113 \u0161\u016bnu atjauno\u0161anos, iedarbojas antimikrobi\u0101li, normaliz\u0113 \u0101das pH un sebumu, uzlabo sejas kr\u0101su.<\/li>\n<li>Salicylic acid unclogs clogged pores and prevents blackheads. Deeply cleanses the skin and promotes skin regeneration.<\/li>\n<li>Chinese tea tree extract helps maintain the skin's proper pH and protects it from dryness.<\/li>\n<\/ul>\n<p><strong>How to use:<\/strong> Apply a small amount of the mask evenly on cleansed and dried facial skin (avoid the eye area). After 3-5 minutes, the mask will start to fizz and form bubbles. Add a little water and massage for 2 minutes. Then rinse thoroughly with water.<\/p>\n<p><strong>Ingredientes:\u00a0<\/strong>Water, butylene glycol, sodium cocoyl ethionate, glycerin, kaolin (50,000 ppm), charcoal powder (30,000 ppm), disodium laureth sulfosuccinate, methyl perfluoroisobutyl ether, sodium methyl Cocoyl taurate, lauric acid, potassium cocoyl glycinate, coco-betaine, methyl perfluorobutyl ether, acrylate copolymer, Manicua Gang clay (100 ppm), tea tree leaf water, Centella asiatica extract, Centella asiatica leaf extract, mugwort leaf extract, apple extract, madecasic acid, madecassoside, asiaticoside, asiatic acid, ascorbyl glucoside, glutathione, salicylic acid (5,000 ppm), caprylyl glycol, citric acid, Carbonated water, benzyl glycol, ethylhexyl glycerin, raspberry ketone, disodium EDTA, fragrance<\/p>","protected":false},"excerpt":{"rendered":"<p>Some By Mi Charcoal BHA Pore Clay Bubble Mask dzi\u013ci att\u012bra poras un pies\u0101tina \u0161\u016bnas ar sk\u0101bekli. Nov\u0113r\u0161 melnos plankumus, mat\u0113 un nov\u0113r\u0161 taukainu sp\u012bdumu. Maigi pul\u0113 \u0101du, izl\u012bdzina \u0101das toni un reljefu. Burbu\u013cu maska efekt\u012bvi no\u0146em net\u012brumus, putek\u013cus un kosm\u0113tikas atlikumus. Regul\u0113 tauku dziedzeru darb\u012bbu, nov\u0113r\u0161 taukain\u0101 sp\u012bduma ra\u0161anos un samazina \u0101das taukain\u012bbu. Samazina [&hellip;]<\/p>\n","protected":false},"featured_media":15222,"comment_status":"open","ping_status":"closed","template":"","meta":{"site-sidebar-layout":"default","site-content-layout":"","ast-site-content-layout":"","site-content-style":"default","site-sidebar-style":"default","ast-global-header-display":"","ast-banner-title-visibility":"","ast-main-header-display":"","ast-hfb-above-header-display":"","ast-hfb-below-header-display":"","ast-hfb-mobile-header-display":"","site-post-title":"","ast-breadcrumbs-content":"","ast-featured-img":"","footer-sml-layout":"","theme-transparent-header-meta":"","adv-header-id-meta":"","stick-header-meta":"","header-above-stick-meta":"","header-main-stick-meta":"","header-below-stick-meta":"","astra-migrate-meta-layouts":"default","ast-page-background-enabled":"default","ast-page-background-meta":{"desktop":{"background-color":"var(--ast-global-color-4)","background-image":"","background-repeat":"repeat","background-position":"center center","background-size":"auto","background-attachment":"scroll","background-type":"","background-media":"","overlay-type":"","overlay-color":"","overlay-opacity":"","overlay-gradient":""},"tablet":{"background-color":"","background-image":"","background-repeat":"repeat","background-position":"center center","background-size":"auto","background-attachment":"scroll","background-type":"","background-media":"","overlay-type":"","overlay-color":"","overlay-opacity":"","overlay-gradient":""},"mobile":{"background-color":"","background-image":"","background-repeat":"repeat","background-position":"center center","background-size":"auto","background-attachment":"scroll","background-type":"","background-media":"","overlay-type":"","overlay-color":"","overlay-opacity":"","overlay-gradient":""}},"ast-content-background-meta":{"desktop":{"background-color":"var(--ast-global-color-5)","background-image":"","background-repeat":"repeat","background-position":"center center","background-size":"auto","background-attachment":"scroll","background-type":"","background-media":"","overlay-type":"","overlay-color":"","overlay-opacity":"","overlay-gradient":""},"tablet":{"background-color":"var(--ast-global-color-5)","background-image":"","background-repeat":"repeat","background-position":"center center","background-size":"auto","background-attachment":"scroll","background-type":"","background-media":"","overlay-type":"","overlay-color":"","overlay-opacity":"","overlay-gradient":""},"mobile":{"background-color":"var(--ast-global-color-5)","background-image":"","background-repeat":"repeat","background-position":"center center","background-size":"auto","background-attachment":"scroll","background-type":"","background-media":"","overlay-type":"","overlay-color":"","overlay-opacity":"","overlay-gradient":""}}},"product_brand":[],"product_cat":[316,315],"product_tag":[],"berocket_brand":[581],"class_list":{"0":"post-15221","1":"product","2":"type-product","3":"status-publish","4":"has-post-thumbnail","6":"product_cat-attirosas","7":"product_cat-maskas","8":"berocket_brand-some-by-mi","9":"desktop-align-left","10":"tablet-align-left","11":"mobile-align-left","13":"first","14":"outofstock","15":"taxable","16":"shipping-taxable","17":"purchasable","18":"product-type-simple","19":"add-to-wishlist-before_image"},"yoast_head":"<!-- This site is optimized with the Yoast SEO plugin v27.3 - https:\/\/yoast.com\/product\/yoast-seo-wordpress\/ -->\n<title>Some By Mi Charcoal BHA Pore Clay Bubble Mask 120ml - FACECORNER<\/title>\n<meta name=\"robots\" content=\"index, follow, max-snippet:-1, max-image-preview:large, max-video-preview:-1\" \/>\n<link rel=\"canonical\" href=\"https:\/\/www.facecorner.lv\/en\/shop\/some-by-mi-charcoal-bha-pore-clay-bubble-mask-120ml\/\" \/>\n<meta property=\"og:locale\" content=\"en_US\" \/>\n<meta property=\"og:type\" content=\"article\" \/>\n<meta property=\"og:title\" content=\"Some By Mi Charcoal BHA Pore Clay Bubble Mask 120ml - FACECORNER\" \/>\n<meta property=\"og:description\" content=\"Some By Mi Charcoal BHA Pore Clay Bubble Mask dzi\u013ci att\u012bra poras un pies\u0101tina \u0161\u016bnas ar sk\u0101bekli. Nov\u0113r\u0161 melnos plankumus, mat\u0113 un nov\u0113r\u0161 taukainu sp\u012bdumu. Maigi pul\u0113 \u0101du, izl\u012bdzina \u0101das toni un reljefu. Burbu\u013cu maska efekt\u012bvi no\u0146em net\u012brumus, putek\u013cus un kosm\u0113tikas atlikumus. Regul\u0113 tauku dziedzeru darb\u012bbu, nov\u0113r\u0161 taukain\u0101 sp\u012bduma ra\u0161anos un samazina \u0101das taukain\u012bbu. Samazina [&hellip;]\" \/>\n<meta property=\"og:url\" content=\"https:\/\/www.facecorner.lv\/en\/shop\/some-by-mi-charcoal-bha-pore-clay-bubble-mask-120ml\/\" \/>\n<meta property=\"og:site_name\" content=\"FACECORNER\" \/>\n<meta property=\"article:publisher\" content=\"https:\/\/www.facebook.com\/profile.php?id=100063824551839\" \/>\n<meta property=\"article:modified_time\" content=\"2024-12-02T20:25:13+00:00\" \/>\n<meta property=\"og:image\" content=\"https:\/\/www.facecorner.lv\/wp-content\/uploads\/2024\/04\/ea7dc06e03a1fb4e3fafc59401d21ad1.jpg\" \/>\n\t<meta property=\"og:image:width\" content=\"1024\" \/>\n\t<meta property=\"og:image:height\" content=\"1024\" \/>\n\t<meta property=\"og:image:type\" content=\"image\/jpeg\" \/>\n<meta name=\"twitter:card\" content=\"summary_large_image\" \/>\n<meta name=\"twitter:label1\" content=\"Price\" \/>\n\t<meta name=\"twitter:data1\" content=\"&euro;18.00\" \/>\n\t<meta name=\"twitter:label2\" content=\"Availability\" \/>\n\t<meta name=\"twitter:data2\" content=\"Out of stock\" \/>\n<script type=\"application\/ld+json\" class=\"yoast-schema-graph\">{\"@context\":\"https:\\\/\\\/schema.org\",\"@graph\":[{\"@type\":\"WebPage\",\"@id\":\"https:\\\/\\\/www.facecorner.lv\\\/shop\\\/some-by-mi-charcoal-bha-pore-clay-bubble-mask-120ml\\\/\",\"url\":\"https:\\\/\\\/www.facecorner.lv\\\/shop\\\/some-by-mi-charcoal-bha-pore-clay-bubble-mask-120ml\\\/\",\"name\":\"Some By Mi Charcoal BHA Pore Clay Bubble Mask 120ml - FACECORNER\",\"isPartOf\":{\"@id\":\"https:\\\/\\\/www.facecorner.lv\\\/#website\"},\"primaryImageOfPage\":{\"@id\":\"https:\\\/\\\/www.facecorner.lv\\\/shop\\\/some-by-mi-charcoal-bha-pore-clay-bubble-mask-120ml\\\/#primaryimage\"},\"image\":{\"@id\":\"https:\\\/\\\/www.facecorner.lv\\\/shop\\\/some-by-mi-charcoal-bha-pore-clay-bubble-mask-120ml\\\/#primaryimage\"},\"thumbnailUrl\":\"https:\\\/\\\/www.facecorner.lv\\\/wp-content\\\/uploads\\\/2024\\\/04\\\/ea7dc06e03a1fb4e3fafc59401d21ad1.jpg\",\"datePublished\":\"2024-04-24T05:44:41+00:00\",\"dateModified\":\"2024-12-02T20:25:13+00:00\",\"breadcrumb\":{\"@id\":\"https:\\\/\\\/www.facecorner.lv\\\/shop\\\/some-by-mi-charcoal-bha-pore-clay-bubble-mask-120ml\\\/#breadcrumb\"},\"inLanguage\":\"en-US\",\"potentialAction\":[{\"@type\":\"ReadAction\",\"target\":[\"https:\\\/\\\/www.facecorner.lv\\\/shop\\\/some-by-mi-charcoal-bha-pore-clay-bubble-mask-120ml\\\/\"]}]},{\"@type\":\"ImageObject\",\"inLanguage\":\"en-US\",\"@id\":\"https:\\\/\\\/www.facecorner.lv\\\/shop\\\/some-by-mi-charcoal-bha-pore-clay-bubble-mask-120ml\\\/#primaryimage\",\"url\":\"https:\\\/\\\/www.facecorner.lv\\\/wp-content\\\/uploads\\\/2024\\\/04\\\/ea7dc06e03a1fb4e3fafc59401d21ad1.jpg\",\"contentUrl\":\"https:\\\/\\\/www.facecorner.lv\\\/wp-content\\\/uploads\\\/2024\\\/04\\\/ea7dc06e03a1fb4e3fafc59401d21ad1.jpg\",\"width\":1024,\"height\":1024},{\"@type\":\"BreadcrumbList\",\"@id\":\"https:\\\/\\\/www.facecorner.lv\\\/shop\\\/some-by-mi-charcoal-bha-pore-clay-bubble-mask-120ml\\\/#breadcrumb\",\"itemListElement\":[{\"@type\":\"ListItem\",\"position\":1,\"name\":\"Home\",\"item\":\"https:\\\/\\\/www.facecorner.lv\\\/\"},{\"@type\":\"ListItem\",\"position\":2,\"name\":\"Veikals\",\"item\":\"https:\\\/\\\/www.facecorner.lv\\\/shop\\\/\"},{\"@type\":\"ListItem\",\"position\":3,\"name\":\"Some By Mi Charcoal BHA Pore Clay Bubble Mask 120ml\"}]},{\"@type\":\"WebSite\",\"@id\":\"https:\\\/\\\/www.facecorner.lv\\\/#website\",\"url\":\"https:\\\/\\\/www.facecorner.lv\\\/\",\"name\":\"Facecorner\",\"description\":\"\",\"publisher\":{\"@id\":\"https:\\\/\\\/www.facecorner.lv\\\/#organization\"},\"potentialAction\":[{\"@type\":\"SearchAction\",\"target\":{\"@type\":\"EntryPoint\",\"urlTemplate\":\"https:\\\/\\\/www.facecorner.lv\\\/?s={search_term_string}\"},\"query-input\":{\"@type\":\"PropertyValueSpecification\",\"valueRequired\":true,\"valueName\":\"search_term_string\"}}],\"inLanguage\":\"en-US\"},{\"@type\":\"Organization\",\"@id\":\"https:\\\/\\\/www.facecorner.lv\\\/#organization\",\"name\":\"Facecorner\",\"url\":\"https:\\\/\\\/www.facecorner.lv\\\/\",\"logo\":{\"@type\":\"ImageObject\",\"inLanguage\":\"en-US\",\"@id\":\"https:\\\/\\\/www.facecorner.lv\\\/#\\\/schema\\\/logo\\\/image\\\/\",\"url\":\"https:\\\/\\\/www.facecorner.lv\\\/wp-content\\\/uploads\\\/2024\\\/04\\\/fc-logo.jpg\",\"contentUrl\":\"https:\\\/\\\/www.facecorner.lv\\\/wp-content\\\/uploads\\\/2024\\\/04\\\/fc-logo.jpg\",\"width\":174,\"height\":28,\"caption\":\"Facecorner\"},\"image\":{\"@id\":\"https:\\\/\\\/www.facecorner.lv\\\/#\\\/schema\\\/logo\\\/image\\\/\"},\"sameAs\":[\"https:\\\/\\\/www.facebook.com\\\/profile.php?id=100063824551839\",\"https:\\\/\\\/www.instagram.com\\\/facecorner_shop\\\/\"]}]}<\/script>\n<meta property=\"product:price:amount\" content=\"18.00\" \/>\n<meta property=\"product:price:currency\" content=\"EUR\" \/>\n<meta property=\"og:availability\" content=\"out of stock\" \/>\n<meta property=\"product:availability\" content=\"out of stock\" \/>\n<meta property=\"product:condition\" content=\"new\" \/>\n<!-- \/ Yoast SEO plugin. -->","yoast_head_json":{"title":"Some By Mi Charcoal BHA Pore Clay Bubble Mask 120ml - FACECORNER","robots":{"index":"index","follow":"follow","max-snippet":"max-snippet:-1","max-image-preview":"max-image-preview:large","max-video-preview":"max-video-preview:-1"},"canonical":"https:\/\/www.facecorner.lv\/en\/shop\/some-by-mi-charcoal-bha-pore-clay-bubble-mask-120ml\/","og_locale":"en_US","og_type":"article","og_title":"Some By Mi Charcoal BHA Pore Clay Bubble Mask 120ml - FACECORNER","og_description":"Some By Mi Charcoal BHA Pore Clay Bubble Mask dzi\u013ci att\u012bra poras un pies\u0101tina \u0161\u016bnas ar sk\u0101bekli. Nov\u0113r\u0161 melnos plankumus, mat\u0113 un nov\u0113r\u0161 taukainu sp\u012bdumu. Maigi pul\u0113 \u0101du, izl\u012bdzina \u0101das toni un reljefu. Burbu\u013cu maska efekt\u012bvi no\u0146em net\u012brumus, putek\u013cus un kosm\u0113tikas atlikumus. Regul\u0113 tauku dziedzeru darb\u012bbu, nov\u0113r\u0161 taukain\u0101 sp\u012bduma ra\u0161anos un samazina \u0101das taukain\u012bbu. Samazina [&hellip;]","og_url":"https:\/\/www.facecorner.lv\/en\/shop\/some-by-mi-charcoal-bha-pore-clay-bubble-mask-120ml\/","og_site_name":"FACECORNER","article_publisher":"https:\/\/www.facebook.com\/profile.php?id=100063824551839","article_modified_time":"2024-12-02T20:25:13+00:00","og_image":[{"width":1024,"height":1024,"url":"https:\/\/www.facecorner.lv\/wp-content\/uploads\/2024\/04\/ea7dc06e03a1fb4e3fafc59401d21ad1.jpg","type":"image\/jpeg"}],"twitter_card":"summary_large_image","twitter_misc":{"Price":"&euro;18.00","Availability":"Out of stock"},"schema":{"@context":"https:\/\/schema.org","@graph":[{"@type":"WebPage","@id":"https:\/\/www.facecorner.lv\/shop\/some-by-mi-charcoal-bha-pore-clay-bubble-mask-120ml\/","url":"https:\/\/www.facecorner.lv\/shop\/some-by-mi-charcoal-bha-pore-clay-bubble-mask-120ml\/","name":"Some By Mi Charcoal BHA Pore Clay Bubble Mask 120ml - FACECORNER","isPartOf":{"@id":"https:\/\/www.facecorner.lv\/#website"},"primaryImageOfPage":{"@id":"https:\/\/www.facecorner.lv\/shop\/some-by-mi-charcoal-bha-pore-clay-bubble-mask-120ml\/#primaryimage"},"image":{"@id":"https:\/\/www.facecorner.lv\/shop\/some-by-mi-charcoal-bha-pore-clay-bubble-mask-120ml\/#primaryimage"},"thumbnailUrl":"https:\/\/www.facecorner.lv\/wp-content\/uploads\/2024\/04\/ea7dc06e03a1fb4e3fafc59401d21ad1.jpg","datePublished":"2024-04-24T05:44:41+00:00","dateModified":"2024-12-02T20:25:13+00:00","breadcrumb":{"@id":"https:\/\/www.facecorner.lv\/shop\/some-by-mi-charcoal-bha-pore-clay-bubble-mask-120ml\/#breadcrumb"},"inLanguage":"en-US","potentialAction":[{"@type":"ReadAction","target":["https:\/\/www.facecorner.lv\/shop\/some-by-mi-charcoal-bha-pore-clay-bubble-mask-120ml\/"]}]},{"@type":"ImageObject","inLanguage":"en-US","@id":"https:\/\/www.facecorner.lv\/shop\/some-by-mi-charcoal-bha-pore-clay-bubble-mask-120ml\/#primaryimage","url":"https:\/\/www.facecorner.lv\/wp-content\/uploads\/2024\/04\/ea7dc06e03a1fb4e3fafc59401d21ad1.jpg","contentUrl":"https:\/\/www.facecorner.lv\/wp-content\/uploads\/2024\/04\/ea7dc06e03a1fb4e3fafc59401d21ad1.jpg","width":1024,"height":1024},{"@type":"BreadcrumbList","@id":"https:\/\/www.facecorner.lv\/shop\/some-by-mi-charcoal-bha-pore-clay-bubble-mask-120ml\/#breadcrumb","itemListElement":[{"@type":"ListItem","position":1,"name":"Home","item":"https:\/\/www.facecorner.lv\/"},{"@type":"ListItem","position":2,"name":"Veikals","item":"https:\/\/www.facecorner.lv\/shop\/"},{"@type":"ListItem","position":3,"name":"Some By Mi Charcoal BHA Pore Clay Bubble Mask 120ml"}]},{"@type":"WebSite","@id":"https:\/\/www.facecorner.lv\/#website","url":"https:\/\/www.facecorner.lv\/","name":"Facecorner","description":"","publisher":{"@id":"https:\/\/www.facecorner.lv\/#organization"},"potentialAction":[{"@type":"SearchAction","target":{"@type":"EntryPoint","urlTemplate":"https:\/\/www.facecorner.lv\/?s={search_term_string}"},"query-input":{"@type":"PropertyValueSpecification","valueRequired":true,"valueName":"search_term_string"}}],"inLanguage":"en-US"},{"@type":"Organization","@id":"https:\/\/www.facecorner.lv\/#organization","name":"Facecorner","url":"https:\/\/www.facecorner.lv\/","logo":{"@type":"ImageObject","inLanguage":"en-US","@id":"https:\/\/www.facecorner.lv\/#\/schema\/logo\/image\/","url":"https:\/\/www.facecorner.lv\/wp-content\/uploads\/2024\/04\/fc-logo.jpg","contentUrl":"https:\/\/www.facecorner.lv\/wp-content\/uploads\/2024\/04\/fc-logo.jpg","width":174,"height":28,"caption":"Facecorner"},"image":{"@id":"https:\/\/www.facecorner.lv\/#\/schema\/logo\/image\/"},"sameAs":["https:\/\/www.facebook.com\/profile.php?id=100063824551839","https:\/\/www.instagram.com\/facecorner_shop\/"]}]},"product_price_amount":"18.00","product_price_currency":"EUR","og_availability":"out of stock","product_availability":"out of stock","product_condition":"new"},"_links":{"self":[{"href":"https:\/\/www.facecorner.lv\/en\/wp-json\/wp\/v2\/product\/15221","targetHints":{"allow":["GET"]}}],"collection":[{"href":"https:\/\/www.facecorner.lv\/en\/wp-json\/wp\/v2\/product"}],"about":[{"href":"https:\/\/www.facecorner.lv\/en\/wp-json\/wp\/v2\/types\/product"}],"replies":[{"embeddable":true,"href":"https:\/\/www.facecorner.lv\/en\/wp-json\/wp\/v2\/comments?post=15221"}],"wp:featuredmedia":[{"embeddable":true,"href":"https:\/\/www.facecorner.lv\/en\/wp-json\/wp\/v2\/media\/15222"}],"wp:attachment":[{"href":"https:\/\/www.facecorner.lv\/en\/wp-json\/wp\/v2\/media?parent=15221"}],"wp:term":[{"taxonomy":"product_brand","embeddable":true,"href":"https:\/\/www.facecorner.lv\/en\/wp-json\/wp\/v2\/product_brand?post=15221"},{"taxonomy":"product_cat","embeddable":true,"href":"https:\/\/www.facecorner.lv\/en\/wp-json\/wp\/v2\/product_cat?post=15221"},{"taxonomy":"product_tag","embeddable":true,"href":"https:\/\/www.facecorner.lv\/en\/wp-json\/wp\/v2\/product_tag?post=15221"},{"taxonomy":"berocket_brand","embeddable":true,"href":"https:\/\/www.facecorner.lv\/en\/wp-json\/wp\/v2\/berocket_brand?post=15221"}],"curies":[{"name":"wp","href":"https:\/\/api.w.org\/{rel}","templated":true}]}}