{"id":15214,"date":"2024-04-23T21:26:42","date_gmt":"2024-04-23T19:26:42","guid":{"rendered":"https:\/\/www.facecorner.lv\/?post_type=product&#038;p=15214"},"modified":"2024-12-02T23:25:21","modified_gmt":"2024-12-02T20:25:21","slug":"axis-y-new-skin-resolution-gel-mask-100ml","status":"publish","type":"product","link":"https:\/\/www.facecorner.lv\/en\/shop\/axis-y-new-skin-resolution-gel-mask-100ml\/","title":{"rendered":"AXIS-Y New Skin Resolution Gel Mask 100ml"},"content":{"rendered":"<p>AXIS-Y New Skin Resolution Gel Mask is a soothing and cooling Korean wash-off face mask sourced using a blend of ingredients that strengthen and boost the moisture of the skin barrier.<\/p>\n<p><strong>Packed with heartleaf to repair irritated skin and 2% Niacinamide to brighten and even skin tone.<\/strong><\/p>\n<ul>\n<li>This face mask will tackle skin irritation, sensitivity, and inflammation.<\/li>\n<li>Everybody faces skin irritation or unexpected, unwanted skin guests like blemishes or itchiness at least once a week.<\/li>\n<li class=\"translation-block\">The Korean gel-based mask will renew, refresh, and revitalize your skin whenever you feel like you need a makeover. A botanical infused formula infused with 13 different plant extracts.<\/li>\n<li>The Korean gel-based mask will renew, refresh, and revitalize your skin whenever you feel like you need a makeover.<\/li>\n<li>Heartleaf repairs and soothes dull and irritated skin while 2% Niacinamide noticeably brightens and evens skin tone.<\/li>\n<\/ul>\n<p><strong>This mask will tackle skin irritation, sensitivity, and inflammation that will give you new, smooth and bright skin.<\/strong><\/p>\n<p><strong>How to use: \u00a0<\/strong>After cleansing and or exfoliating your skin, apply the mask and spread a thin layer across the entire face. After 5-10 minutes, gently massage your skin and use warm water to rinse away the mask. We recommend using the mask three to four times per week on oily skin. Drier skin types may want to use only two to three times, or use the mask as a spot treatment only.<br \/>\n*Ieteicams lietot 2-3 reizes ned\u0113\u013c\u0101.<\/p>\n<p><strong>Ingredientes:<\/strong> Water, Glycerin, Methylpropanediol, Betaine, 1,2-Hexanediol, Niacinamide, Diglycerin, Centella Asiatica Extract, Ficus Carica (Fig) Fruit Extract, Laminaria Japonica Extract, Eclipta Prostrata Leaf Extract, Melia Azadirachta Leaf Extract, Melia Azadirachta Flower Extract, Theobroma Cacao (Cocoa) Seed Extract, Artemisia Princeps Extract, Dioscorea Japonica Root Extract, Calendula Officinalis Flower Extract, Portulaca Oleracea Extract, Houttuynia Cordata Extract, Spiraea Ulmaria Extract, Hydrogenated Lecithin, Lavandula Angustifolia (Lavender) Oil, Citrus Paradisi (Grapefruit) Peel Oil, Rosmarinus Officinalis (Rosemary) Leaf Oil, Helianthus Annuus (Sunflower) Seed Oil, Anthemis Nobilis Flower Oil, Aniba Rosodora (Rosewood) Wood Oil, Polyglyceryl-10 Laurate, Tromethamine, Carbomer, Panthenol, Houttuynia Cordata Powder, Glyceryl Polymethacrylate, Allantoin, Glyceryl Polyacrylate, Disodium Edta, Fructooligosaccharides, Dextrin, Beta-Glucan, Ceramide NP, Hydrolyzed Hyaluronic Acid, Madecassoside, Propanediol, Butylene Glycol, Ethylhexylglycerin<\/p>","protected":false},"excerpt":{"rendered":"<p>AXIS-Y New Skin Resolution Gel Mask ir \u012bpa\u0161i izstr\u0101d\u0101ta problem\u0101tiskai un jut\u012bgai \u0101dai. G\u0113la skalojam\u0101 maska: ir sp\u0113c\u012bga nomierino\u0161a iedarb\u012bba maigi balina \u0101du, izl\u012bdzinot kop\u0113jo \u0101das toni Sast\u0101v\u0101 ir sp\u0113c\u012bgi pretiekaisuma, atjaunojo\u0161i un mitrino\u0161i l\u012bdzek\u013ci, kas stimul\u0113 ar\u012b \u0101das aizsargfunkcijas. padara \u0101du maigu, izl\u012bdzin\u0101tu un mirdzo\u0161u no iek\u0161puses nomierina un atjauno boj\u0101to \u0101du, p\u0113c katras [&hellip;]<\/p>\n","protected":false},"featured_media":15215,"comment_status":"open","ping_status":"closed","template":"","meta":{"site-sidebar-layout":"default","site-content-layout":"","ast-site-content-layout":"","site-content-style":"default","site-sidebar-style":"default","ast-global-header-display":"","ast-banner-title-visibility":"","ast-main-header-display":"","ast-hfb-above-header-display":"","ast-hfb-below-header-display":"","ast-hfb-mobile-header-display":"","site-post-title":"","ast-breadcrumbs-content":"","ast-featured-img":"","footer-sml-layout":"","theme-transparent-header-meta":"","adv-header-id-meta":"","stick-header-meta":"","header-above-stick-meta":"","header-main-stick-meta":"","header-below-stick-meta":"","astra-migrate-meta-layouts":"default","ast-page-background-enabled":"default","ast-page-background-meta":{"desktop":{"background-color":"var(--ast-global-color-4)","background-image":"","background-repeat":"repeat","background-position":"center center","background-size":"auto","background-attachment":"scroll","background-type":"","background-media":"","overlay-type":"","overlay-color":"","overlay-opacity":"","overlay-gradient":""},"tablet":{"background-color":"","background-image":"","background-repeat":"repeat","background-position":"center center","background-size":"auto","background-attachment":"scroll","background-type":"","background-media":"","overlay-type":"","overlay-color":"","overlay-opacity":"","overlay-gradient":""},"mobile":{"background-color":"","background-image":"","background-repeat":"repeat","background-position":"center center","background-size":"auto","background-attachment":"scroll","background-type":"","background-media":"","overlay-type":"","overlay-color":"","overlay-opacity":"","overlay-gradient":""}},"ast-content-background-meta":{"desktop":{"background-color":"var(--ast-global-color-5)","background-image":"","background-repeat":"repeat","background-position":"center center","background-size":"auto","background-attachment":"scroll","background-type":"","background-media":"","overlay-type":"","overlay-color":"","overlay-opacity":"","overlay-gradient":""},"tablet":{"background-color":"var(--ast-global-color-5)","background-image":"","background-repeat":"repeat","background-position":"center center","background-size":"auto","background-attachment":"scroll","background-type":"","background-media":"","overlay-type":"","overlay-color":"","overlay-opacity":"","overlay-gradient":""},"mobile":{"background-color":"var(--ast-global-color-5)","background-image":"","background-repeat":"repeat","background-position":"center center","background-size":"auto","background-attachment":"scroll","background-type":"","background-media":"","overlay-type":"","overlay-color":"","overlay-opacity":"","overlay-gradient":""}}},"product_brand":[],"product_cat":[316,315,326],"product_tag":[],"berocket_brand":[577],"class_list":{"0":"post-15214","1":"product","2":"type-product","3":"status-publish","4":"has-post-thumbnail","6":"product_cat-attirosas","7":"product_cat-maskas","8":"product_cat-mitrinosas","9":"berocket_brand-axis-y","10":"desktop-align-left","11":"tablet-align-left","12":"mobile-align-left","14":"first","15":"outofstock","16":"taxable","17":"shipping-taxable","18":"purchasable","19":"product-type-simple","20":"add-to-wishlist-before_image"},"yoast_head":"<!-- This site is optimized with the Yoast SEO plugin v27.3 - https:\/\/yoast.com\/product\/yoast-seo-wordpress\/ -->\n<title>AXIS-Y New Skin Resolution Gel Mask 100ml - FACECORNER<\/title>\n<meta name=\"robots\" content=\"index, follow, max-snippet:-1, max-image-preview:large, max-video-preview:-1\" \/>\n<link rel=\"canonical\" href=\"https:\/\/www.facecorner.lv\/en\/shop\/axis-y-new-skin-resolution-gel-mask-100ml\/\" \/>\n<meta property=\"og:locale\" content=\"en_US\" \/>\n<meta property=\"og:type\" content=\"article\" \/>\n<meta property=\"og:title\" content=\"AXIS-Y New Skin Resolution Gel Mask 100ml - FACECORNER\" \/>\n<meta property=\"og:description\" content=\"AXIS-Y New Skin Resolution Gel Mask ir \u012bpa\u0161i izstr\u0101d\u0101ta problem\u0101tiskai un jut\u012bgai \u0101dai. G\u0113la skalojam\u0101 maska: ir sp\u0113c\u012bga nomierino\u0161a iedarb\u012bba maigi balina \u0101du, izl\u012bdzinot kop\u0113jo \u0101das toni Sast\u0101v\u0101 ir sp\u0113c\u012bgi pretiekaisuma, atjaunojo\u0161i un mitrino\u0161i l\u012bdzek\u013ci, kas stimul\u0113 ar\u012b \u0101das aizsargfunkcijas. padara \u0101du maigu, izl\u012bdzin\u0101tu un mirdzo\u0161u no iek\u0161puses nomierina un atjauno boj\u0101to \u0101du, p\u0113c katras [&hellip;]\" \/>\n<meta property=\"og:url\" content=\"https:\/\/www.facecorner.lv\/en\/shop\/axis-y-new-skin-resolution-gel-mask-100ml\/\" \/>\n<meta property=\"og:site_name\" content=\"FACECORNER\" \/>\n<meta property=\"article:publisher\" content=\"https:\/\/www.facebook.com\/profile.php?id=100063824551839\" \/>\n<meta property=\"article:modified_time\" content=\"2024-12-02T20:25:21+00:00\" \/>\n<meta property=\"og:image\" content=\"https:\/\/www.facecorner.lv\/wp-content\/uploads\/2024\/04\/AXIS-Y-New-Skin-Resolution-Gel-Mask-Nudie-Glow-Australia_800x.jpg.webp\" \/>\n\t<meta property=\"og:image:width\" content=\"800\" \/>\n\t<meta property=\"og:image:height\" content=\"800\" \/>\n\t<meta property=\"og:image:type\" content=\"image\/webp\" \/>\n<meta name=\"twitter:card\" content=\"summary_large_image\" \/>\n<meta name=\"twitter:label1\" content=\"Price\" \/>\n\t<meta name=\"twitter:data1\" content=\"&euro;21.95\" \/>\n\t<meta name=\"twitter:label2\" content=\"Availability\" \/>\n\t<meta name=\"twitter:data2\" content=\"Out of stock\" \/>\n<script type=\"application\/ld+json\" class=\"yoast-schema-graph\">{\"@context\":\"https:\\\/\\\/schema.org\",\"@graph\":[{\"@type\":\"WebPage\",\"@id\":\"https:\\\/\\\/www.facecorner.lv\\\/shop\\\/axis-y-new-skin-resolution-gel-mask-100ml\\\/\",\"url\":\"https:\\\/\\\/www.facecorner.lv\\\/shop\\\/axis-y-new-skin-resolution-gel-mask-100ml\\\/\",\"name\":\"AXIS-Y New Skin Resolution Gel Mask 100ml - FACECORNER\",\"isPartOf\":{\"@id\":\"https:\\\/\\\/www.facecorner.lv\\\/#website\"},\"primaryImageOfPage\":{\"@id\":\"https:\\\/\\\/www.facecorner.lv\\\/shop\\\/axis-y-new-skin-resolution-gel-mask-100ml\\\/#primaryimage\"},\"image\":{\"@id\":\"https:\\\/\\\/www.facecorner.lv\\\/shop\\\/axis-y-new-skin-resolution-gel-mask-100ml\\\/#primaryimage\"},\"thumbnailUrl\":\"https:\\\/\\\/www.facecorner.lv\\\/wp-content\\\/uploads\\\/2024\\\/04\\\/AXIS-Y-New-Skin-Resolution-Gel-Mask-Nudie-Glow-Australia_800x.jpg.webp\",\"datePublished\":\"2024-04-23T19:26:42+00:00\",\"dateModified\":\"2024-12-02T20:25:21+00:00\",\"breadcrumb\":{\"@id\":\"https:\\\/\\\/www.facecorner.lv\\\/shop\\\/axis-y-new-skin-resolution-gel-mask-100ml\\\/#breadcrumb\"},\"inLanguage\":\"en-US\",\"potentialAction\":[{\"@type\":\"ReadAction\",\"target\":[\"https:\\\/\\\/www.facecorner.lv\\\/shop\\\/axis-y-new-skin-resolution-gel-mask-100ml\\\/\"]}]},{\"@type\":\"ImageObject\",\"inLanguage\":\"en-US\",\"@id\":\"https:\\\/\\\/www.facecorner.lv\\\/shop\\\/axis-y-new-skin-resolution-gel-mask-100ml\\\/#primaryimage\",\"url\":\"https:\\\/\\\/www.facecorner.lv\\\/wp-content\\\/uploads\\\/2024\\\/04\\\/AXIS-Y-New-Skin-Resolution-Gel-Mask-Nudie-Glow-Australia_800x.jpg.webp\",\"contentUrl\":\"https:\\\/\\\/www.facecorner.lv\\\/wp-content\\\/uploads\\\/2024\\\/04\\\/AXIS-Y-New-Skin-Resolution-Gel-Mask-Nudie-Glow-Australia_800x.jpg.webp\",\"width\":800,\"height\":800},{\"@type\":\"BreadcrumbList\",\"@id\":\"https:\\\/\\\/www.facecorner.lv\\\/shop\\\/axis-y-new-skin-resolution-gel-mask-100ml\\\/#breadcrumb\",\"itemListElement\":[{\"@type\":\"ListItem\",\"position\":1,\"name\":\"Home\",\"item\":\"https:\\\/\\\/www.facecorner.lv\\\/\"},{\"@type\":\"ListItem\",\"position\":2,\"name\":\"Veikals\",\"item\":\"https:\\\/\\\/www.facecorner.lv\\\/shop\\\/\"},{\"@type\":\"ListItem\",\"position\":3,\"name\":\"AXIS-Y New Skin Resolution Gel Mask 100ml\"}]},{\"@type\":\"WebSite\",\"@id\":\"https:\\\/\\\/www.facecorner.lv\\\/#website\",\"url\":\"https:\\\/\\\/www.facecorner.lv\\\/\",\"name\":\"Facecorner\",\"description\":\"\",\"publisher\":{\"@id\":\"https:\\\/\\\/www.facecorner.lv\\\/#organization\"},\"potentialAction\":[{\"@type\":\"SearchAction\",\"target\":{\"@type\":\"EntryPoint\",\"urlTemplate\":\"https:\\\/\\\/www.facecorner.lv\\\/?s={search_term_string}\"},\"query-input\":{\"@type\":\"PropertyValueSpecification\",\"valueRequired\":true,\"valueName\":\"search_term_string\"}}],\"inLanguage\":\"en-US\"},{\"@type\":\"Organization\",\"@id\":\"https:\\\/\\\/www.facecorner.lv\\\/#organization\",\"name\":\"Facecorner\",\"url\":\"https:\\\/\\\/www.facecorner.lv\\\/\",\"logo\":{\"@type\":\"ImageObject\",\"inLanguage\":\"en-US\",\"@id\":\"https:\\\/\\\/www.facecorner.lv\\\/#\\\/schema\\\/logo\\\/image\\\/\",\"url\":\"https:\\\/\\\/www.facecorner.lv\\\/wp-content\\\/uploads\\\/2024\\\/04\\\/fc-logo.jpg\",\"contentUrl\":\"https:\\\/\\\/www.facecorner.lv\\\/wp-content\\\/uploads\\\/2024\\\/04\\\/fc-logo.jpg\",\"width\":174,\"height\":28,\"caption\":\"Facecorner\"},\"image\":{\"@id\":\"https:\\\/\\\/www.facecorner.lv\\\/#\\\/schema\\\/logo\\\/image\\\/\"},\"sameAs\":[\"https:\\\/\\\/www.facebook.com\\\/profile.php?id=100063824551839\",\"https:\\\/\\\/www.instagram.com\\\/facecorner_shop\\\/\"]}]}<\/script>\n<meta property=\"product:price:amount\" content=\"21.95\" \/>\n<meta property=\"product:price:currency\" content=\"EUR\" \/>\n<meta property=\"og:availability\" content=\"out of stock\" \/>\n<meta property=\"product:availability\" content=\"out of stock\" \/>\n<meta property=\"product:condition\" content=\"new\" \/>\n<!-- \/ Yoast SEO plugin. -->","yoast_head_json":{"title":"AXIS-Y New Skin Resolution Gel Mask 100ml - FACECORNER","robots":{"index":"index","follow":"follow","max-snippet":"max-snippet:-1","max-image-preview":"max-image-preview:large","max-video-preview":"max-video-preview:-1"},"canonical":"https:\/\/www.facecorner.lv\/en\/shop\/axis-y-new-skin-resolution-gel-mask-100ml\/","og_locale":"en_US","og_type":"article","og_title":"AXIS-Y New Skin Resolution Gel Mask 100ml - FACECORNER","og_description":"AXIS-Y New Skin Resolution Gel Mask ir \u012bpa\u0161i izstr\u0101d\u0101ta problem\u0101tiskai un jut\u012bgai \u0101dai. G\u0113la skalojam\u0101 maska: ir sp\u0113c\u012bga nomierino\u0161a iedarb\u012bba maigi balina \u0101du, izl\u012bdzinot kop\u0113jo \u0101das toni Sast\u0101v\u0101 ir sp\u0113c\u012bgi pretiekaisuma, atjaunojo\u0161i un mitrino\u0161i l\u012bdzek\u013ci, kas stimul\u0113 ar\u012b \u0101das aizsargfunkcijas. padara \u0101du maigu, izl\u012bdzin\u0101tu un mirdzo\u0161u no iek\u0161puses nomierina un atjauno boj\u0101to \u0101du, p\u0113c katras [&hellip;]","og_url":"https:\/\/www.facecorner.lv\/en\/shop\/axis-y-new-skin-resolution-gel-mask-100ml\/","og_site_name":"FACECORNER","article_publisher":"https:\/\/www.facebook.com\/profile.php?id=100063824551839","article_modified_time":"2024-12-02T20:25:21+00:00","og_image":[{"width":800,"height":800,"url":"https:\/\/www.facecorner.lv\/wp-content\/uploads\/2024\/04\/AXIS-Y-New-Skin-Resolution-Gel-Mask-Nudie-Glow-Australia_800x.jpg.webp","type":"image\/webp"}],"twitter_card":"summary_large_image","twitter_misc":{"Price":"&euro;21.95","Availability":"Out of stock"},"schema":{"@context":"https:\/\/schema.org","@graph":[{"@type":"WebPage","@id":"https:\/\/www.facecorner.lv\/shop\/axis-y-new-skin-resolution-gel-mask-100ml\/","url":"https:\/\/www.facecorner.lv\/shop\/axis-y-new-skin-resolution-gel-mask-100ml\/","name":"AXIS-Y New Skin Resolution Gel Mask 100ml - FACECORNER","isPartOf":{"@id":"https:\/\/www.facecorner.lv\/#website"},"primaryImageOfPage":{"@id":"https:\/\/www.facecorner.lv\/shop\/axis-y-new-skin-resolution-gel-mask-100ml\/#primaryimage"},"image":{"@id":"https:\/\/www.facecorner.lv\/shop\/axis-y-new-skin-resolution-gel-mask-100ml\/#primaryimage"},"thumbnailUrl":"https:\/\/www.facecorner.lv\/wp-content\/uploads\/2024\/04\/AXIS-Y-New-Skin-Resolution-Gel-Mask-Nudie-Glow-Australia_800x.jpg.webp","datePublished":"2024-04-23T19:26:42+00:00","dateModified":"2024-12-02T20:25:21+00:00","breadcrumb":{"@id":"https:\/\/www.facecorner.lv\/shop\/axis-y-new-skin-resolution-gel-mask-100ml\/#breadcrumb"},"inLanguage":"en-US","potentialAction":[{"@type":"ReadAction","target":["https:\/\/www.facecorner.lv\/shop\/axis-y-new-skin-resolution-gel-mask-100ml\/"]}]},{"@type":"ImageObject","inLanguage":"en-US","@id":"https:\/\/www.facecorner.lv\/shop\/axis-y-new-skin-resolution-gel-mask-100ml\/#primaryimage","url":"https:\/\/www.facecorner.lv\/wp-content\/uploads\/2024\/04\/AXIS-Y-New-Skin-Resolution-Gel-Mask-Nudie-Glow-Australia_800x.jpg.webp","contentUrl":"https:\/\/www.facecorner.lv\/wp-content\/uploads\/2024\/04\/AXIS-Y-New-Skin-Resolution-Gel-Mask-Nudie-Glow-Australia_800x.jpg.webp","width":800,"height":800},{"@type":"BreadcrumbList","@id":"https:\/\/www.facecorner.lv\/shop\/axis-y-new-skin-resolution-gel-mask-100ml\/#breadcrumb","itemListElement":[{"@type":"ListItem","position":1,"name":"Home","item":"https:\/\/www.facecorner.lv\/"},{"@type":"ListItem","position":2,"name":"Veikals","item":"https:\/\/www.facecorner.lv\/shop\/"},{"@type":"ListItem","position":3,"name":"AXIS-Y New Skin Resolution Gel Mask 100ml"}]},{"@type":"WebSite","@id":"https:\/\/www.facecorner.lv\/#website","url":"https:\/\/www.facecorner.lv\/","name":"Facecorner","description":"","publisher":{"@id":"https:\/\/www.facecorner.lv\/#organization"},"potentialAction":[{"@type":"SearchAction","target":{"@type":"EntryPoint","urlTemplate":"https:\/\/www.facecorner.lv\/?s={search_term_string}"},"query-input":{"@type":"PropertyValueSpecification","valueRequired":true,"valueName":"search_term_string"}}],"inLanguage":"en-US"},{"@type":"Organization","@id":"https:\/\/www.facecorner.lv\/#organization","name":"Facecorner","url":"https:\/\/www.facecorner.lv\/","logo":{"@type":"ImageObject","inLanguage":"en-US","@id":"https:\/\/www.facecorner.lv\/#\/schema\/logo\/image\/","url":"https:\/\/www.facecorner.lv\/wp-content\/uploads\/2024\/04\/fc-logo.jpg","contentUrl":"https:\/\/www.facecorner.lv\/wp-content\/uploads\/2024\/04\/fc-logo.jpg","width":174,"height":28,"caption":"Facecorner"},"image":{"@id":"https:\/\/www.facecorner.lv\/#\/schema\/logo\/image\/"},"sameAs":["https:\/\/www.facebook.com\/profile.php?id=100063824551839","https:\/\/www.instagram.com\/facecorner_shop\/"]}]},"product_price_amount":"21.95","product_price_currency":"EUR","og_availability":"out of stock","product_availability":"out of stock","product_condition":"new"},"_links":{"self":[{"href":"https:\/\/www.facecorner.lv\/en\/wp-json\/wp\/v2\/product\/15214","targetHints":{"allow":["GET"]}}],"collection":[{"href":"https:\/\/www.facecorner.lv\/en\/wp-json\/wp\/v2\/product"}],"about":[{"href":"https:\/\/www.facecorner.lv\/en\/wp-json\/wp\/v2\/types\/product"}],"replies":[{"embeddable":true,"href":"https:\/\/www.facecorner.lv\/en\/wp-json\/wp\/v2\/comments?post=15214"}],"wp:featuredmedia":[{"embeddable":true,"href":"https:\/\/www.facecorner.lv\/en\/wp-json\/wp\/v2\/media\/15215"}],"wp:attachment":[{"href":"https:\/\/www.facecorner.lv\/en\/wp-json\/wp\/v2\/media?parent=15214"}],"wp:term":[{"taxonomy":"product_brand","embeddable":true,"href":"https:\/\/www.facecorner.lv\/en\/wp-json\/wp\/v2\/product_brand?post=15214"},{"taxonomy":"product_cat","embeddable":true,"href":"https:\/\/www.facecorner.lv\/en\/wp-json\/wp\/v2\/product_cat?post=15214"},{"taxonomy":"product_tag","embeddable":true,"href":"https:\/\/www.facecorner.lv\/en\/wp-json\/wp\/v2\/product_tag?post=15214"},{"taxonomy":"berocket_brand","embeddable":true,"href":"https:\/\/www.facecorner.lv\/en\/wp-json\/wp\/v2\/berocket_brand?post=15214"}],"curies":[{"name":"wp","href":"https:\/\/api.w.org\/{rel}","templated":true}]}}