{"id":15211,"date":"2024-04-23T21:08:01","date_gmt":"2024-04-23T19:08:01","guid":{"rendered":"https:\/\/www.facecorner.lv\/?post_type=product&#038;p=15211"},"modified":"2025-01-10T01:26:25","modified_gmt":"2025-01-09T22:26:25","slug":"hanskin-real-complexion-hyaluron-bubble-pop-cleanser-150ml","status":"publish","type":"product","link":"https:\/\/www.facecorner.lv\/en\/shop\/hanskin-real-complexion-hyaluron-bubble-pop-cleanser-150ml\/","title":{"rendered":"Hanskin Real Complexion Hyaluron Bubble Pop Cleanser 150ml"},"content":{"rendered":"<p>Hanskin's Hyaluron Bubble Pop Cleanser is a sulfate-free foam cleanser that dissolves impurities while quenching dry and dehydrated skin with two types of hyaluronic acid. Formulated for all skin types, the dense foam thoroughly cleanses with natural soap bark extract without stripping the skin of precious moisture.<\/p>\n<p><strong>Bubble Pop Cleanser products fine, soft foam to cleanse away dead skin, sebum and makeup residue from your face, while hyaluronic acid moisturizes your skin.<\/strong><\/p>\n<ul>\n<li>5-in-1 benefits that cleanses, moisturizes, balances, softens, glows and boosts overall complexion.<\/li>\n<li>Formulated with hyaluronic acid to deliver hydration deep into skin while cleansing.<\/li>\n<\/ul>\n<p><strong>How to use:<\/strong>Dispense 3-4 pumps of cleanser and spread across damp skin, avoiding the eye area. Massage to dissolve makeup and cleanse skin. Thoroughly rinse with lukewarm water<\/p>\n<p><strong>Ingredientes:<\/strong> Water, Glycerin, Coco-Betaine, Disodium Cocoamphodiacetate,<br \/>\nSodium Chloride, Potassium Cocoyl Glycinate, Coco-Glucoside, Citric Acid, Glyceryl Caprylate, Caprylyl Glycol, Sodium Cocoyl Isethionate, Disodium EDTA, Hexylene Glycol, 1,2-Hexanediol, Quillaja Saponaria Bark Extract, Madecassoside, Propanediol, Benzyl Glycol, Hydrolyzed Glycosaminoglycans, Sodium Hyaluronate, Sodium Hyaluronate Crosspolymer, Hydrolyzed Hyaluronic Acid, Ethylhexylglycerin, Hydroxypropyltrimonium Hyaluronate, Hyaluronic Acid, Sodium Acetylated Hyaluronate<\/p>","protected":false},"excerpt":{"rendered":"<p>Hanskin &#8211; Real Complexion Hyalurion Bubble Pop Cleanser ir sejas mazg\u0101\u0161anas putas ar hialuronsk\u0101bi. T\u0101s maig\u0101s putas pat\u012bkami apvelk \u0101du, efekt\u012bvi likvid\u0113jot net\u012brumus, lieko sebumu un kosm\u0113tikas atlikumus. T\u0101 satur 6 veidu hialuronsk\u0101bi, kas epiderm\u0101 saista \u016bdeni, t\u0101d\u0113j\u0101di mitrina \u0101du un padara to gludu un maigu. L\u012bdzek\u013ca sast\u0101vu papildina madekasos\u012bds, kas nomierina kairin\u0101jumu, aps\u0101rtumu un [&hellip;]<\/p>\n","protected":false},"featured_media":15212,"comment_status":"open","ping_status":"closed","template":"","meta":{"site-sidebar-layout":"default","site-content-layout":"","ast-site-content-layout":"","site-content-style":"default","site-sidebar-style":"default","ast-global-header-display":"","ast-banner-title-visibility":"","ast-main-header-display":"","ast-hfb-above-header-display":"","ast-hfb-below-header-display":"","ast-hfb-mobile-header-display":"","site-post-title":"","ast-breadcrumbs-content":"","ast-featured-img":"","footer-sml-layout":"","theme-transparent-header-meta":"","adv-header-id-meta":"","stick-header-meta":"","header-above-stick-meta":"","header-main-stick-meta":"","header-below-stick-meta":"","astra-migrate-meta-layouts":"default","ast-page-background-enabled":"default","ast-page-background-meta":{"desktop":{"background-color":"var(--ast-global-color-4)","background-image":"","background-repeat":"repeat","background-position":"center center","background-size":"auto","background-attachment":"scroll","background-type":"","background-media":"","overlay-type":"","overlay-color":"","overlay-opacity":"","overlay-gradient":""},"tablet":{"background-color":"","background-image":"","background-repeat":"repeat","background-position":"center center","background-size":"auto","background-attachment":"scroll","background-type":"","background-media":"","overlay-type":"","overlay-color":"","overlay-opacity":"","overlay-gradient":""},"mobile":{"background-color":"","background-image":"","background-repeat":"repeat","background-position":"center center","background-size":"auto","background-attachment":"scroll","background-type":"","background-media":"","overlay-type":"","overlay-color":"","overlay-opacity":"","overlay-gradient":""}},"ast-content-background-meta":{"desktop":{"background-color":"var(--ast-global-color-5)","background-image":"","background-repeat":"repeat","background-position":"center center","background-size":"auto","background-attachment":"scroll","background-type":"","background-media":"","overlay-type":"","overlay-color":"","overlay-opacity":"","overlay-gradient":""},"tablet":{"background-color":"var(--ast-global-color-5)","background-image":"","background-repeat":"repeat","background-position":"center center","background-size":"auto","background-attachment":"scroll","background-type":"","background-media":"","overlay-type":"","overlay-color":"","overlay-opacity":"","overlay-gradient":""},"mobile":{"background-color":"var(--ast-global-color-5)","background-image":"","background-repeat":"repeat","background-position":"center center","background-size":"auto","background-attachment":"scroll","background-type":"","background-media":"","overlay-type":"","overlay-color":"","overlay-opacity":"","overlay-gradient":""}}},"product_brand":[],"product_cat":[310,311,312,313,317,307,314],"product_tag":[],"berocket_brand":[],"class_list":{"0":"post-15211","1":"product","2":"type-product","3":"status-publish","4":"has-post-thumbnail","6":"product_cat-attirisana","7":"product_cat-jutigai-adai-attirisana","8":"product_cat-kombinetai-adai-attirisana","9":"product_cat-problematiskai-adai-attirisana","10":"product_cat-sausai-adai-attirisana","11":"product_cat-sejai","12":"product_cat-taukainai-adai-attirisana","13":"desktop-align-left","14":"tablet-align-left","15":"mobile-align-left","17":"first","18":"outofstock","19":"taxable","20":"shipping-taxable","21":"purchasable","22":"product-type-simple","23":"add-to-wishlist-before_image"},"yoast_head":"<!-- This site is optimized with the Yoast SEO plugin v27.4 - https:\/\/yoast.com\/product\/yoast-seo-wordpress\/ -->\n<title>Hanskin Real Complexion Hyaluron Bubble Pop Cleanser 150ml - FACECORNER<\/title>\n<meta name=\"robots\" content=\"index, follow, max-snippet:-1, max-image-preview:large, max-video-preview:-1\" \/>\n<link rel=\"canonical\" href=\"https:\/\/www.facecorner.lv\/en\/shop\/hanskin-real-complexion-hyaluron-bubble-pop-cleanser-150ml\/\" \/>\n<meta property=\"og:locale\" content=\"en_US\" \/>\n<meta property=\"og:type\" content=\"article\" \/>\n<meta property=\"og:title\" content=\"Hanskin Real Complexion Hyaluron Bubble Pop Cleanser 150ml - FACECORNER\" \/>\n<meta property=\"og:description\" content=\"Hanskin &#8211; Real Complexion Hyalurion Bubble Pop Cleanser ir sejas mazg\u0101\u0161anas putas ar hialuronsk\u0101bi. T\u0101s maig\u0101s putas pat\u012bkami apvelk \u0101du, efekt\u012bvi likvid\u0113jot net\u012brumus, lieko sebumu un kosm\u0113tikas atlikumus. T\u0101 satur 6 veidu hialuronsk\u0101bi, kas epiderm\u0101 saista \u016bdeni, t\u0101d\u0113j\u0101di mitrina \u0101du un padara to gludu un maigu. L\u012bdzek\u013ca sast\u0101vu papildina madekasos\u012bds, kas nomierina kairin\u0101jumu, aps\u0101rtumu un [&hellip;]\" \/>\n<meta property=\"og:url\" content=\"https:\/\/www.facecorner.lv\/en\/shop\/hanskin-real-complexion-hyaluron-bubble-pop-cleanser-150ml\/\" \/>\n<meta property=\"og:site_name\" content=\"FACECORNER\" \/>\n<meta property=\"article:publisher\" content=\"https:\/\/www.facebook.com\/profile.php?id=100063824551839\" \/>\n<meta property=\"article:modified_time\" content=\"2025-01-09T22:26:25+00:00\" \/>\n<meta property=\"og:image\" content=\"https:\/\/www.facecorner.lv\/wp-content\/uploads\/2024\/04\/HANSKINRealComplexionHyaluronBubblePopCleanserveidoprausiklis.png.webp\" \/>\n\t<meta property=\"og:image:width\" content=\"1080\" \/>\n\t<meta property=\"og:image:height\" content=\"1080\" \/>\n\t<meta property=\"og:image:type\" content=\"image\/webp\" \/>\n<meta name=\"twitter:card\" content=\"summary_large_image\" \/>\n<meta name=\"twitter:label1\" content=\"Price\" \/>\n\t<meta name=\"twitter:data1\" content=\"&euro;23.00\" \/>\n\t<meta name=\"twitter:label2\" content=\"Availability\" \/>\n\t<meta name=\"twitter:data2\" content=\"Out of stock\" \/>\n<script type=\"application\/ld+json\" class=\"yoast-schema-graph\">{\"@context\":\"https:\\\/\\\/schema.org\",\"@graph\":[{\"@type\":\"WebPage\",\"@id\":\"https:\\\/\\\/www.facecorner.lv\\\/shop\\\/hanskin-real-complexion-hyaluron-bubble-pop-cleanser-150ml\\\/\",\"url\":\"https:\\\/\\\/www.facecorner.lv\\\/shop\\\/hanskin-real-complexion-hyaluron-bubble-pop-cleanser-150ml\\\/\",\"name\":\"Hanskin Real Complexion Hyaluron Bubble Pop Cleanser 150ml - FACECORNER\",\"isPartOf\":{\"@id\":\"https:\\\/\\\/www.facecorner.lv\\\/#website\"},\"primaryImageOfPage\":{\"@id\":\"https:\\\/\\\/www.facecorner.lv\\\/shop\\\/hanskin-real-complexion-hyaluron-bubble-pop-cleanser-150ml\\\/#primaryimage\"},\"image\":{\"@id\":\"https:\\\/\\\/www.facecorner.lv\\\/shop\\\/hanskin-real-complexion-hyaluron-bubble-pop-cleanser-150ml\\\/#primaryimage\"},\"thumbnailUrl\":\"https:\\\/\\\/www.facecorner.lv\\\/wp-content\\\/uploads\\\/2024\\\/04\\\/HANSKINRealComplexionHyaluronBubblePopCleanserveidoprausiklis.png.webp\",\"datePublished\":\"2024-04-23T19:08:01+00:00\",\"dateModified\":\"2025-01-09T22:26:25+00:00\",\"breadcrumb\":{\"@id\":\"https:\\\/\\\/www.facecorner.lv\\\/shop\\\/hanskin-real-complexion-hyaluron-bubble-pop-cleanser-150ml\\\/#breadcrumb\"},\"inLanguage\":\"en-US\",\"potentialAction\":[{\"@type\":\"ReadAction\",\"target\":[\"https:\\\/\\\/www.facecorner.lv\\\/shop\\\/hanskin-real-complexion-hyaluron-bubble-pop-cleanser-150ml\\\/\"]}]},{\"@type\":\"ImageObject\",\"inLanguage\":\"en-US\",\"@id\":\"https:\\\/\\\/www.facecorner.lv\\\/shop\\\/hanskin-real-complexion-hyaluron-bubble-pop-cleanser-150ml\\\/#primaryimage\",\"url\":\"https:\\\/\\\/www.facecorner.lv\\\/wp-content\\\/uploads\\\/2024\\\/04\\\/HANSKINRealComplexionHyaluronBubblePopCleanserveidoprausiklis.png.webp\",\"contentUrl\":\"https:\\\/\\\/www.facecorner.lv\\\/wp-content\\\/uploads\\\/2024\\\/04\\\/HANSKINRealComplexionHyaluronBubblePopCleanserveidoprausiklis.png.webp\",\"width\":1080,\"height\":1080},{\"@type\":\"BreadcrumbList\",\"@id\":\"https:\\\/\\\/www.facecorner.lv\\\/shop\\\/hanskin-real-complexion-hyaluron-bubble-pop-cleanser-150ml\\\/#breadcrumb\",\"itemListElement\":[{\"@type\":\"ListItem\",\"position\":1,\"name\":\"Home\",\"item\":\"https:\\\/\\\/www.facecorner.lv\\\/\"},{\"@type\":\"ListItem\",\"position\":2,\"name\":\"Veikals\",\"item\":\"https:\\\/\\\/www.facecorner.lv\\\/shop\\\/\"},{\"@type\":\"ListItem\",\"position\":3,\"name\":\"Hanskin Real Complexion Hyaluron Bubble Pop Cleanser 150ml\"}]},{\"@type\":\"WebSite\",\"@id\":\"https:\\\/\\\/www.facecorner.lv\\\/#website\",\"url\":\"https:\\\/\\\/www.facecorner.lv\\\/\",\"name\":\"Facecorner\",\"description\":\"\",\"publisher\":{\"@id\":\"https:\\\/\\\/www.facecorner.lv\\\/#organization\"},\"potentialAction\":[{\"@type\":\"SearchAction\",\"target\":{\"@type\":\"EntryPoint\",\"urlTemplate\":\"https:\\\/\\\/www.facecorner.lv\\\/?s={search_term_string}\"},\"query-input\":{\"@type\":\"PropertyValueSpecification\",\"valueRequired\":true,\"valueName\":\"search_term_string\"}}],\"inLanguage\":\"en-US\"},{\"@type\":\"Organization\",\"@id\":\"https:\\\/\\\/www.facecorner.lv\\\/#organization\",\"name\":\"Facecorner\",\"url\":\"https:\\\/\\\/www.facecorner.lv\\\/\",\"logo\":{\"@type\":\"ImageObject\",\"inLanguage\":\"en-US\",\"@id\":\"https:\\\/\\\/www.facecorner.lv\\\/#\\\/schema\\\/logo\\\/image\\\/\",\"url\":\"https:\\\/\\\/www.facecorner.lv\\\/wp-content\\\/uploads\\\/2024\\\/04\\\/fc-logo.jpg\",\"contentUrl\":\"https:\\\/\\\/www.facecorner.lv\\\/wp-content\\\/uploads\\\/2024\\\/04\\\/fc-logo.jpg\",\"width\":174,\"height\":28,\"caption\":\"Facecorner\"},\"image\":{\"@id\":\"https:\\\/\\\/www.facecorner.lv\\\/#\\\/schema\\\/logo\\\/image\\\/\"},\"sameAs\":[\"https:\\\/\\\/www.facebook.com\\\/profile.php?id=100063824551839\",\"https:\\\/\\\/www.instagram.com\\\/facecorner_shop\\\/\"]}]}<\/script>\n<meta property=\"product:price:amount\" content=\"23.00\" \/>\n<meta property=\"product:price:currency\" content=\"EUR\" \/>\n<meta property=\"og:availability\" content=\"out of stock\" \/>\n<meta property=\"product:availability\" content=\"out of stock\" \/>\n<meta property=\"product:condition\" content=\"new\" \/>\n<!-- \/ Yoast SEO plugin. -->","yoast_head_json":{"title":"Hanskin Real Complexion Hyaluron Bubble Pop Cleanser 150ml - FACECORNER","robots":{"index":"index","follow":"follow","max-snippet":"max-snippet:-1","max-image-preview":"max-image-preview:large","max-video-preview":"max-video-preview:-1"},"canonical":"https:\/\/www.facecorner.lv\/en\/shop\/hanskin-real-complexion-hyaluron-bubble-pop-cleanser-150ml\/","og_locale":"en_US","og_type":"article","og_title":"Hanskin Real Complexion Hyaluron Bubble Pop Cleanser 150ml - FACECORNER","og_description":"Hanskin &#8211; Real Complexion Hyalurion Bubble Pop Cleanser ir sejas mazg\u0101\u0161anas putas ar hialuronsk\u0101bi. T\u0101s maig\u0101s putas pat\u012bkami apvelk \u0101du, efekt\u012bvi likvid\u0113jot net\u012brumus, lieko sebumu un kosm\u0113tikas atlikumus. T\u0101 satur 6 veidu hialuronsk\u0101bi, kas epiderm\u0101 saista \u016bdeni, t\u0101d\u0113j\u0101di mitrina \u0101du un padara to gludu un maigu. L\u012bdzek\u013ca sast\u0101vu papildina madekasos\u012bds, kas nomierina kairin\u0101jumu, aps\u0101rtumu un [&hellip;]","og_url":"https:\/\/www.facecorner.lv\/en\/shop\/hanskin-real-complexion-hyaluron-bubble-pop-cleanser-150ml\/","og_site_name":"FACECORNER","article_publisher":"https:\/\/www.facebook.com\/profile.php?id=100063824551839","article_modified_time":"2025-01-09T22:26:25+00:00","og_image":[{"width":1080,"height":1080,"url":"https:\/\/www.facecorner.lv\/wp-content\/uploads\/2024\/04\/HANSKINRealComplexionHyaluronBubblePopCleanserveidoprausiklis.png.webp","type":"image\/webp"}],"twitter_card":"summary_large_image","twitter_misc":{"Price":"&euro;23.00","Availability":"Out of stock"},"schema":{"@context":"https:\/\/schema.org","@graph":[{"@type":"WebPage","@id":"https:\/\/www.facecorner.lv\/shop\/hanskin-real-complexion-hyaluron-bubble-pop-cleanser-150ml\/","url":"https:\/\/www.facecorner.lv\/shop\/hanskin-real-complexion-hyaluron-bubble-pop-cleanser-150ml\/","name":"Hanskin Real Complexion Hyaluron Bubble Pop Cleanser 150ml - FACECORNER","isPartOf":{"@id":"https:\/\/www.facecorner.lv\/#website"},"primaryImageOfPage":{"@id":"https:\/\/www.facecorner.lv\/shop\/hanskin-real-complexion-hyaluron-bubble-pop-cleanser-150ml\/#primaryimage"},"image":{"@id":"https:\/\/www.facecorner.lv\/shop\/hanskin-real-complexion-hyaluron-bubble-pop-cleanser-150ml\/#primaryimage"},"thumbnailUrl":"https:\/\/www.facecorner.lv\/wp-content\/uploads\/2024\/04\/HANSKINRealComplexionHyaluronBubblePopCleanserveidoprausiklis.png.webp","datePublished":"2024-04-23T19:08:01+00:00","dateModified":"2025-01-09T22:26:25+00:00","breadcrumb":{"@id":"https:\/\/www.facecorner.lv\/shop\/hanskin-real-complexion-hyaluron-bubble-pop-cleanser-150ml\/#breadcrumb"},"inLanguage":"en-US","potentialAction":[{"@type":"ReadAction","target":["https:\/\/www.facecorner.lv\/shop\/hanskin-real-complexion-hyaluron-bubble-pop-cleanser-150ml\/"]}]},{"@type":"ImageObject","inLanguage":"en-US","@id":"https:\/\/www.facecorner.lv\/shop\/hanskin-real-complexion-hyaluron-bubble-pop-cleanser-150ml\/#primaryimage","url":"https:\/\/www.facecorner.lv\/wp-content\/uploads\/2024\/04\/HANSKINRealComplexionHyaluronBubblePopCleanserveidoprausiklis.png.webp","contentUrl":"https:\/\/www.facecorner.lv\/wp-content\/uploads\/2024\/04\/HANSKINRealComplexionHyaluronBubblePopCleanserveidoprausiklis.png.webp","width":1080,"height":1080},{"@type":"BreadcrumbList","@id":"https:\/\/www.facecorner.lv\/shop\/hanskin-real-complexion-hyaluron-bubble-pop-cleanser-150ml\/#breadcrumb","itemListElement":[{"@type":"ListItem","position":1,"name":"Home","item":"https:\/\/www.facecorner.lv\/"},{"@type":"ListItem","position":2,"name":"Veikals","item":"https:\/\/www.facecorner.lv\/shop\/"},{"@type":"ListItem","position":3,"name":"Hanskin Real Complexion Hyaluron Bubble Pop Cleanser 150ml"}]},{"@type":"WebSite","@id":"https:\/\/www.facecorner.lv\/#website","url":"https:\/\/www.facecorner.lv\/","name":"Facecorner","description":"","publisher":{"@id":"https:\/\/www.facecorner.lv\/#organization"},"potentialAction":[{"@type":"SearchAction","target":{"@type":"EntryPoint","urlTemplate":"https:\/\/www.facecorner.lv\/?s={search_term_string}"},"query-input":{"@type":"PropertyValueSpecification","valueRequired":true,"valueName":"search_term_string"}}],"inLanguage":"en-US"},{"@type":"Organization","@id":"https:\/\/www.facecorner.lv\/#organization","name":"Facecorner","url":"https:\/\/www.facecorner.lv\/","logo":{"@type":"ImageObject","inLanguage":"en-US","@id":"https:\/\/www.facecorner.lv\/#\/schema\/logo\/image\/","url":"https:\/\/www.facecorner.lv\/wp-content\/uploads\/2024\/04\/fc-logo.jpg","contentUrl":"https:\/\/www.facecorner.lv\/wp-content\/uploads\/2024\/04\/fc-logo.jpg","width":174,"height":28,"caption":"Facecorner"},"image":{"@id":"https:\/\/www.facecorner.lv\/#\/schema\/logo\/image\/"},"sameAs":["https:\/\/www.facebook.com\/profile.php?id=100063824551839","https:\/\/www.instagram.com\/facecorner_shop\/"]}]},"product_price_amount":"23.00","product_price_currency":"EUR","og_availability":"out of stock","product_availability":"out of stock","product_condition":"new"},"_links":{"self":[{"href":"https:\/\/www.facecorner.lv\/en\/wp-json\/wp\/v2\/product\/15211","targetHints":{"allow":["GET"]}}],"collection":[{"href":"https:\/\/www.facecorner.lv\/en\/wp-json\/wp\/v2\/product"}],"about":[{"href":"https:\/\/www.facecorner.lv\/en\/wp-json\/wp\/v2\/types\/product"}],"replies":[{"embeddable":true,"href":"https:\/\/www.facecorner.lv\/en\/wp-json\/wp\/v2\/comments?post=15211"}],"wp:featuredmedia":[{"embeddable":true,"href":"https:\/\/www.facecorner.lv\/en\/wp-json\/wp\/v2\/media\/15212"}],"wp:attachment":[{"href":"https:\/\/www.facecorner.lv\/en\/wp-json\/wp\/v2\/media?parent=15211"}],"wp:term":[{"taxonomy":"product_brand","embeddable":true,"href":"https:\/\/www.facecorner.lv\/en\/wp-json\/wp\/v2\/product_brand?post=15211"},{"taxonomy":"product_cat","embeddable":true,"href":"https:\/\/www.facecorner.lv\/en\/wp-json\/wp\/v2\/product_cat?post=15211"},{"taxonomy":"product_tag","embeddable":true,"href":"https:\/\/www.facecorner.lv\/en\/wp-json\/wp\/v2\/product_tag?post=15211"},{"taxonomy":"berocket_brand","embeddable":true,"href":"https:\/\/www.facecorner.lv\/en\/wp-json\/wp\/v2\/berocket_brand?post=15211"}],"curies":[{"name":"wp","href":"https:\/\/api.w.org\/{rel}","templated":true}]}}