{"id":15021,"date":"2024-04-11T19:00:40","date_gmt":"2024-04-11T17:00:40","guid":{"rendered":"https:\/\/www.facecorner.lv\/?post_type=product&#038;p=15021"},"modified":"2025-04-09T10:33:54","modified_gmt":"2025-04-09T07:33:54","slug":"dalba-extra-intensive-eye-cream-30ml","status":"publish","type":"product","link":"https:\/\/www.facecorner.lv\/en\/shop\/dalba-extra-intensive-eye-cream-30ml\/","title":{"rendered":"D&#8217;alba Extra Intensive Eye Cream Firming Peptide 30ml"},"content":{"rendered":"<p>D&#8217;alba Extra Intensive Eye Cream Firming Peptide maigi kl\u0101jas uz \u0101das, dzi\u013ci baro, mitrina un m\u012bkstina, uzlabo \u0101das elast\u012bbu un tvirtumu, saglab\u0101 gludumu un pal\u0113nina noveco\u0161an\u0101s procesus.<\/p>\n<p>D&#8217;alba Extra Intensive Eye Cream Firming Peptide Palielina pa\u0161as \u0101das kolag\u0113na veido\u0161anos, padara \u0101du tvirt\u0101ku un tvirt\u0101ku, pie\u0161\u0137ir vesel\u012bgu mirdzumu un nov\u0113r\u0161 sausumu.<br \/>\nPie\u0161\u0137ir svaigu un atp\u016btu\u0161os izskatu, nov\u0113r\u0161 bl\u0101vumu, uzlabo \u0101das tekst\u016bru ap ac\u012bm.<\/p>\n<p>Hipoaler\u0123iska formula neizraisa kairin\u0101jumu maigas un pl\u0101nas plaksti\u0146u \u0101das zon\u0101, ide\u0101li piem\u0113rota ikdienas lieto\u0161anai.<br \/>\nLieliski uzs\u016bcas, neatst\u0101j taukainu saj\u016btu.<\/p>\n<ul>\n<li>Patent\u0113t\u0101 Trufferol\u2122 kompleksa sast\u0101v\u0101 ir balt\u0101s trifeles (10 200 ppm) un tokoferols (E vitam\u012bns). Trufferol\u2122 c\u012bn\u0101s pret \u0101das priek\u0161laic\u012bgu noveco\u0161anos, padara to bl\u012bvu, stingru un starojo\u0161u, samazina grumbu ra\u0161anos.<\/li>\n<li>Veg\u0101niskais kolag\u0113ns paaugstina mitruma l\u012bmeni, pie\u0161\u0137ir \u0101dai tvirtumu un bl\u012bvumu, uztur \u0101du gludu un samazina dehidrat\u0101cijas izrais\u012bto grumbu ra\u0161anos.<\/li>\n<li>Niacinam\u012bds (vitam\u012bns B3) izl\u012bdzina tonusu, stimul\u0113 kolag\u0113na veido\u0161anos, izgaismo, pal\u0113nina melan\u012bna transport\u0113\u0161anu epiderm\u0101, nostiprina hidrolip\u012bdu apvalku un palielina \u0101das aizsargfunkcijas.<\/li>\n<li>8 e\u013c\u013cu komplekss satur sojas, pr\u012bmulas, kam\u0113lijas, makad\u0101mijas, avokado, ol\u012bvu, saulespu\u0137u un smilts\u0113rk\u0161\u0137u e\u013c\u013cas. \u0160\u012b kombin\u0101cija nodro\u0161ina dzi\u013cu baro\u0161anu, nov\u0113r\u0161 \u0101das dehidrat\u0101ciju un lob\u012b\u0161anos, pies\u0101tina \u0161\u016bnas ar labv\u0113l\u012bgaj\u0101m tauksk\u0101b\u0113m un antioksidantiem, saglab\u0101 jaun\u012bbu.<\/li>\n<\/ul>\n<p><strong>How to use:<\/strong> p\u0113c visiem kop\u0161anas posmiem uzkl\u0101jiet kr\u0113mu uz zem ac\u012bm, ar viegl\u0101m gl\u0101sto\u0161\u0101m kust\u012bb\u0101m ar pirkstu galiem. Produktu var lietot lok\u0101li uz zonas starp uzac\u012bm, deguna un kakta krok\u0101m un ap l\u016bp\u0101m.<\/p>\n<p><strong>Ingredientes:\u00a0<\/strong> <span class=\"moze-tiny\">Water, Glycerin, Hydrogenated Polydecene, Caprylic\/capric Triglyceride, Polyglyceryl-3 Methyl Glucose Distearate, Niacinamide, Dicaprylyl Ether, Betaine, Vinyl Dimethicone, Cyclohexyl Roxane, Cetyl Alcohol, Glyceryl Stearate, Behenyl Alcohol, Butylene Glycol, White Truffle Extract (10,200 Ppm), Shea Butter, Pentaerythrityl Distearate, Phytosteryl\/Isostearyl\/Cetyl \/Stearyl\/Behenyl Dimerdilinoleate, Collagen Extract (1,200 Ppm), Tocopherol, Kelp Extract, Nasturtium Leaf Extract, Centella Asiatica Extract, Fig Extract, Yellow Lotus Root Extract, Cacao Seed Extract, Oat Kernel Extract, Ash Tree Extract, Basil Flower\/leaf\/stem Extract, Bacillus\/soy Bean Fermentation Extract, Rosemary Leaf Extract, Porphyridium Cruentum Extract, Hydrogenated Lecithin, Stone Bean Oil, Evening Primrose Oil, Camellia Seed Oil, Macadamia Seed Oil, Avocado Oil, Olive Oil, Sunflower Seed Oil, Vitamin-tree Fruit Oil, Polyglyceryl-10 Laurate, Ammonium Acryloyl Dimethyltaurate\/vpcopolymer, Sodium Stearoyl Glutamate, Adenosine, Fructooligosaccharides, Beta-glucan, Hydrolyzed Hyaluronic Acid, Phospholipid, Dextrin, Ceramide Np, Cyanocobalamin, Glycolipid, Lactobacillus\/soy Milk Ferment Filtrate, Lactobacillus\/rye Flour Ferment, Dolbean Sterol, Hydroxypropyl Methylcellulose, Pullulan, Glucose, Mannose, Nonapeptide-1, Acetyl Hexapeptide-8, Copper Tripeptide-1, Tripeptide-1, Palmitoyl Tetrapeptide-7, Palmitoyl Tripeptide-1, Palmitoyl Pentapeptide-4, Hexapeptide-9, 1,2-hexanediol, Hydroxyacetophenone, Ethylhexylglycerin, Caprylyl Glycol, Fragrance, Linalool, Hexylcinnamal, Limonene, Citronellol<\/span><\/p>","protected":false},"excerpt":{"rendered":"<p>D&#8217;alba Extra Intensive Eye Cream Firming Peptide maigi kl\u0101jas uz \u0101das, dzi\u013ci baro, mitrina un m\u012bkstina, uzlabo \u0101das elast\u012bbu un tvirtumu, saglab\u0101 gludumu.<\/p>","protected":false},"featured_media":15022,"comment_status":"open","ping_status":"closed","template":"","meta":{"site-sidebar-layout":"default","site-content-layout":"","ast-site-content-layout":"default","site-content-style":"default","site-sidebar-style":"default","ast-global-header-display":"","ast-banner-title-visibility":"","ast-main-header-display":"","ast-hfb-above-header-display":"","ast-hfb-below-header-display":"","ast-hfb-mobile-header-display":"","site-post-title":"","ast-breadcrumbs-content":"","ast-featured-img":"","footer-sml-layout":"","theme-transparent-header-meta":"default","adv-header-id-meta":"","stick-header-meta":"","header-above-stick-meta":"","header-main-stick-meta":"","header-below-stick-meta":"","astra-migrate-meta-layouts":"set","ast-page-background-enabled":"default","ast-page-background-meta":{"desktop":{"background-color":"var(--ast-global-color-4)","background-image":"","background-repeat":"repeat","background-position":"center center","background-size":"auto","background-attachment":"scroll","background-type":"","background-media":"","overlay-type":"","overlay-color":"","overlay-opacity":"","overlay-gradient":""},"tablet":{"background-color":"","background-image":"","background-repeat":"repeat","background-position":"center center","background-size":"auto","background-attachment":"scroll","background-type":"","background-media":"","overlay-type":"","overlay-color":"","overlay-opacity":"","overlay-gradient":""},"mobile":{"background-color":"","background-image":"","background-repeat":"repeat","background-position":"center center","background-size":"auto","background-attachment":"scroll","background-type":"","background-media":"","overlay-type":"","overlay-color":"","overlay-opacity":"","overlay-gradient":""}},"ast-content-background-meta":{"desktop":{"background-color":"var(--ast-global-color-5)","background-image":"","background-repeat":"repeat","background-position":"center center","background-size":"auto","background-attachment":"scroll","background-type":"","background-media":"","overlay-type":"","overlay-color":"","overlay-opacity":"","overlay-gradient":""},"tablet":{"background-color":"var(--ast-global-color-5)","background-image":"","background-repeat":"repeat","background-position":"center center","background-size":"auto","background-attachment":"scroll","background-type":"","background-media":"","overlay-type":"","overlay-color":"","overlay-opacity":"","overlay-gradient":""},"mobile":{"background-color":"var(--ast-global-color-5)","background-image":"","background-repeat":"repeat","background-position":"center center","background-size":"auto","background-attachment":"scroll","background-type":"","background-media":"","overlay-type":"","overlay-color":"","overlay-opacity":"","overlay-gradient":""}}},"product_brand":[],"product_cat":[308],"product_tag":[],"berocket_brand":[572],"class_list":{"0":"post-15021","1":"product","2":"type-product","3":"status-publish","4":"has-post-thumbnail","6":"product_cat-acu-krems","7":"berocket_brand-dalba","8":"desktop-align-left","9":"tablet-align-left","10":"mobile-align-left","12":"first","13":"outofstock","14":"taxable","15":"shipping-taxable","16":"purchasable","17":"product-type-simple","18":"add-to-wishlist-before_image"},"yoast_head":"<!-- This site is optimized with the Yoast SEO plugin v27.4 - https:\/\/yoast.com\/product\/yoast-seo-wordpress\/ -->\n<title>D&#039;alba Extra Intensive Eye Cream Firming Peptide 30ml - FACECORNER<\/title>\n<meta name=\"description\" content=\"D&#039;alba Extra Intensive Eye Cream Firming Peptide maigi kl\u0101jas uz \u0101das, dzi\u013ci baro, mitrina un m\u012bkstina, uzlabo \u0101das elast\u012bbu un tvirtumu, saglab\u0101 gludumu.\" \/>\n<meta name=\"robots\" content=\"index, follow, max-snippet:-1, max-image-preview:large, max-video-preview:-1\" \/>\n<link rel=\"canonical\" href=\"https:\/\/www.facecorner.lv\/en\/shop\/dalba-extra-intensive-eye-cream-30ml\/\" \/>\n<meta property=\"og:locale\" content=\"en_US\" \/>\n<meta property=\"og:type\" content=\"article\" \/>\n<meta property=\"og:title\" content=\"D&#039;alba Extra Intensive Eye Cream Firming Peptide 30ml - FACECORNER\" \/>\n<meta property=\"og:description\" content=\"D&#039;alba Extra Intensive Eye Cream Firming Peptide maigi kl\u0101jas uz \u0101das, dzi\u013ci baro, mitrina un m\u012bkstina, uzlabo \u0101das elast\u012bbu un tvirtumu, saglab\u0101 gludumu.\" \/>\n<meta property=\"og:url\" content=\"https:\/\/www.facecorner.lv\/en\/shop\/dalba-extra-intensive-eye-cream-30ml\/\" \/>\n<meta property=\"og:site_name\" content=\"FACECORNER\" \/>\n<meta property=\"article:publisher\" content=\"https:\/\/www.facebook.com\/profile.php?id=100063824551839\" \/>\n<meta property=\"article:modified_time\" content=\"2025-04-09T07:33:54+00:00\" \/>\n<meta property=\"og:image\" content=\"https:\/\/www.facecorner.lv\/wp-content\/uploads\/2024\/04\/d_Alba_Extra_Intensive_Eye_Cream-149f14428d56afff436deedbc9d7e9f7.jpg\" \/>\n\t<meta property=\"og:image:width\" content=\"1000\" \/>\n\t<meta property=\"og:image:height\" content=\"1000\" \/>\n\t<meta property=\"og:image:type\" content=\"image\/jpeg\" \/>\n<meta name=\"twitter:card\" content=\"summary_large_image\" \/>\n<meta name=\"twitter:label1\" content=\"Price\" \/>\n\t<meta name=\"twitter:data1\" content=\"&euro;40.00\" \/>\n\t<meta name=\"twitter:label2\" content=\"Availability\" \/>\n\t<meta name=\"twitter:data2\" content=\"Out of stock\" \/>\n<script type=\"application\/ld+json\" class=\"yoast-schema-graph\">{\"@context\":\"https:\\\/\\\/schema.org\",\"@graph\":[{\"@type\":\"WebPage\",\"@id\":\"https:\\\/\\\/www.facecorner.lv\\\/shop\\\/dalba-extra-intensive-eye-cream-30ml\\\/\",\"url\":\"https:\\\/\\\/www.facecorner.lv\\\/shop\\\/dalba-extra-intensive-eye-cream-30ml\\\/\",\"name\":\"D'alba Extra Intensive Eye Cream Firming Peptide 30ml - FACECORNER\",\"isPartOf\":{\"@id\":\"https:\\\/\\\/www.facecorner.lv\\\/#website\"},\"primaryImageOfPage\":{\"@id\":\"https:\\\/\\\/www.facecorner.lv\\\/shop\\\/dalba-extra-intensive-eye-cream-30ml\\\/#primaryimage\"},\"image\":{\"@id\":\"https:\\\/\\\/www.facecorner.lv\\\/shop\\\/dalba-extra-intensive-eye-cream-30ml\\\/#primaryimage\"},\"thumbnailUrl\":\"https:\\\/\\\/www.facecorner.lv\\\/wp-content\\\/uploads\\\/2024\\\/04\\\/d_Alba_Extra_Intensive_Eye_Cream-149f14428d56afff436deedbc9d7e9f7.jpg\",\"datePublished\":\"2024-04-11T17:00:40+00:00\",\"dateModified\":\"2025-04-09T07:33:54+00:00\",\"description\":\"D'alba Extra Intensive Eye Cream Firming Peptide maigi kl\u0101jas uz \u0101das, dzi\u013ci baro, mitrina un m\u012bkstina, uzlabo \u0101das elast\u012bbu un tvirtumu, saglab\u0101 gludumu.\",\"breadcrumb\":{\"@id\":\"https:\\\/\\\/www.facecorner.lv\\\/shop\\\/dalba-extra-intensive-eye-cream-30ml\\\/#breadcrumb\"},\"inLanguage\":\"en-US\",\"potentialAction\":[{\"@type\":\"ReadAction\",\"target\":[\"https:\\\/\\\/www.facecorner.lv\\\/shop\\\/dalba-extra-intensive-eye-cream-30ml\\\/\"]}]},{\"@type\":\"ImageObject\",\"inLanguage\":\"en-US\",\"@id\":\"https:\\\/\\\/www.facecorner.lv\\\/shop\\\/dalba-extra-intensive-eye-cream-30ml\\\/#primaryimage\",\"url\":\"https:\\\/\\\/www.facecorner.lv\\\/wp-content\\\/uploads\\\/2024\\\/04\\\/d_Alba_Extra_Intensive_Eye_Cream-149f14428d56afff436deedbc9d7e9f7.jpg\",\"contentUrl\":\"https:\\\/\\\/www.facecorner.lv\\\/wp-content\\\/uploads\\\/2024\\\/04\\\/d_Alba_Extra_Intensive_Eye_Cream-149f14428d56afff436deedbc9d7e9f7.jpg\",\"width\":1000,\"height\":1000,\"caption\":\"D'alba Extra Intensive Eye Cream Firming Peptide\"},{\"@type\":\"BreadcrumbList\",\"@id\":\"https:\\\/\\\/www.facecorner.lv\\\/shop\\\/dalba-extra-intensive-eye-cream-30ml\\\/#breadcrumb\",\"itemListElement\":[{\"@type\":\"ListItem\",\"position\":1,\"name\":\"Home\",\"item\":\"https:\\\/\\\/www.facecorner.lv\\\/\"},{\"@type\":\"ListItem\",\"position\":2,\"name\":\"Veikals\",\"item\":\"https:\\\/\\\/www.facecorner.lv\\\/shop\\\/\"},{\"@type\":\"ListItem\",\"position\":3,\"name\":\"D&#8217;alba Extra Intensive Eye Cream Firming Peptide 30ml\"}]},{\"@type\":\"WebSite\",\"@id\":\"https:\\\/\\\/www.facecorner.lv\\\/#website\",\"url\":\"https:\\\/\\\/www.facecorner.lv\\\/\",\"name\":\"Facecorner\",\"description\":\"\",\"publisher\":{\"@id\":\"https:\\\/\\\/www.facecorner.lv\\\/#organization\"},\"potentialAction\":[{\"@type\":\"SearchAction\",\"target\":{\"@type\":\"EntryPoint\",\"urlTemplate\":\"https:\\\/\\\/www.facecorner.lv\\\/?s={search_term_string}\"},\"query-input\":{\"@type\":\"PropertyValueSpecification\",\"valueRequired\":true,\"valueName\":\"search_term_string\"}}],\"inLanguage\":\"en-US\"},{\"@type\":\"Organization\",\"@id\":\"https:\\\/\\\/www.facecorner.lv\\\/#organization\",\"name\":\"Facecorner\",\"url\":\"https:\\\/\\\/www.facecorner.lv\\\/\",\"logo\":{\"@type\":\"ImageObject\",\"inLanguage\":\"en-US\",\"@id\":\"https:\\\/\\\/www.facecorner.lv\\\/#\\\/schema\\\/logo\\\/image\\\/\",\"url\":\"https:\\\/\\\/www.facecorner.lv\\\/wp-content\\\/uploads\\\/2024\\\/04\\\/fc-logo.jpg\",\"contentUrl\":\"https:\\\/\\\/www.facecorner.lv\\\/wp-content\\\/uploads\\\/2024\\\/04\\\/fc-logo.jpg\",\"width\":174,\"height\":28,\"caption\":\"Facecorner\"},\"image\":{\"@id\":\"https:\\\/\\\/www.facecorner.lv\\\/#\\\/schema\\\/logo\\\/image\\\/\"},\"sameAs\":[\"https:\\\/\\\/www.facebook.com\\\/profile.php?id=100063824551839\",\"https:\\\/\\\/www.instagram.com\\\/facecorner_shop\\\/\"]}]}<\/script>\n<meta property=\"product:price:amount\" content=\"40.00\" \/>\n<meta property=\"product:price:currency\" content=\"EUR\" \/>\n<meta property=\"og:availability\" content=\"out of stock\" \/>\n<meta property=\"product:availability\" content=\"out of stock\" \/>\n<meta property=\"product:condition\" content=\"new\" \/>\n<!-- \/ Yoast SEO plugin. -->","yoast_head_json":{"title":"D'alba Extra Intensive Eye Cream Firming Peptide 30ml - FACECORNER","description":"D'alba Extra Intensive Eye Cream Firming Peptide maigi kl\u0101jas uz \u0101das, dzi\u013ci baro, mitrina un m\u012bkstina, uzlabo \u0101das elast\u012bbu un tvirtumu, saglab\u0101 gludumu.","robots":{"index":"index","follow":"follow","max-snippet":"max-snippet:-1","max-image-preview":"max-image-preview:large","max-video-preview":"max-video-preview:-1"},"canonical":"https:\/\/www.facecorner.lv\/en\/shop\/dalba-extra-intensive-eye-cream-30ml\/","og_locale":"en_US","og_type":"article","og_title":"D'alba Extra Intensive Eye Cream Firming Peptide 30ml - FACECORNER","og_description":"D'alba Extra Intensive Eye Cream Firming Peptide maigi kl\u0101jas uz \u0101das, dzi\u013ci baro, mitrina un m\u012bkstina, uzlabo \u0101das elast\u012bbu un tvirtumu, saglab\u0101 gludumu.","og_url":"https:\/\/www.facecorner.lv\/en\/shop\/dalba-extra-intensive-eye-cream-30ml\/","og_site_name":"FACECORNER","article_publisher":"https:\/\/www.facebook.com\/profile.php?id=100063824551839","article_modified_time":"2025-04-09T07:33:54+00:00","og_image":[{"width":1000,"height":1000,"url":"https:\/\/www.facecorner.lv\/wp-content\/uploads\/2024\/04\/d_Alba_Extra_Intensive_Eye_Cream-149f14428d56afff436deedbc9d7e9f7.jpg","type":"image\/jpeg"}],"twitter_card":"summary_large_image","twitter_misc":{"Price":"&euro;40.00","Availability":"Out of stock"},"schema":{"@context":"https:\/\/schema.org","@graph":[{"@type":"WebPage","@id":"https:\/\/www.facecorner.lv\/shop\/dalba-extra-intensive-eye-cream-30ml\/","url":"https:\/\/www.facecorner.lv\/shop\/dalba-extra-intensive-eye-cream-30ml\/","name":"D'alba Extra Intensive Eye Cream Firming Peptide 30ml - FACECORNER","isPartOf":{"@id":"https:\/\/www.facecorner.lv\/#website"},"primaryImageOfPage":{"@id":"https:\/\/www.facecorner.lv\/shop\/dalba-extra-intensive-eye-cream-30ml\/#primaryimage"},"image":{"@id":"https:\/\/www.facecorner.lv\/shop\/dalba-extra-intensive-eye-cream-30ml\/#primaryimage"},"thumbnailUrl":"https:\/\/www.facecorner.lv\/wp-content\/uploads\/2024\/04\/d_Alba_Extra_Intensive_Eye_Cream-149f14428d56afff436deedbc9d7e9f7.jpg","datePublished":"2024-04-11T17:00:40+00:00","dateModified":"2025-04-09T07:33:54+00:00","description":"D'alba Extra Intensive Eye Cream Firming Peptide maigi kl\u0101jas uz \u0101das, dzi\u013ci baro, mitrina un m\u012bkstina, uzlabo \u0101das elast\u012bbu un tvirtumu, saglab\u0101 gludumu.","breadcrumb":{"@id":"https:\/\/www.facecorner.lv\/shop\/dalba-extra-intensive-eye-cream-30ml\/#breadcrumb"},"inLanguage":"en-US","potentialAction":[{"@type":"ReadAction","target":["https:\/\/www.facecorner.lv\/shop\/dalba-extra-intensive-eye-cream-30ml\/"]}]},{"@type":"ImageObject","inLanguage":"en-US","@id":"https:\/\/www.facecorner.lv\/shop\/dalba-extra-intensive-eye-cream-30ml\/#primaryimage","url":"https:\/\/www.facecorner.lv\/wp-content\/uploads\/2024\/04\/d_Alba_Extra_Intensive_Eye_Cream-149f14428d56afff436deedbc9d7e9f7.jpg","contentUrl":"https:\/\/www.facecorner.lv\/wp-content\/uploads\/2024\/04\/d_Alba_Extra_Intensive_Eye_Cream-149f14428d56afff436deedbc9d7e9f7.jpg","width":1000,"height":1000,"caption":"D'alba Extra Intensive Eye Cream Firming Peptide"},{"@type":"BreadcrumbList","@id":"https:\/\/www.facecorner.lv\/shop\/dalba-extra-intensive-eye-cream-30ml\/#breadcrumb","itemListElement":[{"@type":"ListItem","position":1,"name":"Home","item":"https:\/\/www.facecorner.lv\/"},{"@type":"ListItem","position":2,"name":"Veikals","item":"https:\/\/www.facecorner.lv\/shop\/"},{"@type":"ListItem","position":3,"name":"D&#8217;alba Extra Intensive Eye Cream Firming Peptide 30ml"}]},{"@type":"WebSite","@id":"https:\/\/www.facecorner.lv\/#website","url":"https:\/\/www.facecorner.lv\/","name":"Facecorner","description":"","publisher":{"@id":"https:\/\/www.facecorner.lv\/#organization"},"potentialAction":[{"@type":"SearchAction","target":{"@type":"EntryPoint","urlTemplate":"https:\/\/www.facecorner.lv\/?s={search_term_string}"},"query-input":{"@type":"PropertyValueSpecification","valueRequired":true,"valueName":"search_term_string"}}],"inLanguage":"en-US"},{"@type":"Organization","@id":"https:\/\/www.facecorner.lv\/#organization","name":"Facecorner","url":"https:\/\/www.facecorner.lv\/","logo":{"@type":"ImageObject","inLanguage":"en-US","@id":"https:\/\/www.facecorner.lv\/#\/schema\/logo\/image\/","url":"https:\/\/www.facecorner.lv\/wp-content\/uploads\/2024\/04\/fc-logo.jpg","contentUrl":"https:\/\/www.facecorner.lv\/wp-content\/uploads\/2024\/04\/fc-logo.jpg","width":174,"height":28,"caption":"Facecorner"},"image":{"@id":"https:\/\/www.facecorner.lv\/#\/schema\/logo\/image\/"},"sameAs":["https:\/\/www.facebook.com\/profile.php?id=100063824551839","https:\/\/www.instagram.com\/facecorner_shop\/"]}]},"product_price_amount":"40.00","product_price_currency":"EUR","og_availability":"out of stock","product_availability":"out of stock","product_condition":"new"},"_links":{"self":[{"href":"https:\/\/www.facecorner.lv\/en\/wp-json\/wp\/v2\/product\/15021","targetHints":{"allow":["GET"]}}],"collection":[{"href":"https:\/\/www.facecorner.lv\/en\/wp-json\/wp\/v2\/product"}],"about":[{"href":"https:\/\/www.facecorner.lv\/en\/wp-json\/wp\/v2\/types\/product"}],"replies":[{"embeddable":true,"href":"https:\/\/www.facecorner.lv\/en\/wp-json\/wp\/v2\/comments?post=15021"}],"wp:featuredmedia":[{"embeddable":true,"href":"https:\/\/www.facecorner.lv\/en\/wp-json\/wp\/v2\/media\/15022"}],"wp:attachment":[{"href":"https:\/\/www.facecorner.lv\/en\/wp-json\/wp\/v2\/media?parent=15021"}],"wp:term":[{"taxonomy":"product_brand","embeddable":true,"href":"https:\/\/www.facecorner.lv\/en\/wp-json\/wp\/v2\/product_brand?post=15021"},{"taxonomy":"product_cat","embeddable":true,"href":"https:\/\/www.facecorner.lv\/en\/wp-json\/wp\/v2\/product_cat?post=15021"},{"taxonomy":"product_tag","embeddable":true,"href":"https:\/\/www.facecorner.lv\/en\/wp-json\/wp\/v2\/product_tag?post=15021"},{"taxonomy":"berocket_brand","embeddable":true,"href":"https:\/\/www.facecorner.lv\/en\/wp-json\/wp\/v2\/berocket_brand?post=15021"}],"curies":[{"name":"wp","href":"https:\/\/api.w.org\/{rel}","templated":true}]}}