{"id":14964,"date":"2024-04-08T14:52:08","date_gmt":"2024-04-08T12:52:08","guid":{"rendered":"https:\/\/www.facecorner.lv\/?post_type=product&#038;p=14964"},"modified":"2024-12-05T00:42:50","modified_gmt":"2024-12-04T21:42:50","slug":"wellderma-gold-face-lifting-compact-roller","status":"publish","type":"product","link":"https:\/\/www.facecorner.lv\/en\/shop\/wellderma-gold-face-lifting-compact-roller\/","title":{"rendered":"Wellderma Gold Face Lifting Compact Roller"},"content":{"rendered":"<p>Wellderma Gold Face Lifting Compact Roller Silikona dubult\u0101 birstes galvi\u0146a ir m\u012bkst\u0101ka nek\u0101 neilona. Da\u017e\u0101das formas birstes galvi\u0146as nodro\u0161ina dzi\u013cu att\u012br\u012b\u0161anu. Maksim\u0101l\u0101 sejas att\u012br\u012bt\u0101ja efektivit\u0101te ir 4800 vibr\u0101cijas min\u016bt\u0113. Birstes galvi\u0146a nav j\u0101nomaina, t\u0101 maigi att\u012bra \u0101du, vibr\u0113, radot maigus un bl\u012bvas t\u012br\u012b\u0161anas burbul\u012b\u0161us, kas vienlaikus pal\u012bdz no sejas no\u0146emt net\u012brumus un kerat\u012bnu. Izm\u0113rs: 45 x 30 x 135 mm.<\/p>\n<p><strong> How to use:<\/strong> l\u0113ni un vienm\u0113r\u012bgi p\u0101rvelciet pa \u0101du, stingri turot rokturi. J\u016bs varat sajust mas\u0101\u017eas efektu, pat neieguldot p\u0101r\u0101k daudz p\u016b\u013cu.<\/p>\n<p>&nbsp;<\/p>","protected":false},"excerpt":{"rendered":"<p>Wellderma Gold Face Lifting Compact Roller Silikona dubult\u0101 birstes galvi\u0146a ir m\u012bkst\u0101ka nek\u0101 neilona. Da\u017e\u0101das formas birstes galvi\u0146as nodro\u0161ina dzi\u013cu att\u012br\u012b\u0161anu. Maksim\u0101l\u0101 sejas att\u012br\u012bt\u0101ja efektivit\u0101te ir 4800 vibr\u0101cijas min\u016bt\u0113. Birstes galvi\u0146a nav j\u0101nomaina, t\u0101 maigi att\u012bra \u0101du, vibr\u0113, radot maigus un bl\u012bvas t\u012br\u012b\u0161anas burbul\u012b\u0161us, kas vienlaikus pal\u012bdz no sejas no\u0146emt net\u012brumus un kerat\u012bnu. Izm\u0113rs: 45 [&hellip;]<\/p>\n","protected":false},"featured_media":14965,"comment_status":"open","ping_status":"closed","template":"","meta":{"site-sidebar-layout":"default","site-content-layout":"","ast-site-content-layout":"","site-content-style":"default","site-sidebar-style":"default","ast-global-header-display":"","ast-banner-title-visibility":"","ast-main-header-display":"","ast-hfb-above-header-display":"","ast-hfb-below-header-display":"","ast-hfb-mobile-header-display":"","site-post-title":"","ast-breadcrumbs-content":"","ast-featured-img":"","footer-sml-layout":"","theme-transparent-header-meta":"","adv-header-id-meta":"","stick-header-meta":"","header-above-stick-meta":"","header-main-stick-meta":"","header-below-stick-meta":"","astra-migrate-meta-layouts":"default","ast-page-background-enabled":"default","ast-page-background-meta":{"desktop":{"background-color":"var(--ast-global-color-4)","background-image":"","background-repeat":"repeat","background-position":"center center","background-size":"auto","background-attachment":"scroll","background-type":"","background-media":"","overlay-type":"","overlay-color":"","overlay-opacity":"","overlay-gradient":""},"tablet":{"background-color":"","background-image":"","background-repeat":"repeat","background-position":"center center","background-size":"auto","background-attachment":"scroll","background-type":"","background-media":"","overlay-type":"","overlay-color":"","overlay-opacity":"","overlay-gradient":""},"mobile":{"background-color":"","background-image":"","background-repeat":"repeat","background-position":"center center","background-size":"auto","background-attachment":"scroll","background-type":"","background-media":"","overlay-type":"","overlay-color":"","overlay-opacity":"","overlay-gradient":""}},"ast-content-background-meta":{"desktop":{"background-color":"var(--ast-global-color-5)","background-image":"","background-repeat":"repeat","background-position":"center center","background-size":"auto","background-attachment":"scroll","background-type":"","background-media":"","overlay-type":"","overlay-color":"","overlay-opacity":"","overlay-gradient":""},"tablet":{"background-color":"var(--ast-global-color-5)","background-image":"","background-repeat":"repeat","background-position":"center center","background-size":"auto","background-attachment":"scroll","background-type":"","background-media":"","overlay-type":"","overlay-color":"","overlay-opacity":"","overlay-gradient":""},"mobile":{"background-color":"var(--ast-global-color-5)","background-image":"","background-repeat":"repeat","background-position":"center center","background-size":"auto","background-attachment":"scroll","background-type":"","background-media":"","overlay-type":"","overlay-color":"","overlay-opacity":"","overlay-gradient":""}}},"product_brand":[],"product_cat":[332,309,511,310,362],"product_tag":[],"berocket_brand":[],"class_list":{"0":"post-14964","1":"product","2":"type-product","3":"status-publish","4":"has-post-thumbnail","6":"product_cat-aksesuari-kermenim","7":"product_cat-aksesuari-sejai","8":"product_cat-atlaides","9":"product_cat-attirisana","10":"product_cat-sejas-krems","11":"desktop-align-left","12":"tablet-align-left","13":"mobile-align-left","15":"first","16":"outofstock","17":"sale","18":"taxable","19":"shipping-taxable","20":"purchasable","21":"product-type-simple","22":"add-to-wishlist-before_image"},"yoast_head":"<!-- This site is optimized with the Yoast SEO plugin v27.4 - https:\/\/yoast.com\/product\/yoast-seo-wordpress\/ -->\n<title>Wellderma Gold Face Lifting Compact Roller - FACECORNER<\/title>\n<meta name=\"robots\" content=\"index, follow, max-snippet:-1, max-image-preview:large, max-video-preview:-1\" \/>\n<link rel=\"canonical\" href=\"https:\/\/www.facecorner.lv\/en\/shop\/wellderma-gold-face-lifting-compact-roller\/\" \/>\n<meta property=\"og:locale\" content=\"en_US\" \/>\n<meta property=\"og:type\" content=\"article\" \/>\n<meta property=\"og:title\" content=\"Wellderma Gold Face Lifting Compact Roller - FACECORNER\" \/>\n<meta property=\"og:description\" content=\"Wellderma Gold Face Lifting Compact Roller Silikona dubult\u0101 birstes galvi\u0146a ir m\u012bkst\u0101ka nek\u0101 neilona. Da\u017e\u0101das formas birstes galvi\u0146as nodro\u0161ina dzi\u013cu att\u012br\u012b\u0161anu. Maksim\u0101l\u0101 sejas att\u012br\u012bt\u0101ja efektivit\u0101te ir 4800 vibr\u0101cijas min\u016bt\u0113. Birstes galvi\u0146a nav j\u0101nomaina, t\u0101 maigi att\u012bra \u0101du, vibr\u0113, radot maigus un bl\u012bvas t\u012br\u012b\u0161anas burbul\u012b\u0161us, kas vienlaikus pal\u012bdz no sejas no\u0146emt net\u012brumus un kerat\u012bnu. Izm\u0113rs: 45 [&hellip;]\" \/>\n<meta property=\"og:url\" content=\"https:\/\/www.facecorner.lv\/en\/shop\/wellderma-gold-face-lifting-compact-roller\/\" \/>\n<meta property=\"og:site_name\" content=\"FACECORNER\" \/>\n<meta property=\"article:publisher\" content=\"https:\/\/www.facebook.com\/profile.php?id=100063824551839\" \/>\n<meta property=\"article:modified_time\" content=\"2024-12-04T21:42:50+00:00\" \/>\n<meta property=\"og:image\" content=\"https:\/\/www.facecorner.lv\/wp-content\/uploads\/2024\/04\/max_51024.jpeg\" \/>\n\t<meta property=\"og:image:width\" content=\"750\" \/>\n\t<meta property=\"og:image:height\" content=\"750\" \/>\n\t<meta property=\"og:image:type\" content=\"image\/jpeg\" \/>\n<meta name=\"twitter:card\" content=\"summary_large_image\" \/>\n<meta name=\"twitter:label1\" content=\"Price\" \/>\n\t<meta name=\"twitter:data1\" content=\"&euro;19.99\" \/>\n\t<meta name=\"twitter:label2\" content=\"Availability\" \/>\n\t<meta name=\"twitter:data2\" content=\"Out of stock\" \/>\n<script type=\"application\/ld+json\" class=\"yoast-schema-graph\">{\"@context\":\"https:\\\/\\\/schema.org\",\"@graph\":[{\"@type\":\"WebPage\",\"@id\":\"https:\\\/\\\/www.facecorner.lv\\\/shop\\\/wellderma-gold-face-lifting-compact-roller\\\/\",\"url\":\"https:\\\/\\\/www.facecorner.lv\\\/shop\\\/wellderma-gold-face-lifting-compact-roller\\\/\",\"name\":\"Wellderma Gold Face Lifting Compact Roller - FACECORNER\",\"isPartOf\":{\"@id\":\"https:\\\/\\\/www.facecorner.lv\\\/#website\"},\"primaryImageOfPage\":{\"@id\":\"https:\\\/\\\/www.facecorner.lv\\\/shop\\\/wellderma-gold-face-lifting-compact-roller\\\/#primaryimage\"},\"image\":{\"@id\":\"https:\\\/\\\/www.facecorner.lv\\\/shop\\\/wellderma-gold-face-lifting-compact-roller\\\/#primaryimage\"},\"thumbnailUrl\":\"https:\\\/\\\/www.facecorner.lv\\\/wp-content\\\/uploads\\\/2024\\\/04\\\/max_51024.jpeg\",\"datePublished\":\"2024-04-08T12:52:08+00:00\",\"dateModified\":\"2024-12-04T21:42:50+00:00\",\"breadcrumb\":{\"@id\":\"https:\\\/\\\/www.facecorner.lv\\\/shop\\\/wellderma-gold-face-lifting-compact-roller\\\/#breadcrumb\"},\"inLanguage\":\"en-US\",\"potentialAction\":[{\"@type\":\"ReadAction\",\"target\":[\"https:\\\/\\\/www.facecorner.lv\\\/shop\\\/wellderma-gold-face-lifting-compact-roller\\\/\"]}]},{\"@type\":\"ImageObject\",\"inLanguage\":\"en-US\",\"@id\":\"https:\\\/\\\/www.facecorner.lv\\\/shop\\\/wellderma-gold-face-lifting-compact-roller\\\/#primaryimage\",\"url\":\"https:\\\/\\\/www.facecorner.lv\\\/wp-content\\\/uploads\\\/2024\\\/04\\\/max_51024.jpeg\",\"contentUrl\":\"https:\\\/\\\/www.facecorner.lv\\\/wp-content\\\/uploads\\\/2024\\\/04\\\/max_51024.jpeg\",\"width\":750,\"height\":750},{\"@type\":\"BreadcrumbList\",\"@id\":\"https:\\\/\\\/www.facecorner.lv\\\/shop\\\/wellderma-gold-face-lifting-compact-roller\\\/#breadcrumb\",\"itemListElement\":[{\"@type\":\"ListItem\",\"position\":1,\"name\":\"Home\",\"item\":\"https:\\\/\\\/www.facecorner.lv\\\/\"},{\"@type\":\"ListItem\",\"position\":2,\"name\":\"Veikals\",\"item\":\"https:\\\/\\\/www.facecorner.lv\\\/shop\\\/\"},{\"@type\":\"ListItem\",\"position\":3,\"name\":\"Wellderma Gold Face Lifting Compact Roller\"}]},{\"@type\":\"WebSite\",\"@id\":\"https:\\\/\\\/www.facecorner.lv\\\/#website\",\"url\":\"https:\\\/\\\/www.facecorner.lv\\\/\",\"name\":\"Facecorner\",\"description\":\"\",\"publisher\":{\"@id\":\"https:\\\/\\\/www.facecorner.lv\\\/#organization\"},\"potentialAction\":[{\"@type\":\"SearchAction\",\"target\":{\"@type\":\"EntryPoint\",\"urlTemplate\":\"https:\\\/\\\/www.facecorner.lv\\\/?s={search_term_string}\"},\"query-input\":{\"@type\":\"PropertyValueSpecification\",\"valueRequired\":true,\"valueName\":\"search_term_string\"}}],\"inLanguage\":\"en-US\"},{\"@type\":\"Organization\",\"@id\":\"https:\\\/\\\/www.facecorner.lv\\\/#organization\",\"name\":\"Facecorner\",\"url\":\"https:\\\/\\\/www.facecorner.lv\\\/\",\"logo\":{\"@type\":\"ImageObject\",\"inLanguage\":\"en-US\",\"@id\":\"https:\\\/\\\/www.facecorner.lv\\\/#\\\/schema\\\/logo\\\/image\\\/\",\"url\":\"https:\\\/\\\/www.facecorner.lv\\\/wp-content\\\/uploads\\\/2024\\\/04\\\/fc-logo.jpg\",\"contentUrl\":\"https:\\\/\\\/www.facecorner.lv\\\/wp-content\\\/uploads\\\/2024\\\/04\\\/fc-logo.jpg\",\"width\":174,\"height\":28,\"caption\":\"Facecorner\"},\"image\":{\"@id\":\"https:\\\/\\\/www.facecorner.lv\\\/#\\\/schema\\\/logo\\\/image\\\/\"},\"sameAs\":[\"https:\\\/\\\/www.facebook.com\\\/profile.php?id=100063824551839\",\"https:\\\/\\\/www.instagram.com\\\/facecorner_shop\\\/\"]}]}<\/script>\n<meta property=\"product:price:amount\" content=\"19.99\" \/>\n<meta property=\"product:price:currency\" content=\"EUR\" \/>\n<meta property=\"og:availability\" content=\"out of stock\" \/>\n<meta property=\"product:availability\" content=\"out of stock\" \/>\n<meta property=\"product:condition\" content=\"new\" \/>\n<!-- \/ Yoast SEO plugin. -->","yoast_head_json":{"title":"Wellderma Gold Face Lifting Compact Roller - FACECORNER","robots":{"index":"index","follow":"follow","max-snippet":"max-snippet:-1","max-image-preview":"max-image-preview:large","max-video-preview":"max-video-preview:-1"},"canonical":"https:\/\/www.facecorner.lv\/en\/shop\/wellderma-gold-face-lifting-compact-roller\/","og_locale":"en_US","og_type":"article","og_title":"Wellderma Gold Face Lifting Compact Roller - FACECORNER","og_description":"Wellderma Gold Face Lifting Compact Roller Silikona dubult\u0101 birstes galvi\u0146a ir m\u012bkst\u0101ka nek\u0101 neilona. Da\u017e\u0101das formas birstes galvi\u0146as nodro\u0161ina dzi\u013cu att\u012br\u012b\u0161anu. Maksim\u0101l\u0101 sejas att\u012br\u012bt\u0101ja efektivit\u0101te ir 4800 vibr\u0101cijas min\u016bt\u0113. Birstes galvi\u0146a nav j\u0101nomaina, t\u0101 maigi att\u012bra \u0101du, vibr\u0113, radot maigus un bl\u012bvas t\u012br\u012b\u0161anas burbul\u012b\u0161us, kas vienlaikus pal\u012bdz no sejas no\u0146emt net\u012brumus un kerat\u012bnu. Izm\u0113rs: 45 [&hellip;]","og_url":"https:\/\/www.facecorner.lv\/en\/shop\/wellderma-gold-face-lifting-compact-roller\/","og_site_name":"FACECORNER","article_publisher":"https:\/\/www.facebook.com\/profile.php?id=100063824551839","article_modified_time":"2024-12-04T21:42:50+00:00","og_image":[{"width":750,"height":750,"url":"https:\/\/www.facecorner.lv\/wp-content\/uploads\/2024\/04\/max_51024.jpeg","type":"image\/jpeg"}],"twitter_card":"summary_large_image","twitter_misc":{"Price":"&euro;19.99","Availability":"Out of stock"},"schema":{"@context":"https:\/\/schema.org","@graph":[{"@type":"WebPage","@id":"https:\/\/www.facecorner.lv\/shop\/wellderma-gold-face-lifting-compact-roller\/","url":"https:\/\/www.facecorner.lv\/shop\/wellderma-gold-face-lifting-compact-roller\/","name":"Wellderma Gold Face Lifting Compact Roller - FACECORNER","isPartOf":{"@id":"https:\/\/www.facecorner.lv\/#website"},"primaryImageOfPage":{"@id":"https:\/\/www.facecorner.lv\/shop\/wellderma-gold-face-lifting-compact-roller\/#primaryimage"},"image":{"@id":"https:\/\/www.facecorner.lv\/shop\/wellderma-gold-face-lifting-compact-roller\/#primaryimage"},"thumbnailUrl":"https:\/\/www.facecorner.lv\/wp-content\/uploads\/2024\/04\/max_51024.jpeg","datePublished":"2024-04-08T12:52:08+00:00","dateModified":"2024-12-04T21:42:50+00:00","breadcrumb":{"@id":"https:\/\/www.facecorner.lv\/shop\/wellderma-gold-face-lifting-compact-roller\/#breadcrumb"},"inLanguage":"en-US","potentialAction":[{"@type":"ReadAction","target":["https:\/\/www.facecorner.lv\/shop\/wellderma-gold-face-lifting-compact-roller\/"]}]},{"@type":"ImageObject","inLanguage":"en-US","@id":"https:\/\/www.facecorner.lv\/shop\/wellderma-gold-face-lifting-compact-roller\/#primaryimage","url":"https:\/\/www.facecorner.lv\/wp-content\/uploads\/2024\/04\/max_51024.jpeg","contentUrl":"https:\/\/www.facecorner.lv\/wp-content\/uploads\/2024\/04\/max_51024.jpeg","width":750,"height":750},{"@type":"BreadcrumbList","@id":"https:\/\/www.facecorner.lv\/shop\/wellderma-gold-face-lifting-compact-roller\/#breadcrumb","itemListElement":[{"@type":"ListItem","position":1,"name":"Home","item":"https:\/\/www.facecorner.lv\/"},{"@type":"ListItem","position":2,"name":"Veikals","item":"https:\/\/www.facecorner.lv\/shop\/"},{"@type":"ListItem","position":3,"name":"Wellderma Gold Face Lifting Compact Roller"}]},{"@type":"WebSite","@id":"https:\/\/www.facecorner.lv\/#website","url":"https:\/\/www.facecorner.lv\/","name":"Facecorner","description":"","publisher":{"@id":"https:\/\/www.facecorner.lv\/#organization"},"potentialAction":[{"@type":"SearchAction","target":{"@type":"EntryPoint","urlTemplate":"https:\/\/www.facecorner.lv\/?s={search_term_string}"},"query-input":{"@type":"PropertyValueSpecification","valueRequired":true,"valueName":"search_term_string"}}],"inLanguage":"en-US"},{"@type":"Organization","@id":"https:\/\/www.facecorner.lv\/#organization","name":"Facecorner","url":"https:\/\/www.facecorner.lv\/","logo":{"@type":"ImageObject","inLanguage":"en-US","@id":"https:\/\/www.facecorner.lv\/#\/schema\/logo\/image\/","url":"https:\/\/www.facecorner.lv\/wp-content\/uploads\/2024\/04\/fc-logo.jpg","contentUrl":"https:\/\/www.facecorner.lv\/wp-content\/uploads\/2024\/04\/fc-logo.jpg","width":174,"height":28,"caption":"Facecorner"},"image":{"@id":"https:\/\/www.facecorner.lv\/#\/schema\/logo\/image\/"},"sameAs":["https:\/\/www.facebook.com\/profile.php?id=100063824551839","https:\/\/www.instagram.com\/facecorner_shop\/"]}]},"product_price_amount":"19.99","product_price_currency":"EUR","og_availability":"out of stock","product_availability":"out of stock","product_condition":"new"},"_links":{"self":[{"href":"https:\/\/www.facecorner.lv\/en\/wp-json\/wp\/v2\/product\/14964","targetHints":{"allow":["GET"]}}],"collection":[{"href":"https:\/\/www.facecorner.lv\/en\/wp-json\/wp\/v2\/product"}],"about":[{"href":"https:\/\/www.facecorner.lv\/en\/wp-json\/wp\/v2\/types\/product"}],"replies":[{"embeddable":true,"href":"https:\/\/www.facecorner.lv\/en\/wp-json\/wp\/v2\/comments?post=14964"}],"wp:featuredmedia":[{"embeddable":true,"href":"https:\/\/www.facecorner.lv\/en\/wp-json\/wp\/v2\/media\/14965"}],"wp:attachment":[{"href":"https:\/\/www.facecorner.lv\/en\/wp-json\/wp\/v2\/media?parent=14964"}],"wp:term":[{"taxonomy":"product_brand","embeddable":true,"href":"https:\/\/www.facecorner.lv\/en\/wp-json\/wp\/v2\/product_brand?post=14964"},{"taxonomy":"product_cat","embeddable":true,"href":"https:\/\/www.facecorner.lv\/en\/wp-json\/wp\/v2\/product_cat?post=14964"},{"taxonomy":"product_tag","embeddable":true,"href":"https:\/\/www.facecorner.lv\/en\/wp-json\/wp\/v2\/product_tag?post=14964"},{"taxonomy":"berocket_brand","embeddable":true,"href":"https:\/\/www.facecorner.lv\/en\/wp-json\/wp\/v2\/berocket_brand?post=14964"}],"curies":[{"name":"wp","href":"https:\/\/api.w.org\/{rel}","templated":true}]}}