{"id":14910,"date":"2024-04-02T14:36:18","date_gmt":"2024-04-02T12:36:18","guid":{"rendered":"https:\/\/www.facecorner.lv\/?post_type=product&#038;p=14910"},"modified":"2026-05-05T14:36:20","modified_gmt":"2026-05-05T11:36:20","slug":"medi-peel-red-lacto-collagen-wrapping-mask-70ml","status":"publish","type":"product","link":"https:\/\/www.facecorner.lv\/en\/shop\/medi-peel-red-lacto-collagen-wrapping-mask-70ml\/","title":{"rendered":"Medi-Peel Red Lacto Collagen Wrapping Mask 70m"},"content":{"rendered":"<p>Medi-Peel sarkan\u0101 laktokolag\u0113na iet\u012b\u0161anas maska ir maiga \u017eeleja, kas saciet\u0113 uz \u0101das, savelk un sa\u0161aurina papla\u0161in\u0101t\u0101s poras, padarot t\u0101s maz\u0101k redzamas. Maska samazina poru izm\u0113ru, samazina to dzi\u013cumu, izl\u012bdzina mikroreljefu.<\/p>\n<p>T\u0101 nov\u0113r\u0161 taukainu sp\u012bdumu, normaliz\u0113 sebuma darb\u012bbu, uzlabo elast\u012bbu un tvirtumu, izl\u012bdzina un pie\u0161\u0137ir vesel\u012bgu mirdzumu. Barojo\u0161a kr\u0113mveida tekst\u016bra cie\u0161i piegu\u013c pie \u0101das, veidojot elpojo\u0161u kolag\u0113na membr\u0101nu, kas \u013cauj sast\u0101vda\u013c\u0101m iek\u013c\u016bt \u0101d\u0101.<\/p>\n<p>Formulas pamat\u0101 ir nevis \u016bdens, bet 70,2 % hidroliz\u0113ta kolag\u0113na (702 278 ppm) ar zemu molekulmasu &#8211; 300 Da (Daltonu), kas \u013cauj akt\u012bvaj\u0101m viel\u0101m iek\u013c\u016bt dzi\u013ci epiderm\u0101, mitrina un atjauno \u0101du. Kolag\u0113ns palielina audu iztur\u012bbu, stiprina, stimul\u0113 pa\u0161u hialuronsk\u0101bes veido\u0161anos, mazina ar vecumu saist\u012bto izmai\u0146u izskatu.<\/p>\n<p><strong>KEY INGREDIENTS: <\/strong><\/p>\n<ul>\n<li>Tan\u012bns\u2122 (persimona, v\u012bnogu, kafijas, safr\u0101na, rododendrona, za\u013c\u0101s t\u0113jas, saflora kr\u0101su un krizant\u0113mas ekstrakti) &#8211; augu komplekss, kas mazina niezi, kairin\u0101jumu un lob\u012b\u0161anos, iedarbojas savelko\u0161i un antioksidanti, sa\u0161aurina poras.<\/li>\n<li>Anti Sebum P\u2122 &#8211; augu komplekss, kas sast\u0101v no priedes, dzegu\u017epirkst\u012btes, oslinieka, puer\u0101rijas ekstraktiem. Komplekss nom\u0101c p\u0101rm\u0113r\u012bgu tauku dziedzeru darb\u012bbu, normaliz\u0113 \u0101das taukain\u012bbu un nov\u0113r\u0161 taukainu sp\u012bdumu.<\/li>\n<li>Lactobacillus fermenti (1000 ppm) atbalsta \u0101das dabisko mikrobiotu, uzlabo kolag\u0113na strukt\u016bru, palielinot \u0101das elast\u012bbu. Tiem piem\u012bt izgaismojo\u0161a iedarb\u012bba, samazinot pigment\u0101cijas izskatu.<\/li>\n<li>Aminosk\u0101bes atjauno epidermas audu strukt\u016bru, stiprina \u0161\u0137iedras, padara \u0101du bl\u012bv\u0101ku. T\u0101s uztur epidermas integrit\u0101ti, pie\u0161\u0137ir elast\u012bbu un tvirtumu.<\/li>\n<li>3 veidu hialuronsk\u0101be mitrina, m\u012bkstina, nostiprina hidrolip\u012bdu barjeru un nov\u0113r\u0161 mitruma zudumu.<\/li>\n<\/ul>\n<p><strong>How to use:<\/strong> p\u0113c \u0101das att\u012br\u012b\u0161anas, toniz\u0113\u0161anas un mitrin\u0101\u0161anas uzkl\u0101jiet masku uz sejas pl\u0101n\u0101 k\u0101rti\u0146\u0101, izkl\u0101jiet ar rok\u0101m vai ar oti\u0146u, izvairoties no zonas ap ac\u012bm un l\u016bp\u0101m. P\u0113c 20-30 min\u016bt\u0113m, kad maska ir saciet\u0113jusi, viegli paceliet un no\u0146emiet. Ieteicams lietot 2-3 reizes ned\u0113\u013c\u0101.<\/p>\n<p><strong>Ingredientes:<\/strong>:\u00a0Hydrolyzed Collagen Extract (70.2%), jojoba seed oil, polyvinyl alcohol, methyl propanediol, 1,2-hexanediol, argine, polysorbate 80, caprylic\/capric triglyceride, polyglyceryl-10 oleate, pullulan, evening primrose extract, dong elm root extract, giant pine leaf extract, arrowroot extract, persimmon leaf extract, green tea extract, chestnut bark extract, safflower flower extract, fruit extract, coffee bean extract, grape extract, knotweed root extract, sodium hyaluronate, glyceryl stearate, panthenol, disteardimonium hectolite, sodium polystyrene sulfonate, water, cellulose gum, tocopheryl acetate, allantoin, butylene glycol, sodium phytate, lactobacillus fermentation (1,000 ppm), glycine, serine, glutamic acid, aspartic acid, leucine, lysine, alanine, arginine, valine, isoleucine, tylosine, threonine, phenylalanine, proline, histidine, methionine, cysteine, Sodium acetylated hyaluronate, hydrolyzed hyaluronic acid, peg-100 stearate, fragrance, ethylhexylglycerin<\/p>","protected":false},"excerpt":{"rendered":"<p>Medi-Peel sarkan\u0101 laktokolag\u0113na iet\u012b\u0161anas maska ir maiga \u017eeleja, kas saciet\u0113 uz \u0101das, savelk un sa\u0161aurina papla\u0161in\u0101t\u0101s poras, padarot t\u0101s maz\u0101k redzamas. Maska samazina poru izm\u0113ru, samazina to dzi\u013cumu, izl\u012bdzina mikroreljefu. T\u0101 nov\u0113r\u0161 taukainu sp\u012bdumu, normaliz\u0113 sebuma darb\u012bbu, uzlabo elast\u012bbu un tvirtumu, izl\u012bdzina un pie\u0161\u0137ir vesel\u012bgu mirdzumu. Barojo\u0161a kr\u0113mveida tekst\u016bra cie\u0161i piegu\u013c pie \u0101das, veidojot elpojo\u0161u [&hellip;]<\/p>\n","protected":false},"featured_media":14911,"comment_status":"open","ping_status":"closed","template":"","meta":{"site-sidebar-layout":"default","site-content-layout":"","ast-site-content-layout":"default","site-content-style":"default","site-sidebar-style":"default","ast-global-header-display":"","ast-banner-title-visibility":"","ast-main-header-display":"","ast-hfb-above-header-display":"","ast-hfb-below-header-display":"","ast-hfb-mobile-header-display":"","site-post-title":"","ast-breadcrumbs-content":"","ast-featured-img":"","footer-sml-layout":"","theme-transparent-header-meta":"default","adv-header-id-meta":"","stick-header-meta":"","header-above-stick-meta":"","header-main-stick-meta":"","header-below-stick-meta":"","astra-migrate-meta-layouts":"set","ast-page-background-enabled":"default","ast-page-background-meta":{"desktop":{"background-color":"var(--ast-global-color-4)","background-image":"","background-repeat":"repeat","background-position":"center center","background-size":"auto","background-attachment":"scroll","background-type":"","background-media":"","overlay-type":"","overlay-color":"","overlay-opacity":"","overlay-gradient":""},"tablet":{"background-color":"","background-image":"","background-repeat":"repeat","background-position":"center center","background-size":"auto","background-attachment":"scroll","background-type":"","background-media":"","overlay-type":"","overlay-color":"","overlay-opacity":"","overlay-gradient":""},"mobile":{"background-color":"","background-image":"","background-repeat":"repeat","background-position":"center center","background-size":"auto","background-attachment":"scroll","background-type":"","background-media":"","overlay-type":"","overlay-color":"","overlay-opacity":"","overlay-gradient":""}},"ast-content-background-meta":{"desktop":{"background-color":"var(--ast-global-color-5)","background-image":"","background-repeat":"repeat","background-position":"center center","background-size":"auto","background-attachment":"scroll","background-type":"","background-media":"","overlay-type":"","overlay-color":"","overlay-opacity":"","overlay-gradient":""},"tablet":{"background-color":"var(--ast-global-color-5)","background-image":"","background-repeat":"repeat","background-position":"center center","background-size":"auto","background-attachment":"scroll","background-type":"","background-media":"","overlay-type":"","overlay-color":"","overlay-opacity":"","overlay-gradient":""},"mobile":{"background-color":"var(--ast-global-color-5)","background-image":"","background-repeat":"repeat","background-position":"center center","background-size":"auto","background-attachment":"scroll","background-type":"","background-media":"","overlay-type":"","overlay-color":"","overlay-opacity":"","overlay-gradient":""}}},"product_brand":[],"product_cat":[315],"product_tag":[],"berocket_brand":[583],"class_list":{"0":"post-14910","1":"product","2":"type-product","3":"status-publish","4":"has-post-thumbnail","6":"product_cat-maskas","7":"berocket_brand-medi-peel","8":"desktop-align-left","9":"tablet-align-left","10":"mobile-align-left","12":"first","13":"instock","14":"taxable","15":"shipping-taxable","16":"purchasable","17":"product-type-simple","18":"add-to-wishlist-before_image"},"yoast_head":"<!-- This site is optimized with the Yoast SEO plugin v27.4 - https:\/\/yoast.com\/product\/yoast-seo-wordpress\/ -->\n<title>Medi-Peel Red Lacto Collagen Wrapping Mask 70m - FACECORNER<\/title>\n<meta name=\"robots\" content=\"index, follow, max-snippet:-1, max-image-preview:large, max-video-preview:-1\" \/>\n<link rel=\"canonical\" href=\"https:\/\/www.facecorner.lv\/en\/shop\/medi-peel-red-lacto-collagen-wrapping-mask-70ml\/\" \/>\n<meta property=\"og:locale\" content=\"en_US\" \/>\n<meta property=\"og:type\" content=\"article\" \/>\n<meta property=\"og:title\" content=\"Medi-Peel Red Lacto Collagen Wrapping Mask 70m - FACECORNER\" \/>\n<meta property=\"og:description\" content=\"Medi-Peel sarkan\u0101 laktokolag\u0113na iet\u012b\u0161anas maska ir maiga \u017eeleja, kas saciet\u0113 uz \u0101das, savelk un sa\u0161aurina papla\u0161in\u0101t\u0101s poras, padarot t\u0101s maz\u0101k redzamas. Maska samazina poru izm\u0113ru, samazina to dzi\u013cumu, izl\u012bdzina mikroreljefu. T\u0101 nov\u0113r\u0161 taukainu sp\u012bdumu, normaliz\u0113 sebuma darb\u012bbu, uzlabo elast\u012bbu un tvirtumu, izl\u012bdzina un pie\u0161\u0137ir vesel\u012bgu mirdzumu. Barojo\u0161a kr\u0113mveida tekst\u016bra cie\u0161i piegu\u013c pie \u0101das, veidojot elpojo\u0161u [&hellip;]\" \/>\n<meta property=\"og:url\" content=\"https:\/\/www.facecorner.lv\/en\/shop\/medi-peel-red-lacto-collagen-wrapping-mask-70ml\/\" \/>\n<meta property=\"og:site_name\" content=\"FACECORNER\" \/>\n<meta property=\"article:publisher\" content=\"https:\/\/www.facebook.com\/profile.php?id=100063824551839\" \/>\n<meta property=\"article:modified_time\" content=\"2026-05-05T11:36:20+00:00\" \/>\n<meta property=\"og:image\" content=\"https:\/\/www.facecorner.lv\/wp-content\/uploads\/2024\/04\/2-7ba4efb6369e25b75410647d60511396.jpeg\" \/>\n\t<meta property=\"og:image:width\" content=\"1000\" \/>\n\t<meta property=\"og:image:height\" content=\"1000\" \/>\n\t<meta property=\"og:image:type\" content=\"image\/jpeg\" \/>\n<meta name=\"twitter:card\" content=\"summary_large_image\" \/>\n<meta name=\"twitter:label1\" content=\"Price\" \/>\n\t<meta name=\"twitter:data1\" content=\"&euro;27.00\" \/>\n\t<meta name=\"twitter:label2\" content=\"Availability\" \/>\n\t<meta name=\"twitter:data2\" content=\"In stock\" \/>\n<script type=\"application\/ld+json\" class=\"yoast-schema-graph\">{\"@context\":\"https:\\\/\\\/schema.org\",\"@graph\":[{\"@type\":\"WebPage\",\"@id\":\"https:\\\/\\\/www.facecorner.lv\\\/shop\\\/medi-peel-red-lacto-collagen-wrapping-mask-70ml\\\/\",\"url\":\"https:\\\/\\\/www.facecorner.lv\\\/shop\\\/medi-peel-red-lacto-collagen-wrapping-mask-70ml\\\/\",\"name\":\"Medi-Peel Red Lacto Collagen Wrapping Mask 70m - FACECORNER\",\"isPartOf\":{\"@id\":\"https:\\\/\\\/www.facecorner.lv\\\/#website\"},\"primaryImageOfPage\":{\"@id\":\"https:\\\/\\\/www.facecorner.lv\\\/shop\\\/medi-peel-red-lacto-collagen-wrapping-mask-70ml\\\/#primaryimage\"},\"image\":{\"@id\":\"https:\\\/\\\/www.facecorner.lv\\\/shop\\\/medi-peel-red-lacto-collagen-wrapping-mask-70ml\\\/#primaryimage\"},\"thumbnailUrl\":\"https:\\\/\\\/www.facecorner.lv\\\/wp-content\\\/uploads\\\/2024\\\/04\\\/2-7ba4efb6369e25b75410647d60511396.jpeg\",\"datePublished\":\"2024-04-02T12:36:18+00:00\",\"dateModified\":\"2026-05-05T11:36:20+00:00\",\"breadcrumb\":{\"@id\":\"https:\\\/\\\/www.facecorner.lv\\\/shop\\\/medi-peel-red-lacto-collagen-wrapping-mask-70ml\\\/#breadcrumb\"},\"inLanguage\":\"en-US\",\"potentialAction\":[{\"@type\":\"ReadAction\",\"target\":[\"https:\\\/\\\/www.facecorner.lv\\\/shop\\\/medi-peel-red-lacto-collagen-wrapping-mask-70ml\\\/\"]}]},{\"@type\":\"ImageObject\",\"inLanguage\":\"en-US\",\"@id\":\"https:\\\/\\\/www.facecorner.lv\\\/shop\\\/medi-peel-red-lacto-collagen-wrapping-mask-70ml\\\/#primaryimage\",\"url\":\"https:\\\/\\\/www.facecorner.lv\\\/wp-content\\\/uploads\\\/2024\\\/04\\\/2-7ba4efb6369e25b75410647d60511396.jpeg\",\"contentUrl\":\"https:\\\/\\\/www.facecorner.lv\\\/wp-content\\\/uploads\\\/2024\\\/04\\\/2-7ba4efb6369e25b75410647d60511396.jpeg\",\"width\":1000,\"height\":1000},{\"@type\":\"BreadcrumbList\",\"@id\":\"https:\\\/\\\/www.facecorner.lv\\\/shop\\\/medi-peel-red-lacto-collagen-wrapping-mask-70ml\\\/#breadcrumb\",\"itemListElement\":[{\"@type\":\"ListItem\",\"position\":1,\"name\":\"Home\",\"item\":\"https:\\\/\\\/www.facecorner.lv\\\/\"},{\"@type\":\"ListItem\",\"position\":2,\"name\":\"Veikals\",\"item\":\"https:\\\/\\\/www.facecorner.lv\\\/shop\\\/\"},{\"@type\":\"ListItem\",\"position\":3,\"name\":\"Medi-Peel Red Lacto Collagen Wrapping Mask 70m\"}]},{\"@type\":\"WebSite\",\"@id\":\"https:\\\/\\\/www.facecorner.lv\\\/#website\",\"url\":\"https:\\\/\\\/www.facecorner.lv\\\/\",\"name\":\"Facecorner\",\"description\":\"\",\"publisher\":{\"@id\":\"https:\\\/\\\/www.facecorner.lv\\\/#organization\"},\"potentialAction\":[{\"@type\":\"SearchAction\",\"target\":{\"@type\":\"EntryPoint\",\"urlTemplate\":\"https:\\\/\\\/www.facecorner.lv\\\/?s={search_term_string}\"},\"query-input\":{\"@type\":\"PropertyValueSpecification\",\"valueRequired\":true,\"valueName\":\"search_term_string\"}}],\"inLanguage\":\"en-US\"},{\"@type\":\"Organization\",\"@id\":\"https:\\\/\\\/www.facecorner.lv\\\/#organization\",\"name\":\"Facecorner\",\"url\":\"https:\\\/\\\/www.facecorner.lv\\\/\",\"logo\":{\"@type\":\"ImageObject\",\"inLanguage\":\"en-US\",\"@id\":\"https:\\\/\\\/www.facecorner.lv\\\/#\\\/schema\\\/logo\\\/image\\\/\",\"url\":\"https:\\\/\\\/www.facecorner.lv\\\/wp-content\\\/uploads\\\/2024\\\/04\\\/fc-logo.jpg\",\"contentUrl\":\"https:\\\/\\\/www.facecorner.lv\\\/wp-content\\\/uploads\\\/2024\\\/04\\\/fc-logo.jpg\",\"width\":174,\"height\":28,\"caption\":\"Facecorner\"},\"image\":{\"@id\":\"https:\\\/\\\/www.facecorner.lv\\\/#\\\/schema\\\/logo\\\/image\\\/\"},\"sameAs\":[\"https:\\\/\\\/www.facebook.com\\\/profile.php?id=100063824551839\",\"https:\\\/\\\/www.instagram.com\\\/facecorner_shop\\\/\"]}]}<\/script>\n<meta property=\"product:price:amount\" content=\"27.00\" \/>\n<meta property=\"product:price:currency\" content=\"EUR\" \/>\n<meta property=\"og:availability\" content=\"instock\" \/>\n<meta property=\"product:availability\" content=\"instock\" \/>\n<meta property=\"product:condition\" content=\"new\" \/>\n<!-- \/ Yoast SEO plugin. -->","yoast_head_json":{"title":"Medi-Peel Red Lacto Collagen Wrapping Mask 70m - FACECORNER","robots":{"index":"index","follow":"follow","max-snippet":"max-snippet:-1","max-image-preview":"max-image-preview:large","max-video-preview":"max-video-preview:-1"},"canonical":"https:\/\/www.facecorner.lv\/en\/shop\/medi-peel-red-lacto-collagen-wrapping-mask-70ml\/","og_locale":"en_US","og_type":"article","og_title":"Medi-Peel Red Lacto Collagen Wrapping Mask 70m - FACECORNER","og_description":"Medi-Peel sarkan\u0101 laktokolag\u0113na iet\u012b\u0161anas maska ir maiga \u017eeleja, kas saciet\u0113 uz \u0101das, savelk un sa\u0161aurina papla\u0161in\u0101t\u0101s poras, padarot t\u0101s maz\u0101k redzamas. Maska samazina poru izm\u0113ru, samazina to dzi\u013cumu, izl\u012bdzina mikroreljefu. T\u0101 nov\u0113r\u0161 taukainu sp\u012bdumu, normaliz\u0113 sebuma darb\u012bbu, uzlabo elast\u012bbu un tvirtumu, izl\u012bdzina un pie\u0161\u0137ir vesel\u012bgu mirdzumu. Barojo\u0161a kr\u0113mveida tekst\u016bra cie\u0161i piegu\u013c pie \u0101das, veidojot elpojo\u0161u [&hellip;]","og_url":"https:\/\/www.facecorner.lv\/en\/shop\/medi-peel-red-lacto-collagen-wrapping-mask-70ml\/","og_site_name":"FACECORNER","article_publisher":"https:\/\/www.facebook.com\/profile.php?id=100063824551839","article_modified_time":"2026-05-05T11:36:20+00:00","og_image":[{"width":1000,"height":1000,"url":"https:\/\/www.facecorner.lv\/wp-content\/uploads\/2024\/04\/2-7ba4efb6369e25b75410647d60511396.jpeg","type":"image\/jpeg"}],"twitter_card":"summary_large_image","twitter_misc":{"Price":"&euro;27.00","Availability":"In stock"},"schema":{"@context":"https:\/\/schema.org","@graph":[{"@type":"WebPage","@id":"https:\/\/www.facecorner.lv\/shop\/medi-peel-red-lacto-collagen-wrapping-mask-70ml\/","url":"https:\/\/www.facecorner.lv\/shop\/medi-peel-red-lacto-collagen-wrapping-mask-70ml\/","name":"Medi-Peel Red Lacto Collagen Wrapping Mask 70m - FACECORNER","isPartOf":{"@id":"https:\/\/www.facecorner.lv\/#website"},"primaryImageOfPage":{"@id":"https:\/\/www.facecorner.lv\/shop\/medi-peel-red-lacto-collagen-wrapping-mask-70ml\/#primaryimage"},"image":{"@id":"https:\/\/www.facecorner.lv\/shop\/medi-peel-red-lacto-collagen-wrapping-mask-70ml\/#primaryimage"},"thumbnailUrl":"https:\/\/www.facecorner.lv\/wp-content\/uploads\/2024\/04\/2-7ba4efb6369e25b75410647d60511396.jpeg","datePublished":"2024-04-02T12:36:18+00:00","dateModified":"2026-05-05T11:36:20+00:00","breadcrumb":{"@id":"https:\/\/www.facecorner.lv\/shop\/medi-peel-red-lacto-collagen-wrapping-mask-70ml\/#breadcrumb"},"inLanguage":"en-US","potentialAction":[{"@type":"ReadAction","target":["https:\/\/www.facecorner.lv\/shop\/medi-peel-red-lacto-collagen-wrapping-mask-70ml\/"]}]},{"@type":"ImageObject","inLanguage":"en-US","@id":"https:\/\/www.facecorner.lv\/shop\/medi-peel-red-lacto-collagen-wrapping-mask-70ml\/#primaryimage","url":"https:\/\/www.facecorner.lv\/wp-content\/uploads\/2024\/04\/2-7ba4efb6369e25b75410647d60511396.jpeg","contentUrl":"https:\/\/www.facecorner.lv\/wp-content\/uploads\/2024\/04\/2-7ba4efb6369e25b75410647d60511396.jpeg","width":1000,"height":1000},{"@type":"BreadcrumbList","@id":"https:\/\/www.facecorner.lv\/shop\/medi-peel-red-lacto-collagen-wrapping-mask-70ml\/#breadcrumb","itemListElement":[{"@type":"ListItem","position":1,"name":"Home","item":"https:\/\/www.facecorner.lv\/"},{"@type":"ListItem","position":2,"name":"Veikals","item":"https:\/\/www.facecorner.lv\/shop\/"},{"@type":"ListItem","position":3,"name":"Medi-Peel Red Lacto Collagen Wrapping Mask 70m"}]},{"@type":"WebSite","@id":"https:\/\/www.facecorner.lv\/#website","url":"https:\/\/www.facecorner.lv\/","name":"Facecorner","description":"","publisher":{"@id":"https:\/\/www.facecorner.lv\/#organization"},"potentialAction":[{"@type":"SearchAction","target":{"@type":"EntryPoint","urlTemplate":"https:\/\/www.facecorner.lv\/?s={search_term_string}"},"query-input":{"@type":"PropertyValueSpecification","valueRequired":true,"valueName":"search_term_string"}}],"inLanguage":"en-US"},{"@type":"Organization","@id":"https:\/\/www.facecorner.lv\/#organization","name":"Facecorner","url":"https:\/\/www.facecorner.lv\/","logo":{"@type":"ImageObject","inLanguage":"en-US","@id":"https:\/\/www.facecorner.lv\/#\/schema\/logo\/image\/","url":"https:\/\/www.facecorner.lv\/wp-content\/uploads\/2024\/04\/fc-logo.jpg","contentUrl":"https:\/\/www.facecorner.lv\/wp-content\/uploads\/2024\/04\/fc-logo.jpg","width":174,"height":28,"caption":"Facecorner"},"image":{"@id":"https:\/\/www.facecorner.lv\/#\/schema\/logo\/image\/"},"sameAs":["https:\/\/www.facebook.com\/profile.php?id=100063824551839","https:\/\/www.instagram.com\/facecorner_shop\/"]}]},"product_price_amount":"27.00","product_price_currency":"EUR","og_availability":"instock","product_availability":"instock","product_condition":"new"},"_links":{"self":[{"href":"https:\/\/www.facecorner.lv\/en\/wp-json\/wp\/v2\/product\/14910","targetHints":{"allow":["GET"]}}],"collection":[{"href":"https:\/\/www.facecorner.lv\/en\/wp-json\/wp\/v2\/product"}],"about":[{"href":"https:\/\/www.facecorner.lv\/en\/wp-json\/wp\/v2\/types\/product"}],"replies":[{"embeddable":true,"href":"https:\/\/www.facecorner.lv\/en\/wp-json\/wp\/v2\/comments?post=14910"}],"wp:featuredmedia":[{"embeddable":true,"href":"https:\/\/www.facecorner.lv\/en\/wp-json\/wp\/v2\/media\/14911"}],"wp:attachment":[{"href":"https:\/\/www.facecorner.lv\/en\/wp-json\/wp\/v2\/media?parent=14910"}],"wp:term":[{"taxonomy":"product_brand","embeddable":true,"href":"https:\/\/www.facecorner.lv\/en\/wp-json\/wp\/v2\/product_brand?post=14910"},{"taxonomy":"product_cat","embeddable":true,"href":"https:\/\/www.facecorner.lv\/en\/wp-json\/wp\/v2\/product_cat?post=14910"},{"taxonomy":"product_tag","embeddable":true,"href":"https:\/\/www.facecorner.lv\/en\/wp-json\/wp\/v2\/product_tag?post=14910"},{"taxonomy":"berocket_brand","embeddable":true,"href":"https:\/\/www.facecorner.lv\/en\/wp-json\/wp\/v2\/berocket_brand?post=14910"}],"curies":[{"name":"wp","href":"https:\/\/api.w.org\/{rel}","templated":true}]}}