{"id":14765,"date":"2024-03-24T11:31:01","date_gmt":"2024-03-24T09:31:01","guid":{"rendered":"https:\/\/www.facecorner.lv\/?post_type=product&#038;p=14765"},"modified":"2025-04-09T13:08:42","modified_gmt":"2025-04-09T10:08:42","slug":"torriden-cellmazing-firming-gel-mask","status":"publish","type":"product","link":"https:\/\/www.facecorner.lv\/en\/shop\/torriden-cellmazing-firming-gel-mask\/","title":{"rendered":"Torriden Cellmazing Firming Gel Mask"},"content":{"rendered":"<p>Torriden Cellmazing Firming Gel Mask ir g\u0113la maska nobriedu\u0161ai \u0101dai. T\u0101 satur daudzas pretnoveco\u0161an\u0101s sast\u0101vda\u013cas, piem\u0113ram, kolag\u0113nu, pept\u012bdus, aminosk\u0101bes, kafijas ekstraktu, 10 veidu hialuronsk\u0101bi un adenoz\u012bnu, kas dzi\u013ci mitrina, izl\u012bdzina \u0101du, nov\u0113r\u0161 grumbu veido\u0161anos un padzi\u013cin\u0101\u0161anos. T\u0101s ar\u012b pal\u012bdz aizsarg\u0101t \u0101du no br\u012bvo radik\u0101\u013cu negat\u012bv\u0101s ietekmes, kas izraisa pa\u0101trin\u0101tu noveco\u0161anos un \u0101das kairin\u0101jumu. Visas sast\u0101v\u0101 eso\u0161\u0101s sast\u0101vda\u013cas veicina \u0101das elast\u012bbas, tvirtuma un mitrin\u0101\u0161anas uzlabo\u0161anos.<\/p>\n<p><strong>Bubble Pop Cleanser products fine, soft foam to cleanse away dead skin, sebum and makeup residue from your face, while hyaluronic acid moisturizes your skin.<\/strong><\/p>\n<ul>\n<li>kolag\u0113ns &#8211; izl\u012bdzina, mitrina un savelk \u0101du,<\/li>\n<li>10 hialuronsk\u0101bes veidi &#8211; mitrina, izl\u012bdzina un m\u012bkstina \u0101du,<\/li>\n<li>pept\u012bdi &#8211; samazina grumbas, iedarbojas pret noveco\u0161anos,<\/li>\n<li>aminosk\u0101bes &#8211; nov\u0113r\u0161 p\u0101rm\u0113r\u012bgu \u016bdens zudumu no epidermas, stiprina aizsargbarjeru, iedarbojas pret noveco\u0161anos un atjaunojo\u0161i,<\/li>\n<li>kafijas ekstrakts &#8211; stimul\u0113 mikrocirkul\u0101ciju, tam piem\u012bt antioksidanta un pretnoveco\u0161an\u0101s iedarb\u012bba,<\/li>\n<li>adenoz\u012bns &#8211; aizkav\u0113 noveco\u0161an\u0101s procesus, c\u012bn\u0101s pret grumb\u0101m, pa\u0101trina \u0101das re\u0123ener\u0101ciju, izl\u012bdzina \u0101das tonusu.<\/li>\n<\/ul>\n<p><strong>How to use:<\/strong> Uzkl\u0101jiet masku uz att\u012br\u012btas sejas.Atst\u0101jiet uz 20-30 min\u016bt\u0113m. P\u0113c tam no\u0146emiet un uzkl\u0101jiet atliku\u0161o esenci uz \u0101das.<\/p>\n<p><strong>Ingredientes:\u00a0<\/strong>Aqua, Glycerin, Butylene Glycol, Collagen Extract, Caprylic\/ Capric Triglyceride, Niacinamide, Chondrus Crispus Powder, Collagen, Collagen Amino Acids, Hydrolyzed Collagen, Soluble Collagen, Hexapep tide-2. Palmitoyl Tripeptide-5, Hyaluronic Acid, Sodium Hyaluronate. Hydroxypropyltrimonium Hyaluronate, Hydrolyzed Hyaluronic Acid. Sodium Hyaluronate Crosspolymer, Sodium Hyaluronate Dimethylsilanol, Sodium Acetylated Hyaluronate, Hydrolyzed Sodium Hyaluronate, Potassi um Hyaluronate, Dimethylsilanol Hyaluronate, Panthenol, Betaine, Allantoin, Biotin, Glycine, Serine, Leucine, Histidine, Cysteine, Methionine, Alanine, Lysine, Arginine, Tyrosine, Phenylalanine, Proline, Threonine, Valine, Isoleucine, Glutamic Acid, Tocopherol, Aspartic Acid, Ceratonia Siliqua (Carob) Gum, Diospyros Kaki Leaf Extract, Vitis Vinifera (Grape) Fruit Extract Carthamus Tinctorius (Safflower) Flower Extract, Coffea Arabica (Coffee) Seed Extract, Polygonum Cuspidatum Root Extract, Camellia Sinensis Leaf Extract, Castanea Crenata (Chestnut) Shell Extract, Zanthoxylum Piperitum Fruit Extract, Adenosine, Kaolin (CI 77004), Hydroxyacetophenone, Polyglyceryl-3 Methylglucose Distearate, Glucomannan, Glyceryl Stearate, Polyglyceryl-10 Laurate, Propanediol, Sodium Polyacryloyldimethyl Taurate, Potassium Chloride, Dextrin, Caprylyl Glycol, Ethylhexylglycerin, Sodium Polyacrylate, 1,2-Hexanediol, Cellulose Gum, Cyamopsis Tetragonoloba (Guar) Gum, Xanthan Gum<\/p>\n<p>&nbsp;<\/p>","protected":false},"excerpt":{"rendered":"<p>Torriden Cellmazing Firming Gel Mask ir g\u0113la maska nobriedu\u0161ai \u0101dai. T\u0101 satur daudzas pretnoveco\u0161an\u0101s sast\u0101vda\u013cas, piem\u0113ram, kolag\u0113nu, pept\u012bdus, aminosk\u0101bes, kafijas ekstraktu, 10 veidu hialuronsk\u0101bi un adenoz\u012bnu, kas dzi\u013ci mitrina, izl\u012bdzina \u0101du, nov\u0113r\u0161 grumbu veido\u0161anos un padzi\u013cin\u0101\u0161anos. T\u0101s ar\u012b pal\u012bdz aizsarg\u0101t \u0101du no br\u012bvo radik\u0101\u013cu negat\u012bv\u0101s ietekmes, kas izraisa pa\u0101trin\u0101tu noveco\u0161anos un \u0101das kairin\u0101jumu. Visas sast\u0101v\u0101 [&hellip;]<\/p>\n","protected":false},"featured_media":15422,"comment_status":"open","ping_status":"closed","template":"","meta":{"site-sidebar-layout":"default","site-content-layout":"","ast-site-content-layout":"","site-content-style":"default","site-sidebar-style":"default","ast-global-header-display":"","ast-banner-title-visibility":"","ast-main-header-display":"","ast-hfb-above-header-display":"","ast-hfb-below-header-display":"","ast-hfb-mobile-header-display":"","site-post-title":"","ast-breadcrumbs-content":"","ast-featured-img":"","footer-sml-layout":"","theme-transparent-header-meta":"","adv-header-id-meta":"","stick-header-meta":"","header-above-stick-meta":"","header-main-stick-meta":"","header-below-stick-meta":"","astra-migrate-meta-layouts":"default","ast-page-background-enabled":"default","ast-page-background-meta":{"desktop":{"background-color":"var(--ast-global-color-4)","background-image":"","background-repeat":"repeat","background-position":"center center","background-size":"auto","background-attachment":"scroll","background-type":"","background-media":"","overlay-type":"","overlay-color":"","overlay-opacity":"","overlay-gradient":""},"tablet":{"background-color":"","background-image":"","background-repeat":"repeat","background-position":"center center","background-size":"auto","background-attachment":"scroll","background-type":"","background-media":"","overlay-type":"","overlay-color":"","overlay-opacity":"","overlay-gradient":""},"mobile":{"background-color":"","background-image":"","background-repeat":"repeat","background-position":"center center","background-size":"auto","background-attachment":"scroll","background-type":"","background-media":"","overlay-type":"","overlay-color":"","overlay-opacity":"","overlay-gradient":""}},"ast-content-background-meta":{"desktop":{"background-color":"var(--ast-global-color-5)","background-image":"","background-repeat":"repeat","background-position":"center center","background-size":"auto","background-attachment":"scroll","background-type":"","background-media":"","overlay-type":"","overlay-color":"","overlay-opacity":"","overlay-gradient":""},"tablet":{"background-color":"var(--ast-global-color-5)","background-image":"","background-repeat":"repeat","background-position":"center center","background-size":"auto","background-attachment":"scroll","background-type":"","background-media":"","overlay-type":"","overlay-color":"","overlay-opacity":"","overlay-gradient":""},"mobile":{"background-color":"var(--ast-global-color-5)","background-image":"","background-repeat":"repeat","background-position":"center center","background-size":"auto","background-attachment":"scroll","background-type":"","background-media":"","overlay-type":"","overlay-color":"","overlay-opacity":"","overlay-gradient":""}}},"product_brand":[],"product_cat":[325,315],"product_tag":[],"berocket_brand":[624],"class_list":{"0":"post-14765","1":"product","2":"type-product","3":"status-publish","4":"has-post-thumbnail","6":"product_cat-hidrogela","7":"product_cat-maskas","8":"berocket_brand-torriden","9":"desktop-align-left","10":"tablet-align-left","11":"mobile-align-left","13":"first","14":"outofstock","15":"taxable","16":"shipping-taxable","17":"purchasable","18":"product-type-simple","19":"add-to-wishlist-before_image"},"yoast_head":"<!-- This site is optimized with the Yoast SEO plugin v27.4 - https:\/\/yoast.com\/product\/yoast-seo-wordpress\/ -->\n<title>Torriden Cellmazing Firming Gel Mask - FACECORNER<\/title>\n<meta name=\"robots\" content=\"index, follow, max-snippet:-1, max-image-preview:large, max-video-preview:-1\" \/>\n<link rel=\"canonical\" href=\"https:\/\/www.facecorner.lv\/en\/shop\/torriden-cellmazing-firming-gel-mask\/\" \/>\n<meta property=\"og:locale\" content=\"en_US\" \/>\n<meta property=\"og:type\" content=\"article\" \/>\n<meta property=\"og:title\" content=\"Torriden Cellmazing Firming Gel Mask - FACECORNER\" \/>\n<meta property=\"og:description\" content=\"Torriden Cellmazing Firming Gel Mask ir g\u0113la maska nobriedu\u0161ai \u0101dai. T\u0101 satur daudzas pretnoveco\u0161an\u0101s sast\u0101vda\u013cas, piem\u0113ram, kolag\u0113nu, pept\u012bdus, aminosk\u0101bes, kafijas ekstraktu, 10 veidu hialuronsk\u0101bi un adenoz\u012bnu, kas dzi\u013ci mitrina, izl\u012bdzina \u0101du, nov\u0113r\u0161 grumbu veido\u0161anos un padzi\u013cin\u0101\u0161anos. T\u0101s ar\u012b pal\u012bdz aizsarg\u0101t \u0101du no br\u012bvo radik\u0101\u013cu negat\u012bv\u0101s ietekmes, kas izraisa pa\u0101trin\u0101tu noveco\u0161anos un \u0101das kairin\u0101jumu. Visas sast\u0101v\u0101 [&hellip;]\" \/>\n<meta property=\"og:url\" content=\"https:\/\/www.facecorner.lv\/en\/shop\/torriden-cellmazing-firming-gel-mask\/\" \/>\n<meta property=\"og:site_name\" content=\"FACECORNER\" \/>\n<meta property=\"article:publisher\" content=\"https:\/\/www.facebook.com\/profile.php?id=100063824551839\" \/>\n<meta property=\"article:modified_time\" content=\"2025-04-09T10:08:42+00:00\" \/>\n<meta property=\"og:image\" content=\"https:\/\/www.facecorner.lv\/wp-content\/uploads\/2024\/03\/TorridenCellmazingFirmingGelMask.webp.jpeg\" \/>\n\t<meta property=\"og:image:width\" content=\"1024\" \/>\n\t<meta property=\"og:image:height\" content=\"1024\" \/>\n\t<meta property=\"og:image:type\" content=\"image\/jpeg\" \/>\n<meta name=\"twitter:card\" content=\"summary_large_image\" \/>\n<meta name=\"twitter:label1\" content=\"Price\" \/>\n\t<meta name=\"twitter:data1\" content=\"&euro;9.00\" \/>\n\t<meta name=\"twitter:label2\" content=\"Availability\" \/>\n\t<meta name=\"twitter:data2\" content=\"Out of stock\" \/>\n<script type=\"application\/ld+json\" class=\"yoast-schema-graph\">{\"@context\":\"https:\\\/\\\/schema.org\",\"@graph\":[{\"@type\":\"WebPage\",\"@id\":\"https:\\\/\\\/www.facecorner.lv\\\/shop\\\/torriden-cellmazing-firming-gel-mask\\\/\",\"url\":\"https:\\\/\\\/www.facecorner.lv\\\/shop\\\/torriden-cellmazing-firming-gel-mask\\\/\",\"name\":\"Torriden Cellmazing Firming Gel Mask - FACECORNER\",\"isPartOf\":{\"@id\":\"https:\\\/\\\/www.facecorner.lv\\\/#website\"},\"primaryImageOfPage\":{\"@id\":\"https:\\\/\\\/www.facecorner.lv\\\/shop\\\/torriden-cellmazing-firming-gel-mask\\\/#primaryimage\"},\"image\":{\"@id\":\"https:\\\/\\\/www.facecorner.lv\\\/shop\\\/torriden-cellmazing-firming-gel-mask\\\/#primaryimage\"},\"thumbnailUrl\":\"https:\\\/\\\/www.facecorner.lv\\\/wp-content\\\/uploads\\\/2024\\\/03\\\/TorridenCellmazingFirmingGelMask.webp.jpeg\",\"datePublished\":\"2024-03-24T09:31:01+00:00\",\"dateModified\":\"2025-04-09T10:08:42+00:00\",\"breadcrumb\":{\"@id\":\"https:\\\/\\\/www.facecorner.lv\\\/shop\\\/torriden-cellmazing-firming-gel-mask\\\/#breadcrumb\"},\"inLanguage\":\"en-US\",\"potentialAction\":[{\"@type\":\"ReadAction\",\"target\":[\"https:\\\/\\\/www.facecorner.lv\\\/shop\\\/torriden-cellmazing-firming-gel-mask\\\/\"]}]},{\"@type\":\"ImageObject\",\"inLanguage\":\"en-US\",\"@id\":\"https:\\\/\\\/www.facecorner.lv\\\/shop\\\/torriden-cellmazing-firming-gel-mask\\\/#primaryimage\",\"url\":\"https:\\\/\\\/www.facecorner.lv\\\/wp-content\\\/uploads\\\/2024\\\/03\\\/TorridenCellmazingFirmingGelMask.webp.jpeg\",\"contentUrl\":\"https:\\\/\\\/www.facecorner.lv\\\/wp-content\\\/uploads\\\/2024\\\/03\\\/TorridenCellmazingFirmingGelMask.webp.jpeg\",\"width\":1024,\"height\":1024},{\"@type\":\"BreadcrumbList\",\"@id\":\"https:\\\/\\\/www.facecorner.lv\\\/shop\\\/torriden-cellmazing-firming-gel-mask\\\/#breadcrumb\",\"itemListElement\":[{\"@type\":\"ListItem\",\"position\":1,\"name\":\"Home\",\"item\":\"https:\\\/\\\/www.facecorner.lv\\\/\"},{\"@type\":\"ListItem\",\"position\":2,\"name\":\"Veikals\",\"item\":\"https:\\\/\\\/www.facecorner.lv\\\/shop\\\/\"},{\"@type\":\"ListItem\",\"position\":3,\"name\":\"Torriden Cellmazing Firming Gel Mask\"}]},{\"@type\":\"WebSite\",\"@id\":\"https:\\\/\\\/www.facecorner.lv\\\/#website\",\"url\":\"https:\\\/\\\/www.facecorner.lv\\\/\",\"name\":\"Facecorner\",\"description\":\"\",\"publisher\":{\"@id\":\"https:\\\/\\\/www.facecorner.lv\\\/#organization\"},\"potentialAction\":[{\"@type\":\"SearchAction\",\"target\":{\"@type\":\"EntryPoint\",\"urlTemplate\":\"https:\\\/\\\/www.facecorner.lv\\\/?s={search_term_string}\"},\"query-input\":{\"@type\":\"PropertyValueSpecification\",\"valueRequired\":true,\"valueName\":\"search_term_string\"}}],\"inLanguage\":\"en-US\"},{\"@type\":\"Organization\",\"@id\":\"https:\\\/\\\/www.facecorner.lv\\\/#organization\",\"name\":\"Facecorner\",\"url\":\"https:\\\/\\\/www.facecorner.lv\\\/\",\"logo\":{\"@type\":\"ImageObject\",\"inLanguage\":\"en-US\",\"@id\":\"https:\\\/\\\/www.facecorner.lv\\\/#\\\/schema\\\/logo\\\/image\\\/\",\"url\":\"https:\\\/\\\/www.facecorner.lv\\\/wp-content\\\/uploads\\\/2024\\\/04\\\/fc-logo.jpg\",\"contentUrl\":\"https:\\\/\\\/www.facecorner.lv\\\/wp-content\\\/uploads\\\/2024\\\/04\\\/fc-logo.jpg\",\"width\":174,\"height\":28,\"caption\":\"Facecorner\"},\"image\":{\"@id\":\"https:\\\/\\\/www.facecorner.lv\\\/#\\\/schema\\\/logo\\\/image\\\/\"},\"sameAs\":[\"https:\\\/\\\/www.facebook.com\\\/profile.php?id=100063824551839\",\"https:\\\/\\\/www.instagram.com\\\/facecorner_shop\\\/\"]}]}<\/script>\n<meta property=\"product:price:amount\" content=\"9.00\" \/>\n<meta property=\"product:price:currency\" content=\"EUR\" \/>\n<meta property=\"og:availability\" content=\"out of stock\" \/>\n<meta property=\"product:availability\" content=\"out of stock\" \/>\n<meta property=\"product:condition\" content=\"new\" \/>\n<!-- \/ Yoast SEO plugin. -->","yoast_head_json":{"title":"Torriden Cellmazing Firming Gel Mask - FACECORNER","robots":{"index":"index","follow":"follow","max-snippet":"max-snippet:-1","max-image-preview":"max-image-preview:large","max-video-preview":"max-video-preview:-1"},"canonical":"https:\/\/www.facecorner.lv\/en\/shop\/torriden-cellmazing-firming-gel-mask\/","og_locale":"en_US","og_type":"article","og_title":"Torriden Cellmazing Firming Gel Mask - FACECORNER","og_description":"Torriden Cellmazing Firming Gel Mask ir g\u0113la maska nobriedu\u0161ai \u0101dai. T\u0101 satur daudzas pretnoveco\u0161an\u0101s sast\u0101vda\u013cas, piem\u0113ram, kolag\u0113nu, pept\u012bdus, aminosk\u0101bes, kafijas ekstraktu, 10 veidu hialuronsk\u0101bi un adenoz\u012bnu, kas dzi\u013ci mitrina, izl\u012bdzina \u0101du, nov\u0113r\u0161 grumbu veido\u0161anos un padzi\u013cin\u0101\u0161anos. T\u0101s ar\u012b pal\u012bdz aizsarg\u0101t \u0101du no br\u012bvo radik\u0101\u013cu negat\u012bv\u0101s ietekmes, kas izraisa pa\u0101trin\u0101tu noveco\u0161anos un \u0101das kairin\u0101jumu. Visas sast\u0101v\u0101 [&hellip;]","og_url":"https:\/\/www.facecorner.lv\/en\/shop\/torriden-cellmazing-firming-gel-mask\/","og_site_name":"FACECORNER","article_publisher":"https:\/\/www.facebook.com\/profile.php?id=100063824551839","article_modified_time":"2025-04-09T10:08:42+00:00","og_image":[{"width":1024,"height":1024,"url":"https:\/\/www.facecorner.lv\/wp-content\/uploads\/2024\/03\/TorridenCellmazingFirmingGelMask.webp.jpeg","type":"image\/jpeg"}],"twitter_card":"summary_large_image","twitter_misc":{"Price":"&euro;9.00","Availability":"Out of stock"},"schema":{"@context":"https:\/\/schema.org","@graph":[{"@type":"WebPage","@id":"https:\/\/www.facecorner.lv\/shop\/torriden-cellmazing-firming-gel-mask\/","url":"https:\/\/www.facecorner.lv\/shop\/torriden-cellmazing-firming-gel-mask\/","name":"Torriden Cellmazing Firming Gel Mask - FACECORNER","isPartOf":{"@id":"https:\/\/www.facecorner.lv\/#website"},"primaryImageOfPage":{"@id":"https:\/\/www.facecorner.lv\/shop\/torriden-cellmazing-firming-gel-mask\/#primaryimage"},"image":{"@id":"https:\/\/www.facecorner.lv\/shop\/torriden-cellmazing-firming-gel-mask\/#primaryimage"},"thumbnailUrl":"https:\/\/www.facecorner.lv\/wp-content\/uploads\/2024\/03\/TorridenCellmazingFirmingGelMask.webp.jpeg","datePublished":"2024-03-24T09:31:01+00:00","dateModified":"2025-04-09T10:08:42+00:00","breadcrumb":{"@id":"https:\/\/www.facecorner.lv\/shop\/torriden-cellmazing-firming-gel-mask\/#breadcrumb"},"inLanguage":"en-US","potentialAction":[{"@type":"ReadAction","target":["https:\/\/www.facecorner.lv\/shop\/torriden-cellmazing-firming-gel-mask\/"]}]},{"@type":"ImageObject","inLanguage":"en-US","@id":"https:\/\/www.facecorner.lv\/shop\/torriden-cellmazing-firming-gel-mask\/#primaryimage","url":"https:\/\/www.facecorner.lv\/wp-content\/uploads\/2024\/03\/TorridenCellmazingFirmingGelMask.webp.jpeg","contentUrl":"https:\/\/www.facecorner.lv\/wp-content\/uploads\/2024\/03\/TorridenCellmazingFirmingGelMask.webp.jpeg","width":1024,"height":1024},{"@type":"BreadcrumbList","@id":"https:\/\/www.facecorner.lv\/shop\/torriden-cellmazing-firming-gel-mask\/#breadcrumb","itemListElement":[{"@type":"ListItem","position":1,"name":"Home","item":"https:\/\/www.facecorner.lv\/"},{"@type":"ListItem","position":2,"name":"Veikals","item":"https:\/\/www.facecorner.lv\/shop\/"},{"@type":"ListItem","position":3,"name":"Torriden Cellmazing Firming Gel Mask"}]},{"@type":"WebSite","@id":"https:\/\/www.facecorner.lv\/#website","url":"https:\/\/www.facecorner.lv\/","name":"Facecorner","description":"","publisher":{"@id":"https:\/\/www.facecorner.lv\/#organization"},"potentialAction":[{"@type":"SearchAction","target":{"@type":"EntryPoint","urlTemplate":"https:\/\/www.facecorner.lv\/?s={search_term_string}"},"query-input":{"@type":"PropertyValueSpecification","valueRequired":true,"valueName":"search_term_string"}}],"inLanguage":"en-US"},{"@type":"Organization","@id":"https:\/\/www.facecorner.lv\/#organization","name":"Facecorner","url":"https:\/\/www.facecorner.lv\/","logo":{"@type":"ImageObject","inLanguage":"en-US","@id":"https:\/\/www.facecorner.lv\/#\/schema\/logo\/image\/","url":"https:\/\/www.facecorner.lv\/wp-content\/uploads\/2024\/04\/fc-logo.jpg","contentUrl":"https:\/\/www.facecorner.lv\/wp-content\/uploads\/2024\/04\/fc-logo.jpg","width":174,"height":28,"caption":"Facecorner"},"image":{"@id":"https:\/\/www.facecorner.lv\/#\/schema\/logo\/image\/"},"sameAs":["https:\/\/www.facebook.com\/profile.php?id=100063824551839","https:\/\/www.instagram.com\/facecorner_shop\/"]}]},"product_price_amount":"9.00","product_price_currency":"EUR","og_availability":"out of stock","product_availability":"out of stock","product_condition":"new"},"_links":{"self":[{"href":"https:\/\/www.facecorner.lv\/en\/wp-json\/wp\/v2\/product\/14765","targetHints":{"allow":["GET"]}}],"collection":[{"href":"https:\/\/www.facecorner.lv\/en\/wp-json\/wp\/v2\/product"}],"about":[{"href":"https:\/\/www.facecorner.lv\/en\/wp-json\/wp\/v2\/types\/product"}],"replies":[{"embeddable":true,"href":"https:\/\/www.facecorner.lv\/en\/wp-json\/wp\/v2\/comments?post=14765"}],"wp:featuredmedia":[{"embeddable":true,"href":"https:\/\/www.facecorner.lv\/en\/wp-json\/wp\/v2\/media\/15422"}],"wp:attachment":[{"href":"https:\/\/www.facecorner.lv\/en\/wp-json\/wp\/v2\/media?parent=14765"}],"wp:term":[{"taxonomy":"product_brand","embeddable":true,"href":"https:\/\/www.facecorner.lv\/en\/wp-json\/wp\/v2\/product_brand?post=14765"},{"taxonomy":"product_cat","embeddable":true,"href":"https:\/\/www.facecorner.lv\/en\/wp-json\/wp\/v2\/product_cat?post=14765"},{"taxonomy":"product_tag","embeddable":true,"href":"https:\/\/www.facecorner.lv\/en\/wp-json\/wp\/v2\/product_tag?post=14765"},{"taxonomy":"berocket_brand","embeddable":true,"href":"https:\/\/www.facecorner.lv\/en\/wp-json\/wp\/v2\/berocket_brand?post=14765"}],"curies":[{"name":"wp","href":"https:\/\/api.w.org\/{rel}","templated":true}]}}