{"id":14738,"date":"2024-03-23T13:49:04","date_gmt":"2024-03-23T11:49:04","guid":{"rendered":"https:\/\/www.facecorner.lv\/?post_type=product&#038;p=14738"},"modified":"2025-04-10T12:55:25","modified_gmt":"2025-04-10T09:55:25","slug":"isntree-hyaluronic-acid-watery-sun-gel-spf50-pa-50ml","status":"publish","type":"product","link":"https:\/\/www.facecorner.lv\/en\/shop\/isntree-hyaluronic-acid-watery-sun-gel-spf50-pa-50ml\/","title":{"rendered":"IsNtree Hyaluronic Acid Watery Sun Gel SPF50+ PA++++ 50ml"},"content":{"rendered":"<p>IsNtree Hialuronsk\u0101bes \u016bdens \u017eeleja pret sau\u013co\u0161an\u0101s SPF50+ PA++++ ir ar vieglu un vieglu tekst\u016bru, t\u0101 nenoslogo un neatst\u0101j baltas nogulsnes. Jaun\u0101s paaudzes \u0137\u012bmiskajiem filtriem ir rakstur\u012bga augsta fotostabilit\u0101te, un tie dro\u0161i aizsarg\u0101 \u0101du no agres\u012bviem UV stariem.<\/p>\n<p>Daudzmolekul\u0101r\u0101s hialuronsk\u0101bes komplekss dzi\u013ci mitrina un piepilda visus epidermas sl\u0101\u0146us ar mitrumu, nov\u0113r\u0161 sausumu un dehidrat\u0101ciju. Veido barjeru uz \u0101das virsmas, kas uztur optim\u0101lu mitrin\u0101\u0161anas l\u012bmeni un nov\u0113r\u0161 mitruma zudumu.<\/p>\n<p>Augu ekstraktiem ir izteikta nomierino\u0161a iedarb\u012bba, tie mazina niezi, aps\u0101rtumu un veicina iekaisumu dz\u012b\u0161anu.<\/p>\n<p><strong>Satur jaun\u0101s paaudzes \u0137\u012bmiskos saules filtrus, kas pils\u0113tas apst\u0101k\u013cos nav j\u0101atjauno l\u012bdz pat 8 stund\u0101m:<\/strong><\/p>\n<ul>\n<li>Uvinul A Plus (Diethylamino Hydroxybenzoyl Hexyl Benzoate) protects against UVA rays.<\/li>\n<li>Tinosorb S (bis-etilheksilheksiloksiloksifenols-metoksifeniltriaz\u012bns) ir pla\u0161a spektra filtrs, kas aizsarg\u0101 pret UVA un UVB stariem.<\/li>\n<li>Parsol SLX (Polysilicone-15) provides protection from UVB rays, giving the product a comfortable finish without greasy shine.<\/li>\n<li>Tinosorb M (metil\u0113nbis-bis-benzotriazoliltetrametilbutilfenols) &#8211; aizsarg\u0101 pret UVA un UVB stariem. Tam ir jaukta iedarb\u012bba, tas absorb\u0113 un atstaro UVA un UVB starus. Palielina oktinoks\u0101ta filtra darb\u012bbas laiku.<\/li>\n<\/ul>\n<p><strong>Vieglas \u017eelejveida tekst\u016bras kr\u0113ms \u0101tri uzs\u016bcas, neatst\u0101j lip\u012bgumu un taukainu sp\u012bdumu, atst\u0101j \u0101du barotu un mitrin\u0101tu.<\/strong><\/p>\n<p><strong>Main active ingredients:<\/strong><\/p>\n<ul>\n<li>\u00a08 da\u017e\u0101du molekul\u0101ro izm\u0113ru hialuronsk\u0101bes veidi nodro\u0161ina efekt\u012bvu mitrin\u0101\u0161anu, nov\u0113r\u0161 sausumu un dehidrat\u0101ciju visos epidermas l\u012bme\u0146os.<br \/>\nAstaksant\u012bns nodro\u0161ina antioksidantu iedarb\u012bbu, stiprina epidermas aizsargfunkcijas.<\/li>\n<li>Portulakas ekstrakts stimul\u0113 pa\u0101trin\u0101tu \u0101das \u0161\u016bnu re\u0123ener\u0101ciju un br\u016b\u010du dz\u012b\u0161anu, tam ir sp\u0113c\u012bga antitoksiska iedarb\u012bba, tas sa\u0161aurina poras un samazina sebuma veido\u0161anos.<\/li>\n<li>Prie\u017eu ekstrakts nom\u0101c p\u0101rm\u0113r\u012bgu tauku dziedzeru darb\u012bbu, normaliz\u0113 \u0101das taukain\u012bbu un nov\u0113r\u0161 taukainu sp\u012bdumu.<\/li>\n<li>NP keram\u012bdi palielina epidermas aizsargfunkcijas, nov\u0113r\u0161 mitruma zudumu un pal\u012bdz atjaunot \u0101du. Atbr\u012bvojas no sausuma, lob\u012b\u0161an\u0101s, noder aler\u0123isku izsitumu, ekz\u0113mas, psori\u0101zes \u0101rst\u0113\u0161an\u0101.<\/li>\n<li>Centella asiatica ekstrakts stiprina asinsvadus, nom\u0101c iekaisumu, pal\u012bdz c\u012b\u0146\u0101 pret ekz\u0113mu un kuperozi, nov\u0113r\u0161 asinsvadu zvaigzn\u012btes ra\u0161anos, mazina jut\u012bgumu.<\/li>\n<\/ul>\n<p><strong>Piem\u0113rots norm\u0101lai, jauktai un dehidr\u0113tai \u0101dai.<\/strong><\/p>\n<p><strong>How to use:<\/strong>: p\u0113c visiem dienas kop\u0161anas darbiem uzkl\u0101jiet aptuveni 1,2 ml produkta uz sejas un cit\u0101m atkl\u0101t\u0101m \u0101das viet\u0101m (aus\u012bm, kakla). Ja \u0101da ir pak\u013cauta tie\u0161iem saules stariem (piem\u0113ram, pludmal\u0113), atjaunojiet aizsargsl\u0101ni ik p\u0113c 2 stund\u0101m.<\/p>\n<p><strong>Ingredientes:\u00a0<\/strong>Water, Butylene Glycol, Ethylhexyl Salicylate, Homosalate, Dibutyl Adipate, Niacinamide, Bis-Ethylhexyloxyphenol Methoxyphenyl Triazine, Cyclopentasiloxane, Methylene Bis-Benzotriazolyl Tetramethylbutylphenol, Polysilicone-15, Diethylamino Hydroxybenzoyl Hexyl Benzoate, 1,2-Hexanediol, Pentylene Glycol, Pinus Pinaster Bark Extract, Ceramide NP, Centella Asiatica Extract, Glycerin, Portulaca Oleracea Extract, Houttuynia Cordata Extract, Olea Europaea (Olive) Fruit Oil, Ficus Carica (Fig) Fruit Extract, Sodium Hyaluronate, Ceteth-10, Hydrogenated Lecithin, Decyl Glucoside, Propanediol, Tocopherol, Astaxanthin, Hyaluronic Acid, Sodium Hyaluronate Crosspolymer, Ascorbyl Propyl Hyaluronate, Hydrolyzed Hyaluronic Acid, Hydroxypropyltrimonium Hyaluronate, Acrylates\/C10-30 Alkyl Acrylate Crosspolymer, Sodium Acetylated Hyaluronate, Hydrolyzed Sodium Hyaluronate, Adenosine, Xanthan Gum, Cetyl PEG\/PPG-10\/1 Dimethicone, Tromethamine, Carbomer, Propylene Glycol, Ethylhexylglycerin<\/p>","protected":false},"excerpt":{"rendered":"<p>IsNtree Hialuronsk\u0101bes \u016bdens \u017eeleja pret sau\u013co\u0161an\u0101s SPF50+ PA++++ ir ar vieglu un vieglu tekst\u016bru, t\u0101 nenoslogo un neatst\u0101j baltas nogulsnes. Jaun\u0101s paaudzes \u0137\u012bmiskajiem filtriem ir rakstur\u012bga augsta fotostabilit\u0101te, un tie dro\u0161i aizsarg\u0101 \u0101du no agres\u012bviem UV stariem. Daudzmolekul\u0101r\u0101s hialuronsk\u0101bes komplekss dzi\u013ci mitrina un piepilda visus epidermas sl\u0101\u0146us ar mitrumu, nov\u0113r\u0161 sausumu un dehidrat\u0101ciju. Veido barjeru [&hellip;]<\/p>\n","protected":false},"featured_media":14739,"comment_status":"open","ping_status":"closed","template":"","meta":{"site-sidebar-layout":"default","site-content-layout":"","ast-site-content-layout":"","site-content-style":"default","site-sidebar-style":"default","ast-global-header-display":"","ast-banner-title-visibility":"","ast-main-header-display":"","ast-hfb-above-header-display":"","ast-hfb-below-header-display":"","ast-hfb-mobile-header-display":"","site-post-title":"","ast-breadcrumbs-content":"","ast-featured-img":"","footer-sml-layout":"","theme-transparent-header-meta":"","adv-header-id-meta":"","stick-header-meta":"","header-above-stick-meta":"","header-main-stick-meta":"","header-below-stick-meta":"","astra-migrate-meta-layouts":"default","ast-page-background-enabled":"default","ast-page-background-meta":{"desktop":{"background-color":"var(--ast-global-color-4)","background-image":"","background-repeat":"repeat","background-position":"center center","background-size":"auto","background-attachment":"scroll","background-type":"","background-media":"","overlay-type":"","overlay-color":"","overlay-opacity":"","overlay-gradient":""},"tablet":{"background-color":"","background-image":"","background-repeat":"repeat","background-position":"center center","background-size":"auto","background-attachment":"scroll","background-type":"","background-media":"","overlay-type":"","overlay-color":"","overlay-opacity":"","overlay-gradient":""},"mobile":{"background-color":"","background-image":"","background-repeat":"repeat","background-position":"center center","background-size":"auto","background-attachment":"scroll","background-type":"","background-media":"","overlay-type":"","overlay-color":"","overlay-opacity":"","overlay-gradient":""}},"ast-content-background-meta":{"desktop":{"background-color":"var(--ast-global-color-5)","background-image":"","background-repeat":"repeat","background-position":"center center","background-size":"auto","background-attachment":"scroll","background-type":"","background-media":"","overlay-type":"","overlay-color":"","overlay-opacity":"","overlay-gradient":""},"tablet":{"background-color":"var(--ast-global-color-5)","background-image":"","background-repeat":"repeat","background-position":"center center","background-size":"auto","background-attachment":"scroll","background-type":"","background-media":"","overlay-type":"","overlay-color":"","overlay-opacity":"","overlay-gradient":""},"mobile":{"background-color":"var(--ast-global-color-5)","background-image":"","background-repeat":"repeat","background-position":"center center","background-size":"auto","background-attachment":"scroll","background-type":"","background-media":"","overlay-type":"","overlay-color":"","overlay-opacity":"","overlay-gradient":""}}},"product_brand":[],"product_cat":[511,512],"product_tag":[],"berocket_brand":[585],"class_list":{"0":"post-14738","1":"product","2":"type-product","3":"status-publish","4":"has-post-thumbnail","6":"product_cat-atlaides","7":"product_cat-spf","8":"berocket_brand-isntree","9":"desktop-align-left","10":"tablet-align-left","11":"mobile-align-left","13":"first","14":"outofstock","15":"sale","16":"taxable","17":"shipping-taxable","18":"purchasable","19":"product-type-simple","20":"add-to-wishlist-before_image"},"yoast_head":"<!-- This site is optimized with the Yoast SEO plugin v27.4 - https:\/\/yoast.com\/product\/yoast-seo-wordpress\/ -->\n<title>IsNtree Hyaluronic Acid Watery Sun Gel SPF50+ PA++++ 50ml - FACECORNER<\/title>\n<meta name=\"robots\" content=\"index, follow, max-snippet:-1, max-image-preview:large, max-video-preview:-1\" \/>\n<link rel=\"canonical\" href=\"https:\/\/www.facecorner.lv\/en\/shop\/isntree-hyaluronic-acid-watery-sun-gel-spf50-pa-50ml\/\" \/>\n<meta property=\"og:locale\" content=\"en_US\" \/>\n<meta property=\"og:type\" content=\"article\" \/>\n<meta property=\"og:title\" content=\"IsNtree Hyaluronic Acid Watery Sun Gel SPF50+ PA++++ 50ml - FACECORNER\" \/>\n<meta property=\"og:description\" content=\"IsNtree Hialuronsk\u0101bes \u016bdens \u017eeleja pret sau\u013co\u0161an\u0101s SPF50+ PA++++ ir ar vieglu un vieglu tekst\u016bru, t\u0101 nenoslogo un neatst\u0101j baltas nogulsnes. Jaun\u0101s paaudzes \u0137\u012bmiskajiem filtriem ir rakstur\u012bga augsta fotostabilit\u0101te, un tie dro\u0161i aizsarg\u0101 \u0101du no agres\u012bviem UV stariem. Daudzmolekul\u0101r\u0101s hialuronsk\u0101bes komplekss dzi\u013ci mitrina un piepilda visus epidermas sl\u0101\u0146us ar mitrumu, nov\u0113r\u0161 sausumu un dehidrat\u0101ciju. Veido barjeru [&hellip;]\" \/>\n<meta property=\"og:url\" content=\"https:\/\/www.facecorner.lv\/en\/shop\/isntree-hyaluronic-acid-watery-sun-gel-spf50-pa-50ml\/\" \/>\n<meta property=\"og:site_name\" content=\"FACECORNER\" \/>\n<meta property=\"article:publisher\" content=\"https:\/\/www.facebook.com\/profile.php?id=100063824551839\" \/>\n<meta property=\"article:modified_time\" content=\"2025-04-10T09:55:25+00:00\" \/>\n<meta property=\"og:image\" content=\"https:\/\/www.facecorner.lv\/wp-content\/uploads\/2024\/03\/41B8vDMnHHL.jpg\" \/>\n\t<meta property=\"og:image:width\" content=\"1080\" \/>\n\t<meta property=\"og:image:height\" content=\"1080\" \/>\n\t<meta property=\"og:image:type\" content=\"image\/jpeg\" \/>\n<meta name=\"twitter:card\" content=\"summary_large_image\" \/>\n<meta name=\"twitter:label1\" content=\"Price\" \/>\n\t<meta name=\"twitter:data1\" content=\"&euro;19.95\" \/>\n\t<meta name=\"twitter:label2\" content=\"Availability\" \/>\n\t<meta name=\"twitter:data2\" content=\"Out of stock\" \/>\n<script type=\"application\/ld+json\" class=\"yoast-schema-graph\">{\"@context\":\"https:\\\/\\\/schema.org\",\"@graph\":[{\"@type\":\"WebPage\",\"@id\":\"https:\\\/\\\/www.facecorner.lv\\\/shop\\\/isntree-hyaluronic-acid-watery-sun-gel-spf50-pa-50ml\\\/\",\"url\":\"https:\\\/\\\/www.facecorner.lv\\\/shop\\\/isntree-hyaluronic-acid-watery-sun-gel-spf50-pa-50ml\\\/\",\"name\":\"IsNtree Hyaluronic Acid Watery Sun Gel SPF50+ PA++++ 50ml - FACECORNER\",\"isPartOf\":{\"@id\":\"https:\\\/\\\/www.facecorner.lv\\\/#website\"},\"primaryImageOfPage\":{\"@id\":\"https:\\\/\\\/www.facecorner.lv\\\/shop\\\/isntree-hyaluronic-acid-watery-sun-gel-spf50-pa-50ml\\\/#primaryimage\"},\"image\":{\"@id\":\"https:\\\/\\\/www.facecorner.lv\\\/shop\\\/isntree-hyaluronic-acid-watery-sun-gel-spf50-pa-50ml\\\/#primaryimage\"},\"thumbnailUrl\":\"https:\\\/\\\/www.facecorner.lv\\\/wp-content\\\/uploads\\\/2024\\\/03\\\/41B8vDMnHHL.jpg\",\"datePublished\":\"2024-03-23T11:49:04+00:00\",\"dateModified\":\"2025-04-10T09:55:25+00:00\",\"breadcrumb\":{\"@id\":\"https:\\\/\\\/www.facecorner.lv\\\/shop\\\/isntree-hyaluronic-acid-watery-sun-gel-spf50-pa-50ml\\\/#breadcrumb\"},\"inLanguage\":\"en-US\",\"potentialAction\":[{\"@type\":\"ReadAction\",\"target\":[\"https:\\\/\\\/www.facecorner.lv\\\/shop\\\/isntree-hyaluronic-acid-watery-sun-gel-spf50-pa-50ml\\\/\"]}]},{\"@type\":\"ImageObject\",\"inLanguage\":\"en-US\",\"@id\":\"https:\\\/\\\/www.facecorner.lv\\\/shop\\\/isntree-hyaluronic-acid-watery-sun-gel-spf50-pa-50ml\\\/#primaryimage\",\"url\":\"https:\\\/\\\/www.facecorner.lv\\\/wp-content\\\/uploads\\\/2024\\\/03\\\/41B8vDMnHHL.jpg\",\"contentUrl\":\"https:\\\/\\\/www.facecorner.lv\\\/wp-content\\\/uploads\\\/2024\\\/03\\\/41B8vDMnHHL.jpg\",\"width\":1080,\"height\":1080},{\"@type\":\"BreadcrumbList\",\"@id\":\"https:\\\/\\\/www.facecorner.lv\\\/shop\\\/isntree-hyaluronic-acid-watery-sun-gel-spf50-pa-50ml\\\/#breadcrumb\",\"itemListElement\":[{\"@type\":\"ListItem\",\"position\":1,\"name\":\"Home\",\"item\":\"https:\\\/\\\/www.facecorner.lv\\\/\"},{\"@type\":\"ListItem\",\"position\":2,\"name\":\"Veikals\",\"item\":\"https:\\\/\\\/www.facecorner.lv\\\/shop\\\/\"},{\"@type\":\"ListItem\",\"position\":3,\"name\":\"IsNtree Hyaluronic Acid Watery Sun Gel SPF50+ PA++++ 50ml\"}]},{\"@type\":\"WebSite\",\"@id\":\"https:\\\/\\\/www.facecorner.lv\\\/#website\",\"url\":\"https:\\\/\\\/www.facecorner.lv\\\/\",\"name\":\"Facecorner\",\"description\":\"\",\"publisher\":{\"@id\":\"https:\\\/\\\/www.facecorner.lv\\\/#organization\"},\"potentialAction\":[{\"@type\":\"SearchAction\",\"target\":{\"@type\":\"EntryPoint\",\"urlTemplate\":\"https:\\\/\\\/www.facecorner.lv\\\/?s={search_term_string}\"},\"query-input\":{\"@type\":\"PropertyValueSpecification\",\"valueRequired\":true,\"valueName\":\"search_term_string\"}}],\"inLanguage\":\"en-US\"},{\"@type\":\"Organization\",\"@id\":\"https:\\\/\\\/www.facecorner.lv\\\/#organization\",\"name\":\"Facecorner\",\"url\":\"https:\\\/\\\/www.facecorner.lv\\\/\",\"logo\":{\"@type\":\"ImageObject\",\"inLanguage\":\"en-US\",\"@id\":\"https:\\\/\\\/www.facecorner.lv\\\/#\\\/schema\\\/logo\\\/image\\\/\",\"url\":\"https:\\\/\\\/www.facecorner.lv\\\/wp-content\\\/uploads\\\/2024\\\/04\\\/fc-logo.jpg\",\"contentUrl\":\"https:\\\/\\\/www.facecorner.lv\\\/wp-content\\\/uploads\\\/2024\\\/04\\\/fc-logo.jpg\",\"width\":174,\"height\":28,\"caption\":\"Facecorner\"},\"image\":{\"@id\":\"https:\\\/\\\/www.facecorner.lv\\\/#\\\/schema\\\/logo\\\/image\\\/\"},\"sameAs\":[\"https:\\\/\\\/www.facebook.com\\\/profile.php?id=100063824551839\",\"https:\\\/\\\/www.instagram.com\\\/facecorner_shop\\\/\"]}]}<\/script>\n<meta property=\"product:price:amount\" content=\"19.95\" \/>\n<meta property=\"product:price:currency\" content=\"EUR\" \/>\n<meta property=\"og:availability\" content=\"out of stock\" \/>\n<meta property=\"product:availability\" content=\"out of stock\" \/>\n<meta property=\"product:condition\" content=\"new\" \/>\n<!-- \/ Yoast SEO plugin. -->","yoast_head_json":{"title":"IsNtree Hyaluronic Acid Watery Sun Gel SPF50+ PA++++ 50ml - FACECORNER","robots":{"index":"index","follow":"follow","max-snippet":"max-snippet:-1","max-image-preview":"max-image-preview:large","max-video-preview":"max-video-preview:-1"},"canonical":"https:\/\/www.facecorner.lv\/en\/shop\/isntree-hyaluronic-acid-watery-sun-gel-spf50-pa-50ml\/","og_locale":"en_US","og_type":"article","og_title":"IsNtree Hyaluronic Acid Watery Sun Gel SPF50+ PA++++ 50ml - FACECORNER","og_description":"IsNtree Hialuronsk\u0101bes \u016bdens \u017eeleja pret sau\u013co\u0161an\u0101s SPF50+ PA++++ ir ar vieglu un vieglu tekst\u016bru, t\u0101 nenoslogo un neatst\u0101j baltas nogulsnes. Jaun\u0101s paaudzes \u0137\u012bmiskajiem filtriem ir rakstur\u012bga augsta fotostabilit\u0101te, un tie dro\u0161i aizsarg\u0101 \u0101du no agres\u012bviem UV stariem. Daudzmolekul\u0101r\u0101s hialuronsk\u0101bes komplekss dzi\u013ci mitrina un piepilda visus epidermas sl\u0101\u0146us ar mitrumu, nov\u0113r\u0161 sausumu un dehidrat\u0101ciju. Veido barjeru [&hellip;]","og_url":"https:\/\/www.facecorner.lv\/en\/shop\/isntree-hyaluronic-acid-watery-sun-gel-spf50-pa-50ml\/","og_site_name":"FACECORNER","article_publisher":"https:\/\/www.facebook.com\/profile.php?id=100063824551839","article_modified_time":"2025-04-10T09:55:25+00:00","og_image":[{"width":1080,"height":1080,"url":"https:\/\/www.facecorner.lv\/wp-content\/uploads\/2024\/03\/41B8vDMnHHL.jpg","type":"image\/jpeg"}],"twitter_card":"summary_large_image","twitter_misc":{"Price":"&euro;19.95","Availability":"Out of stock"},"schema":{"@context":"https:\/\/schema.org","@graph":[{"@type":"WebPage","@id":"https:\/\/www.facecorner.lv\/shop\/isntree-hyaluronic-acid-watery-sun-gel-spf50-pa-50ml\/","url":"https:\/\/www.facecorner.lv\/shop\/isntree-hyaluronic-acid-watery-sun-gel-spf50-pa-50ml\/","name":"IsNtree Hyaluronic Acid Watery Sun Gel SPF50+ PA++++ 50ml - FACECORNER","isPartOf":{"@id":"https:\/\/www.facecorner.lv\/#website"},"primaryImageOfPage":{"@id":"https:\/\/www.facecorner.lv\/shop\/isntree-hyaluronic-acid-watery-sun-gel-spf50-pa-50ml\/#primaryimage"},"image":{"@id":"https:\/\/www.facecorner.lv\/shop\/isntree-hyaluronic-acid-watery-sun-gel-spf50-pa-50ml\/#primaryimage"},"thumbnailUrl":"https:\/\/www.facecorner.lv\/wp-content\/uploads\/2024\/03\/41B8vDMnHHL.jpg","datePublished":"2024-03-23T11:49:04+00:00","dateModified":"2025-04-10T09:55:25+00:00","breadcrumb":{"@id":"https:\/\/www.facecorner.lv\/shop\/isntree-hyaluronic-acid-watery-sun-gel-spf50-pa-50ml\/#breadcrumb"},"inLanguage":"en-US","potentialAction":[{"@type":"ReadAction","target":["https:\/\/www.facecorner.lv\/shop\/isntree-hyaluronic-acid-watery-sun-gel-spf50-pa-50ml\/"]}]},{"@type":"ImageObject","inLanguage":"en-US","@id":"https:\/\/www.facecorner.lv\/shop\/isntree-hyaluronic-acid-watery-sun-gel-spf50-pa-50ml\/#primaryimage","url":"https:\/\/www.facecorner.lv\/wp-content\/uploads\/2024\/03\/41B8vDMnHHL.jpg","contentUrl":"https:\/\/www.facecorner.lv\/wp-content\/uploads\/2024\/03\/41B8vDMnHHL.jpg","width":1080,"height":1080},{"@type":"BreadcrumbList","@id":"https:\/\/www.facecorner.lv\/shop\/isntree-hyaluronic-acid-watery-sun-gel-spf50-pa-50ml\/#breadcrumb","itemListElement":[{"@type":"ListItem","position":1,"name":"Home","item":"https:\/\/www.facecorner.lv\/"},{"@type":"ListItem","position":2,"name":"Veikals","item":"https:\/\/www.facecorner.lv\/shop\/"},{"@type":"ListItem","position":3,"name":"IsNtree Hyaluronic Acid Watery Sun Gel SPF50+ PA++++ 50ml"}]},{"@type":"WebSite","@id":"https:\/\/www.facecorner.lv\/#website","url":"https:\/\/www.facecorner.lv\/","name":"Facecorner","description":"","publisher":{"@id":"https:\/\/www.facecorner.lv\/#organization"},"potentialAction":[{"@type":"SearchAction","target":{"@type":"EntryPoint","urlTemplate":"https:\/\/www.facecorner.lv\/?s={search_term_string}"},"query-input":{"@type":"PropertyValueSpecification","valueRequired":true,"valueName":"search_term_string"}}],"inLanguage":"en-US"},{"@type":"Organization","@id":"https:\/\/www.facecorner.lv\/#organization","name":"Facecorner","url":"https:\/\/www.facecorner.lv\/","logo":{"@type":"ImageObject","inLanguage":"en-US","@id":"https:\/\/www.facecorner.lv\/#\/schema\/logo\/image\/","url":"https:\/\/www.facecorner.lv\/wp-content\/uploads\/2024\/04\/fc-logo.jpg","contentUrl":"https:\/\/www.facecorner.lv\/wp-content\/uploads\/2024\/04\/fc-logo.jpg","width":174,"height":28,"caption":"Facecorner"},"image":{"@id":"https:\/\/www.facecorner.lv\/#\/schema\/logo\/image\/"},"sameAs":["https:\/\/www.facebook.com\/profile.php?id=100063824551839","https:\/\/www.instagram.com\/facecorner_shop\/"]}]},"product_price_amount":"19.95","product_price_currency":"EUR","og_availability":"out of stock","product_availability":"out of stock","product_condition":"new"},"_links":{"self":[{"href":"https:\/\/www.facecorner.lv\/en\/wp-json\/wp\/v2\/product\/14738","targetHints":{"allow":["GET"]}}],"collection":[{"href":"https:\/\/www.facecorner.lv\/en\/wp-json\/wp\/v2\/product"}],"about":[{"href":"https:\/\/www.facecorner.lv\/en\/wp-json\/wp\/v2\/types\/product"}],"replies":[{"embeddable":true,"href":"https:\/\/www.facecorner.lv\/en\/wp-json\/wp\/v2\/comments?post=14738"}],"wp:featuredmedia":[{"embeddable":true,"href":"https:\/\/www.facecorner.lv\/en\/wp-json\/wp\/v2\/media\/14739"}],"wp:attachment":[{"href":"https:\/\/www.facecorner.lv\/en\/wp-json\/wp\/v2\/media?parent=14738"}],"wp:term":[{"taxonomy":"product_brand","embeddable":true,"href":"https:\/\/www.facecorner.lv\/en\/wp-json\/wp\/v2\/product_brand?post=14738"},{"taxonomy":"product_cat","embeddable":true,"href":"https:\/\/www.facecorner.lv\/en\/wp-json\/wp\/v2\/product_cat?post=14738"},{"taxonomy":"product_tag","embeddable":true,"href":"https:\/\/www.facecorner.lv\/en\/wp-json\/wp\/v2\/product_tag?post=14738"},{"taxonomy":"berocket_brand","embeddable":true,"href":"https:\/\/www.facecorner.lv\/en\/wp-json\/wp\/v2\/berocket_brand?post=14738"}],"curies":[{"name":"wp","href":"https:\/\/api.w.org\/{rel}","templated":true}]}}