{"id":14735,"date":"2024-03-23T13:28:27","date_gmt":"2024-03-23T11:28:27","guid":{"rendered":"https:\/\/www.facecorner.lv\/?post_type=product&#038;p=14735"},"modified":"2024-12-05T19:43:43","modified_gmt":"2024-12-05T16:43:43","slug":"round-lab-soybean-cleanser-150ml","status":"publish","type":"product","link":"https:\/\/www.facecorner.lv\/en\/shop\/round-lab-soybean-cleanser-150ml\/","title":{"rendered":"Round Lab Soybean Cleanser 150ml"},"content":{"rendered":"<p>Round Lab Sojas pupi\u0146u att\u012bro\u0161ais putu skrubis Round Lab Sojas pupi\u0146u att\u012bro\u0161ais putu skrubis ar maigu, kr\u0113m\u012bgu tekst\u016bru maigi att\u012bra, no\u0146em net\u012brumus un putek\u013cus, izl\u012bdzina un m\u012bkstina \u0101du.<\/p>\n<p>Tas ar\u012b att\u012bra poras, likvid\u0113jot lieko sebumu un atmiru\u0161\u0101s da\u013ci\u0146as, t\u0101d\u0113j\u0101di nov\u0113r\u0161ot poru aizs\u0113r\u0113\u0161anu un komedonu veido\u0161anos.<\/p>\n<p>Barojo\u0161\u0101s putas nerada kairin\u0101jumu, sausumu, lob\u012b\u0161anos un sasprindzin\u0101jumu, p\u0113c mazg\u0101\u0161anas atst\u0101jot pat\u012bkamu mitrin\u0101\u0161anas un komforta saj\u016btu. Maigi sk\u0101b\u0101 formula ar pH 5,0-6,0 netrauc\u0113 dabiskajai aizsargbarjerai.<\/p>\n<p>Galven\u0101 akt\u012bv\u0101 sast\u0101vda\u013ca ir meln\u0101s sojas ekstrakts (10 000 ppm), kas audz\u0113ts Dienvidkorejas ekolo\u0123iskaj\u0101 re\u0123ion\u0101 Jeongseon sal\u0101, kam piem\u012bt sp\u0113c\u012bga pretnoveco\u0161an\u0101s un pretiekaisuma iedarb\u012bba un kas c\u012bn\u0101s pret oksidat\u012bvo stresu. Meln\u0101s sojas ekstrakts satur vitam\u012bnus, prote\u012bnus un antioksidantus, kas ir koncentr\u0113t\u0101ki nek\u0101 citu veidu sojas ekstrakt\u0101.<\/p>\n<p><strong>KEY INGREDIENTS:<\/strong><\/p>\n<ul>\n<li>R\u012bsu pulveris absorb\u0113 lieko sebumu, maigi balina, izl\u012bdzina tonusu, samazina aps\u0101rtumu.<\/li>\n<li>Auzu milti m\u012bkstina, maigi p\u012blings, nodro\u0161ina antioksidantu \u0161\u016bnu aizsardz\u012bbu, satur beta-glik\u0101nu.<\/li>\n<li>Fitosfingoz\u012bns &#8211; fosfolip\u012bds, pagarina \u0161\u016bnu jaun\u012bbu, tam piem\u012bt antibakteri\u0101la un pretiekaisuma iedarb\u012bba, stiprina hidrolip\u012bdu apvalku, pa\u0101trina dz\u012b\u0161anu.<\/li>\n<li>Skval\u0101ns papildina mitruma tr\u016bkumu un nov\u0113r\u0161 t\u0101 iztvaiko\u0161anu, c\u012bn\u0101s pret sausumu un lob\u012b\u0161anos, padara \u0101du m\u012bkstu un z\u012bdainu.<\/li>\n<li>P\u013cavas putraimu e\u013c\u013ca satur v\u0113rt\u012bgas tauksk\u0101bes, tai piem\u012bt antioksidanta iedarb\u012bba, m\u012bkstina un izl\u012bdzina, neatst\u0101j lip\u012bgumu.<\/li>\n<li>Ceramides are incorporated into the lipid layer and strengthen it, prevent transepidermal moisture loss, improve skin texture<\/li>\n<\/ul>\n<p><strong>Piem\u0113rots norm\u0101lai, sausai un jut\u012bgai \u0101dai.<\/strong><\/p>\n<p><strong>How to use:<\/strong>: p\u0113c kosm\u0113tikas no\u0146em\u0161anas uzkl\u0101t putas uz sejas, izkl\u0101t ar mas\u0101\u017eas kust\u012bb\u0101m un noskalot ar siltu \u016bdeni, turpin\u0101t kop\u0161anu.<\/p>\n<p><strong>Ingredientes:\u00a0<\/strong>Water, Glycerin , Sodium Cocoyl Isethionate, Potassium Cocoyl Glycinate, Cetearyl Alcohol , Sodium C14-16 Olefin Sulfonate, Acrylates Copolymer, Sodium Cocoyl Glutamate, Hydrogenated Coconut Acid, Phaseolus Angularis Seed Powder, Glycine Max (Soybean) Seed Extract, Oryza Sativa (Rice) Powder,\u00a0Avena Sativa (Oat) Kernel Flour, Coix Lacryma-Jobi Ma-yuen Seed Powder, Phaseolus Radiatus Seed Powder, Squalane, Limnanthes Alba (Meadowfoam) Seed Oil, Ceramide NP, Phytosphingosine , Hydrogenated Lecithin , Sodium Isethionate, Potassium Benzoate, Butylene Glycol , Polyquaternium-67, Hexadecene, 1,2-Hexanediol, Trisodium Ethylenediamine Disuccinate, Tetradecene, Sorbitol, Citric Acid<\/p>","protected":false},"excerpt":{"rendered":"<p>Round Lab Sojas pupi\u0146u att\u012bro\u0161ais putu skrubis Round Lab Sojas pupi\u0146u att\u012bro\u0161ais putu skrubis ar maigu, kr\u0113m\u012bgu tekst\u016bru maigi att\u012bra, no\u0146em net\u012brumus un putek\u013cus, izl\u012bdzina un m\u012bkstina \u0101du. Tas ar\u012b att\u012bra poras, likvid\u0113jot lieko sebumu un atmiru\u0161\u0101s da\u013ci\u0146as, t\u0101d\u0113j\u0101di nov\u0113r\u0161ot poru aizs\u0113r\u0113\u0161anu un komedonu veido\u0161anos. Barojo\u0161\u0101s putas nerada kairin\u0101jumu, sausumu, lob\u012b\u0161anos un sasprindzin\u0101jumu, p\u0113c mazg\u0101\u0161anas [&hellip;]<\/p>\n","protected":false},"featured_media":14736,"comment_status":"open","ping_status":"closed","template":"","meta":{"site-sidebar-layout":"default","site-content-layout":"","ast-site-content-layout":"","site-content-style":"default","site-sidebar-style":"default","ast-global-header-display":"","ast-banner-title-visibility":"","ast-main-header-display":"","ast-hfb-above-header-display":"","ast-hfb-below-header-display":"","ast-hfb-mobile-header-display":"","site-post-title":"","ast-breadcrumbs-content":"","ast-featured-img":"","footer-sml-layout":"","theme-transparent-header-meta":"","adv-header-id-meta":"","stick-header-meta":"","header-above-stick-meta":"","header-main-stick-meta":"","header-below-stick-meta":"","astra-migrate-meta-layouts":"default","ast-page-background-enabled":"default","ast-page-background-meta":{"desktop":{"background-color":"var(--ast-global-color-4)","background-image":"","background-repeat":"repeat","background-position":"center center","background-size":"auto","background-attachment":"scroll","background-type":"","background-media":"","overlay-type":"","overlay-color":"","overlay-opacity":"","overlay-gradient":""},"tablet":{"background-color":"","background-image":"","background-repeat":"repeat","background-position":"center center","background-size":"auto","background-attachment":"scroll","background-type":"","background-media":"","overlay-type":"","overlay-color":"","overlay-opacity":"","overlay-gradient":""},"mobile":{"background-color":"","background-image":"","background-repeat":"repeat","background-position":"center center","background-size":"auto","background-attachment":"scroll","background-type":"","background-media":"","overlay-type":"","overlay-color":"","overlay-opacity":"","overlay-gradient":""}},"ast-content-background-meta":{"desktop":{"background-color":"var(--ast-global-color-5)","background-image":"","background-repeat":"repeat","background-position":"center center","background-size":"auto","background-attachment":"scroll","background-type":"","background-media":"","overlay-type":"","overlay-color":"","overlay-opacity":"","overlay-gradient":""},"tablet":{"background-color":"var(--ast-global-color-5)","background-image":"","background-repeat":"repeat","background-position":"center center","background-size":"auto","background-attachment":"scroll","background-type":"","background-media":"","overlay-type":"","overlay-color":"","overlay-opacity":"","overlay-gradient":""},"mobile":{"background-color":"var(--ast-global-color-5)","background-image":"","background-repeat":"repeat","background-position":"center center","background-size":"auto","background-attachment":"scroll","background-type":"","background-media":"","overlay-type":"","overlay-color":"","overlay-opacity":"","overlay-gradient":""}}},"product_brand":[],"product_cat":[310],"product_tag":[],"berocket_brand":[589],"class_list":{"0":"post-14735","1":"product","2":"type-product","3":"status-publish","4":"has-post-thumbnail","6":"product_cat-attirisana","7":"berocket_brand-round-lab","8":"desktop-align-left","9":"tablet-align-left","10":"mobile-align-left","12":"first","13":"instock","14":"taxable","15":"shipping-taxable","16":"purchasable","17":"product-type-simple","18":"add-to-wishlist-before_image"},"yoast_head":"<!-- This site is optimized with the Yoast SEO plugin v27.3 - https:\/\/yoast.com\/product\/yoast-seo-wordpress\/ -->\n<title>Round Lab Soybean Cleanser 150ml - FACECORNER<\/title>\n<meta name=\"robots\" content=\"index, follow, max-snippet:-1, max-image-preview:large, max-video-preview:-1\" \/>\n<link rel=\"canonical\" href=\"https:\/\/www.facecorner.lv\/en\/shop\/round-lab-soybean-cleanser-150ml\/\" \/>\n<meta property=\"og:locale\" content=\"en_US\" \/>\n<meta property=\"og:type\" content=\"article\" \/>\n<meta property=\"og:title\" content=\"Round Lab Soybean Cleanser 150ml - FACECORNER\" \/>\n<meta property=\"og:description\" content=\"Round Lab Sojas pupi\u0146u att\u012bro\u0161ais putu skrubis Round Lab Sojas pupi\u0146u att\u012bro\u0161ais putu skrubis ar maigu, kr\u0113m\u012bgu tekst\u016bru maigi att\u012bra, no\u0146em net\u012brumus un putek\u013cus, izl\u012bdzina un m\u012bkstina \u0101du. Tas ar\u012b att\u012bra poras, likvid\u0113jot lieko sebumu un atmiru\u0161\u0101s da\u013ci\u0146as, t\u0101d\u0113j\u0101di nov\u0113r\u0161ot poru aizs\u0113r\u0113\u0161anu un komedonu veido\u0161anos. Barojo\u0161\u0101s putas nerada kairin\u0101jumu, sausumu, lob\u012b\u0161anos un sasprindzin\u0101jumu, p\u0113c mazg\u0101\u0161anas [&hellip;]\" \/>\n<meta property=\"og:url\" content=\"https:\/\/www.facecorner.lv\/en\/shop\/round-lab-soybean-cleanser-150ml\/\" \/>\n<meta property=\"og:site_name\" content=\"FACECORNER\" \/>\n<meta property=\"article:publisher\" content=\"https:\/\/www.facebook.com\/profile.php?id=100063824551839\" \/>\n<meta property=\"article:modified_time\" content=\"2024-12-05T16:43:43+00:00\" \/>\n<meta property=\"og:image\" content=\"https:\/\/www.facecorner.lv\/wp-content\/uploads\/2024\/03\/soybean-nourishing-cleanser-round-lab-2_2048x2048.png.webp\" \/>\n\t<meta property=\"og:image:width\" content=\"2048\" \/>\n\t<meta property=\"og:image:height\" content=\"2048\" \/>\n\t<meta property=\"og:image:type\" content=\"image\/webp\" \/>\n<meta name=\"twitter:card\" content=\"summary_large_image\" \/>\n<meta name=\"twitter:label1\" content=\"Price\" \/>\n\t<meta name=\"twitter:data1\" content=\"&euro;23.00\" \/>\n\t<meta name=\"twitter:label2\" content=\"Availability\" \/>\n\t<meta name=\"twitter:data2\" content=\"In stock\" \/>\n<script type=\"application\/ld+json\" class=\"yoast-schema-graph\">{\"@context\":\"https:\\\/\\\/schema.org\",\"@graph\":[{\"@type\":\"WebPage\",\"@id\":\"https:\\\/\\\/www.facecorner.lv\\\/shop\\\/round-lab-soybean-cleanser-150ml\\\/\",\"url\":\"https:\\\/\\\/www.facecorner.lv\\\/shop\\\/round-lab-soybean-cleanser-150ml\\\/\",\"name\":\"Round Lab Soybean Cleanser 150ml - FACECORNER\",\"isPartOf\":{\"@id\":\"https:\\\/\\\/www.facecorner.lv\\\/#website\"},\"primaryImageOfPage\":{\"@id\":\"https:\\\/\\\/www.facecorner.lv\\\/shop\\\/round-lab-soybean-cleanser-150ml\\\/#primaryimage\"},\"image\":{\"@id\":\"https:\\\/\\\/www.facecorner.lv\\\/shop\\\/round-lab-soybean-cleanser-150ml\\\/#primaryimage\"},\"thumbnailUrl\":\"https:\\\/\\\/www.facecorner.lv\\\/wp-content\\\/uploads\\\/2024\\\/03\\\/soybean-nourishing-cleanser-round-lab-2_2048x2048.png.webp\",\"datePublished\":\"2024-03-23T11:28:27+00:00\",\"dateModified\":\"2024-12-05T16:43:43+00:00\",\"breadcrumb\":{\"@id\":\"https:\\\/\\\/www.facecorner.lv\\\/shop\\\/round-lab-soybean-cleanser-150ml\\\/#breadcrumb\"},\"inLanguage\":\"en-US\",\"potentialAction\":[{\"@type\":\"ReadAction\",\"target\":[\"https:\\\/\\\/www.facecorner.lv\\\/shop\\\/round-lab-soybean-cleanser-150ml\\\/\"]}]},{\"@type\":\"ImageObject\",\"inLanguage\":\"en-US\",\"@id\":\"https:\\\/\\\/www.facecorner.lv\\\/shop\\\/round-lab-soybean-cleanser-150ml\\\/#primaryimage\",\"url\":\"https:\\\/\\\/www.facecorner.lv\\\/wp-content\\\/uploads\\\/2024\\\/03\\\/soybean-nourishing-cleanser-round-lab-2_2048x2048.png.webp\",\"contentUrl\":\"https:\\\/\\\/www.facecorner.lv\\\/wp-content\\\/uploads\\\/2024\\\/03\\\/soybean-nourishing-cleanser-round-lab-2_2048x2048.png.webp\",\"width\":2048,\"height\":2048},{\"@type\":\"BreadcrumbList\",\"@id\":\"https:\\\/\\\/www.facecorner.lv\\\/shop\\\/round-lab-soybean-cleanser-150ml\\\/#breadcrumb\",\"itemListElement\":[{\"@type\":\"ListItem\",\"position\":1,\"name\":\"Home\",\"item\":\"https:\\\/\\\/www.facecorner.lv\\\/\"},{\"@type\":\"ListItem\",\"position\":2,\"name\":\"Veikals\",\"item\":\"https:\\\/\\\/www.facecorner.lv\\\/shop\\\/\"},{\"@type\":\"ListItem\",\"position\":3,\"name\":\"Round Lab Soybean Cleanser 150ml\"}]},{\"@type\":\"WebSite\",\"@id\":\"https:\\\/\\\/www.facecorner.lv\\\/#website\",\"url\":\"https:\\\/\\\/www.facecorner.lv\\\/\",\"name\":\"Facecorner\",\"description\":\"\",\"publisher\":{\"@id\":\"https:\\\/\\\/www.facecorner.lv\\\/#organization\"},\"potentialAction\":[{\"@type\":\"SearchAction\",\"target\":{\"@type\":\"EntryPoint\",\"urlTemplate\":\"https:\\\/\\\/www.facecorner.lv\\\/?s={search_term_string}\"},\"query-input\":{\"@type\":\"PropertyValueSpecification\",\"valueRequired\":true,\"valueName\":\"search_term_string\"}}],\"inLanguage\":\"en-US\"},{\"@type\":\"Organization\",\"@id\":\"https:\\\/\\\/www.facecorner.lv\\\/#organization\",\"name\":\"Facecorner\",\"url\":\"https:\\\/\\\/www.facecorner.lv\\\/\",\"logo\":{\"@type\":\"ImageObject\",\"inLanguage\":\"en-US\",\"@id\":\"https:\\\/\\\/www.facecorner.lv\\\/#\\\/schema\\\/logo\\\/image\\\/\",\"url\":\"https:\\\/\\\/www.facecorner.lv\\\/wp-content\\\/uploads\\\/2024\\\/04\\\/fc-logo.jpg\",\"contentUrl\":\"https:\\\/\\\/www.facecorner.lv\\\/wp-content\\\/uploads\\\/2024\\\/04\\\/fc-logo.jpg\",\"width\":174,\"height\":28,\"caption\":\"Facecorner\"},\"image\":{\"@id\":\"https:\\\/\\\/www.facecorner.lv\\\/#\\\/schema\\\/logo\\\/image\\\/\"},\"sameAs\":[\"https:\\\/\\\/www.facebook.com\\\/profile.php?id=100063824551839\",\"https:\\\/\\\/www.instagram.com\\\/facecorner_shop\\\/\"]}]}<\/script>\n<meta property=\"product:price:amount\" content=\"23.00\" \/>\n<meta property=\"product:price:currency\" content=\"EUR\" \/>\n<meta property=\"og:availability\" content=\"instock\" \/>\n<meta property=\"product:availability\" content=\"instock\" \/>\n<meta property=\"product:condition\" content=\"new\" \/>\n<!-- \/ Yoast SEO plugin. -->","yoast_head_json":{"title":"Round Lab Soybean Cleanser 150ml - FACECORNER","robots":{"index":"index","follow":"follow","max-snippet":"max-snippet:-1","max-image-preview":"max-image-preview:large","max-video-preview":"max-video-preview:-1"},"canonical":"https:\/\/www.facecorner.lv\/en\/shop\/round-lab-soybean-cleanser-150ml\/","og_locale":"en_US","og_type":"article","og_title":"Round Lab Soybean Cleanser 150ml - FACECORNER","og_description":"Round Lab Sojas pupi\u0146u att\u012bro\u0161ais putu skrubis Round Lab Sojas pupi\u0146u att\u012bro\u0161ais putu skrubis ar maigu, kr\u0113m\u012bgu tekst\u016bru maigi att\u012bra, no\u0146em net\u012brumus un putek\u013cus, izl\u012bdzina un m\u012bkstina \u0101du. Tas ar\u012b att\u012bra poras, likvid\u0113jot lieko sebumu un atmiru\u0161\u0101s da\u013ci\u0146as, t\u0101d\u0113j\u0101di nov\u0113r\u0161ot poru aizs\u0113r\u0113\u0161anu un komedonu veido\u0161anos. Barojo\u0161\u0101s putas nerada kairin\u0101jumu, sausumu, lob\u012b\u0161anos un sasprindzin\u0101jumu, p\u0113c mazg\u0101\u0161anas [&hellip;]","og_url":"https:\/\/www.facecorner.lv\/en\/shop\/round-lab-soybean-cleanser-150ml\/","og_site_name":"FACECORNER","article_publisher":"https:\/\/www.facebook.com\/profile.php?id=100063824551839","article_modified_time":"2024-12-05T16:43:43+00:00","og_image":[{"width":2048,"height":2048,"url":"https:\/\/www.facecorner.lv\/wp-content\/uploads\/2024\/03\/soybean-nourishing-cleanser-round-lab-2_2048x2048.png.webp","type":"image\/webp"}],"twitter_card":"summary_large_image","twitter_misc":{"Price":"&euro;23.00","Availability":"In stock"},"schema":{"@context":"https:\/\/schema.org","@graph":[{"@type":"WebPage","@id":"https:\/\/www.facecorner.lv\/shop\/round-lab-soybean-cleanser-150ml\/","url":"https:\/\/www.facecorner.lv\/shop\/round-lab-soybean-cleanser-150ml\/","name":"Round Lab Soybean Cleanser 150ml - FACECORNER","isPartOf":{"@id":"https:\/\/www.facecorner.lv\/#website"},"primaryImageOfPage":{"@id":"https:\/\/www.facecorner.lv\/shop\/round-lab-soybean-cleanser-150ml\/#primaryimage"},"image":{"@id":"https:\/\/www.facecorner.lv\/shop\/round-lab-soybean-cleanser-150ml\/#primaryimage"},"thumbnailUrl":"https:\/\/www.facecorner.lv\/wp-content\/uploads\/2024\/03\/soybean-nourishing-cleanser-round-lab-2_2048x2048.png.webp","datePublished":"2024-03-23T11:28:27+00:00","dateModified":"2024-12-05T16:43:43+00:00","breadcrumb":{"@id":"https:\/\/www.facecorner.lv\/shop\/round-lab-soybean-cleanser-150ml\/#breadcrumb"},"inLanguage":"en-US","potentialAction":[{"@type":"ReadAction","target":["https:\/\/www.facecorner.lv\/shop\/round-lab-soybean-cleanser-150ml\/"]}]},{"@type":"ImageObject","inLanguage":"en-US","@id":"https:\/\/www.facecorner.lv\/shop\/round-lab-soybean-cleanser-150ml\/#primaryimage","url":"https:\/\/www.facecorner.lv\/wp-content\/uploads\/2024\/03\/soybean-nourishing-cleanser-round-lab-2_2048x2048.png.webp","contentUrl":"https:\/\/www.facecorner.lv\/wp-content\/uploads\/2024\/03\/soybean-nourishing-cleanser-round-lab-2_2048x2048.png.webp","width":2048,"height":2048},{"@type":"BreadcrumbList","@id":"https:\/\/www.facecorner.lv\/shop\/round-lab-soybean-cleanser-150ml\/#breadcrumb","itemListElement":[{"@type":"ListItem","position":1,"name":"Home","item":"https:\/\/www.facecorner.lv\/"},{"@type":"ListItem","position":2,"name":"Veikals","item":"https:\/\/www.facecorner.lv\/shop\/"},{"@type":"ListItem","position":3,"name":"Round Lab Soybean Cleanser 150ml"}]},{"@type":"WebSite","@id":"https:\/\/www.facecorner.lv\/#website","url":"https:\/\/www.facecorner.lv\/","name":"Facecorner","description":"","publisher":{"@id":"https:\/\/www.facecorner.lv\/#organization"},"potentialAction":[{"@type":"SearchAction","target":{"@type":"EntryPoint","urlTemplate":"https:\/\/www.facecorner.lv\/?s={search_term_string}"},"query-input":{"@type":"PropertyValueSpecification","valueRequired":true,"valueName":"search_term_string"}}],"inLanguage":"en-US"},{"@type":"Organization","@id":"https:\/\/www.facecorner.lv\/#organization","name":"Facecorner","url":"https:\/\/www.facecorner.lv\/","logo":{"@type":"ImageObject","inLanguage":"en-US","@id":"https:\/\/www.facecorner.lv\/#\/schema\/logo\/image\/","url":"https:\/\/www.facecorner.lv\/wp-content\/uploads\/2024\/04\/fc-logo.jpg","contentUrl":"https:\/\/www.facecorner.lv\/wp-content\/uploads\/2024\/04\/fc-logo.jpg","width":174,"height":28,"caption":"Facecorner"},"image":{"@id":"https:\/\/www.facecorner.lv\/#\/schema\/logo\/image\/"},"sameAs":["https:\/\/www.facebook.com\/profile.php?id=100063824551839","https:\/\/www.instagram.com\/facecorner_shop\/"]}]},"product_price_amount":"23.00","product_price_currency":"EUR","og_availability":"instock","product_availability":"instock","product_condition":"new"},"_links":{"self":[{"href":"https:\/\/www.facecorner.lv\/en\/wp-json\/wp\/v2\/product\/14735","targetHints":{"allow":["GET"]}}],"collection":[{"href":"https:\/\/www.facecorner.lv\/en\/wp-json\/wp\/v2\/product"}],"about":[{"href":"https:\/\/www.facecorner.lv\/en\/wp-json\/wp\/v2\/types\/product"}],"replies":[{"embeddable":true,"href":"https:\/\/www.facecorner.lv\/en\/wp-json\/wp\/v2\/comments?post=14735"}],"wp:featuredmedia":[{"embeddable":true,"href":"https:\/\/www.facecorner.lv\/en\/wp-json\/wp\/v2\/media\/14736"}],"wp:attachment":[{"href":"https:\/\/www.facecorner.lv\/en\/wp-json\/wp\/v2\/media?parent=14735"}],"wp:term":[{"taxonomy":"product_brand","embeddable":true,"href":"https:\/\/www.facecorner.lv\/en\/wp-json\/wp\/v2\/product_brand?post=14735"},{"taxonomy":"product_cat","embeddable":true,"href":"https:\/\/www.facecorner.lv\/en\/wp-json\/wp\/v2\/product_cat?post=14735"},{"taxonomy":"product_tag","embeddable":true,"href":"https:\/\/www.facecorner.lv\/en\/wp-json\/wp\/v2\/product_tag?post=14735"},{"taxonomy":"berocket_brand","embeddable":true,"href":"https:\/\/www.facecorner.lv\/en\/wp-json\/wp\/v2\/berocket_brand?post=14735"}],"curies":[{"name":"wp","href":"https:\/\/api.w.org\/{rel}","templated":true}]}}