{"id":14609,"date":"2024-03-10T20:52:46","date_gmt":"2024-03-10T18:52:46","guid":{"rendered":"https:\/\/www.facecorner.lv\/?post_type=product&#038;p=14609"},"modified":"2025-04-06T07:44:05","modified_gmt":"2025-04-06T04:44:05","slug":"axis-y-mugwort-green-vital-energy-complex-sheet-mask","status":"publish","type":"product","link":"https:\/\/www.facecorner.lv\/en\/shop\/axis-y-mugwort-green-vital-energy-complex-sheet-mask\/","title":{"rendered":"AXIS-Y Mugwort Green Vital Energy Complex Sheet Mask"},"content":{"rendered":"<p>Axis-Y Green Vital Energy Complex audu maska satur da\u017e\u0101das sast\u0101vda\u013cas, kas baro, mitrina un m\u012bkstina dermu, regul\u0113 sebuma veido\u0161anos, nov\u0113r\u0161 aps\u0101rtumu un iekaisumus, nomierina kairin\u0101jumu, piem\u0113rota visiem \u0101das tipiem.<\/p>\n<p>Mugurenei piem\u012bt unik\u0101las kosm\u0113tisk\u0101s \u012bpa\u0161\u012bbas, t\u0101 atjauno un toniz\u0113 dermu, izgaismo pigmenta plankumus, iedarbojas izn\u012bcino\u0161i uz patog\u0113no mikrofloru, pal\u012bdz saglab\u0101t epidermas jaun\u012bbu un vesel\u012bbu.<\/p>\n<p>N\u0101trija hialuron\u0101ts iek\u013c\u016bst dzi\u013cos audu sl\u0101\u0146os, saglab\u0101 mitruma molekulas, uztur optim\u0101lu mitrin\u0101\u0161anas l\u012bmeni.<\/p>\n<p>Centellas ekstrakts stiprina kapil\u0101ru sieni\u0146as, c\u012bn\u0101s pret br\u012bvajiem radik\u0101\u013ciem, aizsarg\u0101 pret ultraviolet\u0101 starojuma un citu nelabv\u0113l\u012bgu vides faktoru negat\u012bvo ietekmi, lieliski izl\u012bdzina grumbas. Maska ir bag\u0101t\u012bgi pies\u016bcin\u0101ta, cie\u0161i piegu\u013c \u0101dai, hipoaler\u0123iska.<\/p>\n<p><strong>Ingredientes:<\/strong> <span style=\"color: var(--g5-color-text-main); font-family: var(--g5-body-font); font-size: var(--g5-body-font-size); font-style: var(--g5-body-font-style); letter-spacing: var(--g5-body-letter-spacing); text-transform: var(--g5-body-text-transform);\">Artemisia Capillaris Extract, Water, Dipropylene Glycol, Glycerin, 1,2-Hexanediol, Butylene Glycol, Centella Asiatica Extract, Melia Azadirachta Leaf Extract, Sodium Hyaluronate, Polygonum Cuspidatum Root Extract, Scutellaria Baicalensis Root Extract, Melia Azadirachta Flower Extract, Camellia Sinensis Leaf Extract, Glycyrrhiza Uralensis (Licorice) Root Extract, Eucalyptus Globulus Leaf Oil, Chamomilla Recutita (Matricaria) Flower Extract, Rosmarinus Officinalis (Rosemary) Leaf Extract, Dextrin, Salvia Officinalis (Sage) Oil, Juniperus Mexicana Oil, Paeonia Suffruticosa Root Extract, Brassica Oleracea Capitata (Cabbage) Leaf Extract, Hibiscus Esculentus Fruit Extract, Spinacia Oleracea (Spinach) Leaf Extract, Brassica Oleracea Italica (Broccoli) Extract, Artemisia Princeps Leaf Water, Carbomer, Allantoin, Tromethamine, Polyglyceryl-10 Laurate, Hydroxyacetophenone, Caprylyl Glycol, Xanthan Gum, Sodium Phytate, Caramel, Dipotassium Glycyrrhizate, Ethylhexylglycerin.<\/span><\/p>\n<div class=\"tab-content\">\n<div id=\"delivery\" class=\"tab-pane fade\" role=\"tabpanel\"><\/div>\n<\/div>\n<p>&nbsp;<\/p>","protected":false},"excerpt":{"rendered":"<p>Axis-Y Green Vital Energy Complex audu maska satur da\u017e\u0101das sast\u0101vda\u013cas, kas baro, mitrina un m\u012bkstina dermu, regul\u0113 sebuma veido\u0161anos, nov\u0113r\u0161 aps\u0101rtumu un iekaisumus, nomierina kairin\u0101jumu, piem\u0113rota visiem \u0101das tipiem. Mugurenei piem\u012bt unik\u0101las kosm\u0113tisk\u0101s \u012bpa\u0161\u012bbas, t\u0101 atjauno un toniz\u0113 dermu, izgaismo pigmenta plankumus, iedarbojas izn\u012bcino\u0161i uz patog\u0113no mikrofloru, pal\u012bdz saglab\u0101t epidermas jaun\u012bbu un vesel\u012bbu. N\u0101trija hialuron\u0101ts [&hellip;]<\/p>\n","protected":false},"featured_media":14610,"comment_status":"open","ping_status":"closed","template":"","meta":{"site-sidebar-layout":"default","site-content-layout":"","ast-site-content-layout":"default","site-content-style":"default","site-sidebar-style":"default","ast-global-header-display":"","ast-banner-title-visibility":"","ast-main-header-display":"","ast-hfb-above-header-display":"","ast-hfb-below-header-display":"","ast-hfb-mobile-header-display":"","site-post-title":"","ast-breadcrumbs-content":"","ast-featured-img":"","footer-sml-layout":"","theme-transparent-header-meta":"default","adv-header-id-meta":"","stick-header-meta":"","header-above-stick-meta":"","header-main-stick-meta":"","header-below-stick-meta":"","astra-migrate-meta-layouts":"set","ast-page-background-enabled":"default","ast-page-background-meta":{"desktop":{"background-color":"var(--ast-global-color-4)","background-image":"","background-repeat":"repeat","background-position":"center center","background-size":"auto","background-attachment":"scroll","background-type":"","background-media":"","overlay-type":"","overlay-color":"","overlay-opacity":"","overlay-gradient":""},"tablet":{"background-color":"","background-image":"","background-repeat":"repeat","background-position":"center center","background-size":"auto","background-attachment":"scroll","background-type":"","background-media":"","overlay-type":"","overlay-color":"","overlay-opacity":"","overlay-gradient":""},"mobile":{"background-color":"","background-image":"","background-repeat":"repeat","background-position":"center center","background-size":"auto","background-attachment":"scroll","background-type":"","background-media":"","overlay-type":"","overlay-color":"","overlay-opacity":"","overlay-gradient":""}},"ast-content-background-meta":{"desktop":{"background-color":"var(--ast-global-color-5)","background-image":"","background-repeat":"repeat","background-position":"center center","background-size":"auto","background-attachment":"scroll","background-type":"","background-media":"","overlay-type":"","overlay-color":"","overlay-opacity":"","overlay-gradient":""},"tablet":{"background-color":"var(--ast-global-color-5)","background-image":"","background-repeat":"repeat","background-position":"center center","background-size":"auto","background-attachment":"scroll","background-type":"","background-media":"","overlay-type":"","overlay-color":"","overlay-opacity":"","overlay-gradient":""},"mobile":{"background-color":"var(--ast-global-color-5)","background-image":"","background-repeat":"repeat","background-position":"center center","background-size":"auto","background-attachment":"scroll","background-type":"","background-media":"","overlay-type":"","overlay-color":"","overlay-opacity":"","overlay-gradient":""}}},"product_brand":[],"product_cat":[324,315],"product_tag":[],"berocket_brand":[577],"class_list":{"0":"post-14609","1":"product","2":"type-product","3":"status-publish","4":"has-post-thumbnail","6":"product_cat-auduma","7":"product_cat-maskas","8":"berocket_brand-axis-y","9":"desktop-align-left","10":"tablet-align-left","11":"mobile-align-left","13":"first","14":"instock","15":"taxable","16":"shipping-taxable","17":"purchasable","18":"product-type-simple","19":"add-to-wishlist-before_image"},"yoast_head":"<!-- This site is optimized with the Yoast SEO plugin v27.4 - https:\/\/yoast.com\/product\/yoast-seo-wordpress\/ -->\n<title>AXIS-Y Mugwort Green Vital Energy Complex Sheet Mask - FACECORNER<\/title>\n<meta name=\"robots\" content=\"index, follow, max-snippet:-1, max-image-preview:large, max-video-preview:-1\" \/>\n<link rel=\"canonical\" href=\"https:\/\/www.facecorner.lv\/en\/shop\/axis-y-mugwort-green-vital-energy-complex-sheet-mask\/\" \/>\n<meta property=\"og:locale\" content=\"en_US\" \/>\n<meta property=\"og:type\" content=\"article\" \/>\n<meta property=\"og:title\" content=\"AXIS-Y Mugwort Green Vital Energy Complex Sheet Mask - FACECORNER\" \/>\n<meta property=\"og:description\" content=\"Axis-Y Green Vital Energy Complex audu maska satur da\u017e\u0101das sast\u0101vda\u013cas, kas baro, mitrina un m\u012bkstina dermu, regul\u0113 sebuma veido\u0161anos, nov\u0113r\u0161 aps\u0101rtumu un iekaisumus, nomierina kairin\u0101jumu, piem\u0113rota visiem \u0101das tipiem. Mugurenei piem\u012bt unik\u0101las kosm\u0113tisk\u0101s \u012bpa\u0161\u012bbas, t\u0101 atjauno un toniz\u0113 dermu, izgaismo pigmenta plankumus, iedarbojas izn\u012bcino\u0161i uz patog\u0113no mikrofloru, pal\u012bdz saglab\u0101t epidermas jaun\u012bbu un vesel\u012bbu. N\u0101trija hialuron\u0101ts [&hellip;]\" \/>\n<meta property=\"og:url\" content=\"https:\/\/www.facecorner.lv\/en\/shop\/axis-y-mugwort-green-vital-energy-complex-sheet-mask\/\" \/>\n<meta property=\"og:site_name\" content=\"FACECORNER\" \/>\n<meta property=\"article:publisher\" content=\"https:\/\/www.facebook.com\/profile.php?id=100063824551839\" \/>\n<meta property=\"article:modified_time\" content=\"2025-04-06T04:44:05+00:00\" \/>\n<meta property=\"og:image\" content=\"https:\/\/www.facecorner.lv\/wp-content\/uploads\/2024\/03\/product_images_1641280169.43f0e35995f7c47929508ce288f019a31641302131.jpg.webp\" \/>\n\t<meta property=\"og:image:width\" content=\"800\" \/>\n\t<meta property=\"og:image:height\" content=\"800\" \/>\n\t<meta property=\"og:image:type\" content=\"image\/webp\" \/>\n<meta name=\"twitter:card\" content=\"summary_large_image\" \/>\n<meta name=\"twitter:label1\" content=\"Price\" \/>\n\t<meta name=\"twitter:data1\" content=\"&euro;4.90\" \/>\n\t<meta name=\"twitter:label2\" content=\"Availability\" \/>\n\t<meta name=\"twitter:data2\" content=\"In stock\" \/>\n<script type=\"application\/ld+json\" class=\"yoast-schema-graph\">{\"@context\":\"https:\\\/\\\/schema.org\",\"@graph\":[{\"@type\":\"WebPage\",\"@id\":\"https:\\\/\\\/www.facecorner.lv\\\/shop\\\/axis-y-mugwort-green-vital-energy-complex-sheet-mask\\\/\",\"url\":\"https:\\\/\\\/www.facecorner.lv\\\/shop\\\/axis-y-mugwort-green-vital-energy-complex-sheet-mask\\\/\",\"name\":\"AXIS-Y Mugwort Green Vital Energy Complex Sheet Mask - FACECORNER\",\"isPartOf\":{\"@id\":\"https:\\\/\\\/www.facecorner.lv\\\/#website\"},\"primaryImageOfPage\":{\"@id\":\"https:\\\/\\\/www.facecorner.lv\\\/shop\\\/axis-y-mugwort-green-vital-energy-complex-sheet-mask\\\/#primaryimage\"},\"image\":{\"@id\":\"https:\\\/\\\/www.facecorner.lv\\\/shop\\\/axis-y-mugwort-green-vital-energy-complex-sheet-mask\\\/#primaryimage\"},\"thumbnailUrl\":\"https:\\\/\\\/www.facecorner.lv\\\/wp-content\\\/uploads\\\/2024\\\/03\\\/product_images_1641280169.43f0e35995f7c47929508ce288f019a31641302131.jpg.webp\",\"datePublished\":\"2024-03-10T18:52:46+00:00\",\"dateModified\":\"2025-04-06T04:44:05+00:00\",\"breadcrumb\":{\"@id\":\"https:\\\/\\\/www.facecorner.lv\\\/shop\\\/axis-y-mugwort-green-vital-energy-complex-sheet-mask\\\/#breadcrumb\"},\"inLanguage\":\"en-US\",\"potentialAction\":[{\"@type\":\"ReadAction\",\"target\":[\"https:\\\/\\\/www.facecorner.lv\\\/shop\\\/axis-y-mugwort-green-vital-energy-complex-sheet-mask\\\/\"]}]},{\"@type\":\"ImageObject\",\"inLanguage\":\"en-US\",\"@id\":\"https:\\\/\\\/www.facecorner.lv\\\/shop\\\/axis-y-mugwort-green-vital-energy-complex-sheet-mask\\\/#primaryimage\",\"url\":\"https:\\\/\\\/www.facecorner.lv\\\/wp-content\\\/uploads\\\/2024\\\/03\\\/product_images_1641280169.43f0e35995f7c47929508ce288f019a31641302131.jpg.webp\",\"contentUrl\":\"https:\\\/\\\/www.facecorner.lv\\\/wp-content\\\/uploads\\\/2024\\\/03\\\/product_images_1641280169.43f0e35995f7c47929508ce288f019a31641302131.jpg.webp\",\"width\":800,\"height\":800},{\"@type\":\"BreadcrumbList\",\"@id\":\"https:\\\/\\\/www.facecorner.lv\\\/shop\\\/axis-y-mugwort-green-vital-energy-complex-sheet-mask\\\/#breadcrumb\",\"itemListElement\":[{\"@type\":\"ListItem\",\"position\":1,\"name\":\"Home\",\"item\":\"https:\\\/\\\/www.facecorner.lv\\\/\"},{\"@type\":\"ListItem\",\"position\":2,\"name\":\"Veikals\",\"item\":\"https:\\\/\\\/www.facecorner.lv\\\/shop\\\/\"},{\"@type\":\"ListItem\",\"position\":3,\"name\":\"AXIS-Y Mugwort Green Vital Energy Complex Sheet Mask\"}]},{\"@type\":\"WebSite\",\"@id\":\"https:\\\/\\\/www.facecorner.lv\\\/#website\",\"url\":\"https:\\\/\\\/www.facecorner.lv\\\/\",\"name\":\"Facecorner\",\"description\":\"\",\"publisher\":{\"@id\":\"https:\\\/\\\/www.facecorner.lv\\\/#organization\"},\"potentialAction\":[{\"@type\":\"SearchAction\",\"target\":{\"@type\":\"EntryPoint\",\"urlTemplate\":\"https:\\\/\\\/www.facecorner.lv\\\/?s={search_term_string}\"},\"query-input\":{\"@type\":\"PropertyValueSpecification\",\"valueRequired\":true,\"valueName\":\"search_term_string\"}}],\"inLanguage\":\"en-US\"},{\"@type\":\"Organization\",\"@id\":\"https:\\\/\\\/www.facecorner.lv\\\/#organization\",\"name\":\"Facecorner\",\"url\":\"https:\\\/\\\/www.facecorner.lv\\\/\",\"logo\":{\"@type\":\"ImageObject\",\"inLanguage\":\"en-US\",\"@id\":\"https:\\\/\\\/www.facecorner.lv\\\/#\\\/schema\\\/logo\\\/image\\\/\",\"url\":\"https:\\\/\\\/www.facecorner.lv\\\/wp-content\\\/uploads\\\/2024\\\/04\\\/fc-logo.jpg\",\"contentUrl\":\"https:\\\/\\\/www.facecorner.lv\\\/wp-content\\\/uploads\\\/2024\\\/04\\\/fc-logo.jpg\",\"width\":174,\"height\":28,\"caption\":\"Facecorner\"},\"image\":{\"@id\":\"https:\\\/\\\/www.facecorner.lv\\\/#\\\/schema\\\/logo\\\/image\\\/\"},\"sameAs\":[\"https:\\\/\\\/www.facebook.com\\\/profile.php?id=100063824551839\",\"https:\\\/\\\/www.instagram.com\\\/facecorner_shop\\\/\"]}]}<\/script>\n<meta property=\"product:price:amount\" content=\"4.90\" \/>\n<meta property=\"product:price:currency\" content=\"EUR\" \/>\n<meta property=\"og:availability\" content=\"instock\" \/>\n<meta property=\"product:availability\" content=\"instock\" \/>\n<meta property=\"product:condition\" content=\"new\" \/>\n<!-- \/ Yoast SEO plugin. -->","yoast_head_json":{"title":"AXIS-Y Mugwort Green Vital Energy Complex Sheet Mask - FACECORNER","robots":{"index":"index","follow":"follow","max-snippet":"max-snippet:-1","max-image-preview":"max-image-preview:large","max-video-preview":"max-video-preview:-1"},"canonical":"https:\/\/www.facecorner.lv\/en\/shop\/axis-y-mugwort-green-vital-energy-complex-sheet-mask\/","og_locale":"en_US","og_type":"article","og_title":"AXIS-Y Mugwort Green Vital Energy Complex Sheet Mask - FACECORNER","og_description":"Axis-Y Green Vital Energy Complex audu maska satur da\u017e\u0101das sast\u0101vda\u013cas, kas baro, mitrina un m\u012bkstina dermu, regul\u0113 sebuma veido\u0161anos, nov\u0113r\u0161 aps\u0101rtumu un iekaisumus, nomierina kairin\u0101jumu, piem\u0113rota visiem \u0101das tipiem. Mugurenei piem\u012bt unik\u0101las kosm\u0113tisk\u0101s \u012bpa\u0161\u012bbas, t\u0101 atjauno un toniz\u0113 dermu, izgaismo pigmenta plankumus, iedarbojas izn\u012bcino\u0161i uz patog\u0113no mikrofloru, pal\u012bdz saglab\u0101t epidermas jaun\u012bbu un vesel\u012bbu. N\u0101trija hialuron\u0101ts [&hellip;]","og_url":"https:\/\/www.facecorner.lv\/en\/shop\/axis-y-mugwort-green-vital-energy-complex-sheet-mask\/","og_site_name":"FACECORNER","article_publisher":"https:\/\/www.facebook.com\/profile.php?id=100063824551839","article_modified_time":"2025-04-06T04:44:05+00:00","og_image":[{"width":800,"height":800,"url":"https:\/\/www.facecorner.lv\/wp-content\/uploads\/2024\/03\/product_images_1641280169.43f0e35995f7c47929508ce288f019a31641302131.jpg.webp","type":"image\/webp"}],"twitter_card":"summary_large_image","twitter_misc":{"Price":"&euro;4.90","Availability":"In stock"},"schema":{"@context":"https:\/\/schema.org","@graph":[{"@type":"WebPage","@id":"https:\/\/www.facecorner.lv\/shop\/axis-y-mugwort-green-vital-energy-complex-sheet-mask\/","url":"https:\/\/www.facecorner.lv\/shop\/axis-y-mugwort-green-vital-energy-complex-sheet-mask\/","name":"AXIS-Y Mugwort Green Vital Energy Complex Sheet Mask - FACECORNER","isPartOf":{"@id":"https:\/\/www.facecorner.lv\/#website"},"primaryImageOfPage":{"@id":"https:\/\/www.facecorner.lv\/shop\/axis-y-mugwort-green-vital-energy-complex-sheet-mask\/#primaryimage"},"image":{"@id":"https:\/\/www.facecorner.lv\/shop\/axis-y-mugwort-green-vital-energy-complex-sheet-mask\/#primaryimage"},"thumbnailUrl":"https:\/\/www.facecorner.lv\/wp-content\/uploads\/2024\/03\/product_images_1641280169.43f0e35995f7c47929508ce288f019a31641302131.jpg.webp","datePublished":"2024-03-10T18:52:46+00:00","dateModified":"2025-04-06T04:44:05+00:00","breadcrumb":{"@id":"https:\/\/www.facecorner.lv\/shop\/axis-y-mugwort-green-vital-energy-complex-sheet-mask\/#breadcrumb"},"inLanguage":"en-US","potentialAction":[{"@type":"ReadAction","target":["https:\/\/www.facecorner.lv\/shop\/axis-y-mugwort-green-vital-energy-complex-sheet-mask\/"]}]},{"@type":"ImageObject","inLanguage":"en-US","@id":"https:\/\/www.facecorner.lv\/shop\/axis-y-mugwort-green-vital-energy-complex-sheet-mask\/#primaryimage","url":"https:\/\/www.facecorner.lv\/wp-content\/uploads\/2024\/03\/product_images_1641280169.43f0e35995f7c47929508ce288f019a31641302131.jpg.webp","contentUrl":"https:\/\/www.facecorner.lv\/wp-content\/uploads\/2024\/03\/product_images_1641280169.43f0e35995f7c47929508ce288f019a31641302131.jpg.webp","width":800,"height":800},{"@type":"BreadcrumbList","@id":"https:\/\/www.facecorner.lv\/shop\/axis-y-mugwort-green-vital-energy-complex-sheet-mask\/#breadcrumb","itemListElement":[{"@type":"ListItem","position":1,"name":"Home","item":"https:\/\/www.facecorner.lv\/"},{"@type":"ListItem","position":2,"name":"Veikals","item":"https:\/\/www.facecorner.lv\/shop\/"},{"@type":"ListItem","position":3,"name":"AXIS-Y Mugwort Green Vital Energy Complex Sheet Mask"}]},{"@type":"WebSite","@id":"https:\/\/www.facecorner.lv\/#website","url":"https:\/\/www.facecorner.lv\/","name":"Facecorner","description":"","publisher":{"@id":"https:\/\/www.facecorner.lv\/#organization"},"potentialAction":[{"@type":"SearchAction","target":{"@type":"EntryPoint","urlTemplate":"https:\/\/www.facecorner.lv\/?s={search_term_string}"},"query-input":{"@type":"PropertyValueSpecification","valueRequired":true,"valueName":"search_term_string"}}],"inLanguage":"en-US"},{"@type":"Organization","@id":"https:\/\/www.facecorner.lv\/#organization","name":"Facecorner","url":"https:\/\/www.facecorner.lv\/","logo":{"@type":"ImageObject","inLanguage":"en-US","@id":"https:\/\/www.facecorner.lv\/#\/schema\/logo\/image\/","url":"https:\/\/www.facecorner.lv\/wp-content\/uploads\/2024\/04\/fc-logo.jpg","contentUrl":"https:\/\/www.facecorner.lv\/wp-content\/uploads\/2024\/04\/fc-logo.jpg","width":174,"height":28,"caption":"Facecorner"},"image":{"@id":"https:\/\/www.facecorner.lv\/#\/schema\/logo\/image\/"},"sameAs":["https:\/\/www.facebook.com\/profile.php?id=100063824551839","https:\/\/www.instagram.com\/facecorner_shop\/"]}]},"product_price_amount":"4.90","product_price_currency":"EUR","og_availability":"instock","product_availability":"instock","product_condition":"new"},"_links":{"self":[{"href":"https:\/\/www.facecorner.lv\/en\/wp-json\/wp\/v2\/product\/14609","targetHints":{"allow":["GET"]}}],"collection":[{"href":"https:\/\/www.facecorner.lv\/en\/wp-json\/wp\/v2\/product"}],"about":[{"href":"https:\/\/www.facecorner.lv\/en\/wp-json\/wp\/v2\/types\/product"}],"replies":[{"embeddable":true,"href":"https:\/\/www.facecorner.lv\/en\/wp-json\/wp\/v2\/comments?post=14609"}],"wp:featuredmedia":[{"embeddable":true,"href":"https:\/\/www.facecorner.lv\/en\/wp-json\/wp\/v2\/media\/14610"}],"wp:attachment":[{"href":"https:\/\/www.facecorner.lv\/en\/wp-json\/wp\/v2\/media?parent=14609"}],"wp:term":[{"taxonomy":"product_brand","embeddable":true,"href":"https:\/\/www.facecorner.lv\/en\/wp-json\/wp\/v2\/product_brand?post=14609"},{"taxonomy":"product_cat","embeddable":true,"href":"https:\/\/www.facecorner.lv\/en\/wp-json\/wp\/v2\/product_cat?post=14609"},{"taxonomy":"product_tag","embeddable":true,"href":"https:\/\/www.facecorner.lv\/en\/wp-json\/wp\/v2\/product_tag?post=14609"},{"taxonomy":"berocket_brand","embeddable":true,"href":"https:\/\/www.facecorner.lv\/en\/wp-json\/wp\/v2\/berocket_brand?post=14609"}],"curies":[{"name":"wp","href":"https:\/\/api.w.org\/{rel}","templated":true}]}}