{"id":14597,"date":"2024-03-10T20:04:59","date_gmt":"2024-03-10T18:04:59","guid":{"rendered":"https:\/\/www.facecorner.lv\/?post_type=product&#038;p=14597"},"modified":"2025-01-20T23:59:34","modified_gmt":"2025-01-20T20:59:34","slug":"dr-jart-ctrl-a-teatreement-toner-tonique-120ml","status":"publish","type":"product","link":"https:\/\/www.facecorner.lv\/en\/shop\/dr-jart-ctrl-a-teatreement-toner-tonique-120ml\/","title":{"rendered":"Dr.Jart+ Ctrl-A Teatreement Toner Tonique 120ml"},"content":{"rendered":"<p>Dr.Jart+ Ctrl-A Teatreement Toniks Tonique pal\u012bdz normaliz\u0113t sebuma veido\u0161anos, samazina \u0101das taukain\u012bbu un mat\u0113 \u0101du.<\/p>\n<p>Toniks atjauno optim\u0101lu epidermas sk\u0101bju un s\u0101rmu l\u012bdzsvaru, pal\u012bdz \u0101rst\u0113t pinnes, mazina iekaisumu un nomierina iekaisu\u0161o \u0101du.<br \/>\nL\u012bdzeklis atdz\u012bvina \u0101du, uzlabo sejas kr\u0101su un nov\u0113r\u0161 aps\u0101rtumu. Toniks nov\u0113r\u0161 sausumu un sasprindzin\u0101jumu p\u0113c mazg\u0101\u0161anas, sagatavo \u0101du turpm\u0101kai kop\u0161anai un tam ir izteikta antibakteri\u0101la iedarb\u012bba.<\/p>\n<p>Tonera sk\u0101bju un s\u0101rmu l\u012bmenis pH-5,5 atbilst vesel\u012bgas \u0101das optim\u0101lajam pH l\u012bmenim. Tas lieliski m\u012bkstina, nov\u0113r\u0161 sausumu un neitraliz\u0113 teko\u0161a \u016bdens agres\u012bvo iedarb\u012bbu.<\/p>\n<p>\u012apa\u0161ais Za\u013cais nomierino\u0161ais komplekss nomierina p\u0113c mazg\u0101\u0161anas kairin\u0101tu \u0101du, acumirkl\u012b atjauno optim\u0101lu mitrin\u0101\u0161anu un normaliz\u0113 \u016bdens un tauku l\u012bdzsvaru.<\/p>\n<p><strong>Main active ingredients:<\/strong><\/p>\n<ul>\n<li>T\u0113jas koka lapu ekstrakts (10 000 ppm) nomierina \u0101du un darbojas antiseptiski, kontrol\u0113 sebuma veido\u0161anos, atjauno \u016bdens un tauku l\u012bdzsvaru, pal\u012bdz c\u012bn\u012bties ar iekaisumiem, pinn\u0113m un cit\u0101m \u0101das nepiln\u012bb\u0101m.<\/li>\n<li>T\u0113jas koka lapu e\u013c\u013ca (600 ppm) nov\u0113r\u0161 niezi, aps\u0101rtumu un kairin\u0101jumu, k\u0101 ar\u012b pal\u012bdz nov\u0113rst piet\u016bkumu. E\u013c\u013cai piem\u012bt sp\u0113ja atjaunot \u0101das formu un labot \u0101das boj\u0101jumus.<\/li>\n<li>4-terpineols (0,01 ppm) &#8211; atvasin\u0101jums, ko ieg\u016bst no t\u0113jas koka ekstrakta, ir ar izteiktu pretiekaisuma iedarb\u012bbu, nomierina kairin\u0101jumus un \u0101rst\u0113 pinnes.<\/li>\n<li>Za\u013c\u0101s t\u0113jas ekstrakts lieliski mazina kairin\u0101jumu, tam piem\u012bt antibakteri\u0101las \u012bpa\u0161\u012bbas, padara \u0101du tvirt\u0101ku un elast\u012bg\u0101ku, izl\u012bdzina grumbas, uzlabo sejas kr\u0101su.<\/li>\n<li>Alvejas ekstrakts dzi\u013ci mitrina un aizsarg\u0101 pret bakt\u0113rij\u0101m, k\u0101 ar\u012b tam piem\u012bt dziedino\u0161as \u012bpa\u0161\u012bbas. Pateicoties \u012bpa\u0161ai vielai &#8211; lign\u012bnam, ekstrakts pal\u012bdz mitrumam un vitam\u012bniem iek\u013c\u016bt dzi\u013cos \u0101das sl\u0101\u0146os. Auga sula ir bag\u0101ta ar v\u0113rt\u012bg\u0101m viel\u0101m un var uzlabot asinsriti.<\/li>\n<li>Kumel\u012b\u0161u ziedu ekstrakts labi nomierina \u0101du, mazina aps\u0101rtumu un kairin\u0101jumu, mazina iekaisumu un nov\u0113r\u0161 t\u0101 atk\u0101rtotu par\u0101d\u012b\u0161anos.<\/li>\n<\/ul>\n<p><strong>How to use:<\/strong> p\u0113c mazg\u0101\u0161anas uzkl\u0101jiet nepiecie\u0161amo tonika daudzumu ar viegl\u0101m gl\u0101sto\u0161\u0101m kust\u012bb\u0101m vai ar kokvilnas diska pal\u012bdz\u012bbu Maigi piespiediet ar plaukst\u0101m, lai toniks lab\u0101k ies\u016bktos.<\/p>\n<p><strong>Ingredientes:<\/strong> Purified water, niacinamide, propanediol, pentylene glycol, purslane extract, tea tree leaf extract, centella asiatica extract, fig extract, green tea extract, aloe vera extract, aloe vera extract, chamomile flower extract, ceylon siena Bark Extract, French Coast Pine Bark Extract,\u00a0Tea Tree Leaf Oil, Hydrogenate Dressin, Safflower Seed Oil, Octyldodeceth-16, Sodium Citrate, Spanish Licorice Root Stem \/ root, Citric Acid, Disodium ID, Capryloyl Glycine, Hexylene Glycein Kohl, allantoin, sacosine, ceramide &amp; amp; salicylic acid, camphor, silica, dolconsterol,\u00a0Linoleic acid, caprylic \/ capric triglyceride, phospholipid, 4-terpineol, methyl methacrylate crosspolymer, ethylhexylglycerine, 1,2-hexanediol<\/p>\n<p>&nbsp;<\/p>","protected":false},"excerpt":{"rendered":"<p>Dr.Jart+ Ctrl-A Teatreement Toniks Tonique pal\u012bdz normaliz\u0113t sebuma veido\u0161anos, samazina \u0101das taukain\u012bbu un mat\u0113 \u0101du. Toniks atjauno optim\u0101lu epidermas sk\u0101bju un s\u0101rmu l\u012bdzsvaru, pal\u012bdz \u0101rst\u0113t pinnes, mazina iekaisumu un nomierina iekaisu\u0161o \u0101du. L\u012bdzeklis atdz\u012bvina \u0101du, uzlabo sejas kr\u0101su un nov\u0113r\u0161 aps\u0101rtumu. Toniks nov\u0113r\u0161 sausumu un sasprindzin\u0101jumu p\u0113c mazg\u0101\u0161anas, sagatavo \u0101du turpm\u0101kai kop\u0161anai un tam ir [&hellip;]<\/p>\n","protected":false},"featured_media":14600,"comment_status":"open","ping_status":"closed","template":"","meta":{"site-sidebar-layout":"default","site-content-layout":"","ast-site-content-layout":"","site-content-style":"default","site-sidebar-style":"default","ast-global-header-display":"","ast-banner-title-visibility":"","ast-main-header-display":"","ast-hfb-above-header-display":"","ast-hfb-below-header-display":"","ast-hfb-mobile-header-display":"","site-post-title":"","ast-breadcrumbs-content":"","ast-featured-img":"","footer-sml-layout":"","theme-transparent-header-meta":"","adv-header-id-meta":"","stick-header-meta":"","header-above-stick-meta":"","header-main-stick-meta":"","header-below-stick-meta":"","astra-migrate-meta-layouts":"default","ast-page-background-enabled":"default","ast-page-background-meta":{"desktop":{"background-color":"var(--ast-global-color-4)","background-image":"","background-repeat":"repeat","background-position":"center center","background-size":"auto","background-attachment":"scroll","background-type":"","background-media":"","overlay-type":"","overlay-color":"","overlay-opacity":"","overlay-gradient":""},"tablet":{"background-color":"","background-image":"","background-repeat":"repeat","background-position":"center center","background-size":"auto","background-attachment":"scroll","background-type":"","background-media":"","overlay-type":"","overlay-color":"","overlay-opacity":"","overlay-gradient":""},"mobile":{"background-color":"","background-image":"","background-repeat":"repeat","background-position":"center center","background-size":"auto","background-attachment":"scroll","background-type":"","background-media":"","overlay-type":"","overlay-color":"","overlay-opacity":"","overlay-gradient":""}},"ast-content-background-meta":{"desktop":{"background-color":"var(--ast-global-color-5)","background-image":"","background-repeat":"repeat","background-position":"center center","background-size":"auto","background-attachment":"scroll","background-type":"","background-media":"","overlay-type":"","overlay-color":"","overlay-opacity":"","overlay-gradient":""},"tablet":{"background-color":"var(--ast-global-color-5)","background-image":"","background-repeat":"repeat","background-position":"center center","background-size":"auto","background-attachment":"scroll","background-type":"","background-media":"","overlay-type":"","overlay-color":"","overlay-opacity":"","overlay-gradient":""},"mobile":{"background-color":"var(--ast-global-color-5)","background-image":"","background-repeat":"repeat","background-position":"center center","background-size":"auto","background-attachment":"scroll","background-type":"","background-media":"","overlay-type":"","overlay-color":"","overlay-opacity":"","overlay-gradient":""}}},"product_brand":[],"product_cat":[377,364,376],"product_tag":[],"berocket_brand":[591],"class_list":{"0":"post-14597","1":"product","2":"type-product","3":"status-publish","4":"has-post-thumbnail","6":"product_cat-problematiskai-adai-toneri","7":"product_cat-toneri","8":"product_cat-kombinetai-adai-toneri","9":"berocket_brand-dr-jart","10":"desktop-align-left","11":"tablet-align-left","12":"mobile-align-left","14":"first","15":"outofstock","16":"taxable","17":"shipping-taxable","18":"purchasable","19":"product-type-simple","20":"add-to-wishlist-before_image"},"yoast_head":"<!-- This site is optimized with the Yoast SEO plugin v27.3 - https:\/\/yoast.com\/product\/yoast-seo-wordpress\/ -->\n<title>Dr.Jart+ Ctrl-A Teatreement Toner Tonique 120ml - FACECORNER<\/title>\n<meta name=\"robots\" content=\"index, follow, max-snippet:-1, max-image-preview:large, max-video-preview:-1\" \/>\n<link rel=\"canonical\" href=\"https:\/\/www.facecorner.lv\/en\/shop\/dr-jart-ctrl-a-teatreement-toner-tonique-120ml\/\" \/>\n<meta property=\"og:locale\" content=\"en_US\" \/>\n<meta property=\"og:type\" content=\"article\" \/>\n<meta property=\"og:title\" content=\"Dr.Jart+ Ctrl-A Teatreement Toner Tonique 120ml - FACECORNER\" \/>\n<meta property=\"og:description\" content=\"Dr.Jart+ Ctrl-A Teatreement Toniks Tonique pal\u012bdz normaliz\u0113t sebuma veido\u0161anos, samazina \u0101das taukain\u012bbu un mat\u0113 \u0101du. Toniks atjauno optim\u0101lu epidermas sk\u0101bju un s\u0101rmu l\u012bdzsvaru, pal\u012bdz \u0101rst\u0113t pinnes, mazina iekaisumu un nomierina iekaisu\u0161o \u0101du. L\u012bdzeklis atdz\u012bvina \u0101du, uzlabo sejas kr\u0101su un nov\u0113r\u0161 aps\u0101rtumu. Toniks nov\u0113r\u0161 sausumu un sasprindzin\u0101jumu p\u0113c mazg\u0101\u0161anas, sagatavo \u0101du turpm\u0101kai kop\u0161anai un tam ir [&hellip;]\" \/>\n<meta property=\"og:url\" content=\"https:\/\/www.facecorner.lv\/en\/shop\/dr-jart-ctrl-a-teatreement-toner-tonique-120ml\/\" \/>\n<meta property=\"og:site_name\" content=\"FACECORNER\" \/>\n<meta property=\"article:publisher\" content=\"https:\/\/www.facebook.com\/profile.php?id=100063824551839\" \/>\n<meta property=\"article:modified_time\" content=\"2025-01-20T20:59:34+00:00\" \/>\n<meta property=\"og:image\" content=\"https:\/\/www.facecorner.lv\/wp-content\/uploads\/2024\/03\/Teatree_Toner.jpg.webp\" \/>\n\t<meta property=\"og:image:width\" content=\"990\" \/>\n\t<meta property=\"og:image:height\" content=\"1065\" \/>\n\t<meta property=\"og:image:type\" content=\"image\/webp\" \/>\n<meta name=\"twitter:card\" content=\"summary_large_image\" \/>\n<meta name=\"twitter:label1\" content=\"Price\" \/>\n\t<meta name=\"twitter:data1\" content=\"&euro;22.95\" \/>\n\t<meta name=\"twitter:label2\" content=\"Availability\" \/>\n\t<meta name=\"twitter:data2\" content=\"Out of stock\" \/>\n<script type=\"application\/ld+json\" class=\"yoast-schema-graph\">{\"@context\":\"https:\\\/\\\/schema.org\",\"@graph\":[{\"@type\":\"WebPage\",\"@id\":\"https:\\\/\\\/www.facecorner.lv\\\/shop\\\/dr-jart-ctrl-a-teatreement-toner-tonique-120ml\\\/\",\"url\":\"https:\\\/\\\/www.facecorner.lv\\\/shop\\\/dr-jart-ctrl-a-teatreement-toner-tonique-120ml\\\/\",\"name\":\"Dr.Jart+ Ctrl-A Teatreement Toner Tonique 120ml - FACECORNER\",\"isPartOf\":{\"@id\":\"https:\\\/\\\/www.facecorner.lv\\\/#website\"},\"primaryImageOfPage\":{\"@id\":\"https:\\\/\\\/www.facecorner.lv\\\/shop\\\/dr-jart-ctrl-a-teatreement-toner-tonique-120ml\\\/#primaryimage\"},\"image\":{\"@id\":\"https:\\\/\\\/www.facecorner.lv\\\/shop\\\/dr-jart-ctrl-a-teatreement-toner-tonique-120ml\\\/#primaryimage\"},\"thumbnailUrl\":\"https:\\\/\\\/www.facecorner.lv\\\/wp-content\\\/uploads\\\/2024\\\/03\\\/Teatree_Toner.jpg.webp\",\"datePublished\":\"2024-03-10T18:04:59+00:00\",\"dateModified\":\"2025-01-20T20:59:34+00:00\",\"breadcrumb\":{\"@id\":\"https:\\\/\\\/www.facecorner.lv\\\/shop\\\/dr-jart-ctrl-a-teatreement-toner-tonique-120ml\\\/#breadcrumb\"},\"inLanguage\":\"en-US\",\"potentialAction\":[{\"@type\":\"ReadAction\",\"target\":[\"https:\\\/\\\/www.facecorner.lv\\\/shop\\\/dr-jart-ctrl-a-teatreement-toner-tonique-120ml\\\/\"]}]},{\"@type\":\"ImageObject\",\"inLanguage\":\"en-US\",\"@id\":\"https:\\\/\\\/www.facecorner.lv\\\/shop\\\/dr-jart-ctrl-a-teatreement-toner-tonique-120ml\\\/#primaryimage\",\"url\":\"https:\\\/\\\/www.facecorner.lv\\\/wp-content\\\/uploads\\\/2024\\\/03\\\/Teatree_Toner.jpg.webp\",\"contentUrl\":\"https:\\\/\\\/www.facecorner.lv\\\/wp-content\\\/uploads\\\/2024\\\/03\\\/Teatree_Toner.jpg.webp\",\"width\":990,\"height\":1065},{\"@type\":\"BreadcrumbList\",\"@id\":\"https:\\\/\\\/www.facecorner.lv\\\/shop\\\/dr-jart-ctrl-a-teatreement-toner-tonique-120ml\\\/#breadcrumb\",\"itemListElement\":[{\"@type\":\"ListItem\",\"position\":1,\"name\":\"Home\",\"item\":\"https:\\\/\\\/www.facecorner.lv\\\/\"},{\"@type\":\"ListItem\",\"position\":2,\"name\":\"Veikals\",\"item\":\"https:\\\/\\\/www.facecorner.lv\\\/shop\\\/\"},{\"@type\":\"ListItem\",\"position\":3,\"name\":\"Dr.Jart+ Ctrl-A Teatreement Toner Tonique 120ml\"}]},{\"@type\":\"WebSite\",\"@id\":\"https:\\\/\\\/www.facecorner.lv\\\/#website\",\"url\":\"https:\\\/\\\/www.facecorner.lv\\\/\",\"name\":\"Facecorner\",\"description\":\"\",\"publisher\":{\"@id\":\"https:\\\/\\\/www.facecorner.lv\\\/#organization\"},\"potentialAction\":[{\"@type\":\"SearchAction\",\"target\":{\"@type\":\"EntryPoint\",\"urlTemplate\":\"https:\\\/\\\/www.facecorner.lv\\\/?s={search_term_string}\"},\"query-input\":{\"@type\":\"PropertyValueSpecification\",\"valueRequired\":true,\"valueName\":\"search_term_string\"}}],\"inLanguage\":\"en-US\"},{\"@type\":\"Organization\",\"@id\":\"https:\\\/\\\/www.facecorner.lv\\\/#organization\",\"name\":\"Facecorner\",\"url\":\"https:\\\/\\\/www.facecorner.lv\\\/\",\"logo\":{\"@type\":\"ImageObject\",\"inLanguage\":\"en-US\",\"@id\":\"https:\\\/\\\/www.facecorner.lv\\\/#\\\/schema\\\/logo\\\/image\\\/\",\"url\":\"https:\\\/\\\/www.facecorner.lv\\\/wp-content\\\/uploads\\\/2024\\\/04\\\/fc-logo.jpg\",\"contentUrl\":\"https:\\\/\\\/www.facecorner.lv\\\/wp-content\\\/uploads\\\/2024\\\/04\\\/fc-logo.jpg\",\"width\":174,\"height\":28,\"caption\":\"Facecorner\"},\"image\":{\"@id\":\"https:\\\/\\\/www.facecorner.lv\\\/#\\\/schema\\\/logo\\\/image\\\/\"},\"sameAs\":[\"https:\\\/\\\/www.facebook.com\\\/profile.php?id=100063824551839\",\"https:\\\/\\\/www.instagram.com\\\/facecorner_shop\\\/\"]}]}<\/script>\n<meta property=\"product:price:amount\" content=\"22.95\" \/>\n<meta property=\"product:price:currency\" content=\"EUR\" \/>\n<meta property=\"og:availability\" content=\"out of stock\" \/>\n<meta property=\"product:availability\" content=\"out of stock\" \/>\n<meta property=\"product:condition\" content=\"new\" \/>\n<!-- \/ Yoast SEO plugin. -->","yoast_head_json":{"title":"Dr.Jart+ Ctrl-A Teatreement Toner Tonique 120ml - FACECORNER","robots":{"index":"index","follow":"follow","max-snippet":"max-snippet:-1","max-image-preview":"max-image-preview:large","max-video-preview":"max-video-preview:-1"},"canonical":"https:\/\/www.facecorner.lv\/en\/shop\/dr-jart-ctrl-a-teatreement-toner-tonique-120ml\/","og_locale":"en_US","og_type":"article","og_title":"Dr.Jart+ Ctrl-A Teatreement Toner Tonique 120ml - FACECORNER","og_description":"Dr.Jart+ Ctrl-A Teatreement Toniks Tonique pal\u012bdz normaliz\u0113t sebuma veido\u0161anos, samazina \u0101das taukain\u012bbu un mat\u0113 \u0101du. Toniks atjauno optim\u0101lu epidermas sk\u0101bju un s\u0101rmu l\u012bdzsvaru, pal\u012bdz \u0101rst\u0113t pinnes, mazina iekaisumu un nomierina iekaisu\u0161o \u0101du. L\u012bdzeklis atdz\u012bvina \u0101du, uzlabo sejas kr\u0101su un nov\u0113r\u0161 aps\u0101rtumu. Toniks nov\u0113r\u0161 sausumu un sasprindzin\u0101jumu p\u0113c mazg\u0101\u0161anas, sagatavo \u0101du turpm\u0101kai kop\u0161anai un tam ir [&hellip;]","og_url":"https:\/\/www.facecorner.lv\/en\/shop\/dr-jart-ctrl-a-teatreement-toner-tonique-120ml\/","og_site_name":"FACECORNER","article_publisher":"https:\/\/www.facebook.com\/profile.php?id=100063824551839","article_modified_time":"2025-01-20T20:59:34+00:00","og_image":[{"width":990,"height":1065,"url":"https:\/\/www.facecorner.lv\/wp-content\/uploads\/2024\/03\/Teatree_Toner.jpg.webp","type":"image\/webp"}],"twitter_card":"summary_large_image","twitter_misc":{"Price":"&euro;22.95","Availability":"Out of stock"},"schema":{"@context":"https:\/\/schema.org","@graph":[{"@type":"WebPage","@id":"https:\/\/www.facecorner.lv\/shop\/dr-jart-ctrl-a-teatreement-toner-tonique-120ml\/","url":"https:\/\/www.facecorner.lv\/shop\/dr-jart-ctrl-a-teatreement-toner-tonique-120ml\/","name":"Dr.Jart+ Ctrl-A Teatreement Toner Tonique 120ml - FACECORNER","isPartOf":{"@id":"https:\/\/www.facecorner.lv\/#website"},"primaryImageOfPage":{"@id":"https:\/\/www.facecorner.lv\/shop\/dr-jart-ctrl-a-teatreement-toner-tonique-120ml\/#primaryimage"},"image":{"@id":"https:\/\/www.facecorner.lv\/shop\/dr-jart-ctrl-a-teatreement-toner-tonique-120ml\/#primaryimage"},"thumbnailUrl":"https:\/\/www.facecorner.lv\/wp-content\/uploads\/2024\/03\/Teatree_Toner.jpg.webp","datePublished":"2024-03-10T18:04:59+00:00","dateModified":"2025-01-20T20:59:34+00:00","breadcrumb":{"@id":"https:\/\/www.facecorner.lv\/shop\/dr-jart-ctrl-a-teatreement-toner-tonique-120ml\/#breadcrumb"},"inLanguage":"en-US","potentialAction":[{"@type":"ReadAction","target":["https:\/\/www.facecorner.lv\/shop\/dr-jart-ctrl-a-teatreement-toner-tonique-120ml\/"]}]},{"@type":"ImageObject","inLanguage":"en-US","@id":"https:\/\/www.facecorner.lv\/shop\/dr-jart-ctrl-a-teatreement-toner-tonique-120ml\/#primaryimage","url":"https:\/\/www.facecorner.lv\/wp-content\/uploads\/2024\/03\/Teatree_Toner.jpg.webp","contentUrl":"https:\/\/www.facecorner.lv\/wp-content\/uploads\/2024\/03\/Teatree_Toner.jpg.webp","width":990,"height":1065},{"@type":"BreadcrumbList","@id":"https:\/\/www.facecorner.lv\/shop\/dr-jart-ctrl-a-teatreement-toner-tonique-120ml\/#breadcrumb","itemListElement":[{"@type":"ListItem","position":1,"name":"Home","item":"https:\/\/www.facecorner.lv\/"},{"@type":"ListItem","position":2,"name":"Veikals","item":"https:\/\/www.facecorner.lv\/shop\/"},{"@type":"ListItem","position":3,"name":"Dr.Jart+ Ctrl-A Teatreement Toner Tonique 120ml"}]},{"@type":"WebSite","@id":"https:\/\/www.facecorner.lv\/#website","url":"https:\/\/www.facecorner.lv\/","name":"Facecorner","description":"","publisher":{"@id":"https:\/\/www.facecorner.lv\/#organization"},"potentialAction":[{"@type":"SearchAction","target":{"@type":"EntryPoint","urlTemplate":"https:\/\/www.facecorner.lv\/?s={search_term_string}"},"query-input":{"@type":"PropertyValueSpecification","valueRequired":true,"valueName":"search_term_string"}}],"inLanguage":"en-US"},{"@type":"Organization","@id":"https:\/\/www.facecorner.lv\/#organization","name":"Facecorner","url":"https:\/\/www.facecorner.lv\/","logo":{"@type":"ImageObject","inLanguage":"en-US","@id":"https:\/\/www.facecorner.lv\/#\/schema\/logo\/image\/","url":"https:\/\/www.facecorner.lv\/wp-content\/uploads\/2024\/04\/fc-logo.jpg","contentUrl":"https:\/\/www.facecorner.lv\/wp-content\/uploads\/2024\/04\/fc-logo.jpg","width":174,"height":28,"caption":"Facecorner"},"image":{"@id":"https:\/\/www.facecorner.lv\/#\/schema\/logo\/image\/"},"sameAs":["https:\/\/www.facebook.com\/profile.php?id=100063824551839","https:\/\/www.instagram.com\/facecorner_shop\/"]}]},"product_price_amount":"22.95","product_price_currency":"EUR","og_availability":"out of stock","product_availability":"out of stock","product_condition":"new"},"_links":{"self":[{"href":"https:\/\/www.facecorner.lv\/en\/wp-json\/wp\/v2\/product\/14597","targetHints":{"allow":["GET"]}}],"collection":[{"href":"https:\/\/www.facecorner.lv\/en\/wp-json\/wp\/v2\/product"}],"about":[{"href":"https:\/\/www.facecorner.lv\/en\/wp-json\/wp\/v2\/types\/product"}],"replies":[{"embeddable":true,"href":"https:\/\/www.facecorner.lv\/en\/wp-json\/wp\/v2\/comments?post=14597"}],"wp:featuredmedia":[{"embeddable":true,"href":"https:\/\/www.facecorner.lv\/en\/wp-json\/wp\/v2\/media\/14600"}],"wp:attachment":[{"href":"https:\/\/www.facecorner.lv\/en\/wp-json\/wp\/v2\/media?parent=14597"}],"wp:term":[{"taxonomy":"product_brand","embeddable":true,"href":"https:\/\/www.facecorner.lv\/en\/wp-json\/wp\/v2\/product_brand?post=14597"},{"taxonomy":"product_cat","embeddable":true,"href":"https:\/\/www.facecorner.lv\/en\/wp-json\/wp\/v2\/product_cat?post=14597"},{"taxonomy":"product_tag","embeddable":true,"href":"https:\/\/www.facecorner.lv\/en\/wp-json\/wp\/v2\/product_tag?post=14597"},{"taxonomy":"berocket_brand","embeddable":true,"href":"https:\/\/www.facecorner.lv\/en\/wp-json\/wp\/v2\/berocket_brand?post=14597"}],"curies":[{"name":"wp","href":"https:\/\/api.w.org\/{rel}","templated":true}]}}