{"id":14595,"date":"2024-03-10T19:57:22","date_gmt":"2024-03-10T17:57:22","guid":{"rendered":"https:\/\/www.facecorner.lv\/?post_type=product&#038;p=14595"},"modified":"2025-01-20T23:59:34","modified_gmt":"2025-01-20T20:59:34","slug":"dr-jart-ctrl-a-teatreement-cleansing-foam-120ml","status":"publish","type":"product","link":"https:\/\/www.facecorner.lv\/en\/shop\/dr-jart-ctrl-a-teatreement-cleansing-foam-120ml\/","title":{"rendered":"Dr.Jart+ Ctrl A Teatreement Cleansing Foam 120ml"},"content":{"rendered":"<p>Dr. Jart+ Ctrl A Teatreement att\u012bro\u0161\u0101s putas maigi un delik\u0101ti att\u012bra \u0101du, no\u0146em visus net\u012brumus un lieko sebumu.<\/p>\n<p>T\u0113jas koks normaliz\u0113 tauku dziedzeru darb\u012bbu, samazina \u0101das taukain\u012bbu, tam piem\u012bt antibakteri\u0101la iedarb\u012bba un tas pal\u012bdz pinnes \u0101rst\u0113\u0161an\u0101.<\/p>\n<p>G\u0113la putas ir piem\u0113rotas problem\u0101tiskai un jut\u012bgai \u0101dai: t\u0101s maigi iedarbojas uz epidermas virsmu, neradot niezi un kairin\u0101jumu, efekt\u012bvi att\u012bra, mazina iekaisumu un nov\u0113r\u0161 pinnes atk\u0101rtotu par\u0101d\u012b\u0161anos.<\/p>\n<p>Tam piem\u012bt bakteric\u012bda iedarb\u012bba, tas nov\u0113r\u0161 aps\u0101rtumu un pa\u0101trina iekaisuma dz\u012b\u0161anu. Regul\u0113 tauku dziedzeru darb\u012bbu, normaliz\u0113 sebuma sekr\u0113ciju un mat\u0113.<\/p>\n<p>Putu sk\u0101bju un s\u0101rmu l\u012bmenis pH-5,5 atbilst m\u016bsu \u0101das optim\u0101lajam pH l\u012bmenim. T\u0101d\u0113j\u0101di l\u012bdzeklis neitraliz\u0113 teko\u0161a \u016bdens agres\u012bvo iedarb\u012bbu un saglab\u0101 mitrumu epidermas \u0161\u016bn\u0101s.<\/p>\n<p><strong>Main active ingredients:<\/strong><\/p>\n<ul>\n<li>T\u0113jas koka lapu ekstrakts (0,41%) nomierina un darbojas antiseptiski, kontrol\u0113 sebuma veido\u0161anos, atjauno \u016bdens un tauku l\u012bdzsvaru, pal\u012bdz c\u012bn\u012bties ar iekaisumiem, p\u016bt\u012bt\u0113m un cit\u0101m nepiln\u012bb\u0101m.<\/li>\n<li>T\u0113jas koka lapu e\u013c\u013ca (0,5%) nov\u0113r\u0161 niezi, aps\u0101rtumu un kairin\u0101jumu, samazina \u0101das taukain\u012bbu un c\u012bn\u0101s ar aps\u0101rtumu.<\/li>\n<li>Salicilsk\u0101be BHA ir taukos \u0161\u0137\u012bsto\u0161a sk\u0101be. Att\u012bra poras, balina melnos punkti\u0146us un tauku pavedienus, nov\u0113r\u0161 poru aizs\u0113r\u0113\u0161anu un iekaisumu, samazina \u0101das taukain\u012bbu un nov\u0113r\u0161 sp\u012bdumu T zon\u0101.<\/li>\n<li>Centella asiatica ekstraktam piem\u012bt pretiekaisuma un br\u016b\u010du dziedino\u0161a iedarb\u012bba, tas pal\u012bdz atjaunot \u0101das barjeras \u012bpa\u0161\u012bbas un mitruma saglab\u0101\u0161anu, samazina jut\u012bgumu, mazina piet\u016bkumu, tam piem\u012bt asinsvadus sa\u0161aurino\u0161a iedarb\u012bba un mazina kuperozi.<\/li>\n<li>Za\u013c\u0101s t\u0113jas lapu ekstrakts satur dabiskus antioksidantus, iedarbina atjauno\u0161an\u0101s procesus, pal\u0113nina noveco\u0161anos, atjauno tonusu un vesel\u012bgu sejas kr\u0101su.<\/li>\n<li>Kumel\u012b\u0161u ziedu ekstrakts nomierina, mazina aps\u0101rtumu un kairin\u0101jumu, mazina iekaisumu un nov\u0113r\u0161 t\u0101 atk\u0101rtotu par\u0101d\u012b\u0161anos.<\/li>\n<\/ul>\n<p><strong>How to use:<\/strong>: izspiediet vajadz\u012bgo produkta daudzumu un sajauciet ar \u016bdeni, lai veidotos putas, mas\u0101\u017eas kust\u012bb\u0101m izklied\u0113jiet uz \u0101das, noskalojiet ar \u016bdeni.<\/p>\n<p><strong>Ingredientes:<\/strong>:Water, Disodium Laureth Sulfosuccinate, Methyl Propanediol, Butylene Glycol, Sodium Cocoyl Glutamate, 1,2-Hexanediol, Acrylates\/C10-30 Alkyl Acrylate Crosspolymer, Salicylic Acid, Tea Tree Leaf Oil (0.5%), Tea Tree Leaf Extract (0.41%), Spanish Licorice Root Extract, Glycerin, Green Tea Extract, Allantoin, Niacinamide, Fig Extract, Centella Asiatica Extract, Virginia Annualis Extract, Camphor, Angelica Root Extract, Chamomile Flower Extract, Seaweed Extract, String Mandrami Seed Extract, Sarcosin, Bulbulgaria Extract, Ceylon Cinnamon Bark Extract, Ceramide NP, Aloe Vera Leaf Extract, French Maritime Pine Bark Extract, Isopropyl Coal, Polyglyceryl-10 Laurate, Hydrogenated Lecithin, Capryloyl Glycine, Hexylene Glycol, Silica, Pentylene Glycol, 4-Terpineol, Disodium EDTA, Sodium Benzoate<\/p>","protected":false},"excerpt":{"rendered":"<p>Dr. Jart+ Ctrl A Teatreement att\u012bro\u0161\u0101s putas maigi un delik\u0101ti att\u012bra \u0101du, no\u0146em visus net\u012brumus un lieko sebumu. T\u0113jas koks normaliz\u0113 tauku dziedzeru darb\u012bbu, samazina \u0101das taukain\u012bbu, tam piem\u012bt antibakteri\u0101la iedarb\u012bba un tas pal\u012bdz pinnes \u0101rst\u0113\u0161an\u0101. G\u0113la putas ir piem\u0113rotas problem\u0101tiskai un jut\u012bgai \u0101dai: t\u0101s maigi iedarbojas uz epidermas virsmu, neradot niezi un kairin\u0101jumu, efekt\u012bvi [&hellip;]<\/p>\n","protected":false},"featured_media":14596,"comment_status":"open","ping_status":"closed","template":"","meta":{"site-sidebar-layout":"default","site-content-layout":"","ast-site-content-layout":"","site-content-style":"default","site-sidebar-style":"default","ast-global-header-display":"","ast-banner-title-visibility":"","ast-main-header-display":"","ast-hfb-above-header-display":"","ast-hfb-below-header-display":"","ast-hfb-mobile-header-display":"","site-post-title":"","ast-breadcrumbs-content":"","ast-featured-img":"","footer-sml-layout":"","theme-transparent-header-meta":"","adv-header-id-meta":"","stick-header-meta":"","header-above-stick-meta":"","header-main-stick-meta":"","header-below-stick-meta":"","astra-migrate-meta-layouts":"default","ast-page-background-enabled":"default","ast-page-background-meta":{"desktop":{"background-color":"var(--ast-global-color-4)","background-image":"","background-repeat":"repeat","background-position":"center center","background-size":"auto","background-attachment":"scroll","background-type":"","background-media":"","overlay-type":"","overlay-color":"","overlay-opacity":"","overlay-gradient":""},"tablet":{"background-color":"","background-image":"","background-repeat":"repeat","background-position":"center center","background-size":"auto","background-attachment":"scroll","background-type":"","background-media":"","overlay-type":"","overlay-color":"","overlay-opacity":"","overlay-gradient":""},"mobile":{"background-color":"","background-image":"","background-repeat":"repeat","background-position":"center center","background-size":"auto","background-attachment":"scroll","background-type":"","background-media":"","overlay-type":"","overlay-color":"","overlay-opacity":"","overlay-gradient":""}},"ast-content-background-meta":{"desktop":{"background-color":"var(--ast-global-color-5)","background-image":"","background-repeat":"repeat","background-position":"center center","background-size":"auto","background-attachment":"scroll","background-type":"","background-media":"","overlay-type":"","overlay-color":"","overlay-opacity":"","overlay-gradient":""},"tablet":{"background-color":"var(--ast-global-color-5)","background-image":"","background-repeat":"repeat","background-position":"center center","background-size":"auto","background-attachment":"scroll","background-type":"","background-media":"","overlay-type":"","overlay-color":"","overlay-opacity":"","overlay-gradient":""},"mobile":{"background-color":"var(--ast-global-color-5)","background-image":"","background-repeat":"repeat","background-position":"center center","background-size":"auto","background-attachment":"scroll","background-type":"","background-media":"","overlay-type":"","overlay-color":"","overlay-opacity":"","overlay-gradient":""}}},"product_brand":[],"product_cat":[310,312,313],"product_tag":[],"berocket_brand":[591],"class_list":{"0":"post-14595","1":"product","2":"type-product","3":"status-publish","4":"has-post-thumbnail","6":"product_cat-attirisana","7":"product_cat-kombinetai-adai-attirisana","8":"product_cat-problematiskai-adai-attirisana","9":"berocket_brand-dr-jart","10":"desktop-align-left","11":"tablet-align-left","12":"mobile-align-left","14":"first","15":"outofstock","16":"taxable","17":"shipping-taxable","18":"purchasable","19":"product-type-simple","20":"add-to-wishlist-before_image"},"yoast_head":"<!-- This site is optimized with the Yoast SEO plugin v27.3 - https:\/\/yoast.com\/product\/yoast-seo-wordpress\/ -->\n<title>Dr.Jart+ Ctrl A Teatreement Cleansing Foam 120ml - FACECORNER<\/title>\n<meta name=\"robots\" content=\"index, follow, max-snippet:-1, max-image-preview:large, max-video-preview:-1\" \/>\n<link rel=\"canonical\" href=\"https:\/\/www.facecorner.lv\/en\/shop\/dr-jart-ctrl-a-teatreement-cleansing-foam-120ml\/\" \/>\n<meta property=\"og:locale\" content=\"en_US\" \/>\n<meta property=\"og:type\" content=\"article\" \/>\n<meta property=\"og:title\" content=\"Dr.Jart+ Ctrl A Teatreement Cleansing Foam 120ml - FACECORNER\" \/>\n<meta property=\"og:description\" content=\"Dr. Jart+ Ctrl A Teatreement att\u012bro\u0161\u0101s putas maigi un delik\u0101ti att\u012bra \u0101du, no\u0146em visus net\u012brumus un lieko sebumu. T\u0113jas koks normaliz\u0113 tauku dziedzeru darb\u012bbu, samazina \u0101das taukain\u012bbu, tam piem\u012bt antibakteri\u0101la iedarb\u012bba un tas pal\u012bdz pinnes \u0101rst\u0113\u0161an\u0101. G\u0113la putas ir piem\u0113rotas problem\u0101tiskai un jut\u012bgai \u0101dai: t\u0101s maigi iedarbojas uz epidermas virsmu, neradot niezi un kairin\u0101jumu, efekt\u012bvi [&hellip;]\" \/>\n<meta property=\"og:url\" content=\"https:\/\/www.facecorner.lv\/en\/shop\/dr-jart-ctrl-a-teatreement-cleansing-foam-120ml\/\" \/>\n<meta property=\"og:site_name\" content=\"FACECORNER\" \/>\n<meta property=\"article:publisher\" content=\"https:\/\/www.facebook.com\/profile.php?id=100063824551839\" \/>\n<meta property=\"article:modified_time\" content=\"2025-01-20T20:59:34+00:00\" \/>\n<meta property=\"og:image\" content=\"https:\/\/www.facecorner.lv\/wp-content\/uploads\/2024\/03\/160344-e0d6e0e29471eb35bd46d50c062b56fb.jpg\" \/>\n\t<meta property=\"og:image:width\" content=\"840\" \/>\n\t<meta property=\"og:image:height\" content=\"840\" \/>\n\t<meta property=\"og:image:type\" content=\"image\/jpeg\" \/>\n<meta name=\"twitter:card\" content=\"summary_large_image\" \/>\n<meta name=\"twitter:label1\" content=\"Price\" \/>\n\t<meta name=\"twitter:data1\" content=\"&euro;22.95\" \/>\n\t<meta name=\"twitter:label2\" content=\"Availability\" \/>\n\t<meta name=\"twitter:data2\" content=\"Out of stock\" \/>\n<script type=\"application\/ld+json\" class=\"yoast-schema-graph\">{\"@context\":\"https:\\\/\\\/schema.org\",\"@graph\":[{\"@type\":\"WebPage\",\"@id\":\"https:\\\/\\\/www.facecorner.lv\\\/shop\\\/dr-jart-ctrl-a-teatreement-cleansing-foam-120ml\\\/\",\"url\":\"https:\\\/\\\/www.facecorner.lv\\\/shop\\\/dr-jart-ctrl-a-teatreement-cleansing-foam-120ml\\\/\",\"name\":\"Dr.Jart+ Ctrl A Teatreement Cleansing Foam 120ml - FACECORNER\",\"isPartOf\":{\"@id\":\"https:\\\/\\\/www.facecorner.lv\\\/#website\"},\"primaryImageOfPage\":{\"@id\":\"https:\\\/\\\/www.facecorner.lv\\\/shop\\\/dr-jart-ctrl-a-teatreement-cleansing-foam-120ml\\\/#primaryimage\"},\"image\":{\"@id\":\"https:\\\/\\\/www.facecorner.lv\\\/shop\\\/dr-jart-ctrl-a-teatreement-cleansing-foam-120ml\\\/#primaryimage\"},\"thumbnailUrl\":\"https:\\\/\\\/www.facecorner.lv\\\/wp-content\\\/uploads\\\/2024\\\/03\\\/160344-e0d6e0e29471eb35bd46d50c062b56fb.jpg\",\"datePublished\":\"2024-03-10T17:57:22+00:00\",\"dateModified\":\"2025-01-20T20:59:34+00:00\",\"breadcrumb\":{\"@id\":\"https:\\\/\\\/www.facecorner.lv\\\/shop\\\/dr-jart-ctrl-a-teatreement-cleansing-foam-120ml\\\/#breadcrumb\"},\"inLanguage\":\"en-US\",\"potentialAction\":[{\"@type\":\"ReadAction\",\"target\":[\"https:\\\/\\\/www.facecorner.lv\\\/shop\\\/dr-jart-ctrl-a-teatreement-cleansing-foam-120ml\\\/\"]}]},{\"@type\":\"ImageObject\",\"inLanguage\":\"en-US\",\"@id\":\"https:\\\/\\\/www.facecorner.lv\\\/shop\\\/dr-jart-ctrl-a-teatreement-cleansing-foam-120ml\\\/#primaryimage\",\"url\":\"https:\\\/\\\/www.facecorner.lv\\\/wp-content\\\/uploads\\\/2024\\\/03\\\/160344-e0d6e0e29471eb35bd46d50c062b56fb.jpg\",\"contentUrl\":\"https:\\\/\\\/www.facecorner.lv\\\/wp-content\\\/uploads\\\/2024\\\/03\\\/160344-e0d6e0e29471eb35bd46d50c062b56fb.jpg\",\"width\":840,\"height\":840},{\"@type\":\"BreadcrumbList\",\"@id\":\"https:\\\/\\\/www.facecorner.lv\\\/shop\\\/dr-jart-ctrl-a-teatreement-cleansing-foam-120ml\\\/#breadcrumb\",\"itemListElement\":[{\"@type\":\"ListItem\",\"position\":1,\"name\":\"Home\",\"item\":\"https:\\\/\\\/www.facecorner.lv\\\/\"},{\"@type\":\"ListItem\",\"position\":2,\"name\":\"Veikals\",\"item\":\"https:\\\/\\\/www.facecorner.lv\\\/shop\\\/\"},{\"@type\":\"ListItem\",\"position\":3,\"name\":\"Dr.Jart+ Ctrl A Teatreement Cleansing Foam 120ml\"}]},{\"@type\":\"WebSite\",\"@id\":\"https:\\\/\\\/www.facecorner.lv\\\/#website\",\"url\":\"https:\\\/\\\/www.facecorner.lv\\\/\",\"name\":\"Facecorner\",\"description\":\"\",\"publisher\":{\"@id\":\"https:\\\/\\\/www.facecorner.lv\\\/#organization\"},\"potentialAction\":[{\"@type\":\"SearchAction\",\"target\":{\"@type\":\"EntryPoint\",\"urlTemplate\":\"https:\\\/\\\/www.facecorner.lv\\\/?s={search_term_string}\"},\"query-input\":{\"@type\":\"PropertyValueSpecification\",\"valueRequired\":true,\"valueName\":\"search_term_string\"}}],\"inLanguage\":\"en-US\"},{\"@type\":\"Organization\",\"@id\":\"https:\\\/\\\/www.facecorner.lv\\\/#organization\",\"name\":\"Facecorner\",\"url\":\"https:\\\/\\\/www.facecorner.lv\\\/\",\"logo\":{\"@type\":\"ImageObject\",\"inLanguage\":\"en-US\",\"@id\":\"https:\\\/\\\/www.facecorner.lv\\\/#\\\/schema\\\/logo\\\/image\\\/\",\"url\":\"https:\\\/\\\/www.facecorner.lv\\\/wp-content\\\/uploads\\\/2024\\\/04\\\/fc-logo.jpg\",\"contentUrl\":\"https:\\\/\\\/www.facecorner.lv\\\/wp-content\\\/uploads\\\/2024\\\/04\\\/fc-logo.jpg\",\"width\":174,\"height\":28,\"caption\":\"Facecorner\"},\"image\":{\"@id\":\"https:\\\/\\\/www.facecorner.lv\\\/#\\\/schema\\\/logo\\\/image\\\/\"},\"sameAs\":[\"https:\\\/\\\/www.facebook.com\\\/profile.php?id=100063824551839\",\"https:\\\/\\\/www.instagram.com\\\/facecorner_shop\\\/\"]}]}<\/script>\n<meta property=\"product:price:amount\" content=\"22.95\" \/>\n<meta property=\"product:price:currency\" content=\"EUR\" \/>\n<meta property=\"og:availability\" content=\"out of stock\" \/>\n<meta property=\"product:availability\" content=\"out of stock\" \/>\n<meta property=\"product:condition\" content=\"new\" \/>\n<!-- \/ Yoast SEO plugin. -->","yoast_head_json":{"title":"Dr.Jart+ Ctrl A Teatreement Cleansing Foam 120ml - FACECORNER","robots":{"index":"index","follow":"follow","max-snippet":"max-snippet:-1","max-image-preview":"max-image-preview:large","max-video-preview":"max-video-preview:-1"},"canonical":"https:\/\/www.facecorner.lv\/en\/shop\/dr-jart-ctrl-a-teatreement-cleansing-foam-120ml\/","og_locale":"en_US","og_type":"article","og_title":"Dr.Jart+ Ctrl A Teatreement Cleansing Foam 120ml - FACECORNER","og_description":"Dr. Jart+ Ctrl A Teatreement att\u012bro\u0161\u0101s putas maigi un delik\u0101ti att\u012bra \u0101du, no\u0146em visus net\u012brumus un lieko sebumu. T\u0113jas koks normaliz\u0113 tauku dziedzeru darb\u012bbu, samazina \u0101das taukain\u012bbu, tam piem\u012bt antibakteri\u0101la iedarb\u012bba un tas pal\u012bdz pinnes \u0101rst\u0113\u0161an\u0101. G\u0113la putas ir piem\u0113rotas problem\u0101tiskai un jut\u012bgai \u0101dai: t\u0101s maigi iedarbojas uz epidermas virsmu, neradot niezi un kairin\u0101jumu, efekt\u012bvi [&hellip;]","og_url":"https:\/\/www.facecorner.lv\/en\/shop\/dr-jart-ctrl-a-teatreement-cleansing-foam-120ml\/","og_site_name":"FACECORNER","article_publisher":"https:\/\/www.facebook.com\/profile.php?id=100063824551839","article_modified_time":"2025-01-20T20:59:34+00:00","og_image":[{"width":840,"height":840,"url":"https:\/\/www.facecorner.lv\/wp-content\/uploads\/2024\/03\/160344-e0d6e0e29471eb35bd46d50c062b56fb.jpg","type":"image\/jpeg"}],"twitter_card":"summary_large_image","twitter_misc":{"Price":"&euro;22.95","Availability":"Out of stock"},"schema":{"@context":"https:\/\/schema.org","@graph":[{"@type":"WebPage","@id":"https:\/\/www.facecorner.lv\/shop\/dr-jart-ctrl-a-teatreement-cleansing-foam-120ml\/","url":"https:\/\/www.facecorner.lv\/shop\/dr-jart-ctrl-a-teatreement-cleansing-foam-120ml\/","name":"Dr.Jart+ Ctrl A Teatreement Cleansing Foam 120ml - FACECORNER","isPartOf":{"@id":"https:\/\/www.facecorner.lv\/#website"},"primaryImageOfPage":{"@id":"https:\/\/www.facecorner.lv\/shop\/dr-jart-ctrl-a-teatreement-cleansing-foam-120ml\/#primaryimage"},"image":{"@id":"https:\/\/www.facecorner.lv\/shop\/dr-jart-ctrl-a-teatreement-cleansing-foam-120ml\/#primaryimage"},"thumbnailUrl":"https:\/\/www.facecorner.lv\/wp-content\/uploads\/2024\/03\/160344-e0d6e0e29471eb35bd46d50c062b56fb.jpg","datePublished":"2024-03-10T17:57:22+00:00","dateModified":"2025-01-20T20:59:34+00:00","breadcrumb":{"@id":"https:\/\/www.facecorner.lv\/shop\/dr-jart-ctrl-a-teatreement-cleansing-foam-120ml\/#breadcrumb"},"inLanguage":"en-US","potentialAction":[{"@type":"ReadAction","target":["https:\/\/www.facecorner.lv\/shop\/dr-jart-ctrl-a-teatreement-cleansing-foam-120ml\/"]}]},{"@type":"ImageObject","inLanguage":"en-US","@id":"https:\/\/www.facecorner.lv\/shop\/dr-jart-ctrl-a-teatreement-cleansing-foam-120ml\/#primaryimage","url":"https:\/\/www.facecorner.lv\/wp-content\/uploads\/2024\/03\/160344-e0d6e0e29471eb35bd46d50c062b56fb.jpg","contentUrl":"https:\/\/www.facecorner.lv\/wp-content\/uploads\/2024\/03\/160344-e0d6e0e29471eb35bd46d50c062b56fb.jpg","width":840,"height":840},{"@type":"BreadcrumbList","@id":"https:\/\/www.facecorner.lv\/shop\/dr-jart-ctrl-a-teatreement-cleansing-foam-120ml\/#breadcrumb","itemListElement":[{"@type":"ListItem","position":1,"name":"Home","item":"https:\/\/www.facecorner.lv\/"},{"@type":"ListItem","position":2,"name":"Veikals","item":"https:\/\/www.facecorner.lv\/shop\/"},{"@type":"ListItem","position":3,"name":"Dr.Jart+ Ctrl A Teatreement Cleansing Foam 120ml"}]},{"@type":"WebSite","@id":"https:\/\/www.facecorner.lv\/#website","url":"https:\/\/www.facecorner.lv\/","name":"Facecorner","description":"","publisher":{"@id":"https:\/\/www.facecorner.lv\/#organization"},"potentialAction":[{"@type":"SearchAction","target":{"@type":"EntryPoint","urlTemplate":"https:\/\/www.facecorner.lv\/?s={search_term_string}"},"query-input":{"@type":"PropertyValueSpecification","valueRequired":true,"valueName":"search_term_string"}}],"inLanguage":"en-US"},{"@type":"Organization","@id":"https:\/\/www.facecorner.lv\/#organization","name":"Facecorner","url":"https:\/\/www.facecorner.lv\/","logo":{"@type":"ImageObject","inLanguage":"en-US","@id":"https:\/\/www.facecorner.lv\/#\/schema\/logo\/image\/","url":"https:\/\/www.facecorner.lv\/wp-content\/uploads\/2024\/04\/fc-logo.jpg","contentUrl":"https:\/\/www.facecorner.lv\/wp-content\/uploads\/2024\/04\/fc-logo.jpg","width":174,"height":28,"caption":"Facecorner"},"image":{"@id":"https:\/\/www.facecorner.lv\/#\/schema\/logo\/image\/"},"sameAs":["https:\/\/www.facebook.com\/profile.php?id=100063824551839","https:\/\/www.instagram.com\/facecorner_shop\/"]}]},"product_price_amount":"22.95","product_price_currency":"EUR","og_availability":"out of stock","product_availability":"out of stock","product_condition":"new"},"_links":{"self":[{"href":"https:\/\/www.facecorner.lv\/en\/wp-json\/wp\/v2\/product\/14595","targetHints":{"allow":["GET"]}}],"collection":[{"href":"https:\/\/www.facecorner.lv\/en\/wp-json\/wp\/v2\/product"}],"about":[{"href":"https:\/\/www.facecorner.lv\/en\/wp-json\/wp\/v2\/types\/product"}],"replies":[{"embeddable":true,"href":"https:\/\/www.facecorner.lv\/en\/wp-json\/wp\/v2\/comments?post=14595"}],"wp:featuredmedia":[{"embeddable":true,"href":"https:\/\/www.facecorner.lv\/en\/wp-json\/wp\/v2\/media\/14596"}],"wp:attachment":[{"href":"https:\/\/www.facecorner.lv\/en\/wp-json\/wp\/v2\/media?parent=14595"}],"wp:term":[{"taxonomy":"product_brand","embeddable":true,"href":"https:\/\/www.facecorner.lv\/en\/wp-json\/wp\/v2\/product_brand?post=14595"},{"taxonomy":"product_cat","embeddable":true,"href":"https:\/\/www.facecorner.lv\/en\/wp-json\/wp\/v2\/product_cat?post=14595"},{"taxonomy":"product_tag","embeddable":true,"href":"https:\/\/www.facecorner.lv\/en\/wp-json\/wp\/v2\/product_tag?post=14595"},{"taxonomy":"berocket_brand","embeddable":true,"href":"https:\/\/www.facecorner.lv\/en\/wp-json\/wp\/v2\/berocket_brand?post=14595"}],"curies":[{"name":"wp","href":"https:\/\/api.w.org\/{rel}","templated":true}]}}