{"id":14582,"date":"2024-03-09T20:50:54","date_gmt":"2024-03-09T18:50:54","guid":{"rendered":"https:\/\/www.facecorner.lv\/?post_type=product&#038;p=14582"},"modified":"2025-05-30T01:13:41","modified_gmt":"2025-05-29T22:13:41","slug":"dr-jart-every-sun-day-mild-sun-spf43-pa-30ml","status":"publish","type":"product","link":"https:\/\/www.facecorner.lv\/en\/shop\/dr-jart-every-sun-day-mild-sun-spf43-pa-30ml\/","title":{"rendered":"Dr.Jart+ Every Sun Day Mild Sun SPF43+\/PA+++ 30ml"},"content":{"rendered":"<p>Dr.Jart+ Every Sun Day Mild Sun SPF43+\/PA+++ \u00a0\u0160is maigais saules aizsargkr\u0113ms jut\u012bgai \u0101dai, pateicoties fizik\u0101lo un \u0137\u012bmisko filtru kombin\u0101cijai, nodro\u0161ina dro\u0161u sejas un \u0137erme\u0146a \u0101das aizsardz\u012bbu pret ultraviolet\u0101 starojuma negat\u012bvo ietekmi un l\u012bdz ar to ar\u012b pret priek\u0161laic\u012bgu \u0101das noveco\u0161anos.<\/p>\n<p>Kr\u0113ma sast\u0101v\u0101 iek\u013cautais augu ekstraktu, e\u013c\u013cu, prote\u012bnu komplekss padara \u0101du mitr\u0101ku, glud\u0101ku, sniedz ilgsto\u0161u komforta un svaiguma saj\u016btu, nomierina un m\u012bkstina to.<\/p>\n<p>Produkts ir baltas kr\u0101sas, vieglas konsistences, viegli uzkl\u0101jams un viegli sadal\u0101ms.<\/p>\n<p>Tas balina seju pirmaj\u0101s 5 min\u016bt\u0113s, p\u0113c tam &#8220;nost\u0101jas&#8221; un lieliski piel\u0101gojas jebkuram \u0101das tonim. Tas neaizsprosto poras, uz \u0101das ir pat\u012bkams.<\/p>\n<p><strong>How to use:<\/strong> Uzkl\u0101jiet kr\u0113mu uz att\u012br\u012btas, toniz\u0113tas \u0101das 20-30 min\u016btes pirms do\u0161an\u0101s saul\u0113, uzkl\u0101jiet, l\u012bdz tas ies\u016bcas.<\/p>\n<p><strong>Ingredientes: <\/strong>Water, Cyclopentasiloxane, Zinc Oxide, Propanediol, Titanium Dioxide, Butylene Glycol Dicaprylate\/Dicaprate, Lauryl Polyglyceryl-3 Polydimethylsiloxyethyl Dimethicone, Methyl Methacrylate Crosspolymer, Butyloctyl Salicylate, Caprylyl Methicone, Citrus Aurantium Dulcis (Orange) Oil, Citrus Nobilis (Mandarin Orange) Peel Oil, Litsea Cubeba Fruit Oil, 1,2-Hexanediol, Disteardimonium Hectorite, Magnesium Sulfate, Stearic Acid, Aluminum Hydroxide, Polyglyceryl-3 Polydimethylsiloxyethyl Dimethicone, Triethoxycaprylylsilane, Sorbitan Caprylate, Glyceryl Caprylate, Ethylhexylglycerin, Tocopherol<\/p>","protected":false},"excerpt":{"rendered":"<p>Dr.Jart+ Every Sun Day Mild Sun SPF43+\/PA+++ \u00a0\u0160is maigais saules aizsargkr\u0113ms jut\u012bgai \u0101dai, pateicoties fizik\u0101lo un \u0137\u012bmisko filtru kombin\u0101cijai, nodro\u0161ina dro\u0161u sejas un \u0137erme\u0146a \u0101das aizsardz\u012bbu pret ultraviolet\u0101 starojuma negat\u012bvo ietekmi un l\u012bdz ar to ar\u012b pret priek\u0161laic\u012bgu \u0101das noveco\u0161anos. Kr\u0113ma sast\u0101v\u0101 iek\u013cautais augu ekstraktu, e\u013c\u013cu, prote\u012bnu komplekss padara \u0101du mitr\u0101ku, glud\u0101ku, sniedz ilgsto\u0161u komforta [&hellip;]<\/p>\n","protected":false},"featured_media":14583,"comment_status":"open","ping_status":"closed","template":"","meta":{"site-sidebar-layout":"default","site-content-layout":"","ast-site-content-layout":"","site-content-style":"default","site-sidebar-style":"default","ast-global-header-display":"","ast-banner-title-visibility":"","ast-main-header-display":"","ast-hfb-above-header-display":"","ast-hfb-below-header-display":"","ast-hfb-mobile-header-display":"","site-post-title":"","ast-breadcrumbs-content":"","ast-featured-img":"","footer-sml-layout":"","theme-transparent-header-meta":"","adv-header-id-meta":"","stick-header-meta":"","header-above-stick-meta":"","header-main-stick-meta":"","header-below-stick-meta":"","astra-migrate-meta-layouts":"default","ast-page-background-enabled":"default","ast-page-background-meta":{"desktop":{"background-color":"var(--ast-global-color-4)","background-image":"","background-repeat":"repeat","background-position":"center center","background-size":"auto","background-attachment":"scroll","background-type":"","background-media":"","overlay-type":"","overlay-color":"","overlay-opacity":"","overlay-gradient":""},"tablet":{"background-color":"","background-image":"","background-repeat":"repeat","background-position":"center center","background-size":"auto","background-attachment":"scroll","background-type":"","background-media":"","overlay-type":"","overlay-color":"","overlay-opacity":"","overlay-gradient":""},"mobile":{"background-color":"","background-image":"","background-repeat":"repeat","background-position":"center center","background-size":"auto","background-attachment":"scroll","background-type":"","background-media":"","overlay-type":"","overlay-color":"","overlay-opacity":"","overlay-gradient":""}},"ast-content-background-meta":{"desktop":{"background-color":"var(--ast-global-color-5)","background-image":"","background-repeat":"repeat","background-position":"center center","background-size":"auto","background-attachment":"scroll","background-type":"","background-media":"","overlay-type":"","overlay-color":"","overlay-opacity":"","overlay-gradient":""},"tablet":{"background-color":"var(--ast-global-color-5)","background-image":"","background-repeat":"repeat","background-position":"center center","background-size":"auto","background-attachment":"scroll","background-type":"","background-media":"","overlay-type":"","overlay-color":"","overlay-opacity":"","overlay-gradient":""},"mobile":{"background-color":"var(--ast-global-color-5)","background-image":"","background-repeat":"repeat","background-position":"center center","background-size":"auto","background-attachment":"scroll","background-type":"","background-media":"","overlay-type":"","overlay-color":"","overlay-opacity":"","overlay-gradient":""}}},"product_brand":[],"product_cat":[512],"product_tag":[],"berocket_brand":[591],"class_list":{"0":"post-14582","1":"product","2":"type-product","3":"status-publish","4":"has-post-thumbnail","6":"product_cat-spf","7":"berocket_brand-dr-jart","8":"desktop-align-left","9":"tablet-align-left","10":"mobile-align-left","12":"first","13":"outofstock","14":"taxable","15":"shipping-taxable","16":"purchasable","17":"product-type-simple","18":"add-to-wishlist-before_image"},"yoast_head":"<!-- This site is optimized with the Yoast SEO plugin v27.4 - https:\/\/yoast.com\/product\/yoast-seo-wordpress\/ -->\n<title>Dr.Jart+ Every Sun Day Mild Sun SPF43+\/PA+++ 30ml - FACECORNER<\/title>\n<meta name=\"robots\" content=\"index, follow, max-snippet:-1, max-image-preview:large, max-video-preview:-1\" \/>\n<link rel=\"canonical\" href=\"https:\/\/www.facecorner.lv\/en\/shop\/dr-jart-every-sun-day-mild-sun-spf43-pa-30ml\/\" \/>\n<meta property=\"og:locale\" content=\"en_US\" \/>\n<meta property=\"og:type\" content=\"article\" \/>\n<meta property=\"og:title\" content=\"Dr.Jart+ Every Sun Day Mild Sun SPF43+\/PA+++ 30ml - FACECORNER\" \/>\n<meta property=\"og:description\" content=\"Dr.Jart+ Every Sun Day Mild Sun SPF43+\/PA+++ \u00a0\u0160is maigais saules aizsargkr\u0113ms jut\u012bgai \u0101dai, pateicoties fizik\u0101lo un \u0137\u012bmisko filtru kombin\u0101cijai, nodro\u0161ina dro\u0161u sejas un \u0137erme\u0146a \u0101das aizsardz\u012bbu pret ultraviolet\u0101 starojuma negat\u012bvo ietekmi un l\u012bdz ar to ar\u012b pret priek\u0161laic\u012bgu \u0101das noveco\u0161anos. Kr\u0113ma sast\u0101v\u0101 iek\u013cautais augu ekstraktu, e\u013c\u013cu, prote\u012bnu komplekss padara \u0101du mitr\u0101ku, glud\u0101ku, sniedz ilgsto\u0161u komforta [&hellip;]\" \/>\n<meta property=\"og:url\" content=\"https:\/\/www.facecorner.lv\/en\/shop\/dr-jart-every-sun-day-mild-sun-spf43-pa-30ml\/\" \/>\n<meta property=\"og:site_name\" content=\"FACECORNER\" \/>\n<meta property=\"article:publisher\" content=\"https:\/\/www.facebook.com\/profile.php?id=100063824551839\" \/>\n<meta property=\"article:modified_time\" content=\"2025-05-29T22:13:41+00:00\" \/>\n<meta property=\"og:image\" content=\"https:\/\/www.facecorner.lv\/wp-content\/uploads\/2024\/03\/everysundayspf.jpg.webp\" \/>\n\t<meta property=\"og:image:width\" content=\"756\" \/>\n\t<meta property=\"og:image:height\" content=\"757\" \/>\n\t<meta property=\"og:image:type\" content=\"image\/webp\" \/>\n<meta name=\"twitter:card\" content=\"summary_large_image\" \/>\n<meta name=\"twitter:label1\" content=\"Price\" \/>\n\t<meta name=\"twitter:data1\" content=\"&euro;21.00\" \/>\n\t<meta name=\"twitter:label2\" content=\"Availability\" \/>\n\t<meta name=\"twitter:data2\" content=\"Out of stock\" \/>\n<script type=\"application\/ld+json\" class=\"yoast-schema-graph\">{\"@context\":\"https:\\\/\\\/schema.org\",\"@graph\":[{\"@type\":\"WebPage\",\"@id\":\"https:\\\/\\\/www.facecorner.lv\\\/shop\\\/dr-jart-every-sun-day-mild-sun-spf43-pa-30ml\\\/\",\"url\":\"https:\\\/\\\/www.facecorner.lv\\\/shop\\\/dr-jart-every-sun-day-mild-sun-spf43-pa-30ml\\\/\",\"name\":\"Dr.Jart+ Every Sun Day Mild Sun SPF43+\\\/PA+++ 30ml - FACECORNER\",\"isPartOf\":{\"@id\":\"https:\\\/\\\/www.facecorner.lv\\\/#website\"},\"primaryImageOfPage\":{\"@id\":\"https:\\\/\\\/www.facecorner.lv\\\/shop\\\/dr-jart-every-sun-day-mild-sun-spf43-pa-30ml\\\/#primaryimage\"},\"image\":{\"@id\":\"https:\\\/\\\/www.facecorner.lv\\\/shop\\\/dr-jart-every-sun-day-mild-sun-spf43-pa-30ml\\\/#primaryimage\"},\"thumbnailUrl\":\"https:\\\/\\\/www.facecorner.lv\\\/wp-content\\\/uploads\\\/2024\\\/03\\\/everysundayspf.jpg.webp\",\"datePublished\":\"2024-03-09T18:50:54+00:00\",\"dateModified\":\"2025-05-29T22:13:41+00:00\",\"breadcrumb\":{\"@id\":\"https:\\\/\\\/www.facecorner.lv\\\/shop\\\/dr-jart-every-sun-day-mild-sun-spf43-pa-30ml\\\/#breadcrumb\"},\"inLanguage\":\"en-US\",\"potentialAction\":[{\"@type\":\"ReadAction\",\"target\":[\"https:\\\/\\\/www.facecorner.lv\\\/shop\\\/dr-jart-every-sun-day-mild-sun-spf43-pa-30ml\\\/\"]}]},{\"@type\":\"ImageObject\",\"inLanguage\":\"en-US\",\"@id\":\"https:\\\/\\\/www.facecorner.lv\\\/shop\\\/dr-jart-every-sun-day-mild-sun-spf43-pa-30ml\\\/#primaryimage\",\"url\":\"https:\\\/\\\/www.facecorner.lv\\\/wp-content\\\/uploads\\\/2024\\\/03\\\/everysundayspf.jpg.webp\",\"contentUrl\":\"https:\\\/\\\/www.facecorner.lv\\\/wp-content\\\/uploads\\\/2024\\\/03\\\/everysundayspf.jpg.webp\",\"width\":756,\"height\":757},{\"@type\":\"BreadcrumbList\",\"@id\":\"https:\\\/\\\/www.facecorner.lv\\\/shop\\\/dr-jart-every-sun-day-mild-sun-spf43-pa-30ml\\\/#breadcrumb\",\"itemListElement\":[{\"@type\":\"ListItem\",\"position\":1,\"name\":\"Home\",\"item\":\"https:\\\/\\\/www.facecorner.lv\\\/\"},{\"@type\":\"ListItem\",\"position\":2,\"name\":\"Veikals\",\"item\":\"https:\\\/\\\/www.facecorner.lv\\\/shop\\\/\"},{\"@type\":\"ListItem\",\"position\":3,\"name\":\"Dr.Jart+ Every Sun Day Mild Sun SPF43+\\\/PA+++ 30ml\"}]},{\"@type\":\"WebSite\",\"@id\":\"https:\\\/\\\/www.facecorner.lv\\\/#website\",\"url\":\"https:\\\/\\\/www.facecorner.lv\\\/\",\"name\":\"Facecorner\",\"description\":\"\",\"publisher\":{\"@id\":\"https:\\\/\\\/www.facecorner.lv\\\/#organization\"},\"potentialAction\":[{\"@type\":\"SearchAction\",\"target\":{\"@type\":\"EntryPoint\",\"urlTemplate\":\"https:\\\/\\\/www.facecorner.lv\\\/?s={search_term_string}\"},\"query-input\":{\"@type\":\"PropertyValueSpecification\",\"valueRequired\":true,\"valueName\":\"search_term_string\"}}],\"inLanguage\":\"en-US\"},{\"@type\":\"Organization\",\"@id\":\"https:\\\/\\\/www.facecorner.lv\\\/#organization\",\"name\":\"Facecorner\",\"url\":\"https:\\\/\\\/www.facecorner.lv\\\/\",\"logo\":{\"@type\":\"ImageObject\",\"inLanguage\":\"en-US\",\"@id\":\"https:\\\/\\\/www.facecorner.lv\\\/#\\\/schema\\\/logo\\\/image\\\/\",\"url\":\"https:\\\/\\\/www.facecorner.lv\\\/wp-content\\\/uploads\\\/2024\\\/04\\\/fc-logo.jpg\",\"contentUrl\":\"https:\\\/\\\/www.facecorner.lv\\\/wp-content\\\/uploads\\\/2024\\\/04\\\/fc-logo.jpg\",\"width\":174,\"height\":28,\"caption\":\"Facecorner\"},\"image\":{\"@id\":\"https:\\\/\\\/www.facecorner.lv\\\/#\\\/schema\\\/logo\\\/image\\\/\"},\"sameAs\":[\"https:\\\/\\\/www.facebook.com\\\/profile.php?id=100063824551839\",\"https:\\\/\\\/www.instagram.com\\\/facecorner_shop\\\/\"]}]}<\/script>\n<meta property=\"product:price:amount\" content=\"21.00\" \/>\n<meta property=\"product:price:currency\" content=\"EUR\" \/>\n<meta property=\"og:availability\" content=\"out of stock\" \/>\n<meta property=\"product:availability\" content=\"out of stock\" \/>\n<meta property=\"product:condition\" content=\"new\" \/>\n<!-- \/ Yoast SEO plugin. -->","yoast_head_json":{"title":"Dr.Jart+ Every Sun Day Mild Sun SPF43+\/PA+++ 30ml - FACECORNER","robots":{"index":"index","follow":"follow","max-snippet":"max-snippet:-1","max-image-preview":"max-image-preview:large","max-video-preview":"max-video-preview:-1"},"canonical":"https:\/\/www.facecorner.lv\/en\/shop\/dr-jart-every-sun-day-mild-sun-spf43-pa-30ml\/","og_locale":"en_US","og_type":"article","og_title":"Dr.Jart+ Every Sun Day Mild Sun SPF43+\/PA+++ 30ml - FACECORNER","og_description":"Dr.Jart+ Every Sun Day Mild Sun SPF43+\/PA+++ \u00a0\u0160is maigais saules aizsargkr\u0113ms jut\u012bgai \u0101dai, pateicoties fizik\u0101lo un \u0137\u012bmisko filtru kombin\u0101cijai, nodro\u0161ina dro\u0161u sejas un \u0137erme\u0146a \u0101das aizsardz\u012bbu pret ultraviolet\u0101 starojuma negat\u012bvo ietekmi un l\u012bdz ar to ar\u012b pret priek\u0161laic\u012bgu \u0101das noveco\u0161anos. Kr\u0113ma sast\u0101v\u0101 iek\u013cautais augu ekstraktu, e\u013c\u013cu, prote\u012bnu komplekss padara \u0101du mitr\u0101ku, glud\u0101ku, sniedz ilgsto\u0161u komforta [&hellip;]","og_url":"https:\/\/www.facecorner.lv\/en\/shop\/dr-jart-every-sun-day-mild-sun-spf43-pa-30ml\/","og_site_name":"FACECORNER","article_publisher":"https:\/\/www.facebook.com\/profile.php?id=100063824551839","article_modified_time":"2025-05-29T22:13:41+00:00","og_image":[{"width":756,"height":757,"url":"https:\/\/www.facecorner.lv\/wp-content\/uploads\/2024\/03\/everysundayspf.jpg.webp","type":"image\/webp"}],"twitter_card":"summary_large_image","twitter_misc":{"Price":"&euro;21.00","Availability":"Out of stock"},"schema":{"@context":"https:\/\/schema.org","@graph":[{"@type":"WebPage","@id":"https:\/\/www.facecorner.lv\/shop\/dr-jart-every-sun-day-mild-sun-spf43-pa-30ml\/","url":"https:\/\/www.facecorner.lv\/shop\/dr-jart-every-sun-day-mild-sun-spf43-pa-30ml\/","name":"Dr.Jart+ Every Sun Day Mild Sun SPF43+\/PA+++ 30ml - FACECORNER","isPartOf":{"@id":"https:\/\/www.facecorner.lv\/#website"},"primaryImageOfPage":{"@id":"https:\/\/www.facecorner.lv\/shop\/dr-jart-every-sun-day-mild-sun-spf43-pa-30ml\/#primaryimage"},"image":{"@id":"https:\/\/www.facecorner.lv\/shop\/dr-jart-every-sun-day-mild-sun-spf43-pa-30ml\/#primaryimage"},"thumbnailUrl":"https:\/\/www.facecorner.lv\/wp-content\/uploads\/2024\/03\/everysundayspf.jpg.webp","datePublished":"2024-03-09T18:50:54+00:00","dateModified":"2025-05-29T22:13:41+00:00","breadcrumb":{"@id":"https:\/\/www.facecorner.lv\/shop\/dr-jart-every-sun-day-mild-sun-spf43-pa-30ml\/#breadcrumb"},"inLanguage":"en-US","potentialAction":[{"@type":"ReadAction","target":["https:\/\/www.facecorner.lv\/shop\/dr-jart-every-sun-day-mild-sun-spf43-pa-30ml\/"]}]},{"@type":"ImageObject","inLanguage":"en-US","@id":"https:\/\/www.facecorner.lv\/shop\/dr-jart-every-sun-day-mild-sun-spf43-pa-30ml\/#primaryimage","url":"https:\/\/www.facecorner.lv\/wp-content\/uploads\/2024\/03\/everysundayspf.jpg.webp","contentUrl":"https:\/\/www.facecorner.lv\/wp-content\/uploads\/2024\/03\/everysundayspf.jpg.webp","width":756,"height":757},{"@type":"BreadcrumbList","@id":"https:\/\/www.facecorner.lv\/shop\/dr-jart-every-sun-day-mild-sun-spf43-pa-30ml\/#breadcrumb","itemListElement":[{"@type":"ListItem","position":1,"name":"Home","item":"https:\/\/www.facecorner.lv\/"},{"@type":"ListItem","position":2,"name":"Veikals","item":"https:\/\/www.facecorner.lv\/shop\/"},{"@type":"ListItem","position":3,"name":"Dr.Jart+ Every Sun Day Mild Sun SPF43+\/PA+++ 30ml"}]},{"@type":"WebSite","@id":"https:\/\/www.facecorner.lv\/#website","url":"https:\/\/www.facecorner.lv\/","name":"Facecorner","description":"","publisher":{"@id":"https:\/\/www.facecorner.lv\/#organization"},"potentialAction":[{"@type":"SearchAction","target":{"@type":"EntryPoint","urlTemplate":"https:\/\/www.facecorner.lv\/?s={search_term_string}"},"query-input":{"@type":"PropertyValueSpecification","valueRequired":true,"valueName":"search_term_string"}}],"inLanguage":"en-US"},{"@type":"Organization","@id":"https:\/\/www.facecorner.lv\/#organization","name":"Facecorner","url":"https:\/\/www.facecorner.lv\/","logo":{"@type":"ImageObject","inLanguage":"en-US","@id":"https:\/\/www.facecorner.lv\/#\/schema\/logo\/image\/","url":"https:\/\/www.facecorner.lv\/wp-content\/uploads\/2024\/04\/fc-logo.jpg","contentUrl":"https:\/\/www.facecorner.lv\/wp-content\/uploads\/2024\/04\/fc-logo.jpg","width":174,"height":28,"caption":"Facecorner"},"image":{"@id":"https:\/\/www.facecorner.lv\/#\/schema\/logo\/image\/"},"sameAs":["https:\/\/www.facebook.com\/profile.php?id=100063824551839","https:\/\/www.instagram.com\/facecorner_shop\/"]}]},"product_price_amount":"21.00","product_price_currency":"EUR","og_availability":"out of stock","product_availability":"out of stock","product_condition":"new"},"_links":{"self":[{"href":"https:\/\/www.facecorner.lv\/en\/wp-json\/wp\/v2\/product\/14582","targetHints":{"allow":["GET"]}}],"collection":[{"href":"https:\/\/www.facecorner.lv\/en\/wp-json\/wp\/v2\/product"}],"about":[{"href":"https:\/\/www.facecorner.lv\/en\/wp-json\/wp\/v2\/types\/product"}],"replies":[{"embeddable":true,"href":"https:\/\/www.facecorner.lv\/en\/wp-json\/wp\/v2\/comments?post=14582"}],"wp:featuredmedia":[{"embeddable":true,"href":"https:\/\/www.facecorner.lv\/en\/wp-json\/wp\/v2\/media\/14583"}],"wp:attachment":[{"href":"https:\/\/www.facecorner.lv\/en\/wp-json\/wp\/v2\/media?parent=14582"}],"wp:term":[{"taxonomy":"product_brand","embeddable":true,"href":"https:\/\/www.facecorner.lv\/en\/wp-json\/wp\/v2\/product_brand?post=14582"},{"taxonomy":"product_cat","embeddable":true,"href":"https:\/\/www.facecorner.lv\/en\/wp-json\/wp\/v2\/product_cat?post=14582"},{"taxonomy":"product_tag","embeddable":true,"href":"https:\/\/www.facecorner.lv\/en\/wp-json\/wp\/v2\/product_tag?post=14582"},{"taxonomy":"berocket_brand","embeddable":true,"href":"https:\/\/www.facecorner.lv\/en\/wp-json\/wp\/v2\/berocket_brand?post=14582"}],"curies":[{"name":"wp","href":"https:\/\/api.w.org\/{rel}","templated":true}]}}