{"id":14579,"date":"2024-03-09T20:43:31","date_gmt":"2024-03-09T18:43:31","guid":{"rendered":"https:\/\/www.facecorner.lv\/?post_type=product&#038;p=14579"},"modified":"2024-12-03T00:00:25","modified_gmt":"2024-12-02T21:00:25","slug":"dr-jart-every-sun-day-waterproof-sun-milk-spf50-pa-30ml","status":"publish","type":"product","link":"https:\/\/www.facecorner.lv\/en\/shop\/dr-jart-every-sun-day-waterproof-sun-milk-spf50-pa-30ml\/","title":{"rendered":"Dr.Jart+ Every Sun Day Waterproof Sun Milk SPF50+ PA++++ 30ml"},"content":{"rendered":"<p>\u0160is produkts ar lieliski vieglu, pienainu tekst\u016bru nodro\u0161in\u0101s j\u016bsu \u0101dai ilgsto\u0161u un notur\u012bgu UV aizsardz\u012bbu visas dienas garum\u0101.<\/p>\n<p>Pateicoties t\u0101 \u016bdensiztur\u012bgajai formulai, l\u012bdzeklis nav j\u0101atjauno \u016bdens vai sviedru gad\u012bjum\u0101. T\u0101p\u0113c \u0161\u012b saules aizsargl\u012bdzek\u013ca versija ir lieliski piem\u0113rota ar\u012b tiem, kas regul\u0101ri izmanto aizsargmaskas.<\/p>\n<p>Formulas pamat\u0101 ir jaun\u0101s paaudzes aizsardz\u012bbas filtri, tostarp Tinosorb M, Uvinul A Plus, Uvinul T 150 un Uvasorb HEB. Akt\u012bvie kompleksi aizsarg\u0101 pret UVA un UVB stariem un intens\u012bvi mitrina audus. Viegla \u016bdensnotur\u012bga konsistence vienm\u0113r\u012bgi sadal\u0101s un \u0101tri uzs\u016bcas.<\/p>\n<p>L\u012bdzeklis samazina staru negat\u012bvo ietekmi uz \u0101du un mazina aler\u0123isku reakciju risku.<\/p>\n<p><strong>How to use: <\/strong>Uzkl\u0101jiet kr\u0113mu vienm\u0113r\u012bgi k\u0101 p\u0113d\u0113jo \u0101das kop\u0161anas soli uz piln\u012bgi sausas \u0101das. \u013baujiet \u0101dai piln\u012bb\u0101 nostabiliz\u0113ties aptuveni 20 min\u016btes, p\u0113c tam varat uzkl\u0101t grimu.<\/p>\n<p><strong>Ingredientes:<\/strong>: Aqua,<span style=\"color: var(--g5-color-text-main); font-family: var(--g5-body-font); font-size: var(--g5-body-font-size); font-style: var(--g5-body-font-style); letter-spacing: var(--g5-body-letter-spacing); text-transform: var(--g5-body-text-transform);\">Dibutyl Adipate, Propanediol, Diethylamino Hydroxybenzoyl Hexyl Benzoate, Polymethylsilsesquioxane, Ethylhexyl Triazone, Niacinamide, Methylene Bis-Benzotriazolyl Tetramethylbutylphenol, Coco-Caprylate\/Caprate, Caprylyl Methicone, Diethylhexyl Butamido Triazone, Glycerin, Butylene Glycol, 1,2-Hexanediol, Hippophae Rhamnoides Fruit Extract, Daucus Carota Sativa (Carrot) Root Extract, Rosa Canina Fruit Extract, Pyrus Malus (Apple) Fruit Extract, Aloe Ferox Leaf Extract, Artemisia Capillaris Extract, Prunus Armeniaca (Apricot) Juice, Hydrogenated Lecithin, Pentylene Glycol, Behenyl Alcohol, Poly C10-30 Alkyl Acrylate, Polyglyceryl-3 Methylglucose Distearate, Decyl Glucoside, Tromethamine, Carbomer, Acrylates\/C10-30 Alkyl Acrylate Crosspolymer, Sodium Stearoyl Glutamate, Polyacrylate Crosspolymer-6, Ethylhexylglycerin, Adenosine, Xanthan Gum, t-Butyl Alcohol, Tocopherol, Ascorbic Acid, Moringa Oleifera Seed Oil, Ceramide NP, Phytosphingosine, Fragrance<\/span><\/p>","protected":false},"excerpt":{"rendered":"<p>\u0160is produkts ar lieliski vieglu, pienainu tekst\u016bru nodro\u0161in\u0101s j\u016bsu \u0101dai ilgsto\u0161u un notur\u012bgu UV aizsardz\u012bbu visas dienas garum\u0101. Pateicoties t\u0101 \u016bdensiztur\u012bgajai formulai, l\u012bdzeklis nav j\u0101atjauno \u016bdens vai sviedru gad\u012bjum\u0101. T\u0101p\u0113c \u0161\u012b saules aizsargl\u012bdzek\u013ca versija ir lieliski piem\u0113rota ar\u012b tiem, kas regul\u0101ri izmanto aizsargmaskas. Formulas pamat\u0101 ir jaun\u0101s paaudzes aizsardz\u012bbas filtri, tostarp Tinosorb M, Uvinul A [&hellip;]<\/p>\n","protected":false},"featured_media":14580,"comment_status":"open","ping_status":"closed","template":"","meta":{"site-sidebar-layout":"default","site-content-layout":"","ast-site-content-layout":"","site-content-style":"default","site-sidebar-style":"default","ast-global-header-display":"","ast-banner-title-visibility":"","ast-main-header-display":"","ast-hfb-above-header-display":"","ast-hfb-below-header-display":"","ast-hfb-mobile-header-display":"","site-post-title":"","ast-breadcrumbs-content":"","ast-featured-img":"","footer-sml-layout":"","theme-transparent-header-meta":"","adv-header-id-meta":"","stick-header-meta":"","header-above-stick-meta":"","header-main-stick-meta":"","header-below-stick-meta":"","astra-migrate-meta-layouts":"default","ast-page-background-enabled":"default","ast-page-background-meta":{"desktop":{"background-color":"var(--ast-global-color-4)","background-image":"","background-repeat":"repeat","background-position":"center center","background-size":"auto","background-attachment":"scroll","background-type":"","background-media":"","overlay-type":"","overlay-color":"","overlay-opacity":"","overlay-gradient":""},"tablet":{"background-color":"","background-image":"","background-repeat":"repeat","background-position":"center center","background-size":"auto","background-attachment":"scroll","background-type":"","background-media":"","overlay-type":"","overlay-color":"","overlay-opacity":"","overlay-gradient":""},"mobile":{"background-color":"","background-image":"","background-repeat":"repeat","background-position":"center center","background-size":"auto","background-attachment":"scroll","background-type":"","background-media":"","overlay-type":"","overlay-color":"","overlay-opacity":"","overlay-gradient":""}},"ast-content-background-meta":{"desktop":{"background-color":"var(--ast-global-color-5)","background-image":"","background-repeat":"repeat","background-position":"center center","background-size":"auto","background-attachment":"scroll","background-type":"","background-media":"","overlay-type":"","overlay-color":"","overlay-opacity":"","overlay-gradient":""},"tablet":{"background-color":"var(--ast-global-color-5)","background-image":"","background-repeat":"repeat","background-position":"center center","background-size":"auto","background-attachment":"scroll","background-type":"","background-media":"","overlay-type":"","overlay-color":"","overlay-opacity":"","overlay-gradient":""},"mobile":{"background-color":"var(--ast-global-color-5)","background-image":"","background-repeat":"repeat","background-position":"center center","background-size":"auto","background-attachment":"scroll","background-type":"","background-media":"","overlay-type":"","overlay-color":"","overlay-opacity":"","overlay-gradient":""}}},"product_brand":[],"product_cat":[512],"product_tag":[],"berocket_brand":[591],"class_list":{"0":"post-14579","1":"product","2":"type-product","3":"status-publish","4":"has-post-thumbnail","6":"product_cat-spf","7":"berocket_brand-dr-jart","8":"desktop-align-left","9":"tablet-align-left","10":"mobile-align-left","12":"first","13":"instock","14":"taxable","15":"shipping-taxable","16":"purchasable","17":"product-type-simple","18":"add-to-wishlist-before_image"},"yoast_head":"<!-- This site is optimized with the Yoast SEO plugin v27.4 - https:\/\/yoast.com\/product\/yoast-seo-wordpress\/ -->\n<title>Dr.Jart+ Every Sun Day Waterproof Sun Milk SPF50+ PA++++ 30ml - FACECORNER<\/title>\n<meta name=\"robots\" content=\"index, follow, max-snippet:-1, max-image-preview:large, max-video-preview:-1\" \/>\n<link rel=\"canonical\" href=\"https:\/\/www.facecorner.lv\/en\/shop\/dr-jart-every-sun-day-waterproof-sun-milk-spf50-pa-30ml\/\" \/>\n<meta property=\"og:locale\" content=\"en_US\" \/>\n<meta property=\"og:type\" content=\"article\" \/>\n<meta property=\"og:title\" content=\"Dr.Jart+ Every Sun Day Waterproof Sun Milk SPF50+ PA++++ 30ml - FACECORNER\" \/>\n<meta property=\"og:description\" content=\"\u0160is produkts ar lieliski vieglu, pienainu tekst\u016bru nodro\u0161in\u0101s j\u016bsu \u0101dai ilgsto\u0161u un notur\u012bgu UV aizsardz\u012bbu visas dienas garum\u0101. Pateicoties t\u0101 \u016bdensiztur\u012bgajai formulai, l\u012bdzeklis nav j\u0101atjauno \u016bdens vai sviedru gad\u012bjum\u0101. T\u0101p\u0113c \u0161\u012b saules aizsargl\u012bdzek\u013ca versija ir lieliski piem\u0113rota ar\u012b tiem, kas regul\u0101ri izmanto aizsargmaskas. Formulas pamat\u0101 ir jaun\u0101s paaudzes aizsardz\u012bbas filtri, tostarp Tinosorb M, Uvinul A [&hellip;]\" \/>\n<meta property=\"og:url\" content=\"https:\/\/www.facecorner.lv\/en\/shop\/dr-jart-every-sun-day-waterproof-sun-milk-spf50-pa-30ml\/\" \/>\n<meta property=\"og:site_name\" content=\"FACECORNER\" \/>\n<meta property=\"article:publisher\" content=\"https:\/\/www.facebook.com\/profile.php?id=100063824551839\" \/>\n<meta property=\"article:modified_time\" content=\"2024-12-02T21:00:25+00:00\" \/>\n<meta property=\"og:image\" content=\"https:\/\/www.facecorner.lv\/wp-content\/uploads\/2024\/03\/max_73103.jpg\" \/>\n\t<meta property=\"og:image:width\" content=\"750\" \/>\n\t<meta property=\"og:image:height\" content=\"750\" \/>\n\t<meta property=\"og:image:type\" content=\"image\/jpeg\" \/>\n<meta name=\"twitter:card\" content=\"summary_large_image\" \/>\n<meta name=\"twitter:label1\" content=\"Price\" \/>\n\t<meta name=\"twitter:data1\" content=\"&euro;22.95\" \/>\n\t<meta name=\"twitter:label2\" content=\"Availability\" \/>\n\t<meta name=\"twitter:data2\" content=\"In stock\" \/>\n<script type=\"application\/ld+json\" class=\"yoast-schema-graph\">{\"@context\":\"https:\\\/\\\/schema.org\",\"@graph\":[{\"@type\":\"WebPage\",\"@id\":\"https:\\\/\\\/www.facecorner.lv\\\/shop\\\/dr-jart-every-sun-day-waterproof-sun-milk-spf50-pa-30ml\\\/\",\"url\":\"https:\\\/\\\/www.facecorner.lv\\\/shop\\\/dr-jart-every-sun-day-waterproof-sun-milk-spf50-pa-30ml\\\/\",\"name\":\"Dr.Jart+ Every Sun Day Waterproof Sun Milk SPF50+ PA++++ 30ml - FACECORNER\",\"isPartOf\":{\"@id\":\"https:\\\/\\\/www.facecorner.lv\\\/#website\"},\"primaryImageOfPage\":{\"@id\":\"https:\\\/\\\/www.facecorner.lv\\\/shop\\\/dr-jart-every-sun-day-waterproof-sun-milk-spf50-pa-30ml\\\/#primaryimage\"},\"image\":{\"@id\":\"https:\\\/\\\/www.facecorner.lv\\\/shop\\\/dr-jart-every-sun-day-waterproof-sun-milk-spf50-pa-30ml\\\/#primaryimage\"},\"thumbnailUrl\":\"https:\\\/\\\/www.facecorner.lv\\\/wp-content\\\/uploads\\\/2024\\\/03\\\/max_73103.jpg\",\"datePublished\":\"2024-03-09T18:43:31+00:00\",\"dateModified\":\"2024-12-02T21:00:25+00:00\",\"breadcrumb\":{\"@id\":\"https:\\\/\\\/www.facecorner.lv\\\/shop\\\/dr-jart-every-sun-day-waterproof-sun-milk-spf50-pa-30ml\\\/#breadcrumb\"},\"inLanguage\":\"en-US\",\"potentialAction\":[{\"@type\":\"ReadAction\",\"target\":[\"https:\\\/\\\/www.facecorner.lv\\\/shop\\\/dr-jart-every-sun-day-waterproof-sun-milk-spf50-pa-30ml\\\/\"]}]},{\"@type\":\"ImageObject\",\"inLanguage\":\"en-US\",\"@id\":\"https:\\\/\\\/www.facecorner.lv\\\/shop\\\/dr-jart-every-sun-day-waterproof-sun-milk-spf50-pa-30ml\\\/#primaryimage\",\"url\":\"https:\\\/\\\/www.facecorner.lv\\\/wp-content\\\/uploads\\\/2024\\\/03\\\/max_73103.jpg\",\"contentUrl\":\"https:\\\/\\\/www.facecorner.lv\\\/wp-content\\\/uploads\\\/2024\\\/03\\\/max_73103.jpg\",\"width\":750,\"height\":750},{\"@type\":\"BreadcrumbList\",\"@id\":\"https:\\\/\\\/www.facecorner.lv\\\/shop\\\/dr-jart-every-sun-day-waterproof-sun-milk-spf50-pa-30ml\\\/#breadcrumb\",\"itemListElement\":[{\"@type\":\"ListItem\",\"position\":1,\"name\":\"Home\",\"item\":\"https:\\\/\\\/www.facecorner.lv\\\/\"},{\"@type\":\"ListItem\",\"position\":2,\"name\":\"Veikals\",\"item\":\"https:\\\/\\\/www.facecorner.lv\\\/shop\\\/\"},{\"@type\":\"ListItem\",\"position\":3,\"name\":\"Dr.Jart+ Every Sun Day Waterproof Sun Milk SPF50+ PA++++ 30ml\"}]},{\"@type\":\"WebSite\",\"@id\":\"https:\\\/\\\/www.facecorner.lv\\\/#website\",\"url\":\"https:\\\/\\\/www.facecorner.lv\\\/\",\"name\":\"Facecorner\",\"description\":\"\",\"publisher\":{\"@id\":\"https:\\\/\\\/www.facecorner.lv\\\/#organization\"},\"potentialAction\":[{\"@type\":\"SearchAction\",\"target\":{\"@type\":\"EntryPoint\",\"urlTemplate\":\"https:\\\/\\\/www.facecorner.lv\\\/?s={search_term_string}\"},\"query-input\":{\"@type\":\"PropertyValueSpecification\",\"valueRequired\":true,\"valueName\":\"search_term_string\"}}],\"inLanguage\":\"en-US\"},{\"@type\":\"Organization\",\"@id\":\"https:\\\/\\\/www.facecorner.lv\\\/#organization\",\"name\":\"Facecorner\",\"url\":\"https:\\\/\\\/www.facecorner.lv\\\/\",\"logo\":{\"@type\":\"ImageObject\",\"inLanguage\":\"en-US\",\"@id\":\"https:\\\/\\\/www.facecorner.lv\\\/#\\\/schema\\\/logo\\\/image\\\/\",\"url\":\"https:\\\/\\\/www.facecorner.lv\\\/wp-content\\\/uploads\\\/2024\\\/04\\\/fc-logo.jpg\",\"contentUrl\":\"https:\\\/\\\/www.facecorner.lv\\\/wp-content\\\/uploads\\\/2024\\\/04\\\/fc-logo.jpg\",\"width\":174,\"height\":28,\"caption\":\"Facecorner\"},\"image\":{\"@id\":\"https:\\\/\\\/www.facecorner.lv\\\/#\\\/schema\\\/logo\\\/image\\\/\"},\"sameAs\":[\"https:\\\/\\\/www.facebook.com\\\/profile.php?id=100063824551839\",\"https:\\\/\\\/www.instagram.com\\\/facecorner_shop\\\/\"]}]}<\/script>\n<meta property=\"product:price:amount\" content=\"22.95\" \/>\n<meta property=\"product:price:currency\" content=\"EUR\" \/>\n<meta property=\"og:availability\" content=\"instock\" \/>\n<meta property=\"product:availability\" content=\"instock\" \/>\n<meta property=\"product:condition\" content=\"new\" \/>\n<!-- \/ Yoast SEO plugin. -->","yoast_head_json":{"title":"Dr.Jart+ Every Sun Day Waterproof Sun Milk SPF50+ PA++++ 30ml - FACECORNER","robots":{"index":"index","follow":"follow","max-snippet":"max-snippet:-1","max-image-preview":"max-image-preview:large","max-video-preview":"max-video-preview:-1"},"canonical":"https:\/\/www.facecorner.lv\/en\/shop\/dr-jart-every-sun-day-waterproof-sun-milk-spf50-pa-30ml\/","og_locale":"en_US","og_type":"article","og_title":"Dr.Jart+ Every Sun Day Waterproof Sun Milk SPF50+ PA++++ 30ml - FACECORNER","og_description":"\u0160is produkts ar lieliski vieglu, pienainu tekst\u016bru nodro\u0161in\u0101s j\u016bsu \u0101dai ilgsto\u0161u un notur\u012bgu UV aizsardz\u012bbu visas dienas garum\u0101. Pateicoties t\u0101 \u016bdensiztur\u012bgajai formulai, l\u012bdzeklis nav j\u0101atjauno \u016bdens vai sviedru gad\u012bjum\u0101. T\u0101p\u0113c \u0161\u012b saules aizsargl\u012bdzek\u013ca versija ir lieliski piem\u0113rota ar\u012b tiem, kas regul\u0101ri izmanto aizsargmaskas. Formulas pamat\u0101 ir jaun\u0101s paaudzes aizsardz\u012bbas filtri, tostarp Tinosorb M, Uvinul A [&hellip;]","og_url":"https:\/\/www.facecorner.lv\/en\/shop\/dr-jart-every-sun-day-waterproof-sun-milk-spf50-pa-30ml\/","og_site_name":"FACECORNER","article_publisher":"https:\/\/www.facebook.com\/profile.php?id=100063824551839","article_modified_time":"2024-12-02T21:00:25+00:00","og_image":[{"width":750,"height":750,"url":"https:\/\/www.facecorner.lv\/wp-content\/uploads\/2024\/03\/max_73103.jpg","type":"image\/jpeg"}],"twitter_card":"summary_large_image","twitter_misc":{"Price":"&euro;22.95","Availability":"In stock"},"schema":{"@context":"https:\/\/schema.org","@graph":[{"@type":"WebPage","@id":"https:\/\/www.facecorner.lv\/shop\/dr-jart-every-sun-day-waterproof-sun-milk-spf50-pa-30ml\/","url":"https:\/\/www.facecorner.lv\/shop\/dr-jart-every-sun-day-waterproof-sun-milk-spf50-pa-30ml\/","name":"Dr.Jart+ Every Sun Day Waterproof Sun Milk SPF50+ PA++++ 30ml - FACECORNER","isPartOf":{"@id":"https:\/\/www.facecorner.lv\/#website"},"primaryImageOfPage":{"@id":"https:\/\/www.facecorner.lv\/shop\/dr-jart-every-sun-day-waterproof-sun-milk-spf50-pa-30ml\/#primaryimage"},"image":{"@id":"https:\/\/www.facecorner.lv\/shop\/dr-jart-every-sun-day-waterproof-sun-milk-spf50-pa-30ml\/#primaryimage"},"thumbnailUrl":"https:\/\/www.facecorner.lv\/wp-content\/uploads\/2024\/03\/max_73103.jpg","datePublished":"2024-03-09T18:43:31+00:00","dateModified":"2024-12-02T21:00:25+00:00","breadcrumb":{"@id":"https:\/\/www.facecorner.lv\/shop\/dr-jart-every-sun-day-waterproof-sun-milk-spf50-pa-30ml\/#breadcrumb"},"inLanguage":"en-US","potentialAction":[{"@type":"ReadAction","target":["https:\/\/www.facecorner.lv\/shop\/dr-jart-every-sun-day-waterproof-sun-milk-spf50-pa-30ml\/"]}]},{"@type":"ImageObject","inLanguage":"en-US","@id":"https:\/\/www.facecorner.lv\/shop\/dr-jart-every-sun-day-waterproof-sun-milk-spf50-pa-30ml\/#primaryimage","url":"https:\/\/www.facecorner.lv\/wp-content\/uploads\/2024\/03\/max_73103.jpg","contentUrl":"https:\/\/www.facecorner.lv\/wp-content\/uploads\/2024\/03\/max_73103.jpg","width":750,"height":750},{"@type":"BreadcrumbList","@id":"https:\/\/www.facecorner.lv\/shop\/dr-jart-every-sun-day-waterproof-sun-milk-spf50-pa-30ml\/#breadcrumb","itemListElement":[{"@type":"ListItem","position":1,"name":"Home","item":"https:\/\/www.facecorner.lv\/"},{"@type":"ListItem","position":2,"name":"Veikals","item":"https:\/\/www.facecorner.lv\/shop\/"},{"@type":"ListItem","position":3,"name":"Dr.Jart+ Every Sun Day Waterproof Sun Milk SPF50+ PA++++ 30ml"}]},{"@type":"WebSite","@id":"https:\/\/www.facecorner.lv\/#website","url":"https:\/\/www.facecorner.lv\/","name":"Facecorner","description":"","publisher":{"@id":"https:\/\/www.facecorner.lv\/#organization"},"potentialAction":[{"@type":"SearchAction","target":{"@type":"EntryPoint","urlTemplate":"https:\/\/www.facecorner.lv\/?s={search_term_string}"},"query-input":{"@type":"PropertyValueSpecification","valueRequired":true,"valueName":"search_term_string"}}],"inLanguage":"en-US"},{"@type":"Organization","@id":"https:\/\/www.facecorner.lv\/#organization","name":"Facecorner","url":"https:\/\/www.facecorner.lv\/","logo":{"@type":"ImageObject","inLanguage":"en-US","@id":"https:\/\/www.facecorner.lv\/#\/schema\/logo\/image\/","url":"https:\/\/www.facecorner.lv\/wp-content\/uploads\/2024\/04\/fc-logo.jpg","contentUrl":"https:\/\/www.facecorner.lv\/wp-content\/uploads\/2024\/04\/fc-logo.jpg","width":174,"height":28,"caption":"Facecorner"},"image":{"@id":"https:\/\/www.facecorner.lv\/#\/schema\/logo\/image\/"},"sameAs":["https:\/\/www.facebook.com\/profile.php?id=100063824551839","https:\/\/www.instagram.com\/facecorner_shop\/"]}]},"product_price_amount":"22.95","product_price_currency":"EUR","og_availability":"instock","product_availability":"instock","product_condition":"new"},"_links":{"self":[{"href":"https:\/\/www.facecorner.lv\/en\/wp-json\/wp\/v2\/product\/14579","targetHints":{"allow":["GET"]}}],"collection":[{"href":"https:\/\/www.facecorner.lv\/en\/wp-json\/wp\/v2\/product"}],"about":[{"href":"https:\/\/www.facecorner.lv\/en\/wp-json\/wp\/v2\/types\/product"}],"replies":[{"embeddable":true,"href":"https:\/\/www.facecorner.lv\/en\/wp-json\/wp\/v2\/comments?post=14579"}],"wp:featuredmedia":[{"embeddable":true,"href":"https:\/\/www.facecorner.lv\/en\/wp-json\/wp\/v2\/media\/14580"}],"wp:attachment":[{"href":"https:\/\/www.facecorner.lv\/en\/wp-json\/wp\/v2\/media?parent=14579"}],"wp:term":[{"taxonomy":"product_brand","embeddable":true,"href":"https:\/\/www.facecorner.lv\/en\/wp-json\/wp\/v2\/product_brand?post=14579"},{"taxonomy":"product_cat","embeddable":true,"href":"https:\/\/www.facecorner.lv\/en\/wp-json\/wp\/v2\/product_cat?post=14579"},{"taxonomy":"product_tag","embeddable":true,"href":"https:\/\/www.facecorner.lv\/en\/wp-json\/wp\/v2\/product_tag?post=14579"},{"taxonomy":"berocket_brand","embeddable":true,"href":"https:\/\/www.facecorner.lv\/en\/wp-json\/wp\/v2\/berocket_brand?post=14579"}],"curies":[{"name":"wp","href":"https:\/\/api.w.org\/{rel}","templated":true}]}}