{"id":14565,"date":"2024-03-08T15:03:43","date_gmt":"2024-03-08T13:03:43","guid":{"rendered":"https:\/\/www.facecorner.lv\/?post_type=product&#038;p=14565"},"modified":"2024-03-23T20:46:39","modified_gmt":"2024-03-23T18:46:39","slug":"mizon-phyto-plump-collagen-serum-30ml","status":"publish","type":"product","link":"https:\/\/www.facecorner.lv\/en\/shop\/mizon-phyto-plump-collagen-serum-30ml\/","title":{"rendered":"MIZON Phyto Plump Collagen Serum 30ml"},"content":{"rendered":"<p>Pretnoveco\u0161an\u0101s sejas serums ar fitokolag\u0113nu ir paredz\u0113ts nobriedu\u0161ai un novecojo\u0161ai \u0101dai. Tas veic vair\u0101kas darb\u012bbas vienlaikus. Tas pastiprina citu kosm\u0113tikas l\u012bdzek\u013cu iedarb\u012bbu.<\/p>\n<p>Serums nodro\u0161ina intens\u012bvu mitrin\u0101\u0161anu, vienlaikus pieg\u0101d\u0101jot fitokolag\u0113nu dzi\u013cajiem epidermas sl\u0101\u0146iem. Tas stiprina \u0161\u016bnas, atjauno boj\u0101t\u0101s saites ar elast\u012bnu.<\/p>\n<p>Epiderma s\u0101k strauji atjaunoties, palielin\u0101s t\u0101s elast\u012bba, tiek izl\u012bdzin\u0101tas grumbas. Dzi\u013cas grumbas k\u013c\u016bst maz\u0101k izteiktas. Uz \u0101das virsmas veidojas neredzama aizsargpl\u0113ve, kas nov\u0113r\u0161 mitruma iztvaiko\u0161anu, saglab\u0101jot optim\u0101lu \u016bdens l\u012bdzsvaru. Serums ar\u012b pies\u0101tina epidermu ar vitam\u012bniem un miner\u0101lviel\u0101m. Nov\u0113r\u0161 \u0101das lob\u012b\u0161anos, sasprindzin\u0101jumu, kairin\u0101jumu un iekaisumu. Pal\u0113nina ar vecumu saist\u012bto izmai\u0146u ra\u0161anos.<\/p>\n<p><strong>Ingredientes:<\/strong> Water, Dipropylene Glucol, Butylene Glycol, 1,2 Hexanediol, Panthenol, Polyglycerin-3, Betaine, Sodium Polyacryloyldimethyl Taurate, Tremella Fuciformis Polysaccharide, Ethylhexylglycerin, Xanthan Gum, Adenosine, Disodium EDTA, Biosaccharide Gum-1, Undaria Pinnatifida Extract, Sargassum Fulvellum Extract, Laminaria Japonica Extract, Tocopherol<\/p>","protected":false},"excerpt":{"rendered":"<p>Pretnoveco\u0161an\u0101s sejas serums ar fitokolag\u0113nu ir paredz\u0113ts nobriedu\u0161ai un novecojo\u0161ai \u0101dai. Tas veic vair\u0101kas darb\u012bbas vienlaikus. Tas pastiprina citu kosm\u0113tikas l\u012bdzek\u013cu iedarb\u012bbu. Serums nodro\u0161ina intens\u012bvu mitrin\u0101\u0161anu, vienlaikus pieg\u0101d\u0101jot fitokolag\u0113nu dzi\u013cajiem epidermas sl\u0101\u0146iem. Tas stiprina \u0161\u016bnas, atjauno boj\u0101t\u0101s saites ar elast\u012bnu. Epiderma s\u0101k strauji atjaunoties, palielin\u0101s t\u0101s elast\u012bba, tiek izl\u012bdzin\u0101tas grumbas. Dzi\u013cas grumbas k\u013c\u016bst maz\u0101k izteiktas. [&hellip;]<\/p>\n","protected":false},"featured_media":14566,"comment_status":"open","ping_status":"closed","template":"","meta":{"site-sidebar-layout":"default","site-content-layout":"","ast-site-content-layout":"","site-content-style":"default","site-sidebar-style":"default","ast-global-header-display":"","ast-banner-title-visibility":"","ast-main-header-display":"","ast-hfb-above-header-display":"","ast-hfb-below-header-display":"","ast-hfb-mobile-header-display":"","site-post-title":"","ast-breadcrumbs-content":"","ast-featured-img":"","footer-sml-layout":"","theme-transparent-header-meta":"","adv-header-id-meta":"","stick-header-meta":"","header-above-stick-meta":"","header-main-stick-meta":"","header-below-stick-meta":"","astra-migrate-meta-layouts":"default","ast-page-background-enabled":"default","ast-page-background-meta":{"desktop":{"background-color":"var(--ast-global-color-4)","background-image":"","background-repeat":"repeat","background-position":"center center","background-size":"auto","background-attachment":"scroll","background-type":"","background-media":"","overlay-type":"","overlay-color":"","overlay-opacity":"","overlay-gradient":""},"tablet":{"background-color":"","background-image":"","background-repeat":"repeat","background-position":"center center","background-size":"auto","background-attachment":"scroll","background-type":"","background-media":"","overlay-type":"","overlay-color":"","overlay-opacity":"","overlay-gradient":""},"mobile":{"background-color":"","background-image":"","background-repeat":"repeat","background-position":"center center","background-size":"auto","background-attachment":"scroll","background-type":"","background-media":"","overlay-type":"","overlay-color":"","overlay-opacity":"","overlay-gradient":""}},"ast-content-background-meta":{"desktop":{"background-color":"var(--ast-global-color-5)","background-image":"","background-repeat":"repeat","background-position":"center center","background-size":"auto","background-attachment":"scroll","background-type":"","background-media":"","overlay-type":"","overlay-color":"","overlay-opacity":"","overlay-gradient":""},"tablet":{"background-color":"var(--ast-global-color-5)","background-image":"","background-repeat":"repeat","background-position":"center center","background-size":"auto","background-attachment":"scroll","background-type":"","background-media":"","overlay-type":"","overlay-color":"","overlay-opacity":"","overlay-gradient":""},"mobile":{"background-color":"var(--ast-global-color-5)","background-image":"","background-repeat":"repeat","background-position":"center center","background-size":"auto","background-attachment":"scroll","background-type":"","background-media":"","overlay-type":"","overlay-color":"","overlay-opacity":"","overlay-gradient":""}}},"product_brand":[],"product_cat":[435],"product_tag":[],"berocket_brand":[],"class_list":{"0":"post-14565","1":"product","2":"type-product","3":"status-publish","4":"has-post-thumbnail","6":"product_cat-jaunumi","7":"desktop-align-left","8":"tablet-align-left","9":"mobile-align-left","11":"first","12":"instock","13":"taxable","14":"shipping-taxable","15":"purchasable","16":"product-type-simple","17":"add-to-wishlist-before_image"},"yoast_head":"<!-- This site is optimized with the Yoast SEO plugin v27.4 - https:\/\/yoast.com\/product\/yoast-seo-wordpress\/ -->\n<title>MIZON Phyto Plump Collagen Serum 30ml - FACECORNER<\/title>\n<meta name=\"robots\" content=\"index, follow, max-snippet:-1, max-image-preview:large, max-video-preview:-1\" \/>\n<link rel=\"canonical\" href=\"https:\/\/www.facecorner.lv\/en\/shop\/mizon-phyto-plump-collagen-serum-30ml\/\" \/>\n<meta property=\"og:locale\" content=\"en_US\" \/>\n<meta property=\"og:type\" content=\"article\" \/>\n<meta property=\"og:title\" content=\"MIZON Phyto Plump Collagen Serum 30ml - FACECORNER\" \/>\n<meta property=\"og:description\" content=\"Pretnoveco\u0161an\u0101s sejas serums ar fitokolag\u0113nu ir paredz\u0113ts nobriedu\u0161ai un novecojo\u0161ai \u0101dai. Tas veic vair\u0101kas darb\u012bbas vienlaikus. Tas pastiprina citu kosm\u0113tikas l\u012bdzek\u013cu iedarb\u012bbu. Serums nodro\u0161ina intens\u012bvu mitrin\u0101\u0161anu, vienlaikus pieg\u0101d\u0101jot fitokolag\u0113nu dzi\u013cajiem epidermas sl\u0101\u0146iem. Tas stiprina \u0161\u016bnas, atjauno boj\u0101t\u0101s saites ar elast\u012bnu. Epiderma s\u0101k strauji atjaunoties, palielin\u0101s t\u0101s elast\u012bba, tiek izl\u012bdzin\u0101tas grumbas. Dzi\u013cas grumbas k\u013c\u016bst maz\u0101k izteiktas. [&hellip;]\" \/>\n<meta property=\"og:url\" content=\"https:\/\/www.facecorner.lv\/en\/shop\/mizon-phyto-plump-collagen-serum-30ml\/\" \/>\n<meta property=\"og:site_name\" content=\"FACECORNER\" \/>\n<meta property=\"article:publisher\" content=\"https:\/\/www.facebook.com\/profile.php?id=100063824551839\" \/>\n<meta property=\"article:modified_time\" content=\"2024-03-23T18:46:39+00:00\" \/>\n<meta property=\"og:image\" content=\"https:\/\/www.facecorner.lv\/wp-content\/uploads\/2024\/03\/781819-CB5C-1000x1000-1.png\" \/>\n\t<meta property=\"og:image:width\" content=\"960\" \/>\n\t<meta property=\"og:image:height\" content=\"960\" \/>\n\t<meta property=\"og:image:type\" content=\"image\/png\" \/>\n<meta name=\"twitter:card\" content=\"summary_large_image\" \/>\n<meta name=\"twitter:label1\" content=\"Price\" \/>\n\t<meta name=\"twitter:data1\" content=\"&euro;25.90\" \/>\n\t<meta name=\"twitter:label2\" content=\"Availability\" \/>\n\t<meta name=\"twitter:data2\" content=\"In stock\" \/>\n<script type=\"application\/ld+json\" class=\"yoast-schema-graph\">{\"@context\":\"https:\\\/\\\/schema.org\",\"@graph\":[{\"@type\":\"WebPage\",\"@id\":\"https:\\\/\\\/www.facecorner.lv\\\/shop\\\/mizon-phyto-plump-collagen-serum-30ml\\\/\",\"url\":\"https:\\\/\\\/www.facecorner.lv\\\/shop\\\/mizon-phyto-plump-collagen-serum-30ml\\\/\",\"name\":\"MIZON Phyto Plump Collagen Serum 30ml - FACECORNER\",\"isPartOf\":{\"@id\":\"https:\\\/\\\/www.facecorner.lv\\\/#website\"},\"primaryImageOfPage\":{\"@id\":\"https:\\\/\\\/www.facecorner.lv\\\/shop\\\/mizon-phyto-plump-collagen-serum-30ml\\\/#primaryimage\"},\"image\":{\"@id\":\"https:\\\/\\\/www.facecorner.lv\\\/shop\\\/mizon-phyto-plump-collagen-serum-30ml\\\/#primaryimage\"},\"thumbnailUrl\":\"https:\\\/\\\/www.facecorner.lv\\\/wp-content\\\/uploads\\\/2024\\\/03\\\/781819-CB5C-1000x1000-1.png\",\"datePublished\":\"2024-03-08T13:03:43+00:00\",\"dateModified\":\"2024-03-23T18:46:39+00:00\",\"breadcrumb\":{\"@id\":\"https:\\\/\\\/www.facecorner.lv\\\/shop\\\/mizon-phyto-plump-collagen-serum-30ml\\\/#breadcrumb\"},\"inLanguage\":\"en-US\",\"potentialAction\":[{\"@type\":\"ReadAction\",\"target\":[\"https:\\\/\\\/www.facecorner.lv\\\/shop\\\/mizon-phyto-plump-collagen-serum-30ml\\\/\"]}]},{\"@type\":\"ImageObject\",\"inLanguage\":\"en-US\",\"@id\":\"https:\\\/\\\/www.facecorner.lv\\\/shop\\\/mizon-phyto-plump-collagen-serum-30ml\\\/#primaryimage\",\"url\":\"https:\\\/\\\/www.facecorner.lv\\\/wp-content\\\/uploads\\\/2024\\\/03\\\/781819-CB5C-1000x1000-1.png\",\"contentUrl\":\"https:\\\/\\\/www.facecorner.lv\\\/wp-content\\\/uploads\\\/2024\\\/03\\\/781819-CB5C-1000x1000-1.png\",\"width\":960,\"height\":960},{\"@type\":\"BreadcrumbList\",\"@id\":\"https:\\\/\\\/www.facecorner.lv\\\/shop\\\/mizon-phyto-plump-collagen-serum-30ml\\\/#breadcrumb\",\"itemListElement\":[{\"@type\":\"ListItem\",\"position\":1,\"name\":\"Home\",\"item\":\"https:\\\/\\\/www.facecorner.lv\\\/\"},{\"@type\":\"ListItem\",\"position\":2,\"name\":\"Veikals\",\"item\":\"https:\\\/\\\/www.facecorner.lv\\\/shop\\\/\"},{\"@type\":\"ListItem\",\"position\":3,\"name\":\"MIZON Phyto Plump Collagen Serum 30ml\"}]},{\"@type\":\"WebSite\",\"@id\":\"https:\\\/\\\/www.facecorner.lv\\\/#website\",\"url\":\"https:\\\/\\\/www.facecorner.lv\\\/\",\"name\":\"Facecorner\",\"description\":\"\",\"publisher\":{\"@id\":\"https:\\\/\\\/www.facecorner.lv\\\/#organization\"},\"potentialAction\":[{\"@type\":\"SearchAction\",\"target\":{\"@type\":\"EntryPoint\",\"urlTemplate\":\"https:\\\/\\\/www.facecorner.lv\\\/?s={search_term_string}\"},\"query-input\":{\"@type\":\"PropertyValueSpecification\",\"valueRequired\":true,\"valueName\":\"search_term_string\"}}],\"inLanguage\":\"en-US\"},{\"@type\":\"Organization\",\"@id\":\"https:\\\/\\\/www.facecorner.lv\\\/#organization\",\"name\":\"Facecorner\",\"url\":\"https:\\\/\\\/www.facecorner.lv\\\/\",\"logo\":{\"@type\":\"ImageObject\",\"inLanguage\":\"en-US\",\"@id\":\"https:\\\/\\\/www.facecorner.lv\\\/#\\\/schema\\\/logo\\\/image\\\/\",\"url\":\"https:\\\/\\\/www.facecorner.lv\\\/wp-content\\\/uploads\\\/2024\\\/04\\\/fc-logo.jpg\",\"contentUrl\":\"https:\\\/\\\/www.facecorner.lv\\\/wp-content\\\/uploads\\\/2024\\\/04\\\/fc-logo.jpg\",\"width\":174,\"height\":28,\"caption\":\"Facecorner\"},\"image\":{\"@id\":\"https:\\\/\\\/www.facecorner.lv\\\/#\\\/schema\\\/logo\\\/image\\\/\"},\"sameAs\":[\"https:\\\/\\\/www.facebook.com\\\/profile.php?id=100063824551839\",\"https:\\\/\\\/www.instagram.com\\\/facecorner_shop\\\/\"]}]}<\/script>\n<meta property=\"product:price:amount\" content=\"25.90\" \/>\n<meta property=\"product:price:currency\" content=\"EUR\" \/>\n<meta property=\"og:availability\" content=\"instock\" \/>\n<meta property=\"product:availability\" content=\"instock\" \/>\n<meta property=\"product:condition\" content=\"new\" \/>\n<!-- \/ Yoast SEO plugin. -->","yoast_head_json":{"title":"MIZON Phyto Plump Collagen Serum 30ml - FACECORNER","robots":{"index":"index","follow":"follow","max-snippet":"max-snippet:-1","max-image-preview":"max-image-preview:large","max-video-preview":"max-video-preview:-1"},"canonical":"https:\/\/www.facecorner.lv\/en\/shop\/mizon-phyto-plump-collagen-serum-30ml\/","og_locale":"en_US","og_type":"article","og_title":"MIZON Phyto Plump Collagen Serum 30ml - FACECORNER","og_description":"Pretnoveco\u0161an\u0101s sejas serums ar fitokolag\u0113nu ir paredz\u0113ts nobriedu\u0161ai un novecojo\u0161ai \u0101dai. Tas veic vair\u0101kas darb\u012bbas vienlaikus. Tas pastiprina citu kosm\u0113tikas l\u012bdzek\u013cu iedarb\u012bbu. Serums nodro\u0161ina intens\u012bvu mitrin\u0101\u0161anu, vienlaikus pieg\u0101d\u0101jot fitokolag\u0113nu dzi\u013cajiem epidermas sl\u0101\u0146iem. Tas stiprina \u0161\u016bnas, atjauno boj\u0101t\u0101s saites ar elast\u012bnu. Epiderma s\u0101k strauji atjaunoties, palielin\u0101s t\u0101s elast\u012bba, tiek izl\u012bdzin\u0101tas grumbas. Dzi\u013cas grumbas k\u013c\u016bst maz\u0101k izteiktas. [&hellip;]","og_url":"https:\/\/www.facecorner.lv\/en\/shop\/mizon-phyto-plump-collagen-serum-30ml\/","og_site_name":"FACECORNER","article_publisher":"https:\/\/www.facebook.com\/profile.php?id=100063824551839","article_modified_time":"2024-03-23T18:46:39+00:00","og_image":[{"width":960,"height":960,"url":"https:\/\/www.facecorner.lv\/wp-content\/uploads\/2024\/03\/781819-CB5C-1000x1000-1.png","type":"image\/png"}],"twitter_card":"summary_large_image","twitter_misc":{"Price":"&euro;25.90","Availability":"In stock"},"schema":{"@context":"https:\/\/schema.org","@graph":[{"@type":"WebPage","@id":"https:\/\/www.facecorner.lv\/shop\/mizon-phyto-plump-collagen-serum-30ml\/","url":"https:\/\/www.facecorner.lv\/shop\/mizon-phyto-plump-collagen-serum-30ml\/","name":"MIZON Phyto Plump Collagen Serum 30ml - FACECORNER","isPartOf":{"@id":"https:\/\/www.facecorner.lv\/#website"},"primaryImageOfPage":{"@id":"https:\/\/www.facecorner.lv\/shop\/mizon-phyto-plump-collagen-serum-30ml\/#primaryimage"},"image":{"@id":"https:\/\/www.facecorner.lv\/shop\/mizon-phyto-plump-collagen-serum-30ml\/#primaryimage"},"thumbnailUrl":"https:\/\/www.facecorner.lv\/wp-content\/uploads\/2024\/03\/781819-CB5C-1000x1000-1.png","datePublished":"2024-03-08T13:03:43+00:00","dateModified":"2024-03-23T18:46:39+00:00","breadcrumb":{"@id":"https:\/\/www.facecorner.lv\/shop\/mizon-phyto-plump-collagen-serum-30ml\/#breadcrumb"},"inLanguage":"en-US","potentialAction":[{"@type":"ReadAction","target":["https:\/\/www.facecorner.lv\/shop\/mizon-phyto-plump-collagen-serum-30ml\/"]}]},{"@type":"ImageObject","inLanguage":"en-US","@id":"https:\/\/www.facecorner.lv\/shop\/mizon-phyto-plump-collagen-serum-30ml\/#primaryimage","url":"https:\/\/www.facecorner.lv\/wp-content\/uploads\/2024\/03\/781819-CB5C-1000x1000-1.png","contentUrl":"https:\/\/www.facecorner.lv\/wp-content\/uploads\/2024\/03\/781819-CB5C-1000x1000-1.png","width":960,"height":960},{"@type":"BreadcrumbList","@id":"https:\/\/www.facecorner.lv\/shop\/mizon-phyto-plump-collagen-serum-30ml\/#breadcrumb","itemListElement":[{"@type":"ListItem","position":1,"name":"Home","item":"https:\/\/www.facecorner.lv\/"},{"@type":"ListItem","position":2,"name":"Veikals","item":"https:\/\/www.facecorner.lv\/shop\/"},{"@type":"ListItem","position":3,"name":"MIZON Phyto Plump Collagen Serum 30ml"}]},{"@type":"WebSite","@id":"https:\/\/www.facecorner.lv\/#website","url":"https:\/\/www.facecorner.lv\/","name":"Facecorner","description":"","publisher":{"@id":"https:\/\/www.facecorner.lv\/#organization"},"potentialAction":[{"@type":"SearchAction","target":{"@type":"EntryPoint","urlTemplate":"https:\/\/www.facecorner.lv\/?s={search_term_string}"},"query-input":{"@type":"PropertyValueSpecification","valueRequired":true,"valueName":"search_term_string"}}],"inLanguage":"en-US"},{"@type":"Organization","@id":"https:\/\/www.facecorner.lv\/#organization","name":"Facecorner","url":"https:\/\/www.facecorner.lv\/","logo":{"@type":"ImageObject","inLanguage":"en-US","@id":"https:\/\/www.facecorner.lv\/#\/schema\/logo\/image\/","url":"https:\/\/www.facecorner.lv\/wp-content\/uploads\/2024\/04\/fc-logo.jpg","contentUrl":"https:\/\/www.facecorner.lv\/wp-content\/uploads\/2024\/04\/fc-logo.jpg","width":174,"height":28,"caption":"Facecorner"},"image":{"@id":"https:\/\/www.facecorner.lv\/#\/schema\/logo\/image\/"},"sameAs":["https:\/\/www.facebook.com\/profile.php?id=100063824551839","https:\/\/www.instagram.com\/facecorner_shop\/"]}]},"product_price_amount":"25.90","product_price_currency":"EUR","og_availability":"instock","product_availability":"instock","product_condition":"new"},"_links":{"self":[{"href":"https:\/\/www.facecorner.lv\/en\/wp-json\/wp\/v2\/product\/14565","targetHints":{"allow":["GET"]}}],"collection":[{"href":"https:\/\/www.facecorner.lv\/en\/wp-json\/wp\/v2\/product"}],"about":[{"href":"https:\/\/www.facecorner.lv\/en\/wp-json\/wp\/v2\/types\/product"}],"replies":[{"embeddable":true,"href":"https:\/\/www.facecorner.lv\/en\/wp-json\/wp\/v2\/comments?post=14565"}],"wp:featuredmedia":[{"embeddable":true,"href":"https:\/\/www.facecorner.lv\/en\/wp-json\/wp\/v2\/media\/14566"}],"wp:attachment":[{"href":"https:\/\/www.facecorner.lv\/en\/wp-json\/wp\/v2\/media?parent=14565"}],"wp:term":[{"taxonomy":"product_brand","embeddable":true,"href":"https:\/\/www.facecorner.lv\/en\/wp-json\/wp\/v2\/product_brand?post=14565"},{"taxonomy":"product_cat","embeddable":true,"href":"https:\/\/www.facecorner.lv\/en\/wp-json\/wp\/v2\/product_cat?post=14565"},{"taxonomy":"product_tag","embeddable":true,"href":"https:\/\/www.facecorner.lv\/en\/wp-json\/wp\/v2\/product_tag?post=14565"},{"taxonomy":"berocket_brand","embeddable":true,"href":"https:\/\/www.facecorner.lv\/en\/wp-json\/wp\/v2\/berocket_brand?post=14565"}],"curies":[{"name":"wp","href":"https:\/\/api.w.org\/{rel}","templated":true}]}}