{"id":14415,"date":"2024-02-27T11:19:55","date_gmt":"2024-02-27T09:19:55","guid":{"rendered":"https:\/\/www.facecorner.lv\/?post_type=product&#038;p=14415"},"modified":"2025-12-18T14:45:58","modified_gmt":"2025-12-18T11:45:58","slug":"cell-fusion-c-first-cooling-mask","status":"publish","type":"product","link":"https:\/\/www.facecorner.lv\/en\/shop\/cell-fusion-c-first-cooling-mask\/","title":{"rendered":"CELL FUSION C FIRST COOLING MASK"},"content":{"rendered":"<p>Sejas maska, kas ir pirm\u0101 pal\u012bdz\u012bba jut\u012bgai un kairin\u0101tai sejas \u0101dai.<\/p>\n<p>Ar hidrog\u0113lu bag\u0101tin\u0101ta atv\u0113sino\u0161a maska acumirkl\u012b atvieglo saspr\u0113g\u0101ju\u0161as un iekaisu\u0161as \u0101das simptomus. Tai piem\u012bt \u0101tra nomierino\u0161a iedarb\u012bba, t\u0101 pal\u012bdz mitrin\u0101t \u0101du un stabiliz\u0113t iekaisu\u0161as \u0101das st\u0101vokli.<\/p>\n<p>Maska nesatur mentolu un ir bag\u0101tin\u0101ta ar atv\u0113sino\u0161u hidrog\u0113lu, kas nodro\u0161ina atv\u0113sino\u0161u efektu un nekairina \u0101du. Ide\u0101li piem\u0113rota p\u0113c sau\u013co\u0161an\u0101s vai apsald\u0113jumu gad\u012bjum\u0101. Iesak\u0101m neatkar\u012bgi no gadalaika!<\/p>\n<p>Maska \u0101tri nodro\u0161ina atv\u0113sino\u0161u efektu, kas saglab\u0101jas visu maskas atra\u0161an\u0101s laiku uz sejas.<\/p>\n<p>Maska ir pies\u0101tin\u0101ta ar mitrino\u0161\u0101m viel\u0101m, kas mitrina un atdz\u012bvina \u0101du.<\/p>\n<p><strong>Maska satur:<\/strong><\/p>\n<ul>\n<li>Azulenol\u2122 komplekss. Komplekss mitrina, m\u012bkstina un stiprina \u0101das aizsargbarjeru. \u0160is komplekss satur azul\u0113nu un piknogenolu. Azulenolam piem\u012bt nomierino\u0161as, pretiekaisuma un atjaunojo\u0161as \u012bpa\u0161\u012bbas. Piknogenols ir j\u016bras priedes mizas ekstrakts. Tas ir antioksidants, kas uzlabo \u0101das aizsargsp\u0113jas un stiprina asinsvadus.<\/li>\n<li>AquaCapsule polim\u0113rs. Nodro\u0161ina ilgsto\u0161u un dzi\u013cu mitrino\u0161u iedarb\u012bbu, nosl\u0113dz \u0101du un sa\u0161aurina poras.<\/li>\n<li>Dabiskas mitrino\u0161as sast\u0101vda\u013cas.<\/li>\n<\/ul>\n<p><strong>Ingredientes: <\/strong>Water, Glycerin, Methylpropanediol, Dipropylene Glycol, Guaiazulene, Pinus Pinaster BarkExtract, Fraxinus Rhynchophylla Extract, Ocimum Basilicum (Basil) Floer \/ Leaf \/ Stem Extract, Chamomilla Recutita (Matricaria) Extract, Chrysanthemum Parthenium (Feverfew) Extract, HydrogenatedLecithin, Betaine, Trehalose, Panthenol, Ammonium Arcyloyldimethyltaurate \/ VP Copolymer, Polyglyceryl-10 Laurate, Methyl Diisopropyl Propionamide, Acrylates \/ C10-30 Alkyl Acrylate Crosspolymer, Tromethamide, Disodium Edta, Adenosine, Ceramide NP, Sucrose Stearate, Butylene Glycol, Cholesterol, Stearic Acid, Cholesteryl Macadamiate, Palmitic Acid, Saccharide Isomerate, Hydrolyzed lupine protein, Fragrance, 1,2-Hexanediol, Hydroxyacetophenone.<\/p>","protected":false},"excerpt":{"rendered":"<p>Sejas maska, kas ir pirm\u0101 pal\u012bdz\u012bba jut\u012bgai un kairin\u0101tai sejas \u0101dai. Ar hidrog\u0113lu bag\u0101tin\u0101ta atv\u0113sino\u0161a maska acumirkl\u012b atvieglo saspr\u0113g\u0101ju\u0161as un iekaisu\u0161as \u0101das simptomus. Tai piem\u012bt \u0101tra nomierino\u0161a iedarb\u012bba, t\u0101 pal\u012bdz mitrin\u0101t \u0101du un stabiliz\u0113t iekaisu\u0161as \u0101das st\u0101vokli. Maska nesatur mentolu un ir bag\u0101tin\u0101ta ar atv\u0113sino\u0161u hidrog\u0113lu, kas nodro\u0161ina atv\u0113sino\u0161u efektu un nekairina \u0101du. Ide\u0101li piem\u0113rota [&hellip;]<\/p>\n","protected":false},"featured_media":14416,"comment_status":"open","ping_status":"closed","template":"","meta":{"site-sidebar-layout":"default","site-content-layout":"","ast-site-content-layout":"default","site-content-style":"default","site-sidebar-style":"default","ast-global-header-display":"","ast-banner-title-visibility":"","ast-main-header-display":"","ast-hfb-above-header-display":"","ast-hfb-below-header-display":"","ast-hfb-mobile-header-display":"","site-post-title":"","ast-breadcrumbs-content":"","ast-featured-img":"","footer-sml-layout":"","theme-transparent-header-meta":"default","adv-header-id-meta":"","stick-header-meta":"","header-above-stick-meta":"","header-main-stick-meta":"","header-below-stick-meta":"","astra-migrate-meta-layouts":"set","ast-page-background-enabled":"default","ast-page-background-meta":{"desktop":{"background-color":"var(--ast-global-color-4)","background-image":"","background-repeat":"repeat","background-position":"center center","background-size":"auto","background-attachment":"scroll","background-type":"","background-media":"","overlay-type":"","overlay-color":"","overlay-opacity":"","overlay-gradient":""},"tablet":{"background-color":"","background-image":"","background-repeat":"repeat","background-position":"center center","background-size":"auto","background-attachment":"scroll","background-type":"","background-media":"","overlay-type":"","overlay-color":"","overlay-opacity":"","overlay-gradient":""},"mobile":{"background-color":"","background-image":"","background-repeat":"repeat","background-position":"center center","background-size":"auto","background-attachment":"scroll","background-type":"","background-media":"","overlay-type":"","overlay-color":"","overlay-opacity":"","overlay-gradient":""}},"ast-content-background-meta":{"desktop":{"background-color":"var(--ast-global-color-5)","background-image":"","background-repeat":"repeat","background-position":"center center","background-size":"auto","background-attachment":"scroll","background-type":"","background-media":"","overlay-type":"","overlay-color":"","overlay-opacity":"","overlay-gradient":""},"tablet":{"background-color":"var(--ast-global-color-5)","background-image":"","background-repeat":"repeat","background-position":"center center","background-size":"auto","background-attachment":"scroll","background-type":"","background-media":"","overlay-type":"","overlay-color":"","overlay-opacity":"","overlay-gradient":""},"mobile":{"background-color":"var(--ast-global-color-5)","background-image":"","background-repeat":"repeat","background-position":"center center","background-size":"auto","background-attachment":"scroll","background-type":"","background-media":"","overlay-type":"","overlay-color":"","overlay-opacity":"","overlay-gradient":""}}},"product_brand":[],"product_cat":[511,324,315],"product_tag":[],"berocket_brand":[],"class_list":{"0":"post-14415","1":"product","2":"type-product","3":"status-publish","4":"has-post-thumbnail","6":"product_cat-atlaides","7":"product_cat-auduma","8":"product_cat-maskas","9":"desktop-align-left","10":"tablet-align-left","11":"mobile-align-left","13":"first","14":"instock","15":"sale","16":"taxable","17":"shipping-taxable","18":"purchasable","19":"product-type-simple","20":"add-to-wishlist-before_image"},"yoast_head":"<!-- This site is optimized with the Yoast SEO plugin v27.4 - https:\/\/yoast.com\/product\/yoast-seo-wordpress\/ -->\n<title>CELL FUSION C FIRST COOLING MASK - FACECORNER<\/title>\n<meta name=\"robots\" content=\"index, follow, max-snippet:-1, max-image-preview:large, max-video-preview:-1\" \/>\n<link rel=\"canonical\" href=\"https:\/\/www.facecorner.lv\/en\/shop\/cell-fusion-c-first-cooling-mask\/\" \/>\n<meta property=\"og:locale\" content=\"en_US\" \/>\n<meta property=\"og:type\" content=\"article\" \/>\n<meta property=\"og:title\" content=\"CELL FUSION C FIRST COOLING MASK - FACECORNER\" \/>\n<meta property=\"og:description\" content=\"Sejas maska, kas ir pirm\u0101 pal\u012bdz\u012bba jut\u012bgai un kairin\u0101tai sejas \u0101dai. Ar hidrog\u0113lu bag\u0101tin\u0101ta atv\u0113sino\u0161a maska acumirkl\u012b atvieglo saspr\u0113g\u0101ju\u0161as un iekaisu\u0161as \u0101das simptomus. Tai piem\u012bt \u0101tra nomierino\u0161a iedarb\u012bba, t\u0101 pal\u012bdz mitrin\u0101t \u0101du un stabiliz\u0113t iekaisu\u0161as \u0101das st\u0101vokli. Maska nesatur mentolu un ir bag\u0101tin\u0101ta ar atv\u0113sino\u0161u hidrog\u0113lu, kas nodro\u0161ina atv\u0113sino\u0161u efektu un nekairina \u0101du. Ide\u0101li piem\u0113rota [&hellip;]\" \/>\n<meta property=\"og:url\" content=\"https:\/\/www.facecorner.lv\/en\/shop\/cell-fusion-c-first-cooling-mask\/\" \/>\n<meta property=\"og:site_name\" content=\"FACECORNER\" \/>\n<meta property=\"article:publisher\" content=\"https:\/\/www.facebook.com\/profile.php?id=100063824551839\" \/>\n<meta property=\"article:modified_time\" content=\"2025-12-18T11:45:58+00:00\" \/>\n<meta property=\"og:image\" content=\"https:\/\/www.facecorner.lv\/wp-content\/uploads\/2024\/02\/51VbZuydiML.jpg\" \/>\n\t<meta property=\"og:image:width\" content=\"1024\" \/>\n\t<meta property=\"og:image:height\" content=\"1024\" \/>\n\t<meta property=\"og:image:type\" content=\"image\/jpeg\" \/>\n<meta name=\"twitter:card\" content=\"summary_large_image\" \/>\n<meta name=\"twitter:label1\" content=\"Price\" \/>\n\t<meta name=\"twitter:data1\" content=\"&euro;5.60\" \/>\n\t<meta name=\"twitter:label2\" content=\"Availability\" \/>\n\t<meta name=\"twitter:data2\" content=\"In stock\" \/>\n<script type=\"application\/ld+json\" class=\"yoast-schema-graph\">{\"@context\":\"https:\\\/\\\/schema.org\",\"@graph\":[{\"@type\":\"WebPage\",\"@id\":\"https:\\\/\\\/www.facecorner.lv\\\/shop\\\/cell-fusion-c-first-cooling-mask\\\/\",\"url\":\"https:\\\/\\\/www.facecorner.lv\\\/shop\\\/cell-fusion-c-first-cooling-mask\\\/\",\"name\":\"CELL FUSION C FIRST COOLING MASK - FACECORNER\",\"isPartOf\":{\"@id\":\"https:\\\/\\\/www.facecorner.lv\\\/#website\"},\"primaryImageOfPage\":{\"@id\":\"https:\\\/\\\/www.facecorner.lv\\\/shop\\\/cell-fusion-c-first-cooling-mask\\\/#primaryimage\"},\"image\":{\"@id\":\"https:\\\/\\\/www.facecorner.lv\\\/shop\\\/cell-fusion-c-first-cooling-mask\\\/#primaryimage\"},\"thumbnailUrl\":\"https:\\\/\\\/www.facecorner.lv\\\/wp-content\\\/uploads\\\/2024\\\/02\\\/51VbZuydiML.jpg\",\"datePublished\":\"2024-02-27T09:19:55+00:00\",\"dateModified\":\"2025-12-18T11:45:58+00:00\",\"breadcrumb\":{\"@id\":\"https:\\\/\\\/www.facecorner.lv\\\/shop\\\/cell-fusion-c-first-cooling-mask\\\/#breadcrumb\"},\"inLanguage\":\"en-US\",\"potentialAction\":[{\"@type\":\"ReadAction\",\"target\":[\"https:\\\/\\\/www.facecorner.lv\\\/shop\\\/cell-fusion-c-first-cooling-mask\\\/\"]}]},{\"@type\":\"ImageObject\",\"inLanguage\":\"en-US\",\"@id\":\"https:\\\/\\\/www.facecorner.lv\\\/shop\\\/cell-fusion-c-first-cooling-mask\\\/#primaryimage\",\"url\":\"https:\\\/\\\/www.facecorner.lv\\\/wp-content\\\/uploads\\\/2024\\\/02\\\/51VbZuydiML.jpg\",\"contentUrl\":\"https:\\\/\\\/www.facecorner.lv\\\/wp-content\\\/uploads\\\/2024\\\/02\\\/51VbZuydiML.jpg\",\"width\":1024,\"height\":1024},{\"@type\":\"BreadcrumbList\",\"@id\":\"https:\\\/\\\/www.facecorner.lv\\\/shop\\\/cell-fusion-c-first-cooling-mask\\\/#breadcrumb\",\"itemListElement\":[{\"@type\":\"ListItem\",\"position\":1,\"name\":\"Home\",\"item\":\"https:\\\/\\\/www.facecorner.lv\\\/\"},{\"@type\":\"ListItem\",\"position\":2,\"name\":\"Veikals\",\"item\":\"https:\\\/\\\/www.facecorner.lv\\\/shop\\\/\"},{\"@type\":\"ListItem\",\"position\":3,\"name\":\"CELL FUSION C FIRST COOLING MASK\"}]},{\"@type\":\"WebSite\",\"@id\":\"https:\\\/\\\/www.facecorner.lv\\\/#website\",\"url\":\"https:\\\/\\\/www.facecorner.lv\\\/\",\"name\":\"Facecorner\",\"description\":\"\",\"publisher\":{\"@id\":\"https:\\\/\\\/www.facecorner.lv\\\/#organization\"},\"potentialAction\":[{\"@type\":\"SearchAction\",\"target\":{\"@type\":\"EntryPoint\",\"urlTemplate\":\"https:\\\/\\\/www.facecorner.lv\\\/?s={search_term_string}\"},\"query-input\":{\"@type\":\"PropertyValueSpecification\",\"valueRequired\":true,\"valueName\":\"search_term_string\"}}],\"inLanguage\":\"en-US\"},{\"@type\":\"Organization\",\"@id\":\"https:\\\/\\\/www.facecorner.lv\\\/#organization\",\"name\":\"Facecorner\",\"url\":\"https:\\\/\\\/www.facecorner.lv\\\/\",\"logo\":{\"@type\":\"ImageObject\",\"inLanguage\":\"en-US\",\"@id\":\"https:\\\/\\\/www.facecorner.lv\\\/#\\\/schema\\\/logo\\\/image\\\/\",\"url\":\"https:\\\/\\\/www.facecorner.lv\\\/wp-content\\\/uploads\\\/2024\\\/04\\\/fc-logo.jpg\",\"contentUrl\":\"https:\\\/\\\/www.facecorner.lv\\\/wp-content\\\/uploads\\\/2024\\\/04\\\/fc-logo.jpg\",\"width\":174,\"height\":28,\"caption\":\"Facecorner\"},\"image\":{\"@id\":\"https:\\\/\\\/www.facecorner.lv\\\/#\\\/schema\\\/logo\\\/image\\\/\"},\"sameAs\":[\"https:\\\/\\\/www.facebook.com\\\/profile.php?id=100063824551839\",\"https:\\\/\\\/www.instagram.com\\\/facecorner_shop\\\/\"]}]}<\/script>\n<meta property=\"product:price:amount\" content=\"5.60\" \/>\n<meta property=\"product:price:currency\" content=\"EUR\" \/>\n<meta property=\"og:availability\" content=\"instock\" \/>\n<meta property=\"product:availability\" content=\"instock\" \/>\n<meta property=\"product:condition\" content=\"new\" \/>\n<!-- \/ Yoast SEO plugin. -->","yoast_head_json":{"title":"CELL FUSION C FIRST COOLING MASK - FACECORNER","robots":{"index":"index","follow":"follow","max-snippet":"max-snippet:-1","max-image-preview":"max-image-preview:large","max-video-preview":"max-video-preview:-1"},"canonical":"https:\/\/www.facecorner.lv\/en\/shop\/cell-fusion-c-first-cooling-mask\/","og_locale":"en_US","og_type":"article","og_title":"CELL FUSION C FIRST COOLING MASK - FACECORNER","og_description":"Sejas maska, kas ir pirm\u0101 pal\u012bdz\u012bba jut\u012bgai un kairin\u0101tai sejas \u0101dai. Ar hidrog\u0113lu bag\u0101tin\u0101ta atv\u0113sino\u0161a maska acumirkl\u012b atvieglo saspr\u0113g\u0101ju\u0161as un iekaisu\u0161as \u0101das simptomus. Tai piem\u012bt \u0101tra nomierino\u0161a iedarb\u012bba, t\u0101 pal\u012bdz mitrin\u0101t \u0101du un stabiliz\u0113t iekaisu\u0161as \u0101das st\u0101vokli. Maska nesatur mentolu un ir bag\u0101tin\u0101ta ar atv\u0113sino\u0161u hidrog\u0113lu, kas nodro\u0161ina atv\u0113sino\u0161u efektu un nekairina \u0101du. Ide\u0101li piem\u0113rota [&hellip;]","og_url":"https:\/\/www.facecorner.lv\/en\/shop\/cell-fusion-c-first-cooling-mask\/","og_site_name":"FACECORNER","article_publisher":"https:\/\/www.facebook.com\/profile.php?id=100063824551839","article_modified_time":"2025-12-18T11:45:58+00:00","og_image":[{"width":1024,"height":1024,"url":"https:\/\/www.facecorner.lv\/wp-content\/uploads\/2024\/02\/51VbZuydiML.jpg","type":"image\/jpeg"}],"twitter_card":"summary_large_image","twitter_misc":{"Price":"&euro;5.60","Availability":"In stock"},"schema":{"@context":"https:\/\/schema.org","@graph":[{"@type":"WebPage","@id":"https:\/\/www.facecorner.lv\/shop\/cell-fusion-c-first-cooling-mask\/","url":"https:\/\/www.facecorner.lv\/shop\/cell-fusion-c-first-cooling-mask\/","name":"CELL FUSION C FIRST COOLING MASK - FACECORNER","isPartOf":{"@id":"https:\/\/www.facecorner.lv\/#website"},"primaryImageOfPage":{"@id":"https:\/\/www.facecorner.lv\/shop\/cell-fusion-c-first-cooling-mask\/#primaryimage"},"image":{"@id":"https:\/\/www.facecorner.lv\/shop\/cell-fusion-c-first-cooling-mask\/#primaryimage"},"thumbnailUrl":"https:\/\/www.facecorner.lv\/wp-content\/uploads\/2024\/02\/51VbZuydiML.jpg","datePublished":"2024-02-27T09:19:55+00:00","dateModified":"2025-12-18T11:45:58+00:00","breadcrumb":{"@id":"https:\/\/www.facecorner.lv\/shop\/cell-fusion-c-first-cooling-mask\/#breadcrumb"},"inLanguage":"en-US","potentialAction":[{"@type":"ReadAction","target":["https:\/\/www.facecorner.lv\/shop\/cell-fusion-c-first-cooling-mask\/"]}]},{"@type":"ImageObject","inLanguage":"en-US","@id":"https:\/\/www.facecorner.lv\/shop\/cell-fusion-c-first-cooling-mask\/#primaryimage","url":"https:\/\/www.facecorner.lv\/wp-content\/uploads\/2024\/02\/51VbZuydiML.jpg","contentUrl":"https:\/\/www.facecorner.lv\/wp-content\/uploads\/2024\/02\/51VbZuydiML.jpg","width":1024,"height":1024},{"@type":"BreadcrumbList","@id":"https:\/\/www.facecorner.lv\/shop\/cell-fusion-c-first-cooling-mask\/#breadcrumb","itemListElement":[{"@type":"ListItem","position":1,"name":"Home","item":"https:\/\/www.facecorner.lv\/"},{"@type":"ListItem","position":2,"name":"Veikals","item":"https:\/\/www.facecorner.lv\/shop\/"},{"@type":"ListItem","position":3,"name":"CELL FUSION C FIRST COOLING MASK"}]},{"@type":"WebSite","@id":"https:\/\/www.facecorner.lv\/#website","url":"https:\/\/www.facecorner.lv\/","name":"Facecorner","description":"","publisher":{"@id":"https:\/\/www.facecorner.lv\/#organization"},"potentialAction":[{"@type":"SearchAction","target":{"@type":"EntryPoint","urlTemplate":"https:\/\/www.facecorner.lv\/?s={search_term_string}"},"query-input":{"@type":"PropertyValueSpecification","valueRequired":true,"valueName":"search_term_string"}}],"inLanguage":"en-US"},{"@type":"Organization","@id":"https:\/\/www.facecorner.lv\/#organization","name":"Facecorner","url":"https:\/\/www.facecorner.lv\/","logo":{"@type":"ImageObject","inLanguage":"en-US","@id":"https:\/\/www.facecorner.lv\/#\/schema\/logo\/image\/","url":"https:\/\/www.facecorner.lv\/wp-content\/uploads\/2024\/04\/fc-logo.jpg","contentUrl":"https:\/\/www.facecorner.lv\/wp-content\/uploads\/2024\/04\/fc-logo.jpg","width":174,"height":28,"caption":"Facecorner"},"image":{"@id":"https:\/\/www.facecorner.lv\/#\/schema\/logo\/image\/"},"sameAs":["https:\/\/www.facebook.com\/profile.php?id=100063824551839","https:\/\/www.instagram.com\/facecorner_shop\/"]}]},"product_price_amount":"5.60","product_price_currency":"EUR","og_availability":"instock","product_availability":"instock","product_condition":"new"},"_links":{"self":[{"href":"https:\/\/www.facecorner.lv\/en\/wp-json\/wp\/v2\/product\/14415","targetHints":{"allow":["GET"]}}],"collection":[{"href":"https:\/\/www.facecorner.lv\/en\/wp-json\/wp\/v2\/product"}],"about":[{"href":"https:\/\/www.facecorner.lv\/en\/wp-json\/wp\/v2\/types\/product"}],"replies":[{"embeddable":true,"href":"https:\/\/www.facecorner.lv\/en\/wp-json\/wp\/v2\/comments?post=14415"}],"wp:featuredmedia":[{"embeddable":true,"href":"https:\/\/www.facecorner.lv\/en\/wp-json\/wp\/v2\/media\/14416"}],"wp:attachment":[{"href":"https:\/\/www.facecorner.lv\/en\/wp-json\/wp\/v2\/media?parent=14415"}],"wp:term":[{"taxonomy":"product_brand","embeddable":true,"href":"https:\/\/www.facecorner.lv\/en\/wp-json\/wp\/v2\/product_brand?post=14415"},{"taxonomy":"product_cat","embeddable":true,"href":"https:\/\/www.facecorner.lv\/en\/wp-json\/wp\/v2\/product_cat?post=14415"},{"taxonomy":"product_tag","embeddable":true,"href":"https:\/\/www.facecorner.lv\/en\/wp-json\/wp\/v2\/product_tag?post=14415"},{"taxonomy":"berocket_brand","embeddable":true,"href":"https:\/\/www.facecorner.lv\/en\/wp-json\/wp\/v2\/berocket_brand?post=14415"}],"curies":[{"name":"wp","href":"https:\/\/api.w.org\/{rel}","templated":true}]}}