{"id":14326,"date":"2024-02-19T14:32:10","date_gmt":"2024-02-19T12:32:10","guid":{"rendered":"https:\/\/www.facecorner.lv\/?post_type=product&#038;p=14326"},"modified":"2024-12-02T23:29:05","modified_gmt":"2024-12-02T20:29:05","slug":"axis-y-sunday-morning-refreshing-cleansing-foam-120ml","status":"publish","type":"product","link":"https:\/\/www.facecorner.lv\/en\/shop\/axis-y-sunday-morning-refreshing-cleansing-foam-120ml\/","title":{"rendered":"AXIS-Y Sunday Morning Refreshing Cleansing Foam 120ml"},"content":{"rendered":"<p>Sunday Morning atsvaidzino\u0161\u0101s att\u012bro\u0161\u0101s putas maigi, bet efekt\u012bvi no\u0146em atmiru\u0161\u0101s \u0161\u016bnas, lieko sebumu, kosm\u0113tikas atlikumus un citus net\u012brumus no epidermas virsmas, baro un mitrina \u0101du, p\u0113c mazg\u0101\u0161anas neatst\u0101jot saspringuma vai sausuma saj\u016btu. T\u0101 m\u012bkstina, toniz\u0113, atsvaidzina \u0101du, padara to gludu. Veicina nomierin\u0101\u0161anu, dziedin\u0101\u0161anu, nov\u0113r\u0161 kairin\u0101jumus un aps\u0101rtumus, stiprina aizsargbarjeru.<\/p>\n<p>Pateicoties \u012bpa\u0161am patent\u0113tam kompleksam, putas intens\u012bvi mitrina, atst\u0101jot pat\u012bkamu saj\u016btu p\u0113c mazg\u0101\u0161anas. L\u012bdzeklis nesatur m\u0101ksl\u012bg\u0101s kr\u0101svielas, smar\u017evielas, miner\u0101le\u013c\u013cas un parab\u0113nus. Tas nav test\u0113ts uz dz\u012bvniekiem, un tam ir veg\u0101nu sertifik\u0101ts.<\/p>\n<p><strong>Bubble Pop Cleanser products fine, soft foam to cleanse away dead skin, sebum and makeup residue from your face, while hyaluronic acid moisturizes your skin.<\/strong><\/p>\n<ul>\n<li>B\u0113rzu sulas pies\u0101tina \u0101du ar nepiecie\u0161amajiem mikroelementiem, t\u0101m piem\u012bt antibakteri\u0101la iedarb\u012bba, iedarbojas pret noveco\u0161anos, pal\u012bdzot pal\u0113nin\u0101t kolag\u0113na sadal\u012b\u0161an\u0101s procesu, stiprina kapil\u0101rus, uzlabo sejas kr\u0101su, toniz\u0113, iedarbojas antioksidanti.<\/li>\n<li>Kumel\u012b\u0161u ekstraktam piem\u012bt maiga att\u012bro\u0161a iedarb\u012bba. Atjauno sausu un novecoju\u0161u \u0101du, tam piem\u012bt antibakteri\u0101la, pretiekaisuma, pretnoveco\u0161an\u0101s iedarb\u012bba, uzlabo sejas kr\u0101su, toniz\u0113 \u0101du.<\/li>\n<li>Za\u013cajai t\u0113jai piem\u012bt att\u012bro\u0161a, toniz\u0113jo\u0161a un nomierino\u0161a iedarb\u012bba, t\u0101 uzlabo elast\u012bbu un sa\u0161aurina poras.<\/li>\n<li>Lakrica nov\u0113r\u0161 kairin\u0101jumu un aps\u0101rtumu, izl\u012bdzina \u0101das toni.<\/li>\n<li>Lop\u0101na ekstraktam ir dziedino\u0161a un pretiekaisuma iedarb\u012bba, stiprina saistaudus, pa\u0101trina \u0101das \u0161\u016bnu atjauno\u0161anos, nov\u0113r\u0161 niezi.<\/li>\n<li>Centellas ekstrakts pa\u0101trina \u0101das dz\u012b\u0161anu un re\u0123ener\u0101ciju, mazina iekaisumu un aps\u0101rtumu, mitrina un stiprina \u0101das aizsargfunkcijas.<\/li>\n<\/ul>\n<p><strong>Suitable for all skin types.<\/strong><\/p>\n<p><strong>How to use:<\/strong> nelielu produkta daudzumu saputojiet ar \u016bdeni, lai veidotos putas, un uzkl\u0101jiet uz mitras sejas \u0101das. Mas\u0101\u017eas kust\u012bbas veiciet no sejas centra, p\u0113c tam r\u016bp\u012bgi noskalojiet ar remdenu \u016bdeni.<\/p>\n<p><strong>Ingredientes:\u00a0<\/strong>Water, Glycerin, Sodium Cocoyl Isethionate, Sodium Methyl Cocoyl Taurate, Potassium Cocoyl Glycinate, Coco-Betaine, Butylene Glycol, Potassium Cocoate, Sodium Chloride, Potassium Benzoate, Polyquaternium-67, Xylitylglucoside, Citric Acid, Anhydroxylitol, Propanediol, xylitol, Betula Platyphylla Japonica Juice, Glucose, Camellia Sinensis Leaf Extract, Disodium EDTA, Glycyrrhiza Glabra (Licorice) Root Extract, Agrimonia Eupatoria Extract, 12-Hexanediol, Centella Asiatica Extract, Dipropylene Glycol, Allantoin, Perilla Frutescens Leaf Extract, Saponaria Officinalis Extract, Sodium Acetate, Pentylene Glycol, Calendula Officinalis Flower Extract, Kigelia Africana Fruit Extract, Caprylyl Glycol, Natto Gum, Sodium Hyaluronate, Chamomilla Recutita (Matricaria) Flower Extract, Ethylhexylglycerin, Hydroxycinnamic Acid, Rutin.<\/p>","protected":false},"excerpt":{"rendered":"<p>Sunday Morning atsvaidzino\u0161\u0101s att\u012bro\u0161\u0101s putas maigi, bet efekt\u012bvi no\u0146em atmiru\u0161\u0101s \u0161\u016bnas, lieko sebumu, kosm\u0113tikas atlikumus un citus net\u012brumus no epidermas virsmas, baro un mitrina \u0101du, p\u0113c mazg\u0101\u0161anas neatst\u0101jot saspringuma vai sausuma saj\u016btu. T\u0101 m\u012bkstina, toniz\u0113, atsvaidzina \u0101du, padara to gludu. Veicina nomierin\u0101\u0161anu, dziedin\u0101\u0161anu, nov\u0113r\u0161 kairin\u0101jumus un aps\u0101rtumus, stiprina aizsargbarjeru. Pateicoties \u012bpa\u0161am patent\u0113tam kompleksam, putas intens\u012bvi [&hellip;]<\/p>\n","protected":false},"featured_media":14329,"comment_status":"open","ping_status":"closed","template":"","meta":{"site-sidebar-layout":"default","site-content-layout":"","ast-site-content-layout":"","site-content-style":"default","site-sidebar-style":"default","ast-global-header-display":"","ast-banner-title-visibility":"","ast-main-header-display":"","ast-hfb-above-header-display":"","ast-hfb-below-header-display":"","ast-hfb-mobile-header-display":"","site-post-title":"","ast-breadcrumbs-content":"","ast-featured-img":"","footer-sml-layout":"","theme-transparent-header-meta":"","adv-header-id-meta":"","stick-header-meta":"","header-above-stick-meta":"","header-main-stick-meta":"","header-below-stick-meta":"","astra-migrate-meta-layouts":"default","ast-page-background-enabled":"default","ast-page-background-meta":{"desktop":{"background-color":"var(--ast-global-color-4)","background-image":"","background-repeat":"repeat","background-position":"center center","background-size":"auto","background-attachment":"scroll","background-type":"","background-media":"","overlay-type":"","overlay-color":"","overlay-opacity":"","overlay-gradient":""},"tablet":{"background-color":"","background-image":"","background-repeat":"repeat","background-position":"center center","background-size":"auto","background-attachment":"scroll","background-type":"","background-media":"","overlay-type":"","overlay-color":"","overlay-opacity":"","overlay-gradient":""},"mobile":{"background-color":"","background-image":"","background-repeat":"repeat","background-position":"center center","background-size":"auto","background-attachment":"scroll","background-type":"","background-media":"","overlay-type":"","overlay-color":"","overlay-opacity":"","overlay-gradient":""}},"ast-content-background-meta":{"desktop":{"background-color":"var(--ast-global-color-5)","background-image":"","background-repeat":"repeat","background-position":"center center","background-size":"auto","background-attachment":"scroll","background-type":"","background-media":"","overlay-type":"","overlay-color":"","overlay-opacity":"","overlay-gradient":""},"tablet":{"background-color":"var(--ast-global-color-5)","background-image":"","background-repeat":"repeat","background-position":"center center","background-size":"auto","background-attachment":"scroll","background-type":"","background-media":"","overlay-type":"","overlay-color":"","overlay-opacity":"","overlay-gradient":""},"mobile":{"background-color":"var(--ast-global-color-5)","background-image":"","background-repeat":"repeat","background-position":"center center","background-size":"auto","background-attachment":"scroll","background-type":"","background-media":"","overlay-type":"","overlay-color":"","overlay-opacity":"","overlay-gradient":""}}},"product_brand":[],"product_cat":[310,311,312,313,317,314],"product_tag":[],"berocket_brand":[577],"class_list":{"0":"post-14326","1":"product","2":"type-product","3":"status-publish","4":"has-post-thumbnail","6":"product_cat-attirisana","7":"product_cat-jutigai-adai-attirisana","8":"product_cat-kombinetai-adai-attirisana","9":"product_cat-problematiskai-adai-attirisana","10":"product_cat-sausai-adai-attirisana","11":"product_cat-taukainai-adai-attirisana","12":"berocket_brand-axis-y","13":"desktop-align-left","14":"tablet-align-left","15":"mobile-align-left","17":"first","18":"outofstock","19":"taxable","20":"shipping-taxable","21":"purchasable","22":"product-type-simple","23":"add-to-wishlist-before_image"},"yoast_head":"<!-- This site is optimized with the Yoast SEO plugin v27.4 - https:\/\/yoast.com\/product\/yoast-seo-wordpress\/ -->\n<title>AXIS-Y Sunday Morning Refreshing Cleansing Foam 120ml - FACECORNER<\/title>\n<meta name=\"robots\" content=\"index, follow, max-snippet:-1, max-image-preview:large, max-video-preview:-1\" \/>\n<link rel=\"canonical\" href=\"https:\/\/www.facecorner.lv\/en\/shop\/axis-y-sunday-morning-refreshing-cleansing-foam-120ml\/\" \/>\n<meta property=\"og:locale\" content=\"en_US\" \/>\n<meta property=\"og:type\" content=\"article\" \/>\n<meta property=\"og:title\" content=\"AXIS-Y Sunday Morning Refreshing Cleansing Foam 120ml - FACECORNER\" \/>\n<meta property=\"og:description\" content=\"Sunday Morning atsvaidzino\u0161\u0101s att\u012bro\u0161\u0101s putas maigi, bet efekt\u012bvi no\u0146em atmiru\u0161\u0101s \u0161\u016bnas, lieko sebumu, kosm\u0113tikas atlikumus un citus net\u012brumus no epidermas virsmas, baro un mitrina \u0101du, p\u0113c mazg\u0101\u0161anas neatst\u0101jot saspringuma vai sausuma saj\u016btu. T\u0101 m\u012bkstina, toniz\u0113, atsvaidzina \u0101du, padara to gludu. Veicina nomierin\u0101\u0161anu, dziedin\u0101\u0161anu, nov\u0113r\u0161 kairin\u0101jumus un aps\u0101rtumus, stiprina aizsargbarjeru. Pateicoties \u012bpa\u0161am patent\u0113tam kompleksam, putas intens\u012bvi [&hellip;]\" \/>\n<meta property=\"og:url\" content=\"https:\/\/www.facecorner.lv\/en\/shop\/axis-y-sunday-morning-refreshing-cleansing-foam-120ml\/\" \/>\n<meta property=\"og:site_name\" content=\"FACECORNER\" \/>\n<meta property=\"article:publisher\" content=\"https:\/\/www.facebook.com\/profile.php?id=100063824551839\" \/>\n<meta property=\"article:modified_time\" content=\"2024-12-02T20:29:05+00:00\" \/>\n<meta property=\"og:image\" content=\"https:\/\/www.facecorner.lv\/wp-content\/uploads\/2024\/02\/axis-y-sunday-morning-refreshing-cleansing-foam-120ml-oo35mm-1.webp\" \/>\n\t<meta property=\"og:image:width\" content=\"1000\" \/>\n\t<meta property=\"og:image:height\" content=\"1000\" \/>\n\t<meta property=\"og:image:type\" content=\"image\/webp\" \/>\n<meta name=\"twitter:card\" content=\"summary_large_image\" \/>\n<meta name=\"twitter:label1\" content=\"Price\" \/>\n\t<meta name=\"twitter:data1\" content=\"&euro;21.00\" \/>\n\t<meta name=\"twitter:label2\" content=\"Availability\" \/>\n\t<meta name=\"twitter:data2\" content=\"Out of stock\" \/>\n<script type=\"application\/ld+json\" class=\"yoast-schema-graph\">{\"@context\":\"https:\\\/\\\/schema.org\",\"@graph\":[{\"@type\":\"WebPage\",\"@id\":\"https:\\\/\\\/www.facecorner.lv\\\/shop\\\/axis-y-sunday-morning-refreshing-cleansing-foam-120ml\\\/\",\"url\":\"https:\\\/\\\/www.facecorner.lv\\\/shop\\\/axis-y-sunday-morning-refreshing-cleansing-foam-120ml\\\/\",\"name\":\"AXIS-Y Sunday Morning Refreshing Cleansing Foam 120ml - FACECORNER\",\"isPartOf\":{\"@id\":\"https:\\\/\\\/www.facecorner.lv\\\/#website\"},\"primaryImageOfPage\":{\"@id\":\"https:\\\/\\\/www.facecorner.lv\\\/shop\\\/axis-y-sunday-morning-refreshing-cleansing-foam-120ml\\\/#primaryimage\"},\"image\":{\"@id\":\"https:\\\/\\\/www.facecorner.lv\\\/shop\\\/axis-y-sunday-morning-refreshing-cleansing-foam-120ml\\\/#primaryimage\"},\"thumbnailUrl\":\"https:\\\/\\\/www.facecorner.lv\\\/wp-content\\\/uploads\\\/2024\\\/02\\\/axis-y-sunday-morning-refreshing-cleansing-foam-120ml-oo35mm-1.webp\",\"datePublished\":\"2024-02-19T12:32:10+00:00\",\"dateModified\":\"2024-12-02T20:29:05+00:00\",\"breadcrumb\":{\"@id\":\"https:\\\/\\\/www.facecorner.lv\\\/shop\\\/axis-y-sunday-morning-refreshing-cleansing-foam-120ml\\\/#breadcrumb\"},\"inLanguage\":\"en-US\",\"potentialAction\":[{\"@type\":\"ReadAction\",\"target\":[\"https:\\\/\\\/www.facecorner.lv\\\/shop\\\/axis-y-sunday-morning-refreshing-cleansing-foam-120ml\\\/\"]}]},{\"@type\":\"ImageObject\",\"inLanguage\":\"en-US\",\"@id\":\"https:\\\/\\\/www.facecorner.lv\\\/shop\\\/axis-y-sunday-morning-refreshing-cleansing-foam-120ml\\\/#primaryimage\",\"url\":\"https:\\\/\\\/www.facecorner.lv\\\/wp-content\\\/uploads\\\/2024\\\/02\\\/axis-y-sunday-morning-refreshing-cleansing-foam-120ml-oo35mm-1.webp\",\"contentUrl\":\"https:\\\/\\\/www.facecorner.lv\\\/wp-content\\\/uploads\\\/2024\\\/02\\\/axis-y-sunday-morning-refreshing-cleansing-foam-120ml-oo35mm-1.webp\",\"width\":1000,\"height\":1000},{\"@type\":\"BreadcrumbList\",\"@id\":\"https:\\\/\\\/www.facecorner.lv\\\/shop\\\/axis-y-sunday-morning-refreshing-cleansing-foam-120ml\\\/#breadcrumb\",\"itemListElement\":[{\"@type\":\"ListItem\",\"position\":1,\"name\":\"Home\",\"item\":\"https:\\\/\\\/www.facecorner.lv\\\/\"},{\"@type\":\"ListItem\",\"position\":2,\"name\":\"Veikals\",\"item\":\"https:\\\/\\\/www.facecorner.lv\\\/shop\\\/\"},{\"@type\":\"ListItem\",\"position\":3,\"name\":\"AXIS-Y Sunday Morning Refreshing Cleansing Foam 120ml\"}]},{\"@type\":\"WebSite\",\"@id\":\"https:\\\/\\\/www.facecorner.lv\\\/#website\",\"url\":\"https:\\\/\\\/www.facecorner.lv\\\/\",\"name\":\"Facecorner\",\"description\":\"\",\"publisher\":{\"@id\":\"https:\\\/\\\/www.facecorner.lv\\\/#organization\"},\"potentialAction\":[{\"@type\":\"SearchAction\",\"target\":{\"@type\":\"EntryPoint\",\"urlTemplate\":\"https:\\\/\\\/www.facecorner.lv\\\/?s={search_term_string}\"},\"query-input\":{\"@type\":\"PropertyValueSpecification\",\"valueRequired\":true,\"valueName\":\"search_term_string\"}}],\"inLanguage\":\"en-US\"},{\"@type\":\"Organization\",\"@id\":\"https:\\\/\\\/www.facecorner.lv\\\/#organization\",\"name\":\"Facecorner\",\"url\":\"https:\\\/\\\/www.facecorner.lv\\\/\",\"logo\":{\"@type\":\"ImageObject\",\"inLanguage\":\"en-US\",\"@id\":\"https:\\\/\\\/www.facecorner.lv\\\/#\\\/schema\\\/logo\\\/image\\\/\",\"url\":\"https:\\\/\\\/www.facecorner.lv\\\/wp-content\\\/uploads\\\/2024\\\/04\\\/fc-logo.jpg\",\"contentUrl\":\"https:\\\/\\\/www.facecorner.lv\\\/wp-content\\\/uploads\\\/2024\\\/04\\\/fc-logo.jpg\",\"width\":174,\"height\":28,\"caption\":\"Facecorner\"},\"image\":{\"@id\":\"https:\\\/\\\/www.facecorner.lv\\\/#\\\/schema\\\/logo\\\/image\\\/\"},\"sameAs\":[\"https:\\\/\\\/www.facebook.com\\\/profile.php?id=100063824551839\",\"https:\\\/\\\/www.instagram.com\\\/facecorner_shop\\\/\"]}]}<\/script>\n<meta property=\"product:price:amount\" content=\"21.00\" \/>\n<meta property=\"product:price:currency\" content=\"EUR\" \/>\n<meta property=\"og:availability\" content=\"out of stock\" \/>\n<meta property=\"product:availability\" content=\"out of stock\" \/>\n<meta property=\"product:condition\" content=\"new\" \/>\n<!-- \/ Yoast SEO plugin. -->","yoast_head_json":{"title":"AXIS-Y Sunday Morning Refreshing Cleansing Foam 120ml - FACECORNER","robots":{"index":"index","follow":"follow","max-snippet":"max-snippet:-1","max-image-preview":"max-image-preview:large","max-video-preview":"max-video-preview:-1"},"canonical":"https:\/\/www.facecorner.lv\/en\/shop\/axis-y-sunday-morning-refreshing-cleansing-foam-120ml\/","og_locale":"en_US","og_type":"article","og_title":"AXIS-Y Sunday Morning Refreshing Cleansing Foam 120ml - FACECORNER","og_description":"Sunday Morning atsvaidzino\u0161\u0101s att\u012bro\u0161\u0101s putas maigi, bet efekt\u012bvi no\u0146em atmiru\u0161\u0101s \u0161\u016bnas, lieko sebumu, kosm\u0113tikas atlikumus un citus net\u012brumus no epidermas virsmas, baro un mitrina \u0101du, p\u0113c mazg\u0101\u0161anas neatst\u0101jot saspringuma vai sausuma saj\u016btu. T\u0101 m\u012bkstina, toniz\u0113, atsvaidzina \u0101du, padara to gludu. Veicina nomierin\u0101\u0161anu, dziedin\u0101\u0161anu, nov\u0113r\u0161 kairin\u0101jumus un aps\u0101rtumus, stiprina aizsargbarjeru. Pateicoties \u012bpa\u0161am patent\u0113tam kompleksam, putas intens\u012bvi [&hellip;]","og_url":"https:\/\/www.facecorner.lv\/en\/shop\/axis-y-sunday-morning-refreshing-cleansing-foam-120ml\/","og_site_name":"FACECORNER","article_publisher":"https:\/\/www.facebook.com\/profile.php?id=100063824551839","article_modified_time":"2024-12-02T20:29:05+00:00","og_image":[{"width":1000,"height":1000,"url":"https:\/\/www.facecorner.lv\/wp-content\/uploads\/2024\/02\/axis-y-sunday-morning-refreshing-cleansing-foam-120ml-oo35mm-1.webp","type":"image\/webp"}],"twitter_card":"summary_large_image","twitter_misc":{"Price":"&euro;21.00","Availability":"Out of stock"},"schema":{"@context":"https:\/\/schema.org","@graph":[{"@type":"WebPage","@id":"https:\/\/www.facecorner.lv\/shop\/axis-y-sunday-morning-refreshing-cleansing-foam-120ml\/","url":"https:\/\/www.facecorner.lv\/shop\/axis-y-sunday-morning-refreshing-cleansing-foam-120ml\/","name":"AXIS-Y Sunday Morning Refreshing Cleansing Foam 120ml - FACECORNER","isPartOf":{"@id":"https:\/\/www.facecorner.lv\/#website"},"primaryImageOfPage":{"@id":"https:\/\/www.facecorner.lv\/shop\/axis-y-sunday-morning-refreshing-cleansing-foam-120ml\/#primaryimage"},"image":{"@id":"https:\/\/www.facecorner.lv\/shop\/axis-y-sunday-morning-refreshing-cleansing-foam-120ml\/#primaryimage"},"thumbnailUrl":"https:\/\/www.facecorner.lv\/wp-content\/uploads\/2024\/02\/axis-y-sunday-morning-refreshing-cleansing-foam-120ml-oo35mm-1.webp","datePublished":"2024-02-19T12:32:10+00:00","dateModified":"2024-12-02T20:29:05+00:00","breadcrumb":{"@id":"https:\/\/www.facecorner.lv\/shop\/axis-y-sunday-morning-refreshing-cleansing-foam-120ml\/#breadcrumb"},"inLanguage":"en-US","potentialAction":[{"@type":"ReadAction","target":["https:\/\/www.facecorner.lv\/shop\/axis-y-sunday-morning-refreshing-cleansing-foam-120ml\/"]}]},{"@type":"ImageObject","inLanguage":"en-US","@id":"https:\/\/www.facecorner.lv\/shop\/axis-y-sunday-morning-refreshing-cleansing-foam-120ml\/#primaryimage","url":"https:\/\/www.facecorner.lv\/wp-content\/uploads\/2024\/02\/axis-y-sunday-morning-refreshing-cleansing-foam-120ml-oo35mm-1.webp","contentUrl":"https:\/\/www.facecorner.lv\/wp-content\/uploads\/2024\/02\/axis-y-sunday-morning-refreshing-cleansing-foam-120ml-oo35mm-1.webp","width":1000,"height":1000},{"@type":"BreadcrumbList","@id":"https:\/\/www.facecorner.lv\/shop\/axis-y-sunday-morning-refreshing-cleansing-foam-120ml\/#breadcrumb","itemListElement":[{"@type":"ListItem","position":1,"name":"Home","item":"https:\/\/www.facecorner.lv\/"},{"@type":"ListItem","position":2,"name":"Veikals","item":"https:\/\/www.facecorner.lv\/shop\/"},{"@type":"ListItem","position":3,"name":"AXIS-Y Sunday Morning Refreshing Cleansing Foam 120ml"}]},{"@type":"WebSite","@id":"https:\/\/www.facecorner.lv\/#website","url":"https:\/\/www.facecorner.lv\/","name":"Facecorner","description":"","publisher":{"@id":"https:\/\/www.facecorner.lv\/#organization"},"potentialAction":[{"@type":"SearchAction","target":{"@type":"EntryPoint","urlTemplate":"https:\/\/www.facecorner.lv\/?s={search_term_string}"},"query-input":{"@type":"PropertyValueSpecification","valueRequired":true,"valueName":"search_term_string"}}],"inLanguage":"en-US"},{"@type":"Organization","@id":"https:\/\/www.facecorner.lv\/#organization","name":"Facecorner","url":"https:\/\/www.facecorner.lv\/","logo":{"@type":"ImageObject","inLanguage":"en-US","@id":"https:\/\/www.facecorner.lv\/#\/schema\/logo\/image\/","url":"https:\/\/www.facecorner.lv\/wp-content\/uploads\/2024\/04\/fc-logo.jpg","contentUrl":"https:\/\/www.facecorner.lv\/wp-content\/uploads\/2024\/04\/fc-logo.jpg","width":174,"height":28,"caption":"Facecorner"},"image":{"@id":"https:\/\/www.facecorner.lv\/#\/schema\/logo\/image\/"},"sameAs":["https:\/\/www.facebook.com\/profile.php?id=100063824551839","https:\/\/www.instagram.com\/facecorner_shop\/"]}]},"product_price_amount":"21.00","product_price_currency":"EUR","og_availability":"out of stock","product_availability":"out of stock","product_condition":"new"},"_links":{"self":[{"href":"https:\/\/www.facecorner.lv\/en\/wp-json\/wp\/v2\/product\/14326","targetHints":{"allow":["GET"]}}],"collection":[{"href":"https:\/\/www.facecorner.lv\/en\/wp-json\/wp\/v2\/product"}],"about":[{"href":"https:\/\/www.facecorner.lv\/en\/wp-json\/wp\/v2\/types\/product"}],"replies":[{"embeddable":true,"href":"https:\/\/www.facecorner.lv\/en\/wp-json\/wp\/v2\/comments?post=14326"}],"wp:featuredmedia":[{"embeddable":true,"href":"https:\/\/www.facecorner.lv\/en\/wp-json\/wp\/v2\/media\/14329"}],"wp:attachment":[{"href":"https:\/\/www.facecorner.lv\/en\/wp-json\/wp\/v2\/media?parent=14326"}],"wp:term":[{"taxonomy":"product_brand","embeddable":true,"href":"https:\/\/www.facecorner.lv\/en\/wp-json\/wp\/v2\/product_brand?post=14326"},{"taxonomy":"product_cat","embeddable":true,"href":"https:\/\/www.facecorner.lv\/en\/wp-json\/wp\/v2\/product_cat?post=14326"},{"taxonomy":"product_tag","embeddable":true,"href":"https:\/\/www.facecorner.lv\/en\/wp-json\/wp\/v2\/product_tag?post=14326"},{"taxonomy":"berocket_brand","embeddable":true,"href":"https:\/\/www.facecorner.lv\/en\/wp-json\/wp\/v2\/berocket_brand?post=14326"}],"curies":[{"name":"wp","href":"https:\/\/api.w.org\/{rel}","templated":true}]}}