{"id":14215,"date":"2024-02-10T13:39:58","date_gmt":"2024-02-10T11:39:58","guid":{"rendered":"https:\/\/www.facecorner.lv\/?post_type=product&#038;p=14215"},"modified":"2024-03-06T14:56:44","modified_gmt":"2024-03-06T12:56:44","slug":"brtc-time-8-lift-toning-collagen-cream-80ml","status":"publish","type":"product","link":"https:\/\/www.facecorner.lv\/en\/shop\/brtc-time-8-lift-toning-collagen-cream-80ml\/","title":{"rendered":"BRTC Time 8 Lift-Toning Collagen Cream 80ml"},"content":{"rendered":"<p>BRTC Time 8 liftinga toniz\u0113jo\u0161ais kolag\u0113na kr\u0113ms mitrina, toniz\u0113 un izl\u012bdzina \u0101das tonusu, padarot to tvirt\u0101ku un elast\u012bg\u0101ku. Tas samazina grumbi\u0146as un pal\u0113nina noveco\u0161an\u0101s procesus, izgaismo vecuma plankumus.<\/p>\n<p>Kr\u0113ms mitrina un m\u012bkstina, neizsauc sausumu. Tam ir neparasta dubult\u0101 tekst\u016bra ar vitam\u012bnu kapsul\u0101m.<\/p>\n<p>Sast\u0101vs satur palmitoil pentapept\u012bdu-4, kas samazina grumbu dzi\u013cumu un nov\u0113r\u0161 to ra\u0161anos, izl\u012bdzina tekst\u016bru, stiprina \u0101das strukt\u016bru, atjauno \u0101du.<\/p>\n<p>Sast\u0101v\u0101 eso\u0161ais 30% hidroliz\u0113tais kolag\u0113ns iek\u013c\u016bst dzi\u013ci epiderm\u0101, tam piem\u012bt mitrino\u0161a iedarb\u012bba, pie\u0161\u0137ir elast\u012bbu, padara mikroreljefu gludu un vienm\u0113r\u012bgu.<\/p>\n<p><strong>KEY INGREDIENTS:<\/strong><\/p>\n<ul>\n<li>Multi Vital Force\u2122 &#8211; 10 vitam\u012bnu komplekss (A, B3, B5, B6, B7, B9, B12, C, E, F), kas atjauno, nostiprina, uzlabo tonusu, uzlabo \u0101das barjeras funkciju un uzlabo \u0101das strukt\u016bru, padarot to tvirt\u0101ku, glud\u0101ku un samtain\u0101ku. Komplekss satur augstu niacinam\u012bda (50 000 ppm) un pantenola (53 000 ppm) koncentr\u0101ciju, k\u0101 ar\u012b n\u0101trija askorbilfosf\u0101tu &#8211; stabilu C vitam\u012bna formu, kas stimul\u0113 kolag\u0113na veido\u0161anos un balina pigment\u0101ciju.<\/li>\n<li>30% smilts\u0113rk\u0161\u0137u ekstraktam piem\u012bt antioksidanta iedarb\u012bba, t\u0101d\u0113j\u0101di pal\u0113ninot \u0101das noveco\u0161anos, tas ir bag\u0101ts ar C un E vitam\u012bniem, uzlabo \u0101das tonusu un uztur \u0101das vesel\u012bbu.<\/li>\n<li>Adenoz\u012bns ir viena no modern\u0101kaj\u0101m jaun\u0101s paaudzes sast\u0101vda\u013c\u0101m. Tas efekt\u012bvi c\u012bn\u0101s pret grumb\u0101m, iedarbojoties ar sp\u0113c\u012bgu citoprotekt\u012bvo efektu un aizsarg\u0101jot \u0161\u016bnas no oksid\u0113\u0161an\u0101s, ietekm\u0113 prokolag\u0113na 1 sint\u0113zi, kas atbild par tvirtumu un tonusu.<\/li>\n<li>Kumel\u012b\u0161u ekstrakts nomierina, mazina kairin\u0101jumu un niezi, m\u012bkstina, pa\u0101trina atjauno\u0161anos, toniz\u0113 un nov\u0113r\u0161 sausumu.<\/li>\n<li>Bakla\u017e\u0101na ekstrakts &#8211; antioksidants, c\u012bn\u0101s pret oksidat\u012bvo stresu, aizsarg\u0101 \u0161\u016bnas no br\u012bvajiem radik\u0101\u013ciem, pagarina \u0101das jaun\u012bbu.<\/li>\n<\/ul>\n<p><strong>How to use:<\/strong> p\u0113c att\u012br\u012b\u0161anas un toniz\u0113\u0161anas uzkl\u0101jiet kr\u0113mu uz sejas, izkl\u0101jiet to pa \u0101du. Lietojot dienas laik\u0101, nepiecie\u0161ams uzkl\u0101t SPF kr\u0113mu.<\/p>\n<p><strong>Ingredientes:\u00a0<\/strong>Water, Hydrolyzed Collagen, Sea Buckthorn Extract, Glycerin, Butylene Glycol, Coco-Caprylate \/ Caprate, Panthenol, Centella Asiatica Extract, Niacinamide, Dipropylene Glycol, Cetylethylhexanoate, Sorbitan Stearate, 1,2-Hexanediol, Cetearyl Alcohol, DI-C12-13 Alkylmalate, Vinyldimethicone, Hydrogenated Polydecene, Arachidyl Alcohol, Diisopropylsebacinate, Ozokerite, Extract Japanese Coptis Root, Begenyl Alcohol, Palmitic Acid, Acrylates \/ C10-30-Alkylacrylate Crosspolymer, Stearic Acid, Xylitylglucoside, Carbomer, Chlorphenesine, Trometamine, Perfume, Arachidyl Glucoside, Anhydroxylite, Glycosyl Trehalose, Hydrolysate Of Hydrogenated Starch, Xylitol, Tocopheryl Acetate, Disodium EDTA, Adenosine, Sucrose, Mannitol, Cellulose, Corn Starch, Polysorbate 20, Glucose, Sodium Ascorbyl Phosphate, CI 77491 Iron Oxide, Calendula Flower Extract, Sodium Hyaluronate, Hydrogenated Lecithin, Matricaria Flower Extract, Root Extract Purchased, Tocopherylsuccinate, Broccoli Extract, Edelweiss Flower Extract, Honeysuckle Flower Extract, Linoleic Acid, Sargassum Muticum Algae Extract, Matricaria Flower Extract, Soy Isoflavones, Glyceryloleate, Rice Extract, Turmeric Root Extract, Eggplant Fruit Extract, Purslane Extract, Pueraria Lobate Root Extract, Grape Leaf Extract, Eucalyptus Fox Extract, Aloe Leaf Extract, Peppermint Extract, Comb Mountaineer Root Extract, CI 77492 Natrual Yellow Pigment, Peppermint Leaf Extract, Lavender Flower Extract, Tsimicifuga Root Extract, Gimlet Extract, Lilac Extract, Pomegranate Fruit Extract, Centaurea Cyanus Flower Extract, Antarcticin Enzyme Extract, Ascorbic Acid, Viola Flower Extract, Sage Extract, Sucrose Lysate, Hyacinth Extract, Sophora Root Extract, Angelica Root Extract, Galactomisis Enzyme, Bifido\/Lactobacillus Lysates, Clover Flower Extract, Mulberry Root Extract, Vitania Root Extract, Angelica Root Extract, Palmitoyl Pentapeptide-4, Biotin, Folic Acid, Pyridoxine Hcl, Ethylhexylglycerin, Cyanocobalamin, Beta-Carotene, Nicotinoyl SH -Pentapeptide-19<\/p>","protected":false},"excerpt":{"rendered":"<p>BRTC Time 8 liftinga toniz\u0113jo\u0161ais kolag\u0113na kr\u0113ms mitrina, toniz\u0113 un izl\u012bdzina \u0101das tonusu, padarot to tvirt\u0101ku un elast\u012bg\u0101ku. Tas samazina grumbi\u0146as un pal\u0113nina noveco\u0161an\u0101s procesus, izgaismo vecuma plankumus. Kr\u0113ms mitrina un m\u012bkstina, neizsauc sausumu. Tam ir neparasta dubult\u0101 tekst\u016bra ar vitam\u012bnu kapsul\u0101m. Sast\u0101vs satur palmitoil pentapept\u012bdu-4, kas samazina grumbu dzi\u013cumu un nov\u0113r\u0161 to ra\u0161anos, izl\u012bdzina [&hellip;]<\/p>\n","protected":false},"featured_media":14216,"comment_status":"open","ping_status":"closed","template":"","meta":{"site-sidebar-layout":"default","site-content-layout":"","ast-site-content-layout":"","site-content-style":"default","site-sidebar-style":"default","ast-global-header-display":"","ast-banner-title-visibility":"","ast-main-header-display":"","ast-hfb-above-header-display":"","ast-hfb-below-header-display":"","ast-hfb-mobile-header-display":"","site-post-title":"","ast-breadcrumbs-content":"","ast-featured-img":"","footer-sml-layout":"","theme-transparent-header-meta":"","adv-header-id-meta":"","stick-header-meta":"","header-above-stick-meta":"","header-main-stick-meta":"","header-below-stick-meta":"","astra-migrate-meta-layouts":"default","ast-page-background-enabled":"default","ast-page-background-meta":{"desktop":{"background-color":"var(--ast-global-color-4)","background-image":"","background-repeat":"repeat","background-position":"center center","background-size":"auto","background-attachment":"scroll","background-type":"","background-media":"","overlay-type":"","overlay-color":"","overlay-opacity":"","overlay-gradient":""},"tablet":{"background-color":"","background-image":"","background-repeat":"repeat","background-position":"center center","background-size":"auto","background-attachment":"scroll","background-type":"","background-media":"","overlay-type":"","overlay-color":"","overlay-opacity":"","overlay-gradient":""},"mobile":{"background-color":"","background-image":"","background-repeat":"repeat","background-position":"center center","background-size":"auto","background-attachment":"scroll","background-type":"","background-media":"","overlay-type":"","overlay-color":"","overlay-opacity":"","overlay-gradient":""}},"ast-content-background-meta":{"desktop":{"background-color":"var(--ast-global-color-5)","background-image":"","background-repeat":"repeat","background-position":"center center","background-size":"auto","background-attachment":"scroll","background-type":"","background-media":"","overlay-type":"","overlay-color":"","overlay-opacity":"","overlay-gradient":""},"tablet":{"background-color":"var(--ast-global-color-5)","background-image":"","background-repeat":"repeat","background-position":"center center","background-size":"auto","background-attachment":"scroll","background-type":"","background-media":"","overlay-type":"","overlay-color":"","overlay-opacity":"","overlay-gradient":""},"mobile":{"background-color":"var(--ast-global-color-5)","background-image":"","background-repeat":"repeat","background-position":"center center","background-size":"auto","background-attachment":"scroll","background-type":"","background-media":"","overlay-type":"","overlay-color":"","overlay-opacity":"","overlay-gradient":""}}},"product_brand":[],"product_cat":[365,435,366,368,362],"product_tag":[],"berocket_brand":[],"class_list":{"0":"post-14215","1":"product","2":"type-product","3":"status-publish","4":"has-post-thumbnail","6":"product_cat-barojoss","7":"product_cat-jaunumi","8":"product_cat-mitrinoss","9":"product_cat-pret-grumbam","10":"product_cat-sejas-krems","11":"desktop-align-left","12":"tablet-align-left","13":"mobile-align-left","15":"first","16":"outofstock","17":"sale","18":"taxable","19":"shipping-taxable","20":"purchasable","21":"product-type-simple","22":"add-to-wishlist-before_image"},"yoast_head":"<!-- This site is optimized with the Yoast SEO plugin v27.4 - https:\/\/yoast.com\/product\/yoast-seo-wordpress\/ -->\n<title>BRTC Time 8 Lift-Toning Collagen Cream 80ml - FACECORNER<\/title>\n<meta name=\"robots\" content=\"index, follow, max-snippet:-1, max-image-preview:large, max-video-preview:-1\" \/>\n<link rel=\"canonical\" href=\"https:\/\/www.facecorner.lv\/en\/shop\/brtc-time-8-lift-toning-collagen-cream-80ml\/\" \/>\n<meta property=\"og:locale\" content=\"en_US\" \/>\n<meta property=\"og:type\" content=\"article\" \/>\n<meta property=\"og:title\" content=\"BRTC Time 8 Lift-Toning Collagen Cream 80ml - FACECORNER\" \/>\n<meta property=\"og:description\" content=\"BRTC Time 8 liftinga toniz\u0113jo\u0161ais kolag\u0113na kr\u0113ms mitrina, toniz\u0113 un izl\u012bdzina \u0101das tonusu, padarot to tvirt\u0101ku un elast\u012bg\u0101ku. Tas samazina grumbi\u0146as un pal\u0113nina noveco\u0161an\u0101s procesus, izgaismo vecuma plankumus. Kr\u0113ms mitrina un m\u012bkstina, neizsauc sausumu. Tam ir neparasta dubult\u0101 tekst\u016bra ar vitam\u012bnu kapsul\u0101m. Sast\u0101vs satur palmitoil pentapept\u012bdu-4, kas samazina grumbu dzi\u013cumu un nov\u0113r\u0161 to ra\u0161anos, izl\u012bdzina [&hellip;]\" \/>\n<meta property=\"og:url\" content=\"https:\/\/www.facecorner.lv\/en\/shop\/brtc-time-8-lift-toning-collagen-cream-80ml\/\" \/>\n<meta property=\"og:site_name\" content=\"FACECORNER\" \/>\n<meta property=\"article:publisher\" content=\"https:\/\/www.facebook.com\/profile.php?id=100063824551839\" \/>\n<meta property=\"article:modified_time\" content=\"2024-03-06T12:56:44+00:00\" \/>\n<meta property=\"og:image\" content=\"https:\/\/www.facecorner.lv\/wp-content\/uploads\/2024\/02\/6722528926.jpg\" \/>\n\t<meta property=\"og:image:width\" content=\"1200\" \/>\n\t<meta property=\"og:image:height\" content=\"1200\" \/>\n\t<meta property=\"og:image:type\" content=\"image\/jpeg\" \/>\n<meta name=\"twitter:card\" content=\"summary_large_image\" \/>\n<meta name=\"twitter:label1\" content=\"Price\" \/>\n\t<meta name=\"twitter:data1\" content=\"&euro;41.50\" \/>\n\t<meta name=\"twitter:label2\" content=\"Availability\" \/>\n\t<meta name=\"twitter:data2\" content=\"Out of stock\" \/>\n<script type=\"application\/ld+json\" class=\"yoast-schema-graph\">{\"@context\":\"https:\\\/\\\/schema.org\",\"@graph\":[{\"@type\":\"WebPage\",\"@id\":\"https:\\\/\\\/www.facecorner.lv\\\/shop\\\/brtc-time-8-lift-toning-collagen-cream-80ml\\\/\",\"url\":\"https:\\\/\\\/www.facecorner.lv\\\/shop\\\/brtc-time-8-lift-toning-collagen-cream-80ml\\\/\",\"name\":\"BRTC Time 8 Lift-Toning Collagen Cream 80ml - FACECORNER\",\"isPartOf\":{\"@id\":\"https:\\\/\\\/www.facecorner.lv\\\/#website\"},\"primaryImageOfPage\":{\"@id\":\"https:\\\/\\\/www.facecorner.lv\\\/shop\\\/brtc-time-8-lift-toning-collagen-cream-80ml\\\/#primaryimage\"},\"image\":{\"@id\":\"https:\\\/\\\/www.facecorner.lv\\\/shop\\\/brtc-time-8-lift-toning-collagen-cream-80ml\\\/#primaryimage\"},\"thumbnailUrl\":\"https:\\\/\\\/www.facecorner.lv\\\/wp-content\\\/uploads\\\/2024\\\/02\\\/6722528926.jpg\",\"datePublished\":\"2024-02-10T11:39:58+00:00\",\"dateModified\":\"2024-03-06T12:56:44+00:00\",\"breadcrumb\":{\"@id\":\"https:\\\/\\\/www.facecorner.lv\\\/shop\\\/brtc-time-8-lift-toning-collagen-cream-80ml\\\/#breadcrumb\"},\"inLanguage\":\"en-US\",\"potentialAction\":[{\"@type\":\"ReadAction\",\"target\":[\"https:\\\/\\\/www.facecorner.lv\\\/shop\\\/brtc-time-8-lift-toning-collagen-cream-80ml\\\/\"]}]},{\"@type\":\"ImageObject\",\"inLanguage\":\"en-US\",\"@id\":\"https:\\\/\\\/www.facecorner.lv\\\/shop\\\/brtc-time-8-lift-toning-collagen-cream-80ml\\\/#primaryimage\",\"url\":\"https:\\\/\\\/www.facecorner.lv\\\/wp-content\\\/uploads\\\/2024\\\/02\\\/6722528926.jpg\",\"contentUrl\":\"https:\\\/\\\/www.facecorner.lv\\\/wp-content\\\/uploads\\\/2024\\\/02\\\/6722528926.jpg\",\"width\":1200,\"height\":1200},{\"@type\":\"BreadcrumbList\",\"@id\":\"https:\\\/\\\/www.facecorner.lv\\\/shop\\\/brtc-time-8-lift-toning-collagen-cream-80ml\\\/#breadcrumb\",\"itemListElement\":[{\"@type\":\"ListItem\",\"position\":1,\"name\":\"Home\",\"item\":\"https:\\\/\\\/www.facecorner.lv\\\/\"},{\"@type\":\"ListItem\",\"position\":2,\"name\":\"Veikals\",\"item\":\"https:\\\/\\\/www.facecorner.lv\\\/shop\\\/\"},{\"@type\":\"ListItem\",\"position\":3,\"name\":\"BRTC Time 8 Lift-Toning Collagen Cream 80ml\"}]},{\"@type\":\"WebSite\",\"@id\":\"https:\\\/\\\/www.facecorner.lv\\\/#website\",\"url\":\"https:\\\/\\\/www.facecorner.lv\\\/\",\"name\":\"Facecorner\",\"description\":\"\",\"publisher\":{\"@id\":\"https:\\\/\\\/www.facecorner.lv\\\/#organization\"},\"potentialAction\":[{\"@type\":\"SearchAction\",\"target\":{\"@type\":\"EntryPoint\",\"urlTemplate\":\"https:\\\/\\\/www.facecorner.lv\\\/?s={search_term_string}\"},\"query-input\":{\"@type\":\"PropertyValueSpecification\",\"valueRequired\":true,\"valueName\":\"search_term_string\"}}],\"inLanguage\":\"en-US\"},{\"@type\":\"Organization\",\"@id\":\"https:\\\/\\\/www.facecorner.lv\\\/#organization\",\"name\":\"Facecorner\",\"url\":\"https:\\\/\\\/www.facecorner.lv\\\/\",\"logo\":{\"@type\":\"ImageObject\",\"inLanguage\":\"en-US\",\"@id\":\"https:\\\/\\\/www.facecorner.lv\\\/#\\\/schema\\\/logo\\\/image\\\/\",\"url\":\"https:\\\/\\\/www.facecorner.lv\\\/wp-content\\\/uploads\\\/2024\\\/04\\\/fc-logo.jpg\",\"contentUrl\":\"https:\\\/\\\/www.facecorner.lv\\\/wp-content\\\/uploads\\\/2024\\\/04\\\/fc-logo.jpg\",\"width\":174,\"height\":28,\"caption\":\"Facecorner\"},\"image\":{\"@id\":\"https:\\\/\\\/www.facecorner.lv\\\/#\\\/schema\\\/logo\\\/image\\\/\"},\"sameAs\":[\"https:\\\/\\\/www.facebook.com\\\/profile.php?id=100063824551839\",\"https:\\\/\\\/www.instagram.com\\\/facecorner_shop\\\/\"]}]}<\/script>\n<meta property=\"product:price:amount\" content=\"41.50\" \/>\n<meta property=\"product:price:currency\" content=\"EUR\" \/>\n<meta property=\"og:availability\" content=\"out of stock\" \/>\n<meta property=\"product:availability\" content=\"out of stock\" \/>\n<meta property=\"product:condition\" content=\"new\" \/>\n<!-- \/ Yoast SEO plugin. -->","yoast_head_json":{"title":"BRTC Time 8 Lift-Toning Collagen Cream 80ml - FACECORNER","robots":{"index":"index","follow":"follow","max-snippet":"max-snippet:-1","max-image-preview":"max-image-preview:large","max-video-preview":"max-video-preview:-1"},"canonical":"https:\/\/www.facecorner.lv\/en\/shop\/brtc-time-8-lift-toning-collagen-cream-80ml\/","og_locale":"en_US","og_type":"article","og_title":"BRTC Time 8 Lift-Toning Collagen Cream 80ml - FACECORNER","og_description":"BRTC Time 8 liftinga toniz\u0113jo\u0161ais kolag\u0113na kr\u0113ms mitrina, toniz\u0113 un izl\u012bdzina \u0101das tonusu, padarot to tvirt\u0101ku un elast\u012bg\u0101ku. Tas samazina grumbi\u0146as un pal\u0113nina noveco\u0161an\u0101s procesus, izgaismo vecuma plankumus. Kr\u0113ms mitrina un m\u012bkstina, neizsauc sausumu. Tam ir neparasta dubult\u0101 tekst\u016bra ar vitam\u012bnu kapsul\u0101m. Sast\u0101vs satur palmitoil pentapept\u012bdu-4, kas samazina grumbu dzi\u013cumu un nov\u0113r\u0161 to ra\u0161anos, izl\u012bdzina [&hellip;]","og_url":"https:\/\/www.facecorner.lv\/en\/shop\/brtc-time-8-lift-toning-collagen-cream-80ml\/","og_site_name":"FACECORNER","article_publisher":"https:\/\/www.facebook.com\/profile.php?id=100063824551839","article_modified_time":"2024-03-06T12:56:44+00:00","og_image":[{"width":1200,"height":1200,"url":"https:\/\/www.facecorner.lv\/wp-content\/uploads\/2024\/02\/6722528926.jpg","type":"image\/jpeg"}],"twitter_card":"summary_large_image","twitter_misc":{"Price":"&euro;41.50","Availability":"Out of stock"},"schema":{"@context":"https:\/\/schema.org","@graph":[{"@type":"WebPage","@id":"https:\/\/www.facecorner.lv\/shop\/brtc-time-8-lift-toning-collagen-cream-80ml\/","url":"https:\/\/www.facecorner.lv\/shop\/brtc-time-8-lift-toning-collagen-cream-80ml\/","name":"BRTC Time 8 Lift-Toning Collagen Cream 80ml - FACECORNER","isPartOf":{"@id":"https:\/\/www.facecorner.lv\/#website"},"primaryImageOfPage":{"@id":"https:\/\/www.facecorner.lv\/shop\/brtc-time-8-lift-toning-collagen-cream-80ml\/#primaryimage"},"image":{"@id":"https:\/\/www.facecorner.lv\/shop\/brtc-time-8-lift-toning-collagen-cream-80ml\/#primaryimage"},"thumbnailUrl":"https:\/\/www.facecorner.lv\/wp-content\/uploads\/2024\/02\/6722528926.jpg","datePublished":"2024-02-10T11:39:58+00:00","dateModified":"2024-03-06T12:56:44+00:00","breadcrumb":{"@id":"https:\/\/www.facecorner.lv\/shop\/brtc-time-8-lift-toning-collagen-cream-80ml\/#breadcrumb"},"inLanguage":"en-US","potentialAction":[{"@type":"ReadAction","target":["https:\/\/www.facecorner.lv\/shop\/brtc-time-8-lift-toning-collagen-cream-80ml\/"]}]},{"@type":"ImageObject","inLanguage":"en-US","@id":"https:\/\/www.facecorner.lv\/shop\/brtc-time-8-lift-toning-collagen-cream-80ml\/#primaryimage","url":"https:\/\/www.facecorner.lv\/wp-content\/uploads\/2024\/02\/6722528926.jpg","contentUrl":"https:\/\/www.facecorner.lv\/wp-content\/uploads\/2024\/02\/6722528926.jpg","width":1200,"height":1200},{"@type":"BreadcrumbList","@id":"https:\/\/www.facecorner.lv\/shop\/brtc-time-8-lift-toning-collagen-cream-80ml\/#breadcrumb","itemListElement":[{"@type":"ListItem","position":1,"name":"Home","item":"https:\/\/www.facecorner.lv\/"},{"@type":"ListItem","position":2,"name":"Veikals","item":"https:\/\/www.facecorner.lv\/shop\/"},{"@type":"ListItem","position":3,"name":"BRTC Time 8 Lift-Toning Collagen Cream 80ml"}]},{"@type":"WebSite","@id":"https:\/\/www.facecorner.lv\/#website","url":"https:\/\/www.facecorner.lv\/","name":"Facecorner","description":"","publisher":{"@id":"https:\/\/www.facecorner.lv\/#organization"},"potentialAction":[{"@type":"SearchAction","target":{"@type":"EntryPoint","urlTemplate":"https:\/\/www.facecorner.lv\/?s={search_term_string}"},"query-input":{"@type":"PropertyValueSpecification","valueRequired":true,"valueName":"search_term_string"}}],"inLanguage":"en-US"},{"@type":"Organization","@id":"https:\/\/www.facecorner.lv\/#organization","name":"Facecorner","url":"https:\/\/www.facecorner.lv\/","logo":{"@type":"ImageObject","inLanguage":"en-US","@id":"https:\/\/www.facecorner.lv\/#\/schema\/logo\/image\/","url":"https:\/\/www.facecorner.lv\/wp-content\/uploads\/2024\/04\/fc-logo.jpg","contentUrl":"https:\/\/www.facecorner.lv\/wp-content\/uploads\/2024\/04\/fc-logo.jpg","width":174,"height":28,"caption":"Facecorner"},"image":{"@id":"https:\/\/www.facecorner.lv\/#\/schema\/logo\/image\/"},"sameAs":["https:\/\/www.facebook.com\/profile.php?id=100063824551839","https:\/\/www.instagram.com\/facecorner_shop\/"]}]},"product_price_amount":"41.50","product_price_currency":"EUR","og_availability":"out of stock","product_availability":"out of stock","product_condition":"new"},"_links":{"self":[{"href":"https:\/\/www.facecorner.lv\/en\/wp-json\/wp\/v2\/product\/14215","targetHints":{"allow":["GET"]}}],"collection":[{"href":"https:\/\/www.facecorner.lv\/en\/wp-json\/wp\/v2\/product"}],"about":[{"href":"https:\/\/www.facecorner.lv\/en\/wp-json\/wp\/v2\/types\/product"}],"replies":[{"embeddable":true,"href":"https:\/\/www.facecorner.lv\/en\/wp-json\/wp\/v2\/comments?post=14215"}],"wp:featuredmedia":[{"embeddable":true,"href":"https:\/\/www.facecorner.lv\/en\/wp-json\/wp\/v2\/media\/14216"}],"wp:attachment":[{"href":"https:\/\/www.facecorner.lv\/en\/wp-json\/wp\/v2\/media?parent=14215"}],"wp:term":[{"taxonomy":"product_brand","embeddable":true,"href":"https:\/\/www.facecorner.lv\/en\/wp-json\/wp\/v2\/product_brand?post=14215"},{"taxonomy":"product_cat","embeddable":true,"href":"https:\/\/www.facecorner.lv\/en\/wp-json\/wp\/v2\/product_cat?post=14215"},{"taxonomy":"product_tag","embeddable":true,"href":"https:\/\/www.facecorner.lv\/en\/wp-json\/wp\/v2\/product_tag?post=14215"},{"taxonomy":"berocket_brand","embeddable":true,"href":"https:\/\/www.facecorner.lv\/en\/wp-json\/wp\/v2\/berocket_brand?post=14215"}],"curies":[{"name":"wp","href":"https:\/\/api.w.org\/{rel}","templated":true}]}}