{"id":14157,"date":"2024-02-05T14:37:08","date_gmt":"2024-02-05T12:37:08","guid":{"rendered":"https:\/\/www.facecorner.lv\/?post_type=product&#038;p=14157"},"modified":"2024-03-27T21:19:53","modified_gmt":"2024-03-27T19:19:53","slug":"beauty-of-joseon-apricot-blossom-peeling-gel-100ml","status":"publish","type":"product","link":"https:\/\/www.facecorner.lv\/en\/shop\/beauty-of-joseon-apricot-blossom-peeling-gel-100ml\/","title":{"rendered":"Beauty of Joseon Apricot Blossom Peeling Gel 100ml"},"content":{"rendered":"<p>Beauty of Joseon Apriko\u017eu ziedu p\u012blinga \u017eeleja maigi noloba epidermas keratiniz\u0113to sl\u0101ni, izl\u012bdzina reljefu un m\u012bkstina raupju \u0101du. Stimul\u0113 atjauno\u0161an\u0101s procesus, pal\u012bdz atbr\u012bvoties no lob\u012b\u0161an\u0101s un uzlabo sejas kr\u0101su. Normaliz\u0113 \u016bdens un tauku l\u012bdzsvaru un no\u0146em lieko sebumu.<\/p>\n<p>Produkta galven\u0101 sast\u0101vda\u013ca &#8211; 19 % \u016bdens un ekstrakts no Jap\u0101nas apriko\u017eu ziediem, kas bag\u0101ts ar polifenoliem un flavono\u012bdiem, intens\u012bvai \u0101das mitrin\u0101\u0161anai un att\u012br\u012b\u0161anai. Tam piem\u012bt izteikta atjaunojo\u0161a un toniz\u0113jo\u0161a iedarb\u012bba, tas atjauno \u016bdens l\u012bdzsvaru un maigi balina. Efekt\u012bvi c\u012bn\u0101s pret dehidrat\u0101ciju, nov\u0113r\u0161 \u0101das bl\u0101vumu un baro nov\u0101jin\u0101tu \u0101du.<\/p>\n<p><strong>KEY INGREDIENTS:<\/strong><\/p>\n<ul>\n<li>\u0100bolu ekstrakts pa\u0101trina starp\u0161\u016bnu apmai\u0146as mikrocirkul\u0101cijas procesus audos, uzlabo atjauno\u0161an\u0101s un dz\u012b\u0161anas procesus.<\/li>\n<li>Za\u013c\u0101s t\u0113jas lapu ekstrakts lieliski mazina kairin\u0101jumu, tam piem\u012bt antibakteri\u0101las \u012bpa\u0161\u012bbas, padara \u0101du tvirt\u0101ku un elast\u012bg\u0101ku, izl\u012bdzina grumbas, uzlabo sejas kr\u0101su.<\/li>\n<li>Houttuynia ekstraktam piem\u012bt sp\u0113c\u012bga pretiekaisuma un antiseptiska iedarb\u012bba. Stimul\u0113 re\u0123ener\u0101cijas un audu dz\u012b\u0161anas procesus, \u012bpa\u0161i efekt\u012bvs aknes un citu \u0101das slim\u012bbu \u0101rst\u0113\u0161an\u0101.<\/li>\n<li>Lotosa ekstrakts mitrina, att\u012bra, izl\u012bdzina grumbas, atsvaidzina un toniz\u0113, atjauno elast\u012bbu, re\u0123ener\u0113, nomierina.<\/li>\n<li>Melle\u0146u ekstraktam piem\u012bt antioksidanta, nomierino\u0161as un atjaunojo\u0161as \u012bpa\u0161\u012bbas. Maigi mitrina, mazina jut\u012bgumu, baro un atsvaidzina. Tam piem\u012bt izgaismojo\u0161a iedarb\u012bba, tas izl\u012bdzina sejas toni.<\/li>\n<li>R\u012bsu ekstrakts saglab\u0101 jaun\u012bbu, mitrina un kopj, maigi izgaismo un izl\u012bdzina toni, padarot \u0101du maigu un samtainu.<\/li>\n<\/ul>\n<p><strong>Suitable for all skin types.<\/strong><\/p>\n<p><strong>How to use:<\/strong> uzkl\u0101jiet nepiecie\u0161amo daudzumu uz sausas, att\u012br\u012btas \u0101das, veicot ap\u013cveida kust\u012bbas. P\u0113c 20 sekund\u0113m maigi mas\u0113jiet seju, l\u012bdz p\u012blings s\u0101k sl\u012bd\u0113t, p\u0113c tam noskalojiet atlikumu ar \u016bdeni. Ieteicams lietot 1-2 reizes ned\u0113\u013c\u0101.<\/p>\n<p><strong>Ingredientes:\u00a0<\/strong>Water, Prunus Mume Flower Water, Cellulose, Methypropandiol, 1,2-Hexandiol, Carbomer, Arginine, Ethylhexylglycerin, Allantoin, Sorbitol, Pyrus Malus (Apple) Fruit Extract, Camellia Sinensis Leaf Extract, Houttuynia Cordata Extract, Nelumbo Nucifera Flower Extract, Oryza Sativa (Rice) Extract, Prunus Mume Fruit Extract, Vaccinium Angustifolium (Blueberry) Fruit Extract, Butylene Glycol, Disodium EDTA<\/p>","protected":false},"excerpt":{"rendered":"<p>Beauty of Joseon Apriko\u017eu ziedu p\u012blinga \u017eeleja maigi noloba epidermas keratiniz\u0113to sl\u0101ni, izl\u012bdzina reljefu un m\u012bkstina raupju \u0101du. Stimul\u0113 atjauno\u0161an\u0101s procesus, pal\u012bdz atbr\u012bvoties no lob\u012b\u0161an\u0101s un uzlabo sejas kr\u0101su. Normaliz\u0113 \u016bdens un tauku l\u012bdzsvaru un no\u0146em lieko sebumu. Produkta galven\u0101 sast\u0101vda\u013ca &#8211; 19 % \u016bdens un ekstrakts no Jap\u0101nas apriko\u017eu ziediem, kas bag\u0101ts ar polifenoliem [&hellip;]<\/p>\n","protected":false},"featured_media":14158,"comment_status":"open","ping_status":"closed","template":"","meta":{"site-sidebar-layout":"default","site-content-layout":"","ast-site-content-layout":"","site-content-style":"default","site-sidebar-style":"default","ast-global-header-display":"","ast-banner-title-visibility":"","ast-main-header-display":"","ast-hfb-above-header-display":"","ast-hfb-below-header-display":"","ast-hfb-mobile-header-display":"","site-post-title":"","ast-breadcrumbs-content":"","ast-featured-img":"","footer-sml-layout":"","theme-transparent-header-meta":"","adv-header-id-meta":"","stick-header-meta":"","header-above-stick-meta":"","header-main-stick-meta":"","header-below-stick-meta":"","astra-migrate-meta-layouts":"default","ast-page-background-enabled":"default","ast-page-background-meta":{"desktop":{"background-color":"var(--ast-global-color-4)","background-image":"","background-repeat":"repeat","background-position":"center center","background-size":"auto","background-attachment":"scroll","background-type":"","background-media":"","overlay-type":"","overlay-color":"","overlay-opacity":"","overlay-gradient":""},"tablet":{"background-color":"","background-image":"","background-repeat":"repeat","background-position":"center center","background-size":"auto","background-attachment":"scroll","background-type":"","background-media":"","overlay-type":"","overlay-color":"","overlay-opacity":"","overlay-gradient":""},"mobile":{"background-color":"","background-image":"","background-repeat":"repeat","background-position":"center center","background-size":"auto","background-attachment":"scroll","background-type":"","background-media":"","overlay-type":"","overlay-color":"","overlay-opacity":"","overlay-gradient":""}},"ast-content-background-meta":{"desktop":{"background-color":"var(--ast-global-color-5)","background-image":"","background-repeat":"repeat","background-position":"center center","background-size":"auto","background-attachment":"scroll","background-type":"","background-media":"","overlay-type":"","overlay-color":"","overlay-opacity":"","overlay-gradient":""},"tablet":{"background-color":"var(--ast-global-color-5)","background-image":"","background-repeat":"repeat","background-position":"center center","background-size":"auto","background-attachment":"scroll","background-type":"","background-media":"","overlay-type":"","overlay-color":"","overlay-opacity":"","overlay-gradient":""},"mobile":{"background-color":"var(--ast-global-color-5)","background-image":"","background-repeat":"repeat","background-position":"center center","background-size":"auto","background-attachment":"scroll","background-type":"","background-media":"","overlay-type":"","overlay-color":"","overlay-opacity":"","overlay-gradient":""}}},"product_brand":[],"product_cat":[328],"product_tag":[],"berocket_brand":[],"class_list":{"0":"post-14157","1":"product","2":"type-product","3":"status-publish","4":"has-post-thumbnail","6":"product_cat-pilingi-un-skrubji","7":"desktop-align-left","8":"tablet-align-left","9":"mobile-align-left","11":"first","12":"outofstock","13":"taxable","14":"shipping-taxable","15":"purchasable","16":"product-type-simple","17":"add-to-wishlist-before_image"},"yoast_head":"<!-- This site is optimized with the Yoast SEO plugin v27.3 - https:\/\/yoast.com\/product\/yoast-seo-wordpress\/ -->\n<title>Beauty of Joseon Apricot Blossom Peeling Gel 100ml - FACECORNER<\/title>\n<meta name=\"robots\" content=\"index, follow, max-snippet:-1, max-image-preview:large, max-video-preview:-1\" \/>\n<link rel=\"canonical\" href=\"https:\/\/www.facecorner.lv\/en\/shop\/beauty-of-joseon-apricot-blossom-peeling-gel-100ml\/\" \/>\n<meta property=\"og:locale\" content=\"en_US\" \/>\n<meta property=\"og:type\" content=\"article\" \/>\n<meta property=\"og:title\" content=\"Beauty of Joseon Apricot Blossom Peeling Gel 100ml - FACECORNER\" \/>\n<meta property=\"og:description\" content=\"Beauty of Joseon Apriko\u017eu ziedu p\u012blinga \u017eeleja maigi noloba epidermas keratiniz\u0113to sl\u0101ni, izl\u012bdzina reljefu un m\u012bkstina raupju \u0101du. Stimul\u0113 atjauno\u0161an\u0101s procesus, pal\u012bdz atbr\u012bvoties no lob\u012b\u0161an\u0101s un uzlabo sejas kr\u0101su. Normaliz\u0113 \u016bdens un tauku l\u012bdzsvaru un no\u0146em lieko sebumu. Produkta galven\u0101 sast\u0101vda\u013ca &#8211; 19 % \u016bdens un ekstrakts no Jap\u0101nas apriko\u017eu ziediem, kas bag\u0101ts ar polifenoliem [&hellip;]\" \/>\n<meta property=\"og:url\" content=\"https:\/\/www.facecorner.lv\/en\/shop\/beauty-of-joseon-apricot-blossom-peeling-gel-100ml\/\" \/>\n<meta property=\"og:site_name\" content=\"FACECORNER\" \/>\n<meta property=\"article:publisher\" content=\"https:\/\/www.facebook.com\/profile.php?id=100063824551839\" \/>\n<meta property=\"article:modified_time\" content=\"2024-03-27T19:19:53+00:00\" \/>\n<meta property=\"og:image\" content=\"https:\/\/www.facecorner.lv\/wp-content\/uploads\/2024\/02\/1701778869_8809738312872.jpg\" \/>\n\t<meta property=\"og:image:width\" content=\"1000\" \/>\n\t<meta property=\"og:image:height\" content=\"1000\" \/>\n\t<meta property=\"og:image:type\" content=\"image\/jpeg\" \/>\n<meta name=\"twitter:card\" content=\"summary_large_image\" \/>\n<meta name=\"twitter:label1\" content=\"Price\" \/>\n\t<meta name=\"twitter:data1\" content=\"&euro;15.90\" \/>\n\t<meta name=\"twitter:label2\" content=\"Availability\" \/>\n\t<meta name=\"twitter:data2\" content=\"Out of stock\" \/>\n<script type=\"application\/ld+json\" class=\"yoast-schema-graph\">{\"@context\":\"https:\\\/\\\/schema.org\",\"@graph\":[{\"@type\":\"WebPage\",\"@id\":\"https:\\\/\\\/www.facecorner.lv\\\/shop\\\/beauty-of-joseon-apricot-blossom-peeling-gel-100ml\\\/\",\"url\":\"https:\\\/\\\/www.facecorner.lv\\\/shop\\\/beauty-of-joseon-apricot-blossom-peeling-gel-100ml\\\/\",\"name\":\"Beauty of Joseon Apricot Blossom Peeling Gel 100ml - FACECORNER\",\"isPartOf\":{\"@id\":\"https:\\\/\\\/www.facecorner.lv\\\/#website\"},\"primaryImageOfPage\":{\"@id\":\"https:\\\/\\\/www.facecorner.lv\\\/shop\\\/beauty-of-joseon-apricot-blossom-peeling-gel-100ml\\\/#primaryimage\"},\"image\":{\"@id\":\"https:\\\/\\\/www.facecorner.lv\\\/shop\\\/beauty-of-joseon-apricot-blossom-peeling-gel-100ml\\\/#primaryimage\"},\"thumbnailUrl\":\"https:\\\/\\\/www.facecorner.lv\\\/wp-content\\\/uploads\\\/2024\\\/02\\\/1701778869_8809738312872.jpg\",\"datePublished\":\"2024-02-05T12:37:08+00:00\",\"dateModified\":\"2024-03-27T19:19:53+00:00\",\"breadcrumb\":{\"@id\":\"https:\\\/\\\/www.facecorner.lv\\\/shop\\\/beauty-of-joseon-apricot-blossom-peeling-gel-100ml\\\/#breadcrumb\"},\"inLanguage\":\"en-US\",\"potentialAction\":[{\"@type\":\"ReadAction\",\"target\":[\"https:\\\/\\\/www.facecorner.lv\\\/shop\\\/beauty-of-joseon-apricot-blossom-peeling-gel-100ml\\\/\"]}]},{\"@type\":\"ImageObject\",\"inLanguage\":\"en-US\",\"@id\":\"https:\\\/\\\/www.facecorner.lv\\\/shop\\\/beauty-of-joseon-apricot-blossom-peeling-gel-100ml\\\/#primaryimage\",\"url\":\"https:\\\/\\\/www.facecorner.lv\\\/wp-content\\\/uploads\\\/2024\\\/02\\\/1701778869_8809738312872.jpg\",\"contentUrl\":\"https:\\\/\\\/www.facecorner.lv\\\/wp-content\\\/uploads\\\/2024\\\/02\\\/1701778869_8809738312872.jpg\",\"width\":1000,\"height\":1000},{\"@type\":\"BreadcrumbList\",\"@id\":\"https:\\\/\\\/www.facecorner.lv\\\/shop\\\/beauty-of-joseon-apricot-blossom-peeling-gel-100ml\\\/#breadcrumb\",\"itemListElement\":[{\"@type\":\"ListItem\",\"position\":1,\"name\":\"Home\",\"item\":\"https:\\\/\\\/www.facecorner.lv\\\/\"},{\"@type\":\"ListItem\",\"position\":2,\"name\":\"Veikals\",\"item\":\"https:\\\/\\\/www.facecorner.lv\\\/shop\\\/\"},{\"@type\":\"ListItem\",\"position\":3,\"name\":\"Beauty of Joseon Apricot Blossom Peeling Gel 100ml\"}]},{\"@type\":\"WebSite\",\"@id\":\"https:\\\/\\\/www.facecorner.lv\\\/#website\",\"url\":\"https:\\\/\\\/www.facecorner.lv\\\/\",\"name\":\"Facecorner\",\"description\":\"\",\"publisher\":{\"@id\":\"https:\\\/\\\/www.facecorner.lv\\\/#organization\"},\"potentialAction\":[{\"@type\":\"SearchAction\",\"target\":{\"@type\":\"EntryPoint\",\"urlTemplate\":\"https:\\\/\\\/www.facecorner.lv\\\/?s={search_term_string}\"},\"query-input\":{\"@type\":\"PropertyValueSpecification\",\"valueRequired\":true,\"valueName\":\"search_term_string\"}}],\"inLanguage\":\"en-US\"},{\"@type\":\"Organization\",\"@id\":\"https:\\\/\\\/www.facecorner.lv\\\/#organization\",\"name\":\"Facecorner\",\"url\":\"https:\\\/\\\/www.facecorner.lv\\\/\",\"logo\":{\"@type\":\"ImageObject\",\"inLanguage\":\"en-US\",\"@id\":\"https:\\\/\\\/www.facecorner.lv\\\/#\\\/schema\\\/logo\\\/image\\\/\",\"url\":\"https:\\\/\\\/www.facecorner.lv\\\/wp-content\\\/uploads\\\/2024\\\/04\\\/fc-logo.jpg\",\"contentUrl\":\"https:\\\/\\\/www.facecorner.lv\\\/wp-content\\\/uploads\\\/2024\\\/04\\\/fc-logo.jpg\",\"width\":174,\"height\":28,\"caption\":\"Facecorner\"},\"image\":{\"@id\":\"https:\\\/\\\/www.facecorner.lv\\\/#\\\/schema\\\/logo\\\/image\\\/\"},\"sameAs\":[\"https:\\\/\\\/www.facebook.com\\\/profile.php?id=100063824551839\",\"https:\\\/\\\/www.instagram.com\\\/facecorner_shop\\\/\"]}]}<\/script>\n<meta property=\"product:price:amount\" content=\"15.90\" \/>\n<meta property=\"product:price:currency\" content=\"EUR\" \/>\n<meta property=\"og:availability\" content=\"out of stock\" \/>\n<meta property=\"product:availability\" content=\"out of stock\" \/>\n<meta property=\"product:condition\" content=\"new\" \/>\n<!-- \/ Yoast SEO plugin. -->","yoast_head_json":{"title":"Beauty of Joseon Apricot Blossom Peeling Gel 100ml - FACECORNER","robots":{"index":"index","follow":"follow","max-snippet":"max-snippet:-1","max-image-preview":"max-image-preview:large","max-video-preview":"max-video-preview:-1"},"canonical":"https:\/\/www.facecorner.lv\/en\/shop\/beauty-of-joseon-apricot-blossom-peeling-gel-100ml\/","og_locale":"en_US","og_type":"article","og_title":"Beauty of Joseon Apricot Blossom Peeling Gel 100ml - FACECORNER","og_description":"Beauty of Joseon Apriko\u017eu ziedu p\u012blinga \u017eeleja maigi noloba epidermas keratiniz\u0113to sl\u0101ni, izl\u012bdzina reljefu un m\u012bkstina raupju \u0101du. Stimul\u0113 atjauno\u0161an\u0101s procesus, pal\u012bdz atbr\u012bvoties no lob\u012b\u0161an\u0101s un uzlabo sejas kr\u0101su. Normaliz\u0113 \u016bdens un tauku l\u012bdzsvaru un no\u0146em lieko sebumu. Produkta galven\u0101 sast\u0101vda\u013ca &#8211; 19 % \u016bdens un ekstrakts no Jap\u0101nas apriko\u017eu ziediem, kas bag\u0101ts ar polifenoliem [&hellip;]","og_url":"https:\/\/www.facecorner.lv\/en\/shop\/beauty-of-joseon-apricot-blossom-peeling-gel-100ml\/","og_site_name":"FACECORNER","article_publisher":"https:\/\/www.facebook.com\/profile.php?id=100063824551839","article_modified_time":"2024-03-27T19:19:53+00:00","og_image":[{"width":1000,"height":1000,"url":"https:\/\/www.facecorner.lv\/wp-content\/uploads\/2024\/02\/1701778869_8809738312872.jpg","type":"image\/jpeg"}],"twitter_card":"summary_large_image","twitter_misc":{"Price":"&euro;15.90","Availability":"Out of stock"},"schema":{"@context":"https:\/\/schema.org","@graph":[{"@type":"WebPage","@id":"https:\/\/www.facecorner.lv\/shop\/beauty-of-joseon-apricot-blossom-peeling-gel-100ml\/","url":"https:\/\/www.facecorner.lv\/shop\/beauty-of-joseon-apricot-blossom-peeling-gel-100ml\/","name":"Beauty of Joseon Apricot Blossom Peeling Gel 100ml - FACECORNER","isPartOf":{"@id":"https:\/\/www.facecorner.lv\/#website"},"primaryImageOfPage":{"@id":"https:\/\/www.facecorner.lv\/shop\/beauty-of-joseon-apricot-blossom-peeling-gel-100ml\/#primaryimage"},"image":{"@id":"https:\/\/www.facecorner.lv\/shop\/beauty-of-joseon-apricot-blossom-peeling-gel-100ml\/#primaryimage"},"thumbnailUrl":"https:\/\/www.facecorner.lv\/wp-content\/uploads\/2024\/02\/1701778869_8809738312872.jpg","datePublished":"2024-02-05T12:37:08+00:00","dateModified":"2024-03-27T19:19:53+00:00","breadcrumb":{"@id":"https:\/\/www.facecorner.lv\/shop\/beauty-of-joseon-apricot-blossom-peeling-gel-100ml\/#breadcrumb"},"inLanguage":"en-US","potentialAction":[{"@type":"ReadAction","target":["https:\/\/www.facecorner.lv\/shop\/beauty-of-joseon-apricot-blossom-peeling-gel-100ml\/"]}]},{"@type":"ImageObject","inLanguage":"en-US","@id":"https:\/\/www.facecorner.lv\/shop\/beauty-of-joseon-apricot-blossom-peeling-gel-100ml\/#primaryimage","url":"https:\/\/www.facecorner.lv\/wp-content\/uploads\/2024\/02\/1701778869_8809738312872.jpg","contentUrl":"https:\/\/www.facecorner.lv\/wp-content\/uploads\/2024\/02\/1701778869_8809738312872.jpg","width":1000,"height":1000},{"@type":"BreadcrumbList","@id":"https:\/\/www.facecorner.lv\/shop\/beauty-of-joseon-apricot-blossom-peeling-gel-100ml\/#breadcrumb","itemListElement":[{"@type":"ListItem","position":1,"name":"Home","item":"https:\/\/www.facecorner.lv\/"},{"@type":"ListItem","position":2,"name":"Veikals","item":"https:\/\/www.facecorner.lv\/shop\/"},{"@type":"ListItem","position":3,"name":"Beauty of Joseon Apricot Blossom Peeling Gel 100ml"}]},{"@type":"WebSite","@id":"https:\/\/www.facecorner.lv\/#website","url":"https:\/\/www.facecorner.lv\/","name":"Facecorner","description":"","publisher":{"@id":"https:\/\/www.facecorner.lv\/#organization"},"potentialAction":[{"@type":"SearchAction","target":{"@type":"EntryPoint","urlTemplate":"https:\/\/www.facecorner.lv\/?s={search_term_string}"},"query-input":{"@type":"PropertyValueSpecification","valueRequired":true,"valueName":"search_term_string"}}],"inLanguage":"en-US"},{"@type":"Organization","@id":"https:\/\/www.facecorner.lv\/#organization","name":"Facecorner","url":"https:\/\/www.facecorner.lv\/","logo":{"@type":"ImageObject","inLanguage":"en-US","@id":"https:\/\/www.facecorner.lv\/#\/schema\/logo\/image\/","url":"https:\/\/www.facecorner.lv\/wp-content\/uploads\/2024\/04\/fc-logo.jpg","contentUrl":"https:\/\/www.facecorner.lv\/wp-content\/uploads\/2024\/04\/fc-logo.jpg","width":174,"height":28,"caption":"Facecorner"},"image":{"@id":"https:\/\/www.facecorner.lv\/#\/schema\/logo\/image\/"},"sameAs":["https:\/\/www.facebook.com\/profile.php?id=100063824551839","https:\/\/www.instagram.com\/facecorner_shop\/"]}]},"product_price_amount":"15.90","product_price_currency":"EUR","og_availability":"out of stock","product_availability":"out of stock","product_condition":"new"},"_links":{"self":[{"href":"https:\/\/www.facecorner.lv\/en\/wp-json\/wp\/v2\/product\/14157","targetHints":{"allow":["GET"]}}],"collection":[{"href":"https:\/\/www.facecorner.lv\/en\/wp-json\/wp\/v2\/product"}],"about":[{"href":"https:\/\/www.facecorner.lv\/en\/wp-json\/wp\/v2\/types\/product"}],"replies":[{"embeddable":true,"href":"https:\/\/www.facecorner.lv\/en\/wp-json\/wp\/v2\/comments?post=14157"}],"wp:featuredmedia":[{"embeddable":true,"href":"https:\/\/www.facecorner.lv\/en\/wp-json\/wp\/v2\/media\/14158"}],"wp:attachment":[{"href":"https:\/\/www.facecorner.lv\/en\/wp-json\/wp\/v2\/media?parent=14157"}],"wp:term":[{"taxonomy":"product_brand","embeddable":true,"href":"https:\/\/www.facecorner.lv\/en\/wp-json\/wp\/v2\/product_brand?post=14157"},{"taxonomy":"product_cat","embeddable":true,"href":"https:\/\/www.facecorner.lv\/en\/wp-json\/wp\/v2\/product_cat?post=14157"},{"taxonomy":"product_tag","embeddable":true,"href":"https:\/\/www.facecorner.lv\/en\/wp-json\/wp\/v2\/product_tag?post=14157"},{"taxonomy":"berocket_brand","embeddable":true,"href":"https:\/\/www.facecorner.lv\/en\/wp-json\/wp\/v2\/berocket_brand?post=14157"}],"curies":[{"name":"wp","href":"https:\/\/api.w.org\/{rel}","templated":true}]}}