{"id":14154,"date":"2024-02-05T14:30:06","date_gmt":"2024-02-05T12:30:06","guid":{"rendered":"https:\/\/www.facecorner.lv\/?post_type=product&#038;p=14154"},"modified":"2024-07-27T15:55:23","modified_gmt":"2024-07-27T13:55:23","slug":"beauty-of-joseon-red-bean-water-gel-100ml","status":"publish","type":"product","link":"https:\/\/www.facecorner.lv\/en\/shop\/beauty-of-joseon-red-bean-water-gel-100ml\/","title":{"rendered":"Beauty of Joseon Red Bean Water Gel 100ml"},"content":{"rendered":"<p>Beauty of Joseon sarkano pupi\u0146u \u016bdens \u017eeleja ir lielisks mitrino\u0161s l\u012bdzeklis taukainai un jauktai \u0101dai, kas nov\u0113r\u0161 mitruma tr\u016bkumu, normaliz\u0113 sebuma sekr\u0113ciju un nov\u0113r\u0161 taukainu sp\u012bdumu.<\/p>\n<p>Produkts ar bezsvara \u017eelejas tekst\u016bru ir pat\u012bkami atsvaidzino\u0161s, \u0101tri uzs\u016bcas, nenoslogo. Pal\u0113nina noveco\u0161an\u0101s procesus, uztur \u0101das elast\u012bbu un gludumu, izl\u012bdzina reljefu.<\/p>\n<p>Formulas pamat\u0101 ir adzuki pupi\u0146u ekstrakts (441 000 ppm) jeb le\u0146\u0137k\u0101postu pupi\u0146as, kas ir tradicion\u0101l\u0101s medic\u012bnas sast\u0101vda\u013ca un bag\u0101t\u012bgs sapon\u012bnu avots. Pupi\u0146u ekstrakts regul\u0113 sebuma veido\u0161anos, uzlabo \u0101das elast\u012bbu un aizsarg\u0101 pret br\u012bvajiem radik\u0101\u013ciem.<\/p>\n<p><strong>KEY INGREDIENTS:<\/strong><\/p>\n<ul>\n<li>Argirel\u012bns (acetilheksapept\u012bds-8) &#8211; pept\u012bds ar botul\u012bnam l\u012bdz\u012bgu iedarb\u012bbu, atsl\u0101bina sejas musku\u013cus un nov\u0113r\u0161 sejas grumbu veido\u0161anos.<\/li>\n<li>3 epidermas aug\u0161anas faktori (\u0161-oligopeptide-1, \u0161-oligopeptide-2, \u0161-polipept\u012bds-1) stimul\u0113 \u0161\u016bnu aug\u0161anu un iedarbina re\u0123ener\u0101cijas procesu, t\u0101d\u0113j\u0101di saglab\u0101jot \u0101das bl\u012bvumu, elast\u012bbu un gludumu, pa\u0101trinot dz\u012b\u0161anu un veicinot kolag\u0113na sint\u0113zi.<\/li>\n<li>Magnija askorbilfosf\u0101ts, kas ir stabila C vitam\u012bna forma, balina pigment\u0101ciju, blo\u0137\u0113 iekaisumus, neitraliz\u0113 oksidat\u012bvo stresu un stimul\u0113 kolag\u0113na veido\u0161anos, t\u0101d\u0113j\u0101di uzlabojot \u0101das tvirtumu un bl\u012bvumu.<\/li>\n<li>Beta-glik\u0101ns atjauno boj\u0101t\u0101s vietas, iedarbojas pretiekaisuma un pretnoveco\u0161an\u0101s, intens\u012bvi mitrina un aizsarg\u0101 pret br\u012bvajiem radik\u0101\u013ciem.<\/li>\n<li>Cianokobalam\u012bns (vitam\u012bns B12) mitrina, nomierina, nom\u0101c iekaisumus, stiprina kapil\u0101rus, pal\u012bdz aknes \u0101rst\u0113\u0161an\u0101.<\/li>\n<li>Aminosk\u0101bju komplekss palielina dabisko mitrino\u0161o faktoru (NMF), uzlabo \u0101das strukt\u016bru, izl\u012bdzina reljefu un izl\u012bdzina \u0101das toni.<\/li>\n<li>Pantenols (vitam\u012bns B5) mazina aps\u0101rtumu un niezi, stiprina hidrolip\u012bdu barjeru, nov\u0113r\u0161 mitruma iztvaiko\u0161anu un veicina re\u0123ener\u0101ciju.<\/li>\n<\/ul>\n<p><strong>Piem\u0113rots jauktai un taukainai \u0101dai.<\/strong><\/p>\n<p><strong>How to use:<\/strong>: uz sejas uzkl\u0101jiet zirn\u012b\u0161a lieluma daudzumu gela un ar viegl\u0101m gl\u0101sto\u0161\u0101m kust\u012bb\u0101m uzkl\u0101jiet to uz \u0101das.<\/p>\n<p><strong>Ingredientes:\u00a0<\/strong>Phaseolus angularis seed extract (441,000 ppm), water, butylene glycol, glycerin, 1,2-hexanediol, methyl trimethicone, acrylates\/c10-30 alkyl acrylate crosspolymer, tromethamine, glyceryl glucoside, c12-14 alketh-12, maltodextrin, ammonium acryloyldimethyltaurate\/vp copolymer, dimethicone\/vinyl dimethicone crosspolymer, dimethicone crosspolymer, ethylhexylglycerin, betaine, panthenol, allantoin, dipotassium glycyrrhizate, polyquaternium-51, xanthan gum, disodium edta, glyceryl acrylate\/acrylic acid copolymer, dioscorea japonica root extract, glucose, sodium citrate, beta-glucan, hydrolyzed corn starch, citric acid, sucrose, caprylyl glycol, helianthus annuus (sunflower) seed oil, tocopherol, cyanocobalamin, glycine, serine, glutamic acid, magnesium ascorbyl phosphate, aspartic acid, leucine, acetyl hexapeptide-8, alanine, lysine, arginine, tyrosine, phenylalanine, proline, threonine, valine, isoleucine, histidine, cysteine, methionine, sh-oligopeptide-1, sh-oligopeptide-2, sh-polypeptide-1<\/p>","protected":false},"excerpt":{"rendered":"<p>Beauty of Joseon sarkano pupi\u0146u \u016bdens \u017eeleja ir lielisks mitrino\u0161s l\u012bdzeklis taukainai un jauktai \u0101dai, kas nov\u0113r\u0161 mitruma tr\u016bkumu, normaliz\u0113 sebuma sekr\u0113ciju un nov\u0113r\u0161 taukainu sp\u012bdumu. Produkts ar bezsvara \u017eelejas tekst\u016bru ir pat\u012bkami atsvaidzino\u0161s, \u0101tri uzs\u016bcas, nenoslogo. Pal\u0113nina noveco\u0161an\u0101s procesus, uztur \u0101das elast\u012bbu un gludumu, izl\u012bdzina reljefu. Formulas pamat\u0101 ir adzuki pupi\u0146u ekstrakts (441 000 [&hellip;]<\/p>\n","protected":false},"featured_media":14156,"comment_status":"open","ping_status":"closed","template":"","meta":{"site-sidebar-layout":"default","site-content-layout":"","ast-site-content-layout":"","site-content-style":"default","site-sidebar-style":"default","ast-global-header-display":"","ast-banner-title-visibility":"","ast-main-header-display":"","ast-hfb-above-header-display":"","ast-hfb-below-header-display":"","ast-hfb-mobile-header-display":"","site-post-title":"","ast-breadcrumbs-content":"","ast-featured-img":"","footer-sml-layout":"","theme-transparent-header-meta":"","adv-header-id-meta":"","stick-header-meta":"","header-above-stick-meta":"","header-main-stick-meta":"","header-below-stick-meta":"","astra-migrate-meta-layouts":"default","ast-page-background-enabled":"default","ast-page-background-meta":{"desktop":{"background-color":"var(--ast-global-color-4)","background-image":"","background-repeat":"repeat","background-position":"center center","background-size":"auto","background-attachment":"scroll","background-type":"","background-media":"","overlay-type":"","overlay-color":"","overlay-opacity":"","overlay-gradient":""},"tablet":{"background-color":"","background-image":"","background-repeat":"repeat","background-position":"center center","background-size":"auto","background-attachment":"scroll","background-type":"","background-media":"","overlay-type":"","overlay-color":"","overlay-opacity":"","overlay-gradient":""},"mobile":{"background-color":"","background-image":"","background-repeat":"repeat","background-position":"center center","background-size":"auto","background-attachment":"scroll","background-type":"","background-media":"","overlay-type":"","overlay-color":"","overlay-opacity":"","overlay-gradient":""}},"ast-content-background-meta":{"desktop":{"background-color":"var(--ast-global-color-5)","background-image":"","background-repeat":"repeat","background-position":"center center","background-size":"auto","background-attachment":"scroll","background-type":"","background-media":"","overlay-type":"","overlay-color":"","overlay-opacity":"","overlay-gradient":""},"tablet":{"background-color":"var(--ast-global-color-5)","background-image":"","background-repeat":"repeat","background-position":"center center","background-size":"auto","background-attachment":"scroll","background-type":"","background-media":"","overlay-type":"","overlay-color":"","overlay-opacity":"","overlay-gradient":""},"mobile":{"background-color":"var(--ast-global-color-5)","background-image":"","background-repeat":"repeat","background-position":"center center","background-size":"auto","background-attachment":"scroll","background-type":"","background-media":"","overlay-type":"","overlay-color":"","overlay-opacity":"","overlay-gradient":""}}},"product_brand":[],"product_cat":[380,366,369,381,307,362],"product_tag":[],"berocket_brand":[],"class_list":{"0":"post-14154","1":"product","2":"type-product","3":"status-publish","4":"has-post-thumbnail","6":"product_cat-kombinetai-adai","7":"product_cat-mitrinoss","8":"product_cat-problematiskai-adai-sejas-krems","9":"product_cat-problematiskai-un-taukainai-adai","10":"product_cat-sejai","11":"product_cat-sejas-krems","12":"desktop-align-left","13":"tablet-align-left","14":"mobile-align-left","16":"first","17":"outofstock","18":"taxable","19":"shipping-taxable","20":"purchasable","21":"product-type-simple","22":"add-to-wishlist-before_image"},"yoast_head":"<!-- This site is optimized with the Yoast SEO plugin v27.4 - https:\/\/yoast.com\/product\/yoast-seo-wordpress\/ -->\n<title>Beauty of Joseon Red Bean Water Gel 100ml - FACECORNER<\/title>\n<meta name=\"robots\" content=\"index, follow, max-snippet:-1, max-image-preview:large, max-video-preview:-1\" \/>\n<link rel=\"canonical\" href=\"https:\/\/www.facecorner.lv\/en\/shop\/beauty-of-joseon-red-bean-water-gel-100ml\/\" \/>\n<meta property=\"og:locale\" content=\"en_US\" \/>\n<meta property=\"og:type\" content=\"article\" \/>\n<meta property=\"og:title\" content=\"Beauty of Joseon Red Bean Water Gel 100ml - FACECORNER\" \/>\n<meta property=\"og:description\" content=\"Beauty of Joseon sarkano pupi\u0146u \u016bdens \u017eeleja ir lielisks mitrino\u0161s l\u012bdzeklis taukainai un jauktai \u0101dai, kas nov\u0113r\u0161 mitruma tr\u016bkumu, normaliz\u0113 sebuma sekr\u0113ciju un nov\u0113r\u0161 taukainu sp\u012bdumu. Produkts ar bezsvara \u017eelejas tekst\u016bru ir pat\u012bkami atsvaidzino\u0161s, \u0101tri uzs\u016bcas, nenoslogo. Pal\u0113nina noveco\u0161an\u0101s procesus, uztur \u0101das elast\u012bbu un gludumu, izl\u012bdzina reljefu. Formulas pamat\u0101 ir adzuki pupi\u0146u ekstrakts (441 000 [&hellip;]\" \/>\n<meta property=\"og:url\" content=\"https:\/\/www.facecorner.lv\/en\/shop\/beauty-of-joseon-red-bean-water-gel-100ml\/\" \/>\n<meta property=\"og:site_name\" content=\"FACECORNER\" \/>\n<meta property=\"article:publisher\" content=\"https:\/\/www.facebook.com\/profile.php?id=100063824551839\" \/>\n<meta property=\"article:modified_time\" content=\"2024-07-27T13:55:23+00:00\" \/>\n<meta property=\"og:image\" content=\"https:\/\/www.facecorner.lv\/wp-content\/uploads\/2024\/02\/beautyofjoseonredbeanwatergel.jpg.webp\" \/>\n\t<meta property=\"og:image:width\" content=\"800\" \/>\n\t<meta property=\"og:image:height\" content=\"800\" \/>\n\t<meta property=\"og:image:type\" content=\"image\/webp\" \/>\n<meta name=\"twitter:card\" content=\"summary_large_image\" \/>\n<meta name=\"twitter:label1\" content=\"Price\" \/>\n\t<meta name=\"twitter:data1\" content=\"&euro;20.00\" \/>\n\t<meta name=\"twitter:label2\" content=\"Availability\" \/>\n\t<meta name=\"twitter:data2\" content=\"Out of stock\" \/>\n<script type=\"application\/ld+json\" class=\"yoast-schema-graph\">{\"@context\":\"https:\\\/\\\/schema.org\",\"@graph\":[{\"@type\":\"WebPage\",\"@id\":\"https:\\\/\\\/www.facecorner.lv\\\/shop\\\/beauty-of-joseon-red-bean-water-gel-100ml\\\/\",\"url\":\"https:\\\/\\\/www.facecorner.lv\\\/shop\\\/beauty-of-joseon-red-bean-water-gel-100ml\\\/\",\"name\":\"Beauty of Joseon Red Bean Water Gel 100ml - FACECORNER\",\"isPartOf\":{\"@id\":\"https:\\\/\\\/www.facecorner.lv\\\/#website\"},\"primaryImageOfPage\":{\"@id\":\"https:\\\/\\\/www.facecorner.lv\\\/shop\\\/beauty-of-joseon-red-bean-water-gel-100ml\\\/#primaryimage\"},\"image\":{\"@id\":\"https:\\\/\\\/www.facecorner.lv\\\/shop\\\/beauty-of-joseon-red-bean-water-gel-100ml\\\/#primaryimage\"},\"thumbnailUrl\":\"https:\\\/\\\/www.facecorner.lv\\\/wp-content\\\/uploads\\\/2024\\\/02\\\/beautyofjoseonredbeanwatergel.jpg.webp\",\"datePublished\":\"2024-02-05T12:30:06+00:00\",\"dateModified\":\"2024-07-27T13:55:23+00:00\",\"breadcrumb\":{\"@id\":\"https:\\\/\\\/www.facecorner.lv\\\/shop\\\/beauty-of-joseon-red-bean-water-gel-100ml\\\/#breadcrumb\"},\"inLanguage\":\"en-US\",\"potentialAction\":[{\"@type\":\"ReadAction\",\"target\":[\"https:\\\/\\\/www.facecorner.lv\\\/shop\\\/beauty-of-joseon-red-bean-water-gel-100ml\\\/\"]}]},{\"@type\":\"ImageObject\",\"inLanguage\":\"en-US\",\"@id\":\"https:\\\/\\\/www.facecorner.lv\\\/shop\\\/beauty-of-joseon-red-bean-water-gel-100ml\\\/#primaryimage\",\"url\":\"https:\\\/\\\/www.facecorner.lv\\\/wp-content\\\/uploads\\\/2024\\\/02\\\/beautyofjoseonredbeanwatergel.jpg.webp\",\"contentUrl\":\"https:\\\/\\\/www.facecorner.lv\\\/wp-content\\\/uploads\\\/2024\\\/02\\\/beautyofjoseonredbeanwatergel.jpg.webp\",\"width\":800,\"height\":800},{\"@type\":\"BreadcrumbList\",\"@id\":\"https:\\\/\\\/www.facecorner.lv\\\/shop\\\/beauty-of-joseon-red-bean-water-gel-100ml\\\/#breadcrumb\",\"itemListElement\":[{\"@type\":\"ListItem\",\"position\":1,\"name\":\"Home\",\"item\":\"https:\\\/\\\/www.facecorner.lv\\\/\"},{\"@type\":\"ListItem\",\"position\":2,\"name\":\"Veikals\",\"item\":\"https:\\\/\\\/www.facecorner.lv\\\/shop\\\/\"},{\"@type\":\"ListItem\",\"position\":3,\"name\":\"Beauty of Joseon Red Bean Water Gel 100ml\"}]},{\"@type\":\"WebSite\",\"@id\":\"https:\\\/\\\/www.facecorner.lv\\\/#website\",\"url\":\"https:\\\/\\\/www.facecorner.lv\\\/\",\"name\":\"Facecorner\",\"description\":\"\",\"publisher\":{\"@id\":\"https:\\\/\\\/www.facecorner.lv\\\/#organization\"},\"potentialAction\":[{\"@type\":\"SearchAction\",\"target\":{\"@type\":\"EntryPoint\",\"urlTemplate\":\"https:\\\/\\\/www.facecorner.lv\\\/?s={search_term_string}\"},\"query-input\":{\"@type\":\"PropertyValueSpecification\",\"valueRequired\":true,\"valueName\":\"search_term_string\"}}],\"inLanguage\":\"en-US\"},{\"@type\":\"Organization\",\"@id\":\"https:\\\/\\\/www.facecorner.lv\\\/#organization\",\"name\":\"Facecorner\",\"url\":\"https:\\\/\\\/www.facecorner.lv\\\/\",\"logo\":{\"@type\":\"ImageObject\",\"inLanguage\":\"en-US\",\"@id\":\"https:\\\/\\\/www.facecorner.lv\\\/#\\\/schema\\\/logo\\\/image\\\/\",\"url\":\"https:\\\/\\\/www.facecorner.lv\\\/wp-content\\\/uploads\\\/2024\\\/04\\\/fc-logo.jpg\",\"contentUrl\":\"https:\\\/\\\/www.facecorner.lv\\\/wp-content\\\/uploads\\\/2024\\\/04\\\/fc-logo.jpg\",\"width\":174,\"height\":28,\"caption\":\"Facecorner\"},\"image\":{\"@id\":\"https:\\\/\\\/www.facecorner.lv\\\/#\\\/schema\\\/logo\\\/image\\\/\"},\"sameAs\":[\"https:\\\/\\\/www.facebook.com\\\/profile.php?id=100063824551839\",\"https:\\\/\\\/www.instagram.com\\\/facecorner_shop\\\/\"]}]}<\/script>\n<meta property=\"product:price:amount\" content=\"20.00\" \/>\n<meta property=\"product:price:currency\" content=\"EUR\" \/>\n<meta property=\"og:availability\" content=\"out of stock\" \/>\n<meta property=\"product:availability\" content=\"out of stock\" \/>\n<meta property=\"product:condition\" content=\"new\" \/>\n<!-- \/ Yoast SEO plugin. -->","yoast_head_json":{"title":"Beauty of Joseon Red Bean Water Gel 100ml - FACECORNER","robots":{"index":"index","follow":"follow","max-snippet":"max-snippet:-1","max-image-preview":"max-image-preview:large","max-video-preview":"max-video-preview:-1"},"canonical":"https:\/\/www.facecorner.lv\/en\/shop\/beauty-of-joseon-red-bean-water-gel-100ml\/","og_locale":"en_US","og_type":"article","og_title":"Beauty of Joseon Red Bean Water Gel 100ml - FACECORNER","og_description":"Beauty of Joseon sarkano pupi\u0146u \u016bdens \u017eeleja ir lielisks mitrino\u0161s l\u012bdzeklis taukainai un jauktai \u0101dai, kas nov\u0113r\u0161 mitruma tr\u016bkumu, normaliz\u0113 sebuma sekr\u0113ciju un nov\u0113r\u0161 taukainu sp\u012bdumu. Produkts ar bezsvara \u017eelejas tekst\u016bru ir pat\u012bkami atsvaidzino\u0161s, \u0101tri uzs\u016bcas, nenoslogo. Pal\u0113nina noveco\u0161an\u0101s procesus, uztur \u0101das elast\u012bbu un gludumu, izl\u012bdzina reljefu. Formulas pamat\u0101 ir adzuki pupi\u0146u ekstrakts (441 000 [&hellip;]","og_url":"https:\/\/www.facecorner.lv\/en\/shop\/beauty-of-joseon-red-bean-water-gel-100ml\/","og_site_name":"FACECORNER","article_publisher":"https:\/\/www.facebook.com\/profile.php?id=100063824551839","article_modified_time":"2024-07-27T13:55:23+00:00","og_image":[{"width":800,"height":800,"url":"https:\/\/www.facecorner.lv\/wp-content\/uploads\/2024\/02\/beautyofjoseonredbeanwatergel.jpg.webp","type":"image\/webp"}],"twitter_card":"summary_large_image","twitter_misc":{"Price":"&euro;20.00","Availability":"Out of stock"},"schema":{"@context":"https:\/\/schema.org","@graph":[{"@type":"WebPage","@id":"https:\/\/www.facecorner.lv\/shop\/beauty-of-joseon-red-bean-water-gel-100ml\/","url":"https:\/\/www.facecorner.lv\/shop\/beauty-of-joseon-red-bean-water-gel-100ml\/","name":"Beauty of Joseon Red Bean Water Gel 100ml - FACECORNER","isPartOf":{"@id":"https:\/\/www.facecorner.lv\/#website"},"primaryImageOfPage":{"@id":"https:\/\/www.facecorner.lv\/shop\/beauty-of-joseon-red-bean-water-gel-100ml\/#primaryimage"},"image":{"@id":"https:\/\/www.facecorner.lv\/shop\/beauty-of-joseon-red-bean-water-gel-100ml\/#primaryimage"},"thumbnailUrl":"https:\/\/www.facecorner.lv\/wp-content\/uploads\/2024\/02\/beautyofjoseonredbeanwatergel.jpg.webp","datePublished":"2024-02-05T12:30:06+00:00","dateModified":"2024-07-27T13:55:23+00:00","breadcrumb":{"@id":"https:\/\/www.facecorner.lv\/shop\/beauty-of-joseon-red-bean-water-gel-100ml\/#breadcrumb"},"inLanguage":"en-US","potentialAction":[{"@type":"ReadAction","target":["https:\/\/www.facecorner.lv\/shop\/beauty-of-joseon-red-bean-water-gel-100ml\/"]}]},{"@type":"ImageObject","inLanguage":"en-US","@id":"https:\/\/www.facecorner.lv\/shop\/beauty-of-joseon-red-bean-water-gel-100ml\/#primaryimage","url":"https:\/\/www.facecorner.lv\/wp-content\/uploads\/2024\/02\/beautyofjoseonredbeanwatergel.jpg.webp","contentUrl":"https:\/\/www.facecorner.lv\/wp-content\/uploads\/2024\/02\/beautyofjoseonredbeanwatergel.jpg.webp","width":800,"height":800},{"@type":"BreadcrumbList","@id":"https:\/\/www.facecorner.lv\/shop\/beauty-of-joseon-red-bean-water-gel-100ml\/#breadcrumb","itemListElement":[{"@type":"ListItem","position":1,"name":"Home","item":"https:\/\/www.facecorner.lv\/"},{"@type":"ListItem","position":2,"name":"Veikals","item":"https:\/\/www.facecorner.lv\/shop\/"},{"@type":"ListItem","position":3,"name":"Beauty of Joseon Red Bean Water Gel 100ml"}]},{"@type":"WebSite","@id":"https:\/\/www.facecorner.lv\/#website","url":"https:\/\/www.facecorner.lv\/","name":"Facecorner","description":"","publisher":{"@id":"https:\/\/www.facecorner.lv\/#organization"},"potentialAction":[{"@type":"SearchAction","target":{"@type":"EntryPoint","urlTemplate":"https:\/\/www.facecorner.lv\/?s={search_term_string}"},"query-input":{"@type":"PropertyValueSpecification","valueRequired":true,"valueName":"search_term_string"}}],"inLanguage":"en-US"},{"@type":"Organization","@id":"https:\/\/www.facecorner.lv\/#organization","name":"Facecorner","url":"https:\/\/www.facecorner.lv\/","logo":{"@type":"ImageObject","inLanguage":"en-US","@id":"https:\/\/www.facecorner.lv\/#\/schema\/logo\/image\/","url":"https:\/\/www.facecorner.lv\/wp-content\/uploads\/2024\/04\/fc-logo.jpg","contentUrl":"https:\/\/www.facecorner.lv\/wp-content\/uploads\/2024\/04\/fc-logo.jpg","width":174,"height":28,"caption":"Facecorner"},"image":{"@id":"https:\/\/www.facecorner.lv\/#\/schema\/logo\/image\/"},"sameAs":["https:\/\/www.facebook.com\/profile.php?id=100063824551839","https:\/\/www.instagram.com\/facecorner_shop\/"]}]},"product_price_amount":"20.00","product_price_currency":"EUR","og_availability":"out of stock","product_availability":"out of stock","product_condition":"new"},"_links":{"self":[{"href":"https:\/\/www.facecorner.lv\/en\/wp-json\/wp\/v2\/product\/14154","targetHints":{"allow":["GET"]}}],"collection":[{"href":"https:\/\/www.facecorner.lv\/en\/wp-json\/wp\/v2\/product"}],"about":[{"href":"https:\/\/www.facecorner.lv\/en\/wp-json\/wp\/v2\/types\/product"}],"replies":[{"embeddable":true,"href":"https:\/\/www.facecorner.lv\/en\/wp-json\/wp\/v2\/comments?post=14154"}],"wp:featuredmedia":[{"embeddable":true,"href":"https:\/\/www.facecorner.lv\/en\/wp-json\/wp\/v2\/media\/14156"}],"wp:attachment":[{"href":"https:\/\/www.facecorner.lv\/en\/wp-json\/wp\/v2\/media?parent=14154"}],"wp:term":[{"taxonomy":"product_brand","embeddable":true,"href":"https:\/\/www.facecorner.lv\/en\/wp-json\/wp\/v2\/product_brand?post=14154"},{"taxonomy":"product_cat","embeddable":true,"href":"https:\/\/www.facecorner.lv\/en\/wp-json\/wp\/v2\/product_cat?post=14154"},{"taxonomy":"product_tag","embeddable":true,"href":"https:\/\/www.facecorner.lv\/en\/wp-json\/wp\/v2\/product_tag?post=14154"},{"taxonomy":"berocket_brand","embeddable":true,"href":"https:\/\/www.facecorner.lv\/en\/wp-json\/wp\/v2\/berocket_brand?post=14154"}],"curies":[{"name":"wp","href":"https:\/\/api.w.org\/{rel}","templated":true}]}}