{"id":14151,"date":"2024-02-05T14:21:35","date_gmt":"2024-02-05T12:21:35","guid":{"rendered":"https:\/\/www.facecorner.lv\/?post_type=product&#038;p=14151"},"modified":"2024-07-02T09:52:33","modified_gmt":"2024-07-02T07:52:33","slug":"isntree-green-tea-fresh-toner-200ml","status":"publish","type":"product","link":"https:\/\/www.facecorner.lv\/en\/shop\/isntree-green-tea-fresh-toner-200ml\/","title":{"rendered":"IsNtree Green Tea Fresh Toner 200ml"},"content":{"rendered":"<p>Atsvaidzino\u0161s toniks bez spirta 80% IsNtree Green Tea Fresh toniz\u0113 un atjauno \u0101das \u016bdens un tauku l\u012bdzsvaru.<\/p>\n<p>Tam piem\u012bt dziedino\u0161a iedarb\u012bba, tas veicina iekaisumu dz\u012b\u0161anu un nomierina kairin\u0101jumu. T\u0101 antibakteri\u0101l\u0101 un bakteric\u012bd\u0101 iedarb\u012bba labv\u0113l\u012bgi iedarbojas uz problem\u0101tisku \u0101du, pa\u0101trinot audu re\u0123ener\u0101ciju un nov\u0113r\u0161ot p\u016bt\u012btes veido\u0161anos.<\/p>\n<p>Vieglajam tonikam piem\u012bt antioksidanta iedarb\u012bba, tas atsvaidzina un normaliz\u0113 sebuma veido\u0161anos, m\u012bkstina un izl\u012bdzina \u0101du.<\/p>\n<p><strong>Tonera galven\u0101s funkcijas ir:<\/strong><\/p>\n<ul>\n<li>Nomierina iekaisu\u0161u \u0101du;<\/li>\n<li>stiprina aizsargbarjeru;<\/li>\n<li>atjauno epidermas hidrolip\u012bdu l\u012bdzsvaru;<\/li>\n<li>\u0101rst\u0113 pinnes un nov\u0113r\u0161 iekaisumus.<\/li>\n<\/ul>\n<p><strong>Produkts ir lieliski piem\u0113rots taukainai \u0101dai: tas dienas laik\u0101 regul\u0113 sebuma veido\u0161anos, normaliz\u0113 optim\u0101lo sk\u0101bju un s\u0101rmu l\u012bdzsvaru un nov\u0113r\u0161 taukainu sp\u012bdumu.<\/strong><\/p>\n<p>80 % tonika sast\u0101v\u0101 ir za\u013c\u0101s t\u0113jas ekstrakts no \u010ced\u017eu salas, kas bag\u0101tin\u0101ts ar daudz\u0101m aminosk\u0101b\u0113m, miner\u0101lviel\u0101m, polifenoliem, prote\u012bniem un cit\u0101m noder\u012bg\u0101m sast\u0101vda\u013c\u0101m, kas ieg\u016btas no jaun\u0101m lapi\u0146\u0101m. Tas mazina stresu, kairin\u0101jumu un niezi, nov\u0113r\u0161 bl\u0101vumu, pie\u0161\u0137ir \u0101dai ener\u0123iju un atgrie\u017e mirdzumu. Tam piem\u012bt efekt\u012bva terapeitiska un bakteric\u012bda iedarb\u012bba.<\/p>\n<ul>\n<li>Anti Sebum P\u2122 ir augu komplekss, kas sast\u0101v no priedes, brie\u017eu, oslinnika un puer\u0101rijas ekstraktiem. Komplekss nom\u0101c p\u0101rm\u0113r\u012bgu tauku dziedzeru darb\u012bbu, normaliz\u0113 \u0101das taukain\u012bbu un nov\u0113r\u0161 taukainu sp\u012bdumu.<\/li>\n<li>Centella Asiatica ekstraktam piem\u012bt pretiekaisuma un br\u016b\u010du dziedino\u0161a iedarb\u012bba, tas pal\u012bdz atjaunot \u0101das barjeras \u012bpa\u0161\u012bbas un mitruma aizturi, samazina \u0101das jut\u012bgumu, mazina t\u016bsku, tam piem\u012bt asinsvadus sa\u0161aurino\u0161a iedarb\u012bba.<\/li>\n<li>Beta-glik\u0101ns &#8211; antioksidants, aizsarg\u0101 un atjauno boj\u0101tu \u0101du, nov\u0113r\u0161 noveco\u0161anos, palielina viet\u0113jo imunit\u0101ti.<\/li>\n<li>Melle\u0146u ekstrakts pal\u012bdz sa\u0161aurin\u0101t papla\u0161in\u0101t\u0101s poras, kav\u0113 bakt\u0113riju aug\u0161anu, pie\u0161\u0137ir \u0101dai dabisku mirdzumu, stiprina asinsvadus, c\u012bn\u0101s pret br\u012bvajiem radik\u0101\u013ciem un intens\u012bvi mitrina, padarot \u0101du svaigu un gludu.<\/li>\n<li>Vakarpuses ziedu ekstraktam piem\u012bt pretiekaisuma iedarb\u012bba, tas mazina aps\u0101rtumu un padara \u0101du samtaini maigu.<\/li>\n<\/ul>\n<p><strong>How to use:<\/strong> uzkl\u0101jiet nepiecie\u0161amo tonika daudzumu uz \u0101das ar maig\u0101m gl\u0101sto\u0161\u0101m kust\u012bb\u0101m vai ar vates diska pal\u012bdz\u012bbu. To var lietot k\u0101 lok\u0101lu masku.<\/p>\n<p><strong>Ingredientes:\u00a0<\/strong>Camellia Sinensis Leaf Extract (87.68 %), Water, Ginkgo Biloba Leaf Extract, Centella Asiatica Extract, Salix Alba (Willow) Bark Extract, Vaccinium Angustifolium (Blueberry) Fruit Extract, Pinus Palustris Leaf Extract, Ulmus Davidiana Root Extract, Oenothera Biennis (Evening Primrose) Flower Extract, Pueraria Lobata Root Extract, Beta-Glucan, Allantoin, Dipotassium Glycyrrhizate, Ammonium Acryloyldimethyltaurate\/VP Copolymer, Disodium EDTA, Hydroxyacetophenone.<\/p>","protected":false},"excerpt":{"rendered":"<p>Atsvaidzino\u0161s toniks bez spirta 80% IsNtree Green Tea Fresh toniz\u0113 un atjauno \u0101das \u016bdens un tauku l\u012bdzsvaru. Tam piem\u012bt dziedino\u0161a iedarb\u012bba, tas veicina iekaisumu dz\u012b\u0161anu un nomierina kairin\u0101jumu. T\u0101 antibakteri\u0101l\u0101 un bakteric\u012bd\u0101 iedarb\u012bba labv\u0113l\u012bgi iedarbojas uz problem\u0101tisku \u0101du, pa\u0101trinot audu re\u0123ener\u0101ciju un nov\u0113r\u0161ot p\u016bt\u012btes veido\u0161anos. Vieglajam tonikam piem\u012bt antioksidanta iedarb\u012bba, tas atsvaidzina un normaliz\u0113 sebuma [&hellip;]<\/p>\n","protected":false},"featured_media":14152,"comment_status":"open","ping_status":"closed","template":"","meta":{"site-sidebar-layout":"default","site-content-layout":"","ast-site-content-layout":"","site-content-style":"default","site-sidebar-style":"default","ast-global-header-display":"","ast-banner-title-visibility":"","ast-main-header-display":"","ast-hfb-above-header-display":"","ast-hfb-below-header-display":"","ast-hfb-mobile-header-display":"","site-post-title":"","ast-breadcrumbs-content":"","ast-featured-img":"","footer-sml-layout":"","theme-transparent-header-meta":"","adv-header-id-meta":"","stick-header-meta":"","header-above-stick-meta":"","header-main-stick-meta":"","header-below-stick-meta":"","astra-migrate-meta-layouts":"default","ast-page-background-enabled":"default","ast-page-background-meta":{"desktop":{"background-color":"var(--ast-global-color-4)","background-image":"","background-repeat":"repeat","background-position":"center center","background-size":"auto","background-attachment":"scroll","background-type":"","background-media":"","overlay-type":"","overlay-color":"","overlay-opacity":"","overlay-gradient":""},"tablet":{"background-color":"","background-image":"","background-repeat":"repeat","background-position":"center center","background-size":"auto","background-attachment":"scroll","background-type":"","background-media":"","overlay-type":"","overlay-color":"","overlay-opacity":"","overlay-gradient":""},"mobile":{"background-color":"","background-image":"","background-repeat":"repeat","background-position":"center center","background-size":"auto","background-attachment":"scroll","background-type":"","background-media":"","overlay-type":"","overlay-color":"","overlay-opacity":"","overlay-gradient":""}},"ast-content-background-meta":{"desktop":{"background-color":"var(--ast-global-color-5)","background-image":"","background-repeat":"repeat","background-position":"center center","background-size":"auto","background-attachment":"scroll","background-type":"","background-media":"","overlay-type":"","overlay-color":"","overlay-opacity":"","overlay-gradient":""},"tablet":{"background-color":"var(--ast-global-color-5)","background-image":"","background-repeat":"repeat","background-position":"center center","background-size":"auto","background-attachment":"scroll","background-type":"","background-media":"","overlay-type":"","overlay-color":"","overlay-opacity":"","overlay-gradient":""},"mobile":{"background-color":"var(--ast-global-color-5)","background-image":"","background-repeat":"repeat","background-position":"center center","background-size":"auto","background-attachment":"scroll","background-type":"","background-media":"","overlay-type":"","overlay-color":"","overlay-opacity":"","overlay-gradient":""}}},"product_brand":[],"product_cat":[380,377,381,364,376],"product_tag":[],"berocket_brand":[],"class_list":{"0":"post-14151","1":"product","2":"type-product","3":"status-publish","4":"has-post-thumbnail","6":"product_cat-kombinetai-adai","7":"product_cat-problematiskai-adai-toneri","8":"product_cat-problematiskai-un-taukainai-adai","9":"product_cat-toneri","10":"product_cat-kombinetai-adai-toneri","11":"desktop-align-left","12":"tablet-align-left","13":"mobile-align-left","15":"first","16":"outofstock","17":"taxable","18":"shipping-taxable","19":"purchasable","20":"product-type-simple","21":"add-to-wishlist-before_image"},"yoast_head":"<!-- This site is optimized with the Yoast SEO plugin v27.4 - https:\/\/yoast.com\/product\/yoast-seo-wordpress\/ -->\n<title>IsNtree Green Tea Fresh Toner 200ml - FACECORNER<\/title>\n<meta name=\"robots\" content=\"index, follow, max-snippet:-1, max-image-preview:large, max-video-preview:-1\" \/>\n<link rel=\"canonical\" href=\"https:\/\/www.facecorner.lv\/en\/shop\/isntree-green-tea-fresh-toner-200ml\/\" \/>\n<meta property=\"og:locale\" content=\"en_US\" \/>\n<meta property=\"og:type\" content=\"article\" \/>\n<meta property=\"og:title\" content=\"IsNtree Green Tea Fresh Toner 200ml - FACECORNER\" \/>\n<meta property=\"og:description\" content=\"Atsvaidzino\u0161s toniks bez spirta 80% IsNtree Green Tea Fresh toniz\u0113 un atjauno \u0101das \u016bdens un tauku l\u012bdzsvaru. Tam piem\u012bt dziedino\u0161a iedarb\u012bba, tas veicina iekaisumu dz\u012b\u0161anu un nomierina kairin\u0101jumu. T\u0101 antibakteri\u0101l\u0101 un bakteric\u012bd\u0101 iedarb\u012bba labv\u0113l\u012bgi iedarbojas uz problem\u0101tisku \u0101du, pa\u0101trinot audu re\u0123ener\u0101ciju un nov\u0113r\u0161ot p\u016bt\u012btes veido\u0161anos. Vieglajam tonikam piem\u012bt antioksidanta iedarb\u012bba, tas atsvaidzina un normaliz\u0113 sebuma [&hellip;]\" \/>\n<meta property=\"og:url\" content=\"https:\/\/www.facecorner.lv\/en\/shop\/isntree-green-tea-fresh-toner-200ml\/\" \/>\n<meta property=\"og:site_name\" content=\"FACECORNER\" \/>\n<meta property=\"article:publisher\" content=\"https:\/\/www.facebook.com\/profile.php?id=100063824551839\" \/>\n<meta property=\"article:modified_time\" content=\"2024-07-02T07:52:33+00:00\" \/>\n<meta property=\"og:image\" content=\"https:\/\/www.facecorner.lv\/wp-content\/uploads\/2024\/02\/isntree-green-tea-fresh-toner-200ml.jpg\" \/>\n\t<meta property=\"og:image:width\" content=\"1600\" \/>\n\t<meta property=\"og:image:height\" content=\"1600\" \/>\n\t<meta property=\"og:image:type\" content=\"image\/jpeg\" \/>\n<meta name=\"twitter:card\" content=\"summary_large_image\" \/>\n<meta name=\"twitter:label1\" content=\"Price\" \/>\n\t<meta name=\"twitter:data1\" content=\"&euro;17.99\" \/>\n\t<meta name=\"twitter:label2\" content=\"Availability\" \/>\n\t<meta name=\"twitter:data2\" content=\"Out of stock\" \/>\n<script type=\"application\/ld+json\" class=\"yoast-schema-graph\">{\"@context\":\"https:\\\/\\\/schema.org\",\"@graph\":[{\"@type\":\"WebPage\",\"@id\":\"https:\\\/\\\/www.facecorner.lv\\\/shop\\\/isntree-green-tea-fresh-toner-200ml\\\/\",\"url\":\"https:\\\/\\\/www.facecorner.lv\\\/shop\\\/isntree-green-tea-fresh-toner-200ml\\\/\",\"name\":\"IsNtree Green Tea Fresh Toner 200ml - FACECORNER\",\"isPartOf\":{\"@id\":\"https:\\\/\\\/www.facecorner.lv\\\/#website\"},\"primaryImageOfPage\":{\"@id\":\"https:\\\/\\\/www.facecorner.lv\\\/shop\\\/isntree-green-tea-fresh-toner-200ml\\\/#primaryimage\"},\"image\":{\"@id\":\"https:\\\/\\\/www.facecorner.lv\\\/shop\\\/isntree-green-tea-fresh-toner-200ml\\\/#primaryimage\"},\"thumbnailUrl\":\"https:\\\/\\\/www.facecorner.lv\\\/wp-content\\\/uploads\\\/2024\\\/02\\\/isntree-green-tea-fresh-toner-200ml.jpg\",\"datePublished\":\"2024-02-05T12:21:35+00:00\",\"dateModified\":\"2024-07-02T07:52:33+00:00\",\"breadcrumb\":{\"@id\":\"https:\\\/\\\/www.facecorner.lv\\\/shop\\\/isntree-green-tea-fresh-toner-200ml\\\/#breadcrumb\"},\"inLanguage\":\"en-US\",\"potentialAction\":[{\"@type\":\"ReadAction\",\"target\":[\"https:\\\/\\\/www.facecorner.lv\\\/shop\\\/isntree-green-tea-fresh-toner-200ml\\\/\"]}]},{\"@type\":\"ImageObject\",\"inLanguage\":\"en-US\",\"@id\":\"https:\\\/\\\/www.facecorner.lv\\\/shop\\\/isntree-green-tea-fresh-toner-200ml\\\/#primaryimage\",\"url\":\"https:\\\/\\\/www.facecorner.lv\\\/wp-content\\\/uploads\\\/2024\\\/02\\\/isntree-green-tea-fresh-toner-200ml.jpg\",\"contentUrl\":\"https:\\\/\\\/www.facecorner.lv\\\/wp-content\\\/uploads\\\/2024\\\/02\\\/isntree-green-tea-fresh-toner-200ml.jpg\",\"width\":1600,\"height\":1600},{\"@type\":\"BreadcrumbList\",\"@id\":\"https:\\\/\\\/www.facecorner.lv\\\/shop\\\/isntree-green-tea-fresh-toner-200ml\\\/#breadcrumb\",\"itemListElement\":[{\"@type\":\"ListItem\",\"position\":1,\"name\":\"Home\",\"item\":\"https:\\\/\\\/www.facecorner.lv\\\/\"},{\"@type\":\"ListItem\",\"position\":2,\"name\":\"Veikals\",\"item\":\"https:\\\/\\\/www.facecorner.lv\\\/shop\\\/\"},{\"@type\":\"ListItem\",\"position\":3,\"name\":\"IsNtree Green Tea Fresh Toner 200ml\"}]},{\"@type\":\"WebSite\",\"@id\":\"https:\\\/\\\/www.facecorner.lv\\\/#website\",\"url\":\"https:\\\/\\\/www.facecorner.lv\\\/\",\"name\":\"Facecorner\",\"description\":\"\",\"publisher\":{\"@id\":\"https:\\\/\\\/www.facecorner.lv\\\/#organization\"},\"potentialAction\":[{\"@type\":\"SearchAction\",\"target\":{\"@type\":\"EntryPoint\",\"urlTemplate\":\"https:\\\/\\\/www.facecorner.lv\\\/?s={search_term_string}\"},\"query-input\":{\"@type\":\"PropertyValueSpecification\",\"valueRequired\":true,\"valueName\":\"search_term_string\"}}],\"inLanguage\":\"en-US\"},{\"@type\":\"Organization\",\"@id\":\"https:\\\/\\\/www.facecorner.lv\\\/#organization\",\"name\":\"Facecorner\",\"url\":\"https:\\\/\\\/www.facecorner.lv\\\/\",\"logo\":{\"@type\":\"ImageObject\",\"inLanguage\":\"en-US\",\"@id\":\"https:\\\/\\\/www.facecorner.lv\\\/#\\\/schema\\\/logo\\\/image\\\/\",\"url\":\"https:\\\/\\\/www.facecorner.lv\\\/wp-content\\\/uploads\\\/2024\\\/04\\\/fc-logo.jpg\",\"contentUrl\":\"https:\\\/\\\/www.facecorner.lv\\\/wp-content\\\/uploads\\\/2024\\\/04\\\/fc-logo.jpg\",\"width\":174,\"height\":28,\"caption\":\"Facecorner\"},\"image\":{\"@id\":\"https:\\\/\\\/www.facecorner.lv\\\/#\\\/schema\\\/logo\\\/image\\\/\"},\"sameAs\":[\"https:\\\/\\\/www.facebook.com\\\/profile.php?id=100063824551839\",\"https:\\\/\\\/www.instagram.com\\\/facecorner_shop\\\/\"]}]}<\/script>\n<meta property=\"product:price:amount\" content=\"17.99\" \/>\n<meta property=\"product:price:currency\" content=\"EUR\" \/>\n<meta property=\"og:availability\" content=\"out of stock\" \/>\n<meta property=\"product:availability\" content=\"out of stock\" \/>\n<meta property=\"product:condition\" content=\"new\" \/>\n<!-- \/ Yoast SEO plugin. -->","yoast_head_json":{"title":"IsNtree Green Tea Fresh Toner 200ml - FACECORNER","robots":{"index":"index","follow":"follow","max-snippet":"max-snippet:-1","max-image-preview":"max-image-preview:large","max-video-preview":"max-video-preview:-1"},"canonical":"https:\/\/www.facecorner.lv\/en\/shop\/isntree-green-tea-fresh-toner-200ml\/","og_locale":"en_US","og_type":"article","og_title":"IsNtree Green Tea Fresh Toner 200ml - FACECORNER","og_description":"Atsvaidzino\u0161s toniks bez spirta 80% IsNtree Green Tea Fresh toniz\u0113 un atjauno \u0101das \u016bdens un tauku l\u012bdzsvaru. Tam piem\u012bt dziedino\u0161a iedarb\u012bba, tas veicina iekaisumu dz\u012b\u0161anu un nomierina kairin\u0101jumu. T\u0101 antibakteri\u0101l\u0101 un bakteric\u012bd\u0101 iedarb\u012bba labv\u0113l\u012bgi iedarbojas uz problem\u0101tisku \u0101du, pa\u0101trinot audu re\u0123ener\u0101ciju un nov\u0113r\u0161ot p\u016bt\u012btes veido\u0161anos. Vieglajam tonikam piem\u012bt antioksidanta iedarb\u012bba, tas atsvaidzina un normaliz\u0113 sebuma [&hellip;]","og_url":"https:\/\/www.facecorner.lv\/en\/shop\/isntree-green-tea-fresh-toner-200ml\/","og_site_name":"FACECORNER","article_publisher":"https:\/\/www.facebook.com\/profile.php?id=100063824551839","article_modified_time":"2024-07-02T07:52:33+00:00","og_image":[{"width":1600,"height":1600,"url":"https:\/\/www.facecorner.lv\/wp-content\/uploads\/2024\/02\/isntree-green-tea-fresh-toner-200ml.jpg","type":"image\/jpeg"}],"twitter_card":"summary_large_image","twitter_misc":{"Price":"&euro;17.99","Availability":"Out of stock"},"schema":{"@context":"https:\/\/schema.org","@graph":[{"@type":"WebPage","@id":"https:\/\/www.facecorner.lv\/shop\/isntree-green-tea-fresh-toner-200ml\/","url":"https:\/\/www.facecorner.lv\/shop\/isntree-green-tea-fresh-toner-200ml\/","name":"IsNtree Green Tea Fresh Toner 200ml - FACECORNER","isPartOf":{"@id":"https:\/\/www.facecorner.lv\/#website"},"primaryImageOfPage":{"@id":"https:\/\/www.facecorner.lv\/shop\/isntree-green-tea-fresh-toner-200ml\/#primaryimage"},"image":{"@id":"https:\/\/www.facecorner.lv\/shop\/isntree-green-tea-fresh-toner-200ml\/#primaryimage"},"thumbnailUrl":"https:\/\/www.facecorner.lv\/wp-content\/uploads\/2024\/02\/isntree-green-tea-fresh-toner-200ml.jpg","datePublished":"2024-02-05T12:21:35+00:00","dateModified":"2024-07-02T07:52:33+00:00","breadcrumb":{"@id":"https:\/\/www.facecorner.lv\/shop\/isntree-green-tea-fresh-toner-200ml\/#breadcrumb"},"inLanguage":"en-US","potentialAction":[{"@type":"ReadAction","target":["https:\/\/www.facecorner.lv\/shop\/isntree-green-tea-fresh-toner-200ml\/"]}]},{"@type":"ImageObject","inLanguage":"en-US","@id":"https:\/\/www.facecorner.lv\/shop\/isntree-green-tea-fresh-toner-200ml\/#primaryimage","url":"https:\/\/www.facecorner.lv\/wp-content\/uploads\/2024\/02\/isntree-green-tea-fresh-toner-200ml.jpg","contentUrl":"https:\/\/www.facecorner.lv\/wp-content\/uploads\/2024\/02\/isntree-green-tea-fresh-toner-200ml.jpg","width":1600,"height":1600},{"@type":"BreadcrumbList","@id":"https:\/\/www.facecorner.lv\/shop\/isntree-green-tea-fresh-toner-200ml\/#breadcrumb","itemListElement":[{"@type":"ListItem","position":1,"name":"Home","item":"https:\/\/www.facecorner.lv\/"},{"@type":"ListItem","position":2,"name":"Veikals","item":"https:\/\/www.facecorner.lv\/shop\/"},{"@type":"ListItem","position":3,"name":"IsNtree Green Tea Fresh Toner 200ml"}]},{"@type":"WebSite","@id":"https:\/\/www.facecorner.lv\/#website","url":"https:\/\/www.facecorner.lv\/","name":"Facecorner","description":"","publisher":{"@id":"https:\/\/www.facecorner.lv\/#organization"},"potentialAction":[{"@type":"SearchAction","target":{"@type":"EntryPoint","urlTemplate":"https:\/\/www.facecorner.lv\/?s={search_term_string}"},"query-input":{"@type":"PropertyValueSpecification","valueRequired":true,"valueName":"search_term_string"}}],"inLanguage":"en-US"},{"@type":"Organization","@id":"https:\/\/www.facecorner.lv\/#organization","name":"Facecorner","url":"https:\/\/www.facecorner.lv\/","logo":{"@type":"ImageObject","inLanguage":"en-US","@id":"https:\/\/www.facecorner.lv\/#\/schema\/logo\/image\/","url":"https:\/\/www.facecorner.lv\/wp-content\/uploads\/2024\/04\/fc-logo.jpg","contentUrl":"https:\/\/www.facecorner.lv\/wp-content\/uploads\/2024\/04\/fc-logo.jpg","width":174,"height":28,"caption":"Facecorner"},"image":{"@id":"https:\/\/www.facecorner.lv\/#\/schema\/logo\/image\/"},"sameAs":["https:\/\/www.facebook.com\/profile.php?id=100063824551839","https:\/\/www.instagram.com\/facecorner_shop\/"]}]},"product_price_amount":"17.99","product_price_currency":"EUR","og_availability":"out of stock","product_availability":"out of stock","product_condition":"new"},"_links":{"self":[{"href":"https:\/\/www.facecorner.lv\/en\/wp-json\/wp\/v2\/product\/14151","targetHints":{"allow":["GET"]}}],"collection":[{"href":"https:\/\/www.facecorner.lv\/en\/wp-json\/wp\/v2\/product"}],"about":[{"href":"https:\/\/www.facecorner.lv\/en\/wp-json\/wp\/v2\/types\/product"}],"replies":[{"embeddable":true,"href":"https:\/\/www.facecorner.lv\/en\/wp-json\/wp\/v2\/comments?post=14151"}],"wp:featuredmedia":[{"embeddable":true,"href":"https:\/\/www.facecorner.lv\/en\/wp-json\/wp\/v2\/media\/14152"}],"wp:attachment":[{"href":"https:\/\/www.facecorner.lv\/en\/wp-json\/wp\/v2\/media?parent=14151"}],"wp:term":[{"taxonomy":"product_brand","embeddable":true,"href":"https:\/\/www.facecorner.lv\/en\/wp-json\/wp\/v2\/product_brand?post=14151"},{"taxonomy":"product_cat","embeddable":true,"href":"https:\/\/www.facecorner.lv\/en\/wp-json\/wp\/v2\/product_cat?post=14151"},{"taxonomy":"product_tag","embeddable":true,"href":"https:\/\/www.facecorner.lv\/en\/wp-json\/wp\/v2\/product_tag?post=14151"},{"taxonomy":"berocket_brand","embeddable":true,"href":"https:\/\/www.facecorner.lv\/en\/wp-json\/wp\/v2\/berocket_brand?post=14151"}],"curies":[{"name":"wp","href":"https:\/\/api.w.org\/{rel}","templated":true}]}}