{"id":14147,"date":"2024-02-05T14:13:34","date_gmt":"2024-02-05T12:13:34","guid":{"rendered":"https:\/\/www.facecorner.lv\/?post_type=product&#038;p=14147"},"modified":"2024-12-02T23:29:33","modified_gmt":"2024-12-02T20:29:33","slug":"some-by-mi-retinol-intense-daily-mask-30pc","status":"publish","type":"product","link":"https:\/\/www.facecorner.lv\/en\/shop\/some-by-mi-retinol-intense-daily-mask-30pc\/","title":{"rendered":"SOME BY MI Retinol Intense Daily Mask 30pc"},"content":{"rendered":"<p>Sejas maska ar retinolu un bakukiolu ir ide\u0101ls \u0101das atjaunino\u0161s l\u012bdzeklis, ko var lietot katru dienu. T\u0101 baro, intens\u012bvi mitrina, atjauno un nov\u0113r\u0161 agr\u012bnu noveco\u0161anos.<\/p>\n<p>Retinols pa\u0101trina \u0161\u016bnu re\u0123ener\u0101ciju, izn\u012bcina br\u012bvos radik\u0101\u013cus, izl\u012bdzina \u0101das tonusu un pal\u012bdz samazin\u0101t grumbas.<\/p>\n<p>Baku\u010diols &#8211; t\u0101 augu analogs, kas m\u012bkstina un savelk \u0101du.<\/p>\n<p>T\u0101p\u0113c maska ir mier\u012bgi uztverama pat jut\u012bgai \u0101dai. Baku\u010diols vair\u0101kk\u0101rt pastiprina retinola iedarb\u012bbu. Maska ir piem\u0113rota jebkuram \u0101das tipam, bet t\u0101 ir efekt\u012bv\u0101ka nobriedu\u0161ai un novecojo\u0161ai \u0101dai.<\/p>\n<p><strong>Ingredientes:\u00a0<\/strong>Water, Dipropylene Glycol, Glycerin, Niacinamide, Hydroxyacetophenone, Olea Europaea (Olive) Fruit Oil, Caprylyl Glycol, Polyglyceryl-10 Laurate, Ethylhexylglycerin, Adenosine, 1,2-Hexanediol, Arginine, Xanthan Gum, Carbomer, Polyglyceryl-3 Methylglucose Distearate, Sodium Hyaluronate, Glyceryl Stearate SE, Methyl Glucose Sesquistearate, Diethylhexyl Sodium Sulfosuccinate, Caprylic\/Capric Triglyceride, Dipotassium Glycyrrhizate, Bakuchiol, Butylene Glycol, Octyldodecanol<\/p>","protected":false},"excerpt":{"rendered":"<p>Sejas maska ar retinolu un bakukiolu ir ide\u0101ls \u0101das atjaunino\u0161s l\u012bdzeklis, ko var lietot katru dienu. T\u0101 baro, intens\u012bvi mitrina, atjauno un nov\u0113r\u0161 agr\u012bnu noveco\u0161anos. Retinols pa\u0101trina \u0161\u016bnu re\u0123ener\u0101ciju, izn\u012bcina br\u012bvos radik\u0101\u013cus, izl\u012bdzina \u0101das tonusu un pal\u012bdz samazin\u0101t grumbas. Baku\u010diols &#8211; t\u0101 augu analogs, kas m\u012bkstina un savelk \u0101du. T\u0101p\u0113c maska ir mier\u012bgi uztverama pat [&hellip;]<\/p>\n","protected":false},"featured_media":14150,"comment_status":"open","ping_status":"closed","template":"","meta":{"site-sidebar-layout":"default","site-content-layout":"","ast-site-content-layout":"","site-content-style":"default","site-sidebar-style":"default","ast-global-header-display":"","ast-banner-title-visibility":"","ast-main-header-display":"","ast-hfb-above-header-display":"","ast-hfb-below-header-display":"","ast-hfb-mobile-header-display":"","site-post-title":"","ast-breadcrumbs-content":"","ast-featured-img":"","footer-sml-layout":"","theme-transparent-header-meta":"","adv-header-id-meta":"","stick-header-meta":"","header-above-stick-meta":"","header-main-stick-meta":"","header-below-stick-meta":"","astra-migrate-meta-layouts":"default","ast-page-background-enabled":"default","ast-page-background-meta":{"desktop":{"background-color":"var(--ast-global-color-4)","background-image":"","background-repeat":"repeat","background-position":"center center","background-size":"auto","background-attachment":"scroll","background-type":"","background-media":"","overlay-type":"","overlay-color":"","overlay-opacity":"","overlay-gradient":""},"tablet":{"background-color":"","background-image":"","background-repeat":"repeat","background-position":"center center","background-size":"auto","background-attachment":"scroll","background-type":"","background-media":"","overlay-type":"","overlay-color":"","overlay-opacity":"","overlay-gradient":""},"mobile":{"background-color":"","background-image":"","background-repeat":"repeat","background-position":"center center","background-size":"auto","background-attachment":"scroll","background-type":"","background-media":"","overlay-type":"","overlay-color":"","overlay-opacity":"","overlay-gradient":""}},"ast-content-background-meta":{"desktop":{"background-color":"var(--ast-global-color-5)","background-image":"","background-repeat":"repeat","background-position":"center center","background-size":"auto","background-attachment":"scroll","background-type":"","background-media":"","overlay-type":"","overlay-color":"","overlay-opacity":"","overlay-gradient":""},"tablet":{"background-color":"var(--ast-global-color-5)","background-image":"","background-repeat":"repeat","background-position":"center center","background-size":"auto","background-attachment":"scroll","background-type":"","background-media":"","overlay-type":"","overlay-color":"","overlay-opacity":"","overlay-gradient":""},"mobile":{"background-color":"var(--ast-global-color-5)","background-image":"","background-repeat":"repeat","background-position":"center center","background-size":"auto","background-attachment":"scroll","background-type":"","background-media":"","overlay-type":"","overlay-color":"","overlay-opacity":"","overlay-gradient":""}}},"product_brand":[],"product_cat":[324,315,472],"product_tag":[],"berocket_brand":[581],"class_list":{"0":"post-14147","1":"product","2":"type-product","3":"status-publish","4":"has-post-thumbnail","6":"product_cat-auduma","7":"product_cat-maskas","8":"product_cat-retinols","9":"berocket_brand-some-by-mi","10":"desktop-align-left","11":"tablet-align-left","12":"mobile-align-left","14":"first","15":"outofstock","16":"taxable","17":"shipping-taxable","18":"purchasable","19":"product-type-simple","20":"add-to-wishlist-before_image"},"yoast_head":"<!-- This site is optimized with the Yoast SEO plugin v27.3 - https:\/\/yoast.com\/product\/yoast-seo-wordpress\/ -->\n<title>SOME BY MI Retinol Intense Daily Mask 30pc - FACECORNER<\/title>\n<meta name=\"robots\" content=\"index, follow, max-snippet:-1, max-image-preview:large, max-video-preview:-1\" \/>\n<link rel=\"canonical\" href=\"https:\/\/www.facecorner.lv\/en\/shop\/some-by-mi-retinol-intense-daily-mask-30pc\/\" \/>\n<meta property=\"og:locale\" content=\"en_US\" \/>\n<meta property=\"og:type\" content=\"article\" \/>\n<meta property=\"og:title\" content=\"SOME BY MI Retinol Intense Daily Mask 30pc - FACECORNER\" \/>\n<meta property=\"og:description\" content=\"Sejas maska ar retinolu un bakukiolu ir ide\u0101ls \u0101das atjaunino\u0161s l\u012bdzeklis, ko var lietot katru dienu. T\u0101 baro, intens\u012bvi mitrina, atjauno un nov\u0113r\u0161 agr\u012bnu noveco\u0161anos. Retinols pa\u0101trina \u0161\u016bnu re\u0123ener\u0101ciju, izn\u012bcina br\u012bvos radik\u0101\u013cus, izl\u012bdzina \u0101das tonusu un pal\u012bdz samazin\u0101t grumbas. Baku\u010diols &#8211; t\u0101 augu analogs, kas m\u012bkstina un savelk \u0101du. T\u0101p\u0113c maska ir mier\u012bgi uztverama pat [&hellip;]\" \/>\n<meta property=\"og:url\" content=\"https:\/\/www.facecorner.lv\/en\/shop\/some-by-mi-retinol-intense-daily-mask-30pc\/\" \/>\n<meta property=\"og:site_name\" content=\"FACECORNER\" \/>\n<meta property=\"article:publisher\" content=\"https:\/\/www.facebook.com\/profile.php?id=100063824551839\" \/>\n<meta property=\"article:modified_time\" content=\"2024-12-02T20:29:33+00:00\" \/>\n<meta property=\"og:image\" content=\"https:\/\/www.facecorner.lv\/wp-content\/uploads\/2024\/02\/some-by-mi-retinol-intense-daily-mask-boniik-australia.png.webp\" \/>\n\t<meta property=\"og:image:width\" content=\"800\" \/>\n\t<meta property=\"og:image:height\" content=\"800\" \/>\n\t<meta property=\"og:image:type\" content=\"image\/webp\" \/>\n<meta name=\"twitter:card\" content=\"summary_large_image\" \/>\n<meta name=\"twitter:label1\" content=\"Price\" \/>\n\t<meta name=\"twitter:data1\" content=\"&euro;23.90\" \/>\n\t<meta name=\"twitter:label2\" content=\"Availability\" \/>\n\t<meta name=\"twitter:data2\" content=\"Out of stock\" \/>\n<script type=\"application\/ld+json\" class=\"yoast-schema-graph\">{\"@context\":\"https:\\\/\\\/schema.org\",\"@graph\":[{\"@type\":\"WebPage\",\"@id\":\"https:\\\/\\\/www.facecorner.lv\\\/shop\\\/some-by-mi-retinol-intense-daily-mask-30pc\\\/\",\"url\":\"https:\\\/\\\/www.facecorner.lv\\\/shop\\\/some-by-mi-retinol-intense-daily-mask-30pc\\\/\",\"name\":\"SOME BY MI Retinol Intense Daily Mask 30pc - FACECORNER\",\"isPartOf\":{\"@id\":\"https:\\\/\\\/www.facecorner.lv\\\/#website\"},\"primaryImageOfPage\":{\"@id\":\"https:\\\/\\\/www.facecorner.lv\\\/shop\\\/some-by-mi-retinol-intense-daily-mask-30pc\\\/#primaryimage\"},\"image\":{\"@id\":\"https:\\\/\\\/www.facecorner.lv\\\/shop\\\/some-by-mi-retinol-intense-daily-mask-30pc\\\/#primaryimage\"},\"thumbnailUrl\":\"https:\\\/\\\/www.facecorner.lv\\\/wp-content\\\/uploads\\\/2024\\\/02\\\/some-by-mi-retinol-intense-daily-mask-boniik-australia.png.webp\",\"datePublished\":\"2024-02-05T12:13:34+00:00\",\"dateModified\":\"2024-12-02T20:29:33+00:00\",\"breadcrumb\":{\"@id\":\"https:\\\/\\\/www.facecorner.lv\\\/shop\\\/some-by-mi-retinol-intense-daily-mask-30pc\\\/#breadcrumb\"},\"inLanguage\":\"en-US\",\"potentialAction\":[{\"@type\":\"ReadAction\",\"target\":[\"https:\\\/\\\/www.facecorner.lv\\\/shop\\\/some-by-mi-retinol-intense-daily-mask-30pc\\\/\"]}]},{\"@type\":\"ImageObject\",\"inLanguage\":\"en-US\",\"@id\":\"https:\\\/\\\/www.facecorner.lv\\\/shop\\\/some-by-mi-retinol-intense-daily-mask-30pc\\\/#primaryimage\",\"url\":\"https:\\\/\\\/www.facecorner.lv\\\/wp-content\\\/uploads\\\/2024\\\/02\\\/some-by-mi-retinol-intense-daily-mask-boniik-australia.png.webp\",\"contentUrl\":\"https:\\\/\\\/www.facecorner.lv\\\/wp-content\\\/uploads\\\/2024\\\/02\\\/some-by-mi-retinol-intense-daily-mask-boniik-australia.png.webp\",\"width\":800,\"height\":800},{\"@type\":\"BreadcrumbList\",\"@id\":\"https:\\\/\\\/www.facecorner.lv\\\/shop\\\/some-by-mi-retinol-intense-daily-mask-30pc\\\/#breadcrumb\",\"itemListElement\":[{\"@type\":\"ListItem\",\"position\":1,\"name\":\"Home\",\"item\":\"https:\\\/\\\/www.facecorner.lv\\\/\"},{\"@type\":\"ListItem\",\"position\":2,\"name\":\"Veikals\",\"item\":\"https:\\\/\\\/www.facecorner.lv\\\/shop\\\/\"},{\"@type\":\"ListItem\",\"position\":3,\"name\":\"SOME BY MI Retinol Intense Daily Mask 30pc\"}]},{\"@type\":\"WebSite\",\"@id\":\"https:\\\/\\\/www.facecorner.lv\\\/#website\",\"url\":\"https:\\\/\\\/www.facecorner.lv\\\/\",\"name\":\"Facecorner\",\"description\":\"\",\"publisher\":{\"@id\":\"https:\\\/\\\/www.facecorner.lv\\\/#organization\"},\"potentialAction\":[{\"@type\":\"SearchAction\",\"target\":{\"@type\":\"EntryPoint\",\"urlTemplate\":\"https:\\\/\\\/www.facecorner.lv\\\/?s={search_term_string}\"},\"query-input\":{\"@type\":\"PropertyValueSpecification\",\"valueRequired\":true,\"valueName\":\"search_term_string\"}}],\"inLanguage\":\"en-US\"},{\"@type\":\"Organization\",\"@id\":\"https:\\\/\\\/www.facecorner.lv\\\/#organization\",\"name\":\"Facecorner\",\"url\":\"https:\\\/\\\/www.facecorner.lv\\\/\",\"logo\":{\"@type\":\"ImageObject\",\"inLanguage\":\"en-US\",\"@id\":\"https:\\\/\\\/www.facecorner.lv\\\/#\\\/schema\\\/logo\\\/image\\\/\",\"url\":\"https:\\\/\\\/www.facecorner.lv\\\/wp-content\\\/uploads\\\/2024\\\/04\\\/fc-logo.jpg\",\"contentUrl\":\"https:\\\/\\\/www.facecorner.lv\\\/wp-content\\\/uploads\\\/2024\\\/04\\\/fc-logo.jpg\",\"width\":174,\"height\":28,\"caption\":\"Facecorner\"},\"image\":{\"@id\":\"https:\\\/\\\/www.facecorner.lv\\\/#\\\/schema\\\/logo\\\/image\\\/\"},\"sameAs\":[\"https:\\\/\\\/www.facebook.com\\\/profile.php?id=100063824551839\",\"https:\\\/\\\/www.instagram.com\\\/facecorner_shop\\\/\"]}]}<\/script>\n<meta property=\"product:price:amount\" content=\"23.90\" \/>\n<meta property=\"product:price:currency\" content=\"EUR\" \/>\n<meta property=\"og:availability\" content=\"out of stock\" \/>\n<meta property=\"product:availability\" content=\"out of stock\" \/>\n<meta property=\"product:condition\" content=\"new\" \/>\n<!-- \/ Yoast SEO plugin. -->","yoast_head_json":{"title":"SOME BY MI Retinol Intense Daily Mask 30pc - FACECORNER","robots":{"index":"index","follow":"follow","max-snippet":"max-snippet:-1","max-image-preview":"max-image-preview:large","max-video-preview":"max-video-preview:-1"},"canonical":"https:\/\/www.facecorner.lv\/en\/shop\/some-by-mi-retinol-intense-daily-mask-30pc\/","og_locale":"en_US","og_type":"article","og_title":"SOME BY MI Retinol Intense Daily Mask 30pc - FACECORNER","og_description":"Sejas maska ar retinolu un bakukiolu ir ide\u0101ls \u0101das atjaunino\u0161s l\u012bdzeklis, ko var lietot katru dienu. T\u0101 baro, intens\u012bvi mitrina, atjauno un nov\u0113r\u0161 agr\u012bnu noveco\u0161anos. Retinols pa\u0101trina \u0161\u016bnu re\u0123ener\u0101ciju, izn\u012bcina br\u012bvos radik\u0101\u013cus, izl\u012bdzina \u0101das tonusu un pal\u012bdz samazin\u0101t grumbas. Baku\u010diols &#8211; t\u0101 augu analogs, kas m\u012bkstina un savelk \u0101du. T\u0101p\u0113c maska ir mier\u012bgi uztverama pat [&hellip;]","og_url":"https:\/\/www.facecorner.lv\/en\/shop\/some-by-mi-retinol-intense-daily-mask-30pc\/","og_site_name":"FACECORNER","article_publisher":"https:\/\/www.facebook.com\/profile.php?id=100063824551839","article_modified_time":"2024-12-02T20:29:33+00:00","og_image":[{"width":800,"height":800,"url":"https:\/\/www.facecorner.lv\/wp-content\/uploads\/2024\/02\/some-by-mi-retinol-intense-daily-mask-boniik-australia.png.webp","type":"image\/webp"}],"twitter_card":"summary_large_image","twitter_misc":{"Price":"&euro;23.90","Availability":"Out of stock"},"schema":{"@context":"https:\/\/schema.org","@graph":[{"@type":"WebPage","@id":"https:\/\/www.facecorner.lv\/shop\/some-by-mi-retinol-intense-daily-mask-30pc\/","url":"https:\/\/www.facecorner.lv\/shop\/some-by-mi-retinol-intense-daily-mask-30pc\/","name":"SOME BY MI Retinol Intense Daily Mask 30pc - FACECORNER","isPartOf":{"@id":"https:\/\/www.facecorner.lv\/#website"},"primaryImageOfPage":{"@id":"https:\/\/www.facecorner.lv\/shop\/some-by-mi-retinol-intense-daily-mask-30pc\/#primaryimage"},"image":{"@id":"https:\/\/www.facecorner.lv\/shop\/some-by-mi-retinol-intense-daily-mask-30pc\/#primaryimage"},"thumbnailUrl":"https:\/\/www.facecorner.lv\/wp-content\/uploads\/2024\/02\/some-by-mi-retinol-intense-daily-mask-boniik-australia.png.webp","datePublished":"2024-02-05T12:13:34+00:00","dateModified":"2024-12-02T20:29:33+00:00","breadcrumb":{"@id":"https:\/\/www.facecorner.lv\/shop\/some-by-mi-retinol-intense-daily-mask-30pc\/#breadcrumb"},"inLanguage":"en-US","potentialAction":[{"@type":"ReadAction","target":["https:\/\/www.facecorner.lv\/shop\/some-by-mi-retinol-intense-daily-mask-30pc\/"]}]},{"@type":"ImageObject","inLanguage":"en-US","@id":"https:\/\/www.facecorner.lv\/shop\/some-by-mi-retinol-intense-daily-mask-30pc\/#primaryimage","url":"https:\/\/www.facecorner.lv\/wp-content\/uploads\/2024\/02\/some-by-mi-retinol-intense-daily-mask-boniik-australia.png.webp","contentUrl":"https:\/\/www.facecorner.lv\/wp-content\/uploads\/2024\/02\/some-by-mi-retinol-intense-daily-mask-boniik-australia.png.webp","width":800,"height":800},{"@type":"BreadcrumbList","@id":"https:\/\/www.facecorner.lv\/shop\/some-by-mi-retinol-intense-daily-mask-30pc\/#breadcrumb","itemListElement":[{"@type":"ListItem","position":1,"name":"Home","item":"https:\/\/www.facecorner.lv\/"},{"@type":"ListItem","position":2,"name":"Veikals","item":"https:\/\/www.facecorner.lv\/shop\/"},{"@type":"ListItem","position":3,"name":"SOME BY MI Retinol Intense Daily Mask 30pc"}]},{"@type":"WebSite","@id":"https:\/\/www.facecorner.lv\/#website","url":"https:\/\/www.facecorner.lv\/","name":"Facecorner","description":"","publisher":{"@id":"https:\/\/www.facecorner.lv\/#organization"},"potentialAction":[{"@type":"SearchAction","target":{"@type":"EntryPoint","urlTemplate":"https:\/\/www.facecorner.lv\/?s={search_term_string}"},"query-input":{"@type":"PropertyValueSpecification","valueRequired":true,"valueName":"search_term_string"}}],"inLanguage":"en-US"},{"@type":"Organization","@id":"https:\/\/www.facecorner.lv\/#organization","name":"Facecorner","url":"https:\/\/www.facecorner.lv\/","logo":{"@type":"ImageObject","inLanguage":"en-US","@id":"https:\/\/www.facecorner.lv\/#\/schema\/logo\/image\/","url":"https:\/\/www.facecorner.lv\/wp-content\/uploads\/2024\/04\/fc-logo.jpg","contentUrl":"https:\/\/www.facecorner.lv\/wp-content\/uploads\/2024\/04\/fc-logo.jpg","width":174,"height":28,"caption":"Facecorner"},"image":{"@id":"https:\/\/www.facecorner.lv\/#\/schema\/logo\/image\/"},"sameAs":["https:\/\/www.facebook.com\/profile.php?id=100063824551839","https:\/\/www.instagram.com\/facecorner_shop\/"]}]},"product_price_amount":"23.90","product_price_currency":"EUR","og_availability":"out of stock","product_availability":"out of stock","product_condition":"new"},"_links":{"self":[{"href":"https:\/\/www.facecorner.lv\/en\/wp-json\/wp\/v2\/product\/14147","targetHints":{"allow":["GET"]}}],"collection":[{"href":"https:\/\/www.facecorner.lv\/en\/wp-json\/wp\/v2\/product"}],"about":[{"href":"https:\/\/www.facecorner.lv\/en\/wp-json\/wp\/v2\/types\/product"}],"replies":[{"embeddable":true,"href":"https:\/\/www.facecorner.lv\/en\/wp-json\/wp\/v2\/comments?post=14147"}],"wp:featuredmedia":[{"embeddable":true,"href":"https:\/\/www.facecorner.lv\/en\/wp-json\/wp\/v2\/media\/14150"}],"wp:attachment":[{"href":"https:\/\/www.facecorner.lv\/en\/wp-json\/wp\/v2\/media?parent=14147"}],"wp:term":[{"taxonomy":"product_brand","embeddable":true,"href":"https:\/\/www.facecorner.lv\/en\/wp-json\/wp\/v2\/product_brand?post=14147"},{"taxonomy":"product_cat","embeddable":true,"href":"https:\/\/www.facecorner.lv\/en\/wp-json\/wp\/v2\/product_cat?post=14147"},{"taxonomy":"product_tag","embeddable":true,"href":"https:\/\/www.facecorner.lv\/en\/wp-json\/wp\/v2\/product_tag?post=14147"},{"taxonomy":"berocket_brand","embeddable":true,"href":"https:\/\/www.facecorner.lv\/en\/wp-json\/wp\/v2\/berocket_brand?post=14147"}],"curies":[{"name":"wp","href":"https:\/\/api.w.org\/{rel}","templated":true}]}}