{"id":14067,"date":"2024-01-29T13:33:12","date_gmt":"2024-01-29T11:33:12","guid":{"rendered":"https:\/\/www.facecorner.lv\/?post_type=product&#038;p=14067"},"modified":"2026-04-14T23:00:14","modified_gmt":"2026-04-14T20:00:14","slug":"anua-airy-sun-cream-spf50-pa-50ml","status":"publish","type":"product","link":"https:\/\/www.facecorner.lv\/en\/shop\/anua-airy-sun-cream-spf50-pa-50ml\/","title":{"rendered":"ANUA Airy Sun Cream SPF50+ PA++++ 50ml"},"content":{"rendered":"<p>Miner\u0101lais saules aizsargkr\u0113ms ar hautthuynia ekstraktu nodro\u0161ina maksim\u0101lu aizsardz\u012bbu pret UV stariem, k\u0101 ar\u012b maigumu un aizsarg\u0101 pret aps\u0101rtumu.<\/p>\n<p>Izstr\u0101d\u0101jums, kura pamat\u0101 ir fizisks UV filtrs. J\u0101atjauno ik p\u0113c 3 stund\u0101m.<\/p>\n<ul>\n<li>Efekt\u012bvi aizsarg\u0101 \u0101du no UV stariem, fotonoveco\u0161an\u0101s, hiperpigment\u0101cijas.<\/li>\n<li>Nomierina un m\u012bkstina, nov\u0113r\u0161 kairin\u0101jumus, izsitumus un aps\u0101rtumus, samazina jut\u012bgumu.<\/li>\n<li>Maigi regul\u0113 tauku dziedzeru darb\u012bbu, nov\u0113r\u0161 taukainu sp\u012bdumu un papla\u0161in\u0101tas poras.<\/li>\n<\/ul>\n<p><strong>It is a total care mask that tightens the skin. <\/strong><\/p>\n<ul>\n<li>Centella asiatica actively soothes the skin, relieves redness and irritation, reduces sensitivity and has a softening effect.<\/li>\n<li>Mugwort extract reduces sensitivity, eliminates redness and irritation.<\/li>\n<li>Houttuynia cordifolia ekstrakts nodro\u0161ina akt\u012bvu nomierino\u0161u un pretiekaisuma darb\u012bbu, mazina aps\u0101rtumu un nov\u0113r\u0161 izsitumus.<\/li>\n<li>T\u0113jas koka ekstraktam ir sp\u0113c\u012bga pretiekaisuma un antibakteri\u0101la iedarb\u012bba, tas akt\u012bvi c\u012bn\u0101s ar izsitumiem un nov\u0113r\u0161 jaunu izsitumu ra\u0161anos, k\u0101 ar\u012b regul\u0113 tauku dziedzeru darb\u012bbu.<\/li>\n<li>Hialuronsk\u0101be dzi\u013ci mitrina \u0101du, saglab\u0101jot mitrumu t\u0101s iek\u0161ien\u0113, nov\u0113r\u0161 dehidrat\u0101ciju un sausumu, k\u0101 ar\u012b pal\u012bdz saglab\u0101t \u0101du gludu un elast\u012bgu.<\/li>\n<\/ul>\n<p><strong>How to use:<\/strong>P\u0113c pamatapr\u016bpes uzkl\u0101t nepiecie\u0161amo daudzumu uz atkl\u0101tas \u0101das, izklied\u0113t, l\u012bdz piln\u012bb\u0101 ies\u016bcas.Atjaunojiet p\u0113c vajadz\u012bbas visas dienas garum\u0101.<\/p>\n<p><strong>Ingredientes:\u00a0<\/strong>Water, Zinc Oxide, Cyclohexasiloxane, Butyloctyl Salicylate, Propanediol, Propylheptyl Caprylate, Isododecane, Polyglyceryl-3 Polydimethylsiloxyethyl Dimethicone, Caprylyl Methicone, Dicaprylyl Carbonate, Methyl Methacrylate Crosspolymer, Polymethylsilsesquioxane, Centella Asiatica Extract, Artemisia Capillaris Extract, Houttuynia Cordata Extract, Melaleuca Alternifolia (Tea Tree) Extract, Sodium Hyaluronate, Disteardimonium Hectorite, Magnesium Sulfate, Triethoxycaprylylsilane, 1,2-hexanediol, Polyglyceryl-2 Dipolyhydroxystearate, Lauryl Polyglyceryl-3 PolydimethyIsiloxyethyl Dimethicone, Phenyl Trimethicone, Acrylates\/dimethiconeCopolymer, Glyceryl Caprylate, Caprylyl Glycol, Ethylhexylglycerin, Tocopherol, Butylene Glycol, Pentylene Glycol<\/p>","protected":false},"excerpt":{"rendered":"<p>Miner\u0101lais saules aizsargkr\u0113ms ar hautthuynia ekstraktu nodro\u0161ina maksim\u0101lu aizsardz\u012bbu pret UV stariem, k\u0101 ar\u012b maigumu un aizsarg\u0101 pret aps\u0101rtumu. Izstr\u0101d\u0101jums, kura pamat\u0101 ir fizisks UV filtrs. J\u0101atjauno ik p\u0113c 3 stund\u0101m. Efekt\u012bvi aizsarg\u0101 \u0101du no UV stariem, fotonoveco\u0161an\u0101s, hiperpigment\u0101cijas. Nomierina un m\u012bkstina, nov\u0113r\u0161 kairin\u0101jumus, izsitumus un aps\u0101rtumus, samazina jut\u012bgumu. Maigi regul\u0113 tauku dziedzeru darb\u012bbu, nov\u0113r\u0161 [&hellip;]<\/p>\n","protected":false},"featured_media":14068,"comment_status":"open","ping_status":"closed","template":"","meta":{"site-sidebar-layout":"default","site-content-layout":"","ast-site-content-layout":"","site-content-style":"default","site-sidebar-style":"default","ast-global-header-display":"","ast-banner-title-visibility":"","ast-main-header-display":"","ast-hfb-above-header-display":"","ast-hfb-below-header-display":"","ast-hfb-mobile-header-display":"","site-post-title":"","ast-breadcrumbs-content":"","ast-featured-img":"","footer-sml-layout":"","theme-transparent-header-meta":"","adv-header-id-meta":"","stick-header-meta":"","header-above-stick-meta":"","header-main-stick-meta":"","header-below-stick-meta":"","astra-migrate-meta-layouts":"default","ast-page-background-enabled":"default","ast-page-background-meta":{"desktop":{"background-color":"var(--ast-global-color-4)","background-image":"","background-repeat":"repeat","background-position":"center center","background-size":"auto","background-attachment":"scroll","background-type":"","background-media":"","overlay-type":"","overlay-color":"","overlay-opacity":"","overlay-gradient":""},"tablet":{"background-color":"","background-image":"","background-repeat":"repeat","background-position":"center center","background-size":"auto","background-attachment":"scroll","background-type":"","background-media":"","overlay-type":"","overlay-color":"","overlay-opacity":"","overlay-gradient":""},"mobile":{"background-color":"","background-image":"","background-repeat":"repeat","background-position":"center center","background-size":"auto","background-attachment":"scroll","background-type":"","background-media":"","overlay-type":"","overlay-color":"","overlay-opacity":"","overlay-gradient":""}},"ast-content-background-meta":{"desktop":{"background-color":"var(--ast-global-color-5)","background-image":"","background-repeat":"repeat","background-position":"center center","background-size":"auto","background-attachment":"scroll","background-type":"","background-media":"","overlay-type":"","overlay-color":"","overlay-opacity":"","overlay-gradient":""},"tablet":{"background-color":"var(--ast-global-color-5)","background-image":"","background-repeat":"repeat","background-position":"center center","background-size":"auto","background-attachment":"scroll","background-type":"","background-media":"","overlay-type":"","overlay-color":"","overlay-opacity":"","overlay-gradient":""},"mobile":{"background-color":"var(--ast-global-color-5)","background-image":"","background-repeat":"repeat","background-position":"center center","background-size":"auto","background-attachment":"scroll","background-type":"","background-media":"","overlay-type":"","overlay-color":"","overlay-opacity":"","overlay-gradient":""}}},"product_brand":[],"product_cat":[360,362,512],"product_tag":[],"berocket_brand":[575],"class_list":{"0":"post-14067","1":"product","2":"type-product","3":"status-publish","4":"has-post-thumbnail","6":"product_cat-saules-aizsarglidzekli","7":"product_cat-sejas-krems","8":"product_cat-spf","9":"berocket_brand-anua","10":"desktop-align-left","11":"tablet-align-left","12":"mobile-align-left","14":"first","15":"outofstock","16":"taxable","17":"shipping-taxable","18":"purchasable","19":"product-type-simple","20":"add-to-wishlist-before_image"},"yoast_head":"<!-- This site is optimized with the Yoast SEO plugin v27.4 - https:\/\/yoast.com\/product\/yoast-seo-wordpress\/ -->\n<title>ANUA Airy Sun Cream SPF50+ PA++++ 50ml - FACECORNER<\/title>\n<meta name=\"robots\" content=\"index, follow, max-snippet:-1, max-image-preview:large, max-video-preview:-1\" \/>\n<link rel=\"canonical\" href=\"https:\/\/www.facecorner.lv\/en\/shop\/anua-airy-sun-cream-spf50-pa-50ml\/\" \/>\n<meta property=\"og:locale\" content=\"en_US\" \/>\n<meta property=\"og:type\" content=\"article\" \/>\n<meta property=\"og:title\" content=\"ANUA Airy Sun Cream SPF50+ PA++++ 50ml - FACECORNER\" \/>\n<meta property=\"og:description\" content=\"Miner\u0101lais saules aizsargkr\u0113ms ar hautthuynia ekstraktu nodro\u0161ina maksim\u0101lu aizsardz\u012bbu pret UV stariem, k\u0101 ar\u012b maigumu un aizsarg\u0101 pret aps\u0101rtumu. Izstr\u0101d\u0101jums, kura pamat\u0101 ir fizisks UV filtrs. J\u0101atjauno ik p\u0113c 3 stund\u0101m. Efekt\u012bvi aizsarg\u0101 \u0101du no UV stariem, fotonoveco\u0161an\u0101s, hiperpigment\u0101cijas. Nomierina un m\u012bkstina, nov\u0113r\u0161 kairin\u0101jumus, izsitumus un aps\u0101rtumus, samazina jut\u012bgumu. Maigi regul\u0113 tauku dziedzeru darb\u012bbu, nov\u0113r\u0161 [&hellip;]\" \/>\n<meta property=\"og:url\" content=\"https:\/\/www.facecorner.lv\/en\/shop\/anua-airy-sun-cream-spf50-pa-50ml\/\" \/>\n<meta property=\"og:site_name\" content=\"FACECORNER\" \/>\n<meta property=\"article:publisher\" content=\"https:\/\/www.facebook.com\/profile.php?id=100063824551839\" \/>\n<meta property=\"article:modified_time\" content=\"2026-04-14T20:00:14+00:00\" \/>\n<meta property=\"og:image\" content=\"https:\/\/www.facecorner.lv\/wp-content\/uploads\/2024\/01\/Anua_Airy_Sun_Cream_spf50__80948.jpeg\" \/>\n\t<meta property=\"og:image:width\" content=\"1280\" \/>\n\t<meta property=\"og:image:height\" content=\"1280\" \/>\n\t<meta property=\"og:image:type\" content=\"image\/jpeg\" \/>\n<meta name=\"twitter:card\" content=\"summary_large_image\" \/>\n<meta name=\"twitter:label1\" content=\"Price\" \/>\n\t<meta name=\"twitter:data1\" content=\"&euro;27.00\" \/>\n\t<meta name=\"twitter:label2\" content=\"Availability\" \/>\n\t<meta name=\"twitter:data2\" content=\"Out of stock\" \/>\n<script type=\"application\/ld+json\" class=\"yoast-schema-graph\">{\"@context\":\"https:\\\/\\\/schema.org\",\"@graph\":[{\"@type\":\"WebPage\",\"@id\":\"https:\\\/\\\/www.facecorner.lv\\\/shop\\\/anua-airy-sun-cream-spf50-pa-50ml\\\/\",\"url\":\"https:\\\/\\\/www.facecorner.lv\\\/shop\\\/anua-airy-sun-cream-spf50-pa-50ml\\\/\",\"name\":\"ANUA Airy Sun Cream SPF50+ PA++++ 50ml - FACECORNER\",\"isPartOf\":{\"@id\":\"https:\\\/\\\/www.facecorner.lv\\\/#website\"},\"primaryImageOfPage\":{\"@id\":\"https:\\\/\\\/www.facecorner.lv\\\/shop\\\/anua-airy-sun-cream-spf50-pa-50ml\\\/#primaryimage\"},\"image\":{\"@id\":\"https:\\\/\\\/www.facecorner.lv\\\/shop\\\/anua-airy-sun-cream-spf50-pa-50ml\\\/#primaryimage\"},\"thumbnailUrl\":\"https:\\\/\\\/www.facecorner.lv\\\/wp-content\\\/uploads\\\/2024\\\/01\\\/Anua_Airy_Sun_Cream_spf50__80948.jpeg\",\"datePublished\":\"2024-01-29T11:33:12+00:00\",\"dateModified\":\"2026-04-14T20:00:14+00:00\",\"breadcrumb\":{\"@id\":\"https:\\\/\\\/www.facecorner.lv\\\/shop\\\/anua-airy-sun-cream-spf50-pa-50ml\\\/#breadcrumb\"},\"inLanguage\":\"en-US\",\"potentialAction\":[{\"@type\":\"ReadAction\",\"target\":[\"https:\\\/\\\/www.facecorner.lv\\\/shop\\\/anua-airy-sun-cream-spf50-pa-50ml\\\/\"]}]},{\"@type\":\"ImageObject\",\"inLanguage\":\"en-US\",\"@id\":\"https:\\\/\\\/www.facecorner.lv\\\/shop\\\/anua-airy-sun-cream-spf50-pa-50ml\\\/#primaryimage\",\"url\":\"https:\\\/\\\/www.facecorner.lv\\\/wp-content\\\/uploads\\\/2024\\\/01\\\/Anua_Airy_Sun_Cream_spf50__80948.jpeg\",\"contentUrl\":\"https:\\\/\\\/www.facecorner.lv\\\/wp-content\\\/uploads\\\/2024\\\/01\\\/Anua_Airy_Sun_Cream_spf50__80948.jpeg\",\"width\":1280,\"height\":1280},{\"@type\":\"BreadcrumbList\",\"@id\":\"https:\\\/\\\/www.facecorner.lv\\\/shop\\\/anua-airy-sun-cream-spf50-pa-50ml\\\/#breadcrumb\",\"itemListElement\":[{\"@type\":\"ListItem\",\"position\":1,\"name\":\"Home\",\"item\":\"https:\\\/\\\/www.facecorner.lv\\\/\"},{\"@type\":\"ListItem\",\"position\":2,\"name\":\"Veikals\",\"item\":\"https:\\\/\\\/www.facecorner.lv\\\/shop\\\/\"},{\"@type\":\"ListItem\",\"position\":3,\"name\":\"ANUA Airy Sun Cream SPF50+ PA++++ 50ml\"}]},{\"@type\":\"WebSite\",\"@id\":\"https:\\\/\\\/www.facecorner.lv\\\/#website\",\"url\":\"https:\\\/\\\/www.facecorner.lv\\\/\",\"name\":\"Facecorner\",\"description\":\"\",\"publisher\":{\"@id\":\"https:\\\/\\\/www.facecorner.lv\\\/#organization\"},\"potentialAction\":[{\"@type\":\"SearchAction\",\"target\":{\"@type\":\"EntryPoint\",\"urlTemplate\":\"https:\\\/\\\/www.facecorner.lv\\\/?s={search_term_string}\"},\"query-input\":{\"@type\":\"PropertyValueSpecification\",\"valueRequired\":true,\"valueName\":\"search_term_string\"}}],\"inLanguage\":\"en-US\"},{\"@type\":\"Organization\",\"@id\":\"https:\\\/\\\/www.facecorner.lv\\\/#organization\",\"name\":\"Facecorner\",\"url\":\"https:\\\/\\\/www.facecorner.lv\\\/\",\"logo\":{\"@type\":\"ImageObject\",\"inLanguage\":\"en-US\",\"@id\":\"https:\\\/\\\/www.facecorner.lv\\\/#\\\/schema\\\/logo\\\/image\\\/\",\"url\":\"https:\\\/\\\/www.facecorner.lv\\\/wp-content\\\/uploads\\\/2024\\\/04\\\/fc-logo.jpg\",\"contentUrl\":\"https:\\\/\\\/www.facecorner.lv\\\/wp-content\\\/uploads\\\/2024\\\/04\\\/fc-logo.jpg\",\"width\":174,\"height\":28,\"caption\":\"Facecorner\"},\"image\":{\"@id\":\"https:\\\/\\\/www.facecorner.lv\\\/#\\\/schema\\\/logo\\\/image\\\/\"},\"sameAs\":[\"https:\\\/\\\/www.facebook.com\\\/profile.php?id=100063824551839\",\"https:\\\/\\\/www.instagram.com\\\/facecorner_shop\\\/\"]}]}<\/script>\n<meta property=\"product:price:amount\" content=\"27.00\" \/>\n<meta property=\"product:price:currency\" content=\"EUR\" \/>\n<meta property=\"og:availability\" content=\"out of stock\" \/>\n<meta property=\"product:availability\" content=\"out of stock\" \/>\n<meta property=\"product:condition\" content=\"new\" \/>\n<!-- \/ Yoast SEO plugin. -->","yoast_head_json":{"title":"ANUA Airy Sun Cream SPF50+ PA++++ 50ml - FACECORNER","robots":{"index":"index","follow":"follow","max-snippet":"max-snippet:-1","max-image-preview":"max-image-preview:large","max-video-preview":"max-video-preview:-1"},"canonical":"https:\/\/www.facecorner.lv\/en\/shop\/anua-airy-sun-cream-spf50-pa-50ml\/","og_locale":"en_US","og_type":"article","og_title":"ANUA Airy Sun Cream SPF50+ PA++++ 50ml - FACECORNER","og_description":"Miner\u0101lais saules aizsargkr\u0113ms ar hautthuynia ekstraktu nodro\u0161ina maksim\u0101lu aizsardz\u012bbu pret UV stariem, k\u0101 ar\u012b maigumu un aizsarg\u0101 pret aps\u0101rtumu. Izstr\u0101d\u0101jums, kura pamat\u0101 ir fizisks UV filtrs. J\u0101atjauno ik p\u0113c 3 stund\u0101m. Efekt\u012bvi aizsarg\u0101 \u0101du no UV stariem, fotonoveco\u0161an\u0101s, hiperpigment\u0101cijas. Nomierina un m\u012bkstina, nov\u0113r\u0161 kairin\u0101jumus, izsitumus un aps\u0101rtumus, samazina jut\u012bgumu. Maigi regul\u0113 tauku dziedzeru darb\u012bbu, nov\u0113r\u0161 [&hellip;]","og_url":"https:\/\/www.facecorner.lv\/en\/shop\/anua-airy-sun-cream-spf50-pa-50ml\/","og_site_name":"FACECORNER","article_publisher":"https:\/\/www.facebook.com\/profile.php?id=100063824551839","article_modified_time":"2026-04-14T20:00:14+00:00","og_image":[{"width":1280,"height":1280,"url":"https:\/\/www.facecorner.lv\/wp-content\/uploads\/2024\/01\/Anua_Airy_Sun_Cream_spf50__80948.jpeg","type":"image\/jpeg"}],"twitter_card":"summary_large_image","twitter_misc":{"Price":"&euro;27.00","Availability":"Out of stock"},"schema":{"@context":"https:\/\/schema.org","@graph":[{"@type":"WebPage","@id":"https:\/\/www.facecorner.lv\/shop\/anua-airy-sun-cream-spf50-pa-50ml\/","url":"https:\/\/www.facecorner.lv\/shop\/anua-airy-sun-cream-spf50-pa-50ml\/","name":"ANUA Airy Sun Cream SPF50+ PA++++ 50ml - FACECORNER","isPartOf":{"@id":"https:\/\/www.facecorner.lv\/#website"},"primaryImageOfPage":{"@id":"https:\/\/www.facecorner.lv\/shop\/anua-airy-sun-cream-spf50-pa-50ml\/#primaryimage"},"image":{"@id":"https:\/\/www.facecorner.lv\/shop\/anua-airy-sun-cream-spf50-pa-50ml\/#primaryimage"},"thumbnailUrl":"https:\/\/www.facecorner.lv\/wp-content\/uploads\/2024\/01\/Anua_Airy_Sun_Cream_spf50__80948.jpeg","datePublished":"2024-01-29T11:33:12+00:00","dateModified":"2026-04-14T20:00:14+00:00","breadcrumb":{"@id":"https:\/\/www.facecorner.lv\/shop\/anua-airy-sun-cream-spf50-pa-50ml\/#breadcrumb"},"inLanguage":"en-US","potentialAction":[{"@type":"ReadAction","target":["https:\/\/www.facecorner.lv\/shop\/anua-airy-sun-cream-spf50-pa-50ml\/"]}]},{"@type":"ImageObject","inLanguage":"en-US","@id":"https:\/\/www.facecorner.lv\/shop\/anua-airy-sun-cream-spf50-pa-50ml\/#primaryimage","url":"https:\/\/www.facecorner.lv\/wp-content\/uploads\/2024\/01\/Anua_Airy_Sun_Cream_spf50__80948.jpeg","contentUrl":"https:\/\/www.facecorner.lv\/wp-content\/uploads\/2024\/01\/Anua_Airy_Sun_Cream_spf50__80948.jpeg","width":1280,"height":1280},{"@type":"BreadcrumbList","@id":"https:\/\/www.facecorner.lv\/shop\/anua-airy-sun-cream-spf50-pa-50ml\/#breadcrumb","itemListElement":[{"@type":"ListItem","position":1,"name":"Home","item":"https:\/\/www.facecorner.lv\/"},{"@type":"ListItem","position":2,"name":"Veikals","item":"https:\/\/www.facecorner.lv\/shop\/"},{"@type":"ListItem","position":3,"name":"ANUA Airy Sun Cream SPF50+ PA++++ 50ml"}]},{"@type":"WebSite","@id":"https:\/\/www.facecorner.lv\/#website","url":"https:\/\/www.facecorner.lv\/","name":"Facecorner","description":"","publisher":{"@id":"https:\/\/www.facecorner.lv\/#organization"},"potentialAction":[{"@type":"SearchAction","target":{"@type":"EntryPoint","urlTemplate":"https:\/\/www.facecorner.lv\/?s={search_term_string}"},"query-input":{"@type":"PropertyValueSpecification","valueRequired":true,"valueName":"search_term_string"}}],"inLanguage":"en-US"},{"@type":"Organization","@id":"https:\/\/www.facecorner.lv\/#organization","name":"Facecorner","url":"https:\/\/www.facecorner.lv\/","logo":{"@type":"ImageObject","inLanguage":"en-US","@id":"https:\/\/www.facecorner.lv\/#\/schema\/logo\/image\/","url":"https:\/\/www.facecorner.lv\/wp-content\/uploads\/2024\/04\/fc-logo.jpg","contentUrl":"https:\/\/www.facecorner.lv\/wp-content\/uploads\/2024\/04\/fc-logo.jpg","width":174,"height":28,"caption":"Facecorner"},"image":{"@id":"https:\/\/www.facecorner.lv\/#\/schema\/logo\/image\/"},"sameAs":["https:\/\/www.facebook.com\/profile.php?id=100063824551839","https:\/\/www.instagram.com\/facecorner_shop\/"]}]},"product_price_amount":"27.00","product_price_currency":"EUR","og_availability":"out of stock","product_availability":"out of stock","product_condition":"new"},"_links":{"self":[{"href":"https:\/\/www.facecorner.lv\/en\/wp-json\/wp\/v2\/product\/14067","targetHints":{"allow":["GET"]}}],"collection":[{"href":"https:\/\/www.facecorner.lv\/en\/wp-json\/wp\/v2\/product"}],"about":[{"href":"https:\/\/www.facecorner.lv\/en\/wp-json\/wp\/v2\/types\/product"}],"replies":[{"embeddable":true,"href":"https:\/\/www.facecorner.lv\/en\/wp-json\/wp\/v2\/comments?post=14067"}],"wp:featuredmedia":[{"embeddable":true,"href":"https:\/\/www.facecorner.lv\/en\/wp-json\/wp\/v2\/media\/14068"}],"wp:attachment":[{"href":"https:\/\/www.facecorner.lv\/en\/wp-json\/wp\/v2\/media?parent=14067"}],"wp:term":[{"taxonomy":"product_brand","embeddable":true,"href":"https:\/\/www.facecorner.lv\/en\/wp-json\/wp\/v2\/product_brand?post=14067"},{"taxonomy":"product_cat","embeddable":true,"href":"https:\/\/www.facecorner.lv\/en\/wp-json\/wp\/v2\/product_cat?post=14067"},{"taxonomy":"product_tag","embeddable":true,"href":"https:\/\/www.facecorner.lv\/en\/wp-json\/wp\/v2\/product_tag?post=14067"},{"taxonomy":"berocket_brand","embeddable":true,"href":"https:\/\/www.facecorner.lv\/en\/wp-json\/wp\/v2\/berocket_brand?post=14067"}],"curies":[{"name":"wp","href":"https:\/\/api.w.org\/{rel}","templated":true}]}}