{"id":14050,"date":"2024-01-27T15:06:43","date_gmt":"2024-01-27T13:06:43","guid":{"rendered":"https:\/\/www.facecorner.lv\/?post_type=product&#038;p=14050"},"modified":"2024-07-18T23:39:46","modified_gmt":"2024-07-18T21:39:46","slug":"pyunkang-yul-%d1%81alming-pore-clear-wash-off-pack-100ml","status":"publish","type":"product","link":"https:\/\/www.facecorner.lv\/en\/shop\/pyunkang-yul-%d1%81alming-pore-clear-wash-off-pack-100ml\/","title":{"rendered":"Pyunkang Yul \u0421alming Pore Clear Wash Off Pack 100ml"},"content":{"rendered":"<p>Pyunkang Yul Calming Pore Clear Wash Off Pack has antiseptic and anti-inflammatory effects, relieves itching and irritation, and reduces redness.<\/p>\n<p>It is offered the CICA complex calming influence and it accelerates hammer of inflammations in, pal\u012bdzot in aknes treatment. 5 hialuronsk\u0101bes kinds moisten intensive, support the necessary humidity level in an epidermis and protects a product from premature dry out.<\/p>\n<p>A mask can penetrate deep in pores, effective no\u0146em all dirts and the superfluous sebumu, as also dissolves komedonus. Diminish an extended pore and kind of fat filaments. Softly clear the dead cages, accelerate regeneration processes, do a skin tender and tender.<\/p>\n<p><strong>Main active ingredients:<\/strong><\/p>\n<ul>\n<li>Clay helps tighten enlarged pores and absorbs excess sebum. Effectively cleanses and mattifies the skin.<\/li>\n<li>Bentonite dries slightly, activates cell renewal, absorbs toxins, softens and saturates with beneficial minerals.<\/li>\n<li>Green tea extract perfectly moisturizes and tones the skin, has antioxidant action, has antibacterial properties, makes the skin firm and elastic, smooths wrinkles, improves complexion.<\/li>\n<li>PHA-acids smooth skin tone and micro-relief, have a photoprotective and anti-inflammatory effect and regulate the skin's natural keratinisation process.<\/li>\n<li>Neem extract is healing, anti-inflammatory and antiseptic, cleanses and rejuvenates the skin, makes it smooth and silky, and regulates sebum production.<\/li>\n<\/ul>\n<p><strong>How to use:<\/strong> P\u0113c att\u012br\u012b\u0161anas iemas\u0113jiet masku uz sausas sejas, izvairoties no zonas ap ac\u012bm un l\u016bp\u0101m. Atst\u0101jiet 10-15 min\u016btes, noskalojiet ar siltu \u016bdeni.<\/p>\n<p><strong>Ingredientes:\u00a0<\/strong>Water, Kaolinite, Glycerin, Dipropylene Glycol, Montmorillonite, 1,2-Hexanediol, Bentonite, Hectorite, Illite, Green Tea Leaf Powder, Hydroxyethyl Acrylate\/Sodium Acryloyldimethyltaurate Copolymer, Citric acid, Sodium Citrate, Tea Tree Leaf Extract, Willow Bark Extract, Neem Tree Leaf Extract, Butylene Glycol, Ethylhexylglycerin, Disodium EDTA, Sorbitan isostearate, Neem Tree Flower Extract, Glucono-delta-lactone, Lactobacilli\/Mung Bean Extract\/Fermented Monosodium Glutamate Filtrate, Polyglyceryl-10 Myristate, Hydroxyacetophenone, Pentylene Glycol, Caprylyl Glycol, Wormwood Extract, Centella Asiatica Extract, Sodium Hyaluronate, Japanese Honeysuckle Extract, Caprylic\/Capric Triglycerides, Cetearyl Ethylhexanoate, Ethylhexyl Palmitate, Backgammon Root\/Stem Extract, Hydrolyzed Hyaluronic Acid, Hydroxypropyltrimonium Hyaluronate, 3D Hyaluronic Acid, Acetylated Sodium Hyaluronate, Madecassoside, Madecassic Acid, Asiaticoside, Asiatic acid.<\/p>","protected":false},"excerpt":{"rendered":"<p>Pyunkang Yul Calming Pore Clear Wash Off Pack has antiseptic and anti-inflammatory effects, relieves itching and irritation, and reduces redness.<\/p>","protected":false},"featured_media":14051,"comment_status":"open","ping_status":"closed","template":"","meta":{"site-sidebar-layout":"default","site-content-layout":"","ast-site-content-layout":"","site-content-style":"default","site-sidebar-style":"default","ast-global-header-display":"","ast-banner-title-visibility":"","ast-main-header-display":"","ast-hfb-above-header-display":"","ast-hfb-below-header-display":"","ast-hfb-mobile-header-display":"","site-post-title":"","ast-breadcrumbs-content":"","ast-featured-img":"","footer-sml-layout":"","theme-transparent-header-meta":"","adv-header-id-meta":"","stick-header-meta":"","header-above-stick-meta":"","header-main-stick-meta":"","header-below-stick-meta":"","astra-migrate-meta-layouts":"default","ast-page-background-enabled":"default","ast-page-background-meta":{"desktop":{"background-color":"var(--ast-global-color-4)","background-image":"","background-repeat":"repeat","background-position":"center center","background-size":"auto","background-attachment":"scroll","background-type":"","background-media":"","overlay-type":"","overlay-color":"","overlay-opacity":"","overlay-gradient":""},"tablet":{"background-color":"","background-image":"","background-repeat":"repeat","background-position":"center center","background-size":"auto","background-attachment":"scroll","background-type":"","background-media":"","overlay-type":"","overlay-color":"","overlay-opacity":"","overlay-gradient":""},"mobile":{"background-color":"","background-image":"","background-repeat":"repeat","background-position":"center center","background-size":"auto","background-attachment":"scroll","background-type":"","background-media":"","overlay-type":"","overlay-color":"","overlay-opacity":"","overlay-gradient":""}},"ast-content-background-meta":{"desktop":{"background-color":"var(--ast-global-color-5)","background-image":"","background-repeat":"repeat","background-position":"center center","background-size":"auto","background-attachment":"scroll","background-type":"","background-media":"","overlay-type":"","overlay-color":"","overlay-opacity":"","overlay-gradient":""},"tablet":{"background-color":"var(--ast-global-color-5)","background-image":"","background-repeat":"repeat","background-position":"center center","background-size":"auto","background-attachment":"scroll","background-type":"","background-media":"","overlay-type":"","overlay-color":"","overlay-opacity":"","overlay-gradient":""},"mobile":{"background-color":"var(--ast-global-color-5)","background-image":"","background-repeat":"repeat","background-position":"center center","background-size":"auto","background-attachment":"scroll","background-type":"","background-media":"","overlay-type":"","overlay-color":"","overlay-opacity":"","overlay-gradient":""}}},"product_brand":[],"product_cat":[316,315],"product_tag":[],"berocket_brand":[],"class_list":{"0":"post-14050","1":"product","2":"type-product","3":"status-publish","4":"has-post-thumbnail","6":"product_cat-attirosas","7":"product_cat-maskas","8":"desktop-align-left","9":"tablet-align-left","10":"mobile-align-left","12":"first","13":"outofstock","14":"taxable","15":"shipping-taxable","16":"purchasable","17":"product-type-simple","18":"add-to-wishlist-before_image"},"yoast_head":"<!-- This site is optimized with the Yoast SEO plugin v27.4 - https:\/\/yoast.com\/product\/yoast-seo-wordpress\/ -->\n<title>Pyunkang Yul \u0421alming Pore Clear Wash Off Pack 100ml - FACECORNER<\/title>\n<meta name=\"description\" content=\"Nomierino\u0161a m\u0101lu maska \u200b\u200bporu att\u012br\u012b\u0161anai Pyunkang Yul Calming Pore Clear Wash Off Pack piem\u012bt antiseptiska un pretiekaisuma iedarb\u012bba.\" \/>\n<meta name=\"robots\" content=\"index, follow, max-snippet:-1, max-image-preview:large, max-video-preview:-1\" \/>\n<link rel=\"canonical\" href=\"https:\/\/www.facecorner.lv\/en\/shop\/pyunkang-yul-\u0441alming-pore-clear-wash-off-pack-100ml\/\" \/>\n<meta property=\"og:locale\" content=\"en_US\" \/>\n<meta property=\"og:type\" content=\"article\" \/>\n<meta property=\"og:title\" content=\"Pyunkang Yul \u0421alming Pore Clear Wash Off Pack 100ml - FACECORNER\" \/>\n<meta property=\"og:description\" content=\"Nomierino\u0161a m\u0101lu maska \u200b\u200bporu att\u012br\u012b\u0161anai Pyunkang Yul Calming Pore Clear Wash Off Pack piem\u012bt antiseptiska un pretiekaisuma iedarb\u012bba.\" \/>\n<meta property=\"og:url\" content=\"https:\/\/www.facecorner.lv\/en\/shop\/pyunkang-yul-\u0441alming-pore-clear-wash-off-pack-100ml\/\" \/>\n<meta property=\"og:site_name\" content=\"FACECORNER\" \/>\n<meta property=\"article:publisher\" content=\"https:\/\/www.facebook.com\/profile.php?id=100063824551839\" \/>\n<meta property=\"article:modified_time\" content=\"2024-07-18T21:39:46+00:00\" \/>\n<meta property=\"og:image\" content=\"https:\/\/www.facecorner.lv\/wp-content\/uploads\/2024\/01\/3-a0ed809f79b6e8c60b014097b9f70cfd.jpg\" \/>\n\t<meta property=\"og:image:width\" content=\"1000\" \/>\n\t<meta property=\"og:image:height\" content=\"1000\" \/>\n\t<meta property=\"og:image:type\" content=\"image\/jpeg\" \/>\n<meta name=\"twitter:card\" content=\"summary_large_image\" \/>\n<meta name=\"twitter:label1\" content=\"Price\" \/>\n\t<meta name=\"twitter:data1\" content=\"&euro;23.00\" \/>\n\t<meta name=\"twitter:label2\" content=\"Availability\" \/>\n\t<meta name=\"twitter:data2\" content=\"Out of stock\" \/>\n<script type=\"application\/ld+json\" class=\"yoast-schema-graph\">{\"@context\":\"https:\\\/\\\/schema.org\",\"@graph\":[{\"@type\":\"WebPage\",\"@id\":\"https:\\\/\\\/www.facecorner.lv\\\/shop\\\/pyunkang-yul-%d1%81alming-pore-clear-wash-off-pack-100ml\\\/\",\"url\":\"https:\\\/\\\/www.facecorner.lv\\\/shop\\\/pyunkang-yul-%d1%81alming-pore-clear-wash-off-pack-100ml\\\/\",\"name\":\"Pyunkang Yul \u0421alming Pore Clear Wash Off Pack 100ml - FACECORNER\",\"isPartOf\":{\"@id\":\"https:\\\/\\\/www.facecorner.lv\\\/#website\"},\"primaryImageOfPage\":{\"@id\":\"https:\\\/\\\/www.facecorner.lv\\\/shop\\\/pyunkang-yul-%d1%81alming-pore-clear-wash-off-pack-100ml\\\/#primaryimage\"},\"image\":{\"@id\":\"https:\\\/\\\/www.facecorner.lv\\\/shop\\\/pyunkang-yul-%d1%81alming-pore-clear-wash-off-pack-100ml\\\/#primaryimage\"},\"thumbnailUrl\":\"https:\\\/\\\/www.facecorner.lv\\\/wp-content\\\/uploads\\\/2024\\\/01\\\/3-a0ed809f79b6e8c60b014097b9f70cfd.jpg\",\"datePublished\":\"2024-01-27T13:06:43+00:00\",\"dateModified\":\"2024-07-18T21:39:46+00:00\",\"description\":\"Nomierino\u0161a m\u0101lu maska \u200b\u200bporu att\u012br\u012b\u0161anai Pyunkang Yul Calming Pore Clear Wash Off Pack piem\u012bt antiseptiska un pretiekaisuma iedarb\u012bba.\",\"breadcrumb\":{\"@id\":\"https:\\\/\\\/www.facecorner.lv\\\/shop\\\/pyunkang-yul-%d1%81alming-pore-clear-wash-off-pack-100ml\\\/#breadcrumb\"},\"inLanguage\":\"en-US\",\"potentialAction\":[{\"@type\":\"ReadAction\",\"target\":[\"https:\\\/\\\/www.facecorner.lv\\\/shop\\\/pyunkang-yul-%d1%81alming-pore-clear-wash-off-pack-100ml\\\/\"]}]},{\"@type\":\"ImageObject\",\"inLanguage\":\"en-US\",\"@id\":\"https:\\\/\\\/www.facecorner.lv\\\/shop\\\/pyunkang-yul-%d1%81alming-pore-clear-wash-off-pack-100ml\\\/#primaryimage\",\"url\":\"https:\\\/\\\/www.facecorner.lv\\\/wp-content\\\/uploads\\\/2024\\\/01\\\/3-a0ed809f79b6e8c60b014097b9f70cfd.jpg\",\"contentUrl\":\"https:\\\/\\\/www.facecorner.lv\\\/wp-content\\\/uploads\\\/2024\\\/01\\\/3-a0ed809f79b6e8c60b014097b9f70cfd.jpg\",\"width\":1000,\"height\":1000,\"caption\":\"Pyunkang Yul \u0421alming Pore Clear Wash Off Pack\"},{\"@type\":\"BreadcrumbList\",\"@id\":\"https:\\\/\\\/www.facecorner.lv\\\/shop\\\/pyunkang-yul-%d1%81alming-pore-clear-wash-off-pack-100ml\\\/#breadcrumb\",\"itemListElement\":[{\"@type\":\"ListItem\",\"position\":1,\"name\":\"Home\",\"item\":\"https:\\\/\\\/www.facecorner.lv\\\/\"},{\"@type\":\"ListItem\",\"position\":2,\"name\":\"Veikals\",\"item\":\"https:\\\/\\\/www.facecorner.lv\\\/shop\\\/\"},{\"@type\":\"ListItem\",\"position\":3,\"name\":\"Pyunkang Yul \u0421alming Pore Clear Wash Off Pack 100ml\"}]},{\"@type\":\"WebSite\",\"@id\":\"https:\\\/\\\/www.facecorner.lv\\\/#website\",\"url\":\"https:\\\/\\\/www.facecorner.lv\\\/\",\"name\":\"Facecorner\",\"description\":\"\",\"publisher\":{\"@id\":\"https:\\\/\\\/www.facecorner.lv\\\/#organization\"},\"potentialAction\":[{\"@type\":\"SearchAction\",\"target\":{\"@type\":\"EntryPoint\",\"urlTemplate\":\"https:\\\/\\\/www.facecorner.lv\\\/?s={search_term_string}\"},\"query-input\":{\"@type\":\"PropertyValueSpecification\",\"valueRequired\":true,\"valueName\":\"search_term_string\"}}],\"inLanguage\":\"en-US\"},{\"@type\":\"Organization\",\"@id\":\"https:\\\/\\\/www.facecorner.lv\\\/#organization\",\"name\":\"Facecorner\",\"url\":\"https:\\\/\\\/www.facecorner.lv\\\/\",\"logo\":{\"@type\":\"ImageObject\",\"inLanguage\":\"en-US\",\"@id\":\"https:\\\/\\\/www.facecorner.lv\\\/#\\\/schema\\\/logo\\\/image\\\/\",\"url\":\"https:\\\/\\\/www.facecorner.lv\\\/wp-content\\\/uploads\\\/2024\\\/04\\\/fc-logo.jpg\",\"contentUrl\":\"https:\\\/\\\/www.facecorner.lv\\\/wp-content\\\/uploads\\\/2024\\\/04\\\/fc-logo.jpg\",\"width\":174,\"height\":28,\"caption\":\"Facecorner\"},\"image\":{\"@id\":\"https:\\\/\\\/www.facecorner.lv\\\/#\\\/schema\\\/logo\\\/image\\\/\"},\"sameAs\":[\"https:\\\/\\\/www.facebook.com\\\/profile.php?id=100063824551839\",\"https:\\\/\\\/www.instagram.com\\\/facecorner_shop\\\/\"]}]}<\/script>\n<meta property=\"product:price:amount\" content=\"23.00\" \/>\n<meta property=\"product:price:currency\" content=\"EUR\" \/>\n<meta property=\"og:availability\" content=\"out of stock\" \/>\n<meta property=\"product:availability\" content=\"out of stock\" \/>\n<meta property=\"product:condition\" content=\"new\" \/>\n<!-- \/ Yoast SEO plugin. -->","yoast_head_json":{"title":"Pyunkang Yul \u0421alming Pore Clear Wash Off Pack 100ml - FACECORNER","description":"Nomierino\u0161a m\u0101lu maska \u200b\u200bporu att\u012br\u012b\u0161anai Pyunkang Yul Calming Pore Clear Wash Off Pack piem\u012bt antiseptiska un pretiekaisuma iedarb\u012bba.","robots":{"index":"index","follow":"follow","max-snippet":"max-snippet:-1","max-image-preview":"max-image-preview:large","max-video-preview":"max-video-preview:-1"},"canonical":"https:\/\/www.facecorner.lv\/en\/shop\/pyunkang-yul-\u0441alming-pore-clear-wash-off-pack-100ml\/","og_locale":"en_US","og_type":"article","og_title":"Pyunkang Yul \u0421alming Pore Clear Wash Off Pack 100ml - FACECORNER","og_description":"Nomierino\u0161a m\u0101lu maska \u200b\u200bporu att\u012br\u012b\u0161anai Pyunkang Yul Calming Pore Clear Wash Off Pack piem\u012bt antiseptiska un pretiekaisuma iedarb\u012bba.","og_url":"https:\/\/www.facecorner.lv\/en\/shop\/pyunkang-yul-\u0441alming-pore-clear-wash-off-pack-100ml\/","og_site_name":"FACECORNER","article_publisher":"https:\/\/www.facebook.com\/profile.php?id=100063824551839","article_modified_time":"2024-07-18T21:39:46+00:00","og_image":[{"width":1000,"height":1000,"url":"https:\/\/www.facecorner.lv\/wp-content\/uploads\/2024\/01\/3-a0ed809f79b6e8c60b014097b9f70cfd.jpg","type":"image\/jpeg"}],"twitter_card":"summary_large_image","twitter_misc":{"Price":"&euro;23.00","Availability":"Out of stock"},"schema":{"@context":"https:\/\/schema.org","@graph":[{"@type":"WebPage","@id":"https:\/\/www.facecorner.lv\/shop\/pyunkang-yul-%d1%81alming-pore-clear-wash-off-pack-100ml\/","url":"https:\/\/www.facecorner.lv\/shop\/pyunkang-yul-%d1%81alming-pore-clear-wash-off-pack-100ml\/","name":"Pyunkang Yul \u0421alming Pore Clear Wash Off Pack 100ml - FACECORNER","isPartOf":{"@id":"https:\/\/www.facecorner.lv\/#website"},"primaryImageOfPage":{"@id":"https:\/\/www.facecorner.lv\/shop\/pyunkang-yul-%d1%81alming-pore-clear-wash-off-pack-100ml\/#primaryimage"},"image":{"@id":"https:\/\/www.facecorner.lv\/shop\/pyunkang-yul-%d1%81alming-pore-clear-wash-off-pack-100ml\/#primaryimage"},"thumbnailUrl":"https:\/\/www.facecorner.lv\/wp-content\/uploads\/2024\/01\/3-a0ed809f79b6e8c60b014097b9f70cfd.jpg","datePublished":"2024-01-27T13:06:43+00:00","dateModified":"2024-07-18T21:39:46+00:00","description":"Nomierino\u0161a m\u0101lu maska \u200b\u200bporu att\u012br\u012b\u0161anai Pyunkang Yul Calming Pore Clear Wash Off Pack piem\u012bt antiseptiska un pretiekaisuma iedarb\u012bba.","breadcrumb":{"@id":"https:\/\/www.facecorner.lv\/shop\/pyunkang-yul-%d1%81alming-pore-clear-wash-off-pack-100ml\/#breadcrumb"},"inLanguage":"en-US","potentialAction":[{"@type":"ReadAction","target":["https:\/\/www.facecorner.lv\/shop\/pyunkang-yul-%d1%81alming-pore-clear-wash-off-pack-100ml\/"]}]},{"@type":"ImageObject","inLanguage":"en-US","@id":"https:\/\/www.facecorner.lv\/shop\/pyunkang-yul-%d1%81alming-pore-clear-wash-off-pack-100ml\/#primaryimage","url":"https:\/\/www.facecorner.lv\/wp-content\/uploads\/2024\/01\/3-a0ed809f79b6e8c60b014097b9f70cfd.jpg","contentUrl":"https:\/\/www.facecorner.lv\/wp-content\/uploads\/2024\/01\/3-a0ed809f79b6e8c60b014097b9f70cfd.jpg","width":1000,"height":1000,"caption":"Pyunkang Yul \u0421alming Pore Clear Wash Off Pack"},{"@type":"BreadcrumbList","@id":"https:\/\/www.facecorner.lv\/shop\/pyunkang-yul-%d1%81alming-pore-clear-wash-off-pack-100ml\/#breadcrumb","itemListElement":[{"@type":"ListItem","position":1,"name":"Home","item":"https:\/\/www.facecorner.lv\/"},{"@type":"ListItem","position":2,"name":"Veikals","item":"https:\/\/www.facecorner.lv\/shop\/"},{"@type":"ListItem","position":3,"name":"Pyunkang Yul \u0421alming Pore Clear Wash Off Pack 100ml"}]},{"@type":"WebSite","@id":"https:\/\/www.facecorner.lv\/#website","url":"https:\/\/www.facecorner.lv\/","name":"Facecorner","description":"","publisher":{"@id":"https:\/\/www.facecorner.lv\/#organization"},"potentialAction":[{"@type":"SearchAction","target":{"@type":"EntryPoint","urlTemplate":"https:\/\/www.facecorner.lv\/?s={search_term_string}"},"query-input":{"@type":"PropertyValueSpecification","valueRequired":true,"valueName":"search_term_string"}}],"inLanguage":"en-US"},{"@type":"Organization","@id":"https:\/\/www.facecorner.lv\/#organization","name":"Facecorner","url":"https:\/\/www.facecorner.lv\/","logo":{"@type":"ImageObject","inLanguage":"en-US","@id":"https:\/\/www.facecorner.lv\/#\/schema\/logo\/image\/","url":"https:\/\/www.facecorner.lv\/wp-content\/uploads\/2024\/04\/fc-logo.jpg","contentUrl":"https:\/\/www.facecorner.lv\/wp-content\/uploads\/2024\/04\/fc-logo.jpg","width":174,"height":28,"caption":"Facecorner"},"image":{"@id":"https:\/\/www.facecorner.lv\/#\/schema\/logo\/image\/"},"sameAs":["https:\/\/www.facebook.com\/profile.php?id=100063824551839","https:\/\/www.instagram.com\/facecorner_shop\/"]}]},"product_price_amount":"23.00","product_price_currency":"EUR","og_availability":"out of stock","product_availability":"out of stock","product_condition":"new"},"_links":{"self":[{"href":"https:\/\/www.facecorner.lv\/en\/wp-json\/wp\/v2\/product\/14050","targetHints":{"allow":["GET"]}}],"collection":[{"href":"https:\/\/www.facecorner.lv\/en\/wp-json\/wp\/v2\/product"}],"about":[{"href":"https:\/\/www.facecorner.lv\/en\/wp-json\/wp\/v2\/types\/product"}],"replies":[{"embeddable":true,"href":"https:\/\/www.facecorner.lv\/en\/wp-json\/wp\/v2\/comments?post=14050"}],"wp:featuredmedia":[{"embeddable":true,"href":"https:\/\/www.facecorner.lv\/en\/wp-json\/wp\/v2\/media\/14051"}],"wp:attachment":[{"href":"https:\/\/www.facecorner.lv\/en\/wp-json\/wp\/v2\/media?parent=14050"}],"wp:term":[{"taxonomy":"product_brand","embeddable":true,"href":"https:\/\/www.facecorner.lv\/en\/wp-json\/wp\/v2\/product_brand?post=14050"},{"taxonomy":"product_cat","embeddable":true,"href":"https:\/\/www.facecorner.lv\/en\/wp-json\/wp\/v2\/product_cat?post=14050"},{"taxonomy":"product_tag","embeddable":true,"href":"https:\/\/www.facecorner.lv\/en\/wp-json\/wp\/v2\/product_tag?post=14050"},{"taxonomy":"berocket_brand","embeddable":true,"href":"https:\/\/www.facecorner.lv\/en\/wp-json\/wp\/v2\/berocket_brand?post=14050"}],"curies":[{"name":"wp","href":"https:\/\/api.w.org\/{rel}","templated":true}]}}