{"id":13993,"date":"2024-01-23T15:21:26","date_gmt":"2024-01-23T13:21:26","guid":{"rendered":"https:\/\/www.facecorner.lv\/?post_type=product&#038;p=13993"},"modified":"2026-03-28T12:23:13","modified_gmt":"2026-03-28T09:23:13","slug":"medi-peel-peptide-9-volume-lifting-eye-patch-pro","status":"publish","type":"product","link":"https:\/\/www.facecorner.lv\/en\/shop\/medi-peel-peptide-9-volume-lifting-eye-patch-pro\/","title":{"rendered":"MEDI-PEEL Peptide 9 Volume Lifting Eye Patch Pro"},"content":{"rendered":"<p>Pat\u010di ir hidrog\u0113la ekspresmaska, kas paredz\u0113ta, lai nov\u0113rstu t\u016bsku, samazin\u0101tu tum\u0161os lokus zem ac\u012bm un mitrin\u0101tu.<br \/>\nP\u0113c b\u016bt\u012bbas pies\u016bcin\u0101ti, atjaunojo\u0161ie MEDI-PEEL z\u012bmola pl\u0101ksteri dzi\u013ci mitrina, izl\u012bdzina grumbas, stiprina pl\u0101no plaksti\u0146u \u0101du, atjauno elast\u012bbu un tvirtumu. Akt\u012bvo sast\u0101vda\u013cu formulai ir liftinga efekts un t\u0101 pie\u0161\u0137ir \u0101dai mirdzumu.<\/p>\n<p><strong>Main active ingredients:<\/strong><\/p>\n<ul>\n<li>Pept\u012bdu komplekss satur gan sign\u0101lu, gan musku\u013cu relaks\u0101cijas pept\u012bdus. Tam ir relaks\u0113jo\u0161a iedarb\u012bba uz sejas musku\u013ciem, izl\u012bdzinot grumbas un nov\u0113r\u0161ot to par\u0101d\u012b\u0161anos. Sign\u0101lpept\u012bdi aktiviz\u0113 struktur\u0101lo \u0101das prote\u012bnu (kolag\u0113na, elast\u012bna) sint\u0113zi, t\u0101d\u0113j\u0101di nov\u0113r\u0161ot hronoveco\u0161an\u0101s att\u012bst\u012bbu un izl\u012bdzinot grumbas.<\/li>\n<li><span style=\"color: var(--g5-color-text-main); font-family: var(--g5-body-font); font-size: var(--g5-body-font-size); font-style: var(--g5-body-font-style); letter-spacing: var(--g5-body-letter-spacing); text-transform: var(--g5-body-text-transform);\">Volyufilin, ko izstr\u0101d\u0101jusi fran\u010du komp\u0101nija SEDERMA, ir ekstrakts no Anemarrhena Asphodeloides Root Extract (anemarrena saknes ekstrakts). Pateicoties sp\u0113jai uzkr\u0101t lip\u012bdus un palielin\u0101t taukaudu apjomu \u0101d\u0101, Voluilin atjauno \u0101das iek\u0161\u0113jo elast\u012bbu, \u201cizspie\u017eot\u201d krunci\u0146as un izl\u012bdzinot \u0101das matricu.<\/span><\/li>\n<li><span style=\"color: var(--g5-color-text-main); font-family: var(--g5-body-font); font-size: var(--g5-body-font-size); font-style: var(--g5-body-font-style); letter-spacing: var(--g5-body-letter-spacing); text-transform: var(--g5-body-text-transform);\">Hidroliz\u0113tam kolag\u0113nam un elast\u012bnam ir maza molekul\u0101r\u0101 strukt\u016bra. Tie saglab\u0101 \u0101das sp\u0113ju deform\u0113ties un izstiepties, p\u0113c tam atgrie\u017eoties s\u0101kotn\u0113j\u0101 st\u0101vokl\u012b, neietekm\u0113jot \u0101das matricas integrit\u0101ti un elast\u012bbu. Papildus grumbu izl\u012bdzin\u0101\u0161anai kolag\u0113ns nov\u0113r\u0161 dehidrat\u0101ciju un tam piem\u012bt antioksidanta iedarb\u012bba.<\/span><\/li>\n<\/ul>\n<p class=\"moze-justify\"><b>How to use:<\/b> P\u0113c t\u012br\u012b\u0161anas un toniz\u0113\u0161anas izmantojiet l\u0101psti\u0146u, lai uzkl\u0101tu pl\u0101ksterus zem ac\u012bm vai jebkurai citai vietai, kurai nepiecie\u0161ama mitrin\u0101\u0161ana un pretnoveco\u0161an\u0101s kop\u0161ana, piem\u0113ram, nasolabi\u0101l\u0101s krok\u0101s un starp uzac\u012bm. No\u0146emiet p\u0113c 20-30 min\u016bt\u0113m, viegli nositiet ar pirkstu galiem, lai uzs\u016bktu atliku\u0161o esenci.<\/p>\n<p class=\"moze-justify\"><b>Apjoms<\/b>&#8211; 60 gab<\/p>","protected":false},"excerpt":{"rendered":"<p>Pat\u010di ir hidrog\u0113la ekspresmaska, kas paredz\u0113ta, lai nov\u0113rstu t\u016bsku, samazin\u0101tu tum\u0161os lokus zem ac\u012bm un mitrin\u0101tu. P\u0113c b\u016bt\u012bbas pies\u016bcin\u0101ti, atjaunojo\u0161ie MEDI-PEEL z\u012bmola pl\u0101ksteri dzi\u013ci mitrina, izl\u012bdzina grumbas, stiprina pl\u0101no plaksti\u0146u \u0101du, atjauno elast\u012bbu un tvirtumu. Akt\u012bvo sast\u0101vda\u013cu formulai ir liftinga efekts un t\u0101 pie\u0161\u0137ir \u0101dai mirdzumu. Galven\u0101s akt\u012bv\u0101s sast\u0101vda\u013cas: Pept\u012bdu komplekss satur gan sign\u0101lu, gan [&hellip;]<\/p>\n","protected":false},"featured_media":13994,"comment_status":"open","ping_status":"closed","template":"","meta":{"site-sidebar-layout":"default","site-content-layout":"","ast-site-content-layout":"","site-content-style":"default","site-sidebar-style":"default","ast-global-header-display":"","ast-banner-title-visibility":"","ast-main-header-display":"","ast-hfb-above-header-display":"","ast-hfb-below-header-display":"","ast-hfb-mobile-header-display":"","site-post-title":"","ast-breadcrumbs-content":"","ast-featured-img":"","footer-sml-layout":"","theme-transparent-header-meta":"","adv-header-id-meta":"","stick-header-meta":"","header-above-stick-meta":"","header-main-stick-meta":"","header-below-stick-meta":"","astra-migrate-meta-layouts":"default","ast-page-background-enabled":"default","ast-page-background-meta":{"desktop":{"background-color":"var(--ast-global-color-4)","background-image":"","background-repeat":"repeat","background-position":"center center","background-size":"auto","background-attachment":"scroll","background-type":"","background-media":"","overlay-type":"","overlay-color":"","overlay-opacity":"","overlay-gradient":""},"tablet":{"background-color":"","background-image":"","background-repeat":"repeat","background-position":"center center","background-size":"auto","background-attachment":"scroll","background-type":"","background-media":"","overlay-type":"","overlay-color":"","overlay-opacity":"","overlay-gradient":""},"mobile":{"background-color":"","background-image":"","background-repeat":"repeat","background-position":"center center","background-size":"auto","background-attachment":"scroll","background-type":"","background-media":"","overlay-type":"","overlay-color":"","overlay-opacity":"","overlay-gradient":""}},"ast-content-background-meta":{"desktop":{"background-color":"var(--ast-global-color-5)","background-image":"","background-repeat":"repeat","background-position":"center center","background-size":"auto","background-attachment":"scroll","background-type":"","background-media":"","overlay-type":"","overlay-color":"","overlay-opacity":"","overlay-gradient":""},"tablet":{"background-color":"var(--ast-global-color-5)","background-image":"","background-repeat":"repeat","background-position":"center center","background-size":"auto","background-attachment":"scroll","background-type":"","background-media":"","overlay-type":"","overlay-color":"","overlay-opacity":"","overlay-gradient":""},"mobile":{"background-color":"var(--ast-global-color-5)","background-image":"","background-repeat":"repeat","background-position":"center center","background-size":"auto","background-attachment":"scroll","background-type":"","background-media":"","overlay-type":"","overlay-color":"","overlay-opacity":"","overlay-gradient":""}}},"product_brand":[],"product_cat":[511,327],"product_tag":[],"berocket_brand":[583],"class_list":{"0":"post-13993","1":"product","2":"type-product","3":"status-publish","4":"has-post-thumbnail","6":"product_cat-atlaides","7":"product_cat-patci","8":"berocket_brand-medi-peel","9":"desktop-align-left","10":"tablet-align-left","11":"mobile-align-left","13":"first","14":"instock","15":"taxable","16":"shipping-taxable","17":"purchasable","18":"product-type-simple","19":"add-to-wishlist-before_image"},"yoast_head":"<!-- This site is optimized with the Yoast SEO plugin v27.4 - https:\/\/yoast.com\/product\/yoast-seo-wordpress\/ -->\n<title>MEDI-PEEL Peptide 9 Volume Lifting Eye Patch Pro - FACECORNER<\/title>\n<meta name=\"robots\" content=\"index, follow, max-snippet:-1, max-image-preview:large, max-video-preview:-1\" \/>\n<link rel=\"canonical\" href=\"https:\/\/www.facecorner.lv\/en\/shop\/medi-peel-peptide-9-volume-lifting-eye-patch-pro\/\" \/>\n<meta property=\"og:locale\" content=\"en_US\" \/>\n<meta property=\"og:type\" content=\"article\" \/>\n<meta property=\"og:title\" content=\"MEDI-PEEL Peptide 9 Volume Lifting Eye Patch Pro - FACECORNER\" \/>\n<meta property=\"og:description\" content=\"Pat\u010di ir hidrog\u0113la ekspresmaska, kas paredz\u0113ta, lai nov\u0113rstu t\u016bsku, samazin\u0101tu tum\u0161os lokus zem ac\u012bm un mitrin\u0101tu. P\u0113c b\u016bt\u012bbas pies\u016bcin\u0101ti, atjaunojo\u0161ie MEDI-PEEL z\u012bmola pl\u0101ksteri dzi\u013ci mitrina, izl\u012bdzina grumbas, stiprina pl\u0101no plaksti\u0146u \u0101du, atjauno elast\u012bbu un tvirtumu. Akt\u012bvo sast\u0101vda\u013cu formulai ir liftinga efekts un t\u0101 pie\u0161\u0137ir \u0101dai mirdzumu. Galven\u0101s akt\u012bv\u0101s sast\u0101vda\u013cas: Pept\u012bdu komplekss satur gan sign\u0101lu, gan [&hellip;]\" \/>\n<meta property=\"og:url\" content=\"https:\/\/www.facecorner.lv\/en\/shop\/medi-peel-peptide-9-volume-lifting-eye-patch-pro\/\" \/>\n<meta property=\"og:site_name\" content=\"FACECORNER\" \/>\n<meta property=\"article:publisher\" content=\"https:\/\/www.facebook.com\/profile.php?id=100063824551839\" \/>\n<meta property=\"article:modified_time\" content=\"2026-03-28T09:23:13+00:00\" \/>\n<meta property=\"og:image\" content=\"https:\/\/www.facecorner.lv\/wp-content\/uploads\/2024\/01\/2_8nn3-pv.webp\" \/>\n\t<meta property=\"og:image:width\" content=\"600\" \/>\n\t<meta property=\"og:image:height\" content=\"600\" \/>\n\t<meta property=\"og:image:type\" content=\"image\/webp\" \/>\n<meta name=\"twitter:card\" content=\"summary_large_image\" \/>\n<meta name=\"twitter:label1\" content=\"Price\" \/>\n\t<meta name=\"twitter:data1\" content=\"&euro;25.00\" \/>\n\t<meta name=\"twitter:label2\" content=\"Availability\" \/>\n\t<meta name=\"twitter:data2\" content=\"In stock\" \/>\n<script type=\"application\/ld+json\" class=\"yoast-schema-graph\">{\"@context\":\"https:\\\/\\\/schema.org\",\"@graph\":[{\"@type\":\"WebPage\",\"@id\":\"https:\\\/\\\/www.facecorner.lv\\\/shop\\\/medi-peel-peptide-9-volume-lifting-eye-patch-pro\\\/\",\"url\":\"https:\\\/\\\/www.facecorner.lv\\\/shop\\\/medi-peel-peptide-9-volume-lifting-eye-patch-pro\\\/\",\"name\":\"MEDI-PEEL Peptide 9 Volume Lifting Eye Patch Pro - FACECORNER\",\"isPartOf\":{\"@id\":\"https:\\\/\\\/www.facecorner.lv\\\/#website\"},\"primaryImageOfPage\":{\"@id\":\"https:\\\/\\\/www.facecorner.lv\\\/shop\\\/medi-peel-peptide-9-volume-lifting-eye-patch-pro\\\/#primaryimage\"},\"image\":{\"@id\":\"https:\\\/\\\/www.facecorner.lv\\\/shop\\\/medi-peel-peptide-9-volume-lifting-eye-patch-pro\\\/#primaryimage\"},\"thumbnailUrl\":\"https:\\\/\\\/www.facecorner.lv\\\/wp-content\\\/uploads\\\/2024\\\/01\\\/2_8nn3-pv.webp\",\"datePublished\":\"2024-01-23T13:21:26+00:00\",\"dateModified\":\"2026-03-28T09:23:13+00:00\",\"breadcrumb\":{\"@id\":\"https:\\\/\\\/www.facecorner.lv\\\/shop\\\/medi-peel-peptide-9-volume-lifting-eye-patch-pro\\\/#breadcrumb\"},\"inLanguage\":\"en-US\",\"potentialAction\":[{\"@type\":\"ReadAction\",\"target\":[\"https:\\\/\\\/www.facecorner.lv\\\/shop\\\/medi-peel-peptide-9-volume-lifting-eye-patch-pro\\\/\"]}]},{\"@type\":\"ImageObject\",\"inLanguage\":\"en-US\",\"@id\":\"https:\\\/\\\/www.facecorner.lv\\\/shop\\\/medi-peel-peptide-9-volume-lifting-eye-patch-pro\\\/#primaryimage\",\"url\":\"https:\\\/\\\/www.facecorner.lv\\\/wp-content\\\/uploads\\\/2024\\\/01\\\/2_8nn3-pv.webp\",\"contentUrl\":\"https:\\\/\\\/www.facecorner.lv\\\/wp-content\\\/uploads\\\/2024\\\/01\\\/2_8nn3-pv.webp\",\"width\":600,\"height\":600},{\"@type\":\"BreadcrumbList\",\"@id\":\"https:\\\/\\\/www.facecorner.lv\\\/shop\\\/medi-peel-peptide-9-volume-lifting-eye-patch-pro\\\/#breadcrumb\",\"itemListElement\":[{\"@type\":\"ListItem\",\"position\":1,\"name\":\"Home\",\"item\":\"https:\\\/\\\/www.facecorner.lv\\\/\"},{\"@type\":\"ListItem\",\"position\":2,\"name\":\"Veikals\",\"item\":\"https:\\\/\\\/www.facecorner.lv\\\/shop\\\/\"},{\"@type\":\"ListItem\",\"position\":3,\"name\":\"MEDI-PEEL Peptide 9 Volume Lifting Eye Patch Pro\"}]},{\"@type\":\"WebSite\",\"@id\":\"https:\\\/\\\/www.facecorner.lv\\\/#website\",\"url\":\"https:\\\/\\\/www.facecorner.lv\\\/\",\"name\":\"Facecorner\",\"description\":\"\",\"publisher\":{\"@id\":\"https:\\\/\\\/www.facecorner.lv\\\/#organization\"},\"potentialAction\":[{\"@type\":\"SearchAction\",\"target\":{\"@type\":\"EntryPoint\",\"urlTemplate\":\"https:\\\/\\\/www.facecorner.lv\\\/?s={search_term_string}\"},\"query-input\":{\"@type\":\"PropertyValueSpecification\",\"valueRequired\":true,\"valueName\":\"search_term_string\"}}],\"inLanguage\":\"en-US\"},{\"@type\":\"Organization\",\"@id\":\"https:\\\/\\\/www.facecorner.lv\\\/#organization\",\"name\":\"Facecorner\",\"url\":\"https:\\\/\\\/www.facecorner.lv\\\/\",\"logo\":{\"@type\":\"ImageObject\",\"inLanguage\":\"en-US\",\"@id\":\"https:\\\/\\\/www.facecorner.lv\\\/#\\\/schema\\\/logo\\\/image\\\/\",\"url\":\"https:\\\/\\\/www.facecorner.lv\\\/wp-content\\\/uploads\\\/2024\\\/04\\\/fc-logo.jpg\",\"contentUrl\":\"https:\\\/\\\/www.facecorner.lv\\\/wp-content\\\/uploads\\\/2024\\\/04\\\/fc-logo.jpg\",\"width\":174,\"height\":28,\"caption\":\"Facecorner\"},\"image\":{\"@id\":\"https:\\\/\\\/www.facecorner.lv\\\/#\\\/schema\\\/logo\\\/image\\\/\"},\"sameAs\":[\"https:\\\/\\\/www.facebook.com\\\/profile.php?id=100063824551839\",\"https:\\\/\\\/www.instagram.com\\\/facecorner_shop\\\/\"]}]}<\/script>\n<meta property=\"product:price:amount\" content=\"25.00\" \/>\n<meta property=\"product:price:currency\" content=\"EUR\" \/>\n<meta property=\"og:availability\" content=\"instock\" \/>\n<meta property=\"product:availability\" content=\"instock\" \/>\n<meta property=\"product:condition\" content=\"new\" \/>\n<!-- \/ Yoast SEO plugin. -->","yoast_head_json":{"title":"MEDI-PEEL Peptide 9 Volume Lifting Eye Patch Pro - FACECORNER","robots":{"index":"index","follow":"follow","max-snippet":"max-snippet:-1","max-image-preview":"max-image-preview:large","max-video-preview":"max-video-preview:-1"},"canonical":"https:\/\/www.facecorner.lv\/en\/shop\/medi-peel-peptide-9-volume-lifting-eye-patch-pro\/","og_locale":"en_US","og_type":"article","og_title":"MEDI-PEEL Peptide 9 Volume Lifting Eye Patch Pro - FACECORNER","og_description":"Pat\u010di ir hidrog\u0113la ekspresmaska, kas paredz\u0113ta, lai nov\u0113rstu t\u016bsku, samazin\u0101tu tum\u0161os lokus zem ac\u012bm un mitrin\u0101tu. P\u0113c b\u016bt\u012bbas pies\u016bcin\u0101ti, atjaunojo\u0161ie MEDI-PEEL z\u012bmola pl\u0101ksteri dzi\u013ci mitrina, izl\u012bdzina grumbas, stiprina pl\u0101no plaksti\u0146u \u0101du, atjauno elast\u012bbu un tvirtumu. Akt\u012bvo sast\u0101vda\u013cu formulai ir liftinga efekts un t\u0101 pie\u0161\u0137ir \u0101dai mirdzumu. Galven\u0101s akt\u012bv\u0101s sast\u0101vda\u013cas: Pept\u012bdu komplekss satur gan sign\u0101lu, gan [&hellip;]","og_url":"https:\/\/www.facecorner.lv\/en\/shop\/medi-peel-peptide-9-volume-lifting-eye-patch-pro\/","og_site_name":"FACECORNER","article_publisher":"https:\/\/www.facebook.com\/profile.php?id=100063824551839","article_modified_time":"2026-03-28T09:23:13+00:00","og_image":[{"width":600,"height":600,"url":"https:\/\/www.facecorner.lv\/wp-content\/uploads\/2024\/01\/2_8nn3-pv.webp","type":"image\/webp"}],"twitter_card":"summary_large_image","twitter_misc":{"Price":"&euro;25.00","Availability":"In stock"},"schema":{"@context":"https:\/\/schema.org","@graph":[{"@type":"WebPage","@id":"https:\/\/www.facecorner.lv\/shop\/medi-peel-peptide-9-volume-lifting-eye-patch-pro\/","url":"https:\/\/www.facecorner.lv\/shop\/medi-peel-peptide-9-volume-lifting-eye-patch-pro\/","name":"MEDI-PEEL Peptide 9 Volume Lifting Eye Patch Pro - FACECORNER","isPartOf":{"@id":"https:\/\/www.facecorner.lv\/#website"},"primaryImageOfPage":{"@id":"https:\/\/www.facecorner.lv\/shop\/medi-peel-peptide-9-volume-lifting-eye-patch-pro\/#primaryimage"},"image":{"@id":"https:\/\/www.facecorner.lv\/shop\/medi-peel-peptide-9-volume-lifting-eye-patch-pro\/#primaryimage"},"thumbnailUrl":"https:\/\/www.facecorner.lv\/wp-content\/uploads\/2024\/01\/2_8nn3-pv.webp","datePublished":"2024-01-23T13:21:26+00:00","dateModified":"2026-03-28T09:23:13+00:00","breadcrumb":{"@id":"https:\/\/www.facecorner.lv\/shop\/medi-peel-peptide-9-volume-lifting-eye-patch-pro\/#breadcrumb"},"inLanguage":"en-US","potentialAction":[{"@type":"ReadAction","target":["https:\/\/www.facecorner.lv\/shop\/medi-peel-peptide-9-volume-lifting-eye-patch-pro\/"]}]},{"@type":"ImageObject","inLanguage":"en-US","@id":"https:\/\/www.facecorner.lv\/shop\/medi-peel-peptide-9-volume-lifting-eye-patch-pro\/#primaryimage","url":"https:\/\/www.facecorner.lv\/wp-content\/uploads\/2024\/01\/2_8nn3-pv.webp","contentUrl":"https:\/\/www.facecorner.lv\/wp-content\/uploads\/2024\/01\/2_8nn3-pv.webp","width":600,"height":600},{"@type":"BreadcrumbList","@id":"https:\/\/www.facecorner.lv\/shop\/medi-peel-peptide-9-volume-lifting-eye-patch-pro\/#breadcrumb","itemListElement":[{"@type":"ListItem","position":1,"name":"Home","item":"https:\/\/www.facecorner.lv\/"},{"@type":"ListItem","position":2,"name":"Veikals","item":"https:\/\/www.facecorner.lv\/shop\/"},{"@type":"ListItem","position":3,"name":"MEDI-PEEL Peptide 9 Volume Lifting Eye Patch Pro"}]},{"@type":"WebSite","@id":"https:\/\/www.facecorner.lv\/#website","url":"https:\/\/www.facecorner.lv\/","name":"Facecorner","description":"","publisher":{"@id":"https:\/\/www.facecorner.lv\/#organization"},"potentialAction":[{"@type":"SearchAction","target":{"@type":"EntryPoint","urlTemplate":"https:\/\/www.facecorner.lv\/?s={search_term_string}"},"query-input":{"@type":"PropertyValueSpecification","valueRequired":true,"valueName":"search_term_string"}}],"inLanguage":"en-US"},{"@type":"Organization","@id":"https:\/\/www.facecorner.lv\/#organization","name":"Facecorner","url":"https:\/\/www.facecorner.lv\/","logo":{"@type":"ImageObject","inLanguage":"en-US","@id":"https:\/\/www.facecorner.lv\/#\/schema\/logo\/image\/","url":"https:\/\/www.facecorner.lv\/wp-content\/uploads\/2024\/04\/fc-logo.jpg","contentUrl":"https:\/\/www.facecorner.lv\/wp-content\/uploads\/2024\/04\/fc-logo.jpg","width":174,"height":28,"caption":"Facecorner"},"image":{"@id":"https:\/\/www.facecorner.lv\/#\/schema\/logo\/image\/"},"sameAs":["https:\/\/www.facebook.com\/profile.php?id=100063824551839","https:\/\/www.instagram.com\/facecorner_shop\/"]}]},"product_price_amount":"25.00","product_price_currency":"EUR","og_availability":"instock","product_availability":"instock","product_condition":"new"},"_links":{"self":[{"href":"https:\/\/www.facecorner.lv\/en\/wp-json\/wp\/v2\/product\/13993","targetHints":{"allow":["GET"]}}],"collection":[{"href":"https:\/\/www.facecorner.lv\/en\/wp-json\/wp\/v2\/product"}],"about":[{"href":"https:\/\/www.facecorner.lv\/en\/wp-json\/wp\/v2\/types\/product"}],"replies":[{"embeddable":true,"href":"https:\/\/www.facecorner.lv\/en\/wp-json\/wp\/v2\/comments?post=13993"}],"wp:featuredmedia":[{"embeddable":true,"href":"https:\/\/www.facecorner.lv\/en\/wp-json\/wp\/v2\/media\/13994"}],"wp:attachment":[{"href":"https:\/\/www.facecorner.lv\/en\/wp-json\/wp\/v2\/media?parent=13993"}],"wp:term":[{"taxonomy":"product_brand","embeddable":true,"href":"https:\/\/www.facecorner.lv\/en\/wp-json\/wp\/v2\/product_brand?post=13993"},{"taxonomy":"product_cat","embeddable":true,"href":"https:\/\/www.facecorner.lv\/en\/wp-json\/wp\/v2\/product_cat?post=13993"},{"taxonomy":"product_tag","embeddable":true,"href":"https:\/\/www.facecorner.lv\/en\/wp-json\/wp\/v2\/product_tag?post=13993"},{"taxonomy":"berocket_brand","embeddable":true,"href":"https:\/\/www.facecorner.lv\/en\/wp-json\/wp\/v2\/berocket_brand?post=13993"}],"curies":[{"name":"wp","href":"https:\/\/api.w.org\/{rel}","templated":true}]}}