{"id":13934,"date":"2024-01-19T11:08:02","date_gmt":"2024-01-19T09:08:02","guid":{"rendered":"https:\/\/www.facecorner.lv\/?post_type=product&#038;p=13934"},"modified":"2025-09-15T15:27:19","modified_gmt":"2025-09-15T12:27:19","slug":"unleashia-dont-touch-glass-pink-cushion","status":"publish","type":"product","link":"https:\/\/www.facecorner.lv\/en\/shop\/unleashia-dont-touch-glass-pink-cushion\/","title":{"rendered":"Unleashia Don&#8217;t Touch Glass Pink Cushion SPF50+ PA++++"},"content":{"rendered":"<p>Ton\u0101l\u0101 kr\u0113ma spilvens ar rasotu apdari nodro\u0161ina nepiln\u012bbu noseg\u0161anu, ilgsto\u0161u p\u0101rkl\u0101jumu, vienm\u0113r\u012bgu \u0101das toni un m\u012bkstu, vesel\u012bgu mirdzumu.<\/p>\n<p><strong>Priek\u0161roc\u012bbas:<\/strong><\/p>\n<ul>\n<li>Rada &#8220;stikla \u0101das&#8221; efektu, pie\u0161\u0137irot \u0101dai mirdzumu un rasainu apdari.<\/li>\n<li>Izl\u012bdzina \u0101das toni un mask\u0113 nepiln\u012bbas.<\/li>\n<li>Nesausina \u0101du un pasarg\u0101 to no dehidrat\u0101cijas.<\/li>\n<li>Ir papildu saules aizsardz\u012bbas faktors SPF50 PA+++.<\/li>\n<\/ul>\n<p><strong>How to use:<\/strong> Atveriet korpusu un nospiediet s\u0101nu, lai atbr\u012bvotu produktu uz s\u016bk\u013ca. Uzkl\u0101jiet produktu uz sejas ar gl\u0101sto\u0161\u0101m kust\u012bb\u0101m. Ja nepiecie\u0161ams, atk\u0101rtojiet.<\/p>\n<p><strong>Ingredientes:\u00a0<\/strong>Water, Titanium Dioxide, Cyclopentasiloxane, Lauryl PEG-9 Polydimethylsiloxyethyl Dimethicone, Ethylhexyl Methoxycinnamate, Titanium Dioxide (CI 77891), Zinc Oxide, Butylene Glycol, 4-Methylbenzylidene Camphor, Propanediol, Dicaprylyl Carbonate, Cetyl PEG\/PPG-10\/1 Dimethicone, C12-15 Alkyl Benzoate, Phenyl trimethicone, Isotridecyl Isononanoate, Isoamyl p-Methoxycinnamate, Niacinamide, Glycerin, Iron Oxides (CI 77492), Silica, Trimethylsiloxysilicate, Cyclohexasiloxane, Triethoxycaprylylsilane, 1,2-Hexanediol, Dipropylene Glycol, Sorbitan Sesquioleate, Sodium Chloride, Disteardimonium Hectorite, Iron Oxides (CI 77491), Panthenol, Propylene Carbonate, Iron Oxides (CI 77499), Aluminum Hydroxide, Ethylhexylglycerin, Methicone, Polyglyceryl-6 Polyhydroxystearate, Polyglyceryl-6 Polyricinoleate, Adenosine, Polyglycerin-6, Hibiscus Sabdariffa Flower Extract, Rosa Centifolia Flower Extract, Tocopherol, Rosa Damascena Flower Water, Sodium Hyaluronate, Pentaerythrityl Tetra-di-t-butyl Hydroxyhydrocinnamate, Potassium Hyaluronate, Hyaluronic Acid, Hydrolyzed Hyaluronic Acid, Hydrolyzed Sodium Hyaluronate, Hydroxypropyltrimonium Hyaluronate, Sodium Hyaluronate Crosspolymer, Ascorbyl Palmitate, Sodium Acetylated Hyaluronate<\/p>","protected":false},"excerpt":{"rendered":"<p>Ton\u0101l\u0101 kr\u0113ma spilvens ar rasotu apdari nodro\u0161ina nepiln\u012bbu noseg\u0161anu, ilgsto\u0161u p\u0101rkl\u0101jumu, vienm\u0113r\u012bgu \u0101das toni un m\u012bkstu, vesel\u012bgu mirdzumu. Priek\u0161roc\u012bbas: Rada &#8220;stikla \u0101das&#8221; efektu, pie\u0161\u0137irot \u0101dai mirdzumu un rasainu apdari. Izl\u012bdzina \u0101das toni un mask\u0113 nepiln\u012bbas. Nesausina \u0101du un pasarg\u0101 to no dehidrat\u0101cijas. Ir papildu saules aizsardz\u012bbas faktors SPF50 PA+++. Lieto\u0161ana: Atveriet korpusu un nospiediet s\u0101nu, [&hellip;]<\/p>\n","protected":false},"featured_media":13937,"comment_status":"open","ping_status":"closed","template":"","meta":{"site-sidebar-layout":"default","site-content-layout":"","ast-site-content-layout":"default","site-content-style":"default","site-sidebar-style":"default","ast-global-header-display":"","ast-banner-title-visibility":"","ast-main-header-display":"","ast-hfb-above-header-display":"","ast-hfb-below-header-display":"","ast-hfb-mobile-header-display":"","site-post-title":"","ast-breadcrumbs-content":"","ast-featured-img":"","footer-sml-layout":"","theme-transparent-header-meta":"default","adv-header-id-meta":"","stick-header-meta":"","header-above-stick-meta":"","header-main-stick-meta":"","header-below-stick-meta":"","astra-migrate-meta-layouts":"set","ast-page-background-enabled":"default","ast-page-background-meta":{"desktop":{"background-color":"var(--ast-global-color-4)","background-image":"","background-repeat":"repeat","background-position":"center center","background-size":"auto","background-attachment":"scroll","background-type":"","background-media":"","overlay-type":"","overlay-color":"","overlay-opacity":"","overlay-gradient":""},"tablet":{"background-color":"","background-image":"","background-repeat":"repeat","background-position":"center center","background-size":"auto","background-attachment":"scroll","background-type":"","background-media":"","overlay-type":"","overlay-color":"","overlay-opacity":"","overlay-gradient":""},"mobile":{"background-color":"","background-image":"","background-repeat":"repeat","background-position":"center center","background-size":"auto","background-attachment":"scroll","background-type":"","background-media":"","overlay-type":"","overlay-color":"","overlay-opacity":"","overlay-gradient":""}},"ast-content-background-meta":{"desktop":{"background-color":"var(--ast-global-color-5)","background-image":"","background-repeat":"repeat","background-position":"center center","background-size":"auto","background-attachment":"scroll","background-type":"","background-media":"","overlay-type":"","overlay-color":"","overlay-opacity":"","overlay-gradient":""},"tablet":{"background-color":"var(--ast-global-color-5)","background-image":"","background-repeat":"repeat","background-position":"center center","background-size":"auto","background-attachment":"scroll","background-type":"","background-media":"","overlay-type":"","overlay-color":"","overlay-opacity":"","overlay-gradient":""},"mobile":{"background-color":"var(--ast-global-color-5)","background-image":"","background-repeat":"repeat","background-position":"center center","background-size":"auto","background-attachment":"scroll","background-type":"","background-media":"","overlay-type":"","overlay-color":"","overlay-opacity":"","overlay-gradient":""}}},"product_brand":[],"product_cat":[319],"product_tag":[],"berocket_brand":[590],"class_list":{"0":"post-13934","1":"product","2":"type-product","3":"status-publish","4":"has-post-thumbnail","6":"product_cat-dekorativa-kosmetika","7":"berocket_brand-unleashia","8":"desktop-align-left","9":"tablet-align-left","10":"mobile-align-left","12":"first","13":"instock","14":"taxable","15":"shipping-taxable","16":"purchasable","17":"product-type-variable","18":"add-to-wishlist-before_image"},"yoast_head":"<!-- This site is optimized with the Yoast SEO plugin v27.3 - https:\/\/yoast.com\/product\/yoast-seo-wordpress\/ -->\n<title>Unleashia Don&#039;t Touch Glass Pink Cushion SPF50+ PA++++ - FACECORNER<\/title>\n<meta name=\"robots\" content=\"index, follow, max-snippet:-1, max-image-preview:large, max-video-preview:-1\" \/>\n<link rel=\"canonical\" href=\"https:\/\/www.facecorner.lv\/en\/shop\/unleashia-dont-touch-glass-pink-cushion\/\" \/>\n<meta property=\"og:locale\" content=\"en_US\" \/>\n<meta property=\"og:type\" content=\"article\" \/>\n<meta property=\"og:title\" content=\"Unleashia Don&#039;t Touch Glass Pink Cushion SPF50+ PA++++ - FACECORNER\" \/>\n<meta property=\"og:description\" content=\"Ton\u0101l\u0101 kr\u0113ma spilvens ar rasotu apdari nodro\u0161ina nepiln\u012bbu noseg\u0161anu, ilgsto\u0161u p\u0101rkl\u0101jumu, vienm\u0113r\u012bgu \u0101das toni un m\u012bkstu, vesel\u012bgu mirdzumu. Priek\u0161roc\u012bbas: Rada &#8220;stikla \u0101das&#8221; efektu, pie\u0161\u0137irot \u0101dai mirdzumu un rasainu apdari. Izl\u012bdzina \u0101das toni un mask\u0113 nepiln\u012bbas. Nesausina \u0101du un pasarg\u0101 to no dehidrat\u0101cijas. Ir papildu saules aizsardz\u012bbas faktors SPF50 PA+++. Lieto\u0161ana: Atveriet korpusu un nospiediet s\u0101nu, [&hellip;]\" \/>\n<meta property=\"og:url\" content=\"https:\/\/www.facecorner.lv\/en\/shop\/unleashia-dont-touch-glass-pink-cushion\/\" \/>\n<meta property=\"og:site_name\" content=\"FACECORNER\" \/>\n<meta property=\"article:publisher\" content=\"https:\/\/www.facebook.com\/profile.php?id=100063824551839\" \/>\n<meta property=\"article:modified_time\" content=\"2025-09-15T12:27:19+00:00\" \/>\n<meta property=\"og:image\" content=\"https:\/\/www.facecorner.lv\/wp-content\/uploads\/2024\/01\/rus_pl_Unleashia-Dont-Touch-Glass-Pink-Cushion-SPF50-PA-TONAL-NYI-KUSHON-23W-With-Care-15g-19993_4.webp\" \/>\n\t<meta property=\"og:image:width\" content=\"1500\" \/>\n\t<meta property=\"og:image:height\" content=\"1500\" \/>\n\t<meta property=\"og:image:type\" content=\"image\/webp\" \/>\n<meta name=\"twitter:card\" content=\"summary_large_image\" \/>\n<meta name=\"twitter:label1\" content=\"Availability\" \/>\n\t<meta name=\"twitter:data1\" content=\"In stock\" \/>\n<script type=\"application\/ld+json\" class=\"yoast-schema-graph\">{\"@context\":\"https:\\\/\\\/schema.org\",\"@graph\":[{\"@type\":\"WebPage\",\"@id\":\"https:\\\/\\\/www.facecorner.lv\\\/shop\\\/unleashia-dont-touch-glass-pink-cushion\\\/\",\"url\":\"https:\\\/\\\/www.facecorner.lv\\\/shop\\\/unleashia-dont-touch-glass-pink-cushion\\\/\",\"name\":\"Unleashia Don't Touch Glass Pink Cushion SPF50+ PA++++ - FACECORNER\",\"isPartOf\":{\"@id\":\"https:\\\/\\\/www.facecorner.lv\\\/#website\"},\"primaryImageOfPage\":{\"@id\":\"https:\\\/\\\/www.facecorner.lv\\\/shop\\\/unleashia-dont-touch-glass-pink-cushion\\\/#primaryimage\"},\"image\":{\"@id\":\"https:\\\/\\\/www.facecorner.lv\\\/shop\\\/unleashia-dont-touch-glass-pink-cushion\\\/#primaryimage\"},\"thumbnailUrl\":\"https:\\\/\\\/www.facecorner.lv\\\/wp-content\\\/uploads\\\/2024\\\/01\\\/rus_pl_Unleashia-Dont-Touch-Glass-Pink-Cushion-SPF50-PA-TONAL-NYI-KUSHON-23W-With-Care-15g-19993_4.webp\",\"datePublished\":\"2024-01-19T09:08:02+00:00\",\"dateModified\":\"2025-09-15T12:27:19+00:00\",\"breadcrumb\":{\"@id\":\"https:\\\/\\\/www.facecorner.lv\\\/shop\\\/unleashia-dont-touch-glass-pink-cushion\\\/#breadcrumb\"},\"inLanguage\":\"en-US\",\"potentialAction\":[{\"@type\":\"ReadAction\",\"target\":[\"https:\\\/\\\/www.facecorner.lv\\\/shop\\\/unleashia-dont-touch-glass-pink-cushion\\\/\"]}]},{\"@type\":\"ImageObject\",\"inLanguage\":\"en-US\",\"@id\":\"https:\\\/\\\/www.facecorner.lv\\\/shop\\\/unleashia-dont-touch-glass-pink-cushion\\\/#primaryimage\",\"url\":\"https:\\\/\\\/www.facecorner.lv\\\/wp-content\\\/uploads\\\/2024\\\/01\\\/rus_pl_Unleashia-Dont-Touch-Glass-Pink-Cushion-SPF50-PA-TONAL-NYI-KUSHON-23W-With-Care-15g-19993_4.webp\",\"contentUrl\":\"https:\\\/\\\/www.facecorner.lv\\\/wp-content\\\/uploads\\\/2024\\\/01\\\/rus_pl_Unleashia-Dont-Touch-Glass-Pink-Cushion-SPF50-PA-TONAL-NYI-KUSHON-23W-With-Care-15g-19993_4.webp\",\"width\":1500,\"height\":1500},{\"@type\":\"BreadcrumbList\",\"@id\":\"https:\\\/\\\/www.facecorner.lv\\\/shop\\\/unleashia-dont-touch-glass-pink-cushion\\\/#breadcrumb\",\"itemListElement\":[{\"@type\":\"ListItem\",\"position\":1,\"name\":\"Home\",\"item\":\"https:\\\/\\\/www.facecorner.lv\\\/\"},{\"@type\":\"ListItem\",\"position\":2,\"name\":\"Veikals\",\"item\":\"https:\\\/\\\/www.facecorner.lv\\\/shop\\\/\"},{\"@type\":\"ListItem\",\"position\":3,\"name\":\"Unleashia Don&#8217;t Touch Glass Pink Cushion SPF50+ PA++++\"}]},{\"@type\":\"WebSite\",\"@id\":\"https:\\\/\\\/www.facecorner.lv\\\/#website\",\"url\":\"https:\\\/\\\/www.facecorner.lv\\\/\",\"name\":\"Facecorner\",\"description\":\"\",\"publisher\":{\"@id\":\"https:\\\/\\\/www.facecorner.lv\\\/#organization\"},\"potentialAction\":[{\"@type\":\"SearchAction\",\"target\":{\"@type\":\"EntryPoint\",\"urlTemplate\":\"https:\\\/\\\/www.facecorner.lv\\\/?s={search_term_string}\"},\"query-input\":{\"@type\":\"PropertyValueSpecification\",\"valueRequired\":true,\"valueName\":\"search_term_string\"}}],\"inLanguage\":\"en-US\"},{\"@type\":\"Organization\",\"@id\":\"https:\\\/\\\/www.facecorner.lv\\\/#organization\",\"name\":\"Facecorner\",\"url\":\"https:\\\/\\\/www.facecorner.lv\\\/\",\"logo\":{\"@type\":\"ImageObject\",\"inLanguage\":\"en-US\",\"@id\":\"https:\\\/\\\/www.facecorner.lv\\\/#\\\/schema\\\/logo\\\/image\\\/\",\"url\":\"https:\\\/\\\/www.facecorner.lv\\\/wp-content\\\/uploads\\\/2024\\\/04\\\/fc-logo.jpg\",\"contentUrl\":\"https:\\\/\\\/www.facecorner.lv\\\/wp-content\\\/uploads\\\/2024\\\/04\\\/fc-logo.jpg\",\"width\":174,\"height\":28,\"caption\":\"Facecorner\"},\"image\":{\"@id\":\"https:\\\/\\\/www.facecorner.lv\\\/#\\\/schema\\\/logo\\\/image\\\/\"},\"sameAs\":[\"https:\\\/\\\/www.facebook.com\\\/profile.php?id=100063824551839\",\"https:\\\/\\\/www.instagram.com\\\/facecorner_shop\\\/\"]}]}<\/script>\n<meta property=\"og:availability\" content=\"instock\" \/>\n<meta property=\"product:availability\" content=\"instock\" \/>\n<meta property=\"product:condition\" content=\"new\" \/>\n<!-- \/ Yoast SEO plugin. -->","yoast_head_json":{"title":"Unleashia Don't Touch Glass Pink Cushion SPF50+ PA++++ - FACECORNER","robots":{"index":"index","follow":"follow","max-snippet":"max-snippet:-1","max-image-preview":"max-image-preview:large","max-video-preview":"max-video-preview:-1"},"canonical":"https:\/\/www.facecorner.lv\/en\/shop\/unleashia-dont-touch-glass-pink-cushion\/","og_locale":"en_US","og_type":"article","og_title":"Unleashia Don't Touch Glass Pink Cushion SPF50+ PA++++ - FACECORNER","og_description":"Ton\u0101l\u0101 kr\u0113ma spilvens ar rasotu apdari nodro\u0161ina nepiln\u012bbu noseg\u0161anu, ilgsto\u0161u p\u0101rkl\u0101jumu, vienm\u0113r\u012bgu \u0101das toni un m\u012bkstu, vesel\u012bgu mirdzumu. Priek\u0161roc\u012bbas: Rada &#8220;stikla \u0101das&#8221; efektu, pie\u0161\u0137irot \u0101dai mirdzumu un rasainu apdari. Izl\u012bdzina \u0101das toni un mask\u0113 nepiln\u012bbas. Nesausina \u0101du un pasarg\u0101 to no dehidrat\u0101cijas. Ir papildu saules aizsardz\u012bbas faktors SPF50 PA+++. Lieto\u0161ana: Atveriet korpusu un nospiediet s\u0101nu, [&hellip;]","og_url":"https:\/\/www.facecorner.lv\/en\/shop\/unleashia-dont-touch-glass-pink-cushion\/","og_site_name":"FACECORNER","article_publisher":"https:\/\/www.facebook.com\/profile.php?id=100063824551839","article_modified_time":"2025-09-15T12:27:19+00:00","og_image":[{"width":1500,"height":1500,"url":"https:\/\/www.facecorner.lv\/wp-content\/uploads\/2024\/01\/rus_pl_Unleashia-Dont-Touch-Glass-Pink-Cushion-SPF50-PA-TONAL-NYI-KUSHON-23W-With-Care-15g-19993_4.webp","type":"image\/webp"}],"twitter_card":"summary_large_image","twitter_misc":{"Availability":"In stock"},"schema":{"@context":"https:\/\/schema.org","@graph":[{"@type":"WebPage","@id":"https:\/\/www.facecorner.lv\/shop\/unleashia-dont-touch-glass-pink-cushion\/","url":"https:\/\/www.facecorner.lv\/shop\/unleashia-dont-touch-glass-pink-cushion\/","name":"Unleashia Don't Touch Glass Pink Cushion SPF50+ PA++++ - FACECORNER","isPartOf":{"@id":"https:\/\/www.facecorner.lv\/#website"},"primaryImageOfPage":{"@id":"https:\/\/www.facecorner.lv\/shop\/unleashia-dont-touch-glass-pink-cushion\/#primaryimage"},"image":{"@id":"https:\/\/www.facecorner.lv\/shop\/unleashia-dont-touch-glass-pink-cushion\/#primaryimage"},"thumbnailUrl":"https:\/\/www.facecorner.lv\/wp-content\/uploads\/2024\/01\/rus_pl_Unleashia-Dont-Touch-Glass-Pink-Cushion-SPF50-PA-TONAL-NYI-KUSHON-23W-With-Care-15g-19993_4.webp","datePublished":"2024-01-19T09:08:02+00:00","dateModified":"2025-09-15T12:27:19+00:00","breadcrumb":{"@id":"https:\/\/www.facecorner.lv\/shop\/unleashia-dont-touch-glass-pink-cushion\/#breadcrumb"},"inLanguage":"en-US","potentialAction":[{"@type":"ReadAction","target":["https:\/\/www.facecorner.lv\/shop\/unleashia-dont-touch-glass-pink-cushion\/"]}]},{"@type":"ImageObject","inLanguage":"en-US","@id":"https:\/\/www.facecorner.lv\/shop\/unleashia-dont-touch-glass-pink-cushion\/#primaryimage","url":"https:\/\/www.facecorner.lv\/wp-content\/uploads\/2024\/01\/rus_pl_Unleashia-Dont-Touch-Glass-Pink-Cushion-SPF50-PA-TONAL-NYI-KUSHON-23W-With-Care-15g-19993_4.webp","contentUrl":"https:\/\/www.facecorner.lv\/wp-content\/uploads\/2024\/01\/rus_pl_Unleashia-Dont-Touch-Glass-Pink-Cushion-SPF50-PA-TONAL-NYI-KUSHON-23W-With-Care-15g-19993_4.webp","width":1500,"height":1500},{"@type":"BreadcrumbList","@id":"https:\/\/www.facecorner.lv\/shop\/unleashia-dont-touch-glass-pink-cushion\/#breadcrumb","itemListElement":[{"@type":"ListItem","position":1,"name":"Home","item":"https:\/\/www.facecorner.lv\/"},{"@type":"ListItem","position":2,"name":"Veikals","item":"https:\/\/www.facecorner.lv\/shop\/"},{"@type":"ListItem","position":3,"name":"Unleashia Don&#8217;t Touch Glass Pink Cushion SPF50+ PA++++"}]},{"@type":"WebSite","@id":"https:\/\/www.facecorner.lv\/#website","url":"https:\/\/www.facecorner.lv\/","name":"Facecorner","description":"","publisher":{"@id":"https:\/\/www.facecorner.lv\/#organization"},"potentialAction":[{"@type":"SearchAction","target":{"@type":"EntryPoint","urlTemplate":"https:\/\/www.facecorner.lv\/?s={search_term_string}"},"query-input":{"@type":"PropertyValueSpecification","valueRequired":true,"valueName":"search_term_string"}}],"inLanguage":"en-US"},{"@type":"Organization","@id":"https:\/\/www.facecorner.lv\/#organization","name":"Facecorner","url":"https:\/\/www.facecorner.lv\/","logo":{"@type":"ImageObject","inLanguage":"en-US","@id":"https:\/\/www.facecorner.lv\/#\/schema\/logo\/image\/","url":"https:\/\/www.facecorner.lv\/wp-content\/uploads\/2024\/04\/fc-logo.jpg","contentUrl":"https:\/\/www.facecorner.lv\/wp-content\/uploads\/2024\/04\/fc-logo.jpg","width":174,"height":28,"caption":"Facecorner"},"image":{"@id":"https:\/\/www.facecorner.lv\/#\/schema\/logo\/image\/"},"sameAs":["https:\/\/www.facebook.com\/profile.php?id=100063824551839","https:\/\/www.instagram.com\/facecorner_shop\/"]}]},"og_availability":"instock","product_availability":"instock","product_condition":"new"},"_links":{"self":[{"href":"https:\/\/www.facecorner.lv\/en\/wp-json\/wp\/v2\/product\/13934","targetHints":{"allow":["GET"]}}],"collection":[{"href":"https:\/\/www.facecorner.lv\/en\/wp-json\/wp\/v2\/product"}],"about":[{"href":"https:\/\/www.facecorner.lv\/en\/wp-json\/wp\/v2\/types\/product"}],"replies":[{"embeddable":true,"href":"https:\/\/www.facecorner.lv\/en\/wp-json\/wp\/v2\/comments?post=13934"}],"wp:featuredmedia":[{"embeddable":true,"href":"https:\/\/www.facecorner.lv\/en\/wp-json\/wp\/v2\/media\/13937"}],"wp:attachment":[{"href":"https:\/\/www.facecorner.lv\/en\/wp-json\/wp\/v2\/media?parent=13934"}],"wp:term":[{"taxonomy":"product_brand","embeddable":true,"href":"https:\/\/www.facecorner.lv\/en\/wp-json\/wp\/v2\/product_brand?post=13934"},{"taxonomy":"product_cat","embeddable":true,"href":"https:\/\/www.facecorner.lv\/en\/wp-json\/wp\/v2\/product_cat?post=13934"},{"taxonomy":"product_tag","embeddable":true,"href":"https:\/\/www.facecorner.lv\/en\/wp-json\/wp\/v2\/product_tag?post=13934"},{"taxonomy":"berocket_brand","embeddable":true,"href":"https:\/\/www.facecorner.lv\/en\/wp-json\/wp\/v2\/berocket_brand?post=13934"}],"curies":[{"name":"wp","href":"https:\/\/api.w.org\/{rel}","templated":true}]}}