{"id":13925,"date":"2024-01-18T21:13:37","date_gmt":"2024-01-18T19:13:37","guid":{"rendered":"https:\/\/www.facecorner.lv\/?post_type=product&#038;p=13925"},"modified":"2024-07-02T10:17:29","modified_gmt":"2024-07-02T08:17:29","slug":"by-wishtrend-cera-barrier-soothing-ampoule-30ml","status":"publish","type":"product","link":"https:\/\/www.facecorner.lv\/en\/shop\/by-wishtrend-cera-barrier-soothing-ampoule-30ml\/","title":{"rendered":"By Wishtrend Cera-barrier Soothing Ampoule 30ml"},"content":{"rendered":"<p>Atjaunojo\u0161s serums ar keram\u012bdiem By Wishtrend Cera-barrier Soothing Ampoule ir izstr\u0101d\u0101ts, lai akt\u012bvi c\u012bn\u012btos ar sausumu un lob\u012b\u0161anos, kompens\u0113tu epidermas mitruma tr\u016bkumu, pabarotu \u0101du un atjaunotu t\u0101s vesel\u012bgu mirdzumu. P\u0101rstruktur\u0113 lip\u012bdu sl\u0101ni un stiprina barjeras funkcijas.<\/p>\n<p>Tai ir sp\u0113c\u012bga nomierino\u0161a iedarb\u012bba, mazina niezi un kairin\u0101jumu, izl\u012bdzina tekst\u016bru un m\u012bkstina raupjus \u0101das laukumus. Serums lieliski savelk un samazina epidermas jut\u012bgumu, stiprina asinsvadu sieni\u0146as, k\u0101 rezult\u0101t\u0101 labv\u0113l\u012bgi iedarbojas uz rosaceju un rosaceju.<\/p>\n<p>Ierosina pa\u0161u kolag\u0113na un elast\u012bna \u0161\u0137iedru sint\u0113zi audos, palielinot trugoru un pal\u0113ninot \u0101das noveco\u0161anos. Pept\u012bdu komplekss pal\u012bdz\u0113s samazin\u0101t eso\u0161o grumbu dzi\u013cumu, savelk un nov\u0113rs\u012bs \u0101das grumbu par\u0101d\u012b\u0161anos.<\/p>\n<p>Produktam ir viegla piena konsistence, acumirkl\u012b baro un mitrina.<\/p>\n<p><strong>Main active ingredients:<\/strong><\/p>\n<ul>\n<li>Ceram\u012bdi NP (10 000 ppm) veicina atjauno\u0161anos, uzlabo aizsargfunkcijas un barjeras funkcijas, normaliz\u0113 hidrolip\u012bdu l\u012bdzsvaru, aizsarg\u0101 pret dehidrat\u0101ciju un piem\u012bt atjauno\u0161an\u0101s potenci\u0101ls.<\/li>\n<li>\u0100zijas centellas ekstraktam (69%) piem\u012bt pretiekaisuma un br\u016bces dziedino\u0161s efekts, pal\u012bdz atjaunot barjeras \u012bpa\u0161\u012bbas un saglab\u0101t mitrumu, mazina jut\u012bgumu, mazina t\u016bsku, k\u0101 ar\u012b asinsvadus stiprino\u0161a iedarb\u012bba.<\/li>\n<li>Pantenols stimul\u0113 \u0101das integrit\u0101tes atjauno\u0161anos, mazina aps\u0101rtumu un kairin\u0101jumu, un tam piem\u012bt br\u016b\u010du dziedino\u0161as \u012bpa\u0161\u012bbas.<\/li>\n<li>Augu skval\u0101ns (10 000 ppm) aizsarg\u0101 pret mitruma zudumu, regul\u0113 \u0101das elpo\u0161anu, kav\u0113 agr\u012bnu \u0101das noveco\u0161anos un samazina \u0101r\u0113jo faktoru negat\u012bvo ietekmi.<\/li>\n<li>Hidroliz\u0113ts lecit\u012bns stiprina epidermas \u0161\u016bnas un \u0161\u0137iedras un pal\u012bdz absorb\u0113t bar\u012bbas vielas. Saglab\u0101 aizsargbarjeru, neitraliz\u0113 br\u012bvo radik\u0101\u013cu, ultraviolet\u0101 starojuma un citu vides faktoru negat\u012bvo ietekmi.<\/li>\n<li>7 veidu pept\u012bdu komplekss atjauno, samazina eso\u0161\u0101s grumbas un nov\u0113r\u0161 jaunu par\u0101d\u012b\u0161anos, savelk, mitrina un pal\u0113nina noveco\u0161an\u0101s procesus. Pept\u012bdi pal\u012bdz nostiprin\u0101t kont\u016bras, paaugstina kop\u0113jo tonusu un pa\u0101trina dabisko kolag\u0113na un elast\u012bna \u0161\u0137iedru ra\u017eo\u0161anas procesu epiderm\u0101.<br \/>\nIeteicams sausai, jut\u012bgai, atopiskai un dehidr\u0113tai \u0101dai.<\/li>\n<\/ul>\n<p><strong>How to use:<\/strong> Uzkl\u0101jiet nepiecie\u0161amo seruma daudzumu uz \u0101das, kas samitrin\u0101ta ar toniku.<\/p>\n<p><strong>Ingredientes:\u00a0<\/strong>Centella asiatica extract, glycerin, butylene glycol, 1,2-hexanediol, propanediol, caprylic\/capric triglyceride, squalane, ceramide NP, dicaprylyl carbonate, hydrogenated lecithin, C14- 22Alcohol, panthenol, glyceryl stearate, dipropylene glycol, purified water, hydroxyethyl acrylate\/sodium acryloyldimethyl taurate copolymer, C12-20 alkyl glucoside, acrylate\/C10-30 alkyl acrylate Cross-polymer, sodium stearoyl glutamate, xanthan gum, sunflower seed oil, tromethamine, sorbitan isostearate, pantolactone, stone soybean oil, glucose, tocopherol, caprylyl glycol, annatse oil, acetylhexapeptide -8, copper tripeptide-1, palmitoylpentapeptide-4, tripeptide-1, palmitoyl tripeptide-1, hexapeptide-9, nonapeptide-1, ethylhexylglycerin<\/p>","protected":false},"excerpt":{"rendered":"<p>Atjaunojo\u0161s serums ar keram\u012bdiem By Wishtrend Cera-barrier Soothing Ampoule ir izstr\u0101d\u0101ts, lai akt\u012bvi c\u012bn\u012btos ar sausumu un lob\u012b\u0161anos, kompens\u0113tu epidermas mitruma tr\u016bkumu, pabarotu \u0101du un atjaunotu t\u0101s vesel\u012bgu mirdzumu. P\u0101rstruktur\u0113 lip\u012bdu sl\u0101ni un stiprina barjeras funkcijas. Tai ir sp\u0113c\u012bga nomierino\u0161a iedarb\u012bba, mazina niezi un kairin\u0101jumu, izl\u012bdzina tekst\u016bru un m\u012bkstina raupjus \u0101das laukumus. Serums lieliski savelk [&hellip;]<\/p>\n","protected":false},"featured_media":13926,"comment_status":"open","ping_status":"closed","template":"","meta":{"site-sidebar-layout":"default","site-content-layout":"","ast-site-content-layout":"","site-content-style":"default","site-sidebar-style":"default","ast-global-header-display":"","ast-banner-title-visibility":"","ast-main-header-display":"","ast-hfb-above-header-display":"","ast-hfb-below-header-display":"","ast-hfb-mobile-header-display":"","site-post-title":"","ast-breadcrumbs-content":"","ast-featured-img":"","footer-sml-layout":"","theme-transparent-header-meta":"","adv-header-id-meta":"","stick-header-meta":"","header-above-stick-meta":"","header-main-stick-meta":"","header-below-stick-meta":"","astra-migrate-meta-layouts":"default","ast-page-background-enabled":"default","ast-page-background-meta":{"desktop":{"background-color":"var(--ast-global-color-4)","background-image":"","background-repeat":"repeat","background-position":"center center","background-size":"auto","background-attachment":"scroll","background-type":"","background-media":"","overlay-type":"","overlay-color":"","overlay-opacity":"","overlay-gradient":""},"tablet":{"background-color":"","background-image":"","background-repeat":"repeat","background-position":"center center","background-size":"auto","background-attachment":"scroll","background-type":"","background-media":"","overlay-type":"","overlay-color":"","overlay-opacity":"","overlay-gradient":""},"mobile":{"background-color":"","background-image":"","background-repeat":"repeat","background-position":"center center","background-size":"auto","background-attachment":"scroll","background-type":"","background-media":"","overlay-type":"","overlay-color":"","overlay-opacity":"","overlay-gradient":""}},"ast-content-background-meta":{"desktop":{"background-color":"var(--ast-global-color-5)","background-image":"","background-repeat":"repeat","background-position":"center center","background-size":"auto","background-attachment":"scroll","background-type":"","background-media":"","overlay-type":"","overlay-color":"","overlay-opacity":"","overlay-gradient":""},"tablet":{"background-color":"var(--ast-global-color-5)","background-image":"","background-repeat":"repeat","background-position":"center center","background-size":"auto","background-attachment":"scroll","background-type":"","background-media":"","overlay-type":"","overlay-color":"","overlay-opacity":"","overlay-gradient":""},"mobile":{"background-color":"var(--ast-global-color-5)","background-image":"","background-repeat":"repeat","background-position":"center center","background-size":"auto","background-attachment":"scroll","background-type":"","background-media":"","overlay-type":"","overlay-color":"","overlay-opacity":"","overlay-gradient":""}}},"product_brand":[],"product_cat":[370,511,372,363],"product_tag":[],"berocket_brand":[],"class_list":{"0":"post-13925","1":"product","2":"type-product","3":"status-publish","4":"has-post-thumbnail","6":"product_cat-adas-mirdzumam","7":"product_cat-atlaides","8":"product_cat-jutigai-adai-serumi","9":"product_cat-serumi","10":"desktop-align-left","11":"tablet-align-left","12":"mobile-align-left","14":"first","15":"outofstock","16":"sale","17":"taxable","18":"shipping-taxable","19":"purchasable","20":"product-type-simple","21":"add-to-wishlist-before_image"},"yoast_head":"<!-- This site is optimized with the Yoast SEO plugin v27.4 - https:\/\/yoast.com\/product\/yoast-seo-wordpress\/ -->\n<title>By Wishtrend Cera-barrier Soothing Ampoule 30ml - FACECORNER<\/title>\n<meta name=\"robots\" content=\"index, follow, max-snippet:-1, max-image-preview:large, max-video-preview:-1\" \/>\n<link rel=\"canonical\" href=\"https:\/\/www.facecorner.lv\/en\/shop\/by-wishtrend-cera-barrier-soothing-ampoule-30ml\/\" \/>\n<meta property=\"og:locale\" content=\"en_US\" \/>\n<meta property=\"og:type\" content=\"article\" \/>\n<meta property=\"og:title\" content=\"By Wishtrend Cera-barrier Soothing Ampoule 30ml - FACECORNER\" \/>\n<meta property=\"og:description\" content=\"Atjaunojo\u0161s serums ar keram\u012bdiem By Wishtrend Cera-barrier Soothing Ampoule ir izstr\u0101d\u0101ts, lai akt\u012bvi c\u012bn\u012btos ar sausumu un lob\u012b\u0161anos, kompens\u0113tu epidermas mitruma tr\u016bkumu, pabarotu \u0101du un atjaunotu t\u0101s vesel\u012bgu mirdzumu. P\u0101rstruktur\u0113 lip\u012bdu sl\u0101ni un stiprina barjeras funkcijas. Tai ir sp\u0113c\u012bga nomierino\u0161a iedarb\u012bba, mazina niezi un kairin\u0101jumu, izl\u012bdzina tekst\u016bru un m\u012bkstina raupjus \u0101das laukumus. Serums lieliski savelk [&hellip;]\" \/>\n<meta property=\"og:url\" content=\"https:\/\/www.facecorner.lv\/en\/shop\/by-wishtrend-cera-barrier-soothing-ampoule-30ml\/\" \/>\n<meta property=\"og:site_name\" content=\"FACECORNER\" \/>\n<meta property=\"article:publisher\" content=\"https:\/\/www.facebook.com\/profile.php?id=100063824551839\" \/>\n<meta property=\"article:modified_time\" content=\"2024-07-02T08:17:29+00:00\" \/>\n<meta property=\"og:image\" content=\"https:\/\/www.facecorner.lv\/wp-content\/uploads\/2024\/01\/71p8-u5QZPL.jpg\" \/>\n\t<meta property=\"og:image:width\" content=\"1500\" \/>\n\t<meta property=\"og:image:height\" content=\"1500\" \/>\n\t<meta property=\"og:image:type\" content=\"image\/jpeg\" \/>\n<meta name=\"twitter:card\" content=\"summary_large_image\" \/>\n<meta name=\"twitter:label1\" content=\"Price\" \/>\n\t<meta name=\"twitter:data1\" content=\"&euro;31.90\" \/>\n\t<meta name=\"twitter:label2\" content=\"Availability\" \/>\n\t<meta name=\"twitter:data2\" content=\"Out of stock\" \/>\n<script type=\"application\/ld+json\" class=\"yoast-schema-graph\">{\"@context\":\"https:\\\/\\\/schema.org\",\"@graph\":[{\"@type\":\"WebPage\",\"@id\":\"https:\\\/\\\/www.facecorner.lv\\\/shop\\\/by-wishtrend-cera-barrier-soothing-ampoule-30ml\\\/\",\"url\":\"https:\\\/\\\/www.facecorner.lv\\\/shop\\\/by-wishtrend-cera-barrier-soothing-ampoule-30ml\\\/\",\"name\":\"By Wishtrend Cera-barrier Soothing Ampoule 30ml - FACECORNER\",\"isPartOf\":{\"@id\":\"https:\\\/\\\/www.facecorner.lv\\\/#website\"},\"primaryImageOfPage\":{\"@id\":\"https:\\\/\\\/www.facecorner.lv\\\/shop\\\/by-wishtrend-cera-barrier-soothing-ampoule-30ml\\\/#primaryimage\"},\"image\":{\"@id\":\"https:\\\/\\\/www.facecorner.lv\\\/shop\\\/by-wishtrend-cera-barrier-soothing-ampoule-30ml\\\/#primaryimage\"},\"thumbnailUrl\":\"https:\\\/\\\/www.facecorner.lv\\\/wp-content\\\/uploads\\\/2024\\\/01\\\/71p8-u5QZPL.jpg\",\"datePublished\":\"2024-01-18T19:13:37+00:00\",\"dateModified\":\"2024-07-02T08:17:29+00:00\",\"breadcrumb\":{\"@id\":\"https:\\\/\\\/www.facecorner.lv\\\/shop\\\/by-wishtrend-cera-barrier-soothing-ampoule-30ml\\\/#breadcrumb\"},\"inLanguage\":\"en-US\",\"potentialAction\":[{\"@type\":\"ReadAction\",\"target\":[\"https:\\\/\\\/www.facecorner.lv\\\/shop\\\/by-wishtrend-cera-barrier-soothing-ampoule-30ml\\\/\"]}]},{\"@type\":\"ImageObject\",\"inLanguage\":\"en-US\",\"@id\":\"https:\\\/\\\/www.facecorner.lv\\\/shop\\\/by-wishtrend-cera-barrier-soothing-ampoule-30ml\\\/#primaryimage\",\"url\":\"https:\\\/\\\/www.facecorner.lv\\\/wp-content\\\/uploads\\\/2024\\\/01\\\/71p8-u5QZPL.jpg\",\"contentUrl\":\"https:\\\/\\\/www.facecorner.lv\\\/wp-content\\\/uploads\\\/2024\\\/01\\\/71p8-u5QZPL.jpg\",\"width\":1500,\"height\":1500},{\"@type\":\"BreadcrumbList\",\"@id\":\"https:\\\/\\\/www.facecorner.lv\\\/shop\\\/by-wishtrend-cera-barrier-soothing-ampoule-30ml\\\/#breadcrumb\",\"itemListElement\":[{\"@type\":\"ListItem\",\"position\":1,\"name\":\"Home\",\"item\":\"https:\\\/\\\/www.facecorner.lv\\\/\"},{\"@type\":\"ListItem\",\"position\":2,\"name\":\"Veikals\",\"item\":\"https:\\\/\\\/www.facecorner.lv\\\/shop\\\/\"},{\"@type\":\"ListItem\",\"position\":3,\"name\":\"By Wishtrend Cera-barrier Soothing Ampoule 30ml\"}]},{\"@type\":\"WebSite\",\"@id\":\"https:\\\/\\\/www.facecorner.lv\\\/#website\",\"url\":\"https:\\\/\\\/www.facecorner.lv\\\/\",\"name\":\"Facecorner\",\"description\":\"\",\"publisher\":{\"@id\":\"https:\\\/\\\/www.facecorner.lv\\\/#organization\"},\"potentialAction\":[{\"@type\":\"SearchAction\",\"target\":{\"@type\":\"EntryPoint\",\"urlTemplate\":\"https:\\\/\\\/www.facecorner.lv\\\/?s={search_term_string}\"},\"query-input\":{\"@type\":\"PropertyValueSpecification\",\"valueRequired\":true,\"valueName\":\"search_term_string\"}}],\"inLanguage\":\"en-US\"},{\"@type\":\"Organization\",\"@id\":\"https:\\\/\\\/www.facecorner.lv\\\/#organization\",\"name\":\"Facecorner\",\"url\":\"https:\\\/\\\/www.facecorner.lv\\\/\",\"logo\":{\"@type\":\"ImageObject\",\"inLanguage\":\"en-US\",\"@id\":\"https:\\\/\\\/www.facecorner.lv\\\/#\\\/schema\\\/logo\\\/image\\\/\",\"url\":\"https:\\\/\\\/www.facecorner.lv\\\/wp-content\\\/uploads\\\/2024\\\/04\\\/fc-logo.jpg\",\"contentUrl\":\"https:\\\/\\\/www.facecorner.lv\\\/wp-content\\\/uploads\\\/2024\\\/04\\\/fc-logo.jpg\",\"width\":174,\"height\":28,\"caption\":\"Facecorner\"},\"image\":{\"@id\":\"https:\\\/\\\/www.facecorner.lv\\\/#\\\/schema\\\/logo\\\/image\\\/\"},\"sameAs\":[\"https:\\\/\\\/www.facebook.com\\\/profile.php?id=100063824551839\",\"https:\\\/\\\/www.instagram.com\\\/facecorner_shop\\\/\"]}]}<\/script>\n<meta property=\"product:price:amount\" content=\"31.90\" \/>\n<meta property=\"product:price:currency\" content=\"EUR\" \/>\n<meta property=\"og:availability\" content=\"out of stock\" \/>\n<meta property=\"product:availability\" content=\"out of stock\" \/>\n<meta property=\"product:condition\" content=\"new\" \/>\n<!-- \/ Yoast SEO plugin. -->","yoast_head_json":{"title":"By Wishtrend Cera-barrier Soothing Ampoule 30ml - FACECORNER","robots":{"index":"index","follow":"follow","max-snippet":"max-snippet:-1","max-image-preview":"max-image-preview:large","max-video-preview":"max-video-preview:-1"},"canonical":"https:\/\/www.facecorner.lv\/en\/shop\/by-wishtrend-cera-barrier-soothing-ampoule-30ml\/","og_locale":"en_US","og_type":"article","og_title":"By Wishtrend Cera-barrier Soothing Ampoule 30ml - FACECORNER","og_description":"Atjaunojo\u0161s serums ar keram\u012bdiem By Wishtrend Cera-barrier Soothing Ampoule ir izstr\u0101d\u0101ts, lai akt\u012bvi c\u012bn\u012btos ar sausumu un lob\u012b\u0161anos, kompens\u0113tu epidermas mitruma tr\u016bkumu, pabarotu \u0101du un atjaunotu t\u0101s vesel\u012bgu mirdzumu. P\u0101rstruktur\u0113 lip\u012bdu sl\u0101ni un stiprina barjeras funkcijas. Tai ir sp\u0113c\u012bga nomierino\u0161a iedarb\u012bba, mazina niezi un kairin\u0101jumu, izl\u012bdzina tekst\u016bru un m\u012bkstina raupjus \u0101das laukumus. Serums lieliski savelk [&hellip;]","og_url":"https:\/\/www.facecorner.lv\/en\/shop\/by-wishtrend-cera-barrier-soothing-ampoule-30ml\/","og_site_name":"FACECORNER","article_publisher":"https:\/\/www.facebook.com\/profile.php?id=100063824551839","article_modified_time":"2024-07-02T08:17:29+00:00","og_image":[{"width":1500,"height":1500,"url":"https:\/\/www.facecorner.lv\/wp-content\/uploads\/2024\/01\/71p8-u5QZPL.jpg","type":"image\/jpeg"}],"twitter_card":"summary_large_image","twitter_misc":{"Price":"&euro;31.90","Availability":"Out of stock"},"schema":{"@context":"https:\/\/schema.org","@graph":[{"@type":"WebPage","@id":"https:\/\/www.facecorner.lv\/shop\/by-wishtrend-cera-barrier-soothing-ampoule-30ml\/","url":"https:\/\/www.facecorner.lv\/shop\/by-wishtrend-cera-barrier-soothing-ampoule-30ml\/","name":"By Wishtrend Cera-barrier Soothing Ampoule 30ml - FACECORNER","isPartOf":{"@id":"https:\/\/www.facecorner.lv\/#website"},"primaryImageOfPage":{"@id":"https:\/\/www.facecorner.lv\/shop\/by-wishtrend-cera-barrier-soothing-ampoule-30ml\/#primaryimage"},"image":{"@id":"https:\/\/www.facecorner.lv\/shop\/by-wishtrend-cera-barrier-soothing-ampoule-30ml\/#primaryimage"},"thumbnailUrl":"https:\/\/www.facecorner.lv\/wp-content\/uploads\/2024\/01\/71p8-u5QZPL.jpg","datePublished":"2024-01-18T19:13:37+00:00","dateModified":"2024-07-02T08:17:29+00:00","breadcrumb":{"@id":"https:\/\/www.facecorner.lv\/shop\/by-wishtrend-cera-barrier-soothing-ampoule-30ml\/#breadcrumb"},"inLanguage":"en-US","potentialAction":[{"@type":"ReadAction","target":["https:\/\/www.facecorner.lv\/shop\/by-wishtrend-cera-barrier-soothing-ampoule-30ml\/"]}]},{"@type":"ImageObject","inLanguage":"en-US","@id":"https:\/\/www.facecorner.lv\/shop\/by-wishtrend-cera-barrier-soothing-ampoule-30ml\/#primaryimage","url":"https:\/\/www.facecorner.lv\/wp-content\/uploads\/2024\/01\/71p8-u5QZPL.jpg","contentUrl":"https:\/\/www.facecorner.lv\/wp-content\/uploads\/2024\/01\/71p8-u5QZPL.jpg","width":1500,"height":1500},{"@type":"BreadcrumbList","@id":"https:\/\/www.facecorner.lv\/shop\/by-wishtrend-cera-barrier-soothing-ampoule-30ml\/#breadcrumb","itemListElement":[{"@type":"ListItem","position":1,"name":"Home","item":"https:\/\/www.facecorner.lv\/"},{"@type":"ListItem","position":2,"name":"Veikals","item":"https:\/\/www.facecorner.lv\/shop\/"},{"@type":"ListItem","position":3,"name":"By Wishtrend Cera-barrier Soothing Ampoule 30ml"}]},{"@type":"WebSite","@id":"https:\/\/www.facecorner.lv\/#website","url":"https:\/\/www.facecorner.lv\/","name":"Facecorner","description":"","publisher":{"@id":"https:\/\/www.facecorner.lv\/#organization"},"potentialAction":[{"@type":"SearchAction","target":{"@type":"EntryPoint","urlTemplate":"https:\/\/www.facecorner.lv\/?s={search_term_string}"},"query-input":{"@type":"PropertyValueSpecification","valueRequired":true,"valueName":"search_term_string"}}],"inLanguage":"en-US"},{"@type":"Organization","@id":"https:\/\/www.facecorner.lv\/#organization","name":"Facecorner","url":"https:\/\/www.facecorner.lv\/","logo":{"@type":"ImageObject","inLanguage":"en-US","@id":"https:\/\/www.facecorner.lv\/#\/schema\/logo\/image\/","url":"https:\/\/www.facecorner.lv\/wp-content\/uploads\/2024\/04\/fc-logo.jpg","contentUrl":"https:\/\/www.facecorner.lv\/wp-content\/uploads\/2024\/04\/fc-logo.jpg","width":174,"height":28,"caption":"Facecorner"},"image":{"@id":"https:\/\/www.facecorner.lv\/#\/schema\/logo\/image\/"},"sameAs":["https:\/\/www.facebook.com\/profile.php?id=100063824551839","https:\/\/www.instagram.com\/facecorner_shop\/"]}]},"product_price_amount":"31.90","product_price_currency":"EUR","og_availability":"out of stock","product_availability":"out of stock","product_condition":"new"},"_links":{"self":[{"href":"https:\/\/www.facecorner.lv\/en\/wp-json\/wp\/v2\/product\/13925","targetHints":{"allow":["GET"]}}],"collection":[{"href":"https:\/\/www.facecorner.lv\/en\/wp-json\/wp\/v2\/product"}],"about":[{"href":"https:\/\/www.facecorner.lv\/en\/wp-json\/wp\/v2\/types\/product"}],"replies":[{"embeddable":true,"href":"https:\/\/www.facecorner.lv\/en\/wp-json\/wp\/v2\/comments?post=13925"}],"wp:featuredmedia":[{"embeddable":true,"href":"https:\/\/www.facecorner.lv\/en\/wp-json\/wp\/v2\/media\/13926"}],"wp:attachment":[{"href":"https:\/\/www.facecorner.lv\/en\/wp-json\/wp\/v2\/media?parent=13925"}],"wp:term":[{"taxonomy":"product_brand","embeddable":true,"href":"https:\/\/www.facecorner.lv\/en\/wp-json\/wp\/v2\/product_brand?post=13925"},{"taxonomy":"product_cat","embeddable":true,"href":"https:\/\/www.facecorner.lv\/en\/wp-json\/wp\/v2\/product_cat?post=13925"},{"taxonomy":"product_tag","embeddable":true,"href":"https:\/\/www.facecorner.lv\/en\/wp-json\/wp\/v2\/product_tag?post=13925"},{"taxonomy":"berocket_brand","embeddable":true,"href":"https:\/\/www.facecorner.lv\/en\/wp-json\/wp\/v2\/berocket_brand?post=13925"}],"curies":[{"name":"wp","href":"https:\/\/api.w.org\/{rel}","templated":true}]}}