{"id":13874,"date":"2024-01-14T14:56:03","date_gmt":"2024-01-14T12:56:03","guid":{"rendered":"https:\/\/www.facecorner.lv\/?post_type=product&#038;p=13874"},"modified":"2024-06-11T13:27:11","modified_gmt":"2024-06-11T11:27:11","slug":"daeng-gi-meo-ri-clinic-plus-revitalizing-scalp-care-shampoo-280ml","status":"publish","type":"product","link":"https:\/\/www.facecorner.lv\/en\/shop\/daeng-gi-meo-ri-clinic-plus-revitalizing-scalp-care-shampoo-280ml\/","title":{"rendered":"Daeng Gi Meo Ri Clinic Plus Revitalizing Scalp Care Shampoo 280ml"},"content":{"rendered":"<p>Daeng Gi Meo Ri Clinic Plus Revitalizing Scalp Care \u0161amp\u016bns r\u016bp\u012bgi nomazg\u0101 net\u012brumus no galvas \u0101das, baro un mitrina, k\u0101 ar\u012b stimul\u0113 folikulu darb\u012bbu, veicinot vesel\u012bgu, sp\u0113c\u012bgu matu aug\u0161anu.<\/p>\n<p>No\u0146em putek\u013cus, blaugznas, lieko sebumu un atmiru\u0161\u0101s \u0101das da\u013ci\u0146as, neizraisot sausumu vai sasprindzin\u0101jumu. Uzlabo galvas \u0101das mikrocirkul\u0101ciju, stiprina matu saknes un pies\u0101tina ar noder\u012bg\u0101m sast\u0101vda\u013c\u0101m.<\/p>\n<p>Satur 7 austrumu medic\u012bn\u0101 izmantoto augu sak\u0146u ekstraktu kompleksu, tai skait\u0101 2 \u017ee\u0146\u0161e\u0146a ekstraktus \u2013 ar sapon\u012bniem bag\u0101tu uzturvielu komponentu, kas aktiviz\u0113 snaudo\u0161os matu folikulus, dzied\u0113 un stimul\u0113 atvese\u013co\u0161anos, k\u0101 ar\u012b piem\u012bt antioksidanta iedarb\u012bba.<\/p>\n<p><strong>KEY INGREDIENTS:<\/strong><\/p>\n<ul>\n<li>Priedes lapu ekstraktam piem\u012bt pretmikrobu iedarb\u012bba, mazina kairin\u0101jumu un aps\u0101rtumu, remd\u0113 niezi. Pal\u012bdz no\u0146emt sebumu un atmiru\u0161\u0101s \u0161\u016bnas.<\/li>\n<li>Salvijas ekstrakts stimul\u0113 aug\u0161anu, stiprina matu folikulus un nov\u0113r\u0161 matu izkri\u0161anu. Dzi\u013ci att\u012bra un tai piem\u012bt prets\u0113n\u012b\u0161u iedarb\u012bba.<\/li>\n<li>Eclipta ekstrakts stiprina matus un stimul\u0113 to aug\u0161anu, aizsarg\u0101 matu folikulus, un tam piem\u012bt antibakteri\u0101la iedarb\u012bba.<\/li>\n<li>\u0100zij\u0101 \u013coti popul\u0101ri ir \u010dagas, meshima un meitakes s\u0113\u0146u ekstrakti. Pies\u0101tin\u0101ts ar beta-glik\u0101nu un polisahar\u012bdiem, kuriem piem\u012bt im\u016bnmodul\u0113jo\u0161a iedarb\u012bba. Tie ir sp\u0113c\u012bgi antioksidanti \u2013 c\u012bn\u0101s ar br\u012bvajiem radik\u0101\u013ciem, t\u0101d\u0113j\u0101di saglab\u0101jot galvas \u0101das vesel\u012bbu un veicinot matu aug\u0161anu.<\/li>\n<li>Mentols atv\u0113sina un nomierina galvas \u0101du, atsvaidzina, nov\u0113r\u0161 diskomfortu un niezi.<\/li>\n<\/ul>\n<p><strong>How to use:<\/strong> Uzkl\u0101jiet \u0161amp\u016bnu uz mitras galvas \u0101das, sadaliet, iemas\u0113jiet ar pirkstu galiem 3-5 min\u016btes un noskalojiet ar \u016bdeni. Taukainai galvas \u0101dai ieteicams lietot \u0161amp\u016bnu 2 reizes p\u0113c k\u0101rtas.<\/p>\n<p><strong>Ingredientes:<\/strong>:\u00a0Water, Chrysanthemum Boreale Flower\/Leaf\/Stem Extract, Eclipta Prostrata Extract, Polygonum Multiflorum Root Extract, Ammonium Lauryl Sulfate, Ammonium Laureth Sulfate, Rehmannia Glutinosa Root Extract, Thuja Orientalis Leaf Extract, Morus Alba Bark Extract, Pinus Sylvestris Leaf Extract, Dimethicone, Cocamidopropyl Betaine, Sophora Angustifolia Root Extract, Agrimonia Eupatoria Leaf Extract, Rumex Crispus Root Extract, Cnidium Officinale Root Extract, Carbomer, Sodium Chloride, Lauramine Oxide, Cocamide MEA, Guar HydroxypropyItrimonium Chloride, Propylene Glycol, Menthol, Panax Ginseng Root Extract, Disodium EDTA, Laureth-3, Laureth-23, Butylene Glycol, Aminomethyl Propanol, Scrophularia Buergeriana Root Extract, Salvia Miltiorrhiza Root Extract, Panax Ginseng Root Extract, Hydrolyzed Codonopsis Pilosula Root Extract, Codonopsis Tangshen Root Extract, Crinum Asiaticum Extract, Inonotus Obliquus (Mushroom) Extract, Phellinus Linteus Extract, Grifola Frondosa Extract, 1,2-Hexanediol, Caprylyl Glycol, Sodium Benzoate, Phenoxyethanol, Fragrance, Limonene, Hydroxycitronellal, Hexyl Cinnamal, Benzyl Salicylate, Linalool<\/p>","protected":false},"excerpt":{"rendered":"<p>Daeng Gi Meo Ri Clinic Plus Revitalizing Scalp Care \u0161amp\u016bns r\u016bp\u012bgi nomazg\u0101 net\u012brumus no galvas \u0101das, baro un mitrina, k\u0101 ar\u012b stimul\u0113 folikulu darb\u012bbu, veicinot vesel\u012bgu, sp\u0113c\u012bgu matu aug\u0161anu. No\u0146em putek\u013cus, blaugznas, lieko sebumu un atmiru\u0161\u0101s \u0101das da\u013ci\u0146as, neizraisot sausumu vai sasprindzin\u0101jumu. Uzlabo galvas \u0101das mikrocirkul\u0101ciju, stiprina matu saknes un pies\u0101tina ar noder\u012bg\u0101m sast\u0101vda\u013c\u0101m. Satur [&hellip;]<\/p>\n","protected":false},"featured_media":13875,"comment_status":"open","ping_status":"closed","template":"","meta":{"site-sidebar-layout":"default","site-content-layout":"","ast-site-content-layout":"","site-content-style":"default","site-sidebar-style":"default","ast-global-header-display":"","ast-banner-title-visibility":"","ast-main-header-display":"","ast-hfb-above-header-display":"","ast-hfb-below-header-display":"","ast-hfb-mobile-header-display":"","site-post-title":"","ast-breadcrumbs-content":"","ast-featured-img":"","footer-sml-layout":"","theme-transparent-header-meta":"","adv-header-id-meta":"","stick-header-meta":"","header-above-stick-meta":"","header-main-stick-meta":"","header-below-stick-meta":"","astra-migrate-meta-layouts":"default","ast-page-background-enabled":"default","ast-page-background-meta":{"desktop":{"background-color":"var(--ast-global-color-4)","background-image":"","background-repeat":"repeat","background-position":"center center","background-size":"auto","background-attachment":"scroll","background-type":"","background-media":"","overlay-type":"","overlay-color":"","overlay-opacity":"","overlay-gradient":""},"tablet":{"background-color":"","background-image":"","background-repeat":"repeat","background-position":"center center","background-size":"auto","background-attachment":"scroll","background-type":"","background-media":"","overlay-type":"","overlay-color":"","overlay-opacity":"","overlay-gradient":""},"mobile":{"background-color":"","background-image":"","background-repeat":"repeat","background-position":"center center","background-size":"auto","background-attachment":"scroll","background-type":"","background-media":"","overlay-type":"","overlay-color":"","overlay-opacity":"","overlay-gradient":""}},"ast-content-background-meta":{"desktop":{"background-color":"var(--ast-global-color-5)","background-image":"","background-repeat":"repeat","background-position":"center center","background-size":"auto","background-attachment":"scroll","background-type":"","background-media":"","overlay-type":"","overlay-color":"","overlay-opacity":"","overlay-gradient":""},"tablet":{"background-color":"var(--ast-global-color-5)","background-image":"","background-repeat":"repeat","background-position":"center center","background-size":"auto","background-attachment":"scroll","background-type":"","background-media":"","overlay-type":"","overlay-color":"","overlay-opacity":"","overlay-gradient":""},"mobile":{"background-color":"var(--ast-global-color-5)","background-image":"","background-repeat":"repeat","background-position":"center center","background-size":"auto","background-attachment":"scroll","background-type":"","background-media":"","overlay-type":"","overlay-color":"","overlay-opacity":"","overlay-gradient":""}}},"product_brand":[],"product_cat":[511,330,357],"product_tag":[],"berocket_brand":[],"class_list":{"0":"post-13874","1":"product","2":"type-product","3":"status-publish","4":"has-post-thumbnail","6":"product_cat-atlaides","7":"product_cat-matiem","8":"product_cat-sampuni","9":"desktop-align-left","10":"tablet-align-left","11":"mobile-align-left","13":"first","14":"outofstock","15":"sale","16":"taxable","17":"shipping-taxable","18":"purchasable","19":"product-type-simple","20":"add-to-wishlist-before_image"},"yoast_head":"<!-- This site is optimized with the Yoast SEO plugin v27.4 - https:\/\/yoast.com\/product\/yoast-seo-wordpress\/ -->\n<title>Daeng Gi Meo Ri Clinic Plus Revitalizing Scalp Care Shampoo 280ml - FACECORNER<\/title>\n<meta name=\"robots\" content=\"index, follow, max-snippet:-1, max-image-preview:large, max-video-preview:-1\" \/>\n<link rel=\"canonical\" href=\"https:\/\/www.facecorner.lv\/en\/shop\/daeng-gi-meo-ri-clinic-plus-revitalizing-scalp-care-shampoo-280ml\/\" \/>\n<meta property=\"og:locale\" content=\"en_US\" \/>\n<meta property=\"og:type\" content=\"article\" \/>\n<meta property=\"og:title\" content=\"Daeng Gi Meo Ri Clinic Plus Revitalizing Scalp Care Shampoo 280ml - FACECORNER\" \/>\n<meta property=\"og:description\" content=\"Daeng Gi Meo Ri Clinic Plus Revitalizing Scalp Care \u0161amp\u016bns r\u016bp\u012bgi nomazg\u0101 net\u012brumus no galvas \u0101das, baro un mitrina, k\u0101 ar\u012b stimul\u0113 folikulu darb\u012bbu, veicinot vesel\u012bgu, sp\u0113c\u012bgu matu aug\u0161anu. No\u0146em putek\u013cus, blaugznas, lieko sebumu un atmiru\u0161\u0101s \u0101das da\u013ci\u0146as, neizraisot sausumu vai sasprindzin\u0101jumu. Uzlabo galvas \u0101das mikrocirkul\u0101ciju, stiprina matu saknes un pies\u0101tina ar noder\u012bg\u0101m sast\u0101vda\u013c\u0101m. Satur [&hellip;]\" \/>\n<meta property=\"og:url\" content=\"https:\/\/www.facecorner.lv\/en\/shop\/daeng-gi-meo-ri-clinic-plus-revitalizing-scalp-care-shampoo-280ml\/\" \/>\n<meta property=\"og:site_name\" content=\"FACECORNER\" \/>\n<meta property=\"article:publisher\" content=\"https:\/\/www.facebook.com\/profile.php?id=100063824551839\" \/>\n<meta property=\"article:modified_time\" content=\"2024-06-11T11:27:11+00:00\" \/>\n<meta property=\"og:image\" content=\"https:\/\/www.facecorner.lv\/wp-content\/uploads\/2024\/01\/daeng-gi-meo-ri-clinic-plus-revitalizing-scalp-care-shampoo-280ml-1.jpeg\" \/>\n\t<meta property=\"og:image:width\" content=\"1000\" \/>\n\t<meta property=\"og:image:height\" content=\"1000\" \/>\n\t<meta property=\"og:image:type\" content=\"image\/jpeg\" \/>\n<meta name=\"twitter:card\" content=\"summary_large_image\" \/>\n<meta name=\"twitter:label1\" content=\"Price\" \/>\n\t<meta name=\"twitter:data1\" content=\"&euro;23.00\" \/>\n\t<meta name=\"twitter:label2\" content=\"Availability\" \/>\n\t<meta name=\"twitter:data2\" content=\"Out of stock\" \/>\n<script type=\"application\/ld+json\" class=\"yoast-schema-graph\">{\"@context\":\"https:\\\/\\\/schema.org\",\"@graph\":[{\"@type\":\"WebPage\",\"@id\":\"https:\\\/\\\/www.facecorner.lv\\\/shop\\\/daeng-gi-meo-ri-clinic-plus-revitalizing-scalp-care-shampoo-280ml\\\/\",\"url\":\"https:\\\/\\\/www.facecorner.lv\\\/shop\\\/daeng-gi-meo-ri-clinic-plus-revitalizing-scalp-care-shampoo-280ml\\\/\",\"name\":\"Daeng Gi Meo Ri Clinic Plus Revitalizing Scalp Care Shampoo 280ml - FACECORNER\",\"isPartOf\":{\"@id\":\"https:\\\/\\\/www.facecorner.lv\\\/#website\"},\"primaryImageOfPage\":{\"@id\":\"https:\\\/\\\/www.facecorner.lv\\\/shop\\\/daeng-gi-meo-ri-clinic-plus-revitalizing-scalp-care-shampoo-280ml\\\/#primaryimage\"},\"image\":{\"@id\":\"https:\\\/\\\/www.facecorner.lv\\\/shop\\\/daeng-gi-meo-ri-clinic-plus-revitalizing-scalp-care-shampoo-280ml\\\/#primaryimage\"},\"thumbnailUrl\":\"https:\\\/\\\/www.facecorner.lv\\\/wp-content\\\/uploads\\\/2024\\\/01\\\/daeng-gi-meo-ri-clinic-plus-revitalizing-scalp-care-shampoo-280ml-1.jpeg\",\"datePublished\":\"2024-01-14T12:56:03+00:00\",\"dateModified\":\"2024-06-11T11:27:11+00:00\",\"breadcrumb\":{\"@id\":\"https:\\\/\\\/www.facecorner.lv\\\/shop\\\/daeng-gi-meo-ri-clinic-plus-revitalizing-scalp-care-shampoo-280ml\\\/#breadcrumb\"},\"inLanguage\":\"en-US\",\"potentialAction\":[{\"@type\":\"ReadAction\",\"target\":[\"https:\\\/\\\/www.facecorner.lv\\\/shop\\\/daeng-gi-meo-ri-clinic-plus-revitalizing-scalp-care-shampoo-280ml\\\/\"]}]},{\"@type\":\"ImageObject\",\"inLanguage\":\"en-US\",\"@id\":\"https:\\\/\\\/www.facecorner.lv\\\/shop\\\/daeng-gi-meo-ri-clinic-plus-revitalizing-scalp-care-shampoo-280ml\\\/#primaryimage\",\"url\":\"https:\\\/\\\/www.facecorner.lv\\\/wp-content\\\/uploads\\\/2024\\\/01\\\/daeng-gi-meo-ri-clinic-plus-revitalizing-scalp-care-shampoo-280ml-1.jpeg\",\"contentUrl\":\"https:\\\/\\\/www.facecorner.lv\\\/wp-content\\\/uploads\\\/2024\\\/01\\\/daeng-gi-meo-ri-clinic-plus-revitalizing-scalp-care-shampoo-280ml-1.jpeg\",\"width\":1000,\"height\":1000},{\"@type\":\"BreadcrumbList\",\"@id\":\"https:\\\/\\\/www.facecorner.lv\\\/shop\\\/daeng-gi-meo-ri-clinic-plus-revitalizing-scalp-care-shampoo-280ml\\\/#breadcrumb\",\"itemListElement\":[{\"@type\":\"ListItem\",\"position\":1,\"name\":\"Home\",\"item\":\"https:\\\/\\\/www.facecorner.lv\\\/\"},{\"@type\":\"ListItem\",\"position\":2,\"name\":\"Veikals\",\"item\":\"https:\\\/\\\/www.facecorner.lv\\\/shop\\\/\"},{\"@type\":\"ListItem\",\"position\":3,\"name\":\"Daeng Gi Meo Ri Clinic Plus Revitalizing Scalp Care Shampoo 280ml\"}]},{\"@type\":\"WebSite\",\"@id\":\"https:\\\/\\\/www.facecorner.lv\\\/#website\",\"url\":\"https:\\\/\\\/www.facecorner.lv\\\/\",\"name\":\"Facecorner\",\"description\":\"\",\"publisher\":{\"@id\":\"https:\\\/\\\/www.facecorner.lv\\\/#organization\"},\"potentialAction\":[{\"@type\":\"SearchAction\",\"target\":{\"@type\":\"EntryPoint\",\"urlTemplate\":\"https:\\\/\\\/www.facecorner.lv\\\/?s={search_term_string}\"},\"query-input\":{\"@type\":\"PropertyValueSpecification\",\"valueRequired\":true,\"valueName\":\"search_term_string\"}}],\"inLanguage\":\"en-US\"},{\"@type\":\"Organization\",\"@id\":\"https:\\\/\\\/www.facecorner.lv\\\/#organization\",\"name\":\"Facecorner\",\"url\":\"https:\\\/\\\/www.facecorner.lv\\\/\",\"logo\":{\"@type\":\"ImageObject\",\"inLanguage\":\"en-US\",\"@id\":\"https:\\\/\\\/www.facecorner.lv\\\/#\\\/schema\\\/logo\\\/image\\\/\",\"url\":\"https:\\\/\\\/www.facecorner.lv\\\/wp-content\\\/uploads\\\/2024\\\/04\\\/fc-logo.jpg\",\"contentUrl\":\"https:\\\/\\\/www.facecorner.lv\\\/wp-content\\\/uploads\\\/2024\\\/04\\\/fc-logo.jpg\",\"width\":174,\"height\":28,\"caption\":\"Facecorner\"},\"image\":{\"@id\":\"https:\\\/\\\/www.facecorner.lv\\\/#\\\/schema\\\/logo\\\/image\\\/\"},\"sameAs\":[\"https:\\\/\\\/www.facebook.com\\\/profile.php?id=100063824551839\",\"https:\\\/\\\/www.instagram.com\\\/facecorner_shop\\\/\"]}]}<\/script>\n<meta property=\"product:price:amount\" content=\"23.00\" \/>\n<meta property=\"product:price:currency\" content=\"EUR\" \/>\n<meta property=\"og:availability\" content=\"out of stock\" \/>\n<meta property=\"product:availability\" content=\"out of stock\" \/>\n<meta property=\"product:condition\" content=\"new\" \/>\n<!-- \/ Yoast SEO plugin. -->","yoast_head_json":{"title":"Daeng Gi Meo Ri Clinic Plus Revitalizing Scalp Care Shampoo 280ml - FACECORNER","robots":{"index":"index","follow":"follow","max-snippet":"max-snippet:-1","max-image-preview":"max-image-preview:large","max-video-preview":"max-video-preview:-1"},"canonical":"https:\/\/www.facecorner.lv\/en\/shop\/daeng-gi-meo-ri-clinic-plus-revitalizing-scalp-care-shampoo-280ml\/","og_locale":"en_US","og_type":"article","og_title":"Daeng Gi Meo Ri Clinic Plus Revitalizing Scalp Care Shampoo 280ml - FACECORNER","og_description":"Daeng Gi Meo Ri Clinic Plus Revitalizing Scalp Care \u0161amp\u016bns r\u016bp\u012bgi nomazg\u0101 net\u012brumus no galvas \u0101das, baro un mitrina, k\u0101 ar\u012b stimul\u0113 folikulu darb\u012bbu, veicinot vesel\u012bgu, sp\u0113c\u012bgu matu aug\u0161anu. No\u0146em putek\u013cus, blaugznas, lieko sebumu un atmiru\u0161\u0101s \u0101das da\u013ci\u0146as, neizraisot sausumu vai sasprindzin\u0101jumu. Uzlabo galvas \u0101das mikrocirkul\u0101ciju, stiprina matu saknes un pies\u0101tina ar noder\u012bg\u0101m sast\u0101vda\u013c\u0101m. Satur [&hellip;]","og_url":"https:\/\/www.facecorner.lv\/en\/shop\/daeng-gi-meo-ri-clinic-plus-revitalizing-scalp-care-shampoo-280ml\/","og_site_name":"FACECORNER","article_publisher":"https:\/\/www.facebook.com\/profile.php?id=100063824551839","article_modified_time":"2024-06-11T11:27:11+00:00","og_image":[{"width":1000,"height":1000,"url":"https:\/\/www.facecorner.lv\/wp-content\/uploads\/2024\/01\/daeng-gi-meo-ri-clinic-plus-revitalizing-scalp-care-shampoo-280ml-1.jpeg","type":"image\/jpeg"}],"twitter_card":"summary_large_image","twitter_misc":{"Price":"&euro;23.00","Availability":"Out of stock"},"schema":{"@context":"https:\/\/schema.org","@graph":[{"@type":"WebPage","@id":"https:\/\/www.facecorner.lv\/shop\/daeng-gi-meo-ri-clinic-plus-revitalizing-scalp-care-shampoo-280ml\/","url":"https:\/\/www.facecorner.lv\/shop\/daeng-gi-meo-ri-clinic-plus-revitalizing-scalp-care-shampoo-280ml\/","name":"Daeng Gi Meo Ri Clinic Plus Revitalizing Scalp Care Shampoo 280ml - FACECORNER","isPartOf":{"@id":"https:\/\/www.facecorner.lv\/#website"},"primaryImageOfPage":{"@id":"https:\/\/www.facecorner.lv\/shop\/daeng-gi-meo-ri-clinic-plus-revitalizing-scalp-care-shampoo-280ml\/#primaryimage"},"image":{"@id":"https:\/\/www.facecorner.lv\/shop\/daeng-gi-meo-ri-clinic-plus-revitalizing-scalp-care-shampoo-280ml\/#primaryimage"},"thumbnailUrl":"https:\/\/www.facecorner.lv\/wp-content\/uploads\/2024\/01\/daeng-gi-meo-ri-clinic-plus-revitalizing-scalp-care-shampoo-280ml-1.jpeg","datePublished":"2024-01-14T12:56:03+00:00","dateModified":"2024-06-11T11:27:11+00:00","breadcrumb":{"@id":"https:\/\/www.facecorner.lv\/shop\/daeng-gi-meo-ri-clinic-plus-revitalizing-scalp-care-shampoo-280ml\/#breadcrumb"},"inLanguage":"en-US","potentialAction":[{"@type":"ReadAction","target":["https:\/\/www.facecorner.lv\/shop\/daeng-gi-meo-ri-clinic-plus-revitalizing-scalp-care-shampoo-280ml\/"]}]},{"@type":"ImageObject","inLanguage":"en-US","@id":"https:\/\/www.facecorner.lv\/shop\/daeng-gi-meo-ri-clinic-plus-revitalizing-scalp-care-shampoo-280ml\/#primaryimage","url":"https:\/\/www.facecorner.lv\/wp-content\/uploads\/2024\/01\/daeng-gi-meo-ri-clinic-plus-revitalizing-scalp-care-shampoo-280ml-1.jpeg","contentUrl":"https:\/\/www.facecorner.lv\/wp-content\/uploads\/2024\/01\/daeng-gi-meo-ri-clinic-plus-revitalizing-scalp-care-shampoo-280ml-1.jpeg","width":1000,"height":1000},{"@type":"BreadcrumbList","@id":"https:\/\/www.facecorner.lv\/shop\/daeng-gi-meo-ri-clinic-plus-revitalizing-scalp-care-shampoo-280ml\/#breadcrumb","itemListElement":[{"@type":"ListItem","position":1,"name":"Home","item":"https:\/\/www.facecorner.lv\/"},{"@type":"ListItem","position":2,"name":"Veikals","item":"https:\/\/www.facecorner.lv\/shop\/"},{"@type":"ListItem","position":3,"name":"Daeng Gi Meo Ri Clinic Plus Revitalizing Scalp Care Shampoo 280ml"}]},{"@type":"WebSite","@id":"https:\/\/www.facecorner.lv\/#website","url":"https:\/\/www.facecorner.lv\/","name":"Facecorner","description":"","publisher":{"@id":"https:\/\/www.facecorner.lv\/#organization"},"potentialAction":[{"@type":"SearchAction","target":{"@type":"EntryPoint","urlTemplate":"https:\/\/www.facecorner.lv\/?s={search_term_string}"},"query-input":{"@type":"PropertyValueSpecification","valueRequired":true,"valueName":"search_term_string"}}],"inLanguage":"en-US"},{"@type":"Organization","@id":"https:\/\/www.facecorner.lv\/#organization","name":"Facecorner","url":"https:\/\/www.facecorner.lv\/","logo":{"@type":"ImageObject","inLanguage":"en-US","@id":"https:\/\/www.facecorner.lv\/#\/schema\/logo\/image\/","url":"https:\/\/www.facecorner.lv\/wp-content\/uploads\/2024\/04\/fc-logo.jpg","contentUrl":"https:\/\/www.facecorner.lv\/wp-content\/uploads\/2024\/04\/fc-logo.jpg","width":174,"height":28,"caption":"Facecorner"},"image":{"@id":"https:\/\/www.facecorner.lv\/#\/schema\/logo\/image\/"},"sameAs":["https:\/\/www.facebook.com\/profile.php?id=100063824551839","https:\/\/www.instagram.com\/facecorner_shop\/"]}]},"product_price_amount":"23.00","product_price_currency":"EUR","og_availability":"out of stock","product_availability":"out of stock","product_condition":"new"},"_links":{"self":[{"href":"https:\/\/www.facecorner.lv\/en\/wp-json\/wp\/v2\/product\/13874","targetHints":{"allow":["GET"]}}],"collection":[{"href":"https:\/\/www.facecorner.lv\/en\/wp-json\/wp\/v2\/product"}],"about":[{"href":"https:\/\/www.facecorner.lv\/en\/wp-json\/wp\/v2\/types\/product"}],"replies":[{"embeddable":true,"href":"https:\/\/www.facecorner.lv\/en\/wp-json\/wp\/v2\/comments?post=13874"}],"wp:featuredmedia":[{"embeddable":true,"href":"https:\/\/www.facecorner.lv\/en\/wp-json\/wp\/v2\/media\/13875"}],"wp:attachment":[{"href":"https:\/\/www.facecorner.lv\/en\/wp-json\/wp\/v2\/media?parent=13874"}],"wp:term":[{"taxonomy":"product_brand","embeddable":true,"href":"https:\/\/www.facecorner.lv\/en\/wp-json\/wp\/v2\/product_brand?post=13874"},{"taxonomy":"product_cat","embeddable":true,"href":"https:\/\/www.facecorner.lv\/en\/wp-json\/wp\/v2\/product_cat?post=13874"},{"taxonomy":"product_tag","embeddable":true,"href":"https:\/\/www.facecorner.lv\/en\/wp-json\/wp\/v2\/product_tag?post=13874"},{"taxonomy":"berocket_brand","embeddable":true,"href":"https:\/\/www.facecorner.lv\/en\/wp-json\/wp\/v2\/berocket_brand?post=13874"}],"curies":[{"name":"wp","href":"https:\/\/api.w.org\/{rel}","templated":true}]}}