{"id":13867,"date":"2024-01-14T14:36:15","date_gmt":"2024-01-14T12:36:15","guid":{"rendered":"https:\/\/www.facecorner.lv\/?post_type=product&#038;p=13867"},"modified":"2025-05-22T22:34:06","modified_gmt":"2025-05-22T19:34:06","slug":"medi-peel-peptide-balance9-eye-hyaluronic-volumy-eye-cream-40ml","status":"publish","type":"product","link":"https:\/\/www.facecorner.lv\/en\/shop\/medi-peel-peptide-balance9-eye-hyaluronic-volumy-eye-cream-40ml\/","title":{"rendered":"Medi-Peel Peptide Balance9 Eye Hyaluronic Volumy Eye Cream 40ml"},"content":{"rendered":"<p>Atjaunojo\u0161am acu kr\u0113mam ar Medi-Peel Peptide Balance9 Eye Hyaluronic Volumy Eye Cream ir izteikts savilk\u0161anas un liftinga efekts. Izl\u012bdzina s\u012bk\u0101s m\u012bmikas krunci\u0146as un samazina dzi\u013c\u0101ko m\u012bmiku, saglab\u0101 \u0101das tvirtumu un elast\u012bbu, stiprina turgoru un pal\u0113nina noveco\u0161an\u0101s procesus.<\/p>\n<p>Kr\u0113mam ir nostiprino\u0161a iedarb\u012bba, tas izl\u012bdzina v\u0101rnu p\u0113das un \u0101das krunci\u0146as, samazina tum\u0161o loku smagumu zem ac\u012bm, savelk un palielina elast\u012bbu. Pateicoties liftinga efektam, rezult\u0101ts ir paman\u0101ms jau p\u0113c da\u017e\u0101m lieto\u0161anas reiz\u0113m, \u0101da k\u013c\u016bst tvirt\u0101ka, elast\u012bg\u0101ka, samazin\u0101s grumbu dzi\u013cums.<\/p>\n<p>Produktam ir pat\u012bkama, lip\u012bga tekst\u016bra, un tas satur volufil\u012bnu, sast\u0101vda\u013cu, kas ieg\u016bta no anemarr\u0113nas saknes. Palielina kolag\u0113na ra\u017eo\u0161anu un veicina lip\u012bdu uzkr\u0101\u0161anos, t\u0101d\u0113j\u0101di palielinot \u0101das apjomu un bl\u012bvumu. Izl\u012bdzina s\u012bk\u0101s krunci\u0146as un \u0101das krokas, palielina tvirtumu un elast\u012bbu.<\/p>\n<p><strong>Galven\u0101 sast\u0101vda\u013ca ir 9 veidu pept\u012bdu komplekss:<\/strong><\/p>\n<ul>\n<li>Tripept\u012bds 5 stimul\u0113 I un II tipa kolag\u0113na un fibronekt\u012bna ra\u017eo\u0161anu, un tas tiek uzskat\u012bts par galveno sast\u0101vda\u013cu \u0101das pretnoveco\u0161an\u0101s produktos, kuru m\u0113r\u0137is ir samazin\u0101t grumbas un nokarenu \u0101du.<\/li>\n<li><span style=\"color: var(--g5-color-text-main); font-family: var(--g5-body-font); font-size: var(--g5-body-font-size); font-style: var(--g5-body-font-style); letter-spacing: var(--g5-body-letter-spacing); text-transform: var(--g5-body-text-transform);\">Tripept\u012bds 1 stimul\u0113 kolag\u0113na un glikozaminoglik\u0101na sint\u0113zi, k\u0101 rezult\u0101t\u0101 tiek nostiprin\u0101ta epiderma un samazin\u0101tas grumbas.<\/span><\/li>\n<li><span style=\"color: var(--g5-color-text-main); font-family: var(--g5-body-font); font-size: var(--g5-body-font-size); font-style: var(--g5-body-font-style); letter-spacing: var(--g5-body-letter-spacing); text-transform: var(--g5-body-text-transform);\">Palmitoiltetrapept\u012bds 7 stimul\u0113 kolag\u0113na un fibronekt\u012bna sint\u0113zi, kas ir savienojo\u0161a viela starp \u0161\u016bn\u0101m un saistaudiem.<\/span><\/li>\n<li><span style=\"color: var(--g5-color-text-main); font-family: var(--g5-body-font); font-size: var(--g5-body-font-size); font-style: var(--g5-body-font-style); letter-spacing: var(--g5-body-letter-spacing); text-transform: var(--g5-body-text-transform);\">Hexapeptide-8 Argillerine ir unik\u0101ls pretgrumbu pept\u012bds, ir pier\u0101d\u012bta t\u0101 iev\u0113rojam\u0101 efektivit\u0101te pret \u0101das kroku veido\u0161anos un ir dro\u0161a alternat\u012bva botul\u012bna toks\u012bnam \u0101r\u0113jai lieto\u0161anai.<\/span><\/li>\n<li><span style=\"color: var(--g5-color-text-main); font-family: var(--g5-body-font); font-size: var(--g5-body-font-size); font-style: var(--g5-body-font-style); letter-spacing: var(--g5-body-letter-spacing); text-transform: var(--g5-body-text-transform);\">Palmitoilpentapept\u012bds 4 stimul\u0113 fibroblastu sint\u0113tisko sp\u0113ju; tas pieder stimul\u0113jo\u0161u pept\u012bdu klasei.<\/span><\/li>\n<li>4 hialuronsk\u0101bes veidi rada uz \u0101das neredzamu barjeru, kas nov\u0113r\u0161 mitruma iztvaiko\u0161anu, uzlabo \u0101das strukt\u016bru, veicina \u0101das \u0161\u016bnu atjauno\u0161anos, samazina smalk\u0101s krunci\u0146as, padara \u0101du gludu un maigu.<\/li>\n<\/ul>\n<p><strong>Lieto\u0161anas nor\u0101d\u012bjumi<\/strong>: Uzkl\u0101jiet nepiecie\u0161amo produkta daudzumu ar viegl\u0101m gl\u0101sto\u0161\u0101m kust\u012bb\u0101m uz zonu ap ac\u012bm un nasolabi\u0101laj\u0101m krok\u0101m. Pirms kr\u0113ma lieto\u0161anas ieteicams lietot serumu.<\/p>\n<p><strong>Ingredientes:\u00a0<\/strong>Water, Methyloropanediol Capryfic\/Capric Thiglyceride Glycerin, Dimethicone, Niacinamide, Pentaerythrityl Tetraisostarate, Cyclopentasiloxan, Cetearyl Alcohol, Cetearyl Olivate, Cydohexasiloxane, Sorbitan Olivate, Glyceryl Stearate, Butyrospemum Parki (Shea) Butter, Hydroxypropyl Methylcellulose, PEG-100 Stearate, Pullulan, Hydroxyacetophenone, Helianthus Annuus (Sunflower) Seed Oil, Sodium Polyacylate, Arginine, Carbomer, Sodium Acylate\/Sodium Acryloyldimethyl Taurate Copolymer, Cetearyl Glucoside, Isohexadecane, Juniperus Communis Fruit Extract, Eucalyptus Globulus Leaf Extract, Trehalose, Ethylhexylglycerin, Xanthan Gum, Polysorbate 80, Porphyridium Cruentum Extract, Fragrance, Gycine Soja (Soybean) Oil, Adenosine, Sodium Hyaluronate (215ppm), Disodium EDTA, Sorbitan Oleate, Malt Extract, Propanediol, Sodium Hyaluronate Crosspolymer(60ppm), Bixa Orelana Seed oil, Hydrolyzed Glycosaminoglycans, Olea Europaea (Olive) Leaf Extract, Gyoymhiza Glabra (Licorice) Root Extract, Taraxacum Officinale (Dandelion) Leaf Extract, Magnolia Officinalis Bark Extract, Fructan, Hydrolyzed Elastin, Hydrolyzed Collagen, Hydrogenated Polyisobutene, Glyceryl Polymethagylate, Benzyl Glycol, Tocopherol, Propylene Glycol, Rosa Damascena Flower Extract, Rhodiola Rosea Root Extract, Hydrolyzed Hyaluronic Acid(15ppm), Usnea Barbata (Lichen) Extract, Zanthoxylum Piperitum Fruit Extract, Pulsatilla Koreana Extract, Butylene Glycol, 1,2-Hexanediol, Raspbery Ketone, Palmitoyl Tripeptide-5\/0.1ppm), Hyaluronic Acid(0.075), Palmitoyl Tetrapeptyde-7(0,005ppm), Anemarrhena Asphodeloides Root Extract, Acetyl Hexapetide-8(0,001ppm), Copper Tripeptide -1(00,1ppm), Palmitoyl Oligopeptide(0.001ppm), Palmitoyl Tripeptide-1(0,001ppm), Oligopeptide-29(0,0005ppm), Oligopeptide-32(0,0005ppm), Palmitoyl Pentapeptide-4(0,0001ppm)<\/p>","protected":false},"excerpt":{"rendered":"<p>Atjaunojo\u0161am acu kr\u0113mam ar Medi-Peel Peptide Balance9 Eye Hyaluronic Volumy Eye Cream ir izteikts savilk\u0161anas un liftinga efekts. Izl\u012bdzina s\u012bk\u0101s m\u012bmikas krunci\u0146as un samazina dzi\u013c\u0101ko m\u012bmiku, saglab\u0101 \u0101das tvirtumu un elast\u012bbu, stiprina turgoru un pal\u0113nina noveco\u0161an\u0101s procesus. Kr\u0113mam ir nostiprino\u0161a iedarb\u012bba, tas izl\u012bdzina v\u0101rnu p\u0113das un \u0101das krunci\u0146as, samazina tum\u0161o loku smagumu zem ac\u012bm, savelk [&hellip;]<\/p>\n","protected":false},"featured_media":13868,"comment_status":"open","ping_status":"closed","template":"","meta":{"site-sidebar-layout":"default","site-content-layout":"","ast-site-content-layout":"","site-content-style":"default","site-sidebar-style":"default","ast-global-header-display":"","ast-banner-title-visibility":"","ast-main-header-display":"","ast-hfb-above-header-display":"","ast-hfb-below-header-display":"","ast-hfb-mobile-header-display":"","site-post-title":"","ast-breadcrumbs-content":"","ast-featured-img":"","footer-sml-layout":"","theme-transparent-header-meta":"","adv-header-id-meta":"","stick-header-meta":"","header-above-stick-meta":"","header-main-stick-meta":"","header-below-stick-meta":"","astra-migrate-meta-layouts":"default","ast-page-background-enabled":"default","ast-page-background-meta":{"desktop":{"background-color":"var(--ast-global-color-4)","background-image":"","background-repeat":"repeat","background-position":"center center","background-size":"auto","background-attachment":"scroll","background-type":"","background-media":"","overlay-type":"","overlay-color":"","overlay-opacity":"","overlay-gradient":""},"tablet":{"background-color":"","background-image":"","background-repeat":"repeat","background-position":"center center","background-size":"auto","background-attachment":"scroll","background-type":"","background-media":"","overlay-type":"","overlay-color":"","overlay-opacity":"","overlay-gradient":""},"mobile":{"background-color":"","background-image":"","background-repeat":"repeat","background-position":"center center","background-size":"auto","background-attachment":"scroll","background-type":"","background-media":"","overlay-type":"","overlay-color":"","overlay-opacity":"","overlay-gradient":""}},"ast-content-background-meta":{"desktop":{"background-color":"var(--ast-global-color-5)","background-image":"","background-repeat":"repeat","background-position":"center center","background-size":"auto","background-attachment":"scroll","background-type":"","background-media":"","overlay-type":"","overlay-color":"","overlay-opacity":"","overlay-gradient":""},"tablet":{"background-color":"var(--ast-global-color-5)","background-image":"","background-repeat":"repeat","background-position":"center center","background-size":"auto","background-attachment":"scroll","background-type":"","background-media":"","overlay-type":"","overlay-color":"","overlay-opacity":"","overlay-gradient":""},"mobile":{"background-color":"var(--ast-global-color-5)","background-image":"","background-repeat":"repeat","background-position":"center center","background-size":"auto","background-attachment":"scroll","background-type":"","background-media":"","overlay-type":"","overlay-color":"","overlay-opacity":"","overlay-gradient":""}}},"product_brand":[],"product_cat":[308],"product_tag":[],"berocket_brand":[583],"class_list":{"0":"post-13867","1":"product","2":"type-product","3":"status-publish","4":"has-post-thumbnail","6":"product_cat-acu-krems","7":"berocket_brand-medi-peel","8":"desktop-align-left","9":"tablet-align-left","10":"mobile-align-left","12":"first","13":"outofstock","14":"taxable","15":"shipping-taxable","16":"purchasable","17":"product-type-simple","18":"add-to-wishlist-before_image"},"yoast_head":"<!-- This site is optimized with the Yoast SEO plugin v27.4 - https:\/\/yoast.com\/product\/yoast-seo-wordpress\/ -->\n<title>Medi-Peel Peptide Balance9 Eye Hyaluronic Volumy Eye Cream 40ml - FACECORNER<\/title>\n<meta name=\"robots\" content=\"index, follow, max-snippet:-1, max-image-preview:large, max-video-preview:-1\" \/>\n<link rel=\"canonical\" href=\"https:\/\/www.facecorner.lv\/en\/shop\/medi-peel-peptide-balance9-eye-hyaluronic-volumy-eye-cream-40ml\/\" \/>\n<meta property=\"og:locale\" content=\"en_US\" \/>\n<meta property=\"og:type\" content=\"article\" \/>\n<meta property=\"og:title\" content=\"Medi-Peel Peptide Balance9 Eye Hyaluronic Volumy Eye Cream 40ml - FACECORNER\" \/>\n<meta property=\"og:description\" content=\"Atjaunojo\u0161am acu kr\u0113mam ar Medi-Peel Peptide Balance9 Eye Hyaluronic Volumy Eye Cream ir izteikts savilk\u0161anas un liftinga efekts. Izl\u012bdzina s\u012bk\u0101s m\u012bmikas krunci\u0146as un samazina dzi\u013c\u0101ko m\u012bmiku, saglab\u0101 \u0101das tvirtumu un elast\u012bbu, stiprina turgoru un pal\u0113nina noveco\u0161an\u0101s procesus. Kr\u0113mam ir nostiprino\u0161a iedarb\u012bba, tas izl\u012bdzina v\u0101rnu p\u0113das un \u0101das krunci\u0146as, samazina tum\u0161o loku smagumu zem ac\u012bm, savelk [&hellip;]\" \/>\n<meta property=\"og:url\" content=\"https:\/\/www.facecorner.lv\/en\/shop\/medi-peel-peptide-balance9-eye-hyaluronic-volumy-eye-cream-40ml\/\" \/>\n<meta property=\"og:site_name\" content=\"FACECORNER\" \/>\n<meta property=\"article:publisher\" content=\"https:\/\/www.facebook.com\/profile.php?id=100063824551839\" \/>\n<meta property=\"article:modified_time\" content=\"2025-05-22T19:34:06+00:00\" \/>\n<meta property=\"og:image\" content=\"https:\/\/www.facecorner.lv\/wp-content\/uploads\/2024\/01\/MEDI_PEEL-Peptide-Balance9-Eye-Hyaluronic-Volume-Eye-Cream.jpg\" \/>\n\t<meta property=\"og:image:width\" content=\"500\" \/>\n\t<meta property=\"og:image:height\" content=\"500\" \/>\n\t<meta property=\"og:image:type\" content=\"image\/jpeg\" \/>\n<meta name=\"twitter:card\" content=\"summary_large_image\" \/>\n<meta name=\"twitter:label1\" content=\"Price\" \/>\n\t<meta name=\"twitter:data1\" content=\"&euro;21.50\" \/>\n\t<meta name=\"twitter:label2\" content=\"Availability\" \/>\n\t<meta name=\"twitter:data2\" content=\"Out of stock\" \/>\n<script type=\"application\/ld+json\" class=\"yoast-schema-graph\">{\"@context\":\"https:\\\/\\\/schema.org\",\"@graph\":[{\"@type\":\"WebPage\",\"@id\":\"https:\\\/\\\/www.facecorner.lv\\\/shop\\\/medi-peel-peptide-balance9-eye-hyaluronic-volumy-eye-cream-40ml\\\/\",\"url\":\"https:\\\/\\\/www.facecorner.lv\\\/shop\\\/medi-peel-peptide-balance9-eye-hyaluronic-volumy-eye-cream-40ml\\\/\",\"name\":\"Medi-Peel Peptide Balance9 Eye Hyaluronic Volumy Eye Cream 40ml - FACECORNER\",\"isPartOf\":{\"@id\":\"https:\\\/\\\/www.facecorner.lv\\\/#website\"},\"primaryImageOfPage\":{\"@id\":\"https:\\\/\\\/www.facecorner.lv\\\/shop\\\/medi-peel-peptide-balance9-eye-hyaluronic-volumy-eye-cream-40ml\\\/#primaryimage\"},\"image\":{\"@id\":\"https:\\\/\\\/www.facecorner.lv\\\/shop\\\/medi-peel-peptide-balance9-eye-hyaluronic-volumy-eye-cream-40ml\\\/#primaryimage\"},\"thumbnailUrl\":\"https:\\\/\\\/www.facecorner.lv\\\/wp-content\\\/uploads\\\/2024\\\/01\\\/MEDI_PEEL-Peptide-Balance9-Eye-Hyaluronic-Volume-Eye-Cream.jpg\",\"datePublished\":\"2024-01-14T12:36:15+00:00\",\"dateModified\":\"2025-05-22T19:34:06+00:00\",\"breadcrumb\":{\"@id\":\"https:\\\/\\\/www.facecorner.lv\\\/shop\\\/medi-peel-peptide-balance9-eye-hyaluronic-volumy-eye-cream-40ml\\\/#breadcrumb\"},\"inLanguage\":\"en-US\",\"potentialAction\":[{\"@type\":\"ReadAction\",\"target\":[\"https:\\\/\\\/www.facecorner.lv\\\/shop\\\/medi-peel-peptide-balance9-eye-hyaluronic-volumy-eye-cream-40ml\\\/\"]}]},{\"@type\":\"ImageObject\",\"inLanguage\":\"en-US\",\"@id\":\"https:\\\/\\\/www.facecorner.lv\\\/shop\\\/medi-peel-peptide-balance9-eye-hyaluronic-volumy-eye-cream-40ml\\\/#primaryimage\",\"url\":\"https:\\\/\\\/www.facecorner.lv\\\/wp-content\\\/uploads\\\/2024\\\/01\\\/MEDI_PEEL-Peptide-Balance9-Eye-Hyaluronic-Volume-Eye-Cream.jpg\",\"contentUrl\":\"https:\\\/\\\/www.facecorner.lv\\\/wp-content\\\/uploads\\\/2024\\\/01\\\/MEDI_PEEL-Peptide-Balance9-Eye-Hyaluronic-Volume-Eye-Cream.jpg\",\"width\":500,\"height\":500},{\"@type\":\"BreadcrumbList\",\"@id\":\"https:\\\/\\\/www.facecorner.lv\\\/shop\\\/medi-peel-peptide-balance9-eye-hyaluronic-volumy-eye-cream-40ml\\\/#breadcrumb\",\"itemListElement\":[{\"@type\":\"ListItem\",\"position\":1,\"name\":\"Home\",\"item\":\"https:\\\/\\\/www.facecorner.lv\\\/\"},{\"@type\":\"ListItem\",\"position\":2,\"name\":\"Veikals\",\"item\":\"https:\\\/\\\/www.facecorner.lv\\\/shop\\\/\"},{\"@type\":\"ListItem\",\"position\":3,\"name\":\"Medi-Peel Peptide Balance9 Eye Hyaluronic Volumy Eye Cream 40ml\"}]},{\"@type\":\"WebSite\",\"@id\":\"https:\\\/\\\/www.facecorner.lv\\\/#website\",\"url\":\"https:\\\/\\\/www.facecorner.lv\\\/\",\"name\":\"Facecorner\",\"description\":\"\",\"publisher\":{\"@id\":\"https:\\\/\\\/www.facecorner.lv\\\/#organization\"},\"potentialAction\":[{\"@type\":\"SearchAction\",\"target\":{\"@type\":\"EntryPoint\",\"urlTemplate\":\"https:\\\/\\\/www.facecorner.lv\\\/?s={search_term_string}\"},\"query-input\":{\"@type\":\"PropertyValueSpecification\",\"valueRequired\":true,\"valueName\":\"search_term_string\"}}],\"inLanguage\":\"en-US\"},{\"@type\":\"Organization\",\"@id\":\"https:\\\/\\\/www.facecorner.lv\\\/#organization\",\"name\":\"Facecorner\",\"url\":\"https:\\\/\\\/www.facecorner.lv\\\/\",\"logo\":{\"@type\":\"ImageObject\",\"inLanguage\":\"en-US\",\"@id\":\"https:\\\/\\\/www.facecorner.lv\\\/#\\\/schema\\\/logo\\\/image\\\/\",\"url\":\"https:\\\/\\\/www.facecorner.lv\\\/wp-content\\\/uploads\\\/2024\\\/04\\\/fc-logo.jpg\",\"contentUrl\":\"https:\\\/\\\/www.facecorner.lv\\\/wp-content\\\/uploads\\\/2024\\\/04\\\/fc-logo.jpg\",\"width\":174,\"height\":28,\"caption\":\"Facecorner\"},\"image\":{\"@id\":\"https:\\\/\\\/www.facecorner.lv\\\/#\\\/schema\\\/logo\\\/image\\\/\"},\"sameAs\":[\"https:\\\/\\\/www.facebook.com\\\/profile.php?id=100063824551839\",\"https:\\\/\\\/www.instagram.com\\\/facecorner_shop\\\/\"]}]}<\/script>\n<meta property=\"product:price:amount\" content=\"21.50\" \/>\n<meta property=\"product:price:currency\" content=\"EUR\" \/>\n<meta property=\"og:availability\" content=\"out of stock\" \/>\n<meta property=\"product:availability\" content=\"out of stock\" \/>\n<meta property=\"product:condition\" content=\"new\" \/>\n<!-- \/ Yoast SEO plugin. -->","yoast_head_json":{"title":"Medi-Peel Peptide Balance9 Eye Hyaluronic Volumy Eye Cream 40ml - FACECORNER","robots":{"index":"index","follow":"follow","max-snippet":"max-snippet:-1","max-image-preview":"max-image-preview:large","max-video-preview":"max-video-preview:-1"},"canonical":"https:\/\/www.facecorner.lv\/en\/shop\/medi-peel-peptide-balance9-eye-hyaluronic-volumy-eye-cream-40ml\/","og_locale":"en_US","og_type":"article","og_title":"Medi-Peel Peptide Balance9 Eye Hyaluronic Volumy Eye Cream 40ml - FACECORNER","og_description":"Atjaunojo\u0161am acu kr\u0113mam ar Medi-Peel Peptide Balance9 Eye Hyaluronic Volumy Eye Cream ir izteikts savilk\u0161anas un liftinga efekts. Izl\u012bdzina s\u012bk\u0101s m\u012bmikas krunci\u0146as un samazina dzi\u013c\u0101ko m\u012bmiku, saglab\u0101 \u0101das tvirtumu un elast\u012bbu, stiprina turgoru un pal\u0113nina noveco\u0161an\u0101s procesus. Kr\u0113mam ir nostiprino\u0161a iedarb\u012bba, tas izl\u012bdzina v\u0101rnu p\u0113das un \u0101das krunci\u0146as, samazina tum\u0161o loku smagumu zem ac\u012bm, savelk [&hellip;]","og_url":"https:\/\/www.facecorner.lv\/en\/shop\/medi-peel-peptide-balance9-eye-hyaluronic-volumy-eye-cream-40ml\/","og_site_name":"FACECORNER","article_publisher":"https:\/\/www.facebook.com\/profile.php?id=100063824551839","article_modified_time":"2025-05-22T19:34:06+00:00","og_image":[{"width":500,"height":500,"url":"https:\/\/www.facecorner.lv\/wp-content\/uploads\/2024\/01\/MEDI_PEEL-Peptide-Balance9-Eye-Hyaluronic-Volume-Eye-Cream.jpg","type":"image\/jpeg"}],"twitter_card":"summary_large_image","twitter_misc":{"Price":"&euro;21.50","Availability":"Out of stock"},"schema":{"@context":"https:\/\/schema.org","@graph":[{"@type":"WebPage","@id":"https:\/\/www.facecorner.lv\/shop\/medi-peel-peptide-balance9-eye-hyaluronic-volumy-eye-cream-40ml\/","url":"https:\/\/www.facecorner.lv\/shop\/medi-peel-peptide-balance9-eye-hyaluronic-volumy-eye-cream-40ml\/","name":"Medi-Peel Peptide Balance9 Eye Hyaluronic Volumy Eye Cream 40ml - FACECORNER","isPartOf":{"@id":"https:\/\/www.facecorner.lv\/#website"},"primaryImageOfPage":{"@id":"https:\/\/www.facecorner.lv\/shop\/medi-peel-peptide-balance9-eye-hyaluronic-volumy-eye-cream-40ml\/#primaryimage"},"image":{"@id":"https:\/\/www.facecorner.lv\/shop\/medi-peel-peptide-balance9-eye-hyaluronic-volumy-eye-cream-40ml\/#primaryimage"},"thumbnailUrl":"https:\/\/www.facecorner.lv\/wp-content\/uploads\/2024\/01\/MEDI_PEEL-Peptide-Balance9-Eye-Hyaluronic-Volume-Eye-Cream.jpg","datePublished":"2024-01-14T12:36:15+00:00","dateModified":"2025-05-22T19:34:06+00:00","breadcrumb":{"@id":"https:\/\/www.facecorner.lv\/shop\/medi-peel-peptide-balance9-eye-hyaluronic-volumy-eye-cream-40ml\/#breadcrumb"},"inLanguage":"en-US","potentialAction":[{"@type":"ReadAction","target":["https:\/\/www.facecorner.lv\/shop\/medi-peel-peptide-balance9-eye-hyaluronic-volumy-eye-cream-40ml\/"]}]},{"@type":"ImageObject","inLanguage":"en-US","@id":"https:\/\/www.facecorner.lv\/shop\/medi-peel-peptide-balance9-eye-hyaluronic-volumy-eye-cream-40ml\/#primaryimage","url":"https:\/\/www.facecorner.lv\/wp-content\/uploads\/2024\/01\/MEDI_PEEL-Peptide-Balance9-Eye-Hyaluronic-Volume-Eye-Cream.jpg","contentUrl":"https:\/\/www.facecorner.lv\/wp-content\/uploads\/2024\/01\/MEDI_PEEL-Peptide-Balance9-Eye-Hyaluronic-Volume-Eye-Cream.jpg","width":500,"height":500},{"@type":"BreadcrumbList","@id":"https:\/\/www.facecorner.lv\/shop\/medi-peel-peptide-balance9-eye-hyaluronic-volumy-eye-cream-40ml\/#breadcrumb","itemListElement":[{"@type":"ListItem","position":1,"name":"Home","item":"https:\/\/www.facecorner.lv\/"},{"@type":"ListItem","position":2,"name":"Veikals","item":"https:\/\/www.facecorner.lv\/shop\/"},{"@type":"ListItem","position":3,"name":"Medi-Peel Peptide Balance9 Eye Hyaluronic Volumy Eye Cream 40ml"}]},{"@type":"WebSite","@id":"https:\/\/www.facecorner.lv\/#website","url":"https:\/\/www.facecorner.lv\/","name":"Facecorner","description":"","publisher":{"@id":"https:\/\/www.facecorner.lv\/#organization"},"potentialAction":[{"@type":"SearchAction","target":{"@type":"EntryPoint","urlTemplate":"https:\/\/www.facecorner.lv\/?s={search_term_string}"},"query-input":{"@type":"PropertyValueSpecification","valueRequired":true,"valueName":"search_term_string"}}],"inLanguage":"en-US"},{"@type":"Organization","@id":"https:\/\/www.facecorner.lv\/#organization","name":"Facecorner","url":"https:\/\/www.facecorner.lv\/","logo":{"@type":"ImageObject","inLanguage":"en-US","@id":"https:\/\/www.facecorner.lv\/#\/schema\/logo\/image\/","url":"https:\/\/www.facecorner.lv\/wp-content\/uploads\/2024\/04\/fc-logo.jpg","contentUrl":"https:\/\/www.facecorner.lv\/wp-content\/uploads\/2024\/04\/fc-logo.jpg","width":174,"height":28,"caption":"Facecorner"},"image":{"@id":"https:\/\/www.facecorner.lv\/#\/schema\/logo\/image\/"},"sameAs":["https:\/\/www.facebook.com\/profile.php?id=100063824551839","https:\/\/www.instagram.com\/facecorner_shop\/"]}]},"product_price_amount":"21.50","product_price_currency":"EUR","og_availability":"out of stock","product_availability":"out of stock","product_condition":"new"},"_links":{"self":[{"href":"https:\/\/www.facecorner.lv\/en\/wp-json\/wp\/v2\/product\/13867","targetHints":{"allow":["GET"]}}],"collection":[{"href":"https:\/\/www.facecorner.lv\/en\/wp-json\/wp\/v2\/product"}],"about":[{"href":"https:\/\/www.facecorner.lv\/en\/wp-json\/wp\/v2\/types\/product"}],"replies":[{"embeddable":true,"href":"https:\/\/www.facecorner.lv\/en\/wp-json\/wp\/v2\/comments?post=13867"}],"wp:featuredmedia":[{"embeddable":true,"href":"https:\/\/www.facecorner.lv\/en\/wp-json\/wp\/v2\/media\/13868"}],"wp:attachment":[{"href":"https:\/\/www.facecorner.lv\/en\/wp-json\/wp\/v2\/media?parent=13867"}],"wp:term":[{"taxonomy":"product_brand","embeddable":true,"href":"https:\/\/www.facecorner.lv\/en\/wp-json\/wp\/v2\/product_brand?post=13867"},{"taxonomy":"product_cat","embeddable":true,"href":"https:\/\/www.facecorner.lv\/en\/wp-json\/wp\/v2\/product_cat?post=13867"},{"taxonomy":"product_tag","embeddable":true,"href":"https:\/\/www.facecorner.lv\/en\/wp-json\/wp\/v2\/product_tag?post=13867"},{"taxonomy":"berocket_brand","embeddable":true,"href":"https:\/\/www.facecorner.lv\/en\/wp-json\/wp\/v2\/berocket_brand?post=13867"}],"curies":[{"name":"wp","href":"https:\/\/api.w.org\/{rel}","templated":true}]}}