{"id":13744,"date":"2024-01-04T19:44:32","date_gmt":"2024-01-04T17:44:32","guid":{"rendered":"https:\/\/www.facecorner.lv\/?post_type=product&#038;p=13744"},"modified":"2025-09-19T13:23:06","modified_gmt":"2025-09-19T10:23:06","slug":"dalba-white-truffle-sleeping-mask-60ml","status":"publish","type":"product","link":"https:\/\/www.facecorner.lv\/en\/shop\/dalba-white-truffle-sleeping-mask-60ml\/","title":{"rendered":"D&#8217;ALBA  White Truffle Sleeping Mask 12x4ml"},"content":{"rendered":"<p>D&#8217;ALBA White Truffle Sleeping Mask ir v\u0113rsta uz intens\u012bvu \u0101das mitrin\u0101\u0161anu pirms gul\u0113tie\u0161anas, t\u0101s kvalitat\u012bvu atjauno\u0161anu, dabisk\u0101 mirdzuma un elast\u012bbas atjauno\u0161anu.<\/p>\n<p>Luxurious gel cream formula\nMoisturize comfortably while sleeping, without residue on the blanket or pillows.\nPenetrates deep into the skin without stickiness or greasiness.<\/p>\n<p>Dewy skin for better makeup every morning\nMoisturizes the skin all night long, providing a moisturized skin base for better makeup and a boost\nin morning skin energy!<\/p>\n<p>All-in-one soothing sleeping care before going to sleep\nProtects your skin to prevent oil and moisture loss during the night and strengthen your skin barrier\nwith various nutrients. Eight types of hyaluronic acid provide rich moisturizing for smooth and healthy glowing skin.<\/p>\n<p>It incorporates a variety of organic substances such as, cynanchum atratum extract, 7-types-of-plant-derived gigawhite, milk complex, trehalulose, oregano leaf extract, spearmint leaf extract, baobab tree extract, and milk protein extract, that all contribute to mineral supply, vitality, and texture\/skin tone enhancement.<\/p>\n<p>A convenient moisturizer to carry in your pouch whenever you need instant moisture. Individual meticulous packaging also provides a hygienic and efficient skincare experince, without having to waste any product.<\/p>\n<p>*Clinically tested, hypoallergenic<\/p>\n<p><strong>How to use:<\/strong> At the last step of your night skincare routine, apply evenly over the entire face, let it absorb, and go to sleep. Avoid areas around the eyes and mouth.<\/p>\n<p><strong>Ingredientes:<\/strong>:\u00a0Water, cyclopentasiloxane, butylene glycol, glycerin, hydroxyethyl urea, betaine, dimethicone, 1,2-hexanediol, ammonium acryloyldimethyltaurate\/vp copolymer, caprylyl glycol, acrylates\/c10-30 alk yl acrylate crosspolymer, illicium verum (anise) fruit extract, polyacrylate-13, tromethamine, adenosine, polyisobutene, sodium hyaluronate, disodium edta, hydroxyethyl acrylate\/sodium acryloyldimethyl taurate copolymer, trehalose, xanthan gum, polysorbate 20, sorbitan isostearate, alcohol, hydroxypropyltrimonium hyaluronate, hippophae rhamnoides fruit extract, adansonia digitata seed extract, malva sylvestris (mallow) extract, mentha piperita (peppermint) leaf extract, achillea millefolium extract, hydrolyzed hyaluronic acid, primula veris extract, sodium acetylated hyaluronate, melissa officinalis leaf extract, veronica officinalis extract, alchemilla vulgaris extract, vincetoxicum extract, hyaluronic acid, tuber magnatum extract, origanum vulgare leaf extract, polygala tenuifolia root extract, honey extract, mentha viridis (spearmint) extract, propolis extract, melissa officinalis extract, hydrolyzed sodium hyaluronate, sigesbeckia orientalis extract, chamomilla recutita (matricaria) leaf extract, sodium hydroxide, milk protein extract, sodium hyaluronate crosspolymer, goat milk extract, ethylhexylglycerin, potassium hyaluronate, fragrance, hexyl cinnamal.<\/p>","protected":false},"excerpt":{"rendered":"<p>D&#8217;ALBA White Truffle Sleeping Mask ir v\u0113rsta uz intens\u012bvu \u0101das mitrin\u0101\u0161anu pirms gul\u0113tie\u0161anas, t\u0101s kvalitat\u012bvu atjauno\u0161anu, dabisk\u0101 mirdzuma un elast\u012bbas atjauno\u0161anu.<\/p>","protected":false},"featured_media":23169,"comment_status":"open","ping_status":"closed","template":"","meta":{"site-sidebar-layout":"default","site-content-layout":"","ast-site-content-layout":"default","site-content-style":"default","site-sidebar-style":"default","ast-global-header-display":"","ast-banner-title-visibility":"","ast-main-header-display":"","ast-hfb-above-header-display":"","ast-hfb-below-header-display":"","ast-hfb-mobile-header-display":"","site-post-title":"","ast-breadcrumbs-content":"","ast-featured-img":"","footer-sml-layout":"","theme-transparent-header-meta":"default","adv-header-id-meta":"","stick-header-meta":"","header-above-stick-meta":"","header-main-stick-meta":"","header-below-stick-meta":"","astra-migrate-meta-layouts":"set","ast-page-background-enabled":"default","ast-page-background-meta":{"desktop":{"background-color":"var(--ast-global-color-4)","background-image":"","background-repeat":"repeat","background-position":"center center","background-size":"auto","background-attachment":"scroll","background-type":"","background-media":"","overlay-type":"","overlay-color":"","overlay-opacity":"","overlay-gradient":""},"tablet":{"background-color":"","background-image":"","background-repeat":"repeat","background-position":"center center","background-size":"auto","background-attachment":"scroll","background-type":"","background-media":"","overlay-type":"","overlay-color":"","overlay-opacity":"","overlay-gradient":""},"mobile":{"background-color":"","background-image":"","background-repeat":"repeat","background-position":"center center","background-size":"auto","background-attachment":"scroll","background-type":"","background-media":"","overlay-type":"","overlay-color":"","overlay-opacity":"","overlay-gradient":""}},"ast-content-background-meta":{"desktop":{"background-color":"var(--ast-global-color-5)","background-image":"","background-repeat":"repeat","background-position":"center center","background-size":"auto","background-attachment":"scroll","background-type":"","background-media":"","overlay-type":"","overlay-color":"","overlay-opacity":"","overlay-gradient":""},"tablet":{"background-color":"var(--ast-global-color-5)","background-image":"","background-repeat":"repeat","background-position":"center center","background-size":"auto","background-attachment":"scroll","background-type":"","background-media":"","overlay-type":"","overlay-color":"","overlay-opacity":"","overlay-gradient":""},"mobile":{"background-color":"var(--ast-global-color-5)","background-image":"","background-repeat":"repeat","background-position":"center center","background-size":"auto","background-attachment":"scroll","background-type":"","background-media":"","overlay-type":"","overlay-color":"","overlay-opacity":"","overlay-gradient":""}}},"product_brand":[],"product_cat":[315,322],"product_tag":[],"berocket_brand":[572],"class_list":{"0":"post-13744","1":"product","2":"type-product","3":"status-publish","4":"has-post-thumbnail","6":"product_cat-maskas","7":"product_cat-nakts","8":"berocket_brand-dalba","9":"desktop-align-left","10":"tablet-align-left","11":"mobile-align-left","13":"first","14":"instock","15":"taxable","16":"shipping-taxable","17":"purchasable","18":"product-type-simple","19":"add-to-wishlist-before_image"},"yoast_head":"<!-- This site is optimized with the Yoast SEO plugin v27.3 - https:\/\/yoast.com\/product\/yoast-seo-wordpress\/ -->\n<title>D&#039;ALBA White Truffle Sleeping Mask 12x4ml - FACECORNER<\/title>\n<meta name=\"description\" content=\"D&#039;ALBA White Truffle Sleeping Mask ir v\u0113rsta uz intens\u012bvu \u0101das mitrin\u0101\u0161anu pirms gul\u0113tie\u0161anas, t\u0101s kvalitat\u012bvu atjauno\u0161anu, dabisk\u0101 mirdzuma\" \/>\n<meta name=\"robots\" content=\"index, follow, max-snippet:-1, max-image-preview:large, max-video-preview:-1\" \/>\n<link rel=\"canonical\" href=\"https:\/\/www.facecorner.lv\/en\/shop\/dalba-white-truffle-sleeping-mask-60ml\/\" \/>\n<meta property=\"og:locale\" content=\"en_US\" \/>\n<meta property=\"og:type\" content=\"article\" \/>\n<meta property=\"og:title\" content=\"D&#039;ALBA White Truffle Sleeping Mask 12x4ml - FACECORNER\" \/>\n<meta property=\"og:description\" content=\"D&#039;ALBA White Truffle Sleeping Mask ir v\u0113rsta uz intens\u012bvu \u0101das mitrin\u0101\u0161anu pirms gul\u0113tie\u0161anas, t\u0101s kvalitat\u012bvu atjauno\u0161anu, dabisk\u0101 mirdzuma\" \/>\n<meta property=\"og:url\" content=\"https:\/\/www.facecorner.lv\/en\/shop\/dalba-white-truffle-sleeping-mask-60ml\/\" \/>\n<meta property=\"og:site_name\" content=\"FACECORNER\" \/>\n<meta property=\"article:publisher\" content=\"https:\/\/www.facebook.com\/profile.php?id=100063824551839\" \/>\n<meta property=\"article:modified_time\" content=\"2025-09-19T10:23:06+00:00\" \/>\n<meta property=\"og:image\" content=\"https:\/\/www.facecorner.lv\/wp-content\/uploads\/2024\/01\/515960b32561378a54def4132c23ab7b_1000x.webp\" \/>\n\t<meta property=\"og:image:width\" content=\"1000\" \/>\n\t<meta property=\"og:image:height\" content=\"1000\" \/>\n\t<meta property=\"og:image:type\" content=\"image\/webp\" \/>\n<meta name=\"twitter:card\" content=\"summary_large_image\" \/>\n<meta name=\"twitter:label1\" content=\"Price\" \/>\n\t<meta name=\"twitter:data1\" content=\"&euro;27.00\" \/>\n\t<meta name=\"twitter:label2\" content=\"Availability\" \/>\n\t<meta name=\"twitter:data2\" content=\"In stock\" \/>\n<script type=\"application\/ld+json\" class=\"yoast-schema-graph\">{\"@context\":\"https:\\\/\\\/schema.org\",\"@graph\":[{\"@type\":\"WebPage\",\"@id\":\"https:\\\/\\\/www.facecorner.lv\\\/shop\\\/dalba-white-truffle-sleeping-mask-60ml\\\/\",\"url\":\"https:\\\/\\\/www.facecorner.lv\\\/shop\\\/dalba-white-truffle-sleeping-mask-60ml\\\/\",\"name\":\"D'ALBA White Truffle Sleeping Mask 12x4ml - FACECORNER\",\"isPartOf\":{\"@id\":\"https:\\\/\\\/www.facecorner.lv\\\/#website\"},\"primaryImageOfPage\":{\"@id\":\"https:\\\/\\\/www.facecorner.lv\\\/shop\\\/dalba-white-truffle-sleeping-mask-60ml\\\/#primaryimage\"},\"image\":{\"@id\":\"https:\\\/\\\/www.facecorner.lv\\\/shop\\\/dalba-white-truffle-sleeping-mask-60ml\\\/#primaryimage\"},\"thumbnailUrl\":\"https:\\\/\\\/www.facecorner.lv\\\/wp-content\\\/uploads\\\/2024\\\/01\\\/515960b32561378a54def4132c23ab7b_1000x.webp\",\"datePublished\":\"2024-01-04T17:44:32+00:00\",\"dateModified\":\"2025-09-19T10:23:06+00:00\",\"description\":\"D'ALBA White Truffle Sleeping Mask ir v\u0113rsta uz intens\u012bvu \u0101das mitrin\u0101\u0161anu pirms gul\u0113tie\u0161anas, t\u0101s kvalitat\u012bvu atjauno\u0161anu, dabisk\u0101 mirdzuma\",\"breadcrumb\":{\"@id\":\"https:\\\/\\\/www.facecorner.lv\\\/shop\\\/dalba-white-truffle-sleeping-mask-60ml\\\/#breadcrumb\"},\"inLanguage\":\"en-US\",\"potentialAction\":[{\"@type\":\"ReadAction\",\"target\":[\"https:\\\/\\\/www.facecorner.lv\\\/shop\\\/dalba-white-truffle-sleeping-mask-60ml\\\/\"]}]},{\"@type\":\"ImageObject\",\"inLanguage\":\"en-US\",\"@id\":\"https:\\\/\\\/www.facecorner.lv\\\/shop\\\/dalba-white-truffle-sleeping-mask-60ml\\\/#primaryimage\",\"url\":\"https:\\\/\\\/www.facecorner.lv\\\/wp-content\\\/uploads\\\/2024\\\/01\\\/515960b32561378a54def4132c23ab7b_1000x.webp\",\"contentUrl\":\"https:\\\/\\\/www.facecorner.lv\\\/wp-content\\\/uploads\\\/2024\\\/01\\\/515960b32561378a54def4132c23ab7b_1000x.webp\",\"width\":1000,\"height\":1000,\"caption\":\"D'ALBA White Truffle Sleeping Mask\"},{\"@type\":\"BreadcrumbList\",\"@id\":\"https:\\\/\\\/www.facecorner.lv\\\/shop\\\/dalba-white-truffle-sleeping-mask-60ml\\\/#breadcrumb\",\"itemListElement\":[{\"@type\":\"ListItem\",\"position\":1,\"name\":\"Home\",\"item\":\"https:\\\/\\\/www.facecorner.lv\\\/\"},{\"@type\":\"ListItem\",\"position\":2,\"name\":\"Veikals\",\"item\":\"https:\\\/\\\/www.facecorner.lv\\\/shop\\\/\"},{\"@type\":\"ListItem\",\"position\":3,\"name\":\"D&#8217;ALBA White Truffle Sleeping Mask 12x4ml\"}]},{\"@type\":\"WebSite\",\"@id\":\"https:\\\/\\\/www.facecorner.lv\\\/#website\",\"url\":\"https:\\\/\\\/www.facecorner.lv\\\/\",\"name\":\"Facecorner\",\"description\":\"\",\"publisher\":{\"@id\":\"https:\\\/\\\/www.facecorner.lv\\\/#organization\"},\"potentialAction\":[{\"@type\":\"SearchAction\",\"target\":{\"@type\":\"EntryPoint\",\"urlTemplate\":\"https:\\\/\\\/www.facecorner.lv\\\/?s={search_term_string}\"},\"query-input\":{\"@type\":\"PropertyValueSpecification\",\"valueRequired\":true,\"valueName\":\"search_term_string\"}}],\"inLanguage\":\"en-US\"},{\"@type\":\"Organization\",\"@id\":\"https:\\\/\\\/www.facecorner.lv\\\/#organization\",\"name\":\"Facecorner\",\"url\":\"https:\\\/\\\/www.facecorner.lv\\\/\",\"logo\":{\"@type\":\"ImageObject\",\"inLanguage\":\"en-US\",\"@id\":\"https:\\\/\\\/www.facecorner.lv\\\/#\\\/schema\\\/logo\\\/image\\\/\",\"url\":\"https:\\\/\\\/www.facecorner.lv\\\/wp-content\\\/uploads\\\/2024\\\/04\\\/fc-logo.jpg\",\"contentUrl\":\"https:\\\/\\\/www.facecorner.lv\\\/wp-content\\\/uploads\\\/2024\\\/04\\\/fc-logo.jpg\",\"width\":174,\"height\":28,\"caption\":\"Facecorner\"},\"image\":{\"@id\":\"https:\\\/\\\/www.facecorner.lv\\\/#\\\/schema\\\/logo\\\/image\\\/\"},\"sameAs\":[\"https:\\\/\\\/www.facebook.com\\\/profile.php?id=100063824551839\",\"https:\\\/\\\/www.instagram.com\\\/facecorner_shop\\\/\"]}]}<\/script>\n<meta property=\"product:price:amount\" content=\"27.00\" \/>\n<meta property=\"product:price:currency\" content=\"EUR\" \/>\n<meta property=\"og:availability\" content=\"instock\" \/>\n<meta property=\"product:availability\" content=\"instock\" \/>\n<meta property=\"product:condition\" content=\"new\" \/>\n<!-- \/ Yoast SEO plugin. -->","yoast_head_json":{"title":"D'ALBA White Truffle Sleeping Mask 12x4ml - FACECORNER","description":"D'ALBA White Truffle Sleeping Mask ir v\u0113rsta uz intens\u012bvu \u0101das mitrin\u0101\u0161anu pirms gul\u0113tie\u0161anas, t\u0101s kvalitat\u012bvu atjauno\u0161anu, dabisk\u0101 mirdzuma","robots":{"index":"index","follow":"follow","max-snippet":"max-snippet:-1","max-image-preview":"max-image-preview:large","max-video-preview":"max-video-preview:-1"},"canonical":"https:\/\/www.facecorner.lv\/en\/shop\/dalba-white-truffle-sleeping-mask-60ml\/","og_locale":"en_US","og_type":"article","og_title":"D'ALBA White Truffle Sleeping Mask 12x4ml - FACECORNER","og_description":"D'ALBA White Truffle Sleeping Mask ir v\u0113rsta uz intens\u012bvu \u0101das mitrin\u0101\u0161anu pirms gul\u0113tie\u0161anas, t\u0101s kvalitat\u012bvu atjauno\u0161anu, dabisk\u0101 mirdzuma","og_url":"https:\/\/www.facecorner.lv\/en\/shop\/dalba-white-truffle-sleeping-mask-60ml\/","og_site_name":"FACECORNER","article_publisher":"https:\/\/www.facebook.com\/profile.php?id=100063824551839","article_modified_time":"2025-09-19T10:23:06+00:00","og_image":[{"width":1000,"height":1000,"url":"https:\/\/www.facecorner.lv\/wp-content\/uploads\/2024\/01\/515960b32561378a54def4132c23ab7b_1000x.webp","type":"image\/webp"}],"twitter_card":"summary_large_image","twitter_misc":{"Price":"&euro;27.00","Availability":"In stock"},"schema":{"@context":"https:\/\/schema.org","@graph":[{"@type":"WebPage","@id":"https:\/\/www.facecorner.lv\/shop\/dalba-white-truffle-sleeping-mask-60ml\/","url":"https:\/\/www.facecorner.lv\/shop\/dalba-white-truffle-sleeping-mask-60ml\/","name":"D'ALBA White Truffle Sleeping Mask 12x4ml - FACECORNER","isPartOf":{"@id":"https:\/\/www.facecorner.lv\/#website"},"primaryImageOfPage":{"@id":"https:\/\/www.facecorner.lv\/shop\/dalba-white-truffle-sleeping-mask-60ml\/#primaryimage"},"image":{"@id":"https:\/\/www.facecorner.lv\/shop\/dalba-white-truffle-sleeping-mask-60ml\/#primaryimage"},"thumbnailUrl":"https:\/\/www.facecorner.lv\/wp-content\/uploads\/2024\/01\/515960b32561378a54def4132c23ab7b_1000x.webp","datePublished":"2024-01-04T17:44:32+00:00","dateModified":"2025-09-19T10:23:06+00:00","description":"D'ALBA White Truffle Sleeping Mask ir v\u0113rsta uz intens\u012bvu \u0101das mitrin\u0101\u0161anu pirms gul\u0113tie\u0161anas, t\u0101s kvalitat\u012bvu atjauno\u0161anu, dabisk\u0101 mirdzuma","breadcrumb":{"@id":"https:\/\/www.facecorner.lv\/shop\/dalba-white-truffle-sleeping-mask-60ml\/#breadcrumb"},"inLanguage":"en-US","potentialAction":[{"@type":"ReadAction","target":["https:\/\/www.facecorner.lv\/shop\/dalba-white-truffle-sleeping-mask-60ml\/"]}]},{"@type":"ImageObject","inLanguage":"en-US","@id":"https:\/\/www.facecorner.lv\/shop\/dalba-white-truffle-sleeping-mask-60ml\/#primaryimage","url":"https:\/\/www.facecorner.lv\/wp-content\/uploads\/2024\/01\/515960b32561378a54def4132c23ab7b_1000x.webp","contentUrl":"https:\/\/www.facecorner.lv\/wp-content\/uploads\/2024\/01\/515960b32561378a54def4132c23ab7b_1000x.webp","width":1000,"height":1000,"caption":"D'ALBA White Truffle Sleeping Mask"},{"@type":"BreadcrumbList","@id":"https:\/\/www.facecorner.lv\/shop\/dalba-white-truffle-sleeping-mask-60ml\/#breadcrumb","itemListElement":[{"@type":"ListItem","position":1,"name":"Home","item":"https:\/\/www.facecorner.lv\/"},{"@type":"ListItem","position":2,"name":"Veikals","item":"https:\/\/www.facecorner.lv\/shop\/"},{"@type":"ListItem","position":3,"name":"D&#8217;ALBA White Truffle Sleeping Mask 12x4ml"}]},{"@type":"WebSite","@id":"https:\/\/www.facecorner.lv\/#website","url":"https:\/\/www.facecorner.lv\/","name":"Facecorner","description":"","publisher":{"@id":"https:\/\/www.facecorner.lv\/#organization"},"potentialAction":[{"@type":"SearchAction","target":{"@type":"EntryPoint","urlTemplate":"https:\/\/www.facecorner.lv\/?s={search_term_string}"},"query-input":{"@type":"PropertyValueSpecification","valueRequired":true,"valueName":"search_term_string"}}],"inLanguage":"en-US"},{"@type":"Organization","@id":"https:\/\/www.facecorner.lv\/#organization","name":"Facecorner","url":"https:\/\/www.facecorner.lv\/","logo":{"@type":"ImageObject","inLanguage":"en-US","@id":"https:\/\/www.facecorner.lv\/#\/schema\/logo\/image\/","url":"https:\/\/www.facecorner.lv\/wp-content\/uploads\/2024\/04\/fc-logo.jpg","contentUrl":"https:\/\/www.facecorner.lv\/wp-content\/uploads\/2024\/04\/fc-logo.jpg","width":174,"height":28,"caption":"Facecorner"},"image":{"@id":"https:\/\/www.facecorner.lv\/#\/schema\/logo\/image\/"},"sameAs":["https:\/\/www.facebook.com\/profile.php?id=100063824551839","https:\/\/www.instagram.com\/facecorner_shop\/"]}]},"product_price_amount":"27.00","product_price_currency":"EUR","og_availability":"instock","product_availability":"instock","product_condition":"new"},"_links":{"self":[{"href":"https:\/\/www.facecorner.lv\/en\/wp-json\/wp\/v2\/product\/13744","targetHints":{"allow":["GET"]}}],"collection":[{"href":"https:\/\/www.facecorner.lv\/en\/wp-json\/wp\/v2\/product"}],"about":[{"href":"https:\/\/www.facecorner.lv\/en\/wp-json\/wp\/v2\/types\/product"}],"replies":[{"embeddable":true,"href":"https:\/\/www.facecorner.lv\/en\/wp-json\/wp\/v2\/comments?post=13744"}],"wp:featuredmedia":[{"embeddable":true,"href":"https:\/\/www.facecorner.lv\/en\/wp-json\/wp\/v2\/media\/23169"}],"wp:attachment":[{"href":"https:\/\/www.facecorner.lv\/en\/wp-json\/wp\/v2\/media?parent=13744"}],"wp:term":[{"taxonomy":"product_brand","embeddable":true,"href":"https:\/\/www.facecorner.lv\/en\/wp-json\/wp\/v2\/product_brand?post=13744"},{"taxonomy":"product_cat","embeddable":true,"href":"https:\/\/www.facecorner.lv\/en\/wp-json\/wp\/v2\/product_cat?post=13744"},{"taxonomy":"product_tag","embeddable":true,"href":"https:\/\/www.facecorner.lv\/en\/wp-json\/wp\/v2\/product_tag?post=13744"},{"taxonomy":"berocket_brand","embeddable":true,"href":"https:\/\/www.facecorner.lv\/en\/wp-json\/wp\/v2\/berocket_brand?post=13744"}],"curies":[{"name":"wp","href":"https:\/\/api.w.org\/{rel}","templated":true}]}}