{"id":13736,"date":"2024-01-03T22:31:31","date_gmt":"2024-01-03T20:31:31","guid":{"rendered":"https:\/\/www.facecorner.lv\/?post_type=product&#038;p=13736"},"modified":"2024-12-02T23:32:38","modified_gmt":"2024-12-02T20:32:38","slug":"isntree-mugwort-calming-clay-mask-100ml","status":"publish","type":"product","link":"https:\/\/www.facecorner.lv\/en\/shop\/isntree-mugwort-calming-clay-mask-100ml\/","title":{"rendered":"IsNtree Mugwort Calming Clay Mask 100ml"},"content":{"rendered":"<p>M\u0101lu maska \u200b\u200bar v\u0113rmeles ekstraktu problem\u0101tiskai \u0101dai IsNtree Mugwort Calming Clay Mask efekt\u012bvi att\u012bra un noloba \u0101das raga sl\u0101ni, pa\u0101trina dz\u012b\u0161anas procesus, ir \u0101rstnieciska iedarb\u012bba un pal\u012bdz c\u012b\u0146\u0101 pret pinn\u0113m un p\u0101rm\u0113r\u012bgu taukainu \u0101du.<\/p>\n<p>Produkts regul\u0113 sebuma veido\u0161anos visas dienas garum\u0101, normaliz\u0113 hidrolip\u012bdu l\u012bdzsvaru, no\u0146em lieko sebumu un \u0161\u0137\u012bdina komedonus, efekt\u012bvi att\u012brot un savelkot poras.<\/p>\n<p>Maska lieliski mitrina, nov\u0113r\u0161 sausumu un dehidrat\u0101ciju, uzlabo \u0101das kr\u0101su, k\u0101 ar\u012b tai piem\u012bt antiseptiska iedarb\u012bba. Samazina p\u016bt\u012b\u0161u smagumu, \u017e\u0101v\u0113 un \u0101rst\u0113 iekaisumus, nov\u0113r\u0161ot to atk\u0101rtotu par\u0101d\u012b\u0161anos.<\/p>\n<p><strong>Main active ingredients:<\/strong><\/p>\n<ul>\n<li>V\u0113rmeles ekstraktam piem\u012bt bakteric\u012bda, antiseptiska un pretiekaisuma iedarb\u012bba. Normaliz\u0113 \u0101das hidrolip\u012bdu l\u012bdzsvaru, \u0101rst\u0113 pinnes.<\/li>\n<li>6 veidu m\u0101li absorb\u0113 net\u012brumus no por\u0101m, ir bag\u0101tin\u0101ti ar labv\u0113l\u012bg\u0101m miner\u0101lviel\u0101m (k\u0101lijs, magnijs, kalcijs, cinks, sl\u0101peklis), piem\u012bt antitoksiskas, antiseptiskas, bakteric\u012bdas \u012bpa\u0161\u012bbas, veicina audu atjauno\u0161anos, att\u012bra \u0101das virsmu un izvada toks\u012bnus, m\u012bkstina, uzlabo sejas kr\u0101su .<\/li>\n<li>Pantenols (B5 vitam\u012bns) nomierina, mazina kairin\u0101jumu un aps\u0101rtumu, veicina br\u016b\u010du un mikroboj\u0101jumu dz\u012b\u0161anu, pa\u0101trina re\u0123ener\u0101ciju un stiprina mitruma barjeru.<\/li>\n<li>Balt\u0101 v\u012btola mizas ekstrakts satur taukos \u0161\u0137\u012bsto\u0161o BHA sk\u0101bi, kas izvada no por\u0101m net\u012brumus, nov\u0113r\u0161ot to aizs\u0113r\u0113\u0161anu un melno punktu ra\u0161anos, noloba un samazina papla\u0161in\u0101t\u0101s poras.<\/li>\n<li>Za\u013c\u0101s t\u0113jas hidrol\u0101ts toniz\u0113 un aizsarg\u0101 \u0161\u016bnas no br\u012bvajiem radik\u0101\u013ciem, t\u0101d\u0113j\u0101di pal\u0113ninot ar vecumu saist\u012btas izmai\u0146as.<\/li>\n<\/ul>\n<p>Piem\u0113rots kombin\u0113tai, problem\u0101tiskai un taukainai \u0101dai.<\/p>\n<p><strong>How to use:<\/strong> Uzkl\u0101jiet nepiecie\u0161amo maskas daudzumu uz t\u012bras, sausas \u0101das, izvairoties no acu un l\u016bpu zonas. P\u0113c 10-15 min\u016bt\u0113m noskalojiet masku ar v\u0113su \u016bdeni.<\/p>\n<p><strong>Ingredientes:\u00a0<\/strong>Water, Kaolin, Glycerin, Dipropylene Glycol, Bentonite, Artemisia Princeps Extract, Stearic Acid, Panthenol, 1,2-Hexanediol, Illite, Artemisia Princeps Leaf Powder, Camellia Sinensis Leaf Water, Castanea Crenata (Chestnut) Shell Extract, Origanum Vulgare Leaf Extract, Chamaecyparis Obtusa Leaf Extract, Salix Alba (Willow) Bark Extract, Avena Sativa (Oat) Kernel Extract, Cynara Scolymus (Artichoke) Leaf Extract, Lactobacillus\/Soybean Ferment Extract, Portulaca Oleracea Extract, Cinnamomum Cassia Bark Extract, Scutellaria Baicalensis Root Extract, Montmorillonite, Calcite, Phaseolus Angularis Seed Powder, Canadian Colloidal Clay, Hydrogented Lecithin, Beta-Glucan, Methylpropanediol, Algin, Magnesium Aluminum Silicate, Cetyl Alcohol, Butylene Glycol, Xanthan Gum, Allantoine, Tromethamine, Polyquaternium-51, Ethylhexylglycerin<\/p>","protected":false},"excerpt":{"rendered":"<p>M\u0101lu maska \u200b\u200bar v\u0113rmeles ekstraktu problem\u0101tiskai \u0101dai IsNtree Mugwort Calming Clay Mask efekt\u012bvi att\u012bra un noloba \u0101das raga sl\u0101ni, pa\u0101trina dz\u012b\u0161anas procesus, ir \u0101rstnieciska iedarb\u012bba un pal\u012bdz c\u012b\u0146\u0101 pret pinn\u0113m un p\u0101rm\u0113r\u012bgu taukainu \u0101du. Produkts regul\u0113 sebuma veido\u0161anos visas dienas garum\u0101, normaliz\u0113 hidrolip\u012bdu l\u012bdzsvaru, no\u0146em lieko sebumu un \u0161\u0137\u012bdina komedonus, efekt\u012bvi att\u012brot un savelkot poras. [&hellip;]<\/p>\n","protected":false},"featured_media":13737,"comment_status":"open","ping_status":"closed","template":"","meta":{"site-sidebar-layout":"default","site-content-layout":"","ast-site-content-layout":"","site-content-style":"default","site-sidebar-style":"default","ast-global-header-display":"","ast-banner-title-visibility":"","ast-main-header-display":"","ast-hfb-above-header-display":"","ast-hfb-below-header-display":"","ast-hfb-mobile-header-display":"","site-post-title":"","ast-breadcrumbs-content":"","ast-featured-img":"","footer-sml-layout":"","theme-transparent-header-meta":"","adv-header-id-meta":"","stick-header-meta":"","header-above-stick-meta":"","header-main-stick-meta":"","header-below-stick-meta":"","astra-migrate-meta-layouts":"default","ast-page-background-enabled":"default","ast-page-background-meta":{"desktop":{"background-color":"var(--ast-global-color-4)","background-image":"","background-repeat":"repeat","background-position":"center center","background-size":"auto","background-attachment":"scroll","background-type":"","background-media":"","overlay-type":"","overlay-color":"","overlay-opacity":"","overlay-gradient":""},"tablet":{"background-color":"","background-image":"","background-repeat":"repeat","background-position":"center center","background-size":"auto","background-attachment":"scroll","background-type":"","background-media":"","overlay-type":"","overlay-color":"","overlay-opacity":"","overlay-gradient":""},"mobile":{"background-color":"","background-image":"","background-repeat":"repeat","background-position":"center center","background-size":"auto","background-attachment":"scroll","background-type":"","background-media":"","overlay-type":"","overlay-color":"","overlay-opacity":"","overlay-gradient":""}},"ast-content-background-meta":{"desktop":{"background-color":"var(--ast-global-color-5)","background-image":"","background-repeat":"repeat","background-position":"center center","background-size":"auto","background-attachment":"scroll","background-type":"","background-media":"","overlay-type":"","overlay-color":"","overlay-opacity":"","overlay-gradient":""},"tablet":{"background-color":"var(--ast-global-color-5)","background-image":"","background-repeat":"repeat","background-position":"center center","background-size":"auto","background-attachment":"scroll","background-type":"","background-media":"","overlay-type":"","overlay-color":"","overlay-opacity":"","overlay-gradient":""},"mobile":{"background-color":"var(--ast-global-color-5)","background-image":"","background-repeat":"repeat","background-position":"center center","background-size":"auto","background-attachment":"scroll","background-type":"","background-media":"","overlay-type":"","overlay-color":"","overlay-opacity":"","overlay-gradient":""}}},"product_brand":[],"product_cat":[316,315],"product_tag":[],"berocket_brand":[585],"class_list":{"0":"post-13736","1":"product","2":"type-product","3":"status-publish","4":"has-post-thumbnail","6":"product_cat-attirosas","7":"product_cat-maskas","8":"berocket_brand-isntree","9":"desktop-align-left","10":"tablet-align-left","11":"mobile-align-left","13":"first","14":"outofstock","15":"taxable","16":"shipping-taxable","17":"purchasable","18":"product-type-simple","19":"add-to-wishlist-before_image"},"yoast_head":"<!-- This site is optimized with the Yoast SEO plugin v27.4 - https:\/\/yoast.com\/product\/yoast-seo-wordpress\/ -->\n<title>IsNtree Mugwort Calming Clay Mask 100ml - FACECORNER<\/title>\n<meta name=\"robots\" content=\"index, follow, max-snippet:-1, max-image-preview:large, max-video-preview:-1\" \/>\n<link rel=\"canonical\" href=\"https:\/\/www.facecorner.lv\/en\/shop\/isntree-mugwort-calming-clay-mask-100ml\/\" \/>\n<meta property=\"og:locale\" content=\"en_US\" \/>\n<meta property=\"og:type\" content=\"article\" \/>\n<meta property=\"og:title\" content=\"IsNtree Mugwort Calming Clay Mask 100ml - FACECORNER\" \/>\n<meta property=\"og:description\" content=\"M\u0101lu maska \u200b\u200bar v\u0113rmeles ekstraktu problem\u0101tiskai \u0101dai IsNtree Mugwort Calming Clay Mask efekt\u012bvi att\u012bra un noloba \u0101das raga sl\u0101ni, pa\u0101trina dz\u012b\u0161anas procesus, ir \u0101rstnieciska iedarb\u012bba un pal\u012bdz c\u012b\u0146\u0101 pret pinn\u0113m un p\u0101rm\u0113r\u012bgu taukainu \u0101du. Produkts regul\u0113 sebuma veido\u0161anos visas dienas garum\u0101, normaliz\u0113 hidrolip\u012bdu l\u012bdzsvaru, no\u0146em lieko sebumu un \u0161\u0137\u012bdina komedonus, efekt\u012bvi att\u012brot un savelkot poras. [&hellip;]\" \/>\n<meta property=\"og:url\" content=\"https:\/\/www.facecorner.lv\/en\/shop\/isntree-mugwort-calming-clay-mask-100ml\/\" \/>\n<meta property=\"og:site_name\" content=\"FACECORNER\" \/>\n<meta property=\"article:publisher\" content=\"https:\/\/www.facebook.com\/profile.php?id=100063824551839\" \/>\n<meta property=\"article:modified_time\" content=\"2024-12-02T20:32:38+00:00\" \/>\n<meta property=\"og:image\" content=\"https:\/\/www.facecorner.lv\/wp-content\/uploads\/2024\/01\/ISNTREE-Real-Mugwort-Clay-Mask-texture__12649.jpg\" \/>\n\t<meta property=\"og:image:width\" content=\"1280\" \/>\n\t<meta property=\"og:image:height\" content=\"1280\" \/>\n\t<meta property=\"og:image:type\" content=\"image\/jpeg\" \/>\n<meta name=\"twitter:card\" content=\"summary_large_image\" \/>\n<meta name=\"twitter:label1\" content=\"Price\" \/>\n\t<meta name=\"twitter:data1\" content=\"&euro;21.90\" \/>\n\t<meta name=\"twitter:label2\" content=\"Availability\" \/>\n\t<meta name=\"twitter:data2\" content=\"Out of stock\" \/>\n<script type=\"application\/ld+json\" class=\"yoast-schema-graph\">{\"@context\":\"https:\\\/\\\/schema.org\",\"@graph\":[{\"@type\":\"WebPage\",\"@id\":\"https:\\\/\\\/www.facecorner.lv\\\/shop\\\/isntree-mugwort-calming-clay-mask-100ml\\\/\",\"url\":\"https:\\\/\\\/www.facecorner.lv\\\/shop\\\/isntree-mugwort-calming-clay-mask-100ml\\\/\",\"name\":\"IsNtree Mugwort Calming Clay Mask 100ml - FACECORNER\",\"isPartOf\":{\"@id\":\"https:\\\/\\\/www.facecorner.lv\\\/#website\"},\"primaryImageOfPage\":{\"@id\":\"https:\\\/\\\/www.facecorner.lv\\\/shop\\\/isntree-mugwort-calming-clay-mask-100ml\\\/#primaryimage\"},\"image\":{\"@id\":\"https:\\\/\\\/www.facecorner.lv\\\/shop\\\/isntree-mugwort-calming-clay-mask-100ml\\\/#primaryimage\"},\"thumbnailUrl\":\"https:\\\/\\\/www.facecorner.lv\\\/wp-content\\\/uploads\\\/2024\\\/01\\\/ISNTREE-Real-Mugwort-Clay-Mask-texture__12649.jpg\",\"datePublished\":\"2024-01-03T20:31:31+00:00\",\"dateModified\":\"2024-12-02T20:32:38+00:00\",\"breadcrumb\":{\"@id\":\"https:\\\/\\\/www.facecorner.lv\\\/shop\\\/isntree-mugwort-calming-clay-mask-100ml\\\/#breadcrumb\"},\"inLanguage\":\"en-US\",\"potentialAction\":[{\"@type\":\"ReadAction\",\"target\":[\"https:\\\/\\\/www.facecorner.lv\\\/shop\\\/isntree-mugwort-calming-clay-mask-100ml\\\/\"]}]},{\"@type\":\"ImageObject\",\"inLanguage\":\"en-US\",\"@id\":\"https:\\\/\\\/www.facecorner.lv\\\/shop\\\/isntree-mugwort-calming-clay-mask-100ml\\\/#primaryimage\",\"url\":\"https:\\\/\\\/www.facecorner.lv\\\/wp-content\\\/uploads\\\/2024\\\/01\\\/ISNTREE-Real-Mugwort-Clay-Mask-texture__12649.jpg\",\"contentUrl\":\"https:\\\/\\\/www.facecorner.lv\\\/wp-content\\\/uploads\\\/2024\\\/01\\\/ISNTREE-Real-Mugwort-Clay-Mask-texture__12649.jpg\",\"width\":1280,\"height\":1280},{\"@type\":\"BreadcrumbList\",\"@id\":\"https:\\\/\\\/www.facecorner.lv\\\/shop\\\/isntree-mugwort-calming-clay-mask-100ml\\\/#breadcrumb\",\"itemListElement\":[{\"@type\":\"ListItem\",\"position\":1,\"name\":\"Home\",\"item\":\"https:\\\/\\\/www.facecorner.lv\\\/\"},{\"@type\":\"ListItem\",\"position\":2,\"name\":\"Veikals\",\"item\":\"https:\\\/\\\/www.facecorner.lv\\\/shop\\\/\"},{\"@type\":\"ListItem\",\"position\":3,\"name\":\"IsNtree Mugwort Calming Clay Mask 100ml\"}]},{\"@type\":\"WebSite\",\"@id\":\"https:\\\/\\\/www.facecorner.lv\\\/#website\",\"url\":\"https:\\\/\\\/www.facecorner.lv\\\/\",\"name\":\"Facecorner\",\"description\":\"\",\"publisher\":{\"@id\":\"https:\\\/\\\/www.facecorner.lv\\\/#organization\"},\"potentialAction\":[{\"@type\":\"SearchAction\",\"target\":{\"@type\":\"EntryPoint\",\"urlTemplate\":\"https:\\\/\\\/www.facecorner.lv\\\/?s={search_term_string}\"},\"query-input\":{\"@type\":\"PropertyValueSpecification\",\"valueRequired\":true,\"valueName\":\"search_term_string\"}}],\"inLanguage\":\"en-US\"},{\"@type\":\"Organization\",\"@id\":\"https:\\\/\\\/www.facecorner.lv\\\/#organization\",\"name\":\"Facecorner\",\"url\":\"https:\\\/\\\/www.facecorner.lv\\\/\",\"logo\":{\"@type\":\"ImageObject\",\"inLanguage\":\"en-US\",\"@id\":\"https:\\\/\\\/www.facecorner.lv\\\/#\\\/schema\\\/logo\\\/image\\\/\",\"url\":\"https:\\\/\\\/www.facecorner.lv\\\/wp-content\\\/uploads\\\/2024\\\/04\\\/fc-logo.jpg\",\"contentUrl\":\"https:\\\/\\\/www.facecorner.lv\\\/wp-content\\\/uploads\\\/2024\\\/04\\\/fc-logo.jpg\",\"width\":174,\"height\":28,\"caption\":\"Facecorner\"},\"image\":{\"@id\":\"https:\\\/\\\/www.facecorner.lv\\\/#\\\/schema\\\/logo\\\/image\\\/\"},\"sameAs\":[\"https:\\\/\\\/www.facebook.com\\\/profile.php?id=100063824551839\",\"https:\\\/\\\/www.instagram.com\\\/facecorner_shop\\\/\"]}]}<\/script>\n<meta property=\"product:price:amount\" content=\"21.90\" \/>\n<meta property=\"product:price:currency\" content=\"EUR\" \/>\n<meta property=\"og:availability\" content=\"out of stock\" \/>\n<meta property=\"product:availability\" content=\"out of stock\" \/>\n<meta property=\"product:condition\" content=\"new\" \/>\n<!-- \/ Yoast SEO plugin. -->","yoast_head_json":{"title":"IsNtree Mugwort Calming Clay Mask 100ml - FACECORNER","robots":{"index":"index","follow":"follow","max-snippet":"max-snippet:-1","max-image-preview":"max-image-preview:large","max-video-preview":"max-video-preview:-1"},"canonical":"https:\/\/www.facecorner.lv\/en\/shop\/isntree-mugwort-calming-clay-mask-100ml\/","og_locale":"en_US","og_type":"article","og_title":"IsNtree Mugwort Calming Clay Mask 100ml - FACECORNER","og_description":"M\u0101lu maska \u200b\u200bar v\u0113rmeles ekstraktu problem\u0101tiskai \u0101dai IsNtree Mugwort Calming Clay Mask efekt\u012bvi att\u012bra un noloba \u0101das raga sl\u0101ni, pa\u0101trina dz\u012b\u0161anas procesus, ir \u0101rstnieciska iedarb\u012bba un pal\u012bdz c\u012b\u0146\u0101 pret pinn\u0113m un p\u0101rm\u0113r\u012bgu taukainu \u0101du. Produkts regul\u0113 sebuma veido\u0161anos visas dienas garum\u0101, normaliz\u0113 hidrolip\u012bdu l\u012bdzsvaru, no\u0146em lieko sebumu un \u0161\u0137\u012bdina komedonus, efekt\u012bvi att\u012brot un savelkot poras. [&hellip;]","og_url":"https:\/\/www.facecorner.lv\/en\/shop\/isntree-mugwort-calming-clay-mask-100ml\/","og_site_name":"FACECORNER","article_publisher":"https:\/\/www.facebook.com\/profile.php?id=100063824551839","article_modified_time":"2024-12-02T20:32:38+00:00","og_image":[{"width":1280,"height":1280,"url":"https:\/\/www.facecorner.lv\/wp-content\/uploads\/2024\/01\/ISNTREE-Real-Mugwort-Clay-Mask-texture__12649.jpg","type":"image\/jpeg"}],"twitter_card":"summary_large_image","twitter_misc":{"Price":"&euro;21.90","Availability":"Out of stock"},"schema":{"@context":"https:\/\/schema.org","@graph":[{"@type":"WebPage","@id":"https:\/\/www.facecorner.lv\/shop\/isntree-mugwort-calming-clay-mask-100ml\/","url":"https:\/\/www.facecorner.lv\/shop\/isntree-mugwort-calming-clay-mask-100ml\/","name":"IsNtree Mugwort Calming Clay Mask 100ml - FACECORNER","isPartOf":{"@id":"https:\/\/www.facecorner.lv\/#website"},"primaryImageOfPage":{"@id":"https:\/\/www.facecorner.lv\/shop\/isntree-mugwort-calming-clay-mask-100ml\/#primaryimage"},"image":{"@id":"https:\/\/www.facecorner.lv\/shop\/isntree-mugwort-calming-clay-mask-100ml\/#primaryimage"},"thumbnailUrl":"https:\/\/www.facecorner.lv\/wp-content\/uploads\/2024\/01\/ISNTREE-Real-Mugwort-Clay-Mask-texture__12649.jpg","datePublished":"2024-01-03T20:31:31+00:00","dateModified":"2024-12-02T20:32:38+00:00","breadcrumb":{"@id":"https:\/\/www.facecorner.lv\/shop\/isntree-mugwort-calming-clay-mask-100ml\/#breadcrumb"},"inLanguage":"en-US","potentialAction":[{"@type":"ReadAction","target":["https:\/\/www.facecorner.lv\/shop\/isntree-mugwort-calming-clay-mask-100ml\/"]}]},{"@type":"ImageObject","inLanguage":"en-US","@id":"https:\/\/www.facecorner.lv\/shop\/isntree-mugwort-calming-clay-mask-100ml\/#primaryimage","url":"https:\/\/www.facecorner.lv\/wp-content\/uploads\/2024\/01\/ISNTREE-Real-Mugwort-Clay-Mask-texture__12649.jpg","contentUrl":"https:\/\/www.facecorner.lv\/wp-content\/uploads\/2024\/01\/ISNTREE-Real-Mugwort-Clay-Mask-texture__12649.jpg","width":1280,"height":1280},{"@type":"BreadcrumbList","@id":"https:\/\/www.facecorner.lv\/shop\/isntree-mugwort-calming-clay-mask-100ml\/#breadcrumb","itemListElement":[{"@type":"ListItem","position":1,"name":"Home","item":"https:\/\/www.facecorner.lv\/"},{"@type":"ListItem","position":2,"name":"Veikals","item":"https:\/\/www.facecorner.lv\/shop\/"},{"@type":"ListItem","position":3,"name":"IsNtree Mugwort Calming Clay Mask 100ml"}]},{"@type":"WebSite","@id":"https:\/\/www.facecorner.lv\/#website","url":"https:\/\/www.facecorner.lv\/","name":"Facecorner","description":"","publisher":{"@id":"https:\/\/www.facecorner.lv\/#organization"},"potentialAction":[{"@type":"SearchAction","target":{"@type":"EntryPoint","urlTemplate":"https:\/\/www.facecorner.lv\/?s={search_term_string}"},"query-input":{"@type":"PropertyValueSpecification","valueRequired":true,"valueName":"search_term_string"}}],"inLanguage":"en-US"},{"@type":"Organization","@id":"https:\/\/www.facecorner.lv\/#organization","name":"Facecorner","url":"https:\/\/www.facecorner.lv\/","logo":{"@type":"ImageObject","inLanguage":"en-US","@id":"https:\/\/www.facecorner.lv\/#\/schema\/logo\/image\/","url":"https:\/\/www.facecorner.lv\/wp-content\/uploads\/2024\/04\/fc-logo.jpg","contentUrl":"https:\/\/www.facecorner.lv\/wp-content\/uploads\/2024\/04\/fc-logo.jpg","width":174,"height":28,"caption":"Facecorner"},"image":{"@id":"https:\/\/www.facecorner.lv\/#\/schema\/logo\/image\/"},"sameAs":["https:\/\/www.facebook.com\/profile.php?id=100063824551839","https:\/\/www.instagram.com\/facecorner_shop\/"]}]},"product_price_amount":"21.90","product_price_currency":"EUR","og_availability":"out of stock","product_availability":"out of stock","product_condition":"new"},"_links":{"self":[{"href":"https:\/\/www.facecorner.lv\/en\/wp-json\/wp\/v2\/product\/13736","targetHints":{"allow":["GET"]}}],"collection":[{"href":"https:\/\/www.facecorner.lv\/en\/wp-json\/wp\/v2\/product"}],"about":[{"href":"https:\/\/www.facecorner.lv\/en\/wp-json\/wp\/v2\/types\/product"}],"replies":[{"embeddable":true,"href":"https:\/\/www.facecorner.lv\/en\/wp-json\/wp\/v2\/comments?post=13736"}],"wp:featuredmedia":[{"embeddable":true,"href":"https:\/\/www.facecorner.lv\/en\/wp-json\/wp\/v2\/media\/13737"}],"wp:attachment":[{"href":"https:\/\/www.facecorner.lv\/en\/wp-json\/wp\/v2\/media?parent=13736"}],"wp:term":[{"taxonomy":"product_brand","embeddable":true,"href":"https:\/\/www.facecorner.lv\/en\/wp-json\/wp\/v2\/product_brand?post=13736"},{"taxonomy":"product_cat","embeddable":true,"href":"https:\/\/www.facecorner.lv\/en\/wp-json\/wp\/v2\/product_cat?post=13736"},{"taxonomy":"product_tag","embeddable":true,"href":"https:\/\/www.facecorner.lv\/en\/wp-json\/wp\/v2\/product_tag?post=13736"},{"taxonomy":"berocket_brand","embeddable":true,"href":"https:\/\/www.facecorner.lv\/en\/wp-json\/wp\/v2\/berocket_brand?post=13736"}],"curies":[{"name":"wp","href":"https:\/\/api.w.org\/{rel}","templated":true}]}}