{"id":13607,"date":"2023-12-20T22:28:12","date_gmt":"2023-12-20T20:28:12","guid":{"rendered":"https:\/\/www.facecorner.lv\/?post_type=product&#038;p=13607"},"modified":"2024-06-22T09:23:18","modified_gmt":"2024-06-22T07:23:18","slug":"anua-peach-70-niacin-serum-mask","status":"publish","type":"product","link":"https:\/\/www.facecorner.lv\/en\/shop\/anua-peach-70-niacin-serum-mask\/","title":{"rendered":"Anua Peach 70% Niacin Serum Mask"},"content":{"rendered":"<p>Auduma maska \u200b\u200bar persiku \u0101das mirdzumam Anua Peach 70% Niacin Serum Mask maigi pul\u0113 tekst\u016bru un izl\u012bdzina \u0101du, m\u012bkstinot raupjus laukumus un atjaunojot t\u0101s z\u012bdainumu. Ide\u0101li piem\u0113rots k\u0101 grima b\u0101ze. Intens\u012bvi mitrina un normaliz\u0113 hidrolip\u012bdu l\u012bdzsvaru. Maigi izl\u012bdzina tonusu, stimul\u0113 iekaisumu dz\u012b\u0161anu un c\u012bn\u0101s ar bl\u0101vumu.<\/p>\n<p>Produkta pamat\u0101 ir 70% patent\u0113t\u0101 PEACHNIA kompleksa: izmantojot 120 stundu ferment\u0101ciju, no persiku ekstrakta ieg\u016bst \u012bpa\u0161u niacinam\u012bda veidu. Tas nodro\u0161ina gludu un z\u012bdainu \u0101du, m\u012bkstina raupjas vietas un efekt\u012bvi nov\u0113r\u0161 lob\u012b\u0161anos. Normaliz\u0113 tauku dziedzeru darb\u012bbu un samazina \u0101das taukain\u012bbu dienas laik\u0101, atjauno optim\u0101lu hidrolip\u012bdu l\u012bdzsvaru un mat\u0113.<\/p>\n<p>Maskas raksts veidots no \u012bpa\u0161i pl\u0101nas bambusa \u0161\u0137iedras, kas cie\u0161i piestiprin\u0101ta pie \u0101das, sekojot sejas kont\u016br\u0101m. Efekt\u012bvi p\u0101rnes visus akt\u012bvos komponentus un veicina to dzi\u013c\u0101ku iek\u013c\u016b\u0161anu.<\/p>\n<p><strong>How to use:<\/strong> Lietojiet p\u0113c t\u012br\u012b\u0161anas un toniz\u0113\u0161anas. Iz\u0146emiet masku no iepakojuma, iztiniet to un izkl\u0101jiet uz sejas. Atst\u0101jiet iedarboties 10-20 min\u016btes, p\u0113c tam no\u0146emiet palagu un maigi iemas\u0113jiet atliku\u0161o esenci \u0101d\u0101.<\/p>","protected":false},"excerpt":{"rendered":"<p>Auduma maska \u200b\u200bar persiku \u0101das mirdzumam Anua Peach 70% Niacin Serum Mask maigi pul\u0113 tekst\u016bru un izl\u012bdzina \u0101du, m\u012bkstinot raupjus laukumus un atjaunojot t\u0101s z\u012bdainumu. Ide\u0101li piem\u0113rots k\u0101 grima b\u0101ze. Intens\u012bvi mitrina un normaliz\u0113 hidrolip\u012bdu l\u012bdzsvaru. Maigi izl\u012bdzina tonusu, stimul\u0113 iekaisumu dz\u012b\u0161anu un c\u012bn\u0101s ar bl\u0101vumu. Produkta pamat\u0101 ir 70% patent\u0113t\u0101 PEACHNIA kompleksa: izmantojot 120 [&hellip;]<\/p>\n","protected":false},"featured_media":13608,"comment_status":"open","ping_status":"closed","template":"","meta":{"site-sidebar-layout":"default","site-content-layout":"","ast-site-content-layout":"","site-content-style":"default","site-sidebar-style":"default","ast-global-header-display":"","ast-banner-title-visibility":"","ast-main-header-display":"","ast-hfb-above-header-display":"","ast-hfb-below-header-display":"","ast-hfb-mobile-header-display":"","site-post-title":"","ast-breadcrumbs-content":"","ast-featured-img":"","footer-sml-layout":"","theme-transparent-header-meta":"","adv-header-id-meta":"","stick-header-meta":"","header-above-stick-meta":"","header-main-stick-meta":"","header-below-stick-meta":"","astra-migrate-meta-layouts":"default","ast-page-background-enabled":"default","ast-page-background-meta":{"desktop":{"background-color":"var(--ast-global-color-4)","background-image":"","background-repeat":"repeat","background-position":"center center","background-size":"auto","background-attachment":"scroll","background-type":"","background-media":"","overlay-type":"","overlay-color":"","overlay-opacity":"","overlay-gradient":""},"tablet":{"background-color":"","background-image":"","background-repeat":"repeat","background-position":"center center","background-size":"auto","background-attachment":"scroll","background-type":"","background-media":"","overlay-type":"","overlay-color":"","overlay-opacity":"","overlay-gradient":""},"mobile":{"background-color":"","background-image":"","background-repeat":"repeat","background-position":"center center","background-size":"auto","background-attachment":"scroll","background-type":"","background-media":"","overlay-type":"","overlay-color":"","overlay-opacity":"","overlay-gradient":""}},"ast-content-background-meta":{"desktop":{"background-color":"var(--ast-global-color-5)","background-image":"","background-repeat":"repeat","background-position":"center center","background-size":"auto","background-attachment":"scroll","background-type":"","background-media":"","overlay-type":"","overlay-color":"","overlay-opacity":"","overlay-gradient":""},"tablet":{"background-color":"var(--ast-global-color-5)","background-image":"","background-repeat":"repeat","background-position":"center center","background-size":"auto","background-attachment":"scroll","background-type":"","background-media":"","overlay-type":"","overlay-color":"","overlay-opacity":"","overlay-gradient":""},"mobile":{"background-color":"var(--ast-global-color-5)","background-image":"","background-repeat":"repeat","background-position":"center center","background-size":"auto","background-attachment":"scroll","background-type":"","background-media":"","overlay-type":"","overlay-color":"","overlay-opacity":"","overlay-gradient":""}}},"product_brand":[],"product_cat":[324,315],"product_tag":[],"berocket_brand":[],"class_list":{"0":"post-13607","1":"product","2":"type-product","3":"status-publish","4":"has-post-thumbnail","6":"product_cat-auduma","7":"product_cat-maskas","8":"desktop-align-left","9":"tablet-align-left","10":"mobile-align-left","12":"first","13":"outofstock","14":"taxable","15":"shipping-taxable","16":"purchasable","17":"product-type-simple","18":"add-to-wishlist-before_image"},"yoast_head":"<!-- This site is optimized with the Yoast SEO plugin v27.4 - https:\/\/yoast.com\/product\/yoast-seo-wordpress\/ -->\n<title>Anua Peach 70% Niacin Serum Mask - FACECORNER<\/title>\n<meta name=\"robots\" content=\"index, follow, max-snippet:-1, max-image-preview:large, max-video-preview:-1\" \/>\n<link rel=\"canonical\" href=\"https:\/\/www.facecorner.lv\/en\/shop\/anua-peach-70-niacin-serum-mask\/\" \/>\n<meta property=\"og:locale\" content=\"en_US\" \/>\n<meta property=\"og:type\" content=\"article\" \/>\n<meta property=\"og:title\" content=\"Anua Peach 70% Niacin Serum Mask - FACECORNER\" \/>\n<meta property=\"og:description\" content=\"Auduma maska \u200b\u200bar persiku \u0101das mirdzumam Anua Peach 70% Niacin Serum Mask maigi pul\u0113 tekst\u016bru un izl\u012bdzina \u0101du, m\u012bkstinot raupjus laukumus un atjaunojot t\u0101s z\u012bdainumu. Ide\u0101li piem\u0113rots k\u0101 grima b\u0101ze. Intens\u012bvi mitrina un normaliz\u0113 hidrolip\u012bdu l\u012bdzsvaru. Maigi izl\u012bdzina tonusu, stimul\u0113 iekaisumu dz\u012b\u0161anu un c\u012bn\u0101s ar bl\u0101vumu. Produkta pamat\u0101 ir 70% patent\u0113t\u0101 PEACHNIA kompleksa: izmantojot 120 [&hellip;]\" \/>\n<meta property=\"og:url\" content=\"https:\/\/www.facecorner.lv\/en\/shop\/anua-peach-70-niacin-serum-mask\/\" \/>\n<meta property=\"og:site_name\" content=\"FACECORNER\" \/>\n<meta property=\"article:publisher\" content=\"https:\/\/www.facebook.com\/profile.php?id=100063824551839\" \/>\n<meta property=\"article:modified_time\" content=\"2024-06-22T07:23:18+00:00\" \/>\n<meta property=\"og:image\" content=\"https:\/\/www.facecorner.lv\/wp-content\/uploads\/2023\/12\/AnuaPeach70NiacinSerumMask.webp.jpeg\" \/>\n\t<meta property=\"og:image:width\" content=\"800\" \/>\n\t<meta property=\"og:image:height\" content=\"800\" \/>\n\t<meta property=\"og:image:type\" content=\"image\/jpeg\" \/>\n<meta name=\"twitter:card\" content=\"summary_large_image\" \/>\n<meta name=\"twitter:label1\" content=\"Price\" \/>\n\t<meta name=\"twitter:data1\" content=\"&euro;3.95\" \/>\n\t<meta name=\"twitter:label2\" content=\"Availability\" \/>\n\t<meta name=\"twitter:data2\" content=\"Out of stock\" \/>\n<script type=\"application\/ld+json\" class=\"yoast-schema-graph\">{\"@context\":\"https:\\\/\\\/schema.org\",\"@graph\":[{\"@type\":\"WebPage\",\"@id\":\"https:\\\/\\\/www.facecorner.lv\\\/shop\\\/anua-peach-70-niacin-serum-mask\\\/\",\"url\":\"https:\\\/\\\/www.facecorner.lv\\\/shop\\\/anua-peach-70-niacin-serum-mask\\\/\",\"name\":\"Anua Peach 70% Niacin Serum Mask - FACECORNER\",\"isPartOf\":{\"@id\":\"https:\\\/\\\/www.facecorner.lv\\\/#website\"},\"primaryImageOfPage\":{\"@id\":\"https:\\\/\\\/www.facecorner.lv\\\/shop\\\/anua-peach-70-niacin-serum-mask\\\/#primaryimage\"},\"image\":{\"@id\":\"https:\\\/\\\/www.facecorner.lv\\\/shop\\\/anua-peach-70-niacin-serum-mask\\\/#primaryimage\"},\"thumbnailUrl\":\"https:\\\/\\\/www.facecorner.lv\\\/wp-content\\\/uploads\\\/2023\\\/12\\\/AnuaPeach70NiacinSerumMask.webp.jpeg\",\"datePublished\":\"2023-12-20T20:28:12+00:00\",\"dateModified\":\"2024-06-22T07:23:18+00:00\",\"breadcrumb\":{\"@id\":\"https:\\\/\\\/www.facecorner.lv\\\/shop\\\/anua-peach-70-niacin-serum-mask\\\/#breadcrumb\"},\"inLanguage\":\"en-US\",\"potentialAction\":[{\"@type\":\"ReadAction\",\"target\":[\"https:\\\/\\\/www.facecorner.lv\\\/shop\\\/anua-peach-70-niacin-serum-mask\\\/\"]}]},{\"@type\":\"ImageObject\",\"inLanguage\":\"en-US\",\"@id\":\"https:\\\/\\\/www.facecorner.lv\\\/shop\\\/anua-peach-70-niacin-serum-mask\\\/#primaryimage\",\"url\":\"https:\\\/\\\/www.facecorner.lv\\\/wp-content\\\/uploads\\\/2023\\\/12\\\/AnuaPeach70NiacinSerumMask.webp.jpeg\",\"contentUrl\":\"https:\\\/\\\/www.facecorner.lv\\\/wp-content\\\/uploads\\\/2023\\\/12\\\/AnuaPeach70NiacinSerumMask.webp.jpeg\",\"width\":800,\"height\":800},{\"@type\":\"BreadcrumbList\",\"@id\":\"https:\\\/\\\/www.facecorner.lv\\\/shop\\\/anua-peach-70-niacin-serum-mask\\\/#breadcrumb\",\"itemListElement\":[{\"@type\":\"ListItem\",\"position\":1,\"name\":\"Home\",\"item\":\"https:\\\/\\\/www.facecorner.lv\\\/\"},{\"@type\":\"ListItem\",\"position\":2,\"name\":\"Veikals\",\"item\":\"https:\\\/\\\/www.facecorner.lv\\\/shop\\\/\"},{\"@type\":\"ListItem\",\"position\":3,\"name\":\"Anua Peach 70% Niacin Serum Mask\"}]},{\"@type\":\"WebSite\",\"@id\":\"https:\\\/\\\/www.facecorner.lv\\\/#website\",\"url\":\"https:\\\/\\\/www.facecorner.lv\\\/\",\"name\":\"Facecorner\",\"description\":\"\",\"publisher\":{\"@id\":\"https:\\\/\\\/www.facecorner.lv\\\/#organization\"},\"potentialAction\":[{\"@type\":\"SearchAction\",\"target\":{\"@type\":\"EntryPoint\",\"urlTemplate\":\"https:\\\/\\\/www.facecorner.lv\\\/?s={search_term_string}\"},\"query-input\":{\"@type\":\"PropertyValueSpecification\",\"valueRequired\":true,\"valueName\":\"search_term_string\"}}],\"inLanguage\":\"en-US\"},{\"@type\":\"Organization\",\"@id\":\"https:\\\/\\\/www.facecorner.lv\\\/#organization\",\"name\":\"Facecorner\",\"url\":\"https:\\\/\\\/www.facecorner.lv\\\/\",\"logo\":{\"@type\":\"ImageObject\",\"inLanguage\":\"en-US\",\"@id\":\"https:\\\/\\\/www.facecorner.lv\\\/#\\\/schema\\\/logo\\\/image\\\/\",\"url\":\"https:\\\/\\\/www.facecorner.lv\\\/wp-content\\\/uploads\\\/2024\\\/04\\\/fc-logo.jpg\",\"contentUrl\":\"https:\\\/\\\/www.facecorner.lv\\\/wp-content\\\/uploads\\\/2024\\\/04\\\/fc-logo.jpg\",\"width\":174,\"height\":28,\"caption\":\"Facecorner\"},\"image\":{\"@id\":\"https:\\\/\\\/www.facecorner.lv\\\/#\\\/schema\\\/logo\\\/image\\\/\"},\"sameAs\":[\"https:\\\/\\\/www.facebook.com\\\/profile.php?id=100063824551839\",\"https:\\\/\\\/www.instagram.com\\\/facecorner_shop\\\/\"]}]}<\/script>\n<meta property=\"product:price:amount\" content=\"3.95\" \/>\n<meta property=\"product:price:currency\" content=\"EUR\" \/>\n<meta property=\"og:availability\" content=\"out of stock\" \/>\n<meta property=\"product:availability\" content=\"out of stock\" \/>\n<meta property=\"product:condition\" content=\"new\" \/>\n<!-- \/ Yoast SEO plugin. -->","yoast_head_json":{"title":"Anua Peach 70% Niacin Serum Mask - FACECORNER","robots":{"index":"index","follow":"follow","max-snippet":"max-snippet:-1","max-image-preview":"max-image-preview:large","max-video-preview":"max-video-preview:-1"},"canonical":"https:\/\/www.facecorner.lv\/en\/shop\/anua-peach-70-niacin-serum-mask\/","og_locale":"en_US","og_type":"article","og_title":"Anua Peach 70% Niacin Serum Mask - FACECORNER","og_description":"Auduma maska \u200b\u200bar persiku \u0101das mirdzumam Anua Peach 70% Niacin Serum Mask maigi pul\u0113 tekst\u016bru un izl\u012bdzina \u0101du, m\u012bkstinot raupjus laukumus un atjaunojot t\u0101s z\u012bdainumu. Ide\u0101li piem\u0113rots k\u0101 grima b\u0101ze. Intens\u012bvi mitrina un normaliz\u0113 hidrolip\u012bdu l\u012bdzsvaru. Maigi izl\u012bdzina tonusu, stimul\u0113 iekaisumu dz\u012b\u0161anu un c\u012bn\u0101s ar bl\u0101vumu. Produkta pamat\u0101 ir 70% patent\u0113t\u0101 PEACHNIA kompleksa: izmantojot 120 [&hellip;]","og_url":"https:\/\/www.facecorner.lv\/en\/shop\/anua-peach-70-niacin-serum-mask\/","og_site_name":"FACECORNER","article_publisher":"https:\/\/www.facebook.com\/profile.php?id=100063824551839","article_modified_time":"2024-06-22T07:23:18+00:00","og_image":[{"width":800,"height":800,"url":"https:\/\/www.facecorner.lv\/wp-content\/uploads\/2023\/12\/AnuaPeach70NiacinSerumMask.webp.jpeg","type":"image\/jpeg"}],"twitter_card":"summary_large_image","twitter_misc":{"Price":"&euro;3.95","Availability":"Out of stock"},"schema":{"@context":"https:\/\/schema.org","@graph":[{"@type":"WebPage","@id":"https:\/\/www.facecorner.lv\/shop\/anua-peach-70-niacin-serum-mask\/","url":"https:\/\/www.facecorner.lv\/shop\/anua-peach-70-niacin-serum-mask\/","name":"Anua Peach 70% Niacin Serum Mask - FACECORNER","isPartOf":{"@id":"https:\/\/www.facecorner.lv\/#website"},"primaryImageOfPage":{"@id":"https:\/\/www.facecorner.lv\/shop\/anua-peach-70-niacin-serum-mask\/#primaryimage"},"image":{"@id":"https:\/\/www.facecorner.lv\/shop\/anua-peach-70-niacin-serum-mask\/#primaryimage"},"thumbnailUrl":"https:\/\/www.facecorner.lv\/wp-content\/uploads\/2023\/12\/AnuaPeach70NiacinSerumMask.webp.jpeg","datePublished":"2023-12-20T20:28:12+00:00","dateModified":"2024-06-22T07:23:18+00:00","breadcrumb":{"@id":"https:\/\/www.facecorner.lv\/shop\/anua-peach-70-niacin-serum-mask\/#breadcrumb"},"inLanguage":"en-US","potentialAction":[{"@type":"ReadAction","target":["https:\/\/www.facecorner.lv\/shop\/anua-peach-70-niacin-serum-mask\/"]}]},{"@type":"ImageObject","inLanguage":"en-US","@id":"https:\/\/www.facecorner.lv\/shop\/anua-peach-70-niacin-serum-mask\/#primaryimage","url":"https:\/\/www.facecorner.lv\/wp-content\/uploads\/2023\/12\/AnuaPeach70NiacinSerumMask.webp.jpeg","contentUrl":"https:\/\/www.facecorner.lv\/wp-content\/uploads\/2023\/12\/AnuaPeach70NiacinSerumMask.webp.jpeg","width":800,"height":800},{"@type":"BreadcrumbList","@id":"https:\/\/www.facecorner.lv\/shop\/anua-peach-70-niacin-serum-mask\/#breadcrumb","itemListElement":[{"@type":"ListItem","position":1,"name":"Home","item":"https:\/\/www.facecorner.lv\/"},{"@type":"ListItem","position":2,"name":"Veikals","item":"https:\/\/www.facecorner.lv\/shop\/"},{"@type":"ListItem","position":3,"name":"Anua Peach 70% Niacin Serum Mask"}]},{"@type":"WebSite","@id":"https:\/\/www.facecorner.lv\/#website","url":"https:\/\/www.facecorner.lv\/","name":"Facecorner","description":"","publisher":{"@id":"https:\/\/www.facecorner.lv\/#organization"},"potentialAction":[{"@type":"SearchAction","target":{"@type":"EntryPoint","urlTemplate":"https:\/\/www.facecorner.lv\/?s={search_term_string}"},"query-input":{"@type":"PropertyValueSpecification","valueRequired":true,"valueName":"search_term_string"}}],"inLanguage":"en-US"},{"@type":"Organization","@id":"https:\/\/www.facecorner.lv\/#organization","name":"Facecorner","url":"https:\/\/www.facecorner.lv\/","logo":{"@type":"ImageObject","inLanguage":"en-US","@id":"https:\/\/www.facecorner.lv\/#\/schema\/logo\/image\/","url":"https:\/\/www.facecorner.lv\/wp-content\/uploads\/2024\/04\/fc-logo.jpg","contentUrl":"https:\/\/www.facecorner.lv\/wp-content\/uploads\/2024\/04\/fc-logo.jpg","width":174,"height":28,"caption":"Facecorner"},"image":{"@id":"https:\/\/www.facecorner.lv\/#\/schema\/logo\/image\/"},"sameAs":["https:\/\/www.facebook.com\/profile.php?id=100063824551839","https:\/\/www.instagram.com\/facecorner_shop\/"]}]},"product_price_amount":"3.95","product_price_currency":"EUR","og_availability":"out of stock","product_availability":"out of stock","product_condition":"new"},"_links":{"self":[{"href":"https:\/\/www.facecorner.lv\/en\/wp-json\/wp\/v2\/product\/13607","targetHints":{"allow":["GET"]}}],"collection":[{"href":"https:\/\/www.facecorner.lv\/en\/wp-json\/wp\/v2\/product"}],"about":[{"href":"https:\/\/www.facecorner.lv\/en\/wp-json\/wp\/v2\/types\/product"}],"replies":[{"embeddable":true,"href":"https:\/\/www.facecorner.lv\/en\/wp-json\/wp\/v2\/comments?post=13607"}],"wp:featuredmedia":[{"embeddable":true,"href":"https:\/\/www.facecorner.lv\/en\/wp-json\/wp\/v2\/media\/13608"}],"wp:attachment":[{"href":"https:\/\/www.facecorner.lv\/en\/wp-json\/wp\/v2\/media?parent=13607"}],"wp:term":[{"taxonomy":"product_brand","embeddable":true,"href":"https:\/\/www.facecorner.lv\/en\/wp-json\/wp\/v2\/product_brand?post=13607"},{"taxonomy":"product_cat","embeddable":true,"href":"https:\/\/www.facecorner.lv\/en\/wp-json\/wp\/v2\/product_cat?post=13607"},{"taxonomy":"product_tag","embeddable":true,"href":"https:\/\/www.facecorner.lv\/en\/wp-json\/wp\/v2\/product_tag?post=13607"},{"taxonomy":"berocket_brand","embeddable":true,"href":"https:\/\/www.facecorner.lv\/en\/wp-json\/wp\/v2\/berocket_brand?post=13607"}],"curies":[{"name":"wp","href":"https:\/\/api.w.org\/{rel}","templated":true}]}}