{"id":13549,"date":"2023-12-18T23:40:58","date_gmt":"2023-12-18T21:40:58","guid":{"rendered":"https:\/\/www.facecorner.lv\/?post_type=product&#038;p=13549"},"modified":"2024-12-02T23:04:11","modified_gmt":"2024-12-02T20:04:11","slug":"anua-heartleaf-70-daily-lotion-200ml","status":"publish","type":"product","link":"https:\/\/www.facecorner.lv\/en\/shop\/anua-heartleaf-70-daily-lotion-200ml\/","title":{"rendered":"ANUA Heartleaf 70% Daily Lotion 200ml"},"content":{"rendered":"<p>Nomierino\u0161s emulsijas losjons sejai ar hauttuynia ekstraktu nodro\u0161ina aizsardz\u012bbu pret mitruma zudumu, nov\u0113r\u0161 aps\u0101rtumu un kairin\u0101jumu, k\u0101 ar\u012b darbojas ar iekaisumu.<\/p>\n<p><strong>Priek\u0161roc\u012bbas:<\/strong><\/p>\n<ul>\n<li>Mitrina un m\u012bkstina \u0101du, nov\u0113r\u0161ot sausumu un dehidrat\u0101ciju, nov\u0113r\u0161 mitruma zudumu un atjauno \u0101das barjeras funkciju.<\/li>\n<li>Akt\u012bvi nomierina \u0101du, piem\u012bt intens\u012bva pretiekaisuma iedarb\u012bba, nov\u0113r\u0161 aps\u0101rtumu, kairin\u0101jumu un izsitumus.<\/li>\n<li>Regul\u0113 tauku dziedzeru darb\u012bbu, nov\u0113r\u0161ot p\u0101rm\u0113r\u012bgu sebuma veido\u0161anos.<\/li>\n<\/ul>\n<p><strong>It is a total care mask that tightens the skin.<\/strong><\/p>\n<ul>\n<li>Houttuynia cordata ekstrakts nodro\u0161ina akt\u012bvu nomierino\u0161u un pretiekaisuma iedarb\u012bbu, mazinot aps\u0101rtumu un likvid\u0113jot izsitumus.<\/li>\n<li>Bazilika ekstrakts smalki regul\u0113 tauku dziedzeru darb\u012bbu, nov\u0113r\u0161 taukainu sp\u012bdumu un pal\u012bdz uztur\u0113t poras t\u012bras.<\/li>\n<li>Lecit\u012bns pal\u012bdz atjaunot \u0101das barjeras funkciju, nov\u0113r\u0161 kairin\u0101jumu un dehidrat\u0101ciju.<\/li>\n<li>Hialuronsk\u0101be dzi\u013ci mitrina \u0101du, saglab\u0101jot mitrumu iek\u0161pus\u0113, nov\u0113r\u0161 dehidrat\u0101ciju un sausumu, k\u0101 ar\u012b pal\u012bdz saglab\u0101t \u0101das gludumu un elast\u012bbu.<\/li>\n<li>Beta\u012bns dzi\u013ci mitrina \u0101du, stiprina \u0101das aizsargfunkciju, iedarbojas m\u012bkstino\u0161i un stiprina \u0161\u016bnu membr\u0101nas.<\/li>\n<\/ul>\n<p><strong>How to use:<\/strong> Uzkl\u0101jiet nepiecie\u0161amo produkta daudzumu uz att\u012br\u012btas un toniz\u0113tas sejas \u0101das p\u0113d\u0113j\u0101 kop\u0161anas posm\u0101, maigi sadaliet l\u012bdz piln\u012bgai uzs\u016bk\u0161anai.<\/p>\n<p>Ja nepiecie\u0161ams, apstr\u0101d\u0101jiet ar kr\u0113mu.<\/p>\n<p><strong>Ingredientes:\u00a0<\/strong>Houttuynia Cordata Extract (70%), Glycerin, 1,2-Hexanediol, MethylTrimethicone, Ethylhexyl Stearate, Butylene Glycol, Hydrogenated Poly(C6-14 Olefin), Polyglyceryl-3 Distearate, Fraxinus Rhynchophylla Extract, Ocimum Basilicum (Basil) Flower\/Leaf\/Stem Extract, Ulmus Davidiana Root Extract, Amaranthus Caudatus Seed Extract, Hydrogenated Lecithin, Sodium Hyaluronate, Glyceryl Glucoside, Water, Glyceryl Stearate, Trehalose, Arginine, Carbomer, Glyceryl Stearate Citrate, Sodium Stearoyl Glutamate, Glucose, Disodium Edta, Betaine, Hydrolyzed Hyaluronic Acid, Sodium Acetylated Hyaluronate, Ethylhexylglycerin<\/p>","protected":false},"excerpt":{"rendered":"<p>Nomierino\u0161s emulsijas losjons sejai ar hauttuynia ekstraktu nodro\u0161ina aizsardz\u012bbu pret mitruma zudumu, nov\u0113r\u0161 aps\u0101rtumu un kairin\u0101jumu, k\u0101 ar\u012b darbojas ar iekaisumu. Priek\u0161roc\u012bbas: Mitrina un m\u012bkstina \u0101du, nov\u0113r\u0161ot sausumu un dehidrat\u0101ciju, nov\u0113r\u0161 mitruma zudumu un atjauno \u0101das barjeras funkciju. Akt\u012bvi nomierina \u0101du, piem\u012bt intens\u012bva pretiekaisuma iedarb\u012bba, nov\u0113r\u0161 aps\u0101rtumu, kairin\u0101jumu un izsitumus. Regul\u0113 tauku dziedzeru darb\u012bbu, nov\u0113r\u0161ot [&hellip;]<\/p>\n","protected":false},"featured_media":13550,"comment_status":"open","ping_status":"closed","template":"","meta":{"site-sidebar-layout":"default","site-content-layout":"","ast-site-content-layout":"","site-content-style":"default","site-sidebar-style":"default","ast-global-header-display":"","ast-banner-title-visibility":"","ast-main-header-display":"","ast-hfb-above-header-display":"","ast-hfb-below-header-display":"","ast-hfb-mobile-header-display":"","site-post-title":"","ast-breadcrumbs-content":"","ast-featured-img":"","footer-sml-layout":"","theme-transparent-header-meta":"","adv-header-id-meta":"","stick-header-meta":"","header-above-stick-meta":"","header-main-stick-meta":"","header-below-stick-meta":"","astra-migrate-meta-layouts":"default","ast-page-background-enabled":"default","ast-page-background-meta":{"desktop":{"background-color":"var(--ast-global-color-4)","background-image":"","background-repeat":"repeat","background-position":"center center","background-size":"auto","background-attachment":"scroll","background-type":"","background-media":"","overlay-type":"","overlay-color":"","overlay-opacity":"","overlay-gradient":""},"tablet":{"background-color":"","background-image":"","background-repeat":"repeat","background-position":"center center","background-size":"auto","background-attachment":"scroll","background-type":"","background-media":"","overlay-type":"","overlay-color":"","overlay-opacity":"","overlay-gradient":""},"mobile":{"background-color":"","background-image":"","background-repeat":"repeat","background-position":"center center","background-size":"auto","background-attachment":"scroll","background-type":"","background-media":"","overlay-type":"","overlay-color":"","overlay-opacity":"","overlay-gradient":""}},"ast-content-background-meta":{"desktop":{"background-color":"var(--ast-global-color-5)","background-image":"","background-repeat":"repeat","background-position":"center center","background-size":"auto","background-attachment":"scroll","background-type":"","background-media":"","overlay-type":"","overlay-color":"","overlay-opacity":"","overlay-gradient":""},"tablet":{"background-color":"var(--ast-global-color-5)","background-image":"","background-repeat":"repeat","background-position":"center center","background-size":"auto","background-attachment":"scroll","background-type":"","background-media":"","overlay-type":"","overlay-color":"","overlay-opacity":"","overlay-gradient":""},"mobile":{"background-color":"var(--ast-global-color-5)","background-image":"","background-repeat":"repeat","background-position":"center center","background-size":"auto","background-attachment":"scroll","background-type":"","background-media":"","overlay-type":"","overlay-color":"","overlay-opacity":"","overlay-gradient":""}}},"product_brand":[],"product_cat":[375,378,363,364],"product_tag":[],"berocket_brand":[575],"class_list":{"0":"post-13549","1":"product","2":"type-product","3":"status-publish","4":"has-post-thumbnail","6":"product_cat-jutigai-adai-toneri","7":"product_cat-sausai-adai-toneri","8":"product_cat-serumi","9":"product_cat-toneri","10":"berocket_brand-anua","11":"desktop-align-left","12":"tablet-align-left","13":"mobile-align-left","15":"first","16":"instock","17":"taxable","18":"shipping-taxable","19":"purchasable","20":"product-type-simple","21":"add-to-wishlist-before_image"},"yoast_head":"<!-- This site is optimized with the Yoast SEO plugin v27.3 - https:\/\/yoast.com\/product\/yoast-seo-wordpress\/ -->\n<title>ANUA Heartleaf 70% Daily Lotion 200ml - FACECORNER<\/title>\n<meta name=\"robots\" content=\"index, follow, max-snippet:-1, max-image-preview:large, max-video-preview:-1\" \/>\n<link rel=\"canonical\" href=\"https:\/\/www.facecorner.lv\/en\/shop\/anua-heartleaf-70-daily-lotion-200ml\/\" \/>\n<meta property=\"og:locale\" content=\"en_US\" \/>\n<meta property=\"og:type\" content=\"article\" \/>\n<meta property=\"og:title\" content=\"ANUA Heartleaf 70% Daily Lotion 200ml - FACECORNER\" \/>\n<meta property=\"og:description\" content=\"Nomierino\u0161s emulsijas losjons sejai ar hauttuynia ekstraktu nodro\u0161ina aizsardz\u012bbu pret mitruma zudumu, nov\u0113r\u0161 aps\u0101rtumu un kairin\u0101jumu, k\u0101 ar\u012b darbojas ar iekaisumu. Priek\u0161roc\u012bbas: Mitrina un m\u012bkstina \u0101du, nov\u0113r\u0161ot sausumu un dehidrat\u0101ciju, nov\u0113r\u0161 mitruma zudumu un atjauno \u0101das barjeras funkciju. Akt\u012bvi nomierina \u0101du, piem\u012bt intens\u012bva pretiekaisuma iedarb\u012bba, nov\u0113r\u0161 aps\u0101rtumu, kairin\u0101jumu un izsitumus. Regul\u0113 tauku dziedzeru darb\u012bbu, nov\u0113r\u0161ot [&hellip;]\" \/>\n<meta property=\"og:url\" content=\"https:\/\/www.facecorner.lv\/en\/shop\/anua-heartleaf-70-daily-lotion-200ml\/\" \/>\n<meta property=\"og:site_name\" content=\"FACECORNER\" \/>\n<meta property=\"article:publisher\" content=\"https:\/\/www.facebook.com\/profile.php?id=100063824551839\" \/>\n<meta property=\"article:modified_time\" content=\"2024-12-02T20:04:11+00:00\" \/>\n<meta property=\"og:image\" content=\"https:\/\/www.facecorner.lv\/wp-content\/uploads\/2023\/12\/3_0d210c66-8782-4b66-bad6-7841acf4ab84_1024x.webp\" \/>\n\t<meta property=\"og:image:width\" content=\"1024\" \/>\n\t<meta property=\"og:image:height\" content=\"1024\" \/>\n\t<meta property=\"og:image:type\" content=\"image\/webp\" \/>\n<meta name=\"twitter:card\" content=\"summary_large_image\" \/>\n<meta name=\"twitter:label1\" content=\"Price\" \/>\n\t<meta name=\"twitter:data1\" content=\"&euro;25.50\" \/>\n\t<meta name=\"twitter:label2\" content=\"Availability\" \/>\n\t<meta name=\"twitter:data2\" content=\"In stock\" \/>\n<script type=\"application\/ld+json\" class=\"yoast-schema-graph\">{\"@context\":\"https:\\\/\\\/schema.org\",\"@graph\":[{\"@type\":\"WebPage\",\"@id\":\"https:\\\/\\\/www.facecorner.lv\\\/shop\\\/anua-heartleaf-70-daily-lotion-200ml\\\/\",\"url\":\"https:\\\/\\\/www.facecorner.lv\\\/shop\\\/anua-heartleaf-70-daily-lotion-200ml\\\/\",\"name\":\"ANUA Heartleaf 70% Daily Lotion 200ml - FACECORNER\",\"isPartOf\":{\"@id\":\"https:\\\/\\\/www.facecorner.lv\\\/#website\"},\"primaryImageOfPage\":{\"@id\":\"https:\\\/\\\/www.facecorner.lv\\\/shop\\\/anua-heartleaf-70-daily-lotion-200ml\\\/#primaryimage\"},\"image\":{\"@id\":\"https:\\\/\\\/www.facecorner.lv\\\/shop\\\/anua-heartleaf-70-daily-lotion-200ml\\\/#primaryimage\"},\"thumbnailUrl\":\"https:\\\/\\\/www.facecorner.lv\\\/wp-content\\\/uploads\\\/2023\\\/12\\\/3_0d210c66-8782-4b66-bad6-7841acf4ab84_1024x.webp\",\"datePublished\":\"2023-12-18T21:40:58+00:00\",\"dateModified\":\"2024-12-02T20:04:11+00:00\",\"breadcrumb\":{\"@id\":\"https:\\\/\\\/www.facecorner.lv\\\/shop\\\/anua-heartleaf-70-daily-lotion-200ml\\\/#breadcrumb\"},\"inLanguage\":\"en-US\",\"potentialAction\":[{\"@type\":\"ReadAction\",\"target\":[\"https:\\\/\\\/www.facecorner.lv\\\/shop\\\/anua-heartleaf-70-daily-lotion-200ml\\\/\"]}]},{\"@type\":\"ImageObject\",\"inLanguage\":\"en-US\",\"@id\":\"https:\\\/\\\/www.facecorner.lv\\\/shop\\\/anua-heartleaf-70-daily-lotion-200ml\\\/#primaryimage\",\"url\":\"https:\\\/\\\/www.facecorner.lv\\\/wp-content\\\/uploads\\\/2023\\\/12\\\/3_0d210c66-8782-4b66-bad6-7841acf4ab84_1024x.webp\",\"contentUrl\":\"https:\\\/\\\/www.facecorner.lv\\\/wp-content\\\/uploads\\\/2023\\\/12\\\/3_0d210c66-8782-4b66-bad6-7841acf4ab84_1024x.webp\",\"width\":1024,\"height\":1024},{\"@type\":\"BreadcrumbList\",\"@id\":\"https:\\\/\\\/www.facecorner.lv\\\/shop\\\/anua-heartleaf-70-daily-lotion-200ml\\\/#breadcrumb\",\"itemListElement\":[{\"@type\":\"ListItem\",\"position\":1,\"name\":\"Home\",\"item\":\"https:\\\/\\\/www.facecorner.lv\\\/\"},{\"@type\":\"ListItem\",\"position\":2,\"name\":\"Veikals\",\"item\":\"https:\\\/\\\/www.facecorner.lv\\\/shop\\\/\"},{\"@type\":\"ListItem\",\"position\":3,\"name\":\"ANUA Heartleaf 70% Daily Lotion 200ml\"}]},{\"@type\":\"WebSite\",\"@id\":\"https:\\\/\\\/www.facecorner.lv\\\/#website\",\"url\":\"https:\\\/\\\/www.facecorner.lv\\\/\",\"name\":\"Facecorner\",\"description\":\"\",\"publisher\":{\"@id\":\"https:\\\/\\\/www.facecorner.lv\\\/#organization\"},\"potentialAction\":[{\"@type\":\"SearchAction\",\"target\":{\"@type\":\"EntryPoint\",\"urlTemplate\":\"https:\\\/\\\/www.facecorner.lv\\\/?s={search_term_string}\"},\"query-input\":{\"@type\":\"PropertyValueSpecification\",\"valueRequired\":true,\"valueName\":\"search_term_string\"}}],\"inLanguage\":\"en-US\"},{\"@type\":\"Organization\",\"@id\":\"https:\\\/\\\/www.facecorner.lv\\\/#organization\",\"name\":\"Facecorner\",\"url\":\"https:\\\/\\\/www.facecorner.lv\\\/\",\"logo\":{\"@type\":\"ImageObject\",\"inLanguage\":\"en-US\",\"@id\":\"https:\\\/\\\/www.facecorner.lv\\\/#\\\/schema\\\/logo\\\/image\\\/\",\"url\":\"https:\\\/\\\/www.facecorner.lv\\\/wp-content\\\/uploads\\\/2024\\\/04\\\/fc-logo.jpg\",\"contentUrl\":\"https:\\\/\\\/www.facecorner.lv\\\/wp-content\\\/uploads\\\/2024\\\/04\\\/fc-logo.jpg\",\"width\":174,\"height\":28,\"caption\":\"Facecorner\"},\"image\":{\"@id\":\"https:\\\/\\\/www.facecorner.lv\\\/#\\\/schema\\\/logo\\\/image\\\/\"},\"sameAs\":[\"https:\\\/\\\/www.facebook.com\\\/profile.php?id=100063824551839\",\"https:\\\/\\\/www.instagram.com\\\/facecorner_shop\\\/\"]}]}<\/script>\n<meta property=\"product:price:amount\" content=\"25.50\" \/>\n<meta property=\"product:price:currency\" content=\"EUR\" \/>\n<meta property=\"og:availability\" content=\"instock\" \/>\n<meta property=\"product:availability\" content=\"instock\" \/>\n<meta property=\"product:condition\" content=\"new\" \/>\n<!-- \/ Yoast SEO plugin. -->","yoast_head_json":{"title":"ANUA Heartleaf 70% Daily Lotion 200ml - FACECORNER","robots":{"index":"index","follow":"follow","max-snippet":"max-snippet:-1","max-image-preview":"max-image-preview:large","max-video-preview":"max-video-preview:-1"},"canonical":"https:\/\/www.facecorner.lv\/en\/shop\/anua-heartleaf-70-daily-lotion-200ml\/","og_locale":"en_US","og_type":"article","og_title":"ANUA Heartleaf 70% Daily Lotion 200ml - FACECORNER","og_description":"Nomierino\u0161s emulsijas losjons sejai ar hauttuynia ekstraktu nodro\u0161ina aizsardz\u012bbu pret mitruma zudumu, nov\u0113r\u0161 aps\u0101rtumu un kairin\u0101jumu, k\u0101 ar\u012b darbojas ar iekaisumu. Priek\u0161roc\u012bbas: Mitrina un m\u012bkstina \u0101du, nov\u0113r\u0161ot sausumu un dehidrat\u0101ciju, nov\u0113r\u0161 mitruma zudumu un atjauno \u0101das barjeras funkciju. Akt\u012bvi nomierina \u0101du, piem\u012bt intens\u012bva pretiekaisuma iedarb\u012bba, nov\u0113r\u0161 aps\u0101rtumu, kairin\u0101jumu un izsitumus. Regul\u0113 tauku dziedzeru darb\u012bbu, nov\u0113r\u0161ot [&hellip;]","og_url":"https:\/\/www.facecorner.lv\/en\/shop\/anua-heartleaf-70-daily-lotion-200ml\/","og_site_name":"FACECORNER","article_publisher":"https:\/\/www.facebook.com\/profile.php?id=100063824551839","article_modified_time":"2024-12-02T20:04:11+00:00","og_image":[{"width":1024,"height":1024,"url":"https:\/\/www.facecorner.lv\/wp-content\/uploads\/2023\/12\/3_0d210c66-8782-4b66-bad6-7841acf4ab84_1024x.webp","type":"image\/webp"}],"twitter_card":"summary_large_image","twitter_misc":{"Price":"&euro;25.50","Availability":"In stock"},"schema":{"@context":"https:\/\/schema.org","@graph":[{"@type":"WebPage","@id":"https:\/\/www.facecorner.lv\/shop\/anua-heartleaf-70-daily-lotion-200ml\/","url":"https:\/\/www.facecorner.lv\/shop\/anua-heartleaf-70-daily-lotion-200ml\/","name":"ANUA Heartleaf 70% Daily Lotion 200ml - FACECORNER","isPartOf":{"@id":"https:\/\/www.facecorner.lv\/#website"},"primaryImageOfPage":{"@id":"https:\/\/www.facecorner.lv\/shop\/anua-heartleaf-70-daily-lotion-200ml\/#primaryimage"},"image":{"@id":"https:\/\/www.facecorner.lv\/shop\/anua-heartleaf-70-daily-lotion-200ml\/#primaryimage"},"thumbnailUrl":"https:\/\/www.facecorner.lv\/wp-content\/uploads\/2023\/12\/3_0d210c66-8782-4b66-bad6-7841acf4ab84_1024x.webp","datePublished":"2023-12-18T21:40:58+00:00","dateModified":"2024-12-02T20:04:11+00:00","breadcrumb":{"@id":"https:\/\/www.facecorner.lv\/shop\/anua-heartleaf-70-daily-lotion-200ml\/#breadcrumb"},"inLanguage":"en-US","potentialAction":[{"@type":"ReadAction","target":["https:\/\/www.facecorner.lv\/shop\/anua-heartleaf-70-daily-lotion-200ml\/"]}]},{"@type":"ImageObject","inLanguage":"en-US","@id":"https:\/\/www.facecorner.lv\/shop\/anua-heartleaf-70-daily-lotion-200ml\/#primaryimage","url":"https:\/\/www.facecorner.lv\/wp-content\/uploads\/2023\/12\/3_0d210c66-8782-4b66-bad6-7841acf4ab84_1024x.webp","contentUrl":"https:\/\/www.facecorner.lv\/wp-content\/uploads\/2023\/12\/3_0d210c66-8782-4b66-bad6-7841acf4ab84_1024x.webp","width":1024,"height":1024},{"@type":"BreadcrumbList","@id":"https:\/\/www.facecorner.lv\/shop\/anua-heartleaf-70-daily-lotion-200ml\/#breadcrumb","itemListElement":[{"@type":"ListItem","position":1,"name":"Home","item":"https:\/\/www.facecorner.lv\/"},{"@type":"ListItem","position":2,"name":"Veikals","item":"https:\/\/www.facecorner.lv\/shop\/"},{"@type":"ListItem","position":3,"name":"ANUA Heartleaf 70% Daily Lotion 200ml"}]},{"@type":"WebSite","@id":"https:\/\/www.facecorner.lv\/#website","url":"https:\/\/www.facecorner.lv\/","name":"Facecorner","description":"","publisher":{"@id":"https:\/\/www.facecorner.lv\/#organization"},"potentialAction":[{"@type":"SearchAction","target":{"@type":"EntryPoint","urlTemplate":"https:\/\/www.facecorner.lv\/?s={search_term_string}"},"query-input":{"@type":"PropertyValueSpecification","valueRequired":true,"valueName":"search_term_string"}}],"inLanguage":"en-US"},{"@type":"Organization","@id":"https:\/\/www.facecorner.lv\/#organization","name":"Facecorner","url":"https:\/\/www.facecorner.lv\/","logo":{"@type":"ImageObject","inLanguage":"en-US","@id":"https:\/\/www.facecorner.lv\/#\/schema\/logo\/image\/","url":"https:\/\/www.facecorner.lv\/wp-content\/uploads\/2024\/04\/fc-logo.jpg","contentUrl":"https:\/\/www.facecorner.lv\/wp-content\/uploads\/2024\/04\/fc-logo.jpg","width":174,"height":28,"caption":"Facecorner"},"image":{"@id":"https:\/\/www.facecorner.lv\/#\/schema\/logo\/image\/"},"sameAs":["https:\/\/www.facebook.com\/profile.php?id=100063824551839","https:\/\/www.instagram.com\/facecorner_shop\/"]}]},"product_price_amount":"25.50","product_price_currency":"EUR","og_availability":"instock","product_availability":"instock","product_condition":"new"},"_links":{"self":[{"href":"https:\/\/www.facecorner.lv\/en\/wp-json\/wp\/v2\/product\/13549","targetHints":{"allow":["GET"]}}],"collection":[{"href":"https:\/\/www.facecorner.lv\/en\/wp-json\/wp\/v2\/product"}],"about":[{"href":"https:\/\/www.facecorner.lv\/en\/wp-json\/wp\/v2\/types\/product"}],"replies":[{"embeddable":true,"href":"https:\/\/www.facecorner.lv\/en\/wp-json\/wp\/v2\/comments?post=13549"}],"wp:featuredmedia":[{"embeddable":true,"href":"https:\/\/www.facecorner.lv\/en\/wp-json\/wp\/v2\/media\/13550"}],"wp:attachment":[{"href":"https:\/\/www.facecorner.lv\/en\/wp-json\/wp\/v2\/media?parent=13549"}],"wp:term":[{"taxonomy":"product_brand","embeddable":true,"href":"https:\/\/www.facecorner.lv\/en\/wp-json\/wp\/v2\/product_brand?post=13549"},{"taxonomy":"product_cat","embeddable":true,"href":"https:\/\/www.facecorner.lv\/en\/wp-json\/wp\/v2\/product_cat?post=13549"},{"taxonomy":"product_tag","embeddable":true,"href":"https:\/\/www.facecorner.lv\/en\/wp-json\/wp\/v2\/product_tag?post=13549"},{"taxonomy":"berocket_brand","embeddable":true,"href":"https:\/\/www.facecorner.lv\/en\/wp-json\/wp\/v2\/berocket_brand?post=13549"}],"curies":[{"name":"wp","href":"https:\/\/api.w.org\/{rel}","templated":true}]}}