{"id":13547,"date":"2023-12-18T23:34:28","date_gmt":"2023-12-18T21:34:28","guid":{"rendered":"https:\/\/www.facecorner.lv\/?post_type=product&#038;p=13547"},"modified":"2025-03-07T19:56:27","modified_gmt":"2025-03-07T16:56:27","slug":"anua-birch-70-moisture-boosting-cream-50ml","status":"publish","type":"product","link":"https:\/\/www.facecorner.lv\/en\/shop\/anua-birch-70-moisture-boosting-cream-50ml\/","title":{"rendered":"ANUA Birch 70% Moisture Boosting Cream 50ml"},"content":{"rendered":"<p>Mitrino\u0161s sejas kr\u0113ms ar b\u0113rzu sul\u0101m nodro\u0161ina akt\u012bvu mitruma l\u012bdzsvara atjauno\u0161anu, aizsardz\u012bbu pret dehidrat\u0101ciju, maigumu un \u0101das baro\u0161anu.<\/p>\n<p><strong>Priek\u0161roc\u012bbas:<\/strong><\/p>\n<ul>\n<li>Dzi\u013ci mitrina un baro \u0101du, nov\u0113r\u0161ot sausumu un lob\u012b\u0161anos, k\u0101 ar\u012b nov\u0113r\u0161 to izskatu.<\/li>\n<li>Tai ir nomierino\u0161a un m\u012bkstino\u0161a iedarb\u012bba, pal\u012bdz tikt gal\u0101 ar kairin\u0101jumu un aps\u0101rtumu, k\u0101 ar\u012b nov\u0113r\u0161 izsitumus.<\/li>\n<li>Atjauno, nostiprina un uztur \u0101das barjerfunkciju, pasarg\u0101jot to no mitruma zuduma un \u0101r\u0113j\u0101m ietekm\u0113m.<\/li>\n<\/ul>\n<p><strong>It is a total care mask that tightens the skin.<\/strong><\/p>\n<ul>\n<li>B\u0113rzu sulai piem\u012bt atsvaidzino\u0161a un toniz\u0113jo\u0161a iedarb\u012bba, mazina kairin\u0101jumu, pa\u0101trina dz\u012b\u0161anas procesus.<\/li>\n<li>Skval\u0101ns atjauno \u0101das barjerfunkciju, akt\u012bvi baro un m\u012bkstina, nov\u0113r\u0161ot sausumu un lob\u012b\u0161anos un nov\u0113r\u0161ot mitruma zudumu.<\/li>\n<li>Glikonolaktonam (PHA) piem\u012bt maiga p\u012blinga iedarb\u012bba, att\u012brot epidermas aug\u0161\u0113jo sl\u0101ni no atmiru\u0161aj\u0101m \u0161\u016bn\u0101m, padarot \u0101du vienm\u0113r\u012bg\u0101ku un glud\u0101ku, atsvaidzinot un izl\u012bdzinot \u0101das toni.<\/li>\n<li>Gur\u0137u ekstraktam piem\u012bt m\u012bkstino\u0161s un mitrino\u0161s efekts, vienlaikus pal\u012bdzot regul\u0113t sebumu un nov\u0113rst poru papla\u0161in\u0101\u0161anos, k\u0101 ar\u012b izl\u012bdzinot \u0101das toni.<\/li>\n<li>Priedes ekstrakts efekt\u012bvi mazina aps\u0101rtumu un nov\u0113r\u0161 iekaisumu.<\/li>\n<li>Malah\u012bta ekstraktam piem\u012bt antioksidanta un nomierino\u0161a iedarb\u012bba, nov\u0113r\u0161 ar vecumu saist\u012btas izmai\u0146as un mitruma zudumu.<\/li>\n<\/ul>\n<p><strong>How to use:<\/strong> Uzkl\u0101jiet nepiecie\u0161amo produkta daudzumu uz att\u012br\u012btas un toniz\u0113tas sejas \u0101das p\u0113d\u0113j\u0101 kop\u0161anas posm\u0101, maigi sadaliet l\u012bdz piln\u012bgai uzs\u016bk\u0161anai.<\/p>\n<p><strong>Ingredientes:\u00a0<\/strong>Water, Dipropylene Glycol, Butylene Glycol, Betula Platyphylla Japonica Juice, Squalane, Caprylic\/Capric Triglyceride, 1,2-Hexanediol, C12-16 Alcohols, Hydroxyethyl Acrylate\/Sodium Acryloyldimethyl Taurate Copolymer, Ammonium Acryloyldimethyltaurate\/VP Copolymer, Polyglyceryl-2 Stearate, Glyceryl Stearate, Palmitic Acid, Hydrogenated Lecithin, Stearyl Alcohol, Hydroxyacetophenone, Ethylhexylglycerin, Caprylyl Glycol, Sorbitan Isostearate, Disodium EDTA, Dextrin, Allantoin, Gluconolactone, Panthenol, Betaine, Gardenia Florida Fruit Extract, Ulmus Davidiana Root Extract, Pinus Palustris Leaf Extract, Pueraria Lobata Root Extract, Oenothera Biennis (Evening Primrose) Flower Extract, Dipotassium Glycyrrhizate, Cucumis Sativus (Cucumber) Fruit Extract, Tocopherol, Malachite Extract<\/p>","protected":false},"excerpt":{"rendered":"<p>Mitrino\u0161s sejas kr\u0113ms ar b\u0113rzu sul\u0101m nodro\u0161ina akt\u012bvu mitruma l\u012bdzsvara atjauno\u0161anu, aizsardz\u012bbu pret dehidrat\u0101ciju, maigumu un \u0101das baro\u0161anu. Priek\u0161roc\u012bbas: Dzi\u013ci mitrina un baro \u0101du, nov\u0113r\u0161ot sausumu un lob\u012b\u0161anos, k\u0101 ar\u012b nov\u0113r\u0161 to izskatu. Tai ir nomierino\u0161a un m\u012bkstino\u0161a iedarb\u012bba, pal\u012bdz tikt gal\u0101 ar kairin\u0101jumu un aps\u0101rtumu, k\u0101 ar\u012b nov\u0113r\u0161 izsitumus. Atjauno, nostiprina un uztur \u0101das [&hellip;]<\/p>\n","protected":false},"featured_media":23087,"comment_status":"open","ping_status":"closed","template":"","meta":{"site-sidebar-layout":"default","site-content-layout":"","ast-site-content-layout":"default","site-content-style":"default","site-sidebar-style":"default","ast-global-header-display":"","ast-banner-title-visibility":"","ast-main-header-display":"","ast-hfb-above-header-display":"","ast-hfb-below-header-display":"","ast-hfb-mobile-header-display":"","site-post-title":"","ast-breadcrumbs-content":"","ast-featured-img":"","footer-sml-layout":"","theme-transparent-header-meta":"default","adv-header-id-meta":"","stick-header-meta":"","header-above-stick-meta":"","header-main-stick-meta":"","header-below-stick-meta":"","astra-migrate-meta-layouts":"set","ast-page-background-enabled":"default","ast-page-background-meta":{"desktop":{"background-color":"var(--ast-global-color-4)","background-image":"","background-repeat":"repeat","background-position":"center center","background-size":"auto","background-attachment":"scroll","background-type":"","background-media":"","overlay-type":"","overlay-color":"","overlay-opacity":"","overlay-gradient":""},"tablet":{"background-color":"","background-image":"","background-repeat":"repeat","background-position":"center center","background-size":"auto","background-attachment":"scroll","background-type":"","background-media":"","overlay-type":"","overlay-color":"","overlay-opacity":"","overlay-gradient":""},"mobile":{"background-color":"","background-image":"","background-repeat":"repeat","background-position":"center center","background-size":"auto","background-attachment":"scroll","background-type":"","background-media":"","overlay-type":"","overlay-color":"","overlay-opacity":"","overlay-gradient":""}},"ast-content-background-meta":{"desktop":{"background-color":"var(--ast-global-color-5)","background-image":"","background-repeat":"repeat","background-position":"center center","background-size":"auto","background-attachment":"scroll","background-type":"","background-media":"","overlay-type":"","overlay-color":"","overlay-opacity":"","overlay-gradient":""},"tablet":{"background-color":"var(--ast-global-color-5)","background-image":"","background-repeat":"repeat","background-position":"center center","background-size":"auto","background-attachment":"scroll","background-type":"","background-media":"","overlay-type":"","overlay-color":"","overlay-opacity":"","overlay-gradient":""},"mobile":{"background-color":"var(--ast-global-color-5)","background-image":"","background-repeat":"repeat","background-position":"center center","background-size":"auto","background-attachment":"scroll","background-type":"","background-media":"","overlay-type":"","overlay-color":"","overlay-opacity":"","overlay-gradient":""}}},"product_brand":[],"product_cat":[366,362],"product_tag":[],"berocket_brand":[575],"class_list":{"0":"post-13547","1":"product","2":"type-product","3":"status-publish","4":"has-post-thumbnail","6":"product_cat-mitrinoss","7":"product_cat-sejas-krems","8":"berocket_brand-anua","9":"desktop-align-left","10":"tablet-align-left","11":"mobile-align-left","13":"first","14":"outofstock","15":"taxable","16":"shipping-taxable","17":"purchasable","18":"product-type-simple","19":"add-to-wishlist-before_image"},"yoast_head":"<!-- This site is optimized with the Yoast SEO plugin v27.3 - https:\/\/yoast.com\/product\/yoast-seo-wordpress\/ -->\n<title>ANUA Birch 70% Moisture Boosting Cream 50ml - FACECORNER<\/title>\n<meta name=\"robots\" content=\"index, follow, max-snippet:-1, max-image-preview:large, max-video-preview:-1\" \/>\n<link rel=\"canonical\" href=\"https:\/\/www.facecorner.lv\/en\/shop\/anua-birch-70-moisture-boosting-cream-50ml\/\" \/>\n<meta property=\"og:locale\" content=\"en_US\" \/>\n<meta property=\"og:type\" content=\"article\" \/>\n<meta property=\"og:title\" content=\"ANUA Birch 70% Moisture Boosting Cream 50ml - FACECORNER\" \/>\n<meta property=\"og:description\" content=\"Mitrino\u0161s sejas kr\u0113ms ar b\u0113rzu sul\u0101m nodro\u0161ina akt\u012bvu mitruma l\u012bdzsvara atjauno\u0161anu, aizsardz\u012bbu pret dehidrat\u0101ciju, maigumu un \u0101das baro\u0161anu. Priek\u0161roc\u012bbas: Dzi\u013ci mitrina un baro \u0101du, nov\u0113r\u0161ot sausumu un lob\u012b\u0161anos, k\u0101 ar\u012b nov\u0113r\u0161 to izskatu. Tai ir nomierino\u0161a un m\u012bkstino\u0161a iedarb\u012bba, pal\u012bdz tikt gal\u0101 ar kairin\u0101jumu un aps\u0101rtumu, k\u0101 ar\u012b nov\u0113r\u0161 izsitumus. Atjauno, nostiprina un uztur \u0101das [&hellip;]\" \/>\n<meta property=\"og:url\" content=\"https:\/\/www.facecorner.lv\/en\/shop\/anua-birch-70-moisture-boosting-cream-50ml\/\" \/>\n<meta property=\"og:site_name\" content=\"FACECORNER\" \/>\n<meta property=\"article:publisher\" content=\"https:\/\/www.facebook.com\/profile.php?id=100063824551839\" \/>\n<meta property=\"article:modified_time\" content=\"2025-03-07T16:56:27+00:00\" \/>\n<meta property=\"og:image\" content=\"https:\/\/www.facecorner.lv\/wp-content\/uploads\/2023\/12\/4182qSfqCFL.jpg\" \/>\n\t<meta property=\"og:image:width\" content=\"1000\" \/>\n\t<meta property=\"og:image:height\" content=\"1000\" \/>\n\t<meta property=\"og:image:type\" content=\"image\/jpeg\" \/>\n<meta name=\"twitter:card\" content=\"summary_large_image\" \/>\n<meta name=\"twitter:label1\" content=\"Price\" \/>\n\t<meta name=\"twitter:data1\" content=\"&euro;25.60\" \/>\n\t<meta name=\"twitter:label2\" content=\"Availability\" \/>\n\t<meta name=\"twitter:data2\" content=\"Out of stock\" \/>\n<script type=\"application\/ld+json\" class=\"yoast-schema-graph\">{\"@context\":\"https:\\\/\\\/schema.org\",\"@graph\":[{\"@type\":\"WebPage\",\"@id\":\"https:\\\/\\\/www.facecorner.lv\\\/shop\\\/anua-birch-70-moisture-boosting-cream-50ml\\\/\",\"url\":\"https:\\\/\\\/www.facecorner.lv\\\/shop\\\/anua-birch-70-moisture-boosting-cream-50ml\\\/\",\"name\":\"ANUA Birch 70% Moisture Boosting Cream 50ml - FACECORNER\",\"isPartOf\":{\"@id\":\"https:\\\/\\\/www.facecorner.lv\\\/#website\"},\"primaryImageOfPage\":{\"@id\":\"https:\\\/\\\/www.facecorner.lv\\\/shop\\\/anua-birch-70-moisture-boosting-cream-50ml\\\/#primaryimage\"},\"image\":{\"@id\":\"https:\\\/\\\/www.facecorner.lv\\\/shop\\\/anua-birch-70-moisture-boosting-cream-50ml\\\/#primaryimage\"},\"thumbnailUrl\":\"https:\\\/\\\/www.facecorner.lv\\\/wp-content\\\/uploads\\\/2023\\\/12\\\/4182qSfqCFL.jpg\",\"datePublished\":\"2023-12-18T21:34:28+00:00\",\"dateModified\":\"2025-03-07T16:56:27+00:00\",\"breadcrumb\":{\"@id\":\"https:\\\/\\\/www.facecorner.lv\\\/shop\\\/anua-birch-70-moisture-boosting-cream-50ml\\\/#breadcrumb\"},\"inLanguage\":\"en-US\",\"potentialAction\":[{\"@type\":\"ReadAction\",\"target\":[\"https:\\\/\\\/www.facecorner.lv\\\/shop\\\/anua-birch-70-moisture-boosting-cream-50ml\\\/\"]}]},{\"@type\":\"ImageObject\",\"inLanguage\":\"en-US\",\"@id\":\"https:\\\/\\\/www.facecorner.lv\\\/shop\\\/anua-birch-70-moisture-boosting-cream-50ml\\\/#primaryimage\",\"url\":\"https:\\\/\\\/www.facecorner.lv\\\/wp-content\\\/uploads\\\/2023\\\/12\\\/4182qSfqCFL.jpg\",\"contentUrl\":\"https:\\\/\\\/www.facecorner.lv\\\/wp-content\\\/uploads\\\/2023\\\/12\\\/4182qSfqCFL.jpg\",\"width\":1000,\"height\":1000,\"caption\":\"Version 1.0.0\"},{\"@type\":\"BreadcrumbList\",\"@id\":\"https:\\\/\\\/www.facecorner.lv\\\/shop\\\/anua-birch-70-moisture-boosting-cream-50ml\\\/#breadcrumb\",\"itemListElement\":[{\"@type\":\"ListItem\",\"position\":1,\"name\":\"Home\",\"item\":\"https:\\\/\\\/www.facecorner.lv\\\/\"},{\"@type\":\"ListItem\",\"position\":2,\"name\":\"Veikals\",\"item\":\"https:\\\/\\\/www.facecorner.lv\\\/shop\\\/\"},{\"@type\":\"ListItem\",\"position\":3,\"name\":\"ANUA Birch 70% Moisture Boosting Cream 50ml\"}]},{\"@type\":\"WebSite\",\"@id\":\"https:\\\/\\\/www.facecorner.lv\\\/#website\",\"url\":\"https:\\\/\\\/www.facecorner.lv\\\/\",\"name\":\"Facecorner\",\"description\":\"\",\"publisher\":{\"@id\":\"https:\\\/\\\/www.facecorner.lv\\\/#organization\"},\"potentialAction\":[{\"@type\":\"SearchAction\",\"target\":{\"@type\":\"EntryPoint\",\"urlTemplate\":\"https:\\\/\\\/www.facecorner.lv\\\/?s={search_term_string}\"},\"query-input\":{\"@type\":\"PropertyValueSpecification\",\"valueRequired\":true,\"valueName\":\"search_term_string\"}}],\"inLanguage\":\"en-US\"},{\"@type\":\"Organization\",\"@id\":\"https:\\\/\\\/www.facecorner.lv\\\/#organization\",\"name\":\"Facecorner\",\"url\":\"https:\\\/\\\/www.facecorner.lv\\\/\",\"logo\":{\"@type\":\"ImageObject\",\"inLanguage\":\"en-US\",\"@id\":\"https:\\\/\\\/www.facecorner.lv\\\/#\\\/schema\\\/logo\\\/image\\\/\",\"url\":\"https:\\\/\\\/www.facecorner.lv\\\/wp-content\\\/uploads\\\/2024\\\/04\\\/fc-logo.jpg\",\"contentUrl\":\"https:\\\/\\\/www.facecorner.lv\\\/wp-content\\\/uploads\\\/2024\\\/04\\\/fc-logo.jpg\",\"width\":174,\"height\":28,\"caption\":\"Facecorner\"},\"image\":{\"@id\":\"https:\\\/\\\/www.facecorner.lv\\\/#\\\/schema\\\/logo\\\/image\\\/\"},\"sameAs\":[\"https:\\\/\\\/www.facebook.com\\\/profile.php?id=100063824551839\",\"https:\\\/\\\/www.instagram.com\\\/facecorner_shop\\\/\"]}]}<\/script>\n<meta property=\"product:price:amount\" content=\"25.60\" \/>\n<meta property=\"product:price:currency\" content=\"EUR\" \/>\n<meta property=\"og:availability\" content=\"out of stock\" \/>\n<meta property=\"product:availability\" content=\"out of stock\" \/>\n<meta property=\"product:condition\" content=\"new\" \/>\n<!-- \/ Yoast SEO plugin. -->","yoast_head_json":{"title":"ANUA Birch 70% Moisture Boosting Cream 50ml - FACECORNER","robots":{"index":"index","follow":"follow","max-snippet":"max-snippet:-1","max-image-preview":"max-image-preview:large","max-video-preview":"max-video-preview:-1"},"canonical":"https:\/\/www.facecorner.lv\/en\/shop\/anua-birch-70-moisture-boosting-cream-50ml\/","og_locale":"en_US","og_type":"article","og_title":"ANUA Birch 70% Moisture Boosting Cream 50ml - FACECORNER","og_description":"Mitrino\u0161s sejas kr\u0113ms ar b\u0113rzu sul\u0101m nodro\u0161ina akt\u012bvu mitruma l\u012bdzsvara atjauno\u0161anu, aizsardz\u012bbu pret dehidrat\u0101ciju, maigumu un \u0101das baro\u0161anu. Priek\u0161roc\u012bbas: Dzi\u013ci mitrina un baro \u0101du, nov\u0113r\u0161ot sausumu un lob\u012b\u0161anos, k\u0101 ar\u012b nov\u0113r\u0161 to izskatu. Tai ir nomierino\u0161a un m\u012bkstino\u0161a iedarb\u012bba, pal\u012bdz tikt gal\u0101 ar kairin\u0101jumu un aps\u0101rtumu, k\u0101 ar\u012b nov\u0113r\u0161 izsitumus. Atjauno, nostiprina un uztur \u0101das [&hellip;]","og_url":"https:\/\/www.facecorner.lv\/en\/shop\/anua-birch-70-moisture-boosting-cream-50ml\/","og_site_name":"FACECORNER","article_publisher":"https:\/\/www.facebook.com\/profile.php?id=100063824551839","article_modified_time":"2025-03-07T16:56:27+00:00","og_image":[{"width":1000,"height":1000,"url":"https:\/\/www.facecorner.lv\/wp-content\/uploads\/2023\/12\/4182qSfqCFL.jpg","type":"image\/jpeg"}],"twitter_card":"summary_large_image","twitter_misc":{"Price":"&euro;25.60","Availability":"Out of stock"},"schema":{"@context":"https:\/\/schema.org","@graph":[{"@type":"WebPage","@id":"https:\/\/www.facecorner.lv\/shop\/anua-birch-70-moisture-boosting-cream-50ml\/","url":"https:\/\/www.facecorner.lv\/shop\/anua-birch-70-moisture-boosting-cream-50ml\/","name":"ANUA Birch 70% Moisture Boosting Cream 50ml - FACECORNER","isPartOf":{"@id":"https:\/\/www.facecorner.lv\/#website"},"primaryImageOfPage":{"@id":"https:\/\/www.facecorner.lv\/shop\/anua-birch-70-moisture-boosting-cream-50ml\/#primaryimage"},"image":{"@id":"https:\/\/www.facecorner.lv\/shop\/anua-birch-70-moisture-boosting-cream-50ml\/#primaryimage"},"thumbnailUrl":"https:\/\/www.facecorner.lv\/wp-content\/uploads\/2023\/12\/4182qSfqCFL.jpg","datePublished":"2023-12-18T21:34:28+00:00","dateModified":"2025-03-07T16:56:27+00:00","breadcrumb":{"@id":"https:\/\/www.facecorner.lv\/shop\/anua-birch-70-moisture-boosting-cream-50ml\/#breadcrumb"},"inLanguage":"en-US","potentialAction":[{"@type":"ReadAction","target":["https:\/\/www.facecorner.lv\/shop\/anua-birch-70-moisture-boosting-cream-50ml\/"]}]},{"@type":"ImageObject","inLanguage":"en-US","@id":"https:\/\/www.facecorner.lv\/shop\/anua-birch-70-moisture-boosting-cream-50ml\/#primaryimage","url":"https:\/\/www.facecorner.lv\/wp-content\/uploads\/2023\/12\/4182qSfqCFL.jpg","contentUrl":"https:\/\/www.facecorner.lv\/wp-content\/uploads\/2023\/12\/4182qSfqCFL.jpg","width":1000,"height":1000,"caption":"Version 1.0.0"},{"@type":"BreadcrumbList","@id":"https:\/\/www.facecorner.lv\/shop\/anua-birch-70-moisture-boosting-cream-50ml\/#breadcrumb","itemListElement":[{"@type":"ListItem","position":1,"name":"Home","item":"https:\/\/www.facecorner.lv\/"},{"@type":"ListItem","position":2,"name":"Veikals","item":"https:\/\/www.facecorner.lv\/shop\/"},{"@type":"ListItem","position":3,"name":"ANUA Birch 70% Moisture Boosting Cream 50ml"}]},{"@type":"WebSite","@id":"https:\/\/www.facecorner.lv\/#website","url":"https:\/\/www.facecorner.lv\/","name":"Facecorner","description":"","publisher":{"@id":"https:\/\/www.facecorner.lv\/#organization"},"potentialAction":[{"@type":"SearchAction","target":{"@type":"EntryPoint","urlTemplate":"https:\/\/www.facecorner.lv\/?s={search_term_string}"},"query-input":{"@type":"PropertyValueSpecification","valueRequired":true,"valueName":"search_term_string"}}],"inLanguage":"en-US"},{"@type":"Organization","@id":"https:\/\/www.facecorner.lv\/#organization","name":"Facecorner","url":"https:\/\/www.facecorner.lv\/","logo":{"@type":"ImageObject","inLanguage":"en-US","@id":"https:\/\/www.facecorner.lv\/#\/schema\/logo\/image\/","url":"https:\/\/www.facecorner.lv\/wp-content\/uploads\/2024\/04\/fc-logo.jpg","contentUrl":"https:\/\/www.facecorner.lv\/wp-content\/uploads\/2024\/04\/fc-logo.jpg","width":174,"height":28,"caption":"Facecorner"},"image":{"@id":"https:\/\/www.facecorner.lv\/#\/schema\/logo\/image\/"},"sameAs":["https:\/\/www.facebook.com\/profile.php?id=100063824551839","https:\/\/www.instagram.com\/facecorner_shop\/"]}]},"product_price_amount":"25.60","product_price_currency":"EUR","og_availability":"out of stock","product_availability":"out of stock","product_condition":"new"},"_links":{"self":[{"href":"https:\/\/www.facecorner.lv\/en\/wp-json\/wp\/v2\/product\/13547","targetHints":{"allow":["GET"]}}],"collection":[{"href":"https:\/\/www.facecorner.lv\/en\/wp-json\/wp\/v2\/product"}],"about":[{"href":"https:\/\/www.facecorner.lv\/en\/wp-json\/wp\/v2\/types\/product"}],"replies":[{"embeddable":true,"href":"https:\/\/www.facecorner.lv\/en\/wp-json\/wp\/v2\/comments?post=13547"}],"wp:featuredmedia":[{"embeddable":true,"href":"https:\/\/www.facecorner.lv\/en\/wp-json\/wp\/v2\/media\/23087"}],"wp:attachment":[{"href":"https:\/\/www.facecorner.lv\/en\/wp-json\/wp\/v2\/media?parent=13547"}],"wp:term":[{"taxonomy":"product_brand","embeddable":true,"href":"https:\/\/www.facecorner.lv\/en\/wp-json\/wp\/v2\/product_brand?post=13547"},{"taxonomy":"product_cat","embeddable":true,"href":"https:\/\/www.facecorner.lv\/en\/wp-json\/wp\/v2\/product_cat?post=13547"},{"taxonomy":"product_tag","embeddable":true,"href":"https:\/\/www.facecorner.lv\/en\/wp-json\/wp\/v2\/product_tag?post=13547"},{"taxonomy":"berocket_brand","embeddable":true,"href":"https:\/\/www.facecorner.lv\/en\/wp-json\/wp\/v2\/berocket_brand?post=13547"}],"curies":[{"name":"wp","href":"https:\/\/api.w.org\/{rel}","templated":true}]}}