{"id":13524,"date":"2023-12-18T18:48:32","date_gmt":"2023-12-18T16:48:32","guid":{"rendered":"https:\/\/www.facecorner.lv\/?post_type=product&#038;p=13524"},"modified":"2025-09-19T08:21:11","modified_gmt":"2025-09-19T05:21:11","slug":"lador-perfect-hair-fill-up-osmanthus-13ml","status":"publish","type":"product","link":"https:\/\/www.facecorner.lv\/en\/shop\/lador-perfect-hair-fill-up-osmanthus-13ml\/","title":{"rendered":"LA\u2019DOR PERFECT HAIR FILL-UP OSMANTHUS 13ml"},"content":{"rendered":"<p class=\"translation-block\">Sp\u0113j atjaunot pat saus\u0101kos, trausl\u0101kos un boj\u0101tos matus.<br>\r\nTas dzi\u013ci ies\u016bcas matu strukt\u016br\u0101, aizpildot boj\u0101jumu rad\u012btos tuk\u0161umus. Atjauno matu integrit\u0101ti, izl\u012bdzina zv\u012b\u0146as, baro un mitrina, pie\u0161\u0137ir elast\u012bbu.<\/p>\n<p>Kerat\u012bns, keram\u012bdi, kolag\u0113ns, k\u0101 ar\u012b z\u012bda aminosk\u0101bes \u2013 un tas viss vien\u0101 maz\u0101 ampul\u0101, kas sp\u0113j rad\u012bt \u012bstus br\u012bnumus! Pildviela padar\u012bs j\u016bsu matus gludus, z\u012bdainus un neticami sp\u012bd\u012bgus. Iek\u013c\u016bstot dzi\u013ci matos, tie aizpilda boj\u0101jumu rezult\u0101t\u0101 radu\u0161os tuk\u0161umus, dienu no dienas dzied\u0113 un atjauno.<\/p>\n<p>Fillers ies\u016bcas matos, izl\u012bdzina p\u0101rslas, defektus un strukt\u016bras boj\u0101jumus, padara katru atsevi\u0161\u0137u matu glud\u0101ku, biez\u0101ku, z\u012bdain\u0101ku un atvese\u013co matus. Pildvielas satur keram\u012bdus, LPP kerat\u012bnu, PPT kolag\u0113nu, z\u012bda aminosk\u0101bes. Tie normaliz\u0113 \u0101das PH l\u012bdzsvaru, padara matus vad\u0101mus, gludus, \u0137imik\u0101liju vai kr\u0101so\u0161anas nov\u0101jin\u0101tus, k\u0101 ar\u012b uzlabo matu st\u0101vokli. Mati k\u013c\u016bst elast\u012bgi, mitrin\u0101ti, un izz\u016bd sauso galu efekts.<\/p>\n<p><strong>Pielietojums:<\/strong><br \/>\nPildviela j\u0101sajauc ar vien\u0101du \u016bdens tilpumu 1:1 nemet\u0101la trauk\u0101 un j\u0101pagaida p\u0101ris min\u016btes. P\u0113c tam sadaliet t\u012bros un \u017e\u0101v\u0113tos matos, koncentr\u0113joties uz galiem un boj\u0101taj\u0101m viet\u0101m. Atst\u0101jiet uz 15-20 min\u016bt\u0113m (termisk\u0101 v\u0101ci\u0146\u0101 10 min\u016btes), p\u0113c tam noskalojiet ar siltu \u016bdeni. \u012asiem matiem pietiek ar 0,5 pudel\u0113m pildvielas, vid\u0113ja garuma matiem &#8211; 1 pudeli.<\/p>\n<p><strong>Ingredientes:\u00a0<\/strong>Alcohol, Propylene Glycol, Myristyl Alcohol, Cetrimonium Chloride, Benzyl Glycol, exylglycerin, Raspberry Ketone, Hydrolyzed Keratin, Hydrolyzed Collagen, Hydrolyzed Silk, Ceramide NP -12 Dimethicone, Glycerin, Octyldodeceth-20, Octyldodeceth-16, Glyoxyloyl Carbocysteine, Glyoxyloyl tin Amino Acids, Butylene Glycol, Phyllanthus Emblica Extract, Polyquaternium-92, Citric Acid, Fragrance, Citronellol<\/p>","protected":false},"excerpt":{"rendered":"<p>Sp\u0113j atjaunot pat saus\u0101kos, trausl\u0101kos un boj\u0101tos matus. Tas dzi\u013ci ies\u016bcas matu strukt\u016br\u0101, aizpildot boj\u0101jumu rad\u012btos tuk\u0161umus. Atjauno matu integrit\u0101ti, izl\u012bdzina zv\u012b\u0146as, baro un mitrina, pie\u0161\u0137ir elast\u012bbu. Kerat\u012bns, keram\u012bdi, kolag\u0113ns, k\u0101 ar\u012b z\u012bda aminosk\u0101bes \u2013 un tas viss vien\u0101 maz\u0101 ampul\u0101, kas sp\u0113j rad\u012bt \u012bstus br\u012bnumus! Pildviela padar\u012bs j\u016bsu matus gludus, z\u012bdainus un neticami sp\u012bd\u012bgus. [&hellip;]<\/p>\n","protected":false},"featured_media":13525,"comment_status":"open","ping_status":"closed","template":"","meta":{"site-sidebar-layout":"default","site-content-layout":"","ast-site-content-layout":"","site-content-style":"default","site-sidebar-style":"default","ast-global-header-display":"","ast-banner-title-visibility":"","ast-main-header-display":"","ast-hfb-above-header-display":"","ast-hfb-below-header-display":"","ast-hfb-mobile-header-display":"","site-post-title":"","ast-breadcrumbs-content":"","ast-featured-img":"","footer-sml-layout":"","theme-transparent-header-meta":"","adv-header-id-meta":"","stick-header-meta":"","header-above-stick-meta":"","header-main-stick-meta":"","header-below-stick-meta":"","astra-migrate-meta-layouts":"default","ast-page-background-enabled":"default","ast-page-background-meta":{"desktop":{"background-color":"var(--ast-global-color-4)","background-image":"","background-repeat":"repeat","background-position":"center center","background-size":"auto","background-attachment":"scroll","background-type":"","background-media":"","overlay-type":"","overlay-color":"","overlay-opacity":"","overlay-gradient":""},"tablet":{"background-color":"","background-image":"","background-repeat":"repeat","background-position":"center center","background-size":"auto","background-attachment":"scroll","background-type":"","background-media":"","overlay-type":"","overlay-color":"","overlay-opacity":"","overlay-gradient":""},"mobile":{"background-color":"","background-image":"","background-repeat":"repeat","background-position":"center center","background-size":"auto","background-attachment":"scroll","background-type":"","background-media":"","overlay-type":"","overlay-color":"","overlay-opacity":"","overlay-gradient":""}},"ast-content-background-meta":{"desktop":{"background-color":"var(--ast-global-color-5)","background-image":"","background-repeat":"repeat","background-position":"center center","background-size":"auto","background-attachment":"scroll","background-type":"","background-media":"","overlay-type":"","overlay-color":"","overlay-opacity":"","overlay-gradient":""},"tablet":{"background-color":"var(--ast-global-color-5)","background-image":"","background-repeat":"repeat","background-position":"center center","background-size":"auto","background-attachment":"scroll","background-type":"","background-media":"","overlay-type":"","overlay-color":"","overlay-opacity":"","overlay-gradient":""},"mobile":{"background-color":"var(--ast-global-color-5)","background-image":"","background-repeat":"repeat","background-position":"center center","background-size":"auto","background-attachment":"scroll","background-type":"","background-media":"","overlay-type":"","overlay-color":"","overlay-opacity":"","overlay-gradient":""}}},"product_brand":[],"product_cat":[354,330],"product_tag":[],"berocket_brand":[594],"class_list":{"0":"post-13524","1":"product","2":"type-product","3":"status-publish","4":"has-post-thumbnail","6":"product_cat-filleri-un-serumi","7":"product_cat-matiem","8":"berocket_brand-lador","9":"desktop-align-left","10":"tablet-align-left","11":"mobile-align-left","13":"first","14":"instock","15":"taxable","16":"shipping-taxable","17":"purchasable","18":"product-type-simple","19":"add-to-wishlist-before_image"},"yoast_head":"<!-- This site is optimized with the Yoast SEO plugin v27.4 - https:\/\/yoast.com\/product\/yoast-seo-wordpress\/ -->\n<title>LA\u2019DOR PERFECT HAIR FILL-UP OSMANTHUS 13ml - FACECORNER<\/title>\n<meta name=\"robots\" content=\"index, follow, max-snippet:-1, max-image-preview:large, max-video-preview:-1\" \/>\n<link rel=\"canonical\" href=\"https:\/\/www.facecorner.lv\/en\/shop\/lador-perfect-hair-fill-up-osmanthus-13ml\/\" \/>\n<meta property=\"og:locale\" content=\"en_US\" \/>\n<meta property=\"og:type\" content=\"article\" \/>\n<meta property=\"og:title\" content=\"LA\u2019DOR PERFECT HAIR FILL-UP OSMANTHUS 13ml - FACECORNER\" \/>\n<meta property=\"og:description\" content=\"Sp\u0113j atjaunot pat saus\u0101kos, trausl\u0101kos un boj\u0101tos matus. Tas dzi\u013ci ies\u016bcas matu strukt\u016br\u0101, aizpildot boj\u0101jumu rad\u012btos tuk\u0161umus. Atjauno matu integrit\u0101ti, izl\u012bdzina zv\u012b\u0146as, baro un mitrina, pie\u0161\u0137ir elast\u012bbu. Kerat\u012bns, keram\u012bdi, kolag\u0113ns, k\u0101 ar\u012b z\u012bda aminosk\u0101bes \u2013 un tas viss vien\u0101 maz\u0101 ampul\u0101, kas sp\u0113j rad\u012bt \u012bstus br\u012bnumus! Pildviela padar\u012bs j\u016bsu matus gludus, z\u012bdainus un neticami sp\u012bd\u012bgus. [&hellip;]\" \/>\n<meta property=\"og:url\" content=\"https:\/\/www.facecorner.lv\/en\/shop\/lador-perfect-hair-fill-up-osmanthus-13ml\/\" \/>\n<meta property=\"og:site_name\" content=\"FACECORNER\" \/>\n<meta property=\"article:publisher\" content=\"https:\/\/www.facebook.com\/profile.php?id=100063824551839\" \/>\n<meta property=\"article:modified_time\" content=\"2025-09-19T05:21:11+00:00\" \/>\n<meta property=\"og:image\" content=\"https:\/\/www.facecorner.lv\/wp-content\/uploads\/2023\/12\/filler-dlya-volos-lador-perfect-hair-fill-up-mauve-edition-800x800-1.jpeg\" \/>\n\t<meta property=\"og:image:width\" content=\"800\" \/>\n\t<meta property=\"og:image:height\" content=\"800\" \/>\n\t<meta property=\"og:image:type\" content=\"image\/jpeg\" \/>\n<meta name=\"twitter:card\" content=\"summary_large_image\" \/>\n<meta name=\"twitter:label1\" content=\"Price\" \/>\n\t<meta name=\"twitter:data1\" content=\"&euro;3.50\" \/>\n\t<meta name=\"twitter:label2\" content=\"Availability\" \/>\n\t<meta name=\"twitter:data2\" content=\"In stock\" \/>\n<script type=\"application\/ld+json\" class=\"yoast-schema-graph\">{\"@context\":\"https:\\\/\\\/schema.org\",\"@graph\":[{\"@type\":\"WebPage\",\"@id\":\"https:\\\/\\\/www.facecorner.lv\\\/shop\\\/lador-perfect-hair-fill-up-osmanthus-13ml\\\/\",\"url\":\"https:\\\/\\\/www.facecorner.lv\\\/shop\\\/lador-perfect-hair-fill-up-osmanthus-13ml\\\/\",\"name\":\"LA\u2019DOR PERFECT HAIR FILL-UP OSMANTHUS 13ml - FACECORNER\",\"isPartOf\":{\"@id\":\"https:\\\/\\\/www.facecorner.lv\\\/#website\"},\"primaryImageOfPage\":{\"@id\":\"https:\\\/\\\/www.facecorner.lv\\\/shop\\\/lador-perfect-hair-fill-up-osmanthus-13ml\\\/#primaryimage\"},\"image\":{\"@id\":\"https:\\\/\\\/www.facecorner.lv\\\/shop\\\/lador-perfect-hair-fill-up-osmanthus-13ml\\\/#primaryimage\"},\"thumbnailUrl\":\"https:\\\/\\\/www.facecorner.lv\\\/wp-content\\\/uploads\\\/2023\\\/12\\\/filler-dlya-volos-lador-perfect-hair-fill-up-mauve-edition-800x800-1.jpeg\",\"datePublished\":\"2023-12-18T16:48:32+00:00\",\"dateModified\":\"2025-09-19T05:21:11+00:00\",\"breadcrumb\":{\"@id\":\"https:\\\/\\\/www.facecorner.lv\\\/shop\\\/lador-perfect-hair-fill-up-osmanthus-13ml\\\/#breadcrumb\"},\"inLanguage\":\"en-US\",\"potentialAction\":[{\"@type\":\"ReadAction\",\"target\":[\"https:\\\/\\\/www.facecorner.lv\\\/shop\\\/lador-perfect-hair-fill-up-osmanthus-13ml\\\/\"]}]},{\"@type\":\"ImageObject\",\"inLanguage\":\"en-US\",\"@id\":\"https:\\\/\\\/www.facecorner.lv\\\/shop\\\/lador-perfect-hair-fill-up-osmanthus-13ml\\\/#primaryimage\",\"url\":\"https:\\\/\\\/www.facecorner.lv\\\/wp-content\\\/uploads\\\/2023\\\/12\\\/filler-dlya-volos-lador-perfect-hair-fill-up-mauve-edition-800x800-1.jpeg\",\"contentUrl\":\"https:\\\/\\\/www.facecorner.lv\\\/wp-content\\\/uploads\\\/2023\\\/12\\\/filler-dlya-volos-lador-perfect-hair-fill-up-mauve-edition-800x800-1.jpeg\",\"width\":800,\"height\":800},{\"@type\":\"BreadcrumbList\",\"@id\":\"https:\\\/\\\/www.facecorner.lv\\\/shop\\\/lador-perfect-hair-fill-up-osmanthus-13ml\\\/#breadcrumb\",\"itemListElement\":[{\"@type\":\"ListItem\",\"position\":1,\"name\":\"Home\",\"item\":\"https:\\\/\\\/www.facecorner.lv\\\/\"},{\"@type\":\"ListItem\",\"position\":2,\"name\":\"Veikals\",\"item\":\"https:\\\/\\\/www.facecorner.lv\\\/shop\\\/\"},{\"@type\":\"ListItem\",\"position\":3,\"name\":\"LA\u2019DOR PERFECT HAIR FILL-UP OSMANTHUS 13ml\"}]},{\"@type\":\"WebSite\",\"@id\":\"https:\\\/\\\/www.facecorner.lv\\\/#website\",\"url\":\"https:\\\/\\\/www.facecorner.lv\\\/\",\"name\":\"Facecorner\",\"description\":\"\",\"publisher\":{\"@id\":\"https:\\\/\\\/www.facecorner.lv\\\/#organization\"},\"potentialAction\":[{\"@type\":\"SearchAction\",\"target\":{\"@type\":\"EntryPoint\",\"urlTemplate\":\"https:\\\/\\\/www.facecorner.lv\\\/?s={search_term_string}\"},\"query-input\":{\"@type\":\"PropertyValueSpecification\",\"valueRequired\":true,\"valueName\":\"search_term_string\"}}],\"inLanguage\":\"en-US\"},{\"@type\":\"Organization\",\"@id\":\"https:\\\/\\\/www.facecorner.lv\\\/#organization\",\"name\":\"Facecorner\",\"url\":\"https:\\\/\\\/www.facecorner.lv\\\/\",\"logo\":{\"@type\":\"ImageObject\",\"inLanguage\":\"en-US\",\"@id\":\"https:\\\/\\\/www.facecorner.lv\\\/#\\\/schema\\\/logo\\\/image\\\/\",\"url\":\"https:\\\/\\\/www.facecorner.lv\\\/wp-content\\\/uploads\\\/2024\\\/04\\\/fc-logo.jpg\",\"contentUrl\":\"https:\\\/\\\/www.facecorner.lv\\\/wp-content\\\/uploads\\\/2024\\\/04\\\/fc-logo.jpg\",\"width\":174,\"height\":28,\"caption\":\"Facecorner\"},\"image\":{\"@id\":\"https:\\\/\\\/www.facecorner.lv\\\/#\\\/schema\\\/logo\\\/image\\\/\"},\"sameAs\":[\"https:\\\/\\\/www.facebook.com\\\/profile.php?id=100063824551839\",\"https:\\\/\\\/www.instagram.com\\\/facecorner_shop\\\/\"]}]}<\/script>\n<meta property=\"product:price:amount\" content=\"3.50\" \/>\n<meta property=\"product:price:currency\" content=\"EUR\" \/>\n<meta property=\"og:availability\" content=\"instock\" \/>\n<meta property=\"product:availability\" content=\"instock\" \/>\n<meta property=\"product:condition\" content=\"new\" \/>\n<!-- \/ Yoast SEO plugin. -->","yoast_head_json":{"title":"LA\u2019DOR PERFECT HAIR FILL-UP OSMANTHUS 13ml - FACECORNER","robots":{"index":"index","follow":"follow","max-snippet":"max-snippet:-1","max-image-preview":"max-image-preview:large","max-video-preview":"max-video-preview:-1"},"canonical":"https:\/\/www.facecorner.lv\/en\/shop\/lador-perfect-hair-fill-up-osmanthus-13ml\/","og_locale":"en_US","og_type":"article","og_title":"LA\u2019DOR PERFECT HAIR FILL-UP OSMANTHUS 13ml - FACECORNER","og_description":"Sp\u0113j atjaunot pat saus\u0101kos, trausl\u0101kos un boj\u0101tos matus. Tas dzi\u013ci ies\u016bcas matu strukt\u016br\u0101, aizpildot boj\u0101jumu rad\u012btos tuk\u0161umus. Atjauno matu integrit\u0101ti, izl\u012bdzina zv\u012b\u0146as, baro un mitrina, pie\u0161\u0137ir elast\u012bbu. Kerat\u012bns, keram\u012bdi, kolag\u0113ns, k\u0101 ar\u012b z\u012bda aminosk\u0101bes \u2013 un tas viss vien\u0101 maz\u0101 ampul\u0101, kas sp\u0113j rad\u012bt \u012bstus br\u012bnumus! Pildviela padar\u012bs j\u016bsu matus gludus, z\u012bdainus un neticami sp\u012bd\u012bgus. [&hellip;]","og_url":"https:\/\/www.facecorner.lv\/en\/shop\/lador-perfect-hair-fill-up-osmanthus-13ml\/","og_site_name":"FACECORNER","article_publisher":"https:\/\/www.facebook.com\/profile.php?id=100063824551839","article_modified_time":"2025-09-19T05:21:11+00:00","og_image":[{"width":800,"height":800,"url":"https:\/\/www.facecorner.lv\/wp-content\/uploads\/2023\/12\/filler-dlya-volos-lador-perfect-hair-fill-up-mauve-edition-800x800-1.jpeg","type":"image\/jpeg"}],"twitter_card":"summary_large_image","twitter_misc":{"Price":"&euro;3.50","Availability":"In stock"},"schema":{"@context":"https:\/\/schema.org","@graph":[{"@type":"WebPage","@id":"https:\/\/www.facecorner.lv\/shop\/lador-perfect-hair-fill-up-osmanthus-13ml\/","url":"https:\/\/www.facecorner.lv\/shop\/lador-perfect-hair-fill-up-osmanthus-13ml\/","name":"LA\u2019DOR PERFECT HAIR FILL-UP OSMANTHUS 13ml - FACECORNER","isPartOf":{"@id":"https:\/\/www.facecorner.lv\/#website"},"primaryImageOfPage":{"@id":"https:\/\/www.facecorner.lv\/shop\/lador-perfect-hair-fill-up-osmanthus-13ml\/#primaryimage"},"image":{"@id":"https:\/\/www.facecorner.lv\/shop\/lador-perfect-hair-fill-up-osmanthus-13ml\/#primaryimage"},"thumbnailUrl":"https:\/\/www.facecorner.lv\/wp-content\/uploads\/2023\/12\/filler-dlya-volos-lador-perfect-hair-fill-up-mauve-edition-800x800-1.jpeg","datePublished":"2023-12-18T16:48:32+00:00","dateModified":"2025-09-19T05:21:11+00:00","breadcrumb":{"@id":"https:\/\/www.facecorner.lv\/shop\/lador-perfect-hair-fill-up-osmanthus-13ml\/#breadcrumb"},"inLanguage":"en-US","potentialAction":[{"@type":"ReadAction","target":["https:\/\/www.facecorner.lv\/shop\/lador-perfect-hair-fill-up-osmanthus-13ml\/"]}]},{"@type":"ImageObject","inLanguage":"en-US","@id":"https:\/\/www.facecorner.lv\/shop\/lador-perfect-hair-fill-up-osmanthus-13ml\/#primaryimage","url":"https:\/\/www.facecorner.lv\/wp-content\/uploads\/2023\/12\/filler-dlya-volos-lador-perfect-hair-fill-up-mauve-edition-800x800-1.jpeg","contentUrl":"https:\/\/www.facecorner.lv\/wp-content\/uploads\/2023\/12\/filler-dlya-volos-lador-perfect-hair-fill-up-mauve-edition-800x800-1.jpeg","width":800,"height":800},{"@type":"BreadcrumbList","@id":"https:\/\/www.facecorner.lv\/shop\/lador-perfect-hair-fill-up-osmanthus-13ml\/#breadcrumb","itemListElement":[{"@type":"ListItem","position":1,"name":"Home","item":"https:\/\/www.facecorner.lv\/"},{"@type":"ListItem","position":2,"name":"Veikals","item":"https:\/\/www.facecorner.lv\/shop\/"},{"@type":"ListItem","position":3,"name":"LA\u2019DOR PERFECT HAIR FILL-UP OSMANTHUS 13ml"}]},{"@type":"WebSite","@id":"https:\/\/www.facecorner.lv\/#website","url":"https:\/\/www.facecorner.lv\/","name":"Facecorner","description":"","publisher":{"@id":"https:\/\/www.facecorner.lv\/#organization"},"potentialAction":[{"@type":"SearchAction","target":{"@type":"EntryPoint","urlTemplate":"https:\/\/www.facecorner.lv\/?s={search_term_string}"},"query-input":{"@type":"PropertyValueSpecification","valueRequired":true,"valueName":"search_term_string"}}],"inLanguage":"en-US"},{"@type":"Organization","@id":"https:\/\/www.facecorner.lv\/#organization","name":"Facecorner","url":"https:\/\/www.facecorner.lv\/","logo":{"@type":"ImageObject","inLanguage":"en-US","@id":"https:\/\/www.facecorner.lv\/#\/schema\/logo\/image\/","url":"https:\/\/www.facecorner.lv\/wp-content\/uploads\/2024\/04\/fc-logo.jpg","contentUrl":"https:\/\/www.facecorner.lv\/wp-content\/uploads\/2024\/04\/fc-logo.jpg","width":174,"height":28,"caption":"Facecorner"},"image":{"@id":"https:\/\/www.facecorner.lv\/#\/schema\/logo\/image\/"},"sameAs":["https:\/\/www.facebook.com\/profile.php?id=100063824551839","https:\/\/www.instagram.com\/facecorner_shop\/"]}]},"product_price_amount":"3.50","product_price_currency":"EUR","og_availability":"instock","product_availability":"instock","product_condition":"new"},"_links":{"self":[{"href":"https:\/\/www.facecorner.lv\/en\/wp-json\/wp\/v2\/product\/13524","targetHints":{"allow":["GET"]}}],"collection":[{"href":"https:\/\/www.facecorner.lv\/en\/wp-json\/wp\/v2\/product"}],"about":[{"href":"https:\/\/www.facecorner.lv\/en\/wp-json\/wp\/v2\/types\/product"}],"replies":[{"embeddable":true,"href":"https:\/\/www.facecorner.lv\/en\/wp-json\/wp\/v2\/comments?post=13524"}],"wp:featuredmedia":[{"embeddable":true,"href":"https:\/\/www.facecorner.lv\/en\/wp-json\/wp\/v2\/media\/13525"}],"wp:attachment":[{"href":"https:\/\/www.facecorner.lv\/en\/wp-json\/wp\/v2\/media?parent=13524"}],"wp:term":[{"taxonomy":"product_brand","embeddable":true,"href":"https:\/\/www.facecorner.lv\/en\/wp-json\/wp\/v2\/product_brand?post=13524"},{"taxonomy":"product_cat","embeddable":true,"href":"https:\/\/www.facecorner.lv\/en\/wp-json\/wp\/v2\/product_cat?post=13524"},{"taxonomy":"product_tag","embeddable":true,"href":"https:\/\/www.facecorner.lv\/en\/wp-json\/wp\/v2\/product_tag?post=13524"},{"taxonomy":"berocket_brand","embeddable":true,"href":"https:\/\/www.facecorner.lv\/en\/wp-json\/wp\/v2\/berocket_brand?post=13524"}],"curies":[{"name":"wp","href":"https:\/\/api.w.org\/{rel}","templated":true}]}}