{"id":13514,"date":"2023-12-18T18:23:47","date_gmt":"2023-12-18T16:23:47","guid":{"rendered":"https:\/\/www.facecorner.lv\/?post_type=product&#038;p=13514"},"modified":"2024-07-12T11:01:15","modified_gmt":"2024-07-12T09:01:15","slug":"lador-wonder-full-hair-serum-100ml","status":"publish","type":"product","link":"https:\/\/www.facecorner.lv\/en\/shop\/lador-wonder-full-hair-serum-100ml\/","title":{"rendered":"Lador Wonder Full Hair Serum 100ml"},"content":{"rendered":"<p>Lador Wonder Full Hair Serum mitrina un izl\u012bdzina sausus un l\u016bsto\u0161us matus, aptverot tos ar neredzamu mitrumu aizsarg\u0101jo\u0161u sl\u0101ni. Produkts pasarg\u0101 no augstas temperat\u016bras un citu agres\u012bvu faktoru iedarb\u012bbas, baro un atjauno.<\/p>\n<p>Produkts padara matus gai\u0161us, gludus un elast\u012bgus, nov\u0113r\u0161 dehidrat\u0101ciju, trauslumu un matu galu \u0161\u0137el\u0161anos. Ir nelip\u012bga, mitrino\u0161a esences tekst\u016bra. Lieliski piem\u0113rots cirtainiem un sprogainiem matiem: padara lokas elast\u012bgas un pie\u0161\u0137ir vesel\u012bgu sp\u012bdumu.<\/p>\n<p>Serums \u0101tri uzs\u016bcas, neatst\u0101j lip\u012bgumu un nenoslogo. Nov\u0113r\u0161 p\u016bko\u0161anos, lieliski piem\u0113rots tiem, kas bie\u017ei izmanto karstus veido\u0161anas r\u012bkus.<\/p>\n<p><strong>Main active ingredients:<\/strong><\/p>\n<ul>\n<li>Islandes cetraria ekstrakts (Islandes s\u016bnas) m\u012bkstina, nov\u0113r\u0161 sausumu, nov\u0113r\u0161 trauslumu, pie\u0161\u0137ir matiem elast\u012bbu un iztur\u012bbu, tos nenoslogojot.<\/li>\n<li>Aphanothece Sacrum polisahar\u012bdi ir dab\u012bgs polim\u0113rs, kas ieg\u016bts no a\u013c\u0123\u0113m, kas veido mitrumu aizsarg\u0101jo\u0161u barjeru uz matu virsmas un nodro\u0161ina lielisku kondicion\u0113\u0161anu.<\/li>\n<li>N\u0101trija hialuron\u0101ts intens\u012bvi mitrina, veidojot uz matu virsmas neredzamu aizsargk\u0101rtu, kas nov\u0113r\u0161 sausumu un trauslumu.<\/li>\n<li>Argin\u012bns stiprina, nov\u0113r\u0161 matu galu \u0161\u0137el\u0161anos, padara matus gludus un elast\u012bgus.<\/li>\n<\/ul>\n<p><strong>How to use:<\/strong> Uzkl\u0101jiet serumu t\u012bros, sausos matos pirms vai p\u0113c ieveido\u0161anas vai \u017e\u0101v\u0113\u0161anas ar f\u0113nu.<\/p>\n<p><strong>Ingredientes:\u00a0<\/strong>Water, Cyclopentasiloxane, Alcohol, Glycerin, Dimethiconol, Cyclohexasiloxane, Water(10,000ppm), Dimethicone, Cetraria Islandica Extract, Aphanothece Sacrum Polysaccharides, Sodium Hyaluronate, Butylene Glycol, Pentylene Glycol, Carbomer, VP\/Dimethylaminoethylmethacrylate Copolymer, PEG-60 Hydrogenated Castor Oil, Arginine, Caramel, Caprylyl Glycol, 1,2-Hexanediol, Maltodextrin, Trideceth-10, Disodium EDTA, Phenoxyethanol, Fragrance, Alpha-Isomethyl Ionone, Citronellol, Geraniol, Limonene, Linalool, CI 42090, CI 17200, CI 19140<\/p>","protected":false},"excerpt":{"rendered":"<p>Lador Wonder Full Hair Serum mitrina un izl\u012bdzina sausus un l\u016bsto\u0161us matus, aptverot tos ar neredzamu mitrumu aizsarg\u0101jo\u0161u sl\u0101ni. Produkts pasarg\u0101 no augstas temperat\u016bras un citu agres\u012bvu faktoru iedarb\u012bbas, baro un atjauno. Produkts padara matus gai\u0161us, gludus un elast\u012bgus, nov\u0113r\u0161 dehidrat\u0101ciju, trauslumu un matu galu \u0161\u0137el\u0161anos. Ir nelip\u012bga, mitrino\u0161a esences tekst\u016bra. Lieliski piem\u0113rots cirtainiem un [&hellip;]<\/p>\n","protected":false},"featured_media":13515,"comment_status":"open","ping_status":"closed","template":"","meta":{"site-sidebar-layout":"default","site-content-layout":"","ast-site-content-layout":"","site-content-style":"default","site-sidebar-style":"default","ast-global-header-display":"","ast-banner-title-visibility":"","ast-main-header-display":"","ast-hfb-above-header-display":"","ast-hfb-below-header-display":"","ast-hfb-mobile-header-display":"","site-post-title":"","ast-breadcrumbs-content":"","ast-featured-img":"","footer-sml-layout":"","theme-transparent-header-meta":"","adv-header-id-meta":"","stick-header-meta":"","header-above-stick-meta":"","header-main-stick-meta":"","header-below-stick-meta":"","astra-migrate-meta-layouts":"default","ast-page-background-enabled":"default","ast-page-background-meta":{"desktop":{"background-color":"var(--ast-global-color-4)","background-image":"","background-repeat":"repeat","background-position":"center center","background-size":"auto","background-attachment":"scroll","background-type":"","background-media":"","overlay-type":"","overlay-color":"","overlay-opacity":"","overlay-gradient":""},"tablet":{"background-color":"","background-image":"","background-repeat":"repeat","background-position":"center center","background-size":"auto","background-attachment":"scroll","background-type":"","background-media":"","overlay-type":"","overlay-color":"","overlay-opacity":"","overlay-gradient":""},"mobile":{"background-color":"","background-image":"","background-repeat":"repeat","background-position":"center center","background-size":"auto","background-attachment":"scroll","background-type":"","background-media":"","overlay-type":"","overlay-color":"","overlay-opacity":"","overlay-gradient":""}},"ast-content-background-meta":{"desktop":{"background-color":"var(--ast-global-color-5)","background-image":"","background-repeat":"repeat","background-position":"center center","background-size":"auto","background-attachment":"scroll","background-type":"","background-media":"","overlay-type":"","overlay-color":"","overlay-opacity":"","overlay-gradient":""},"tablet":{"background-color":"var(--ast-global-color-5)","background-image":"","background-repeat":"repeat","background-position":"center center","background-size":"auto","background-attachment":"scroll","background-type":"","background-media":"","overlay-type":"","overlay-color":"","overlay-opacity":"","overlay-gradient":""},"mobile":{"background-color":"var(--ast-global-color-5)","background-image":"","background-repeat":"repeat","background-position":"center center","background-size":"auto","background-attachment":"scroll","background-type":"","background-media":"","overlay-type":"","overlay-color":"","overlay-opacity":"","overlay-gradient":""}}},"product_brand":[],"product_cat":[354,330],"product_tag":[],"berocket_brand":[],"class_list":{"0":"post-13514","1":"product","2":"type-product","3":"status-publish","4":"has-post-thumbnail","6":"product_cat-filleri-un-serumi","7":"product_cat-matiem","8":"desktop-align-left","9":"tablet-align-left","10":"mobile-align-left","12":"first","13":"outofstock","14":"taxable","15":"shipping-taxable","16":"purchasable","17":"product-type-simple","18":"add-to-wishlist-before_image"},"yoast_head":"<!-- This site is optimized with the Yoast SEO plugin v27.3 - https:\/\/yoast.com\/product\/yoast-seo-wordpress\/ -->\n<title>Lador Wonder Full Hair Serum 100ml - FACECORNER<\/title>\n<meta name=\"robots\" content=\"index, follow, max-snippet:-1, max-image-preview:large, max-video-preview:-1\" \/>\n<link rel=\"canonical\" href=\"https:\/\/www.facecorner.lv\/en\/shop\/lador-wonder-full-hair-serum-100ml\/\" \/>\n<meta property=\"og:locale\" content=\"en_US\" \/>\n<meta property=\"og:type\" content=\"article\" \/>\n<meta property=\"og:title\" content=\"Lador Wonder Full Hair Serum 100ml - FACECORNER\" \/>\n<meta property=\"og:description\" content=\"Lador Wonder Full Hair Serum mitrina un izl\u012bdzina sausus un l\u016bsto\u0161us matus, aptverot tos ar neredzamu mitrumu aizsarg\u0101jo\u0161u sl\u0101ni. Produkts pasarg\u0101 no augstas temperat\u016bras un citu agres\u012bvu faktoru iedarb\u012bbas, baro un atjauno. Produkts padara matus gai\u0161us, gludus un elast\u012bgus, nov\u0113r\u0161 dehidrat\u0101ciju, trauslumu un matu galu \u0161\u0137el\u0161anos. Ir nelip\u012bga, mitrino\u0161a esences tekst\u016bra. Lieliski piem\u0113rots cirtainiem un [&hellip;]\" \/>\n<meta property=\"og:url\" content=\"https:\/\/www.facecorner.lv\/en\/shop\/lador-wonder-full-hair-serum-100ml\/\" \/>\n<meta property=\"og:site_name\" content=\"FACECORNER\" \/>\n<meta property=\"article:publisher\" content=\"https:\/\/www.facebook.com\/profile.php?id=100063824551839\" \/>\n<meta property=\"article:modified_time\" content=\"2024-07-12T09:01:15+00:00\" \/>\n<meta property=\"og:image\" content=\"https:\/\/www.facecorner.lv\/wp-content\/uploads\/2023\/12\/20230811150841492_413811-26-2-jpg.webp\" \/>\n\t<meta property=\"og:image:width\" content=\"1000\" \/>\n\t<meta property=\"og:image:height\" content=\"1000\" \/>\n\t<meta property=\"og:image:type\" content=\"image\/webp\" \/>\n<meta name=\"twitter:card\" content=\"summary_large_image\" \/>\n<meta name=\"twitter:label1\" content=\"Price\" \/>\n\t<meta name=\"twitter:data1\" content=\"&euro;15.00\" \/>\n\t<meta name=\"twitter:label2\" content=\"Availability\" \/>\n\t<meta name=\"twitter:data2\" content=\"Out of stock\" \/>\n<script type=\"application\/ld+json\" class=\"yoast-schema-graph\">{\"@context\":\"https:\\\/\\\/schema.org\",\"@graph\":[{\"@type\":\"WebPage\",\"@id\":\"https:\\\/\\\/www.facecorner.lv\\\/en\\\/shop\\\/lador-wonder-full-hair-serum-100ml\\\/\",\"url\":\"https:\\\/\\\/www.facecorner.lv\\\/en\\\/shop\\\/lador-wonder-full-hair-serum-100ml\\\/\",\"name\":\"Lador Wonder Full Hair Serum 100ml - FACECORNER\",\"isPartOf\":{\"@id\":\"https:\\\/\\\/www.facecorner.lv\\\/#website\"},\"primaryImageOfPage\":{\"@id\":\"https:\\\/\\\/www.facecorner.lv\\\/en\\\/shop\\\/lador-wonder-full-hair-serum-100ml\\\/#primaryimage\"},\"image\":{\"@id\":\"https:\\\/\\\/www.facecorner.lv\\\/en\\\/shop\\\/lador-wonder-full-hair-serum-100ml\\\/#primaryimage\"},\"thumbnailUrl\":\"https:\\\/\\\/www.facecorner.lv\\\/wp-content\\\/uploads\\\/2023\\\/12\\\/20230811150841492_413811-26-2-jpg.webp\",\"datePublished\":\"2023-12-18T16:23:47+00:00\",\"dateModified\":\"2024-07-12T09:01:15+00:00\",\"breadcrumb\":{\"@id\":\"https:\\\/\\\/www.facecorner.lv\\\/en\\\/shop\\\/lador-wonder-full-hair-serum-100ml\\\/#breadcrumb\"},\"inLanguage\":\"en-US\",\"potentialAction\":[{\"@type\":\"ReadAction\",\"target\":[\"https:\\\/\\\/www.facecorner.lv\\\/en\\\/shop\\\/lador-wonder-full-hair-serum-100ml\\\/\"]}]},{\"@type\":\"ImageObject\",\"inLanguage\":\"en-US\",\"@id\":\"https:\\\/\\\/www.facecorner.lv\\\/en\\\/shop\\\/lador-wonder-full-hair-serum-100ml\\\/#primaryimage\",\"url\":\"https:\\\/\\\/www.facecorner.lv\\\/wp-content\\\/uploads\\\/2023\\\/12\\\/20230811150841492_413811-26-2-jpg.webp\",\"contentUrl\":\"https:\\\/\\\/www.facecorner.lv\\\/wp-content\\\/uploads\\\/2023\\\/12\\\/20230811150841492_413811-26-2-jpg.webp\",\"width\":1000,\"height\":1000},{\"@type\":\"BreadcrumbList\",\"@id\":\"https:\\\/\\\/www.facecorner.lv\\\/en\\\/shop\\\/lador-wonder-full-hair-serum-100ml\\\/#breadcrumb\",\"itemListElement\":[{\"@type\":\"ListItem\",\"position\":1,\"name\":\"Home\",\"item\":\"https:\\\/\\\/www.facecorner.lv\\\/\"},{\"@type\":\"ListItem\",\"position\":2,\"name\":\"Veikals\",\"item\":\"https:\\\/\\\/www.facecorner.lv\\\/shop\\\/\"},{\"@type\":\"ListItem\",\"position\":3,\"name\":\"Lador Wonder Full Hair Serum 100ml\"}]},{\"@type\":\"WebSite\",\"@id\":\"https:\\\/\\\/www.facecorner.lv\\\/#website\",\"url\":\"https:\\\/\\\/www.facecorner.lv\\\/\",\"name\":\"Facecorner\",\"description\":\"\",\"publisher\":{\"@id\":\"https:\\\/\\\/www.facecorner.lv\\\/#organization\"},\"potentialAction\":[{\"@type\":\"SearchAction\",\"target\":{\"@type\":\"EntryPoint\",\"urlTemplate\":\"https:\\\/\\\/www.facecorner.lv\\\/?s={search_term_string}\"},\"query-input\":{\"@type\":\"PropertyValueSpecification\",\"valueRequired\":true,\"valueName\":\"search_term_string\"}}],\"inLanguage\":\"en-US\"},{\"@type\":\"Organization\",\"@id\":\"https:\\\/\\\/www.facecorner.lv\\\/#organization\",\"name\":\"Facecorner\",\"url\":\"https:\\\/\\\/www.facecorner.lv\\\/\",\"logo\":{\"@type\":\"ImageObject\",\"inLanguage\":\"en-US\",\"@id\":\"https:\\\/\\\/www.facecorner.lv\\\/#\\\/schema\\\/logo\\\/image\\\/\",\"url\":\"https:\\\/\\\/www.facecorner.lv\\\/wp-content\\\/uploads\\\/2024\\\/04\\\/fc-logo.jpg\",\"contentUrl\":\"https:\\\/\\\/www.facecorner.lv\\\/wp-content\\\/uploads\\\/2024\\\/04\\\/fc-logo.jpg\",\"width\":174,\"height\":28,\"caption\":\"Facecorner\"},\"image\":{\"@id\":\"https:\\\/\\\/www.facecorner.lv\\\/#\\\/schema\\\/logo\\\/image\\\/\"},\"sameAs\":[\"https:\\\/\\\/www.facebook.com\\\/profile.php?id=100063824551839\",\"https:\\\/\\\/www.instagram.com\\\/facecorner_shop\\\/\"]}]}<\/script>\n<meta property=\"product:price:amount\" content=\"15.00\" \/>\n<meta property=\"product:price:currency\" content=\"EUR\" \/>\n<meta property=\"og:availability\" content=\"out of stock\" \/>\n<meta property=\"product:availability\" content=\"out of stock\" \/>\n<meta property=\"product:condition\" content=\"new\" \/>\n<!-- \/ Yoast SEO plugin. -->","yoast_head_json":{"title":"Lador Wonder Full Hair Serum 100ml - FACECORNER","robots":{"index":"index","follow":"follow","max-snippet":"max-snippet:-1","max-image-preview":"max-image-preview:large","max-video-preview":"max-video-preview:-1"},"canonical":"https:\/\/www.facecorner.lv\/en\/shop\/lador-wonder-full-hair-serum-100ml\/","og_locale":"en_US","og_type":"article","og_title":"Lador Wonder Full Hair Serum 100ml - FACECORNER","og_description":"Lador Wonder Full Hair Serum mitrina un izl\u012bdzina sausus un l\u016bsto\u0161us matus, aptverot tos ar neredzamu mitrumu aizsarg\u0101jo\u0161u sl\u0101ni. Produkts pasarg\u0101 no augstas temperat\u016bras un citu agres\u012bvu faktoru iedarb\u012bbas, baro un atjauno. Produkts padara matus gai\u0161us, gludus un elast\u012bgus, nov\u0113r\u0161 dehidrat\u0101ciju, trauslumu un matu galu \u0161\u0137el\u0161anos. Ir nelip\u012bga, mitrino\u0161a esences tekst\u016bra. Lieliski piem\u0113rots cirtainiem un [&hellip;]","og_url":"https:\/\/www.facecorner.lv\/en\/shop\/lador-wonder-full-hair-serum-100ml\/","og_site_name":"FACECORNER","article_publisher":"https:\/\/www.facebook.com\/profile.php?id=100063824551839","article_modified_time":"2024-07-12T09:01:15+00:00","og_image":[{"width":1000,"height":1000,"url":"https:\/\/www.facecorner.lv\/wp-content\/uploads\/2023\/12\/20230811150841492_413811-26-2-jpg.webp","type":"image\/webp"}],"twitter_card":"summary_large_image","twitter_misc":{"Price":"&euro;15.00","Availability":"Out of stock"},"schema":{"@context":"https:\/\/schema.org","@graph":[{"@type":"WebPage","@id":"https:\/\/www.facecorner.lv\/en\/shop\/lador-wonder-full-hair-serum-100ml\/","url":"https:\/\/www.facecorner.lv\/en\/shop\/lador-wonder-full-hair-serum-100ml\/","name":"Lador Wonder Full Hair Serum 100ml - FACECORNER","isPartOf":{"@id":"https:\/\/www.facecorner.lv\/#website"},"primaryImageOfPage":{"@id":"https:\/\/www.facecorner.lv\/en\/shop\/lador-wonder-full-hair-serum-100ml\/#primaryimage"},"image":{"@id":"https:\/\/www.facecorner.lv\/en\/shop\/lador-wonder-full-hair-serum-100ml\/#primaryimage"},"thumbnailUrl":"https:\/\/www.facecorner.lv\/wp-content\/uploads\/2023\/12\/20230811150841492_413811-26-2-jpg.webp","datePublished":"2023-12-18T16:23:47+00:00","dateModified":"2024-07-12T09:01:15+00:00","breadcrumb":{"@id":"https:\/\/www.facecorner.lv\/en\/shop\/lador-wonder-full-hair-serum-100ml\/#breadcrumb"},"inLanguage":"en-US","potentialAction":[{"@type":"ReadAction","target":["https:\/\/www.facecorner.lv\/en\/shop\/lador-wonder-full-hair-serum-100ml\/"]}]},{"@type":"ImageObject","inLanguage":"en-US","@id":"https:\/\/www.facecorner.lv\/en\/shop\/lador-wonder-full-hair-serum-100ml\/#primaryimage","url":"https:\/\/www.facecorner.lv\/wp-content\/uploads\/2023\/12\/20230811150841492_413811-26-2-jpg.webp","contentUrl":"https:\/\/www.facecorner.lv\/wp-content\/uploads\/2023\/12\/20230811150841492_413811-26-2-jpg.webp","width":1000,"height":1000},{"@type":"BreadcrumbList","@id":"https:\/\/www.facecorner.lv\/en\/shop\/lador-wonder-full-hair-serum-100ml\/#breadcrumb","itemListElement":[{"@type":"ListItem","position":1,"name":"Home","item":"https:\/\/www.facecorner.lv\/"},{"@type":"ListItem","position":2,"name":"Veikals","item":"https:\/\/www.facecorner.lv\/shop\/"},{"@type":"ListItem","position":3,"name":"Lador Wonder Full Hair Serum 100ml"}]},{"@type":"WebSite","@id":"https:\/\/www.facecorner.lv\/#website","url":"https:\/\/www.facecorner.lv\/","name":"Facecorner","description":"","publisher":{"@id":"https:\/\/www.facecorner.lv\/#organization"},"potentialAction":[{"@type":"SearchAction","target":{"@type":"EntryPoint","urlTemplate":"https:\/\/www.facecorner.lv\/?s={search_term_string}"},"query-input":{"@type":"PropertyValueSpecification","valueRequired":true,"valueName":"search_term_string"}}],"inLanguage":"en-US"},{"@type":"Organization","@id":"https:\/\/www.facecorner.lv\/#organization","name":"Facecorner","url":"https:\/\/www.facecorner.lv\/","logo":{"@type":"ImageObject","inLanguage":"en-US","@id":"https:\/\/www.facecorner.lv\/#\/schema\/logo\/image\/","url":"https:\/\/www.facecorner.lv\/wp-content\/uploads\/2024\/04\/fc-logo.jpg","contentUrl":"https:\/\/www.facecorner.lv\/wp-content\/uploads\/2024\/04\/fc-logo.jpg","width":174,"height":28,"caption":"Facecorner"},"image":{"@id":"https:\/\/www.facecorner.lv\/#\/schema\/logo\/image\/"},"sameAs":["https:\/\/www.facebook.com\/profile.php?id=100063824551839","https:\/\/www.instagram.com\/facecorner_shop\/"]}]},"product_price_amount":"15.00","product_price_currency":"EUR","og_availability":"out of stock","product_availability":"out of stock","product_condition":"new"},"_links":{"self":[{"href":"https:\/\/www.facecorner.lv\/en\/wp-json\/wp\/v2\/product\/13514","targetHints":{"allow":["GET"]}}],"collection":[{"href":"https:\/\/www.facecorner.lv\/en\/wp-json\/wp\/v2\/product"}],"about":[{"href":"https:\/\/www.facecorner.lv\/en\/wp-json\/wp\/v2\/types\/product"}],"replies":[{"embeddable":true,"href":"https:\/\/www.facecorner.lv\/en\/wp-json\/wp\/v2\/comments?post=13514"}],"wp:featuredmedia":[{"embeddable":true,"href":"https:\/\/www.facecorner.lv\/en\/wp-json\/wp\/v2\/media\/13515"}],"wp:attachment":[{"href":"https:\/\/www.facecorner.lv\/en\/wp-json\/wp\/v2\/media?parent=13514"}],"wp:term":[{"taxonomy":"product_brand","embeddable":true,"href":"https:\/\/www.facecorner.lv\/en\/wp-json\/wp\/v2\/product_brand?post=13514"},{"taxonomy":"product_cat","embeddable":true,"href":"https:\/\/www.facecorner.lv\/en\/wp-json\/wp\/v2\/product_cat?post=13514"},{"taxonomy":"product_tag","embeddable":true,"href":"https:\/\/www.facecorner.lv\/en\/wp-json\/wp\/v2\/product_tag?post=13514"},{"taxonomy":"berocket_brand","embeddable":true,"href":"https:\/\/www.facecorner.lv\/en\/wp-json\/wp\/v2\/berocket_brand?post=13514"}],"curies":[{"name":"wp","href":"https:\/\/api.w.org\/{rel}","templated":true}]}}