{"id":13508,"date":"2023-12-18T18:08:27","date_gmt":"2023-12-18T16:08:27","guid":{"rendered":"https:\/\/www.facecorner.lv\/?post_type=product&#038;p=13508"},"modified":"2025-12-16T16:11:59","modified_gmt":"2025-12-16T13:11:59","slug":"axis-y-pha-resurfacing-glow-50ml","status":"publish","type":"product","link":"https:\/\/www.facecorner.lv\/en\/shop\/axis-y-pha-resurfacing-glow-50ml\/","title":{"rendered":"AXIS-Y PHA Resurfacing Glow 50ml"},"content":{"rendered":"<p>PHA Resurfacing Glow Peel ir jauns j\u0113dziens &#8220;\u016bdens \u017eelejveida p\u012bling\u0101&#8221;, kas att\u012bra poras caur mitruma iek\u013c\u016b\u0161anu un iedarb\u012bbu, bez nepiecie\u0161am\u012bbas veikt fizisku p\u012blingu, kas var viegli kairin\u0101t \u0101du. G\u0113ls ar viegl\u0101ko \u016bde\u0146aino tekst\u016bru uz 10% PHA sk\u0101bes b\u0101zes maigi noloba \u0101du un att\u012bra poras, maigi atjaunojot \u0101du.<\/p>\n<p>Produkts baro, mitrina \u0101du, pies\u0101tina to ar vitam\u012bniem, atv\u0113sina un atsvaidzina. Papildus p\u012blinga efektam produkts nomierina un toniz\u0113, iedarbojas atjaunojo\u0161i, pie\u0161\u0137ir mirdzumu un izl\u012bdzina toni. P\u012blings neizraisa \u0101das sausumu vai kairin\u0101jumu, ir dziedino\u0161s un pretnoveco\u0161an\u0101s efekts, kontrol\u0113 sebuma veido\u0161anos, k\u0101 ar\u012b ir atjaunojo\u0161a iedarb\u012bba. Produkts nesatur m\u0101ksl\u012bg\u0101s kr\u0101svielas, smar\u017evielas, miner\u0101le\u013c\u013cas un parab\u0113nus. Nav test\u0113ts uz dz\u012bvniekiem un sertific\u0113ts veg\u0101ns.<\/p>\n<p><strong>Bubble Pop Cleanser products fine, soft foam to cleanse away dead skin, sebum and makeup residue from your face, while hyaluronic acid moisturizes your skin.<\/strong><\/p>\n<ul>\n<li>PHA sk\u0101be ir jaunas paaudzes AHA sk\u0101bes ar maig\u0101ku iedarb\u012bbu. Tam ir liela molekula un tas smalk\u0101k iedarbojas uz epidermu, smalki noloba raga sl\u0101ni, neizraisot \u0101das kairin\u0101jumu, att\u012bra poras, izl\u012bdzina tonusu, mitrina, izgaismo pigment\u0101ciju un izl\u012bdzina tekst\u016bru. Komponents ir piem\u0113rots jut\u012bgas \u0101das kop\u0161anai.<\/li>\n<li>Camellia japonica ekstrakts samazina epidermas mitruma zudumu. Piem\u012bt atjaunojo\u0161a un toniz\u0113jo\u0161a iedarb\u012bba. Palielina \u0101das aizsargfunkcijas, samazina pigment\u0101cijas risku. Lieliski m\u012bkstina \u0101du un mazina kairin\u0101jumu.<\/li>\n<li>Papaijas ekstraktam piem\u012bt atjaunojo\u0161a, re\u0123ener\u0113jo\u0161a, nomierino\u0161a, att\u012bro\u0161a iedarb\u012bba.<\/li>\n<li>Gur\u0137u ekstrakts lieliski mitrina \u0101du, izl\u012bdzina tonusu, savelk poras, izl\u012bdzina s\u012bk\u0101s krunci\u0146as un apg\u0101d\u0101 organismu ar B vitam\u012bniem un stimul\u0113 kolag\u0113na ra\u017eo\u0161anu.<\/li>\n<li>Centellas ekstrakts nov\u0113r\u0161 aps\u0101rtumu un kairin\u0101jumu, stiprina asinsvadus, pa\u0101trina dz\u012b\u0161anu, mazina iekaisumu un stimul\u0113 kolag\u0113na sint\u0113zi.<\/li>\n<\/ul>\n<p><strong>How to use:<\/strong> Uzkl\u0101jiet biezu produkta sl\u0101ni uz sausas, t\u012bras sejas, izvairoties no zonas ap ac\u012bm un l\u016bp\u0101m 10-15 min\u016btes, veiciet \u012bsu mas\u0101\u017eu, noskalojiet ar siltu \u016bdeni. Nepalaidiet uzman\u012bbu SFP griezumam, izmantojot produktus ar sk\u0101b\u0113m.<\/p>\n<p><strong>Ingredientes:\u00a0<\/strong>Water, Butylene Glycol, Gluconolactone (10%), Glycerin, Tromethamine, 1,2-Hexanediol, Sclerotium Gum, Sodium Acrylic Acid\/MA Copolymer, Xanthan Gum, Ethylhexulglycerin, Disodium EDTA, Caprylyl Glycol, Camellia Japonica Flower Extract, Carica Papaya (Papaya) Fruit Extract, Pyrus Malus (Apple) Fruit Extract, Vitis Vinifera (Grape) Fruit Extract, Prunus Mume Fruit Extract, Cucumis Sativus (Cucumber) Fruit Extract, Centella Asiatica Extract, Tocopherol.<\/p>","protected":false},"excerpt":{"rendered":"<p>PHA Resurfacing Glow Peel ir jauns j\u0113dziens &#8220;\u016bdens \u017eelejveida p\u012bling\u0101&#8221;, kas att\u012bra poras caur mitruma iek\u013c\u016b\u0161anu un iedarb\u012bbu, bez nepiecie\u0161am\u012bbas veikt fizisku p\u012blingu, kas var viegli kairin\u0101t \u0101du. G\u0113ls ar viegl\u0101ko \u016bde\u0146aino tekst\u016bru uz 10% PHA sk\u0101bes b\u0101zes maigi noloba \u0101du un att\u012bra poras, maigi atjaunojot \u0101du. Produkts baro, mitrina \u0101du, pies\u0101tina to ar vitam\u012bniem, [&hellip;]<\/p>\n","protected":false},"featured_media":13509,"comment_status":"open","ping_status":"closed","template":"","meta":{"site-sidebar-layout":"default","site-content-layout":"","ast-site-content-layout":"","site-content-style":"default","site-sidebar-style":"default","ast-global-header-display":"","ast-banner-title-visibility":"","ast-main-header-display":"","ast-hfb-above-header-display":"","ast-hfb-below-header-display":"","ast-hfb-mobile-header-display":"","site-post-title":"","ast-breadcrumbs-content":"","ast-featured-img":"","footer-sml-layout":"","theme-transparent-header-meta":"","adv-header-id-meta":"","stick-header-meta":"","header-above-stick-meta":"","header-main-stick-meta":"","header-below-stick-meta":"","astra-migrate-meta-layouts":"default","ast-page-background-enabled":"default","ast-page-background-meta":{"desktop":{"background-color":"var(--ast-global-color-4)","background-image":"","background-repeat":"repeat","background-position":"center center","background-size":"auto","background-attachment":"scroll","background-type":"","background-media":"","overlay-type":"","overlay-color":"","overlay-opacity":"","overlay-gradient":""},"tablet":{"background-color":"","background-image":"","background-repeat":"repeat","background-position":"center center","background-size":"auto","background-attachment":"scroll","background-type":"","background-media":"","overlay-type":"","overlay-color":"","overlay-opacity":"","overlay-gradient":""},"mobile":{"background-color":"","background-image":"","background-repeat":"repeat","background-position":"center center","background-size":"auto","background-attachment":"scroll","background-type":"","background-media":"","overlay-type":"","overlay-color":"","overlay-opacity":"","overlay-gradient":""}},"ast-content-background-meta":{"desktop":{"background-color":"var(--ast-global-color-5)","background-image":"","background-repeat":"repeat","background-position":"center center","background-size":"auto","background-attachment":"scroll","background-type":"","background-media":"","overlay-type":"","overlay-color":"","overlay-opacity":"","overlay-gradient":""},"tablet":{"background-color":"var(--ast-global-color-5)","background-image":"","background-repeat":"repeat","background-position":"center center","background-size":"auto","background-attachment":"scroll","background-type":"","background-media":"","overlay-type":"","overlay-color":"","overlay-opacity":"","overlay-gradient":""},"mobile":{"background-color":"var(--ast-global-color-5)","background-image":"","background-repeat":"repeat","background-position":"center center","background-size":"auto","background-attachment":"scroll","background-type":"","background-media":"","overlay-type":"","overlay-color":"","overlay-opacity":"","overlay-gradient":""}}},"product_brand":[],"product_cat":[328],"product_tag":[],"berocket_brand":[577],"class_list":{"0":"post-13508","1":"product","2":"type-product","3":"status-publish","4":"has-post-thumbnail","6":"product_cat-pilingi-un-skrubji","7":"berocket_brand-axis-y","8":"desktop-align-left","9":"tablet-align-left","10":"mobile-align-left","12":"first","13":"instock","14":"taxable","15":"shipping-taxable","16":"purchasable","17":"product-type-simple","18":"add-to-wishlist-before_image"},"yoast_head":"<!-- This site is optimized with the Yoast SEO plugin v27.4 - https:\/\/yoast.com\/product\/yoast-seo-wordpress\/ -->\n<title>AXIS-Y PHA Resurfacing Glow 50ml - FACECORNER<\/title>\n<meta name=\"robots\" content=\"index, follow, max-snippet:-1, max-image-preview:large, max-video-preview:-1\" \/>\n<link rel=\"canonical\" href=\"https:\/\/www.facecorner.lv\/en\/shop\/axis-y-pha-resurfacing-glow-50ml\/\" \/>\n<meta property=\"og:locale\" content=\"en_US\" \/>\n<meta property=\"og:type\" content=\"article\" \/>\n<meta property=\"og:title\" content=\"AXIS-Y PHA Resurfacing Glow 50ml - FACECORNER\" \/>\n<meta property=\"og:description\" content=\"PHA Resurfacing Glow Peel ir jauns j\u0113dziens &#8220;\u016bdens \u017eelejveida p\u012bling\u0101&#8221;, kas att\u012bra poras caur mitruma iek\u013c\u016b\u0161anu un iedarb\u012bbu, bez nepiecie\u0161am\u012bbas veikt fizisku p\u012blingu, kas var viegli kairin\u0101t \u0101du. G\u0113ls ar viegl\u0101ko \u016bde\u0146aino tekst\u016bru uz 10% PHA sk\u0101bes b\u0101zes maigi noloba \u0101du un att\u012bra poras, maigi atjaunojot \u0101du. Produkts baro, mitrina \u0101du, pies\u0101tina to ar vitam\u012bniem, [&hellip;]\" \/>\n<meta property=\"og:url\" content=\"https:\/\/www.facecorner.lv\/en\/shop\/axis-y-pha-resurfacing-glow-50ml\/\" \/>\n<meta property=\"og:site_name\" content=\"FACECORNER\" \/>\n<meta property=\"article:publisher\" content=\"https:\/\/www.facebook.com\/profile.php?id=100063824551839\" \/>\n<meta property=\"article:modified_time\" content=\"2025-12-16T13:11:59+00:00\" \/>\n<meta property=\"og:image\" content=\"https:\/\/www.facecorner.lv\/wp-content\/uploads\/2023\/12\/rus_pl_Axis-y-PHA-Resurfacing-Glow-Peel-GEL-PILING-DLIA-LICA-S-KISLOTOI-PHA-50ml-16176_1.webp\" \/>\n\t<meta property=\"og:image:width\" content=\"1500\" \/>\n\t<meta property=\"og:image:height\" content=\"1500\" \/>\n\t<meta property=\"og:image:type\" content=\"image\/webp\" \/>\n<meta name=\"twitter:card\" content=\"summary_large_image\" \/>\n<meta name=\"twitter:label1\" content=\"Price\" \/>\n\t<meta name=\"twitter:data1\" content=\"&euro;21.00\" \/>\n\t<meta name=\"twitter:label2\" content=\"Availability\" \/>\n\t<meta name=\"twitter:data2\" content=\"In stock\" \/>\n<script type=\"application\/ld+json\" class=\"yoast-schema-graph\">{\"@context\":\"https:\\\/\\\/schema.org\",\"@graph\":[{\"@type\":\"WebPage\",\"@id\":\"https:\\\/\\\/www.facecorner.lv\\\/shop\\\/axis-y-pha-resurfacing-glow-50ml\\\/\",\"url\":\"https:\\\/\\\/www.facecorner.lv\\\/shop\\\/axis-y-pha-resurfacing-glow-50ml\\\/\",\"name\":\"AXIS-Y PHA Resurfacing Glow 50ml - FACECORNER\",\"isPartOf\":{\"@id\":\"https:\\\/\\\/www.facecorner.lv\\\/#website\"},\"primaryImageOfPage\":{\"@id\":\"https:\\\/\\\/www.facecorner.lv\\\/shop\\\/axis-y-pha-resurfacing-glow-50ml\\\/#primaryimage\"},\"image\":{\"@id\":\"https:\\\/\\\/www.facecorner.lv\\\/shop\\\/axis-y-pha-resurfacing-glow-50ml\\\/#primaryimage\"},\"thumbnailUrl\":\"https:\\\/\\\/www.facecorner.lv\\\/wp-content\\\/uploads\\\/2023\\\/12\\\/rus_pl_Axis-y-PHA-Resurfacing-Glow-Peel-GEL-PILING-DLIA-LICA-S-KISLOTOI-PHA-50ml-16176_1.webp\",\"datePublished\":\"2023-12-18T16:08:27+00:00\",\"dateModified\":\"2025-12-16T13:11:59+00:00\",\"breadcrumb\":{\"@id\":\"https:\\\/\\\/www.facecorner.lv\\\/shop\\\/axis-y-pha-resurfacing-glow-50ml\\\/#breadcrumb\"},\"inLanguage\":\"en-US\",\"potentialAction\":[{\"@type\":\"ReadAction\",\"target\":[\"https:\\\/\\\/www.facecorner.lv\\\/shop\\\/axis-y-pha-resurfacing-glow-50ml\\\/\"]}]},{\"@type\":\"ImageObject\",\"inLanguage\":\"en-US\",\"@id\":\"https:\\\/\\\/www.facecorner.lv\\\/shop\\\/axis-y-pha-resurfacing-glow-50ml\\\/#primaryimage\",\"url\":\"https:\\\/\\\/www.facecorner.lv\\\/wp-content\\\/uploads\\\/2023\\\/12\\\/rus_pl_Axis-y-PHA-Resurfacing-Glow-Peel-GEL-PILING-DLIA-LICA-S-KISLOTOI-PHA-50ml-16176_1.webp\",\"contentUrl\":\"https:\\\/\\\/www.facecorner.lv\\\/wp-content\\\/uploads\\\/2023\\\/12\\\/rus_pl_Axis-y-PHA-Resurfacing-Glow-Peel-GEL-PILING-DLIA-LICA-S-KISLOTOI-PHA-50ml-16176_1.webp\",\"width\":1500,\"height\":1500},{\"@type\":\"BreadcrumbList\",\"@id\":\"https:\\\/\\\/www.facecorner.lv\\\/shop\\\/axis-y-pha-resurfacing-glow-50ml\\\/#breadcrumb\",\"itemListElement\":[{\"@type\":\"ListItem\",\"position\":1,\"name\":\"Home\",\"item\":\"https:\\\/\\\/www.facecorner.lv\\\/\"},{\"@type\":\"ListItem\",\"position\":2,\"name\":\"Veikals\",\"item\":\"https:\\\/\\\/www.facecorner.lv\\\/shop\\\/\"},{\"@type\":\"ListItem\",\"position\":3,\"name\":\"AXIS-Y PHA Resurfacing Glow 50ml\"}]},{\"@type\":\"WebSite\",\"@id\":\"https:\\\/\\\/www.facecorner.lv\\\/#website\",\"url\":\"https:\\\/\\\/www.facecorner.lv\\\/\",\"name\":\"Facecorner\",\"description\":\"\",\"publisher\":{\"@id\":\"https:\\\/\\\/www.facecorner.lv\\\/#organization\"},\"potentialAction\":[{\"@type\":\"SearchAction\",\"target\":{\"@type\":\"EntryPoint\",\"urlTemplate\":\"https:\\\/\\\/www.facecorner.lv\\\/?s={search_term_string}\"},\"query-input\":{\"@type\":\"PropertyValueSpecification\",\"valueRequired\":true,\"valueName\":\"search_term_string\"}}],\"inLanguage\":\"en-US\"},{\"@type\":\"Organization\",\"@id\":\"https:\\\/\\\/www.facecorner.lv\\\/#organization\",\"name\":\"Facecorner\",\"url\":\"https:\\\/\\\/www.facecorner.lv\\\/\",\"logo\":{\"@type\":\"ImageObject\",\"inLanguage\":\"en-US\",\"@id\":\"https:\\\/\\\/www.facecorner.lv\\\/#\\\/schema\\\/logo\\\/image\\\/\",\"url\":\"https:\\\/\\\/www.facecorner.lv\\\/wp-content\\\/uploads\\\/2024\\\/04\\\/fc-logo.jpg\",\"contentUrl\":\"https:\\\/\\\/www.facecorner.lv\\\/wp-content\\\/uploads\\\/2024\\\/04\\\/fc-logo.jpg\",\"width\":174,\"height\":28,\"caption\":\"Facecorner\"},\"image\":{\"@id\":\"https:\\\/\\\/www.facecorner.lv\\\/#\\\/schema\\\/logo\\\/image\\\/\"},\"sameAs\":[\"https:\\\/\\\/www.facebook.com\\\/profile.php?id=100063824551839\",\"https:\\\/\\\/www.instagram.com\\\/facecorner_shop\\\/\"]}]}<\/script>\n<meta property=\"product:price:amount\" content=\"21.00\" \/>\n<meta property=\"product:price:currency\" content=\"EUR\" \/>\n<meta property=\"og:availability\" content=\"instock\" \/>\n<meta property=\"product:availability\" content=\"instock\" \/>\n<meta property=\"product:condition\" content=\"new\" \/>\n<!-- \/ Yoast SEO plugin. -->","yoast_head_json":{"title":"AXIS-Y PHA Resurfacing Glow 50ml - FACECORNER","robots":{"index":"index","follow":"follow","max-snippet":"max-snippet:-1","max-image-preview":"max-image-preview:large","max-video-preview":"max-video-preview:-1"},"canonical":"https:\/\/www.facecorner.lv\/en\/shop\/axis-y-pha-resurfacing-glow-50ml\/","og_locale":"en_US","og_type":"article","og_title":"AXIS-Y PHA Resurfacing Glow 50ml - FACECORNER","og_description":"PHA Resurfacing Glow Peel ir jauns j\u0113dziens &#8220;\u016bdens \u017eelejveida p\u012bling\u0101&#8221;, kas att\u012bra poras caur mitruma iek\u013c\u016b\u0161anu un iedarb\u012bbu, bez nepiecie\u0161am\u012bbas veikt fizisku p\u012blingu, kas var viegli kairin\u0101t \u0101du. G\u0113ls ar viegl\u0101ko \u016bde\u0146aino tekst\u016bru uz 10% PHA sk\u0101bes b\u0101zes maigi noloba \u0101du un att\u012bra poras, maigi atjaunojot \u0101du. Produkts baro, mitrina \u0101du, pies\u0101tina to ar vitam\u012bniem, [&hellip;]","og_url":"https:\/\/www.facecorner.lv\/en\/shop\/axis-y-pha-resurfacing-glow-50ml\/","og_site_name":"FACECORNER","article_publisher":"https:\/\/www.facebook.com\/profile.php?id=100063824551839","article_modified_time":"2025-12-16T13:11:59+00:00","og_image":[{"width":1500,"height":1500,"url":"https:\/\/www.facecorner.lv\/wp-content\/uploads\/2023\/12\/rus_pl_Axis-y-PHA-Resurfacing-Glow-Peel-GEL-PILING-DLIA-LICA-S-KISLOTOI-PHA-50ml-16176_1.webp","type":"image\/webp"}],"twitter_card":"summary_large_image","twitter_misc":{"Price":"&euro;21.00","Availability":"In stock"},"schema":{"@context":"https:\/\/schema.org","@graph":[{"@type":"WebPage","@id":"https:\/\/www.facecorner.lv\/shop\/axis-y-pha-resurfacing-glow-50ml\/","url":"https:\/\/www.facecorner.lv\/shop\/axis-y-pha-resurfacing-glow-50ml\/","name":"AXIS-Y PHA Resurfacing Glow 50ml - FACECORNER","isPartOf":{"@id":"https:\/\/www.facecorner.lv\/#website"},"primaryImageOfPage":{"@id":"https:\/\/www.facecorner.lv\/shop\/axis-y-pha-resurfacing-glow-50ml\/#primaryimage"},"image":{"@id":"https:\/\/www.facecorner.lv\/shop\/axis-y-pha-resurfacing-glow-50ml\/#primaryimage"},"thumbnailUrl":"https:\/\/www.facecorner.lv\/wp-content\/uploads\/2023\/12\/rus_pl_Axis-y-PHA-Resurfacing-Glow-Peel-GEL-PILING-DLIA-LICA-S-KISLOTOI-PHA-50ml-16176_1.webp","datePublished":"2023-12-18T16:08:27+00:00","dateModified":"2025-12-16T13:11:59+00:00","breadcrumb":{"@id":"https:\/\/www.facecorner.lv\/shop\/axis-y-pha-resurfacing-glow-50ml\/#breadcrumb"},"inLanguage":"en-US","potentialAction":[{"@type":"ReadAction","target":["https:\/\/www.facecorner.lv\/shop\/axis-y-pha-resurfacing-glow-50ml\/"]}]},{"@type":"ImageObject","inLanguage":"en-US","@id":"https:\/\/www.facecorner.lv\/shop\/axis-y-pha-resurfacing-glow-50ml\/#primaryimage","url":"https:\/\/www.facecorner.lv\/wp-content\/uploads\/2023\/12\/rus_pl_Axis-y-PHA-Resurfacing-Glow-Peel-GEL-PILING-DLIA-LICA-S-KISLOTOI-PHA-50ml-16176_1.webp","contentUrl":"https:\/\/www.facecorner.lv\/wp-content\/uploads\/2023\/12\/rus_pl_Axis-y-PHA-Resurfacing-Glow-Peel-GEL-PILING-DLIA-LICA-S-KISLOTOI-PHA-50ml-16176_1.webp","width":1500,"height":1500},{"@type":"BreadcrumbList","@id":"https:\/\/www.facecorner.lv\/shop\/axis-y-pha-resurfacing-glow-50ml\/#breadcrumb","itemListElement":[{"@type":"ListItem","position":1,"name":"Home","item":"https:\/\/www.facecorner.lv\/"},{"@type":"ListItem","position":2,"name":"Veikals","item":"https:\/\/www.facecorner.lv\/shop\/"},{"@type":"ListItem","position":3,"name":"AXIS-Y PHA Resurfacing Glow 50ml"}]},{"@type":"WebSite","@id":"https:\/\/www.facecorner.lv\/#website","url":"https:\/\/www.facecorner.lv\/","name":"Facecorner","description":"","publisher":{"@id":"https:\/\/www.facecorner.lv\/#organization"},"potentialAction":[{"@type":"SearchAction","target":{"@type":"EntryPoint","urlTemplate":"https:\/\/www.facecorner.lv\/?s={search_term_string}"},"query-input":{"@type":"PropertyValueSpecification","valueRequired":true,"valueName":"search_term_string"}}],"inLanguage":"en-US"},{"@type":"Organization","@id":"https:\/\/www.facecorner.lv\/#organization","name":"Facecorner","url":"https:\/\/www.facecorner.lv\/","logo":{"@type":"ImageObject","inLanguage":"en-US","@id":"https:\/\/www.facecorner.lv\/#\/schema\/logo\/image\/","url":"https:\/\/www.facecorner.lv\/wp-content\/uploads\/2024\/04\/fc-logo.jpg","contentUrl":"https:\/\/www.facecorner.lv\/wp-content\/uploads\/2024\/04\/fc-logo.jpg","width":174,"height":28,"caption":"Facecorner"},"image":{"@id":"https:\/\/www.facecorner.lv\/#\/schema\/logo\/image\/"},"sameAs":["https:\/\/www.facebook.com\/profile.php?id=100063824551839","https:\/\/www.instagram.com\/facecorner_shop\/"]}]},"product_price_amount":"21.00","product_price_currency":"EUR","og_availability":"instock","product_availability":"instock","product_condition":"new"},"_links":{"self":[{"href":"https:\/\/www.facecorner.lv\/en\/wp-json\/wp\/v2\/product\/13508","targetHints":{"allow":["GET"]}}],"collection":[{"href":"https:\/\/www.facecorner.lv\/en\/wp-json\/wp\/v2\/product"}],"about":[{"href":"https:\/\/www.facecorner.lv\/en\/wp-json\/wp\/v2\/types\/product"}],"replies":[{"embeddable":true,"href":"https:\/\/www.facecorner.lv\/en\/wp-json\/wp\/v2\/comments?post=13508"}],"wp:featuredmedia":[{"embeddable":true,"href":"https:\/\/www.facecorner.lv\/en\/wp-json\/wp\/v2\/media\/13509"}],"wp:attachment":[{"href":"https:\/\/www.facecorner.lv\/en\/wp-json\/wp\/v2\/media?parent=13508"}],"wp:term":[{"taxonomy":"product_brand","embeddable":true,"href":"https:\/\/www.facecorner.lv\/en\/wp-json\/wp\/v2\/product_brand?post=13508"},{"taxonomy":"product_cat","embeddable":true,"href":"https:\/\/www.facecorner.lv\/en\/wp-json\/wp\/v2\/product_cat?post=13508"},{"taxonomy":"product_tag","embeddable":true,"href":"https:\/\/www.facecorner.lv\/en\/wp-json\/wp\/v2\/product_tag?post=13508"},{"taxonomy":"berocket_brand","embeddable":true,"href":"https:\/\/www.facecorner.lv\/en\/wp-json\/wp\/v2\/berocket_brand?post=13508"}],"curies":[{"name":"wp","href":"https:\/\/api.w.org\/{rel}","templated":true}]}}