{"id":13505,"date":"2023-12-18T17:56:53","date_gmt":"2023-12-18T15:56:53","guid":{"rendered":"https:\/\/www.facecorner.lv\/?post_type=product&#038;p=13505"},"modified":"2025-06-03T16:14:20","modified_gmt":"2025-06-03T13:14:20","slug":"torriden-dive-in-low-molecule-hyaluronic-acid-mask","status":"publish","type":"product","link":"https:\/\/www.facecorner.lv\/en\/shop\/torriden-dive-in-low-molecule-hyaluronic-acid-mask\/","title":{"rendered":"Torriden &#8211; Dive-In &#8211; Low Molecule Hyaluronic Acid Mask"},"content":{"rendered":"<p>Torriden Renew Dive In Low molekula Hyaluron acid Mask Pack ir auduma maska, kas izgatavota no m\u012bkstas biocelulozes. Tas intens\u012bvi mitrina \u0101du, pateicoties hialuronsk\u0101bei piec\u0101s form\u0101s. B5 vitam\u012bns un alanto\u012bns nomierina kairin\u0101jumu, bet kumel\u012b\u0161u ekstrakts mazina aps\u0101rtumu. Trehaloze aiztur \u016bdeni epiderm\u0101, tai piem\u012bt pretnoveco\u0161an\u0101s \u012bpa\u0161\u012bbas un aizsarg\u0101 pret br\u012bvajiem radik\u0101\u013ciem. Maska efekt\u012bvi mitrina \u0101du, neradot taukainas vai lip\u012bgas saj\u016btas. Produkts ir hipoaler\u0123isks, veg\u0101ns un nav test\u0113ts uz dz\u012bvniekiem.<\/p>","protected":false},"excerpt":{"rendered":"<p>Torriden Renew Dive In Low molekula Hyaluron acid Mask Pack ir auduma maska, kas izgatavota no m\u012bkstas biocelulozes. Tas intens\u012bvi mitrina \u0101du, pateicoties hialuronsk\u0101bei piec\u0101s form\u0101s. B5 vitam\u012bns un alanto\u012bns nomierina kairin\u0101jumu, bet kumel\u012b\u0161u ekstrakts mazina aps\u0101rtumu. Trehaloze aiztur \u016bdeni epiderm\u0101, tai piem\u012bt pretnoveco\u0161an\u0101s \u012bpa\u0161\u012bbas un aizsarg\u0101 pret br\u012bvajiem radik\u0101\u013ciem. Maska efekt\u012bvi mitrina \u0101du, neradot [&hellip;]<\/p>\n","protected":false},"featured_media":13507,"comment_status":"open","ping_status":"closed","template":"","meta":{"site-sidebar-layout":"default","site-content-layout":"","ast-site-content-layout":"","site-content-style":"default","site-sidebar-style":"default","ast-global-header-display":"","ast-banner-title-visibility":"","ast-main-header-display":"","ast-hfb-above-header-display":"","ast-hfb-below-header-display":"","ast-hfb-mobile-header-display":"","site-post-title":"","ast-breadcrumbs-content":"","ast-featured-img":"","footer-sml-layout":"","theme-transparent-header-meta":"","adv-header-id-meta":"","stick-header-meta":"","header-above-stick-meta":"","header-main-stick-meta":"","header-below-stick-meta":"","astra-migrate-meta-layouts":"default","ast-page-background-enabled":"default","ast-page-background-meta":{"desktop":{"background-color":"var(--ast-global-color-4)","background-image":"","background-repeat":"repeat","background-position":"center center","background-size":"auto","background-attachment":"scroll","background-type":"","background-media":"","overlay-type":"","overlay-color":"","overlay-opacity":"","overlay-gradient":""},"tablet":{"background-color":"","background-image":"","background-repeat":"repeat","background-position":"center center","background-size":"auto","background-attachment":"scroll","background-type":"","background-media":"","overlay-type":"","overlay-color":"","overlay-opacity":"","overlay-gradient":""},"mobile":{"background-color":"","background-image":"","background-repeat":"repeat","background-position":"center center","background-size":"auto","background-attachment":"scroll","background-type":"","background-media":"","overlay-type":"","overlay-color":"","overlay-opacity":"","overlay-gradient":""}},"ast-content-background-meta":{"desktop":{"background-color":"var(--ast-global-color-5)","background-image":"","background-repeat":"repeat","background-position":"center center","background-size":"auto","background-attachment":"scroll","background-type":"","background-media":"","overlay-type":"","overlay-color":"","overlay-opacity":"","overlay-gradient":""},"tablet":{"background-color":"var(--ast-global-color-5)","background-image":"","background-repeat":"repeat","background-position":"center center","background-size":"auto","background-attachment":"scroll","background-type":"","background-media":"","overlay-type":"","overlay-color":"","overlay-opacity":"","overlay-gradient":""},"mobile":{"background-color":"var(--ast-global-color-5)","background-image":"","background-repeat":"repeat","background-position":"center center","background-size":"auto","background-attachment":"scroll","background-type":"","background-media":"","overlay-type":"","overlay-color":"","overlay-opacity":"","overlay-gradient":""}}},"product_brand":[],"product_cat":[324,315],"product_tag":[],"berocket_brand":[624],"class_list":{"0":"post-13505","1":"product","2":"type-product","3":"status-publish","4":"has-post-thumbnail","6":"product_cat-auduma","7":"product_cat-maskas","8":"berocket_brand-torriden","9":"desktop-align-left","10":"tablet-align-left","11":"mobile-align-left","13":"first","14":"outofstock","15":"taxable","16":"shipping-taxable","17":"purchasable","18":"product-type-simple","19":"add-to-wishlist-before_image"},"yoast_head":"<!-- This site is optimized with the Yoast SEO plugin v27.3 - https:\/\/yoast.com\/product\/yoast-seo-wordpress\/ -->\n<title>Torriden - Dive-In - Low Molecule Hyaluronic Acid Mask - FACECORNER<\/title>\n<meta name=\"robots\" content=\"index, follow, max-snippet:-1, max-image-preview:large, max-video-preview:-1\" \/>\n<link rel=\"canonical\" href=\"https:\/\/www.facecorner.lv\/en\/shop\/torriden-dive-in-low-molecule-hyaluronic-acid-mask\/\" \/>\n<meta property=\"og:locale\" content=\"en_US\" \/>\n<meta property=\"og:type\" content=\"article\" \/>\n<meta property=\"og:title\" content=\"Torriden - Dive-In - Low Molecule Hyaluronic Acid Mask - FACECORNER\" \/>\n<meta property=\"og:description\" content=\"Torriden Renew Dive In Low molekula Hyaluron acid Mask Pack ir auduma maska, kas izgatavota no m\u012bkstas biocelulozes. Tas intens\u012bvi mitrina \u0101du, pateicoties hialuronsk\u0101bei piec\u0101s form\u0101s. B5 vitam\u012bns un alanto\u012bns nomierina kairin\u0101jumu, bet kumel\u012b\u0161u ekstrakts mazina aps\u0101rtumu. Trehaloze aiztur \u016bdeni epiderm\u0101, tai piem\u012bt pretnoveco\u0161an\u0101s \u012bpa\u0161\u012bbas un aizsarg\u0101 pret br\u012bvajiem radik\u0101\u013ciem. Maska efekt\u012bvi mitrina \u0101du, neradot [&hellip;]\" \/>\n<meta property=\"og:url\" content=\"https:\/\/www.facecorner.lv\/en\/shop\/torriden-dive-in-low-molecule-hyaluronic-acid-mask\/\" \/>\n<meta property=\"og:site_name\" content=\"FACECORNER\" \/>\n<meta property=\"article:publisher\" content=\"https:\/\/www.facebook.com\/profile.php?id=100063824551839\" \/>\n<meta property=\"article:modified_time\" content=\"2025-06-03T13:14:20+00:00\" \/>\n<meta property=\"og:image\" content=\"https:\/\/www.facecorner.lv\/wp-content\/uploads\/2023\/12\/2bd3c975664501ef74914b75eb73cad0e05debec_1024_1024.jpeg\" \/>\n\t<meta property=\"og:image:width\" content=\"1024\" \/>\n\t<meta property=\"og:image:height\" content=\"1024\" \/>\n\t<meta property=\"og:image:type\" content=\"image\/jpeg\" \/>\n<meta name=\"twitter:card\" content=\"summary_large_image\" \/>\n<meta name=\"twitter:label1\" content=\"Price\" \/>\n\t<meta name=\"twitter:data1\" content=\"&euro;2.60\" \/>\n\t<meta name=\"twitter:label2\" content=\"Availability\" \/>\n\t<meta name=\"twitter:data2\" content=\"Out of stock\" \/>\n<script type=\"application\/ld+json\" class=\"yoast-schema-graph\">{\"@context\":\"https:\\\/\\\/schema.org\",\"@graph\":[{\"@type\":\"WebPage\",\"@id\":\"https:\\\/\\\/www.facecorner.lv\\\/shop\\\/torriden-dive-in-low-molecule-hyaluronic-acid-mask\\\/\",\"url\":\"https:\\\/\\\/www.facecorner.lv\\\/shop\\\/torriden-dive-in-low-molecule-hyaluronic-acid-mask\\\/\",\"name\":\"Torriden - Dive-In - Low Molecule Hyaluronic Acid Mask - FACECORNER\",\"isPartOf\":{\"@id\":\"https:\\\/\\\/www.facecorner.lv\\\/#website\"},\"primaryImageOfPage\":{\"@id\":\"https:\\\/\\\/www.facecorner.lv\\\/shop\\\/torriden-dive-in-low-molecule-hyaluronic-acid-mask\\\/#primaryimage\"},\"image\":{\"@id\":\"https:\\\/\\\/www.facecorner.lv\\\/shop\\\/torriden-dive-in-low-molecule-hyaluronic-acid-mask\\\/#primaryimage\"},\"thumbnailUrl\":\"https:\\\/\\\/www.facecorner.lv\\\/wp-content\\\/uploads\\\/2023\\\/12\\\/2bd3c975664501ef74914b75eb73cad0e05debec_1024_1024.jpeg\",\"datePublished\":\"2023-12-18T15:56:53+00:00\",\"dateModified\":\"2025-06-03T13:14:20+00:00\",\"breadcrumb\":{\"@id\":\"https:\\\/\\\/www.facecorner.lv\\\/shop\\\/torriden-dive-in-low-molecule-hyaluronic-acid-mask\\\/#breadcrumb\"},\"inLanguage\":\"en-US\",\"potentialAction\":[{\"@type\":\"ReadAction\",\"target\":[\"https:\\\/\\\/www.facecorner.lv\\\/shop\\\/torriden-dive-in-low-molecule-hyaluronic-acid-mask\\\/\"]}]},{\"@type\":\"ImageObject\",\"inLanguage\":\"en-US\",\"@id\":\"https:\\\/\\\/www.facecorner.lv\\\/shop\\\/torriden-dive-in-low-molecule-hyaluronic-acid-mask\\\/#primaryimage\",\"url\":\"https:\\\/\\\/www.facecorner.lv\\\/wp-content\\\/uploads\\\/2023\\\/12\\\/2bd3c975664501ef74914b75eb73cad0e05debec_1024_1024.jpeg\",\"contentUrl\":\"https:\\\/\\\/www.facecorner.lv\\\/wp-content\\\/uploads\\\/2023\\\/12\\\/2bd3c975664501ef74914b75eb73cad0e05debec_1024_1024.jpeg\",\"width\":1024,\"height\":1024},{\"@type\":\"BreadcrumbList\",\"@id\":\"https:\\\/\\\/www.facecorner.lv\\\/shop\\\/torriden-dive-in-low-molecule-hyaluronic-acid-mask\\\/#breadcrumb\",\"itemListElement\":[{\"@type\":\"ListItem\",\"position\":1,\"name\":\"Home\",\"item\":\"https:\\\/\\\/www.facecorner.lv\\\/\"},{\"@type\":\"ListItem\",\"position\":2,\"name\":\"Veikals\",\"item\":\"https:\\\/\\\/www.facecorner.lv\\\/shop\\\/\"},{\"@type\":\"ListItem\",\"position\":3,\"name\":\"Torriden &#8212; Dive-In &#8212; Low Molecule Hyaluronic Acid Mask\"}]},{\"@type\":\"WebSite\",\"@id\":\"https:\\\/\\\/www.facecorner.lv\\\/#website\",\"url\":\"https:\\\/\\\/www.facecorner.lv\\\/\",\"name\":\"Facecorner\",\"description\":\"\",\"publisher\":{\"@id\":\"https:\\\/\\\/www.facecorner.lv\\\/#organization\"},\"potentialAction\":[{\"@type\":\"SearchAction\",\"target\":{\"@type\":\"EntryPoint\",\"urlTemplate\":\"https:\\\/\\\/www.facecorner.lv\\\/?s={search_term_string}\"},\"query-input\":{\"@type\":\"PropertyValueSpecification\",\"valueRequired\":true,\"valueName\":\"search_term_string\"}}],\"inLanguage\":\"en-US\"},{\"@type\":\"Organization\",\"@id\":\"https:\\\/\\\/www.facecorner.lv\\\/#organization\",\"name\":\"Facecorner\",\"url\":\"https:\\\/\\\/www.facecorner.lv\\\/\",\"logo\":{\"@type\":\"ImageObject\",\"inLanguage\":\"en-US\",\"@id\":\"https:\\\/\\\/www.facecorner.lv\\\/#\\\/schema\\\/logo\\\/image\\\/\",\"url\":\"https:\\\/\\\/www.facecorner.lv\\\/wp-content\\\/uploads\\\/2024\\\/04\\\/fc-logo.jpg\",\"contentUrl\":\"https:\\\/\\\/www.facecorner.lv\\\/wp-content\\\/uploads\\\/2024\\\/04\\\/fc-logo.jpg\",\"width\":174,\"height\":28,\"caption\":\"Facecorner\"},\"image\":{\"@id\":\"https:\\\/\\\/www.facecorner.lv\\\/#\\\/schema\\\/logo\\\/image\\\/\"},\"sameAs\":[\"https:\\\/\\\/www.facebook.com\\\/profile.php?id=100063824551839\",\"https:\\\/\\\/www.instagram.com\\\/facecorner_shop\\\/\"]}]}<\/script>\n<meta property=\"product:price:amount\" content=\"2.60\" \/>\n<meta property=\"product:price:currency\" content=\"EUR\" \/>\n<meta property=\"og:availability\" content=\"out of stock\" \/>\n<meta property=\"product:availability\" content=\"out of stock\" \/>\n<meta property=\"product:condition\" content=\"new\" \/>\n<!-- \/ Yoast SEO plugin. -->","yoast_head_json":{"title":"Torriden - Dive-In - Low Molecule Hyaluronic Acid Mask - FACECORNER","robots":{"index":"index","follow":"follow","max-snippet":"max-snippet:-1","max-image-preview":"max-image-preview:large","max-video-preview":"max-video-preview:-1"},"canonical":"https:\/\/www.facecorner.lv\/en\/shop\/torriden-dive-in-low-molecule-hyaluronic-acid-mask\/","og_locale":"en_US","og_type":"article","og_title":"Torriden - Dive-In - Low Molecule Hyaluronic Acid Mask - FACECORNER","og_description":"Torriden Renew Dive In Low molekula Hyaluron acid Mask Pack ir auduma maska, kas izgatavota no m\u012bkstas biocelulozes. Tas intens\u012bvi mitrina \u0101du, pateicoties hialuronsk\u0101bei piec\u0101s form\u0101s. B5 vitam\u012bns un alanto\u012bns nomierina kairin\u0101jumu, bet kumel\u012b\u0161u ekstrakts mazina aps\u0101rtumu. Trehaloze aiztur \u016bdeni epiderm\u0101, tai piem\u012bt pretnoveco\u0161an\u0101s \u012bpa\u0161\u012bbas un aizsarg\u0101 pret br\u012bvajiem radik\u0101\u013ciem. Maska efekt\u012bvi mitrina \u0101du, neradot [&hellip;]","og_url":"https:\/\/www.facecorner.lv\/en\/shop\/torriden-dive-in-low-molecule-hyaluronic-acid-mask\/","og_site_name":"FACECORNER","article_publisher":"https:\/\/www.facebook.com\/profile.php?id=100063824551839","article_modified_time":"2025-06-03T13:14:20+00:00","og_image":[{"width":1024,"height":1024,"url":"https:\/\/www.facecorner.lv\/wp-content\/uploads\/2023\/12\/2bd3c975664501ef74914b75eb73cad0e05debec_1024_1024.jpeg","type":"image\/jpeg"}],"twitter_card":"summary_large_image","twitter_misc":{"Price":"&euro;2.60","Availability":"Out of stock"},"schema":{"@context":"https:\/\/schema.org","@graph":[{"@type":"WebPage","@id":"https:\/\/www.facecorner.lv\/shop\/torriden-dive-in-low-molecule-hyaluronic-acid-mask\/","url":"https:\/\/www.facecorner.lv\/shop\/torriden-dive-in-low-molecule-hyaluronic-acid-mask\/","name":"Torriden - Dive-In - Low Molecule Hyaluronic Acid Mask - FACECORNER","isPartOf":{"@id":"https:\/\/www.facecorner.lv\/#website"},"primaryImageOfPage":{"@id":"https:\/\/www.facecorner.lv\/shop\/torriden-dive-in-low-molecule-hyaluronic-acid-mask\/#primaryimage"},"image":{"@id":"https:\/\/www.facecorner.lv\/shop\/torriden-dive-in-low-molecule-hyaluronic-acid-mask\/#primaryimage"},"thumbnailUrl":"https:\/\/www.facecorner.lv\/wp-content\/uploads\/2023\/12\/2bd3c975664501ef74914b75eb73cad0e05debec_1024_1024.jpeg","datePublished":"2023-12-18T15:56:53+00:00","dateModified":"2025-06-03T13:14:20+00:00","breadcrumb":{"@id":"https:\/\/www.facecorner.lv\/shop\/torriden-dive-in-low-molecule-hyaluronic-acid-mask\/#breadcrumb"},"inLanguage":"en-US","potentialAction":[{"@type":"ReadAction","target":["https:\/\/www.facecorner.lv\/shop\/torriden-dive-in-low-molecule-hyaluronic-acid-mask\/"]}]},{"@type":"ImageObject","inLanguage":"en-US","@id":"https:\/\/www.facecorner.lv\/shop\/torriden-dive-in-low-molecule-hyaluronic-acid-mask\/#primaryimage","url":"https:\/\/www.facecorner.lv\/wp-content\/uploads\/2023\/12\/2bd3c975664501ef74914b75eb73cad0e05debec_1024_1024.jpeg","contentUrl":"https:\/\/www.facecorner.lv\/wp-content\/uploads\/2023\/12\/2bd3c975664501ef74914b75eb73cad0e05debec_1024_1024.jpeg","width":1024,"height":1024},{"@type":"BreadcrumbList","@id":"https:\/\/www.facecorner.lv\/shop\/torriden-dive-in-low-molecule-hyaluronic-acid-mask\/#breadcrumb","itemListElement":[{"@type":"ListItem","position":1,"name":"Home","item":"https:\/\/www.facecorner.lv\/"},{"@type":"ListItem","position":2,"name":"Veikals","item":"https:\/\/www.facecorner.lv\/shop\/"},{"@type":"ListItem","position":3,"name":"Torriden &#8212; Dive-In &#8212; Low Molecule Hyaluronic Acid Mask"}]},{"@type":"WebSite","@id":"https:\/\/www.facecorner.lv\/#website","url":"https:\/\/www.facecorner.lv\/","name":"Facecorner","description":"","publisher":{"@id":"https:\/\/www.facecorner.lv\/#organization"},"potentialAction":[{"@type":"SearchAction","target":{"@type":"EntryPoint","urlTemplate":"https:\/\/www.facecorner.lv\/?s={search_term_string}"},"query-input":{"@type":"PropertyValueSpecification","valueRequired":true,"valueName":"search_term_string"}}],"inLanguage":"en-US"},{"@type":"Organization","@id":"https:\/\/www.facecorner.lv\/#organization","name":"Facecorner","url":"https:\/\/www.facecorner.lv\/","logo":{"@type":"ImageObject","inLanguage":"en-US","@id":"https:\/\/www.facecorner.lv\/#\/schema\/logo\/image\/","url":"https:\/\/www.facecorner.lv\/wp-content\/uploads\/2024\/04\/fc-logo.jpg","contentUrl":"https:\/\/www.facecorner.lv\/wp-content\/uploads\/2024\/04\/fc-logo.jpg","width":174,"height":28,"caption":"Facecorner"},"image":{"@id":"https:\/\/www.facecorner.lv\/#\/schema\/logo\/image\/"},"sameAs":["https:\/\/www.facebook.com\/profile.php?id=100063824551839","https:\/\/www.instagram.com\/facecorner_shop\/"]}]},"product_price_amount":"2.60","product_price_currency":"EUR","og_availability":"out of stock","product_availability":"out of stock","product_condition":"new"},"_links":{"self":[{"href":"https:\/\/www.facecorner.lv\/en\/wp-json\/wp\/v2\/product\/13505","targetHints":{"allow":["GET"]}}],"collection":[{"href":"https:\/\/www.facecorner.lv\/en\/wp-json\/wp\/v2\/product"}],"about":[{"href":"https:\/\/www.facecorner.lv\/en\/wp-json\/wp\/v2\/types\/product"}],"replies":[{"embeddable":true,"href":"https:\/\/www.facecorner.lv\/en\/wp-json\/wp\/v2\/comments?post=13505"}],"wp:featuredmedia":[{"embeddable":true,"href":"https:\/\/www.facecorner.lv\/en\/wp-json\/wp\/v2\/media\/13507"}],"wp:attachment":[{"href":"https:\/\/www.facecorner.lv\/en\/wp-json\/wp\/v2\/media?parent=13505"}],"wp:term":[{"taxonomy":"product_brand","embeddable":true,"href":"https:\/\/www.facecorner.lv\/en\/wp-json\/wp\/v2\/product_brand?post=13505"},{"taxonomy":"product_cat","embeddable":true,"href":"https:\/\/www.facecorner.lv\/en\/wp-json\/wp\/v2\/product_cat?post=13505"},{"taxonomy":"product_tag","embeddable":true,"href":"https:\/\/www.facecorner.lv\/en\/wp-json\/wp\/v2\/product_tag?post=13505"},{"taxonomy":"berocket_brand","embeddable":true,"href":"https:\/\/www.facecorner.lv\/en\/wp-json\/wp\/v2\/berocket_brand?post=13505"}],"curies":[{"name":"wp","href":"https:\/\/api.w.org\/{rel}","templated":true}]}}