{"id":13479,"date":"2023-12-18T15:54:19","date_gmt":"2023-12-18T13:54:19","guid":{"rendered":"https:\/\/www.facecorner.lv\/?post_type=product&#038;p=13479"},"modified":"2025-02-19T14:07:55","modified_gmt":"2025-02-19T11:07:55","slug":"c-cosrx-the-vitamin-c-13-serum-20ml","status":"publish","type":"product","link":"https:\/\/www.facecorner.lv\/en\/shop\/c-cosrx-the-vitamin-c-13-serum-20ml\/","title":{"rendered":"COSRX The Vitamin C 13 Serum 20ml"},"content":{"rendered":"<p>COSRX C 13 vitam\u012bna serums izgaismo tum\u0161os plankumus, melasmu un aps\u0101rtumu, izl\u012bdzina kop\u0113jo tonusu un c\u012bn\u0101s ar oksidat\u012bvo stresu, lai saglab\u0101tu jaunekl\u012bgu \u0101du. PH l\u012bmenis 3,5 samazina kairin\u0101jumu un uzlabo produkta efektivit\u0101ti.<\/p>\n<p>Tam ir visp\u0101r\u0113js stiprino\u0161s efekts, samazina poru, grumbu un p\u0113caknes p\u0113du redzam\u012bbu, izl\u012bdzina tekst\u016bru, nov\u0113r\u0161 bl\u0101vumu un pie\u0161\u0137ir vesel\u012bgu mirdzumu.<\/p>\n<p>Ir viegla \u016bde\u0146aina tekst\u016bra. Nodro\u0161ina antioksidantu efektu, kas ilgst l\u012bdz 120 stund\u0101m. Piem\u0113rots ikdienas lieto\u0161anai.<\/p>\n<p>Satur 13% t\u012bras C vitam\u012bna formas \u2013 askorb\u012bnsk\u0101bi, kas uzr\u0101da visefekt\u012bv\u0101kos rezult\u0101tus tonusa izgaismo\u0161an\u0101. Satur ar\u012b taukos \u0161\u0137\u012bsto\u0161o C vitam\u012bna formu, 3-O-etilaskorb\u012bnsk\u0101bi.<\/p>\n<p>C vitam\u012bns palielina kolag\u0113na sint\u0113zi, nov\u0113r\u0161 vecuma plankumu par\u0101d\u012b\u0161anos un izgaismo eso\u0161os, aizsarg\u0101 pret br\u012bvajiem radik\u0101\u013ciem un pal\u0113nina noveco\u0161an\u0101s procesu.<\/p>\n<p><strong>KEY INGREDIENTS:<\/strong><\/p>\n<ul>\n<li>Niacinam\u012bds (B3 vitam\u012bns) izl\u012bdzina kop\u0113jo tonusu, uzlabo sejas kr\u0101su, stimul\u0113 kolag\u0113na ra\u017eo\u0161anu, padara gai\u0161\u0101ku, pal\u0113nina melan\u012bna transport\u0113\u0161anu epiderm\u0101 un stiprina hidrolip\u012bdu apvalku.<\/li>\n<li>N\u0101trija hialuron\u0101ts ir zemas molekulmasas hialuronsk\u0101be. Dzi\u013ci ies\u016bcas raga sl\u0101n\u012b, intens\u012bvi mitrina, palielina elast\u012bbu un izl\u012bdzina tekst\u016bru.<\/li>\n<li>Alanto\u012bns izraisa re\u0123ener\u0101ciju, dzied\u0113 un nomierina, piem\u012bt antioksidanta iedarb\u012bba, mitrina un samazina jut\u012bgumu.<\/li>\n<li>Tokotrienols ir taukos \u0161\u0137\u012bsto\u0161a E vitam\u012bna forma, kas atrodama kokosriekstu un kakao e\u013c\u013c\u0101s, r\u012bsu klij\u0101s un cit\u0101s.<\/li>\n<li>Tokotrienols palielina C vitam\u012bna efektivit\u0101ti, nov\u0113r\u0161 p\u0101rm\u0113r\u012bgu kapil\u0101ru caurlaid\u012bbu, palielina kolag\u0113na sint\u0113zi un aizsarg\u0101 pret oksidat\u012bvo stresu.<\/li>\n<\/ul>\n<p><strong>How to use:<\/strong> P\u0113c t\u012br\u012b\u0161anas un toniz\u0113\u0161anas uzkl\u0101jiet serumu uz sejas un uzkl\u0101jiet pa \u0101du. Produktu ieteicams uzglab\u0101t ledusskap\u012b.<\/p>\n<p><strong>Ingredientes:\u00a0<\/strong>Water, Ascorbic Acid(13%), Butylene Glycol, Dipropylene Glycol, Tromethamine, 3-0-Ethyl Ascorbic Acid, Panthenol, Acetyl Glucosamine, Caffeine, Sodium Hyaluronate, Sodium Sulfite, Disodium EDTA, Glutathione, Adenosine, Gardenia Florida Fruit Extract, Allantoin, Dextrin, Squalane, Tocotrienols, Tocopherol, Elaeis Guineensis (Palm) Oil, Arginine, Niacinamide, Pentylene Glycol, Glycyrrhiza Glabra (Licorice) Root Extract<\/p>","protected":false},"excerpt":{"rendered":"<p>COSRX C 13 vitam\u012bna serums izgaismo tum\u0161os plankumus, melasmu un aps\u0101rtumu, izl\u012bdzina kop\u0113jo tonusu un c\u012bn\u0101s ar oksidat\u012bvo stresu, lai saglab\u0101tu jaunekl\u012bgu \u0101du. PH l\u012bmenis 3,5 samazina kairin\u0101jumu un uzlabo produkta efektivit\u0101ti. Tam ir visp\u0101r\u0113js stiprino\u0161s efekts, samazina poru, grumbu un p\u0113caknes p\u0113du redzam\u012bbu, izl\u012bdzina tekst\u016bru, nov\u0113r\u0161 bl\u0101vumu un pie\u0161\u0137ir vesel\u012bgu mirdzumu. Ir viegla \u016bde\u0146aina [&hellip;]<\/p>\n","protected":false},"featured_media":13484,"comment_status":"open","ping_status":"closed","template":"","meta":{"site-sidebar-layout":"default","site-content-layout":"","ast-site-content-layout":"","site-content-style":"default","site-sidebar-style":"default","ast-global-header-display":"","ast-banner-title-visibility":"","ast-main-header-display":"","ast-hfb-above-header-display":"","ast-hfb-below-header-display":"","ast-hfb-mobile-header-display":"","site-post-title":"","ast-breadcrumbs-content":"","ast-featured-img":"","footer-sml-layout":"","theme-transparent-header-meta":"","adv-header-id-meta":"","stick-header-meta":"","header-above-stick-meta":"","header-main-stick-meta":"","header-below-stick-meta":"","astra-migrate-meta-layouts":"default","ast-page-background-enabled":"default","ast-page-background-meta":{"desktop":{"background-color":"var(--ast-global-color-4)","background-image":"","background-repeat":"repeat","background-position":"center center","background-size":"auto","background-attachment":"scroll","background-type":"","background-media":"","overlay-type":"","overlay-color":"","overlay-opacity":"","overlay-gradient":""},"tablet":{"background-color":"","background-image":"","background-repeat":"repeat","background-position":"center center","background-size":"auto","background-attachment":"scroll","background-type":"","background-media":"","overlay-type":"","overlay-color":"","overlay-opacity":"","overlay-gradient":""},"mobile":{"background-color":"","background-image":"","background-repeat":"repeat","background-position":"center center","background-size":"auto","background-attachment":"scroll","background-type":"","background-media":"","overlay-type":"","overlay-color":"","overlay-opacity":"","overlay-gradient":""}},"ast-content-background-meta":{"desktop":{"background-color":"var(--ast-global-color-5)","background-image":"","background-repeat":"repeat","background-position":"center center","background-size":"auto","background-attachment":"scroll","background-type":"","background-media":"","overlay-type":"","overlay-color":"","overlay-opacity":"","overlay-gradient":""},"tablet":{"background-color":"var(--ast-global-color-5)","background-image":"","background-repeat":"repeat","background-position":"center center","background-size":"auto","background-attachment":"scroll","background-type":"","background-media":"","overlay-type":"","overlay-color":"","overlay-opacity":"","overlay-gradient":""},"mobile":{"background-color":"var(--ast-global-color-5)","background-image":"","background-repeat":"repeat","background-position":"center center","background-size":"auto","background-attachment":"scroll","background-type":"","background-media":"","overlay-type":"","overlay-color":"","overlay-opacity":"","overlay-gradient":""}}},"product_brand":[],"product_cat":[370,371,363],"product_tag":[],"berocket_brand":[],"class_list":{"0":"post-13479","1":"product","2":"type-product","3":"status-publish","4":"has-post-thumbnail","6":"product_cat-adas-mirdzumam","7":"product_cat-anti-age","8":"product_cat-serumi","9":"desktop-align-left","10":"tablet-align-left","11":"mobile-align-left","13":"first","14":"outofstock","15":"taxable","16":"shipping-taxable","17":"purchasable","18":"product-type-simple","19":"add-to-wishlist-before_image"},"yoast_head":"<!-- This site is optimized with the Yoast SEO plugin v27.4 - https:\/\/yoast.com\/product\/yoast-seo-wordpress\/ -->\n<title>COSRX The Vitamin C 13 Serum 20ml - FACECORNER<\/title>\n<meta name=\"robots\" content=\"index, follow, max-snippet:-1, max-image-preview:large, max-video-preview:-1\" \/>\n<link rel=\"canonical\" href=\"https:\/\/www.facecorner.lv\/en\/shop\/c-cosrx-the-vitamin-c-13-serum-20ml\/\" \/>\n<meta property=\"og:locale\" content=\"en_US\" \/>\n<meta property=\"og:type\" content=\"article\" \/>\n<meta property=\"og:title\" content=\"COSRX The Vitamin C 13 Serum 20ml - FACECORNER\" \/>\n<meta property=\"og:description\" content=\"COSRX C 13 vitam\u012bna serums izgaismo tum\u0161os plankumus, melasmu un aps\u0101rtumu, izl\u012bdzina kop\u0113jo tonusu un c\u012bn\u0101s ar oksidat\u012bvo stresu, lai saglab\u0101tu jaunekl\u012bgu \u0101du. PH l\u012bmenis 3,5 samazina kairin\u0101jumu un uzlabo produkta efektivit\u0101ti. Tam ir visp\u0101r\u0113js stiprino\u0161s efekts, samazina poru, grumbu un p\u0113caknes p\u0113du redzam\u012bbu, izl\u012bdzina tekst\u016bru, nov\u0113r\u0161 bl\u0101vumu un pie\u0161\u0137ir vesel\u012bgu mirdzumu. Ir viegla \u016bde\u0146aina [&hellip;]\" \/>\n<meta property=\"og:url\" content=\"https:\/\/www.facecorner.lv\/en\/shop\/c-cosrx-the-vitamin-c-13-serum-20ml\/\" \/>\n<meta property=\"og:site_name\" content=\"FACECORNER\" \/>\n<meta property=\"article:publisher\" content=\"https:\/\/www.facebook.com\/profile.php?id=100063824551839\" \/>\n<meta property=\"article:modified_time\" content=\"2025-02-19T11:07:55+00:00\" \/>\n<meta property=\"og:image\" content=\"https:\/\/www.facecorner.lv\/wp-content\/uploads\/2023\/12\/COSRX-The-Vitamin-C-13-Serum-20ml-1.jpeg\" \/>\n\t<meta property=\"og:image:width\" content=\"994\" \/>\n\t<meta property=\"og:image:height\" content=\"992\" \/>\n\t<meta property=\"og:image:type\" content=\"image\/jpeg\" \/>\n<meta name=\"twitter:card\" content=\"summary_large_image\" \/>\n<meta name=\"twitter:label1\" content=\"Price\" \/>\n\t<meta name=\"twitter:data1\" content=\"&euro;22.30\" \/>\n\t<meta name=\"twitter:label2\" content=\"Availability\" \/>\n\t<meta name=\"twitter:data2\" content=\"Out of stock\" \/>\n<script type=\"application\/ld+json\" class=\"yoast-schema-graph\">{\"@context\":\"https:\\\/\\\/schema.org\",\"@graph\":[{\"@type\":\"WebPage\",\"@id\":\"https:\\\/\\\/www.facecorner.lv\\\/shop\\\/c-cosrx-the-vitamin-c-13-serum-20ml\\\/\",\"url\":\"https:\\\/\\\/www.facecorner.lv\\\/shop\\\/c-cosrx-the-vitamin-c-13-serum-20ml\\\/\",\"name\":\"COSRX The Vitamin C 13 Serum 20ml - FACECORNER\",\"isPartOf\":{\"@id\":\"https:\\\/\\\/www.facecorner.lv\\\/#website\"},\"primaryImageOfPage\":{\"@id\":\"https:\\\/\\\/www.facecorner.lv\\\/shop\\\/c-cosrx-the-vitamin-c-13-serum-20ml\\\/#primaryimage\"},\"image\":{\"@id\":\"https:\\\/\\\/www.facecorner.lv\\\/shop\\\/c-cosrx-the-vitamin-c-13-serum-20ml\\\/#primaryimage\"},\"thumbnailUrl\":\"https:\\\/\\\/www.facecorner.lv\\\/wp-content\\\/uploads\\\/2023\\\/12\\\/COSRX-The-Vitamin-C-13-Serum-20ml-1.jpeg\",\"datePublished\":\"2023-12-18T13:54:19+00:00\",\"dateModified\":\"2025-02-19T11:07:55+00:00\",\"breadcrumb\":{\"@id\":\"https:\\\/\\\/www.facecorner.lv\\\/shop\\\/c-cosrx-the-vitamin-c-13-serum-20ml\\\/#breadcrumb\"},\"inLanguage\":\"en-US\",\"potentialAction\":[{\"@type\":\"ReadAction\",\"target\":[\"https:\\\/\\\/www.facecorner.lv\\\/shop\\\/c-cosrx-the-vitamin-c-13-serum-20ml\\\/\"]}]},{\"@type\":\"ImageObject\",\"inLanguage\":\"en-US\",\"@id\":\"https:\\\/\\\/www.facecorner.lv\\\/shop\\\/c-cosrx-the-vitamin-c-13-serum-20ml\\\/#primaryimage\",\"url\":\"https:\\\/\\\/www.facecorner.lv\\\/wp-content\\\/uploads\\\/2023\\\/12\\\/COSRX-The-Vitamin-C-13-Serum-20ml-1.jpeg\",\"contentUrl\":\"https:\\\/\\\/www.facecorner.lv\\\/wp-content\\\/uploads\\\/2023\\\/12\\\/COSRX-The-Vitamin-C-13-Serum-20ml-1.jpeg\",\"width\":994,\"height\":992},{\"@type\":\"BreadcrumbList\",\"@id\":\"https:\\\/\\\/www.facecorner.lv\\\/shop\\\/c-cosrx-the-vitamin-c-13-serum-20ml\\\/#breadcrumb\",\"itemListElement\":[{\"@type\":\"ListItem\",\"position\":1,\"name\":\"Home\",\"item\":\"https:\\\/\\\/www.facecorner.lv\\\/\"},{\"@type\":\"ListItem\",\"position\":2,\"name\":\"Veikals\",\"item\":\"https:\\\/\\\/www.facecorner.lv\\\/shop\\\/\"},{\"@type\":\"ListItem\",\"position\":3,\"name\":\"COSRX The Vitamin C 13 Serum 20ml\"}]},{\"@type\":\"WebSite\",\"@id\":\"https:\\\/\\\/www.facecorner.lv\\\/#website\",\"url\":\"https:\\\/\\\/www.facecorner.lv\\\/\",\"name\":\"Facecorner\",\"description\":\"\",\"publisher\":{\"@id\":\"https:\\\/\\\/www.facecorner.lv\\\/#organization\"},\"potentialAction\":[{\"@type\":\"SearchAction\",\"target\":{\"@type\":\"EntryPoint\",\"urlTemplate\":\"https:\\\/\\\/www.facecorner.lv\\\/?s={search_term_string}\"},\"query-input\":{\"@type\":\"PropertyValueSpecification\",\"valueRequired\":true,\"valueName\":\"search_term_string\"}}],\"inLanguage\":\"en-US\"},{\"@type\":\"Organization\",\"@id\":\"https:\\\/\\\/www.facecorner.lv\\\/#organization\",\"name\":\"Facecorner\",\"url\":\"https:\\\/\\\/www.facecorner.lv\\\/\",\"logo\":{\"@type\":\"ImageObject\",\"inLanguage\":\"en-US\",\"@id\":\"https:\\\/\\\/www.facecorner.lv\\\/#\\\/schema\\\/logo\\\/image\\\/\",\"url\":\"https:\\\/\\\/www.facecorner.lv\\\/wp-content\\\/uploads\\\/2024\\\/04\\\/fc-logo.jpg\",\"contentUrl\":\"https:\\\/\\\/www.facecorner.lv\\\/wp-content\\\/uploads\\\/2024\\\/04\\\/fc-logo.jpg\",\"width\":174,\"height\":28,\"caption\":\"Facecorner\"},\"image\":{\"@id\":\"https:\\\/\\\/www.facecorner.lv\\\/#\\\/schema\\\/logo\\\/image\\\/\"},\"sameAs\":[\"https:\\\/\\\/www.facebook.com\\\/profile.php?id=100063824551839\",\"https:\\\/\\\/www.instagram.com\\\/facecorner_shop\\\/\"]}]}<\/script>\n<meta property=\"product:price:amount\" content=\"22.30\" \/>\n<meta property=\"product:price:currency\" content=\"EUR\" \/>\n<meta property=\"og:availability\" content=\"out of stock\" \/>\n<meta property=\"product:availability\" content=\"out of stock\" \/>\n<meta property=\"product:condition\" content=\"new\" \/>\n<!-- \/ Yoast SEO plugin. -->","yoast_head_json":{"title":"COSRX The Vitamin C 13 Serum 20ml - FACECORNER","robots":{"index":"index","follow":"follow","max-snippet":"max-snippet:-1","max-image-preview":"max-image-preview:large","max-video-preview":"max-video-preview:-1"},"canonical":"https:\/\/www.facecorner.lv\/en\/shop\/c-cosrx-the-vitamin-c-13-serum-20ml\/","og_locale":"en_US","og_type":"article","og_title":"COSRX The Vitamin C 13 Serum 20ml - FACECORNER","og_description":"COSRX C 13 vitam\u012bna serums izgaismo tum\u0161os plankumus, melasmu un aps\u0101rtumu, izl\u012bdzina kop\u0113jo tonusu un c\u012bn\u0101s ar oksidat\u012bvo stresu, lai saglab\u0101tu jaunekl\u012bgu \u0101du. PH l\u012bmenis 3,5 samazina kairin\u0101jumu un uzlabo produkta efektivit\u0101ti. Tam ir visp\u0101r\u0113js stiprino\u0161s efekts, samazina poru, grumbu un p\u0113caknes p\u0113du redzam\u012bbu, izl\u012bdzina tekst\u016bru, nov\u0113r\u0161 bl\u0101vumu un pie\u0161\u0137ir vesel\u012bgu mirdzumu. Ir viegla \u016bde\u0146aina [&hellip;]","og_url":"https:\/\/www.facecorner.lv\/en\/shop\/c-cosrx-the-vitamin-c-13-serum-20ml\/","og_site_name":"FACECORNER","article_publisher":"https:\/\/www.facebook.com\/profile.php?id=100063824551839","article_modified_time":"2025-02-19T11:07:55+00:00","og_image":[{"width":994,"height":992,"url":"https:\/\/www.facecorner.lv\/wp-content\/uploads\/2023\/12\/COSRX-The-Vitamin-C-13-Serum-20ml-1.jpeg","type":"image\/jpeg"}],"twitter_card":"summary_large_image","twitter_misc":{"Price":"&euro;22.30","Availability":"Out of stock"},"schema":{"@context":"https:\/\/schema.org","@graph":[{"@type":"WebPage","@id":"https:\/\/www.facecorner.lv\/shop\/c-cosrx-the-vitamin-c-13-serum-20ml\/","url":"https:\/\/www.facecorner.lv\/shop\/c-cosrx-the-vitamin-c-13-serum-20ml\/","name":"COSRX The Vitamin C 13 Serum 20ml - FACECORNER","isPartOf":{"@id":"https:\/\/www.facecorner.lv\/#website"},"primaryImageOfPage":{"@id":"https:\/\/www.facecorner.lv\/shop\/c-cosrx-the-vitamin-c-13-serum-20ml\/#primaryimage"},"image":{"@id":"https:\/\/www.facecorner.lv\/shop\/c-cosrx-the-vitamin-c-13-serum-20ml\/#primaryimage"},"thumbnailUrl":"https:\/\/www.facecorner.lv\/wp-content\/uploads\/2023\/12\/COSRX-The-Vitamin-C-13-Serum-20ml-1.jpeg","datePublished":"2023-12-18T13:54:19+00:00","dateModified":"2025-02-19T11:07:55+00:00","breadcrumb":{"@id":"https:\/\/www.facecorner.lv\/shop\/c-cosrx-the-vitamin-c-13-serum-20ml\/#breadcrumb"},"inLanguage":"en-US","potentialAction":[{"@type":"ReadAction","target":["https:\/\/www.facecorner.lv\/shop\/c-cosrx-the-vitamin-c-13-serum-20ml\/"]}]},{"@type":"ImageObject","inLanguage":"en-US","@id":"https:\/\/www.facecorner.lv\/shop\/c-cosrx-the-vitamin-c-13-serum-20ml\/#primaryimage","url":"https:\/\/www.facecorner.lv\/wp-content\/uploads\/2023\/12\/COSRX-The-Vitamin-C-13-Serum-20ml-1.jpeg","contentUrl":"https:\/\/www.facecorner.lv\/wp-content\/uploads\/2023\/12\/COSRX-The-Vitamin-C-13-Serum-20ml-1.jpeg","width":994,"height":992},{"@type":"BreadcrumbList","@id":"https:\/\/www.facecorner.lv\/shop\/c-cosrx-the-vitamin-c-13-serum-20ml\/#breadcrumb","itemListElement":[{"@type":"ListItem","position":1,"name":"Home","item":"https:\/\/www.facecorner.lv\/"},{"@type":"ListItem","position":2,"name":"Veikals","item":"https:\/\/www.facecorner.lv\/shop\/"},{"@type":"ListItem","position":3,"name":"COSRX The Vitamin C 13 Serum 20ml"}]},{"@type":"WebSite","@id":"https:\/\/www.facecorner.lv\/#website","url":"https:\/\/www.facecorner.lv\/","name":"Facecorner","description":"","publisher":{"@id":"https:\/\/www.facecorner.lv\/#organization"},"potentialAction":[{"@type":"SearchAction","target":{"@type":"EntryPoint","urlTemplate":"https:\/\/www.facecorner.lv\/?s={search_term_string}"},"query-input":{"@type":"PropertyValueSpecification","valueRequired":true,"valueName":"search_term_string"}}],"inLanguage":"en-US"},{"@type":"Organization","@id":"https:\/\/www.facecorner.lv\/#organization","name":"Facecorner","url":"https:\/\/www.facecorner.lv\/","logo":{"@type":"ImageObject","inLanguage":"en-US","@id":"https:\/\/www.facecorner.lv\/#\/schema\/logo\/image\/","url":"https:\/\/www.facecorner.lv\/wp-content\/uploads\/2024\/04\/fc-logo.jpg","contentUrl":"https:\/\/www.facecorner.lv\/wp-content\/uploads\/2024\/04\/fc-logo.jpg","width":174,"height":28,"caption":"Facecorner"},"image":{"@id":"https:\/\/www.facecorner.lv\/#\/schema\/logo\/image\/"},"sameAs":["https:\/\/www.facebook.com\/profile.php?id=100063824551839","https:\/\/www.instagram.com\/facecorner_shop\/"]}]},"product_price_amount":"22.30","product_price_currency":"EUR","og_availability":"out of stock","product_availability":"out of stock","product_condition":"new"},"_links":{"self":[{"href":"https:\/\/www.facecorner.lv\/en\/wp-json\/wp\/v2\/product\/13479","targetHints":{"allow":["GET"]}}],"collection":[{"href":"https:\/\/www.facecorner.lv\/en\/wp-json\/wp\/v2\/product"}],"about":[{"href":"https:\/\/www.facecorner.lv\/en\/wp-json\/wp\/v2\/types\/product"}],"replies":[{"embeddable":true,"href":"https:\/\/www.facecorner.lv\/en\/wp-json\/wp\/v2\/comments?post=13479"}],"wp:featuredmedia":[{"embeddable":true,"href":"https:\/\/www.facecorner.lv\/en\/wp-json\/wp\/v2\/media\/13484"}],"wp:attachment":[{"href":"https:\/\/www.facecorner.lv\/en\/wp-json\/wp\/v2\/media?parent=13479"}],"wp:term":[{"taxonomy":"product_brand","embeddable":true,"href":"https:\/\/www.facecorner.lv\/en\/wp-json\/wp\/v2\/product_brand?post=13479"},{"taxonomy":"product_cat","embeddable":true,"href":"https:\/\/www.facecorner.lv\/en\/wp-json\/wp\/v2\/product_cat?post=13479"},{"taxonomy":"product_tag","embeddable":true,"href":"https:\/\/www.facecorner.lv\/en\/wp-json\/wp\/v2\/product_tag?post=13479"},{"taxonomy":"berocket_brand","embeddable":true,"href":"https:\/\/www.facecorner.lv\/en\/wp-json\/wp\/v2\/berocket_brand?post=13479"}],"curies":[{"name":"wp","href":"https:\/\/api.w.org\/{rel}","templated":true}]}}