{"id":13442,"date":"2023-12-16T13:17:46","date_gmt":"2023-12-16T11:17:46","guid":{"rendered":"https:\/\/www.facecorner.lv\/?post_type=product&#038;p=13442"},"modified":"2024-10-19T21:42:03","modified_gmt":"2024-10-19T18:42:03","slug":"isntree-hyaluronic-acid-toner-200ml","status":"publish","type":"product","link":"https:\/\/www.facecorner.lv\/en\/shop\/isntree-hyaluronic-acid-toner-200ml\/","title":{"rendered":"IsNtree Hyaluronic Acid Toner 200ml"},"content":{"rendered":"<p>Mitrino\u0161s toniks ar hialuronsk\u0101bi IsNtree hialuronsk\u0101bes toniks, lai atjaunotu \u0101das hidrolip\u012bdu barjeru.<br \/>\nProdukts efekt\u012bvi nov\u0113r\u0161 sausumu un savilktuma saj\u016btu, piepilda \u0161\u016bnas ar mitrumu, veicina t\u0101 aizturi un ilgsto\u0161u mitrino\u0161o efektu.<\/p>\n<p>Normaliz\u0113 \u016bdens-tauku l\u012bdzsvaru, neitraliz\u0113 teko\u0161a \u016bdens agres\u012bvo ietekmi uz \u0101das virsmu un sagatavo turpm\u0101kajiem kop\u0161anas posmiem.<\/p>\n<p>Toneris darbojas k\u0101 ce\u013cvedis, pal\u012bdz vis\u0101m kop\u0161anas l\u012bdzek\u013cu akt\u012bvaj\u0101m sast\u0101vda\u013c\u0101m p\u0113c iesp\u0113jas dzi\u013c\u0101k iek\u013c\u016bt epiderm\u0101 un palielina to efektivit\u0101ti.<\/p>\n<p>Sast\u0101vs satur 5 veidu hialuronsk\u0101bi \u2013 komponentu, kas ir viena no galvenaj\u0101m \u0101das \u0161\u016bnu sast\u0101vda\u013c\u0101m un kam piem\u012bt unik\u0101la mitrino\u0161a iedarb\u012bba. Hialuronsk\u0101be sp\u0113j iek\u013c\u016bt dzi\u013cajos epidermas sl\u0101\u0146os un ilg\u0101k saglab\u0101t mitrumu, pal\u0113ninot noveco\u0161anos. Mazina piet\u016bkumu un kairin\u0101jumu, normaliz\u0113 asins pieg\u0101di, labv\u0113l\u012bgi ietekm\u0113 dz\u012b\u0161anas un re\u0123ener\u0101cijas procesus.<\/p>\n<p><strong>Galven\u0101s tonera funkcijas:<\/strong><\/p>\n<ul>\n<li>Saglab\u0101 un saglab\u0101 mitrumu \u0101das \u0161\u016bn\u0101s;<\/li>\n<li>Paaugstina epidermas hidrat\u0101cijas l\u012bmeni;<\/li>\n<li>Atjauno hidrolip\u012bdu barjeru;<\/li>\n<li>Uztur norm\u0101lu sk\u0101bju-b\u0101zes l\u012bdzsvaru.<\/li>\n<\/ul>\n<p><strong>KEY INGREDIENTS:<\/strong><\/p>\n<ul>\n<li>Pantenols (B5 vitam\u012bns) mazina aps\u0101rtumu un kairin\u0101jumu, pa\u0101trina dz\u012b\u0161anu, veicina mitruma aizturi un stiprina aizsarg\u0101jo\u0161o hidrolip\u012bdu barjeru.<\/li>\n<li><span style=\"color: var(--g5-color-text-main); font-family: var(--g5-body-font); font-size: var(--g5-body-font-size); font-style: var(--g5-body-font-style); letter-spacing: var(--g5-body-letter-spacing); text-transform: var(--g5-body-text-transform);\">Alvejas ekstrakts pal\u012bdz m\u012bkstin\u0101t \u0101du un mazina kairin\u0101jumu, pa\u0101trina br\u016b\u010du dz\u012b\u0161anu, piem\u012bt pretiekaisuma un pretaler\u0123iska iedarb\u012bba, piem\u012bt antioksidanta iedarb\u012bba un stimul\u0113 savu kolag\u0113na \u0161\u0137iedru sint\u0113zi.<\/span><\/li>\n<li>Trehaloze ir polisahar\u012bds, kam piem\u012bt sp\u0113c\u012bga mitrino\u0161a iedarb\u012bba, pal\u0113nina noveco\u0161an\u0101s procesu un piem\u012bt antioksidanta aktivit\u0101te.<\/li>\n<li>Beta-glik\u0101ns ir no auz\u0101m izol\u0113ts polisahar\u012bds, kas veicina \u0101das atjauno\u0161anos un atjauno\u0161anos, aizpilda mitruma tr\u016bkumu un nov\u0113r\u0161 priek\u0161laic\u012bgu noveco\u0161anos.<\/li>\n<\/ul>\n<p><strong>How to use:<\/strong> Uzkl\u0101jiet nepiecie\u0161amo tonera daudzumu uz \u0101das ar maig\u0101m gl\u0101st\u012b\u0161anas kust\u012bb\u0101m vai izmantojot vates spilventi\u0146u. Var izmantot k\u0101 lok\u0101lu masku.<\/p>\n<p><strong>Ingredientes:\u00a0<\/strong>Water, Propanediol, Pentylene Glycol, 1,2-Hexanediol, Sodium Hyaluronate, Trehalose, Caprylyl Glycol, Panthenol, Sodium PCA, Butylene Glycol, Betula Alba Juice, Portulaca Oleracea Extract, Glycerin, Hyaluronic Acid, Althaea Rosea Root Extract, Aloe Barbadensis Leaf Extract, Beta-Glucan, Hydrolyzed Sodium Hyaluronate, Hydrolyzed Hyaluronic Acid, Sodium Hyaluronate Crosspolymer<\/p>","protected":false},"excerpt":{"rendered":"<p>Mitrino\u0161s toniks ar hialuronsk\u0101bi IsNtree hialuronsk\u0101bes toniks, lai atjaunotu \u0101das hidrolip\u012bdu barjeru. Produkts efekt\u012bvi nov\u0113r\u0161 sausumu un savilktuma saj\u016btu, piepilda \u0161\u016bnas ar mitrumu, veicina t\u0101 aizturi un ilgsto\u0161u mitrino\u0161o efektu. Normaliz\u0113 \u016bdens-tauku l\u012bdzsvaru, neitraliz\u0113 teko\u0161a \u016bdens agres\u012bvo ietekmi uz \u0101das virsmu un sagatavo turpm\u0101kajiem kop\u0161anas posmiem. Toneris darbojas k\u0101 ce\u013cvedis, pal\u012bdz vis\u0101m kop\u0161anas l\u012bdzek\u013cu akt\u012bvaj\u0101m [&hellip;]<\/p>\n","protected":false},"featured_media":13444,"comment_status":"open","ping_status":"closed","template":"","meta":{"site-sidebar-layout":"default","site-content-layout":"","ast-site-content-layout":"","site-content-style":"default","site-sidebar-style":"default","ast-global-header-display":"","ast-banner-title-visibility":"","ast-main-header-display":"","ast-hfb-above-header-display":"","ast-hfb-below-header-display":"","ast-hfb-mobile-header-display":"","site-post-title":"","ast-breadcrumbs-content":"","ast-featured-img":"","footer-sml-layout":"","theme-transparent-header-meta":"","adv-header-id-meta":"","stick-header-meta":"","header-above-stick-meta":"","header-main-stick-meta":"","header-below-stick-meta":"","astra-migrate-meta-layouts":"default","ast-page-background-enabled":"default","ast-page-background-meta":{"desktop":{"background-color":"var(--ast-global-color-4)","background-image":"","background-repeat":"repeat","background-position":"center center","background-size":"auto","background-attachment":"scroll","background-type":"","background-media":"","overlay-type":"","overlay-color":"","overlay-opacity":"","overlay-gradient":""},"tablet":{"background-color":"","background-image":"","background-repeat":"repeat","background-position":"center center","background-size":"auto","background-attachment":"scroll","background-type":"","background-media":"","overlay-type":"","overlay-color":"","overlay-opacity":"","overlay-gradient":""},"mobile":{"background-color":"","background-image":"","background-repeat":"repeat","background-position":"center center","background-size":"auto","background-attachment":"scroll","background-type":"","background-media":"","overlay-type":"","overlay-color":"","overlay-opacity":"","overlay-gradient":""}},"ast-content-background-meta":{"desktop":{"background-color":"var(--ast-global-color-5)","background-image":"","background-repeat":"repeat","background-position":"center center","background-size":"auto","background-attachment":"scroll","background-type":"","background-media":"","overlay-type":"","overlay-color":"","overlay-opacity":"","overlay-gradient":""},"tablet":{"background-color":"var(--ast-global-color-5)","background-image":"","background-repeat":"repeat","background-position":"center center","background-size":"auto","background-attachment":"scroll","background-type":"","background-media":"","overlay-type":"","overlay-color":"","overlay-opacity":"","overlay-gradient":""},"mobile":{"background-color":"var(--ast-global-color-5)","background-image":"","background-repeat":"repeat","background-position":"center center","background-size":"auto","background-attachment":"scroll","background-type":"","background-media":"","overlay-type":"","overlay-color":"","overlay-opacity":"","overlay-gradient":""}}},"product_brand":[],"product_cat":[375,378,364,376],"product_tag":[],"berocket_brand":[],"class_list":{"0":"post-13442","1":"product","2":"type-product","3":"status-publish","4":"has-post-thumbnail","6":"product_cat-jutigai-adai-toneri","7":"product_cat-sausai-adai-toneri","8":"product_cat-toneri","9":"product_cat-kombinetai-adai-toneri","10":"desktop-align-left","11":"tablet-align-left","12":"mobile-align-left","14":"first","15":"outofstock","16":"taxable","17":"shipping-taxable","18":"purchasable","19":"product-type-simple","20":"add-to-wishlist-before_image"},"yoast_head":"<!-- This site is optimized with the Yoast SEO plugin v27.3 - https:\/\/yoast.com\/product\/yoast-seo-wordpress\/ -->\n<title>IsNtree Hyaluronic Acid Toner 200ml - FACECORNER<\/title>\n<meta name=\"robots\" content=\"index, follow, max-snippet:-1, max-image-preview:large, max-video-preview:-1\" \/>\n<link rel=\"canonical\" href=\"https:\/\/www.facecorner.lv\/en\/shop\/isntree-hyaluronic-acid-toner-200ml\/\" \/>\n<meta property=\"og:locale\" content=\"en_US\" \/>\n<meta property=\"og:type\" content=\"article\" \/>\n<meta property=\"og:title\" content=\"IsNtree Hyaluronic Acid Toner 200ml - FACECORNER\" \/>\n<meta property=\"og:description\" content=\"Mitrino\u0161s toniks ar hialuronsk\u0101bi IsNtree hialuronsk\u0101bes toniks, lai atjaunotu \u0101das hidrolip\u012bdu barjeru. Produkts efekt\u012bvi nov\u0113r\u0161 sausumu un savilktuma saj\u016btu, piepilda \u0161\u016bnas ar mitrumu, veicina t\u0101 aizturi un ilgsto\u0161u mitrino\u0161o efektu. Normaliz\u0113 \u016bdens-tauku l\u012bdzsvaru, neitraliz\u0113 teko\u0161a \u016bdens agres\u012bvo ietekmi uz \u0101das virsmu un sagatavo turpm\u0101kajiem kop\u0161anas posmiem. Toneris darbojas k\u0101 ce\u013cvedis, pal\u012bdz vis\u0101m kop\u0161anas l\u012bdzek\u013cu akt\u012bvaj\u0101m [&hellip;]\" \/>\n<meta property=\"og:url\" content=\"https:\/\/www.facecorner.lv\/en\/shop\/isntree-hyaluronic-acid-toner-200ml\/\" \/>\n<meta property=\"og:site_name\" content=\"FACECORNER\" \/>\n<meta property=\"article:publisher\" content=\"https:\/\/www.facebook.com\/profile.php?id=100063824551839\" \/>\n<meta property=\"article:modified_time\" content=\"2024-10-19T18:42:03+00:00\" \/>\n<meta property=\"og:image\" content=\"https:\/\/www.facecorner.lv\/wp-content\/uploads\/2023\/12\/2.jpg\" \/>\n\t<meta property=\"og:image:width\" content=\"1200\" \/>\n\t<meta property=\"og:image:height\" content=\"1200\" \/>\n\t<meta property=\"og:image:type\" content=\"image\/jpeg\" \/>\n<meta name=\"twitter:card\" content=\"summary_large_image\" \/>\n<meta name=\"twitter:label1\" content=\"Price\" \/>\n\t<meta name=\"twitter:data1\" content=\"&euro;20.00\" \/>\n\t<meta name=\"twitter:label2\" content=\"Availability\" \/>\n\t<meta name=\"twitter:data2\" content=\"Out of stock\" \/>\n<script type=\"application\/ld+json\" class=\"yoast-schema-graph\">{\"@context\":\"https:\\\/\\\/schema.org\",\"@graph\":[{\"@type\":\"WebPage\",\"@id\":\"https:\\\/\\\/www.facecorner.lv\\\/shop\\\/isntree-hyaluronic-acid-toner-200ml\\\/\",\"url\":\"https:\\\/\\\/www.facecorner.lv\\\/shop\\\/isntree-hyaluronic-acid-toner-200ml\\\/\",\"name\":\"IsNtree Hyaluronic Acid Toner 200ml - FACECORNER\",\"isPartOf\":{\"@id\":\"https:\\\/\\\/www.facecorner.lv\\\/#website\"},\"primaryImageOfPage\":{\"@id\":\"https:\\\/\\\/www.facecorner.lv\\\/shop\\\/isntree-hyaluronic-acid-toner-200ml\\\/#primaryimage\"},\"image\":{\"@id\":\"https:\\\/\\\/www.facecorner.lv\\\/shop\\\/isntree-hyaluronic-acid-toner-200ml\\\/#primaryimage\"},\"thumbnailUrl\":\"https:\\\/\\\/www.facecorner.lv\\\/wp-content\\\/uploads\\\/2023\\\/12\\\/2.jpg\",\"datePublished\":\"2023-12-16T11:17:46+00:00\",\"dateModified\":\"2024-10-19T18:42:03+00:00\",\"breadcrumb\":{\"@id\":\"https:\\\/\\\/www.facecorner.lv\\\/shop\\\/isntree-hyaluronic-acid-toner-200ml\\\/#breadcrumb\"},\"inLanguage\":\"en-US\",\"potentialAction\":[{\"@type\":\"ReadAction\",\"target\":[\"https:\\\/\\\/www.facecorner.lv\\\/shop\\\/isntree-hyaluronic-acid-toner-200ml\\\/\"]}]},{\"@type\":\"ImageObject\",\"inLanguage\":\"en-US\",\"@id\":\"https:\\\/\\\/www.facecorner.lv\\\/shop\\\/isntree-hyaluronic-acid-toner-200ml\\\/#primaryimage\",\"url\":\"https:\\\/\\\/www.facecorner.lv\\\/wp-content\\\/uploads\\\/2023\\\/12\\\/2.jpg\",\"contentUrl\":\"https:\\\/\\\/www.facecorner.lv\\\/wp-content\\\/uploads\\\/2023\\\/12\\\/2.jpg\",\"width\":1200,\"height\":1200},{\"@type\":\"BreadcrumbList\",\"@id\":\"https:\\\/\\\/www.facecorner.lv\\\/shop\\\/isntree-hyaluronic-acid-toner-200ml\\\/#breadcrumb\",\"itemListElement\":[{\"@type\":\"ListItem\",\"position\":1,\"name\":\"Home\",\"item\":\"https:\\\/\\\/www.facecorner.lv\\\/\"},{\"@type\":\"ListItem\",\"position\":2,\"name\":\"Veikals\",\"item\":\"https:\\\/\\\/www.facecorner.lv\\\/shop\\\/\"},{\"@type\":\"ListItem\",\"position\":3,\"name\":\"IsNtree Hyaluronic Acid Toner 200ml\"}]},{\"@type\":\"WebSite\",\"@id\":\"https:\\\/\\\/www.facecorner.lv\\\/#website\",\"url\":\"https:\\\/\\\/www.facecorner.lv\\\/\",\"name\":\"Facecorner\",\"description\":\"\",\"publisher\":{\"@id\":\"https:\\\/\\\/www.facecorner.lv\\\/#organization\"},\"potentialAction\":[{\"@type\":\"SearchAction\",\"target\":{\"@type\":\"EntryPoint\",\"urlTemplate\":\"https:\\\/\\\/www.facecorner.lv\\\/?s={search_term_string}\"},\"query-input\":{\"@type\":\"PropertyValueSpecification\",\"valueRequired\":true,\"valueName\":\"search_term_string\"}}],\"inLanguage\":\"en-US\"},{\"@type\":\"Organization\",\"@id\":\"https:\\\/\\\/www.facecorner.lv\\\/#organization\",\"name\":\"Facecorner\",\"url\":\"https:\\\/\\\/www.facecorner.lv\\\/\",\"logo\":{\"@type\":\"ImageObject\",\"inLanguage\":\"en-US\",\"@id\":\"https:\\\/\\\/www.facecorner.lv\\\/#\\\/schema\\\/logo\\\/image\\\/\",\"url\":\"https:\\\/\\\/www.facecorner.lv\\\/wp-content\\\/uploads\\\/2024\\\/04\\\/fc-logo.jpg\",\"contentUrl\":\"https:\\\/\\\/www.facecorner.lv\\\/wp-content\\\/uploads\\\/2024\\\/04\\\/fc-logo.jpg\",\"width\":174,\"height\":28,\"caption\":\"Facecorner\"},\"image\":{\"@id\":\"https:\\\/\\\/www.facecorner.lv\\\/#\\\/schema\\\/logo\\\/image\\\/\"},\"sameAs\":[\"https:\\\/\\\/www.facebook.com\\\/profile.php?id=100063824551839\",\"https:\\\/\\\/www.instagram.com\\\/facecorner_shop\\\/\"]}]}<\/script>\n<meta property=\"product:price:amount\" content=\"20.00\" \/>\n<meta property=\"product:price:currency\" content=\"EUR\" \/>\n<meta property=\"og:availability\" content=\"out of stock\" \/>\n<meta property=\"product:availability\" content=\"out of stock\" \/>\n<meta property=\"product:condition\" content=\"new\" \/>\n<!-- \/ Yoast SEO plugin. -->","yoast_head_json":{"title":"IsNtree Hyaluronic Acid Toner 200ml - FACECORNER","robots":{"index":"index","follow":"follow","max-snippet":"max-snippet:-1","max-image-preview":"max-image-preview:large","max-video-preview":"max-video-preview:-1"},"canonical":"https:\/\/www.facecorner.lv\/en\/shop\/isntree-hyaluronic-acid-toner-200ml\/","og_locale":"en_US","og_type":"article","og_title":"IsNtree Hyaluronic Acid Toner 200ml - FACECORNER","og_description":"Mitrino\u0161s toniks ar hialuronsk\u0101bi IsNtree hialuronsk\u0101bes toniks, lai atjaunotu \u0101das hidrolip\u012bdu barjeru. Produkts efekt\u012bvi nov\u0113r\u0161 sausumu un savilktuma saj\u016btu, piepilda \u0161\u016bnas ar mitrumu, veicina t\u0101 aizturi un ilgsto\u0161u mitrino\u0161o efektu. Normaliz\u0113 \u016bdens-tauku l\u012bdzsvaru, neitraliz\u0113 teko\u0161a \u016bdens agres\u012bvo ietekmi uz \u0101das virsmu un sagatavo turpm\u0101kajiem kop\u0161anas posmiem. Toneris darbojas k\u0101 ce\u013cvedis, pal\u012bdz vis\u0101m kop\u0161anas l\u012bdzek\u013cu akt\u012bvaj\u0101m [&hellip;]","og_url":"https:\/\/www.facecorner.lv\/en\/shop\/isntree-hyaluronic-acid-toner-200ml\/","og_site_name":"FACECORNER","article_publisher":"https:\/\/www.facebook.com\/profile.php?id=100063824551839","article_modified_time":"2024-10-19T18:42:03+00:00","og_image":[{"width":1200,"height":1200,"url":"https:\/\/www.facecorner.lv\/wp-content\/uploads\/2023\/12\/2.jpg","type":"image\/jpeg"}],"twitter_card":"summary_large_image","twitter_misc":{"Price":"&euro;20.00","Availability":"Out of stock"},"schema":{"@context":"https:\/\/schema.org","@graph":[{"@type":"WebPage","@id":"https:\/\/www.facecorner.lv\/shop\/isntree-hyaluronic-acid-toner-200ml\/","url":"https:\/\/www.facecorner.lv\/shop\/isntree-hyaluronic-acid-toner-200ml\/","name":"IsNtree Hyaluronic Acid Toner 200ml - FACECORNER","isPartOf":{"@id":"https:\/\/www.facecorner.lv\/#website"},"primaryImageOfPage":{"@id":"https:\/\/www.facecorner.lv\/shop\/isntree-hyaluronic-acid-toner-200ml\/#primaryimage"},"image":{"@id":"https:\/\/www.facecorner.lv\/shop\/isntree-hyaluronic-acid-toner-200ml\/#primaryimage"},"thumbnailUrl":"https:\/\/www.facecorner.lv\/wp-content\/uploads\/2023\/12\/2.jpg","datePublished":"2023-12-16T11:17:46+00:00","dateModified":"2024-10-19T18:42:03+00:00","breadcrumb":{"@id":"https:\/\/www.facecorner.lv\/shop\/isntree-hyaluronic-acid-toner-200ml\/#breadcrumb"},"inLanguage":"en-US","potentialAction":[{"@type":"ReadAction","target":["https:\/\/www.facecorner.lv\/shop\/isntree-hyaluronic-acid-toner-200ml\/"]}]},{"@type":"ImageObject","inLanguage":"en-US","@id":"https:\/\/www.facecorner.lv\/shop\/isntree-hyaluronic-acid-toner-200ml\/#primaryimage","url":"https:\/\/www.facecorner.lv\/wp-content\/uploads\/2023\/12\/2.jpg","contentUrl":"https:\/\/www.facecorner.lv\/wp-content\/uploads\/2023\/12\/2.jpg","width":1200,"height":1200},{"@type":"BreadcrumbList","@id":"https:\/\/www.facecorner.lv\/shop\/isntree-hyaluronic-acid-toner-200ml\/#breadcrumb","itemListElement":[{"@type":"ListItem","position":1,"name":"Home","item":"https:\/\/www.facecorner.lv\/"},{"@type":"ListItem","position":2,"name":"Veikals","item":"https:\/\/www.facecorner.lv\/shop\/"},{"@type":"ListItem","position":3,"name":"IsNtree Hyaluronic Acid Toner 200ml"}]},{"@type":"WebSite","@id":"https:\/\/www.facecorner.lv\/#website","url":"https:\/\/www.facecorner.lv\/","name":"Facecorner","description":"","publisher":{"@id":"https:\/\/www.facecorner.lv\/#organization"},"potentialAction":[{"@type":"SearchAction","target":{"@type":"EntryPoint","urlTemplate":"https:\/\/www.facecorner.lv\/?s={search_term_string}"},"query-input":{"@type":"PropertyValueSpecification","valueRequired":true,"valueName":"search_term_string"}}],"inLanguage":"en-US"},{"@type":"Organization","@id":"https:\/\/www.facecorner.lv\/#organization","name":"Facecorner","url":"https:\/\/www.facecorner.lv\/","logo":{"@type":"ImageObject","inLanguage":"en-US","@id":"https:\/\/www.facecorner.lv\/#\/schema\/logo\/image\/","url":"https:\/\/www.facecorner.lv\/wp-content\/uploads\/2024\/04\/fc-logo.jpg","contentUrl":"https:\/\/www.facecorner.lv\/wp-content\/uploads\/2024\/04\/fc-logo.jpg","width":174,"height":28,"caption":"Facecorner"},"image":{"@id":"https:\/\/www.facecorner.lv\/#\/schema\/logo\/image\/"},"sameAs":["https:\/\/www.facebook.com\/profile.php?id=100063824551839","https:\/\/www.instagram.com\/facecorner_shop\/"]}]},"product_price_amount":"20.00","product_price_currency":"EUR","og_availability":"out of stock","product_availability":"out of stock","product_condition":"new"},"_links":{"self":[{"href":"https:\/\/www.facecorner.lv\/en\/wp-json\/wp\/v2\/product\/13442","targetHints":{"allow":["GET"]}}],"collection":[{"href":"https:\/\/www.facecorner.lv\/en\/wp-json\/wp\/v2\/product"}],"about":[{"href":"https:\/\/www.facecorner.lv\/en\/wp-json\/wp\/v2\/types\/product"}],"replies":[{"embeddable":true,"href":"https:\/\/www.facecorner.lv\/en\/wp-json\/wp\/v2\/comments?post=13442"}],"wp:featuredmedia":[{"embeddable":true,"href":"https:\/\/www.facecorner.lv\/en\/wp-json\/wp\/v2\/media\/13444"}],"wp:attachment":[{"href":"https:\/\/www.facecorner.lv\/en\/wp-json\/wp\/v2\/media?parent=13442"}],"wp:term":[{"taxonomy":"product_brand","embeddable":true,"href":"https:\/\/www.facecorner.lv\/en\/wp-json\/wp\/v2\/product_brand?post=13442"},{"taxonomy":"product_cat","embeddable":true,"href":"https:\/\/www.facecorner.lv\/en\/wp-json\/wp\/v2\/product_cat?post=13442"},{"taxonomy":"product_tag","embeddable":true,"href":"https:\/\/www.facecorner.lv\/en\/wp-json\/wp\/v2\/product_tag?post=13442"},{"taxonomy":"berocket_brand","embeddable":true,"href":"https:\/\/www.facecorner.lv\/en\/wp-json\/wp\/v2\/berocket_brand?post=13442"}],"curies":[{"name":"wp","href":"https:\/\/api.w.org\/{rel}","templated":true}]}}