{"id":13355,"date":"2023-12-10T18:30:51","date_gmt":"2023-12-10T16:30:51","guid":{"rendered":"https:\/\/www.facecorner.lv\/?post_type=product&#038;p=13355"},"modified":"2024-11-18T10:39:08","modified_gmt":"2024-11-18T07:39:08","slug":"some-by-mi-aha-bha-pha-30-days-miracle-travel-kit","status":"publish","type":"product","link":"https:\/\/www.facecorner.lv\/en\/shop\/some-by-mi-aha-bha-pha-30-days-miracle-travel-kit\/","title":{"rendered":"Some By Mi AHA-BHA-PHA 30 Days Miracle Travel Kit"},"content":{"rendered":"<p>Some By Mi AHA-BHA-PHA 30 Days Miracle Travel Kit Tr\u012bspak\u0101pju risin\u0101jums, kas satur efekt\u012bvas sast\u0101vda\u013cas, lai \u0101rst\u0113tu kairin\u0101tu un problem\u0101tisku \u0101du. Satur t\u0113jas koka sast\u0101vda\u013cas, kas nov\u0113r\u0161 \u0101das probl\u0113mas un mazina iekaisumu. Satur Miracle Toner (30 ml) maigai nolob\u012b\u0161anai, Miracle serumu (10 ml) kairin\u0101tas \u0101das nomierin\u0101\u0161anai un Miracle Cream (20 g) \u0101das barjeras stiprin\u0101\u0161anai.<\/p>\n<ul>\n<li>AHA BHA PHA Miracle Toner: v\u0101ji sk\u0101bs toniks (pH 5,5) satur AHA, BHA, PHA sast\u0101vda\u013cas, kas efekt\u012bvi noloba \u0101du. Tas satur ar\u012b 10 000 ppm t\u0113jas koka lapu \u016bdens, kas pal\u012bdz ar probl\u0113m\u0101m un iekaisumu.<\/li>\n<li>\u00a0AHA BHA PHA Miracle Serum: Zema pH serums ar maig\u0101m p\u012blinga sk\u0101b\u0113m un t\u0113jas koka \u016bdeni, lai maigi no\u0146emtu atmiru\u0161\u0101s \u0101das \u0161\u016bnas un stimul\u0113tu \u0161\u016bnu apriti. Daudz mitruma un sabalans\u0113ts mitruma-e\u013c\u013cas l\u012bdzsvars<\/li>\n<li>AHA BHA PHA Miracle Cream: Kr\u0113ms ar 4 veidu CICA ekstraktiem atjauno boj\u0101tu \u0101du un nostiprina \u0101das barjeru.<\/li>\n<\/ul>\n<p class=\"translation-block\"><strong>Lieto\u0161anas nor\u0101d\u012bjumi:<\/strong> Lietojiet \u0161\u0101d\u0101 sec\u012bb\u0101: toniks \u2192 serums \u2192 kr\u0113ms.<\/p>\n<p>Uzkl\u0101jiet nepiecie\u0161amo tonera daudzumu uz vates diska un maigi noslaukiet seju, p\u0113c tam viegli nositiet, lai tas lab\u0101k ies\u016bktos. Vienm\u0113r\u012bgi uzkl\u0101jiet nepiecie\u0161amo seruma daudzumu uz sejas un maigi nositiet, lai lab\u0101k ies\u016bktos. Vienm\u0113r\u012bgi uzkl\u0101jiet nepiecie\u0161amo kr\u0113ma daudzumu uz sejas un maigi nositiet, lai lab\u0101k ies\u016bktos.<\/p>\n<p>&nbsp;<\/p>","protected":false},"excerpt":{"rendered":"<p>Tr\u012bspak\u0101pju risin\u0101jums, kas satur efekt\u012bvas sast\u0101vda\u013cas, lai \u0101rst\u0113tu kairin\u0101tu un problem\u0101tisku \u0101du. Satur t\u0113jas koka sast\u0101vda\u013cas, kas nov\u0113r\u0161 \u0101das probl\u0113mas un mazina iekaisumu. Satur Miracle Toner (30 ml) maigai nolob\u012b\u0161anai, Miracle serumu (10 ml) kairin\u0101tas \u0101das nomierin\u0101\u0161anai un Miracle Cream (20 g) \u0101das barjeras stiprin\u0101\u0161anai.<\/p>","protected":false},"featured_media":13356,"comment_status":"open","ping_status":"closed","template":"","meta":{"site-sidebar-layout":"default","site-content-layout":"","ast-site-content-layout":"","site-content-style":"default","site-sidebar-style":"default","ast-global-header-display":"","ast-banner-title-visibility":"","ast-main-header-display":"","ast-hfb-above-header-display":"","ast-hfb-below-header-display":"","ast-hfb-mobile-header-display":"","site-post-title":"","ast-breadcrumbs-content":"","ast-featured-img":"","footer-sml-layout":"","theme-transparent-header-meta":"","adv-header-id-meta":"","stick-header-meta":"","header-above-stick-meta":"","header-main-stick-meta":"","header-below-stick-meta":"","astra-migrate-meta-layouts":"default","ast-page-background-enabled":"default","ast-page-background-meta":{"desktop":{"background-color":"var(--ast-global-color-4)","background-image":"","background-repeat":"repeat","background-position":"center center","background-size":"auto","background-attachment":"scroll","background-type":"","background-media":"","overlay-type":"","overlay-color":"","overlay-opacity":"","overlay-gradient":""},"tablet":{"background-color":"","background-image":"","background-repeat":"repeat","background-position":"center center","background-size":"auto","background-attachment":"scroll","background-type":"","background-media":"","overlay-type":"","overlay-color":"","overlay-opacity":"","overlay-gradient":""},"mobile":{"background-color":"","background-image":"","background-repeat":"repeat","background-position":"center center","background-size":"auto","background-attachment":"scroll","background-type":"","background-media":"","overlay-type":"","overlay-color":"","overlay-opacity":"","overlay-gradient":""}},"ast-content-background-meta":{"desktop":{"background-color":"var(--ast-global-color-5)","background-image":"","background-repeat":"repeat","background-position":"center center","background-size":"auto","background-attachment":"scroll","background-type":"","background-media":"","overlay-type":"","overlay-color":"","overlay-opacity":"","overlay-gradient":""},"tablet":{"background-color":"var(--ast-global-color-5)","background-image":"","background-repeat":"repeat","background-position":"center center","background-size":"auto","background-attachment":"scroll","background-type":"","background-media":"","overlay-type":"","overlay-color":"","overlay-opacity":"","overlay-gradient":""},"mobile":{"background-color":"var(--ast-global-color-5)","background-image":"","background-repeat":"repeat","background-position":"center center","background-size":"auto","background-attachment":"scroll","background-type":"","background-media":"","overlay-type":"","overlay-color":"","overlay-opacity":"","overlay-gradient":""}}},"product_brand":[],"product_cat":[318],"product_tag":[],"berocket_brand":[],"class_list":{"0":"post-13355","1":"product","2":"type-product","3":"status-publish","4":"has-post-thumbnail","6":"product_cat-komplekti-sejai","7":"desktop-align-left","8":"tablet-align-left","9":"mobile-align-left","11":"first","12":"outofstock","13":"taxable","14":"shipping-taxable","15":"purchasable","16":"product-type-simple","17":"add-to-wishlist-before_image"},"yoast_head":"<!-- This site is optimized with the Yoast SEO plugin v27.1.1 - https:\/\/yoast.com\/product\/yoast-seo-wordpress\/ -->\n<title>Some By Mi AHA-BHA-PHA 30 Days Miracle Travel Kit - FACECORNER<\/title>\n<meta name=\"description\" content=\"Some By Mi AHA-BHA-PHA 30 Days Miracle Travel Kit Tr\u012bspak\u0101pju risin\u0101jums, kas satur efekt\u012bvas sast\u0101vda\u013cas, lai \u0101rst\u0113tu kairin\u0101tu un problem\u0101tisku \u0101du.\" \/>\n<meta name=\"robots\" content=\"index, follow, max-snippet:-1, max-image-preview:large, max-video-preview:-1\" \/>\n<link rel=\"canonical\" href=\"https:\/\/www.facecorner.lv\/en\/shop\/some-by-mi-aha-bha-pha-30-days-miracle-travel-kit\/\" \/>\n<meta property=\"og:locale\" content=\"en_US\" \/>\n<meta property=\"og:type\" content=\"article\" \/>\n<meta property=\"og:title\" content=\"Some By Mi AHA-BHA-PHA 30 Days Miracle Travel Kit - FACECORNER\" \/>\n<meta property=\"og:description\" content=\"Some By Mi AHA-BHA-PHA 30 Days Miracle Travel Kit Tr\u012bspak\u0101pju risin\u0101jums, kas satur efekt\u012bvas sast\u0101vda\u013cas, lai \u0101rst\u0113tu kairin\u0101tu un problem\u0101tisku \u0101du.\" \/>\n<meta property=\"og:url\" content=\"https:\/\/www.facecorner.lv\/en\/shop\/some-by-mi-aha-bha-pha-30-days-miracle-travel-kit\/\" \/>\n<meta property=\"og:site_name\" content=\"FACECORNER\" \/>\n<meta property=\"article:publisher\" content=\"https:\/\/www.facebook.com\/profile.php?id=100063824551839\" \/>\n<meta property=\"article:modified_time\" content=\"2024-11-18T07:39:08+00:00\" \/>\n<meta property=\"og:image\" content=\"https:\/\/www.facecorner.lv\/wp-content\/uploads\/2023\/12\/5f0efd7cae5c6ffdb7a8691beb9d2a26.webp\" \/>\n\t<meta property=\"og:image:width\" content=\"600\" \/>\n\t<meta property=\"og:image:height\" content=\"600\" \/>\n\t<meta property=\"og:image:type\" content=\"image\/webp\" \/>\n<meta name=\"twitter:card\" content=\"summary_large_image\" \/>\n<meta name=\"twitter:label1\" content=\"Price\" \/>\n\t<meta name=\"twitter:data1\" content=\"&euro;20.00\" \/>\n\t<meta name=\"twitter:label2\" content=\"Availability\" \/>\n\t<meta name=\"twitter:data2\" content=\"Out of stock\" \/>\n<script type=\"application\/ld+json\" class=\"yoast-schema-graph\">{\"@context\":\"https:\/\/schema.org\",\"@graph\":[{\"@type\":\"WebPage\",\"@id\":\"https:\/\/www.facecorner.lv\/shop\/some-by-mi-aha-bha-pha-30-days-miracle-travel-kit\/\",\"url\":\"https:\/\/www.facecorner.lv\/shop\/some-by-mi-aha-bha-pha-30-days-miracle-travel-kit\/\",\"name\":\"Some By Mi AHA-BHA-PHA 30 Days Miracle Travel Kit - FACECORNER\",\"isPartOf\":{\"@id\":\"https:\/\/www.facecorner.lv\/#website\"},\"primaryImageOfPage\":{\"@id\":\"https:\/\/www.facecorner.lv\/shop\/some-by-mi-aha-bha-pha-30-days-miracle-travel-kit\/#primaryimage\"},\"image\":{\"@id\":\"https:\/\/www.facecorner.lv\/shop\/some-by-mi-aha-bha-pha-30-days-miracle-travel-kit\/#primaryimage\"},\"thumbnailUrl\":\"https:\/\/www.facecorner.lv\/wp-content\/uploads\/2023\/12\/5f0efd7cae5c6ffdb7a8691beb9d2a26.webp\",\"datePublished\":\"2023-12-10T16:30:51+00:00\",\"dateModified\":\"2024-11-18T07:39:08+00:00\",\"description\":\"Some By Mi AHA-BHA-PHA 30 Days Miracle Travel Kit Tr\u012bspak\u0101pju risin\u0101jums, kas satur efekt\u012bvas sast\u0101vda\u013cas, lai \u0101rst\u0113tu kairin\u0101tu un problem\u0101tisku \u0101du.\",\"breadcrumb\":{\"@id\":\"https:\/\/www.facecorner.lv\/shop\/some-by-mi-aha-bha-pha-30-days-miracle-travel-kit\/#breadcrumb\"},\"inLanguage\":\"en-US\",\"potentialAction\":[{\"@type\":\"ReadAction\",\"target\":[\"https:\/\/www.facecorner.lv\/shop\/some-by-mi-aha-bha-pha-30-days-miracle-travel-kit\/\"]}]},{\"@type\":\"ImageObject\",\"inLanguage\":\"en-US\",\"@id\":\"https:\/\/www.facecorner.lv\/shop\/some-by-mi-aha-bha-pha-30-days-miracle-travel-kit\/#primaryimage\",\"url\":\"https:\/\/www.facecorner.lv\/wp-content\/uploads\/2023\/12\/5f0efd7cae5c6ffdb7a8691beb9d2a26.webp\",\"contentUrl\":\"https:\/\/www.facecorner.lv\/wp-content\/uploads\/2023\/12\/5f0efd7cae5c6ffdb7a8691beb9d2a26.webp\",\"width\":600,\"height\":600,\"caption\":\"Some By Mi AHA-BHA-PHA 30 Days Miracle Travel Kit\"},{\"@type\":\"BreadcrumbList\",\"@id\":\"https:\/\/www.facecorner.lv\/shop\/some-by-mi-aha-bha-pha-30-days-miracle-travel-kit\/#breadcrumb\",\"itemListElement\":[{\"@type\":\"ListItem\",\"position\":1,\"name\":\"Home\",\"item\":\"https:\/\/www.facecorner.lv\/\"},{\"@type\":\"ListItem\",\"position\":2,\"name\":\"Veikals\",\"item\":\"https:\/\/www.facecorner.lv\/shop\/\"},{\"@type\":\"ListItem\",\"position\":3,\"name\":\"Some By Mi AHA-BHA-PHA 30 Days Miracle Travel Kit\"}]},{\"@type\":\"WebSite\",\"@id\":\"https:\/\/www.facecorner.lv\/#website\",\"url\":\"https:\/\/www.facecorner.lv\/\",\"name\":\"Facecorner\",\"description\":\"\",\"publisher\":{\"@id\":\"https:\/\/www.facecorner.lv\/#organization\"},\"potentialAction\":[{\"@type\":\"SearchAction\",\"target\":{\"@type\":\"EntryPoint\",\"urlTemplate\":\"https:\/\/www.facecorner.lv\/?s={search_term_string}\"},\"query-input\":{\"@type\":\"PropertyValueSpecification\",\"valueRequired\":true,\"valueName\":\"search_term_string\"}}],\"inLanguage\":\"en-US\"},{\"@type\":\"Organization\",\"@id\":\"https:\/\/www.facecorner.lv\/#organization\",\"name\":\"Facecorner\",\"url\":\"https:\/\/www.facecorner.lv\/\",\"logo\":{\"@type\":\"ImageObject\",\"inLanguage\":\"en-US\",\"@id\":\"https:\/\/www.facecorner.lv\/#\/schema\/logo\/image\/\",\"url\":\"https:\/\/www.facecorner.lv\/wp-content\/uploads\/2024\/04\/fc-logo.jpg\",\"contentUrl\":\"https:\/\/www.facecorner.lv\/wp-content\/uploads\/2024\/04\/fc-logo.jpg\",\"width\":174,\"height\":28,\"caption\":\"Facecorner\"},\"image\":{\"@id\":\"https:\/\/www.facecorner.lv\/#\/schema\/logo\/image\/\"},\"sameAs\":[\"https:\/\/www.facebook.com\/profile.php?id=100063824551839\",\"https:\/\/www.instagram.com\/facecorner_shop\/\"]}]}<\/script>\n<meta property=\"product:price:amount\" content=\"20.00\" \/>\n<meta property=\"product:price:currency\" content=\"EUR\" \/>\n<meta property=\"og:availability\" content=\"out of stock\" \/>\n<meta property=\"product:availability\" content=\"out of stock\" \/>\n<meta property=\"product:condition\" content=\"new\" \/>\n<!-- \/ Yoast SEO plugin. -->","yoast_head_json":{"title":"Some By Mi AHA-BHA-PHA 30 Days Miracle Travel Kit - FACECORNER","description":"Some By Mi AHA-BHA-PHA 30 Days Miracle Travel Kit Tr\u012bspak\u0101pju risin\u0101jums, kas satur efekt\u012bvas sast\u0101vda\u013cas, lai \u0101rst\u0113tu kairin\u0101tu un problem\u0101tisku \u0101du.","robots":{"index":"index","follow":"follow","max-snippet":"max-snippet:-1","max-image-preview":"max-image-preview:large","max-video-preview":"max-video-preview:-1"},"canonical":"https:\/\/www.facecorner.lv\/en\/shop\/some-by-mi-aha-bha-pha-30-days-miracle-travel-kit\/","og_locale":"en_US","og_type":"article","og_title":"Some By Mi AHA-BHA-PHA 30 Days Miracle Travel Kit - FACECORNER","og_description":"Some By Mi AHA-BHA-PHA 30 Days Miracle Travel Kit Tr\u012bspak\u0101pju risin\u0101jums, kas satur efekt\u012bvas sast\u0101vda\u013cas, lai \u0101rst\u0113tu kairin\u0101tu un problem\u0101tisku \u0101du.","og_url":"https:\/\/www.facecorner.lv\/en\/shop\/some-by-mi-aha-bha-pha-30-days-miracle-travel-kit\/","og_site_name":"FACECORNER","article_publisher":"https:\/\/www.facebook.com\/profile.php?id=100063824551839","article_modified_time":"2024-11-18T07:39:08+00:00","og_image":[{"width":600,"height":600,"url":"https:\/\/www.facecorner.lv\/wp-content\/uploads\/2023\/12\/5f0efd7cae5c6ffdb7a8691beb9d2a26.webp","type":"image\/webp"}],"twitter_card":"summary_large_image","twitter_misc":{"Price":"&euro;20.00","Availability":"Out of stock"},"schema":{"@context":"https:\/\/schema.org","@graph":[{"@type":"WebPage","@id":"https:\/\/www.facecorner.lv\/shop\/some-by-mi-aha-bha-pha-30-days-miracle-travel-kit\/","url":"https:\/\/www.facecorner.lv\/shop\/some-by-mi-aha-bha-pha-30-days-miracle-travel-kit\/","name":"Some By Mi AHA-BHA-PHA 30 Days Miracle Travel Kit - FACECORNER","isPartOf":{"@id":"https:\/\/www.facecorner.lv\/#website"},"primaryImageOfPage":{"@id":"https:\/\/www.facecorner.lv\/shop\/some-by-mi-aha-bha-pha-30-days-miracle-travel-kit\/#primaryimage"},"image":{"@id":"https:\/\/www.facecorner.lv\/shop\/some-by-mi-aha-bha-pha-30-days-miracle-travel-kit\/#primaryimage"},"thumbnailUrl":"https:\/\/www.facecorner.lv\/wp-content\/uploads\/2023\/12\/5f0efd7cae5c6ffdb7a8691beb9d2a26.webp","datePublished":"2023-12-10T16:30:51+00:00","dateModified":"2024-11-18T07:39:08+00:00","description":"Some By Mi AHA-BHA-PHA 30 Days Miracle Travel Kit Tr\u012bspak\u0101pju risin\u0101jums, kas satur efekt\u012bvas sast\u0101vda\u013cas, lai \u0101rst\u0113tu kairin\u0101tu un problem\u0101tisku \u0101du.","breadcrumb":{"@id":"https:\/\/www.facecorner.lv\/shop\/some-by-mi-aha-bha-pha-30-days-miracle-travel-kit\/#breadcrumb"},"inLanguage":"en-US","potentialAction":[{"@type":"ReadAction","target":["https:\/\/www.facecorner.lv\/shop\/some-by-mi-aha-bha-pha-30-days-miracle-travel-kit\/"]}]},{"@type":"ImageObject","inLanguage":"en-US","@id":"https:\/\/www.facecorner.lv\/shop\/some-by-mi-aha-bha-pha-30-days-miracle-travel-kit\/#primaryimage","url":"https:\/\/www.facecorner.lv\/wp-content\/uploads\/2023\/12\/5f0efd7cae5c6ffdb7a8691beb9d2a26.webp","contentUrl":"https:\/\/www.facecorner.lv\/wp-content\/uploads\/2023\/12\/5f0efd7cae5c6ffdb7a8691beb9d2a26.webp","width":600,"height":600,"caption":"Some By Mi AHA-BHA-PHA 30 Days Miracle Travel Kit"},{"@type":"BreadcrumbList","@id":"https:\/\/www.facecorner.lv\/shop\/some-by-mi-aha-bha-pha-30-days-miracle-travel-kit\/#breadcrumb","itemListElement":[{"@type":"ListItem","position":1,"name":"Home","item":"https:\/\/www.facecorner.lv\/"},{"@type":"ListItem","position":2,"name":"Veikals","item":"https:\/\/www.facecorner.lv\/shop\/"},{"@type":"ListItem","position":3,"name":"Some By Mi AHA-BHA-PHA 30 Days Miracle Travel Kit"}]},{"@type":"WebSite","@id":"https:\/\/www.facecorner.lv\/#website","url":"https:\/\/www.facecorner.lv\/","name":"Facecorner","description":"","publisher":{"@id":"https:\/\/www.facecorner.lv\/#organization"},"potentialAction":[{"@type":"SearchAction","target":{"@type":"EntryPoint","urlTemplate":"https:\/\/www.facecorner.lv\/?s={search_term_string}"},"query-input":{"@type":"PropertyValueSpecification","valueRequired":true,"valueName":"search_term_string"}}],"inLanguage":"en-US"},{"@type":"Organization","@id":"https:\/\/www.facecorner.lv\/#organization","name":"Facecorner","url":"https:\/\/www.facecorner.lv\/","logo":{"@type":"ImageObject","inLanguage":"en-US","@id":"https:\/\/www.facecorner.lv\/#\/schema\/logo\/image\/","url":"https:\/\/www.facecorner.lv\/wp-content\/uploads\/2024\/04\/fc-logo.jpg","contentUrl":"https:\/\/www.facecorner.lv\/wp-content\/uploads\/2024\/04\/fc-logo.jpg","width":174,"height":28,"caption":"Facecorner"},"image":{"@id":"https:\/\/www.facecorner.lv\/#\/schema\/logo\/image\/"},"sameAs":["https:\/\/www.facebook.com\/profile.php?id=100063824551839","https:\/\/www.instagram.com\/facecorner_shop\/"]}]},"product_price_amount":"20.00","product_price_currency":"EUR","og_availability":"out of stock","product_availability":"out of stock","product_condition":"new"},"_links":{"self":[{"href":"https:\/\/www.facecorner.lv\/en\/wp-json\/wp\/v2\/product\/13355","targetHints":{"allow":["GET"]}}],"collection":[{"href":"https:\/\/www.facecorner.lv\/en\/wp-json\/wp\/v2\/product"}],"about":[{"href":"https:\/\/www.facecorner.lv\/en\/wp-json\/wp\/v2\/types\/product"}],"replies":[{"embeddable":true,"href":"https:\/\/www.facecorner.lv\/en\/wp-json\/wp\/v2\/comments?post=13355"}],"wp:featuredmedia":[{"embeddable":true,"href":"https:\/\/www.facecorner.lv\/en\/wp-json\/wp\/v2\/media\/13356"}],"wp:attachment":[{"href":"https:\/\/www.facecorner.lv\/en\/wp-json\/wp\/v2\/media?parent=13355"}],"wp:term":[{"taxonomy":"product_brand","embeddable":true,"href":"https:\/\/www.facecorner.lv\/en\/wp-json\/wp\/v2\/product_brand?post=13355"},{"taxonomy":"product_cat","embeddable":true,"href":"https:\/\/www.facecorner.lv\/en\/wp-json\/wp\/v2\/product_cat?post=13355"},{"taxonomy":"product_tag","embeddable":true,"href":"https:\/\/www.facecorner.lv\/en\/wp-json\/wp\/v2\/product_tag?post=13355"},{"taxonomy":"berocket_brand","embeddable":true,"href":"https:\/\/www.facecorner.lv\/en\/wp-json\/wp\/v2\/berocket_brand?post=13355"}],"curies":[{"name":"wp","href":"https:\/\/api.w.org\/{rel}","templated":true}]}}