{"id":13346,"date":"2023-12-10T18:10:28","date_gmt":"2023-12-10T16:10:28","guid":{"rendered":"https:\/\/www.facecorner.lv\/?post_type=product&#038;p=13346"},"modified":"2025-09-19T11:57:15","modified_gmt":"2025-09-19T08:57:15","slug":"axis-y-daily-purifying-treatment-toner-200-ml","status":"publish","type":"product","link":"https:\/\/www.facecorner.lv\/en\/shop\/axis-y-daily-purifying-treatment-toner-200-ml\/","title":{"rendered":"Axis-Y Daily Purifying Treatment Toner 200 ml"},"content":{"rendered":"<p>Axis-Y Daily Purifying Treatment Toner ir toniks ar 0,5% BHA sk\u0101bi, t\u0113jas koku un centella asiatica. BHA sk\u0101be pal\u012bdz maigi nolob\u012bt, no\u0146emt atmiru\u0161\u0101s \u0101das \u0161\u016bnas un iedarbojas dzi\u013ci por\u0101s, lai efekt\u012bvi att\u012br\u012btu un iz\u0161\u0137\u012bdin\u0101tu net\u012brumus, k\u0101 ar\u012b savelk poras un kontrol\u0113 lieko sebumu, uzlabojot \u0101das tekst\u016bru un nov\u0113r\u0161ot izsitumus.<\/p>\n<p>Turkl\u0101t t\u0113jas koks un Centella Asiatica nomierina aps\u0101rtumu un kairin\u0101jumu, kontrol\u0113 sebuma veido\u0161anos un nodro\u0161ina mitrin\u0101\u0161anu, atst\u0101jot jums gai\u0161\u0101ku, vesel\u012bg\u0101ku sejas kr\u0101su.<\/p>\n<p><strong>Piem\u0113rots visiem \u0101das tipiem, pat visjut\u012bg\u0101kajai.<\/strong><\/p>\n<p>Tonerim Axis-Y Daily Purifying Treatment ir maiga p\u012blinga iedarb\u012bba, kas no\u0146em keratiniz\u0113t\u0101s da\u013ci\u0146as, lieko sebumu un citus net\u012brumus no epidermas virsmas, dzi\u013ci att\u012bra poras un tam piem\u012bt sebuma regul\u0113jo\u0161a iedarb\u012bba, nomierina un pal\u012bdz \u0101tri mazin\u0101t kairin\u0101jumu un iekaisumu. Produkts pies\u0101tina \u0101du ar mitrumu, pal\u012bdzot normaliz\u0113t hidrobalansu, m\u012bkstina un izl\u012bdzina mikroreljefu, un p\u0113c uzkl\u0101\u0161anas atst\u0101j pat\u012bkamu svaiguma saj\u016btu.<\/p>\n<p><strong>How to use:<\/strong> p\u0113c t\u012br\u012b\u0161anas uzkl\u0101jiet toniku uz sejas (izvairoties no ac\u012bm), izmantojot vates spilventi\u0146u vai pirkstu galus. Ar viegl\u0101m gl\u0101sto\u0161\u0101m kust\u012bb\u0101m \u201cievadiet\u201d toniku sejas \u0101d\u0101.<\/p>\n<p><strong>Ingredientes:<\/strong> Water, Centella Asiatica Extract, Aloe Barbadensis Leaf Water, Butylene Glycol, Alcohol, Sodium Hyaluronate, Melaleuca Alternifolia (Tea Tree Extract), Sorbitan Sesquioleate, Vaccinium Myrtillus Fruit Extract, Saccharum Officinatum (Sugar Cane) Extract, Acer Saccharum (Sugar Maple) Extract, Citrus Aurantium Dulcis (Orange) Fruit Extract, Citrus Medica Limonum (Lemon) Fruit Extract, Betaine, Salicylic Acid, Salvia Officinalis (Sage) Extract, Houttuynia Cordata Extract, Hieracium Pilosella Extract, Illicium Verum (Anise) Fruit Extract, Citrus Paradisi (Grapefruit) Fruit Extract, Nelumbium Speciosum Flower Extract, Paeonia Suffruticose Root Extract, Scutellaria Baicalensis Root Extract, PEG-60 Hydrogenated Castor Oil, Chlorphenesin, Ethylhexylglycerin, Sodium Citrate, Gluconolactone, Arginine, Rheum Palmatum Root Extract, Artemisis Princeps Leaf Extract, Panax Ginseng Extract, Carbomer, Dimethly Sulfone, Lavandula Angustifolia (Lavender) Oil, Melaleuca Alternifolia (Tea Tree) Leaf Oil<\/p>","protected":false},"excerpt":{"rendered":"<p>Axis-Y Daily Purifying Treatment Toner ir toniks ar 0,5% BHA sk\u0101bi, t\u0113jas koku un centella asiatica. BHA sk\u0101be pal\u012bdz maigi nolob\u012bt, no\u0146emt atmiru\u0161\u0101s \u0101das \u0161\u016bnas un iedarbojas dzi\u013ci por\u0101s, lai efekt\u012bvi att\u012br\u012btu un iz\u0161\u0137\u012bdin\u0101tu net\u012brumus, k\u0101 ar\u012b savelk poras un kontrol\u0113 lieko sebumu, uzlabojot \u0101das tekst\u016bru un nov\u0113r\u0161ot izsitumus. Turkl\u0101t t\u0113jas koks un Centella Asiatica [&hellip;]<\/p>\n","protected":false},"featured_media":13347,"comment_status":"open","ping_status":"closed","template":"","meta":{"site-sidebar-layout":"default","site-content-layout":"","ast-site-content-layout":"","site-content-style":"default","site-sidebar-style":"default","ast-global-header-display":"","ast-banner-title-visibility":"","ast-main-header-display":"","ast-hfb-above-header-display":"","ast-hfb-below-header-display":"","ast-hfb-mobile-header-display":"","site-post-title":"","ast-breadcrumbs-content":"","ast-featured-img":"","footer-sml-layout":"","theme-transparent-header-meta":"","adv-header-id-meta":"","stick-header-meta":"","header-above-stick-meta":"","header-main-stick-meta":"","header-below-stick-meta":"","astra-migrate-meta-layouts":"default","ast-page-background-enabled":"default","ast-page-background-meta":{"desktop":{"background-color":"var(--ast-global-color-4)","background-image":"","background-repeat":"repeat","background-position":"center center","background-size":"auto","background-attachment":"scroll","background-type":"","background-media":"","overlay-type":"","overlay-color":"","overlay-opacity":"","overlay-gradient":""},"tablet":{"background-color":"","background-image":"","background-repeat":"repeat","background-position":"center center","background-size":"auto","background-attachment":"scroll","background-type":"","background-media":"","overlay-type":"","overlay-color":"","overlay-opacity":"","overlay-gradient":""},"mobile":{"background-color":"","background-image":"","background-repeat":"repeat","background-position":"center center","background-size":"auto","background-attachment":"scroll","background-type":"","background-media":"","overlay-type":"","overlay-color":"","overlay-opacity":"","overlay-gradient":""}},"ast-content-background-meta":{"desktop":{"background-color":"var(--ast-global-color-5)","background-image":"","background-repeat":"repeat","background-position":"center center","background-size":"auto","background-attachment":"scroll","background-type":"","background-media":"","overlay-type":"","overlay-color":"","overlay-opacity":"","overlay-gradient":""},"tablet":{"background-color":"var(--ast-global-color-5)","background-image":"","background-repeat":"repeat","background-position":"center center","background-size":"auto","background-attachment":"scroll","background-type":"","background-media":"","overlay-type":"","overlay-color":"","overlay-opacity":"","overlay-gradient":""},"mobile":{"background-color":"var(--ast-global-color-5)","background-image":"","background-repeat":"repeat","background-position":"center center","background-size":"auto","background-attachment":"scroll","background-type":"","background-media":"","overlay-type":"","overlay-color":"","overlay-opacity":"","overlay-gradient":""}}},"product_brand":[],"product_cat":[375,377,364,376],"product_tag":[],"berocket_brand":[577],"class_list":{"0":"post-13346","1":"product","2":"type-product","3":"status-publish","4":"has-post-thumbnail","6":"product_cat-jutigai-adai-toneri","7":"product_cat-problematiskai-adai-toneri","8":"product_cat-toneri","9":"product_cat-kombinetai-adai-toneri","10":"berocket_brand-axis-y","11":"desktop-align-left","12":"tablet-align-left","13":"mobile-align-left","15":"first","16":"outofstock","17":"taxable","18":"shipping-taxable","19":"purchasable","20":"product-type-simple","21":"add-to-wishlist-before_image"},"yoast_head":"<!-- This site is optimized with the Yoast SEO plugin v27.3 - https:\/\/yoast.com\/product\/yoast-seo-wordpress\/ -->\n<title>Axis-Y Daily Purifying Treatment Toner 200 ml - FACECORNER<\/title>\n<meta name=\"robots\" content=\"index, follow, max-snippet:-1, max-image-preview:large, max-video-preview:-1\" \/>\n<link rel=\"canonical\" href=\"https:\/\/www.facecorner.lv\/en\/shop\/axis-y-daily-purifying-treatment-toner-200-ml\/\" \/>\n<meta property=\"og:locale\" content=\"en_US\" \/>\n<meta property=\"og:type\" content=\"article\" \/>\n<meta property=\"og:title\" content=\"Axis-Y Daily Purifying Treatment Toner 200 ml - FACECORNER\" \/>\n<meta property=\"og:description\" content=\"Axis-Y Daily Purifying Treatment Toner ir toniks ar 0,5% BHA sk\u0101bi, t\u0113jas koku un centella asiatica. BHA sk\u0101be pal\u012bdz maigi nolob\u012bt, no\u0146emt atmiru\u0161\u0101s \u0101das \u0161\u016bnas un iedarbojas dzi\u013ci por\u0101s, lai efekt\u012bvi att\u012br\u012btu un iz\u0161\u0137\u012bdin\u0101tu net\u012brumus, k\u0101 ar\u012b savelk poras un kontrol\u0113 lieko sebumu, uzlabojot \u0101das tekst\u016bru un nov\u0113r\u0161ot izsitumus. Turkl\u0101t t\u0113jas koks un Centella Asiatica [&hellip;]\" \/>\n<meta property=\"og:url\" content=\"https:\/\/www.facecorner.lv\/en\/shop\/axis-y-daily-purifying-treatment-toner-200-ml\/\" \/>\n<meta property=\"og:site_name\" content=\"FACECORNER\" \/>\n<meta property=\"article:publisher\" content=\"https:\/\/www.facebook.com\/profile.php?id=100063824551839\" \/>\n<meta property=\"article:modified_time\" content=\"2025-09-19T08:57:15+00:00\" \/>\n<meta property=\"og:image\" content=\"https:\/\/www.facecorner.lv\/wp-content\/uploads\/2023\/12\/images643d069ce7816.png.webp\" \/>\n\t<meta property=\"og:image:width\" content=\"1024\" \/>\n\t<meta property=\"og:image:height\" content=\"1024\" \/>\n\t<meta property=\"og:image:type\" content=\"image\/webp\" \/>\n<meta name=\"twitter:card\" content=\"summary_large_image\" \/>\n<meta name=\"twitter:label1\" content=\"Price\" \/>\n\t<meta name=\"twitter:data1\" content=\"&euro;22.00\" \/>\n\t<meta name=\"twitter:label2\" content=\"Availability\" \/>\n\t<meta name=\"twitter:data2\" content=\"Out of stock\" \/>\n<script type=\"application\/ld+json\" class=\"yoast-schema-graph\">{\"@context\":\"https:\\\/\\\/schema.org\",\"@graph\":[{\"@type\":\"WebPage\",\"@id\":\"https:\\\/\\\/www.facecorner.lv\\\/shop\\\/axis-y-daily-purifying-treatment-toner-200-ml\\\/\",\"url\":\"https:\\\/\\\/www.facecorner.lv\\\/shop\\\/axis-y-daily-purifying-treatment-toner-200-ml\\\/\",\"name\":\"Axis-Y Daily Purifying Treatment Toner 200 ml - FACECORNER\",\"isPartOf\":{\"@id\":\"https:\\\/\\\/www.facecorner.lv\\\/#website\"},\"primaryImageOfPage\":{\"@id\":\"https:\\\/\\\/www.facecorner.lv\\\/shop\\\/axis-y-daily-purifying-treatment-toner-200-ml\\\/#primaryimage\"},\"image\":{\"@id\":\"https:\\\/\\\/www.facecorner.lv\\\/shop\\\/axis-y-daily-purifying-treatment-toner-200-ml\\\/#primaryimage\"},\"thumbnailUrl\":\"https:\\\/\\\/www.facecorner.lv\\\/wp-content\\\/uploads\\\/2023\\\/12\\\/images643d069ce7816.png.webp\",\"datePublished\":\"2023-12-10T16:10:28+00:00\",\"dateModified\":\"2025-09-19T08:57:15+00:00\",\"breadcrumb\":{\"@id\":\"https:\\\/\\\/www.facecorner.lv\\\/shop\\\/axis-y-daily-purifying-treatment-toner-200-ml\\\/#breadcrumb\"},\"inLanguage\":\"en-US\",\"potentialAction\":[{\"@type\":\"ReadAction\",\"target\":[\"https:\\\/\\\/www.facecorner.lv\\\/shop\\\/axis-y-daily-purifying-treatment-toner-200-ml\\\/\"]}]},{\"@type\":\"ImageObject\",\"inLanguage\":\"en-US\",\"@id\":\"https:\\\/\\\/www.facecorner.lv\\\/shop\\\/axis-y-daily-purifying-treatment-toner-200-ml\\\/#primaryimage\",\"url\":\"https:\\\/\\\/www.facecorner.lv\\\/wp-content\\\/uploads\\\/2023\\\/12\\\/images643d069ce7816.png.webp\",\"contentUrl\":\"https:\\\/\\\/www.facecorner.lv\\\/wp-content\\\/uploads\\\/2023\\\/12\\\/images643d069ce7816.png.webp\",\"width\":1024,\"height\":1024},{\"@type\":\"BreadcrumbList\",\"@id\":\"https:\\\/\\\/www.facecorner.lv\\\/shop\\\/axis-y-daily-purifying-treatment-toner-200-ml\\\/#breadcrumb\",\"itemListElement\":[{\"@type\":\"ListItem\",\"position\":1,\"name\":\"Home\",\"item\":\"https:\\\/\\\/www.facecorner.lv\\\/\"},{\"@type\":\"ListItem\",\"position\":2,\"name\":\"Veikals\",\"item\":\"https:\\\/\\\/www.facecorner.lv\\\/shop\\\/\"},{\"@type\":\"ListItem\",\"position\":3,\"name\":\"Axis-Y Daily Purifying Treatment Toner 200 ml\"}]},{\"@type\":\"WebSite\",\"@id\":\"https:\\\/\\\/www.facecorner.lv\\\/#website\",\"url\":\"https:\\\/\\\/www.facecorner.lv\\\/\",\"name\":\"Facecorner\",\"description\":\"\",\"publisher\":{\"@id\":\"https:\\\/\\\/www.facecorner.lv\\\/#organization\"},\"potentialAction\":[{\"@type\":\"SearchAction\",\"target\":{\"@type\":\"EntryPoint\",\"urlTemplate\":\"https:\\\/\\\/www.facecorner.lv\\\/?s={search_term_string}\"},\"query-input\":{\"@type\":\"PropertyValueSpecification\",\"valueRequired\":true,\"valueName\":\"search_term_string\"}}],\"inLanguage\":\"en-US\"},{\"@type\":\"Organization\",\"@id\":\"https:\\\/\\\/www.facecorner.lv\\\/#organization\",\"name\":\"Facecorner\",\"url\":\"https:\\\/\\\/www.facecorner.lv\\\/\",\"logo\":{\"@type\":\"ImageObject\",\"inLanguage\":\"en-US\",\"@id\":\"https:\\\/\\\/www.facecorner.lv\\\/#\\\/schema\\\/logo\\\/image\\\/\",\"url\":\"https:\\\/\\\/www.facecorner.lv\\\/wp-content\\\/uploads\\\/2024\\\/04\\\/fc-logo.jpg\",\"contentUrl\":\"https:\\\/\\\/www.facecorner.lv\\\/wp-content\\\/uploads\\\/2024\\\/04\\\/fc-logo.jpg\",\"width\":174,\"height\":28,\"caption\":\"Facecorner\"},\"image\":{\"@id\":\"https:\\\/\\\/www.facecorner.lv\\\/#\\\/schema\\\/logo\\\/image\\\/\"},\"sameAs\":[\"https:\\\/\\\/www.facebook.com\\\/profile.php?id=100063824551839\",\"https:\\\/\\\/www.instagram.com\\\/facecorner_shop\\\/\"]}]}<\/script>\n<meta property=\"product:price:amount\" content=\"22.00\" \/>\n<meta property=\"product:price:currency\" content=\"EUR\" \/>\n<meta property=\"og:availability\" content=\"out of stock\" \/>\n<meta property=\"product:availability\" content=\"out of stock\" \/>\n<meta property=\"product:condition\" content=\"new\" \/>\n<!-- \/ Yoast SEO plugin. -->","yoast_head_json":{"title":"Axis-Y Daily Purifying Treatment Toner 200 ml - FACECORNER","robots":{"index":"index","follow":"follow","max-snippet":"max-snippet:-1","max-image-preview":"max-image-preview:large","max-video-preview":"max-video-preview:-1"},"canonical":"https:\/\/www.facecorner.lv\/en\/shop\/axis-y-daily-purifying-treatment-toner-200-ml\/","og_locale":"en_US","og_type":"article","og_title":"Axis-Y Daily Purifying Treatment Toner 200 ml - FACECORNER","og_description":"Axis-Y Daily Purifying Treatment Toner ir toniks ar 0,5% BHA sk\u0101bi, t\u0113jas koku un centella asiatica. BHA sk\u0101be pal\u012bdz maigi nolob\u012bt, no\u0146emt atmiru\u0161\u0101s \u0101das \u0161\u016bnas un iedarbojas dzi\u013ci por\u0101s, lai efekt\u012bvi att\u012br\u012btu un iz\u0161\u0137\u012bdin\u0101tu net\u012brumus, k\u0101 ar\u012b savelk poras un kontrol\u0113 lieko sebumu, uzlabojot \u0101das tekst\u016bru un nov\u0113r\u0161ot izsitumus. Turkl\u0101t t\u0113jas koks un Centella Asiatica [&hellip;]","og_url":"https:\/\/www.facecorner.lv\/en\/shop\/axis-y-daily-purifying-treatment-toner-200-ml\/","og_site_name":"FACECORNER","article_publisher":"https:\/\/www.facebook.com\/profile.php?id=100063824551839","article_modified_time":"2025-09-19T08:57:15+00:00","og_image":[{"width":1024,"height":1024,"url":"https:\/\/www.facecorner.lv\/wp-content\/uploads\/2023\/12\/images643d069ce7816.png.webp","type":"image\/webp"}],"twitter_card":"summary_large_image","twitter_misc":{"Price":"&euro;22.00","Availability":"Out of stock"},"schema":{"@context":"https:\/\/schema.org","@graph":[{"@type":"WebPage","@id":"https:\/\/www.facecorner.lv\/shop\/axis-y-daily-purifying-treatment-toner-200-ml\/","url":"https:\/\/www.facecorner.lv\/shop\/axis-y-daily-purifying-treatment-toner-200-ml\/","name":"Axis-Y Daily Purifying Treatment Toner 200 ml - FACECORNER","isPartOf":{"@id":"https:\/\/www.facecorner.lv\/#website"},"primaryImageOfPage":{"@id":"https:\/\/www.facecorner.lv\/shop\/axis-y-daily-purifying-treatment-toner-200-ml\/#primaryimage"},"image":{"@id":"https:\/\/www.facecorner.lv\/shop\/axis-y-daily-purifying-treatment-toner-200-ml\/#primaryimage"},"thumbnailUrl":"https:\/\/www.facecorner.lv\/wp-content\/uploads\/2023\/12\/images643d069ce7816.png.webp","datePublished":"2023-12-10T16:10:28+00:00","dateModified":"2025-09-19T08:57:15+00:00","breadcrumb":{"@id":"https:\/\/www.facecorner.lv\/shop\/axis-y-daily-purifying-treatment-toner-200-ml\/#breadcrumb"},"inLanguage":"en-US","potentialAction":[{"@type":"ReadAction","target":["https:\/\/www.facecorner.lv\/shop\/axis-y-daily-purifying-treatment-toner-200-ml\/"]}]},{"@type":"ImageObject","inLanguage":"en-US","@id":"https:\/\/www.facecorner.lv\/shop\/axis-y-daily-purifying-treatment-toner-200-ml\/#primaryimage","url":"https:\/\/www.facecorner.lv\/wp-content\/uploads\/2023\/12\/images643d069ce7816.png.webp","contentUrl":"https:\/\/www.facecorner.lv\/wp-content\/uploads\/2023\/12\/images643d069ce7816.png.webp","width":1024,"height":1024},{"@type":"BreadcrumbList","@id":"https:\/\/www.facecorner.lv\/shop\/axis-y-daily-purifying-treatment-toner-200-ml\/#breadcrumb","itemListElement":[{"@type":"ListItem","position":1,"name":"Home","item":"https:\/\/www.facecorner.lv\/"},{"@type":"ListItem","position":2,"name":"Veikals","item":"https:\/\/www.facecorner.lv\/shop\/"},{"@type":"ListItem","position":3,"name":"Axis-Y Daily Purifying Treatment Toner 200 ml"}]},{"@type":"WebSite","@id":"https:\/\/www.facecorner.lv\/#website","url":"https:\/\/www.facecorner.lv\/","name":"Facecorner","description":"","publisher":{"@id":"https:\/\/www.facecorner.lv\/#organization"},"potentialAction":[{"@type":"SearchAction","target":{"@type":"EntryPoint","urlTemplate":"https:\/\/www.facecorner.lv\/?s={search_term_string}"},"query-input":{"@type":"PropertyValueSpecification","valueRequired":true,"valueName":"search_term_string"}}],"inLanguage":"en-US"},{"@type":"Organization","@id":"https:\/\/www.facecorner.lv\/#organization","name":"Facecorner","url":"https:\/\/www.facecorner.lv\/","logo":{"@type":"ImageObject","inLanguage":"en-US","@id":"https:\/\/www.facecorner.lv\/#\/schema\/logo\/image\/","url":"https:\/\/www.facecorner.lv\/wp-content\/uploads\/2024\/04\/fc-logo.jpg","contentUrl":"https:\/\/www.facecorner.lv\/wp-content\/uploads\/2024\/04\/fc-logo.jpg","width":174,"height":28,"caption":"Facecorner"},"image":{"@id":"https:\/\/www.facecorner.lv\/#\/schema\/logo\/image\/"},"sameAs":["https:\/\/www.facebook.com\/profile.php?id=100063824551839","https:\/\/www.instagram.com\/facecorner_shop\/"]}]},"product_price_amount":"22.00","product_price_currency":"EUR","og_availability":"out of stock","product_availability":"out of stock","product_condition":"new"},"_links":{"self":[{"href":"https:\/\/www.facecorner.lv\/en\/wp-json\/wp\/v2\/product\/13346","targetHints":{"allow":["GET"]}}],"collection":[{"href":"https:\/\/www.facecorner.lv\/en\/wp-json\/wp\/v2\/product"}],"about":[{"href":"https:\/\/www.facecorner.lv\/en\/wp-json\/wp\/v2\/types\/product"}],"replies":[{"embeddable":true,"href":"https:\/\/www.facecorner.lv\/en\/wp-json\/wp\/v2\/comments?post=13346"}],"wp:featuredmedia":[{"embeddable":true,"href":"https:\/\/www.facecorner.lv\/en\/wp-json\/wp\/v2\/media\/13347"}],"wp:attachment":[{"href":"https:\/\/www.facecorner.lv\/en\/wp-json\/wp\/v2\/media?parent=13346"}],"wp:term":[{"taxonomy":"product_brand","embeddable":true,"href":"https:\/\/www.facecorner.lv\/en\/wp-json\/wp\/v2\/product_brand?post=13346"},{"taxonomy":"product_cat","embeddable":true,"href":"https:\/\/www.facecorner.lv\/en\/wp-json\/wp\/v2\/product_cat?post=13346"},{"taxonomy":"product_tag","embeddable":true,"href":"https:\/\/www.facecorner.lv\/en\/wp-json\/wp\/v2\/product_tag?post=13346"},{"taxonomy":"berocket_brand","embeddable":true,"href":"https:\/\/www.facecorner.lv\/en\/wp-json\/wp\/v2\/berocket_brand?post=13346"}],"curies":[{"name":"wp","href":"https:\/\/api.w.org\/{rel}","templated":true}]}}